{"id":1438,"date":"2019-12-10T17:37:16","date_gmt":"2019-12-10T20:37:16","guid":{"rendered":"http:\/\/dinn.ucsc.cl\/?page_id=1438"},"modified":"2024-04-12T16:55:15","modified_gmt":"2024-04-12T20:55:15","slug":"fondo-para-el-trabajo-colaborativo-en-idi","status":"publish","type":"page","link":"https:\/\/dinn.ucsc.cl\/index.php\/fondo-para-el-trabajo-colaborativo-en-idi\/","title":{"rendered":"Fondo para el Trabajo Colaborativo en I+D+i"},"content":{"rendered":"<p><img loading=\"lazy\" class=\"aligncenter wp-image-5746 size-large\" src=\"https:\/\/dinn.ucsc.cl\/wp-content\/uploads\/sites\/14\/2024\/03\/FTC_2024_Banner-1024x255.png\" alt=\"\" width=\"1024\" height=\"255\" srcset=\"https:\/\/dinn.ucsc.cl\/wp-content\/uploads\/sites\/14\/2024\/03\/FTC_2024_Banner-1024x255.png 1024w, https:\/\/dinn.ucsc.cl\/wp-content\/uploads\/sites\/14\/2024\/03\/FTC_2024_Banner-300x75.png 300w, https:\/\/dinn.ucsc.cl\/wp-content\/uploads\/sites\/14\/2024\/03\/FTC_2024_Banner-768x191.png 768w, https:\/\/dinn.ucsc.cl\/wp-content\/uploads\/sites\/14\/2024\/03\/FTC_2024_Banner-200x50.png 200w, https:\/\/dinn.ucsc.cl\/wp-content\/uploads\/sites\/14\/2024\/03\/FTC_2024_Banner.png 1222w\" sizes=\"(max-width: 1024px) 100vw, 1024px\" \/><\/p>\n<p>El Fondo para el Trabajo Colaborativo en I+D+i con entidades externas a la Universidad Cat\u00f3lica de la Sant\u00edsima Concepci\u00f3n, tiene por objeto financiar iniciativas acad\u00e9micas para la b\u00fasqueda de desaf\u00edos de investigaci\u00f3n y desarrollo e innovaci\u00f3n traccionados por la Industria.<\/p>\n<p><b>Actividades\u00a0Financiables<\/b><\/p>\n<p>Los montos asignados a esta l\u00ednea est\u00e1n destinados a financiar actividades de los acad\u00e9micos de la Universidad, tendientes a establecer redes de colaboraci\u00f3n con la sociedad civil, e instituciones p\u00fablicas o privadas con el fin de levantar sus problem\u00e1ticas o necesidades y elaborar propuestas de soluci\u00f3n a dichos desaf\u00edos.<\/p>\n<p>El objetivo fundamental es identificar desaf\u00edos de I+D+i+e de entidades externas (empresas, organizaciones p\u00fablicas y\/o privadas) para que posteriormente puedan ser abordadas con las capacidades existentes en la Universidad mediante contratos tecnol\u00f3gicos o la postulaci\u00f3n a fuentes de financiamiento interno o externo a la universidad.<\/p>\n<h3><img loading=\"lazy\" class=\"aligncenter wp-image-3727 size-full\" src=\"https:\/\/dinn.ucsc.cl\/wp-content\/uploads\/sites\/14\/2022\/07\/FTC_1_1.png\" alt=\"\" width=\"77\" height=\"78\" \/>\u00a0 \u00a0 \u00a0\u00bfQui\u00e9nes pueden postular?<\/h3>\n<p>Acad\u00e9micos de la Universidad, con contrato indefinido y al menos un a\u00f1o de antig\u00fcedad en la Universidad a la fecha de la convocatoria.<\/p>\n<p>Para el caso de acad\u00e9micos pertenecientes al Instituto Tecnol\u00f3gico de la Universidad, podr\u00e1n postular con contrato indefinido, una jornada inferior a 22 horas semanales y al menos un a\u00f1o de antig\u00fcedad en la Universidad a la fecha de la convocatoria.<\/p>\n<hr \/>\n<h4><strong><img loading=\"lazy\" class=\"aligncenter wp-image-3729 size-full\" src=\"https:\/\/dinn.ucsc.cl\/wp-content\/uploads\/sites\/14\/2022\/07\/FTC_3_1.png\" alt=\"\" width=\"77\" height=\"78\" \/>\u00a0 \u00a0 \u00a0Monto y condiciones de financiamiento<\/strong><\/h4>\n<p>El monto m\u00e1ximo a financiar por cada iniciativa ser\u00e1 la suma de <strong>$3.000.000.- (tres millones de pesos).<\/strong><\/p>\n<p>Los montos asignados a las iniciativas deber\u00e1n ser girados s\u00f3lo durante el plazo de ejecuci\u00f3n del mismo, en consideraci\u00f3n a la fecha de cierre de la ejecuci\u00f3n presupuestaria definida por la Universidad cada a\u00f1o. Los saldos no gastados ser\u00e1n reintegrados a la Direcci\u00f3n de Innovaci\u00f3n.<\/p>\n<p>Ning\u00fan postulante podr\u00e1 asignarse honorarios ni otro tipo de beneficios por servicios relacionados con la iniciativa.<\/p>\n<p>No se podr\u00e1 financiar con fondos de este concurso la adquisici\u00f3n de bienes de capital.<\/p>\n<hr \/>\n<h4><strong><img loading=\"lazy\" class=\"aligncenter wp-image-3730 size-full\" src=\"https:\/\/dinn.ucsc.cl\/wp-content\/uploads\/sites\/14\/2022\/07\/FTC_4_1.png\" alt=\"\" width=\"77\" height=\"77\" \/><\/strong><strong>\u00a0 \u00a0 \u00a0Plazos de entrega y consultas<\/strong><\/h4>\n<p>La ventanilla abierta para postulaciones dura hasta el <strong>03 de mayo del 2024<\/strong>, donde se deber\u00e1 enviar una versi\u00f3n digital del<a href=\"https:\/\/dinn.ucsc.cl\/wp-content\/uploads\/sites\/14\/2024\/03\/FORMULARIO-INICIATIVAS-FONDO-PARA-EL-TRABAJO-COLAB-IDi-CON-EXTERNOS_2024_BUSQUEDA-DESAFIOS.docx\"><strong> formulario de postulaci\u00f3n<\/strong><\/a> al correo <strong><a href=\"mailto:dinn@ucsc.cl\">dinn@ucsc.cl<\/a>.<\/strong><\/p>\n<p>Consultas del proceso al correo electr\u00f3nico:\u00a0<strong><a href=\"mailto:lmartinez@ucsc.cl\">lmartinez@ucsc.cl<\/a>\u00a0,\u00a0<a href=\"mailto:ott@ucsc.cl\">ott@ucsc.cl<\/a><\/strong>.<\/p>\n<hr \/>\n<h4><strong><img loading=\"lazy\" class=\"aligncenter wp-image-3728 size-full\" src=\"https:\/\/dinn.ucsc.cl\/wp-content\/uploads\/sites\/14\/2022\/07\/FTC_2_1.png\" alt=\"\" width=\"77\" height=\"78\" \/><\/strong><strong>\u00a0 \u00a0 \u00a0Comisi\u00f3n Evaluadora<\/strong><\/h4>\n<p>La selecci\u00f3n de los postulantes ser\u00e1 realizada por una Comisi\u00f3n de Selecci\u00f3n integrada por:<\/p>\n<ul>\n<li>Director de Innovaci\u00f3n.<\/li>\n<li>Jefe Oficina Transferencia Tecnol\u00f3gica.<\/li>\n<li>Jefe Unidad de Proyectos de la Vicerrector\u00eda de Investigaci\u00f3n y Postgrado.<\/li>\n<li>Acad\u00e9mico\/a con experiencia en \u00e1reas de innovaci\u00f3n, emprendimiento y\/o transferencia tecnol\u00f3gica, designado por el Vicerrector de Investigaci\u00f3n y Postgrado, a propuesta del Director de Innovaci\u00f3n, en cada llamado a convocatoria.<\/li>\n<\/ul>\n<hr \/>\n<h4><strong>Webinar Informativo<\/strong><\/h4>\n<p><a href=\"https:\/\/youtu.be\/qhXIDSHF47I\" target=\"_blank\" rel=\"noopener\"><img loading=\"lazy\" class=\"aligncenter wp-image-5749 size-full\" src=\"https:\/\/dinn.ucsc.cl\/wp-content\/uploads\/sites\/14\/2024\/03\/Webinar_FTC_2024_banner2.png\" alt=\"\" width=\"1221\" height=\"301\" srcset=\"https:\/\/dinn.ucsc.cl\/wp-content\/uploads\/sites\/14\/2024\/03\/Webinar_FTC_2024_banner2.png 1221w, https:\/\/dinn.ucsc.cl\/wp-content\/uploads\/sites\/14\/2024\/03\/Webinar_FTC_2024_banner2-300x74.png 300w, https:\/\/dinn.ucsc.cl\/wp-content\/uploads\/sites\/14\/2024\/03\/Webinar_FTC_2024_banner2-1024x252.png 1024w, https:\/\/dinn.ucsc.cl\/wp-content\/uploads\/sites\/14\/2024\/03\/Webinar_FTC_2024_banner2-768x189.png 768w, https:\/\/dinn.ucsc.cl\/wp-content\/uploads\/sites\/14\/2024\/03\/Webinar_FTC_2024_banner2-200x49.png 200w\" sizes=\"(max-width: 1221px) 100vw, 1221px\" \/><\/a><\/p>\n<hr \/>\n<p><strong><a href=\"https:\/\/dinn.ucsc.cl\/wp-content\/uploads\/sites\/14\/2024\/04\/FORMULARIO-INICIATIVAS-FONDO-PARA-EL-TRABAJO-COLAB-IDi-CON-EXTERNOS_2024_BUSQUEDA-DESAFIOS_2024.docx\" target=\"_blank\" rel=\"noopener\">Descargar Formulario Postulaci\u00f3n a FONDO PARA EL TRABAJO COLABORATIVO EN I+D+i<\/a><\/strong><\/p>\n<p><strong><a href=\"https:\/\/dinn.ucsc.cl\/wp-content\/uploads\/sites\/14\/2023\/04\/D.R._124_2021_MODIFICA_REGLAMENTO_FONDO_PARA_EL_TRABAJO_COLABORATIVO_EN_I_D_i_CON_ENTIDADES_EXTERNAS_A_LA_UCSC_Y_FORMULA_TEXTO_REFUNDIDO.pdf\" target=\"_blank\" rel=\"noopener\">Descarga Decreto FONDO PARA EL TRABAJO COLABORATIVO EN I+D+i<\/a><\/strong><\/p>\n<p><strong><a href=\"https:\/\/dinn.ucsc.cl\/wp-content\/uploads\/sites\/14\/2024\/03\/16_CONVOCA-A-CONCURSO-INTERNO-DEL-FONDO-PARA-EL-TRABAJO-COLABORATIVO-EN-lDi-CON-E.pdf\" target=\"_blank\" rel=\"noopener\">Descargar Resoluci\u00f3n de Vicerrector\u00eda de Investigaci\u00f3n y Postgrado UCSC<\/a><\/strong><\/p>\n","protected":false},"excerpt":{"rendered":"<p>El Fondo para el Trabajo Colaborativo en I+D+i con entidades externas a la Universidad Cat\u00f3lica de la Sant\u00edsima Concepci\u00f3n, tiene por objeto financiar iniciativas acad\u00e9micas para la b\u00fasqueda de desaf\u00edos de investigaci\u00f3n y desarrollo e innovaci\u00f3n traccionados por la Industria. Actividades\u00a0Financiables Los montos asignados a esta l\u00ednea est\u00e1n destinados a financiar actividades de los acad\u00e9micos [&hellip;]<\/p>\n","protected":false},"author":84,"featured_media":0,"parent":0,"menu_order":0,"comment_status":"closed","ping_status":"closed","template":"","meta":[],"yoast_head":"<!-- This site is optimized with the Yoast SEO plugin v18.9 - https:\/\/yoast.com\/wordpress\/plugins\/seo\/ -->\n<title>Fondo para el Trabajo Colaborativo en I+D+i -<\/title>\n<meta name=\"robots\" content=\"index, follow, max-snippet:-1, max-image-preview:large, max-video-preview:-1\" \/>\n<link rel=\"canonical\" href=\"https:\/\/dinn.ucsc.cl\/index.php\/fondo-para-el-trabajo-colaborativo-en-idi\/\" \/>\n<meta property=\"og:locale\" content=\"es_ES\" \/>\n<meta property=\"og:type\" content=\"article\" \/>\n<meta property=\"og:title\" content=\"Fondo para el Trabajo Colaborativo en I+D+i -\" \/>\n<meta property=\"og:description\" content=\"El Fondo para el Trabajo Colaborativo en I+D+i con entidades externas a la Universidad Cat\u00f3lica de la Sant\u00edsima Concepci\u00f3n, tiene por objeto financiar iniciativas acad\u00e9micas para la b\u00fasqueda de desaf\u00edos de investigaci\u00f3n y desarrollo e innovaci\u00f3n traccionados por la Industria. Actividades\u00a0Financiables Los montos asignados a esta l\u00ednea est\u00e1n destinados a financiar actividades de los acad\u00e9micos [&hellip;]\" \/>\n<meta property=\"og:url\" content=\"https:\/\/dinn.ucsc.cl\/index.php\/fondo-para-el-trabajo-colaborativo-en-idi\/\" \/>\n<meta property=\"article:publisher\" content=\"https:\/\/m.facebook.com\/DINNUCSC\" \/>\n<meta property=\"article:modified_time\" content=\"2024-04-12T20:55:15+00:00\" \/>\n<meta property=\"og:image\" content=\"https:\/\/sitios.ucsc.cl\/investigacion\/wp-content\/uploads\/sites\/14\/2024\/03\/FTC_2024_Banner-1024x255.png\" \/>\n<meta name=\"twitter:card\" content=\"summary\" \/>\n<meta name=\"twitter:site\" content=\"@dinn_ucsc\" \/>\n<meta name=\"twitter:label1\" content=\"Tiempo de lectura\" \/>\n\t<meta name=\"twitter:data1\" content=\"3 minutos\" \/>\n<script type=\"application\/ld+json\" class=\"yoast-schema-graph\">{\"@context\":\"https:\/\/schema.org\",\"@graph\":[{\"@type\":\"WebSite\",\"@id\":\"https:\/\/dinn.ucsc.cl\/#website\",\"url\":\"https:\/\/dinn.ucsc.cl\/\",\"name\":\"Direcci\u00f3n de Innovaci\u00f3n UCSC\",\"description\":\"Direcci\u00f3n de Innovaci\u00f3n\",\"potentialAction\":[{\"@type\":\"SearchAction\",\"target\":{\"@type\":\"EntryPoint\",\"urlTemplate\":\"https:\/\/dinn.ucsc.cl\/?s={search_term_string}\"},\"query-input\":\"required name=search_term_string\"}],\"inLanguage\":\"es\"},{\"@type\":\"ImageObject\",\"inLanguage\":\"es\",\"@id\":\"https:\/\/dinn.ucsc.cl\/index.php\/fondo-para-el-trabajo-colaborativo-en-idi\/#primaryimage\",\"url\":\"https:\/\/sitios.ucsc.cl\/investigacion\/wp-content\/uploads\/sites\/14\/2024\/03\/FTC_2024_Banner-1024x255.png\",\"contentUrl\":\"https:\/\/sitios.ucsc.cl\/investigacion\/wp-content\/uploads\/sites\/14\/2024\/03\/FTC_2024_Banner-1024x255.png\"},{\"@type\":\"WebPage\",\"@id\":\"https:\/\/dinn.ucsc.cl\/index.php\/fondo-para-el-trabajo-colaborativo-en-idi\/#webpage\",\"url\":\"https:\/\/dinn.ucsc.cl\/index.php\/fondo-para-el-trabajo-colaborativo-en-idi\/\",\"name\":\"Fondo para el Trabajo Colaborativo en I+D+i -\",\"isPartOf\":{\"@id\":\"https:\/\/dinn.ucsc.cl\/#website\"},\"primaryImageOfPage\":{\"@id\":\"https:\/\/dinn.ucsc.cl\/index.php\/fondo-para-el-trabajo-colaborativo-en-idi\/#primaryimage\"},\"datePublished\":\"2019-12-10T20:37:16+00:00\",\"dateModified\":\"2024-04-12T20:55:15+00:00\",\"breadcrumb\":{\"@id\":\"https:\/\/dinn.ucsc.cl\/index.php\/fondo-para-el-trabajo-colaborativo-en-idi\/#breadcrumb\"},\"inLanguage\":\"es\",\"potentialAction\":[{\"@type\":\"ReadAction\",\"target\":[\"https:\/\/dinn.ucsc.cl\/index.php\/fondo-para-el-trabajo-colaborativo-en-idi\/\"]}]},{\"@type\":\"BreadcrumbList\",\"@id\":\"https:\/\/dinn.ucsc.cl\/index.php\/fondo-para-el-trabajo-colaborativo-en-idi\/#breadcrumb\",\"itemListElement\":[{\"@type\":\"ListItem\",\"position\":1,\"name\":\"Inicio\",\"item\":\"https:\/\/dinn.ucsc.cl\/\"},{\"@type\":\"ListItem\",\"position\":2,\"name\":\"Fondo para el Trabajo Colaborativo en I+D+i\"}]}]}<\/script>\n<!-- \/ Yoast SEO plugin. -->","yoast_head_json":{"title":"Fondo para el Trabajo Colaborativo en I+D+i -","robots":{"index":"index","follow":"follow","max-snippet":"max-snippet:-1","max-image-preview":"max-image-preview:large","max-video-preview":"max-video-preview:-1"},"canonical":"https:\/\/dinn.ucsc.cl\/index.php\/fondo-para-el-trabajo-colaborativo-en-idi\/","og_locale":"es_ES","og_type":"article","og_title":"Fondo para el Trabajo Colaborativo en I+D+i -","og_description":"El Fondo para el Trabajo Colaborativo en I+D+i con entidades externas a la Universidad Cat\u00f3lica de la Sant\u00edsima Concepci\u00f3n, tiene por objeto financiar iniciativas acad\u00e9micas para la b\u00fasqueda de desaf\u00edos de investigaci\u00f3n y desarrollo e innovaci\u00f3n traccionados por la Industria. Actividades\u00a0Financiables Los montos asignados a esta l\u00ednea est\u00e1n destinados a financiar actividades de los acad\u00e9micos [&hellip;]","og_url":"https:\/\/dinn.ucsc.cl\/index.php\/fondo-para-el-trabajo-colaborativo-en-idi\/","article_publisher":"https:\/\/m.facebook.com\/DINNUCSC","article_modified_time":"2024-04-12T20:55:15+00:00","og_image":[{"url":"https:\/\/sitios.ucsc.cl\/investigacion\/wp-content\/uploads\/sites\/14\/2024\/03\/FTC_2024_Banner-1024x255.png"}],"twitter_card":"summary","twitter_site":"@dinn_ucsc","twitter_misc":{"Tiempo de lectura":"3 minutos"},"schema":{"@context":"https:\/\/schema.org","@graph":[{"@type":"WebSite","@id":"https:\/\/dinn.ucsc.cl\/#website","url":"https:\/\/dinn.ucsc.cl\/","name":"Direcci\u00f3n de Innovaci\u00f3n UCSC","description":"Direcci\u00f3n de Innovaci\u00f3n","potentialAction":[{"@type":"SearchAction","target":{"@type":"EntryPoint","urlTemplate":"https:\/\/dinn.ucsc.cl\/?s={search_term_string}"},"query-input":"required name=search_term_string"}],"inLanguage":"es"},{"@type":"ImageObject","inLanguage":"es","@id":"https:\/\/dinn.ucsc.cl\/index.php\/fondo-para-el-trabajo-colaborativo-en-idi\/#primaryimage","url":"https:\/\/sitios.ucsc.cl\/investigacion\/wp-content\/uploads\/sites\/14\/2024\/03\/FTC_2024_Banner-1024x255.png","contentUrl":"https:\/\/sitios.ucsc.cl\/investigacion\/wp-content\/uploads\/sites\/14\/2024\/03\/FTC_2024_Banner-1024x255.png"},{"@type":"WebPage","@id":"https:\/\/dinn.ucsc.cl\/index.php\/fondo-para-el-trabajo-colaborativo-en-idi\/#webpage","url":"https:\/\/dinn.ucsc.cl\/index.php\/fondo-para-el-trabajo-colaborativo-en-idi\/","name":"Fondo para el Trabajo Colaborativo en I+D+i -","isPartOf":{"@id":"https:\/\/dinn.ucsc.cl\/#website"},"primaryImageOfPage":{"@id":"https:\/\/dinn.ucsc.cl\/index.php\/fondo-para-el-trabajo-colaborativo-en-idi\/#primaryimage"},"datePublished":"2019-12-10T20:37:16+00:00","dateModified":"2024-04-12T20:55:15+00:00","breadcrumb":{"@id":"https:\/\/dinn.ucsc.cl\/index.php\/fondo-para-el-trabajo-colaborativo-en-idi\/#breadcrumb"},"inLanguage":"es","potentialAction":[{"@type":"ReadAction","target":["https:\/\/dinn.ucsc.cl\/index.php\/fondo-para-el-trabajo-colaborativo-en-idi\/"]}]},{"@type":"BreadcrumbList","@id":"https:\/\/dinn.ucsc.cl\/index.php\/fondo-para-el-trabajo-colaborativo-en-idi\/#breadcrumb","itemListElement":[{"@type":"ListItem","position":1,"name":"Inicio","item":"https:\/\/dinn.ucsc.cl\/"},{"@type":"ListItem","position":2,"name":"Fondo para el Trabajo Colaborativo en I+D+i"}]}]}},"_links":{"self":[{"href":"https:\/\/dinn.ucsc.cl\/index.php\/wp-json\/wp\/v2\/pages\/1438"}],"collection":[{"href":"https:\/\/dinn.ucsc.cl\/index.php\/wp-json\/wp\/v2\/pages"}],"about":[{"href":"https:\/\/dinn.ucsc.cl\/index.php\/wp-json\/wp\/v2\/types\/page"}],"author":[{"embeddable":true,"href":"https:\/\/dinn.ucsc.cl\/index.php\/wp-json\/wp\/v2\/users\/84"}],"replies":[{"embeddable":true,"href":"https:\/\/dinn.ucsc.cl\/index.php\/wp-json\/wp\/v2\/comments?post=1438"}],"version-history":[{"count":31,"href":"https:\/\/dinn.ucsc.cl\/index.php\/wp-json\/wp\/v2\/pages\/1438\/revisions"}],"predecessor-version":[{"id":5783,"href":"https:\/\/dinn.ucsc.cl\/index.php\/wp-json\/wp\/v2\/pages\/1438\/revisions\/5783"}],"wp:attachment":[{"href":"https:\/\/dinn.ucsc.cl\/index.php\/wp-json\/wp\/v2\/media?parent=1438"}],"curies":[{"name":"wp","href":"https:\/\/api.w.org\/{rel}","templated":true}]}}