{"id":1449,"date":"2019-12-10T18:09:58","date_gmt":"2019-12-10T21:09:58","guid":{"rendered":"http:\/\/dinn.ucsc.cl\/?page_id=1449"},"modified":"2024-09-27T15:59:07","modified_gmt":"2024-09-27T18:59:07","slug":"programa-formativo-en-innovacion-y-transferencia-tecnologica","status":"publish","type":"page","link":"https:\/\/dinn.ucsc.cl\/index.php\/programa-formativo-en-innovacion-y-transferencia-tecnologica\/","title":{"rendered":"Programa Formativo DINN UCSC"},"content":{"rendered":"<p><img loading=\"lazy\" class=\"alignleft wp-image-5863 size-full\" src=\"https:\/\/dinn.ucsc.cl\/wp-content\/uploads\/sites\/14\/2024\/06\/Banner_Formulario_Programas_2024.png\" alt=\"\" width=\"880\" height=\"127\" srcset=\"https:\/\/dinn.ucsc.cl\/wp-content\/uploads\/sites\/14\/2024\/06\/Banner_Formulario_Programas_2024.png 880w, https:\/\/dinn.ucsc.cl\/wp-content\/uploads\/sites\/14\/2024\/06\/Banner_Formulario_Programas_2024-300x43.png 300w, https:\/\/dinn.ucsc.cl\/wp-content\/uploads\/sites\/14\/2024\/06\/Banner_Formulario_Programas_2024-768x111.png 768w, https:\/\/dinn.ucsc.cl\/wp-content\/uploads\/sites\/14\/2024\/06\/Banner_Formulario_Programas_2024-200x29.png 200w\" sizes=\"(max-width: 880px) 100vw, 880px\" \/><\/p>\n<h2><\/h2>\n<h2><\/h2>\n<p>&nbsp;<\/p>\n<p>&nbsp;<\/p>\n<p>&nbsp;<\/p>\n<table style=\"width: 1052px;height: 53px\">\n<tbody>\n<tr style=\"height: 53px\">\n<td style=\"width: 340.716px;height: 53px\"><\/td>\n<td style=\"width: 360.703px;height: 53px\"><\/td>\n<td style=\"width: 349.74px;height: 53px\"><\/td>\n<\/tr>\n<\/tbody>\n<\/table>\n<p>&nbsp;<\/p>\n<p>El programa formativo en innovaci\u00f3n y transferencia tecnol\u00f3gica de la Direcci\u00f3n de Innovaci\u00f3n de la Universidad Cat\u00f3lica de la Sant\u00edsima Concepci\u00f3n, es un ciclo de cursos personalizados virtuales que se realizan a\u00f1o a a\u00f1o, ejecutados por especialistas de la direcci\u00f3n. Este 2023, se realizar\u00e1n dos talleres cada mes, a cargo de la Oficina de Transferencia Tecnol\u00f3gica (OTT) y la Unidad de Apoyo a la Innovaci\u00f3n (UAINN), mediante transmisi\u00f3n online, v\u00eda plataforma Zoom.<\/p>\n<p>Los asistentes podr\u00e1n asistir a uno o m\u00e1s talleres, dependiendo de su inter\u00e9s. Al finalizar cada curso, se otorgar\u00e1 una constancia digital de participaci\u00f3n.<\/p>\n<h4>\u00bfQui\u00e9nes pueden participar del programa?<\/h4>\n<p>Este ciclo de cursos est\u00e1 pensado especialmente para la Comunidad Universitaria.\u00a0 Todo aquel que quiera participar,\u00a0 deber\u00e1 completar el formulario de inscripci\u00f3n.<\/p>\n<p>A continuaci\u00f3n, encontrar\u00e1s una lista de los cursos formativos de libre elecci\u00f3n que se ejecutaran en tem\u00e1ticas de innovaci\u00f3n, emprendimiento, propiedad intelectual, transferencia tecnol\u00f3gica e I+D. M\u00e1s abajo podr\u00e1s revisar el registro audiovisual de cada uno de los cursos.<\/p>\n<h2 style=\"text-align: center\"><img loading=\"lazy\" class=\"alignleft wp-image-5866 size-large\" src=\"https:\/\/dinn.ucsc.cl\/wp-content\/uploads\/sites\/14\/2024\/06\/Calendario-programa-formativo_1-1024x716.png\" alt=\"\" width=\"1024\" height=\"716\" srcset=\"https:\/\/dinn.ucsc.cl\/wp-content\/uploads\/sites\/14\/2024\/06\/Calendario-programa-formativo_1-1024x716.png 1024w, https:\/\/dinn.ucsc.cl\/wp-content\/uploads\/sites\/14\/2024\/06\/Calendario-programa-formativo_1-300x210.png 300w, https:\/\/dinn.ucsc.cl\/wp-content\/uploads\/sites\/14\/2024\/06\/Calendario-programa-formativo_1-768x537.png 768w, https:\/\/dinn.ucsc.cl\/wp-content\/uploads\/sites\/14\/2024\/06\/Calendario-programa-formativo_1-200x140.png 200w, https:\/\/dinn.ucsc.cl\/wp-content\/uploads\/sites\/14\/2024\/06\/Calendario-programa-formativo_1.png 1132w\" sizes=\"(max-width: 1024px) 100vw, 1024px\" \/><\/h2>\n<p>&nbsp;<\/p>\n<table style=\"width: 973px;height: 61px\">\n<tbody>\n<tr style=\"height: 61px\">\n<td style=\"width: 318.372px;height: 61px\"><\/td>\n<td style=\"width: 423.503px;height: 61px\"><\/td>\n<td style=\"width: 230.286px;height: 61px\"><\/td>\n<\/tr>\n<\/tbody>\n<\/table>\n<h2><\/h2>\n<h2 style=\"text-align: center\"><span style=\"font-size: 2rem\">Links Videos<\/span><\/h2>\n<table style=\"width: 189px;height: 124px\">\n<tbody>\n<tr style=\"height: 10px\">\n<td style=\"width: 188px;height: 10px;text-align: center\">\n<h4><a href=\"https:\/\/youtu.be\/HXbnyF20M8A\" target=\"_blank\" rel=\"noopener\">Bases de Innovaci\u00f3n<\/a><\/h4>\n<\/td>\n<\/tr>\n<tr style=\"height: 10px\">\n<td style=\"width: 188px;height: 10px;text-align: center\">\n<h4><a href=\"https:\/\/youtu.be\/Pf8VQLrFxy0\" target=\"_blank\" rel=\"noopener\">Fundamentos de Propiedad Intelectual: Invenci\u00f3n y Patentes<\/a><\/h4>\n<\/td>\n<\/tr>\n<tr style=\"height: 54px\">\n<td style=\"width: 188px;height: 54px;text-align: center\">\n<h4><a href=\"https:\/\/youtu.be\/PAyi12qC0OU\">Modelo de Negocios<\/a><\/h4>\n<\/td>\n<\/tr>\n<tr style=\"height: 10px\">\n<td style=\"width: 188px;height: 10px;text-align: center\">\n<h4><a href=\"https:\/\/youtu.be\/JLyqQXIr9Dg\">Fundamentos de Propiedad Intelectual: Derechos de Autor y Software<\/a><\/h4>\n<\/td>\n<\/tr>\n<tr style=\"height: 10px\">\n<td style=\"width: 188px;height: 10px;text-align: center\">\n<h4><a href=\"https:\/\/youtu.be\/nxtFOhhiyI8\">Metodolog\u00edas de la Innovaci\u00f3n<\/a><\/h4>\n<\/td>\n<\/tr>\n<tr style=\"height: 10px\">\n<td style=\"width: 188px;height: 10px;text-align: center\">\n<h4><a href=\"https:\/\/youtu.be\/yiydPfiIRMo\">Transferencia Tecnol\u00f3gica y Gesti\u00f3n de la P.I. derivada de la I+D Universitaria<\/a><\/h4>\n<\/td>\n<\/tr>\n<tr style=\"height: 10px\">\n<td style=\"width: 188px;height: 10px;text-align: center\">\n<h4><a href=\"https:\/\/youtu.be\/Dd0WdO0vcUU\">Validaci\u00f3n de Clientes<\/a><\/h4>\n<\/td>\n<\/tr>\n<tr style=\"height: 10px\">\n<td style=\"width: 188px;height: 10px;text-align: center\">\n<h4><a href=\"https:\/\/youtu.be\/LZ_oyzmsVZo\">Gesti\u00f3n Tecnol\u00f3gica<\/a><\/h4>\n<\/td>\n<\/tr>\n<\/tbody>\n<\/table>\n<p>&nbsp;<\/p>\n","protected":false},"excerpt":{"rendered":"<p>&nbsp; &nbsp; &nbsp; &nbsp; El programa formativo en innovaci\u00f3n y transferencia tecnol\u00f3gica de la Direcci\u00f3n de Innovaci\u00f3n de la Universidad Cat\u00f3lica de la Sant\u00edsima Concepci\u00f3n, es un ciclo de cursos personalizados virtuales que se realizan a\u00f1o a a\u00f1o, ejecutados por especialistas de la direcci\u00f3n. Este 2023, se realizar\u00e1n dos talleres cada mes, a cargo de [&hellip;]<\/p>\n","protected":false},"author":84,"featured_media":5863,"parent":0,"menu_order":0,"comment_status":"closed","ping_status":"closed","template":"","meta":[],"yoast_head":"<!-- This site is optimized with the Yoast SEO plugin v18.9 - https:\/\/yoast.com\/wordpress\/plugins\/seo\/ -->\n<title>Programa Formativo DINN UCSC -<\/title>\n<meta name=\"robots\" content=\"index, follow, max-snippet:-1, max-image-preview:large, max-video-preview:-1\" \/>\n<link rel=\"canonical\" href=\"https:\/\/dinn.ucsc.cl\/index.php\/programa-formativo-en-innovacion-y-transferencia-tecnologica\/\" \/>\n<meta property=\"og:locale\" content=\"es_ES\" \/>\n<meta property=\"og:type\" content=\"article\" \/>\n<meta property=\"og:title\" content=\"Programa Formativo DINN UCSC -\" \/>\n<meta property=\"og:description\" content=\"&nbsp; &nbsp; &nbsp; &nbsp; El programa formativo en innovaci\u00f3n y transferencia tecnol\u00f3gica de la Direcci\u00f3n de Innovaci\u00f3n de la Universidad Cat\u00f3lica de la Sant\u00edsima Concepci\u00f3n, es un ciclo de cursos personalizados virtuales que se realizan a\u00f1o a a\u00f1o, ejecutados por especialistas de la direcci\u00f3n. Este 2023, se realizar\u00e1n dos talleres cada mes, a cargo de [&hellip;]\" \/>\n<meta property=\"og:url\" content=\"https:\/\/dinn.ucsc.cl\/index.php\/programa-formativo-en-innovacion-y-transferencia-tecnologica\/\" \/>\n<meta property=\"article:publisher\" content=\"https:\/\/m.facebook.com\/DINNUCSC\" \/>\n<meta property=\"article:modified_time\" content=\"2024-09-27T18:59:07+00:00\" \/>\n<meta property=\"og:image\" content=\"https:\/\/sitios.ucsc.cl\/investigacion\/wp-content\/uploads\/sites\/14\/2024\/06\/Banner_Formulario_Programas_2024.png\" \/>\n\t<meta property=\"og:image:width\" content=\"880\" \/>\n\t<meta property=\"og:image:height\" content=\"127\" \/>\n\t<meta property=\"og:image:type\" content=\"image\/png\" \/>\n<meta name=\"twitter:card\" content=\"summary\" \/>\n<meta name=\"twitter:site\" content=\"@dinn_ucsc\" \/>\n<meta name=\"twitter:label1\" content=\"Tiempo de lectura\" \/>\n\t<meta name=\"twitter:data1\" content=\"1 minuto\" \/>\n<script type=\"application\/ld+json\" class=\"yoast-schema-graph\">{\"@context\":\"https:\/\/schema.org\",\"@graph\":[{\"@type\":\"WebSite\",\"@id\":\"https:\/\/dinn.ucsc.cl\/#website\",\"url\":\"https:\/\/dinn.ucsc.cl\/\",\"name\":\"Direcci\u00f3n de Innovaci\u00f3n UCSC\",\"description\":\"Direcci\u00f3n de Innovaci\u00f3n\",\"potentialAction\":[{\"@type\":\"SearchAction\",\"target\":{\"@type\":\"EntryPoint\",\"urlTemplate\":\"https:\/\/dinn.ucsc.cl\/?s={search_term_string}\"},\"query-input\":\"required name=search_term_string\"}],\"inLanguage\":\"es\"},{\"@type\":\"ImageObject\",\"inLanguage\":\"es\",\"@id\":\"https:\/\/dinn.ucsc.cl\/index.php\/programa-formativo-en-innovacion-y-transferencia-tecnologica\/#primaryimage\",\"url\":\"https:\/\/sitios.ucsc.cl\/investigacion\/wp-content\/uploads\/sites\/14\/2024\/06\/Banner_Formulario_Programas_2024.png\",\"contentUrl\":\"https:\/\/sitios.ucsc.cl\/investigacion\/wp-content\/uploads\/sites\/14\/2024\/06\/Banner_Formulario_Programas_2024.png\",\"width\":880,\"height\":127},{\"@type\":\"WebPage\",\"@id\":\"https:\/\/dinn.ucsc.cl\/index.php\/programa-formativo-en-innovacion-y-transferencia-tecnologica\/#webpage\",\"url\":\"https:\/\/dinn.ucsc.cl\/index.php\/programa-formativo-en-innovacion-y-transferencia-tecnologica\/\",\"name\":\"Programa Formativo DINN UCSC -\",\"isPartOf\":{\"@id\":\"https:\/\/dinn.ucsc.cl\/#website\"},\"primaryImageOfPage\":{\"@id\":\"https:\/\/dinn.ucsc.cl\/index.php\/programa-formativo-en-innovacion-y-transferencia-tecnologica\/#primaryimage\"},\"datePublished\":\"2019-12-10T21:09:58+00:00\",\"dateModified\":\"2024-09-27T18:59:07+00:00\",\"breadcrumb\":{\"@id\":\"https:\/\/dinn.ucsc.cl\/index.php\/programa-formativo-en-innovacion-y-transferencia-tecnologica\/#breadcrumb\"},\"inLanguage\":\"es\",\"potentialAction\":[{\"@type\":\"ReadAction\",\"target\":[\"https:\/\/dinn.ucsc.cl\/index.php\/programa-formativo-en-innovacion-y-transferencia-tecnologica\/\"]}]},{\"@type\":\"BreadcrumbList\",\"@id\":\"https:\/\/dinn.ucsc.cl\/index.php\/programa-formativo-en-innovacion-y-transferencia-tecnologica\/#breadcrumb\",\"itemListElement\":[{\"@type\":\"ListItem\",\"position\":1,\"name\":\"Inicio\",\"item\":\"https:\/\/dinn.ucsc.cl\/\"},{\"@type\":\"ListItem\",\"position\":2,\"name\":\"Programa Formativo DINN UCSC\"}]}]}<\/script>\n<!-- \/ Yoast SEO plugin. -->","yoast_head_json":{"title":"Programa Formativo DINN UCSC -","robots":{"index":"index","follow":"follow","max-snippet":"max-snippet:-1","max-image-preview":"max-image-preview:large","max-video-preview":"max-video-preview:-1"},"canonical":"https:\/\/dinn.ucsc.cl\/index.php\/programa-formativo-en-innovacion-y-transferencia-tecnologica\/","og_locale":"es_ES","og_type":"article","og_title":"Programa Formativo DINN UCSC -","og_description":"&nbsp; &nbsp; &nbsp; &nbsp; El programa formativo en innovaci\u00f3n y transferencia tecnol\u00f3gica de la Direcci\u00f3n de Innovaci\u00f3n de la Universidad Cat\u00f3lica de la Sant\u00edsima Concepci\u00f3n, es un ciclo de cursos personalizados virtuales que se realizan a\u00f1o a a\u00f1o, ejecutados por especialistas de la direcci\u00f3n. Este 2023, se realizar\u00e1n dos talleres cada mes, a cargo de [&hellip;]","og_url":"https:\/\/dinn.ucsc.cl\/index.php\/programa-formativo-en-innovacion-y-transferencia-tecnologica\/","article_publisher":"https:\/\/m.facebook.com\/DINNUCSC","article_modified_time":"2024-09-27T18:59:07+00:00","og_image":[{"width":880,"height":127,"url":"https:\/\/sitios.ucsc.cl\/investigacion\/wp-content\/uploads\/sites\/14\/2024\/06\/Banner_Formulario_Programas_2024.png","type":"image\/png"}],"twitter_card":"summary","twitter_site":"@dinn_ucsc","twitter_misc":{"Tiempo de lectura":"1 minuto"},"schema":{"@context":"https:\/\/schema.org","@graph":[{"@type":"WebSite","@id":"https:\/\/dinn.ucsc.cl\/#website","url":"https:\/\/dinn.ucsc.cl\/","name":"Direcci\u00f3n de Innovaci\u00f3n UCSC","description":"Direcci\u00f3n de Innovaci\u00f3n","potentialAction":[{"@type":"SearchAction","target":{"@type":"EntryPoint","urlTemplate":"https:\/\/dinn.ucsc.cl\/?s={search_term_string}"},"query-input":"required name=search_term_string"}],"inLanguage":"es"},{"@type":"ImageObject","inLanguage":"es","@id":"https:\/\/dinn.ucsc.cl\/index.php\/programa-formativo-en-innovacion-y-transferencia-tecnologica\/#primaryimage","url":"https:\/\/sitios.ucsc.cl\/investigacion\/wp-content\/uploads\/sites\/14\/2024\/06\/Banner_Formulario_Programas_2024.png","contentUrl":"https:\/\/sitios.ucsc.cl\/investigacion\/wp-content\/uploads\/sites\/14\/2024\/06\/Banner_Formulario_Programas_2024.png","width":880,"height":127},{"@type":"WebPage","@id":"https:\/\/dinn.ucsc.cl\/index.php\/programa-formativo-en-innovacion-y-transferencia-tecnologica\/#webpage","url":"https:\/\/dinn.ucsc.cl\/index.php\/programa-formativo-en-innovacion-y-transferencia-tecnologica\/","name":"Programa Formativo DINN UCSC -","isPartOf":{"@id":"https:\/\/dinn.ucsc.cl\/#website"},"primaryImageOfPage":{"@id":"https:\/\/dinn.ucsc.cl\/index.php\/programa-formativo-en-innovacion-y-transferencia-tecnologica\/#primaryimage"},"datePublished":"2019-12-10T21:09:58+00:00","dateModified":"2024-09-27T18:59:07+00:00","breadcrumb":{"@id":"https:\/\/dinn.ucsc.cl\/index.php\/programa-formativo-en-innovacion-y-transferencia-tecnologica\/#breadcrumb"},"inLanguage":"es","potentialAction":[{"@type":"ReadAction","target":["https:\/\/dinn.ucsc.cl\/index.php\/programa-formativo-en-innovacion-y-transferencia-tecnologica\/"]}]},{"@type":"BreadcrumbList","@id":"https:\/\/dinn.ucsc.cl\/index.php\/programa-formativo-en-innovacion-y-transferencia-tecnologica\/#breadcrumb","itemListElement":[{"@type":"ListItem","position":1,"name":"Inicio","item":"https:\/\/dinn.ucsc.cl\/"},{"@type":"ListItem","position":2,"name":"Programa Formativo DINN UCSC"}]}]}},"_links":{"self":[{"href":"https:\/\/dinn.ucsc.cl\/index.php\/wp-json\/wp\/v2\/pages\/1449"}],"collection":[{"href":"https:\/\/dinn.ucsc.cl\/index.php\/wp-json\/wp\/v2\/pages"}],"about":[{"href":"https:\/\/dinn.ucsc.cl\/index.php\/wp-json\/wp\/v2\/types\/page"}],"author":[{"embeddable":true,"href":"https:\/\/dinn.ucsc.cl\/index.php\/wp-json\/wp\/v2\/users\/84"}],"replies":[{"embeddable":true,"href":"https:\/\/dinn.ucsc.cl\/index.php\/wp-json\/wp\/v2\/comments?post=1449"}],"version-history":[{"count":91,"href":"https:\/\/dinn.ucsc.cl\/index.php\/wp-json\/wp\/v2\/pages\/1449\/revisions"}],"predecessor-version":[{"id":5967,"href":"https:\/\/dinn.ucsc.cl\/index.php\/wp-json\/wp\/v2\/pages\/1449\/revisions\/5967"}],"wp:featuredmedia":[{"embeddable":true,"href":"https:\/\/dinn.ucsc.cl\/index.php\/wp-json\/wp\/v2\/media\/5863"}],"wp:attachment":[{"href":"https:\/\/dinn.ucsc.cl\/index.php\/wp-json\/wp\/v2\/media?parent=1449"}],"curies":[{"name":"wp","href":"https:\/\/api.w.org\/{rel}","templated":true}]}}