{"id":1456,"date":"2019-12-11T10:37:52","date_gmt":"2019-12-11T13:37:52","guid":{"rendered":"http:\/\/dinn.ucsc.cl\/?page_id=1456"},"modified":"2024-09-09T12:20:59","modified_gmt":"2024-09-09T15:20:59","slug":"dinnova-proyecto-de-investigacion-aplicada-en-idi","status":"publish","type":"page","link":"https:\/\/dinn.ucsc.cl\/index.php\/dinnova-proyecto-de-investigacion-aplicada-en-idi\/","title":{"rendered":"DINNOVA \u2013 Proyectos de Investigaci\u00f3n Aplicada en I+D+i"},"content":{"rendered":"<p><img loading=\"lazy\" class=\"aligncenter wp-image-5742 size-large\" src=\"https:\/\/dinn.ucsc.cl\/wp-content\/uploads\/sites\/14\/2024\/03\/DINNOVA_2024_banner-1024x252.png\" alt=\"\" width=\"1024\" height=\"252\" srcset=\"https:\/\/dinn.ucsc.cl\/wp-content\/uploads\/sites\/14\/2024\/03\/DINNOVA_2024_banner-1024x252.png 1024w, https:\/\/dinn.ucsc.cl\/wp-content\/uploads\/sites\/14\/2024\/03\/DINNOVA_2024_banner-300x74.png 300w, https:\/\/dinn.ucsc.cl\/wp-content\/uploads\/sites\/14\/2024\/03\/DINNOVA_2024_banner-768x189.png 768w, https:\/\/dinn.ucsc.cl\/wp-content\/uploads\/sites\/14\/2024\/03\/DINNOVA_2024_banner-200x49.png 200w, https:\/\/dinn.ucsc.cl\/wp-content\/uploads\/sites\/14\/2024\/03\/DINNOVA_2024_banner.png 1221w\" sizes=\"(max-width: 1024px) 100vw, 1024px\" \/><\/p>\n<p><span class=\"TextRun SCXW176513900 BCX8\" lang=\"ES-CL\" xml:lang=\"ES-CL\"><span class=\"NormalTextRun SCXW176513900 BCX8\">El Fondo interno de Proyectos de Investigaci\u00f3n Aplicada en\u00a0<\/span><span class=\"NormalTextRun SCXW176513900 BCX8\">I+D+i<\/span><span class=\"NormalTextRun SCXW176513900 BCX8\">\u00a0(DINNOVA), tiene por objeto impulsar la investigaci\u00f3n aplicada e innovaci\u00f3n realizada por los acad\u00e9micos, docentes e investigadores de la Universidad, a trav\u00e9s de proyectos que ofrezcan soluciones a los desaf\u00edos de la industria o la sociedad; as\u00ed como fortalecer las redes de investigaci\u00f3n e innovaci\u00f3n a nivel nacional e internacional y el v\u00ednculo con el entorno, sector productivo y otras entidades.<\/span><\/span><span class=\"EOP SCXW176513900 BCX8\">\u00a0<\/span><\/p>\n<hr \/>\n<h3><img loading=\"lazy\" class=\"aligncenter size-full wp-image-3077\" src=\"http:\/\/sitios.ucsc.cl\/investigacion\/wp-content\/uploads\/sites\/14\/2021\/08\/FTC_1.png\" alt=\"\" width=\"77\" height=\"78\" \/>\u00a0 \u00a0 \u00bfQui\u00e9nes pueden postular?<\/h3>\n<p>Acad\u00e9micos, docentes e investigadores de la Universidad, con contrato indefinido y una jornada igual o superior a 22 horas semanales, y al menos un a\u00f1o de antig\u00fcedad en la Universidad a la fecha de la convocatoria, salvo las excepciones contempladas en el Reglamento del Fondo de Proyectos de Investigaci\u00f3n Aplicada.<\/p>\n<p>Para el caso de acad\u00e9micos pertenecientes a Institutos Tecnol\u00f3gicos de la Universidad, podr\u00e1n postular con contrato indefinido, una jornada inferior a 22 horas semanales y al menos un a\u00f1o de antig\u00fcedad en la Universidad a la fecha de la\u00a0presente\u00a0convocatoria.<\/p>\n<hr \/>\n<h3><img loading=\"lazy\" class=\"aligncenter size-full wp-image-3079\" src=\"http:\/\/sitios.ucsc.cl\/investigacion\/wp-content\/uploads\/sites\/14\/2021\/08\/FTC_3.png\" alt=\"\" width=\"77\" height=\"78\" \/>\u00a0 \u00a0 \u00a0Monto y condiciones de financiamiento<\/h3>\n<p><span class=\"TextRun SCXW191324049 BCX8\" lang=\"ES-CL\" xml:lang=\"ES-CL\"><span class=\"NormalTextRun SCXW191324049 BCX8\">Los proyectos podr\u00e1n optar a un financiamiento m\u00e1ximo de <strong>$4.000.000<\/strong>.- (cuatro millones de pesos) a excepci\u00f3n de los proyectos presentados en el \u00e1rea de Tecnolog\u00eda y Ciencias M\u00e9dicas que podr\u00e1n postular a un financiamiento m\u00e1ximo de <strong>$7.000.000<\/strong>.- (siete millones de pesos). Adem\u00e1s, se podr\u00e1 solicitar un monto adicional de <strong>$600.000<\/strong>.- (seiscientos mil pesos) destinado exclusivamente al apoyo econ\u00f3mico de estudiantes tesistas de la Universidad que se vinculen al proyecto, de acuerdo a lo establecido en las bases.<\/span><\/span><\/p>\n<hr \/>\n<h3><img loading=\"lazy\" class=\"aligncenter size-full wp-image-3082\" src=\"http:\/\/sitios.ucsc.cl\/investigacion\/wp-content\/uploads\/sites\/14\/2021\/08\/FTC_4-1.png\" alt=\"\" width=\"77\" height=\"77\" \/>\u00a0 \u00a0 \u00a0Plazos de postulaci\u00f3n y consultas<\/h3>\n<p>El plazo de postulaci\u00f3n vence el\u202f <strong>03<\/strong><b> de mayo de 2024 a las 13.00 horas.<\/b> Qui\u00e9nes postulan, deber\u00e1n enviar un ejemplar digital del <a href=\"https:\/\/dinn.ucsc.cl\/wp-content\/uploads\/sites\/14\/2023\/04\/FORMULARIO-CONCURSO-INTERNO-PROY-DE-INVESTIGACION-APLICADA-2023_DINN-UCSC.docx\"><strong>formulario de postulaci\u00f3n<\/strong><\/a> al correo\u202f<strong><a href=\"mailto:dinn@ucsc.cl\">dinn@ucsc.cl<\/a><\/strong>.<\/p>\n<p>Consultas del proceso al correo electr\u00f3nico:<strong>\u00a0<a href=\"mailto:ott@ucsc.cl\">ott@ucsc.cl<\/a><\/strong>.<\/p>\n<hr \/>\n<h3><img loading=\"lazy\" class=\"aligncenter size-full wp-image-3078\" src=\"http:\/\/sitios.ucsc.cl\/investigacion\/wp-content\/uploads\/sites\/14\/2021\/08\/FTC_2.png\" alt=\"\" width=\"77\" height=\"78\" \/>\u00a0 \u00a0 \u00a0Comisi\u00f3n Evaluadora<\/h3>\n<p>La selecci\u00f3n de los postulantes ser\u00e1 realizada por una Comisi\u00f3n de Selecci\u00f3n integrada por:<\/p>\n<ul>\n<li>El Director de Innovaci\u00f3n, que la presidir\u00e1.<\/li>\n<li>El Jefe de la Oficina de Transferencia Tecnol\u00f3gica.<\/li>\n<li>Un(a) acad\u00e9mico(a) con experiencia en \u00e1reas de innovaci\u00f3n, emprendimiento y\/o transferencia tecnol\u00f3gica, designado por el Vicerrector de Investigaci\u00f3n y Postgrado a propuesta del Director de Innovaci\u00f3n.<\/li>\n<\/ul>\n<hr \/>\n<h3>Webinar informativo 2024<\/h3>\n<p><a href=\"https:\/\/youtu.be\/u1STjjdTuEo\" target=\"_blank\" rel=\"noopener\"><img loading=\"lazy\" class=\"aligncenter wp-image-5745 size-large\" src=\"https:\/\/dinn.ucsc.cl\/wp-content\/uploads\/sites\/14\/2024\/03\/WEBINAR_DINNOVA_2024_banner_post-1024x252.png\" alt=\"\" width=\"1024\" height=\"252\" srcset=\"https:\/\/dinn.ucsc.cl\/wp-content\/uploads\/sites\/14\/2024\/03\/WEBINAR_DINNOVA_2024_banner_post-1024x252.png 1024w, https:\/\/dinn.ucsc.cl\/wp-content\/uploads\/sites\/14\/2024\/03\/WEBINAR_DINNOVA_2024_banner_post-300x74.png 300w, https:\/\/dinn.ucsc.cl\/wp-content\/uploads\/sites\/14\/2024\/03\/WEBINAR_DINNOVA_2024_banner_post-768x189.png 768w, https:\/\/dinn.ucsc.cl\/wp-content\/uploads\/sites\/14\/2024\/03\/WEBINAR_DINNOVA_2024_banner_post-200x49.png 200w, https:\/\/dinn.ucsc.cl\/wp-content\/uploads\/sites\/14\/2024\/03\/WEBINAR_DINNOVA_2024_banner_post.png 1221w\" sizes=\"(max-width: 1024px) 100vw, 1024px\" \/><\/a><\/p>\n<hr \/>\n<p><strong><a href=\"http:\/\/sitios.ucsc.cl\/investigacion\/wp-content\/uploads\/sites\/14\/2021\/08\/DR.114-2021.MODIFICA-REGLAMENTO-FONDO-INTERNO-INV-APLICADA.pdf\">Descargar Decreto DINNOVA<\/a><\/strong><\/p>\n<p><strong><a href=\"https:\/\/dinn.ucsc.cl\/wp-content\/uploads\/sites\/14\/2024\/03\/17_CONVOCA-A-CONCURSO-INTERNO-DEL-FONDO-DE-PROYECTOS-DE-INVESTIGACIO\u0301N-APLICADA.pdf\" target=\"_blank\" rel=\"noopener\">Descarga Resoluci\u00f3n de Vicerrector\u00eda de Investigaci\u00f3n y Postgrado UCSC<\/a><\/strong><\/p>\n<p><strong><a href=\"https:\/\/dinn.ucsc.cl\/wp-content\/uploads\/sites\/14\/2024\/03\/FORMULARIO-CONCURSO-INTERNO-PROY-DE-INVESTIGACION-APLICADA-2024_DINN-UCSC.docx\" target=\"_blank\" rel=\"noopener\">Descargar formulario de postulaci\u00f3n a DINNOVA<\/a><\/strong><\/p>\n<hr \/>\n<p>&nbsp;<\/p>\n","protected":false},"excerpt":{"rendered":"<p>El Fondo interno de Proyectos de Investigaci\u00f3n Aplicada en\u00a0I+D+i\u00a0(DINNOVA), tiene por objeto impulsar la investigaci\u00f3n aplicada e innovaci\u00f3n realizada por los acad\u00e9micos, docentes e investigadores de la Universidad, a trav\u00e9s de proyectos que ofrezcan soluciones a los desaf\u00edos de la industria o la sociedad; as\u00ed como fortalecer las redes de investigaci\u00f3n e innovaci\u00f3n a nivel [&hellip;]<\/p>\n","protected":false},"author":84,"featured_media":3862,"parent":0,"menu_order":0,"comment_status":"closed","ping_status":"closed","template":"","meta":[],"yoast_head":"<!-- This site is optimized with the Yoast SEO plugin v18.9 - https:\/\/yoast.com\/wordpress\/plugins\/seo\/ -->\n<title>DINNOVA \u2013 Proyectos de Investigaci\u00f3n Aplicada en I+D+i -<\/title>\n<meta name=\"robots\" content=\"index, follow, max-snippet:-1, max-image-preview:large, max-video-preview:-1\" \/>\n<link rel=\"canonical\" href=\"https:\/\/dinn.ucsc.cl\/index.php\/dinnova-proyecto-de-investigacion-aplicada-en-idi\/\" \/>\n<meta property=\"og:locale\" content=\"es_ES\" \/>\n<meta property=\"og:type\" content=\"article\" \/>\n<meta property=\"og:title\" content=\"DINNOVA \u2013 Proyectos de Investigaci\u00f3n Aplicada en I+D+i -\" \/>\n<meta property=\"og:description\" content=\"El Fondo interno de Proyectos de Investigaci\u00f3n Aplicada en\u00a0I+D+i\u00a0(DINNOVA), tiene por objeto impulsar la investigaci\u00f3n aplicada e innovaci\u00f3n realizada por los acad\u00e9micos, docentes e investigadores de la Universidad, a trav\u00e9s de proyectos que ofrezcan soluciones a los desaf\u00edos de la industria o la sociedad; as\u00ed como fortalecer las redes de investigaci\u00f3n e innovaci\u00f3n a nivel [&hellip;]\" \/>\n<meta property=\"og:url\" content=\"https:\/\/dinn.ucsc.cl\/index.php\/dinnova-proyecto-de-investigacion-aplicada-en-idi\/\" \/>\n<meta property=\"article:publisher\" content=\"https:\/\/m.facebook.com\/DINNUCSC\" \/>\n<meta property=\"article:modified_time\" content=\"2024-09-09T15:20:59+00:00\" \/>\n<meta property=\"og:image\" content=\"https:\/\/sitios.ucsc.cl\/investigacion\/wp-content\/uploads\/sites\/14\/2022\/08\/DINNOVA2022_destacado.png\" \/>\n\t<meta property=\"og:image:width\" content=\"1033\" \/>\n\t<meta property=\"og:image:height\" content=\"446\" \/>\n\t<meta property=\"og:image:type\" content=\"image\/png\" \/>\n<meta name=\"twitter:card\" content=\"summary\" \/>\n<meta name=\"twitter:site\" content=\"@dinn_ucsc\" \/>\n<meta name=\"twitter:label1\" content=\"Tiempo de lectura\" \/>\n\t<meta name=\"twitter:data1\" content=\"2 minutos\" \/>\n<script type=\"application\/ld+json\" class=\"yoast-schema-graph\">{\"@context\":\"https:\/\/schema.org\",\"@graph\":[{\"@type\":\"WebSite\",\"@id\":\"https:\/\/dinn.ucsc.cl\/#website\",\"url\":\"https:\/\/dinn.ucsc.cl\/\",\"name\":\"Direcci\u00f3n de Innovaci\u00f3n UCSC\",\"description\":\"Direcci\u00f3n de Innovaci\u00f3n\",\"potentialAction\":[{\"@type\":\"SearchAction\",\"target\":{\"@type\":\"EntryPoint\",\"urlTemplate\":\"https:\/\/dinn.ucsc.cl\/?s={search_term_string}\"},\"query-input\":\"required name=search_term_string\"}],\"inLanguage\":\"es\"},{\"@type\":\"ImageObject\",\"inLanguage\":\"es\",\"@id\":\"https:\/\/dinn.ucsc.cl\/index.php\/dinnova-proyecto-de-investigacion-aplicada-en-idi\/#primaryimage\",\"url\":\"https:\/\/sitios.ucsc.cl\/investigacion\/wp-content\/uploads\/sites\/14\/2022\/08\/DINNOVA2022_destacado.png\",\"contentUrl\":\"https:\/\/sitios.ucsc.cl\/investigacion\/wp-content\/uploads\/sites\/14\/2022\/08\/DINNOVA2022_destacado.png\",\"width\":1033,\"height\":446},{\"@type\":\"WebPage\",\"@id\":\"https:\/\/dinn.ucsc.cl\/index.php\/dinnova-proyecto-de-investigacion-aplicada-en-idi\/#webpage\",\"url\":\"https:\/\/dinn.ucsc.cl\/index.php\/dinnova-proyecto-de-investigacion-aplicada-en-idi\/\",\"name\":\"DINNOVA \u2013 Proyectos de Investigaci\u00f3n Aplicada en I+D+i -\",\"isPartOf\":{\"@id\":\"https:\/\/dinn.ucsc.cl\/#website\"},\"primaryImageOfPage\":{\"@id\":\"https:\/\/dinn.ucsc.cl\/index.php\/dinnova-proyecto-de-investigacion-aplicada-en-idi\/#primaryimage\"},\"datePublished\":\"2019-12-11T13:37:52+00:00\",\"dateModified\":\"2024-09-09T15:20:59+00:00\",\"breadcrumb\":{\"@id\":\"https:\/\/dinn.ucsc.cl\/index.php\/dinnova-proyecto-de-investigacion-aplicada-en-idi\/#breadcrumb\"},\"inLanguage\":\"es\",\"potentialAction\":[{\"@type\":\"ReadAction\",\"target\":[\"https:\/\/dinn.ucsc.cl\/index.php\/dinnova-proyecto-de-investigacion-aplicada-en-idi\/\"]}]},{\"@type\":\"BreadcrumbList\",\"@id\":\"https:\/\/dinn.ucsc.cl\/index.php\/dinnova-proyecto-de-investigacion-aplicada-en-idi\/#breadcrumb\",\"itemListElement\":[{\"@type\":\"ListItem\",\"position\":1,\"name\":\"Inicio\",\"item\":\"https:\/\/dinn.ucsc.cl\/\"},{\"@type\":\"ListItem\",\"position\":2,\"name\":\"DINNOVA \u2013 Proyectos de Investigaci\u00f3n Aplicada en I+D+i\"}]}]}<\/script>\n<!-- \/ Yoast SEO plugin. -->","yoast_head_json":{"title":"DINNOVA \u2013 Proyectos de Investigaci\u00f3n Aplicada en I+D+i -","robots":{"index":"index","follow":"follow","max-snippet":"max-snippet:-1","max-image-preview":"max-image-preview:large","max-video-preview":"max-video-preview:-1"},"canonical":"https:\/\/dinn.ucsc.cl\/index.php\/dinnova-proyecto-de-investigacion-aplicada-en-idi\/","og_locale":"es_ES","og_type":"article","og_title":"DINNOVA \u2013 Proyectos de Investigaci\u00f3n Aplicada en I+D+i -","og_description":"El Fondo interno de Proyectos de Investigaci\u00f3n Aplicada en\u00a0I+D+i\u00a0(DINNOVA), tiene por objeto impulsar la investigaci\u00f3n aplicada e innovaci\u00f3n realizada por los acad\u00e9micos, docentes e investigadores de la Universidad, a trav\u00e9s de proyectos que ofrezcan soluciones a los desaf\u00edos de la industria o la sociedad; as\u00ed como fortalecer las redes de investigaci\u00f3n e innovaci\u00f3n a nivel [&hellip;]","og_url":"https:\/\/dinn.ucsc.cl\/index.php\/dinnova-proyecto-de-investigacion-aplicada-en-idi\/","article_publisher":"https:\/\/m.facebook.com\/DINNUCSC","article_modified_time":"2024-09-09T15:20:59+00:00","og_image":[{"width":1033,"height":446,"url":"https:\/\/sitios.ucsc.cl\/investigacion\/wp-content\/uploads\/sites\/14\/2022\/08\/DINNOVA2022_destacado.png","type":"image\/png"}],"twitter_card":"summary","twitter_site":"@dinn_ucsc","twitter_misc":{"Tiempo de lectura":"2 minutos"},"schema":{"@context":"https:\/\/schema.org","@graph":[{"@type":"WebSite","@id":"https:\/\/dinn.ucsc.cl\/#website","url":"https:\/\/dinn.ucsc.cl\/","name":"Direcci\u00f3n de Innovaci\u00f3n UCSC","description":"Direcci\u00f3n de Innovaci\u00f3n","potentialAction":[{"@type":"SearchAction","target":{"@type":"EntryPoint","urlTemplate":"https:\/\/dinn.ucsc.cl\/?s={search_term_string}"},"query-input":"required name=search_term_string"}],"inLanguage":"es"},{"@type":"ImageObject","inLanguage":"es","@id":"https:\/\/dinn.ucsc.cl\/index.php\/dinnova-proyecto-de-investigacion-aplicada-en-idi\/#primaryimage","url":"https:\/\/sitios.ucsc.cl\/investigacion\/wp-content\/uploads\/sites\/14\/2022\/08\/DINNOVA2022_destacado.png","contentUrl":"https:\/\/sitios.ucsc.cl\/investigacion\/wp-content\/uploads\/sites\/14\/2022\/08\/DINNOVA2022_destacado.png","width":1033,"height":446},{"@type":"WebPage","@id":"https:\/\/dinn.ucsc.cl\/index.php\/dinnova-proyecto-de-investigacion-aplicada-en-idi\/#webpage","url":"https:\/\/dinn.ucsc.cl\/index.php\/dinnova-proyecto-de-investigacion-aplicada-en-idi\/","name":"DINNOVA \u2013 Proyectos de Investigaci\u00f3n Aplicada en I+D+i -","isPartOf":{"@id":"https:\/\/dinn.ucsc.cl\/#website"},"primaryImageOfPage":{"@id":"https:\/\/dinn.ucsc.cl\/index.php\/dinnova-proyecto-de-investigacion-aplicada-en-idi\/#primaryimage"},"datePublished":"2019-12-11T13:37:52+00:00","dateModified":"2024-09-09T15:20:59+00:00","breadcrumb":{"@id":"https:\/\/dinn.ucsc.cl\/index.php\/dinnova-proyecto-de-investigacion-aplicada-en-idi\/#breadcrumb"},"inLanguage":"es","potentialAction":[{"@type":"ReadAction","target":["https:\/\/dinn.ucsc.cl\/index.php\/dinnova-proyecto-de-investigacion-aplicada-en-idi\/"]}]},{"@type":"BreadcrumbList","@id":"https:\/\/dinn.ucsc.cl\/index.php\/dinnova-proyecto-de-investigacion-aplicada-en-idi\/#breadcrumb","itemListElement":[{"@type":"ListItem","position":1,"name":"Inicio","item":"https:\/\/dinn.ucsc.cl\/"},{"@type":"ListItem","position":2,"name":"DINNOVA \u2013 Proyectos de Investigaci\u00f3n Aplicada en I+D+i"}]}]}},"_links":{"self":[{"href":"https:\/\/dinn.ucsc.cl\/index.php\/wp-json\/wp\/v2\/pages\/1456"}],"collection":[{"href":"https:\/\/dinn.ucsc.cl\/index.php\/wp-json\/wp\/v2\/pages"}],"about":[{"href":"https:\/\/dinn.ucsc.cl\/index.php\/wp-json\/wp\/v2\/types\/page"}],"author":[{"embeddable":true,"href":"https:\/\/dinn.ucsc.cl\/index.php\/wp-json\/wp\/v2\/users\/84"}],"replies":[{"embeddable":true,"href":"https:\/\/dinn.ucsc.cl\/index.php\/wp-json\/wp\/v2\/comments?post=1456"}],"version-history":[{"count":58,"href":"https:\/\/dinn.ucsc.cl\/index.php\/wp-json\/wp\/v2\/pages\/1456\/revisions"}],"predecessor-version":[{"id":5770,"href":"https:\/\/dinn.ucsc.cl\/index.php\/wp-json\/wp\/v2\/pages\/1456\/revisions\/5770"}],"wp:featuredmedia":[{"embeddable":true,"href":"https:\/\/dinn.ucsc.cl\/index.php\/wp-json\/wp\/v2\/media\/3862"}],"wp:attachment":[{"href":"https:\/\/dinn.ucsc.cl\/index.php\/wp-json\/wp\/v2\/media?parent=1456"}],"curies":[{"name":"wp","href":"https:\/\/api.w.org\/{rel}","templated":true}]}}