{"id":1961,"date":"2020-03-30T13:37:09","date_gmt":"2020-03-30T16:37:09","guid":{"rendered":"http:\/\/dinn.ucsc.cl\/?page_id=1961"},"modified":"2024-10-17T12:02:08","modified_gmt":"2024-10-17T15:02:08","slug":"innpacta_ucsc_2024","status":"publish","type":"page","link":"https:\/\/dinn.ucsc.cl\/index.php\/innpacta_ucsc_2024\/","title":{"rendered":"INNPACTA UCSC 2024"},"content":{"rendered":"<p><img loading=\"lazy\" class=\"aligncenter wp-image-5900 size-full\" src=\"https:\/\/dinn.ucsc.cl\/wp-content\/uploads\/sites\/14\/2024\/09\/INNPACTA_REC1.png\" alt=\"\" width=\"1006\" height=\"231\" srcset=\"https:\/\/dinn.ucsc.cl\/wp-content\/uploads\/sites\/14\/2024\/09\/INNPACTA_REC1.png 1006w, https:\/\/dinn.ucsc.cl\/wp-content\/uploads\/sites\/14\/2024\/09\/INNPACTA_REC1-300x69.png 300w, https:\/\/dinn.ucsc.cl\/wp-content\/uploads\/sites\/14\/2024\/09\/INNPACTA_REC1-768x176.png 768w, https:\/\/dinn.ucsc.cl\/wp-content\/uploads\/sites\/14\/2024\/09\/INNPACTA_REC1-1000x231.png 1000w, https:\/\/dinn.ucsc.cl\/wp-content\/uploads\/sites\/14\/2024\/09\/INNPACTA_REC1-200x46.png 200w\" sizes=\"(max-width: 1006px) 100vw, 1006px\" \/><\/p>\n<h3 style=\"text-align: center\"><a href=\"https:\/\/forms.office.com\/r\/k7sGkHnYNy\" target=\"_blank\" rel=\"noopener\"><img loading=\"lazy\" class=\"aligncenter wp-image-5901 size-full\" src=\"https:\/\/dinn.ucsc.cl\/wp-content\/uploads\/sites\/14\/2024\/09\/INNPACTA_REC2.png\" alt=\"\" width=\"337\" height=\"71\" srcset=\"https:\/\/dinn.ucsc.cl\/wp-content\/uploads\/sites\/14\/2024\/09\/INNPACTA_REC2.png 337w, https:\/\/dinn.ucsc.cl\/wp-content\/uploads\/sites\/14\/2024\/09\/INNPACTA_REC2-300x63.png 300w, https:\/\/dinn.ucsc.cl\/wp-content\/uploads\/sites\/14\/2024\/09\/INNPACTA_REC2-200x42.png 200w\" sizes=\"(max-width: 337px) 100vw, 337px\" \/><\/a><\/h3>\n<h3><b><img loading=\"lazy\" class=\"alignleft wp-image-5907\" src=\"https:\/\/dinn.ucsc.cl\/wp-content\/uploads\/sites\/14\/2024\/09\/INNPACTA_REC6.png\" alt=\"\" width=\"111\" height=\"89\" \/>\u00bfQu\u00e9 es INNPACTA UCSC?<\/b><\/h3>\n<p><strong>INNPACTA UCSC<\/strong>, es un <span style=\"font-weight: 400\">programa de innovaci\u00f3n, organizado por la Direcci\u00f3n de Innovaci\u00f3n, Ingenier\u00eda 2030, Ciencia 2030 y la facultad de Medicina, que busca inspirar a que estudiantes dise\u00f1en proyectos de innovaci\u00f3n, en base a un desaf\u00edo, con foco en los<\/span>\u00a0<a href=\"https:\/\/www.un.org\/sustainabledevelopment\/es\/objetivos-de-desarrollo-sostenible\/\" target=\"_blank\" rel=\"noopener\"><strong>Objetivos de Desarrollo Sostenible (ODS)<\/strong><\/a>.<\/p>\n<hr \/>\n<h3><b><img loading=\"lazy\" class=\"alignleft wp-image-5906\" src=\"https:\/\/dinn.ucsc.cl\/wp-content\/uploads\/sites\/14\/2024\/09\/INNPACTA_REC5.png\" alt=\"\" width=\"95\" height=\"78\" \/>\u00bfQui\u00e9nes pueden participar?<\/b><\/h3>\n<p>Podr\u00e1n ser parte de esta iniciativa <b>estudiantes de pre y postgrado de la Universidad Cat\u00f3lica de la Sant\u00edsima Concepci\u00f3n.<\/b><\/p>\n<hr \/>\n<h3><\/h3>\n<h3 style=\"text-align: left\"><b><img loading=\"lazy\" class=\"alignleft wp-image-5908\" src=\"https:\/\/dinn.ucsc.cl\/wp-content\/uploads\/sites\/14\/2024\/09\/INNPACTA_REC7.png\" alt=\"\" width=\"95\" height=\"76\" \/>Etapas del proceso<\/b><\/h3>\n<h4 style=\"text-align: left\">Inscripci\u00f3n<\/h4>\n<p><span style=\"font-weight: 400\">Las inscripciones al programa estar\u00e1n abiertas hasta el <strong>viernes 18 de octubre<\/strong>, mediante <a href=\"https:\/\/forms.office.com\/r\/k7sGkHnYNy\" target=\"_blank\" rel=\"noopener\"><strong>formulario online<\/strong>.<\/a><\/span><\/p>\n<h4><\/h4>\n<h4>Programa<\/h4>\n<div class=\"site-content\">\n<div class=\"page-content\">\n<table style=\"height: 138px;width: 1008px\" width=\"814\">\n<tbody>\n<tr style=\"height: 28px\">\n<td style=\"height: 10px;width: 237.766px;text-align: center\"><strong><em>ETAPA<\/em><\/strong><\/td>\n<td style=\"width: 251.719px;text-align: center;height: 10px\"><strong><em>D\u00cdA<\/em><\/strong><\/td>\n<td style=\"width: 242.719px;text-align: center;height: 10px\"><strong><em>HORA<\/em><\/strong><\/td>\n<td style=\"width: 274.797px;text-align: center;height: 10px\"><strong><em>DESCRIPCI\u00d3N<\/em><\/strong><\/td>\n<\/tr>\n<tr style=\"height: 28px\">\n<td style=\"height: 52px;width: 237.766px;text-align: center\"><strong>Inducci\u00f3n<\/strong><\/td>\n<td style=\"width: 251.719px;text-align: center;height: 52px\"><strong>28 de octubre<\/strong><\/td>\n<td style=\"width: 242.719px;text-align: center;height: 52px\"><strong>10.00 hrs. &#8211; 17.00 hrs.<\/strong><\/td>\n<td style=\"width: 274.797px;text-align: center;height: 52px\"><strong>Formaci\u00f3n de equipos<\/strong><\/td>\n<\/tr>\n<tr style=\"height: 28px\">\n<td style=\"height: 28px;width: 237.766px;text-align: center\"><strong>Desaf\u00edo<\/strong><\/td>\n<td style=\"width: 251.719px;text-align: center;height: 28px\"><strong>29 de octubre<\/strong><\/td>\n<td style=\"width: 242.719px;text-align: center;height: 28px\"><strong>10.00 hrs. &#8211; 17.00 hrs.<\/strong><\/td>\n<td style=\"width: 274.797px;text-align: center;height: 28px\"><strong>Presentaci\u00f3n del desaf\u00edo y dise\u00f1o de la soluci\u00f3n<\/strong><\/td>\n<\/tr>\n<tr style=\"height: 28px\">\n<td style=\"height: 48px;width: 237.766px;text-align: center\"><strong>Demo Day<\/strong><\/td>\n<td style=\"width: 251.719px;text-align: center;height: 48px\"><strong>30 de octubre<\/strong><\/td>\n<td style=\"width: 242.719px;text-align: center;height: 48px\"><strong>10.00 hrs. &#8211; 13.00 hrs.<\/strong><\/td>\n<td style=\"width: 274.797px;text-align: center;height: 48px\"><strong>Presentaci\u00f3n y premiaci\u00f3n<\/strong><\/td>\n<\/tr>\n<\/tbody>\n<\/table>\n<\/div>\n<\/div>\n<p>&nbsp;<\/p>\n<p>Las actividades se llevar\u00e1n a cabo en el Campus San Andr\u00e9s de la Universidad Cat\u00f3lica de la Sant\u00edsima Concepci\u00f3n ubicado en <strong>Av. Alonso de Ribera 2850<\/strong>.<\/p>\n<div class=\"site-content\">\n<div class=\"page-content\">\n<hr \/>\n<h3><strong><span style=\"color: #777777;font-family: Roboto, 'Helvetica Neue', Helvetica, Arial, sans-serif;font-size: 1.13333rem\"><img loading=\"lazy\" class=\"alignleft wp-image-5905\" src=\"https:\/\/dinn.ucsc.cl\/wp-content\/uploads\/sites\/14\/2024\/09\/INNPACTA_REC4.png\" alt=\"\" width=\"95\" height=\"76\" \/><\/span><\/strong><\/h3>\n<h3><\/h3>\n<h3><b>Premiaci\u00f3n<\/b><\/h3>\n<p><span style=\"font-weight: 400\">Esta etapa considera la premiaci\u00f3n y reconocimiento a todos los participantes de esta convocatoria.\u00a0 Adem\u00e1s, se premiar\u00e1 a los <\/span><span style=\"font-weight: 400\">3<\/span><span style=\"font-weight: 400\"> mejores\u00a0 proyectos que se desarrollen dentro del programa con premios econ\u00f3micos, incubaci\u00f3n del proyecto seleccionado, y apoyo en el levantamiento de financiamiento para el proyecto:<\/span><\/p>\n<ul>\n<li style=\"font-weight: 400\"><strong>Gira de Innovaci\u00f3n UCSC SANTIAGO NOV 2024<\/strong><\/li>\n<li style=\"font-weight: 400\"><strong>Acceso al Semillero de Innovaci\u00f3n UCSC<\/strong><\/li>\n<li style=\"font-weight: 400\"><strong>Certificaci\u00f3n de participaci\u00f3n<\/strong><\/li>\n<li style=\"font-weight: 400\"><strong>Incubaci\u00f3n del proyecto<\/strong><\/li>\n<li style=\"font-weight: 400\"><strong>Apoyo en el levantamiento de financiamiento para el proyecto<\/strong><\/li>\n<\/ul>\n<hr \/>\n<\/div>\n<\/div>\n<h3><\/h3>\n<h3><img loading=\"lazy\" class=\"alignleft wp-image-5904\" src=\"https:\/\/dinn.ucsc.cl\/wp-content\/uploads\/sites\/14\/2024\/09\/INNPACTA_REC3.png\" alt=\"\" width=\"95\" height=\"77\" \/><span style=\"font-size: 1.4rem\">Consultas<\/span><\/h3>\n<p><span style=\"font-weight: 400\">Si tienes dudas o consultas, escribe un correo electr\u00f3nico a <\/span><a href=\"mailto:uainn@ucsc.cl\"><span style=\"font-weight: 400\">uainn@ucsc.cl<\/span><\/a><span style=\"font-weight: 400\"> con el asunto: \u201cINNPACTA UCSC\u201d<\/span>&#8220;.<\/p>\n<hr \/>\n<p>&nbsp;<\/p>\n<p><a href=\"https:\/\/youtu.be\/zT5FHGEPXKs\" target=\"_blank\" rel=\"noopener\"><img loading=\"lazy\" class=\"aligncenter wp-image-5996 size-full\" src=\"https:\/\/dinn.ucsc.cl\/wp-content\/uploads\/sites\/14\/2024\/10\/INNPACTA_Banner_webinar_VIDEO.png\" alt=\"\" width=\"1025\" height=\"253\" srcset=\"https:\/\/dinn.ucsc.cl\/wp-content\/uploads\/sites\/14\/2024\/10\/INNPACTA_Banner_webinar_VIDEO.png 1025w, https:\/\/dinn.ucsc.cl\/wp-content\/uploads\/sites\/14\/2024\/10\/INNPACTA_Banner_webinar_VIDEO-300x74.png 300w, https:\/\/dinn.ucsc.cl\/wp-content\/uploads\/sites\/14\/2024\/10\/INNPACTA_Banner_webinar_VIDEO-768x190.png 768w, https:\/\/dinn.ucsc.cl\/wp-content\/uploads\/sites\/14\/2024\/10\/INNPACTA_Banner_webinar_VIDEO-200x49.png 200w\" sizes=\"(max-width: 1025px) 100vw, 1025px\" \/><\/a><\/p>\n","protected":false},"excerpt":{"rendered":"<p>\u00bfQu\u00e9 es INNPACTA UCSC? INNPACTA UCSC, es un programa de innovaci\u00f3n, organizado por la Direcci\u00f3n de Innovaci\u00f3n, Ingenier\u00eda 2030, Ciencia 2030 y la facultad de Medicina, que busca inspirar a que estudiantes dise\u00f1en proyectos de innovaci\u00f3n, en base a un desaf\u00edo, con foco en los\u00a0Objetivos de Desarrollo Sostenible (ODS). \u00bfQui\u00e9nes pueden participar? Podr\u00e1n ser parte [&hellip;]<\/p>\n","protected":false},"author":84,"featured_media":0,"parent":0,"menu_order":0,"comment_status":"closed","ping_status":"closed","template":"","meta":[],"yoast_head":"<!-- This site is optimized with the Yoast SEO plugin v18.9 - https:\/\/yoast.com\/wordpress\/plugins\/seo\/ -->\n<title>INNPACTA UCSC 2024 -<\/title>\n<meta name=\"robots\" content=\"index, follow, max-snippet:-1, max-image-preview:large, max-video-preview:-1\" \/>\n<link rel=\"canonical\" href=\"https:\/\/dinn.ucsc.cl\/index.php\/innpacta_ucsc_2024\/\" \/>\n<meta property=\"og:locale\" content=\"es_ES\" \/>\n<meta property=\"og:type\" content=\"article\" \/>\n<meta property=\"og:title\" content=\"INNPACTA UCSC 2024 -\" \/>\n<meta property=\"og:description\" content=\"\u00bfQu\u00e9 es INNPACTA UCSC? INNPACTA UCSC, es un programa de innovaci\u00f3n, organizado por la Direcci\u00f3n de Innovaci\u00f3n, Ingenier\u00eda 2030, Ciencia 2030 y la facultad de Medicina, que busca inspirar a que estudiantes dise\u00f1en proyectos de innovaci\u00f3n, en base a un desaf\u00edo, con foco en los\u00a0Objetivos de Desarrollo Sostenible (ODS). \u00bfQui\u00e9nes pueden participar? Podr\u00e1n ser parte [&hellip;]\" \/>\n<meta property=\"og:url\" content=\"https:\/\/dinn.ucsc.cl\/index.php\/innpacta_ucsc_2024\/\" \/>\n<meta property=\"article:publisher\" content=\"https:\/\/m.facebook.com\/DINNUCSC\" \/>\n<meta property=\"article:modified_time\" content=\"2024-10-17T15:02:08+00:00\" \/>\n<meta property=\"og:image\" content=\"https:\/\/sitios.ucsc.cl\/investigacion\/wp-content\/uploads\/sites\/14\/2024\/09\/INNPACTA_REC1.png\" \/>\n<meta name=\"twitter:card\" content=\"summary\" \/>\n<meta name=\"twitter:site\" content=\"@dinn_ucsc\" \/>\n<meta name=\"twitter:label1\" content=\"Tiempo de lectura\" \/>\n\t<meta name=\"twitter:data1\" content=\"1 minuto\" \/>\n<script type=\"application\/ld+json\" class=\"yoast-schema-graph\">{\"@context\":\"https:\/\/schema.org\",\"@graph\":[{\"@type\":\"WebSite\",\"@id\":\"https:\/\/dinn.ucsc.cl\/#website\",\"url\":\"https:\/\/dinn.ucsc.cl\/\",\"name\":\"Direcci\u00f3n de Innovaci\u00f3n UCSC\",\"description\":\"Direcci\u00f3n de Innovaci\u00f3n\",\"potentialAction\":[{\"@type\":\"SearchAction\",\"target\":{\"@type\":\"EntryPoint\",\"urlTemplate\":\"https:\/\/dinn.ucsc.cl\/?s={search_term_string}\"},\"query-input\":\"required name=search_term_string\"}],\"inLanguage\":\"es\"},{\"@type\":\"ImageObject\",\"inLanguage\":\"es\",\"@id\":\"https:\/\/dinn.ucsc.cl\/index.php\/innpacta_ucsc_2024\/#primaryimage\",\"url\":\"https:\/\/sitios.ucsc.cl\/investigacion\/wp-content\/uploads\/sites\/14\/2024\/09\/INNPACTA_REC1.png\",\"contentUrl\":\"https:\/\/sitios.ucsc.cl\/investigacion\/wp-content\/uploads\/sites\/14\/2024\/09\/INNPACTA_REC1.png\"},{\"@type\":\"WebPage\",\"@id\":\"https:\/\/dinn.ucsc.cl\/index.php\/innpacta_ucsc_2024\/#webpage\",\"url\":\"https:\/\/dinn.ucsc.cl\/index.php\/innpacta_ucsc_2024\/\",\"name\":\"INNPACTA UCSC 2024 -\",\"isPartOf\":{\"@id\":\"https:\/\/dinn.ucsc.cl\/#website\"},\"primaryImageOfPage\":{\"@id\":\"https:\/\/dinn.ucsc.cl\/index.php\/innpacta_ucsc_2024\/#primaryimage\"},\"datePublished\":\"2020-03-30T16:37:09+00:00\",\"dateModified\":\"2024-10-17T15:02:08+00:00\",\"breadcrumb\":{\"@id\":\"https:\/\/dinn.ucsc.cl\/index.php\/innpacta_ucsc_2024\/#breadcrumb\"},\"inLanguage\":\"es\",\"potentialAction\":[{\"@type\":\"ReadAction\",\"target\":[\"https:\/\/dinn.ucsc.cl\/index.php\/innpacta_ucsc_2024\/\"]}]},{\"@type\":\"BreadcrumbList\",\"@id\":\"https:\/\/dinn.ucsc.cl\/index.php\/innpacta_ucsc_2024\/#breadcrumb\",\"itemListElement\":[{\"@type\":\"ListItem\",\"position\":1,\"name\":\"Inicio\",\"item\":\"https:\/\/dinn.ucsc.cl\/\"},{\"@type\":\"ListItem\",\"position\":2,\"name\":\"INNPACTA UCSC 2024\"}]}]}<\/script>\n<!-- \/ Yoast SEO plugin. -->","yoast_head_json":{"title":"INNPACTA UCSC 2024 -","robots":{"index":"index","follow":"follow","max-snippet":"max-snippet:-1","max-image-preview":"max-image-preview:large","max-video-preview":"max-video-preview:-1"},"canonical":"https:\/\/dinn.ucsc.cl\/index.php\/innpacta_ucsc_2024\/","og_locale":"es_ES","og_type":"article","og_title":"INNPACTA UCSC 2024 -","og_description":"\u00bfQu\u00e9 es INNPACTA UCSC? INNPACTA UCSC, es un programa de innovaci\u00f3n, organizado por la Direcci\u00f3n de Innovaci\u00f3n, Ingenier\u00eda 2030, Ciencia 2030 y la facultad de Medicina, que busca inspirar a que estudiantes dise\u00f1en proyectos de innovaci\u00f3n, en base a un desaf\u00edo, con foco en los\u00a0Objetivos de Desarrollo Sostenible (ODS). \u00bfQui\u00e9nes pueden participar? Podr\u00e1n ser parte [&hellip;]","og_url":"https:\/\/dinn.ucsc.cl\/index.php\/innpacta_ucsc_2024\/","article_publisher":"https:\/\/m.facebook.com\/DINNUCSC","article_modified_time":"2024-10-17T15:02:08+00:00","og_image":[{"url":"https:\/\/sitios.ucsc.cl\/investigacion\/wp-content\/uploads\/sites\/14\/2024\/09\/INNPACTA_REC1.png"}],"twitter_card":"summary","twitter_site":"@dinn_ucsc","twitter_misc":{"Tiempo de lectura":"1 minuto"},"schema":{"@context":"https:\/\/schema.org","@graph":[{"@type":"WebSite","@id":"https:\/\/dinn.ucsc.cl\/#website","url":"https:\/\/dinn.ucsc.cl\/","name":"Direcci\u00f3n de Innovaci\u00f3n UCSC","description":"Direcci\u00f3n de Innovaci\u00f3n","potentialAction":[{"@type":"SearchAction","target":{"@type":"EntryPoint","urlTemplate":"https:\/\/dinn.ucsc.cl\/?s={search_term_string}"},"query-input":"required name=search_term_string"}],"inLanguage":"es"},{"@type":"ImageObject","inLanguage":"es","@id":"https:\/\/dinn.ucsc.cl\/index.php\/innpacta_ucsc_2024\/#primaryimage","url":"https:\/\/sitios.ucsc.cl\/investigacion\/wp-content\/uploads\/sites\/14\/2024\/09\/INNPACTA_REC1.png","contentUrl":"https:\/\/sitios.ucsc.cl\/investigacion\/wp-content\/uploads\/sites\/14\/2024\/09\/INNPACTA_REC1.png"},{"@type":"WebPage","@id":"https:\/\/dinn.ucsc.cl\/index.php\/innpacta_ucsc_2024\/#webpage","url":"https:\/\/dinn.ucsc.cl\/index.php\/innpacta_ucsc_2024\/","name":"INNPACTA UCSC 2024 -","isPartOf":{"@id":"https:\/\/dinn.ucsc.cl\/#website"},"primaryImageOfPage":{"@id":"https:\/\/dinn.ucsc.cl\/index.php\/innpacta_ucsc_2024\/#primaryimage"},"datePublished":"2020-03-30T16:37:09+00:00","dateModified":"2024-10-17T15:02:08+00:00","breadcrumb":{"@id":"https:\/\/dinn.ucsc.cl\/index.php\/innpacta_ucsc_2024\/#breadcrumb"},"inLanguage":"es","potentialAction":[{"@type":"ReadAction","target":["https:\/\/dinn.ucsc.cl\/index.php\/innpacta_ucsc_2024\/"]}]},{"@type":"BreadcrumbList","@id":"https:\/\/dinn.ucsc.cl\/index.php\/innpacta_ucsc_2024\/#breadcrumb","itemListElement":[{"@type":"ListItem","position":1,"name":"Inicio","item":"https:\/\/dinn.ucsc.cl\/"},{"@type":"ListItem","position":2,"name":"INNPACTA UCSC 2024"}]}]}},"_links":{"self":[{"href":"https:\/\/dinn.ucsc.cl\/index.php\/wp-json\/wp\/v2\/pages\/1961"}],"collection":[{"href":"https:\/\/dinn.ucsc.cl\/index.php\/wp-json\/wp\/v2\/pages"}],"about":[{"href":"https:\/\/dinn.ucsc.cl\/index.php\/wp-json\/wp\/v2\/types\/page"}],"author":[{"embeddable":true,"href":"https:\/\/dinn.ucsc.cl\/index.php\/wp-json\/wp\/v2\/users\/84"}],"replies":[{"embeddable":true,"href":"https:\/\/dinn.ucsc.cl\/index.php\/wp-json\/wp\/v2\/comments?post=1961"}],"version-history":[{"count":73,"href":"https:\/\/dinn.ucsc.cl\/index.php\/wp-json\/wp\/v2\/pages\/1961\/revisions"}],"predecessor-version":[{"id":5903,"href":"https:\/\/dinn.ucsc.cl\/index.php\/wp-json\/wp\/v2\/pages\/1961\/revisions\/5903"}],"wp:attachment":[{"href":"https:\/\/dinn.ucsc.cl\/index.php\/wp-json\/wp\/v2\/media?parent=1961"}],"curies":[{"name":"wp","href":"https:\/\/api.w.org\/{rel}","templated":true}]}}