{"id":2245,"date":"2020-09-23T11:04:21","date_gmt":"2020-09-23T14:04:21","guid":{"rendered":"https:\/\/dinn.ucsc.cl\/?page_id=2245"},"modified":"2023-12-26T17:09:19","modified_gmt":"2023-12-26T20:09:19","slug":"escuela-de-agentes-de-cambio","status":"publish","type":"page","link":"https:\/\/dinn.ucsc.cl\/index.php\/escuela-de-agentes-de-cambio\/","title":{"rendered":"Escuela de Agentes de Cambio UCSC"},"content":{"rendered":"<h2><img loading=\"lazy\" class=\"aligncenter wp-image-5697 size-full\" src=\"https:\/\/dinn.ucsc.cl\/wp-content\/uploads\/sites\/14\/2023\/12\/BANNER_EADC__2022.png\" alt=\"\" width=\"1140\" height=\"363\" srcset=\"https:\/\/dinn.ucsc.cl\/wp-content\/uploads\/sites\/14\/2023\/12\/BANNER_EADC__2022.png 1140w, https:\/\/dinn.ucsc.cl\/wp-content\/uploads\/sites\/14\/2023\/12\/BANNER_EADC__2022-300x96.png 300w, https:\/\/dinn.ucsc.cl\/wp-content\/uploads\/sites\/14\/2023\/12\/BANNER_EADC__2022-1024x326.png 1024w, https:\/\/dinn.ucsc.cl\/wp-content\/uploads\/sites\/14\/2023\/12\/BANNER_EADC__2022-768x245.png 768w, https:\/\/dinn.ucsc.cl\/wp-content\/uploads\/sites\/14\/2023\/12\/BANNER_EADC__2022-200x64.png 200w\" sizes=\"(max-width: 1140px) 100vw, 1140px\" \/><\/h2>\n<hr \/>\n<h3 style=\"text-align: center\"><a href=\"https:\/\/forms.office.com\/pages\/responsepage.aspx?id=8xoE0ySPw0aauEfWElrHJUUEh06_oqVMq2O9BYs_2KtUNktQRTFDMVZKQ05RSUEyOEoyM0dZUFRYUi4u\" target=\"_blank\" rel=\"noopener\"><img loading=\"lazy\" class=\"aligncenter wp-image-5036 size-medium\" src=\"https:\/\/dinn.ucsc.cl\/wp-content\/uploads\/sites\/14\/2023\/05\/Inscribete-Aqui-300x69.png\" alt=\"\" width=\"300\" height=\"69\" srcset=\"https:\/\/dinn.ucsc.cl\/wp-content\/uploads\/sites\/14\/2023\/05\/Inscribete-Aqui-300x69.png 300w, https:\/\/dinn.ucsc.cl\/wp-content\/uploads\/sites\/14\/2023\/05\/Inscribete-Aqui-768x175.png 768w, https:\/\/dinn.ucsc.cl\/wp-content\/uploads\/sites\/14\/2023\/05\/Inscribete-Aqui-200x46.png 200w, https:\/\/dinn.ucsc.cl\/wp-content\/uploads\/sites\/14\/2023\/05\/Inscribete-Aqui.png 801w\" sizes=\"(max-width: 300px) 100vw, 300px\" \/><\/a><\/h3>\n<hr \/>\n<h3>\u00bfQu\u00e9 es la Escuela de Agentes de Cambio?<\/h3>\n<p><span class=\"TextRun SCXW238598159 BCX8\" lang=\"ES-ES\" xml:lang=\"ES-ES\" data-contrast=\"auto\"><span class=\"NormalTextRun SCXW238598159 BCX8\">La escuela Ag<\/span><span class=\"NormalTextRun SCXW238598159 BCX8\">entes de cambio es una iniciativa de la Direcci\u00f3n de Apoyo a los Estudiantes y la Direcci\u00f3n de Innovaci\u00f3n de la UCSC cuyo prop\u00f3sito es entregar conocimientos<\/span><span class=\"NormalTextRun SCXW238598159 BCX8\">,<\/span><span class=\"NormalTextRun SCXW238598159 BCX8\"> herramientas <\/span><span class=\"NormalTextRun SCXW238598159 BCX8\">y<\/span><\/span><span class=\"TextRun SCXW238598159 BCX8\" lang=\"ES-ES\" xml:lang=\"ES-ES\" data-contrast=\"auto\"> <span class=\"NormalTextRun SCXW238598159 BCX8\">una experiencia significativ<\/span><span class=\"NormalTextRun SCXW238598159 BCX8\">a<\/span><\/span><span class=\"TextRun SCXW238598159 BCX8\" lang=\"ES-ES\" xml:lang=\"ES-ES\" data-contrast=\"auto\"><span class=\"NormalTextRun SCXW238598159 BCX8\"> los estudiantes para que se transformen en l\u00edderes Agentes de Cambio en conjunto otros actores de su comunidad<\/span><span class=\"NormalTextRun SCXW238598159 BCX8\">,<\/span><span class=\"NormalTextRun SCXW238598159 BCX8\"> teniendo como base los Objetivos de Desarrollo Sostenible.<\/span><\/span><span class=\"EOP SCXW238598159 BCX8\" data-ccp-props=\"{&quot;201341983&quot;:0,&quot;335551550&quot;:6,&quot;335551620&quot;:6,&quot;335559739&quot;:160,&quot;335559740&quot;:240}\">\u00a0<\/span><\/p>\n<hr \/>\n<h3>\u00bfQu\u00e9 es un Agente de Cambio?<\/h3>\n<p><span class=\"TextRun SCXW214805694 BCX8\" lang=\"ES-ES\" xml:lang=\"ES-ES\" data-contrast=\"auto\"><span class=\"NormalTextRun SCXW214805694 BCX8\">Son personas capaces de re<\/span><span class=\"NormalTextRun SCXW214805694 BCX8\">sponder de forma creativa a <\/span><span class=\"NormalTextRun SCXW214805694 BCX8\">problemas sociales<\/span><span class=\"NormalTextRun SCXW214805694 BCX8\"> y\/o medioambientales, impulsando la generaci\u00f3n que iniciativas que aborden<\/span> <span class=\"NormalTextRun SCXW214805694 BCX8\">esas problem\u00e1ticas<\/span><span class=\"NormalTextRun SCXW214805694 BCX8\"> para lograr un desarrollo sostenible<\/span><span class=\"NormalTextRun SCXW214805694 BCX8\">.<\/span><\/span><\/p>\n<hr \/>\n<h3>\u00bfQui\u00e9nes pueden participar?<\/h3>\n<p><span class=\"TextRun SCXW241501628 BCX8\" lang=\"ES-ES\" xml:lang=\"ES-ES\" data-contrast=\"auto\"><span class=\"NormalTextRun SCXW241501628 BCX8\">Esta es una iniciativa dirigida a los estu<\/span><span class=\"NormalTextRun SCXW241501628 BCX8\">diantes de pregrado y <\/span><span class=\"NormalTextRun SCXW241501628 BCX8\">postgrado <\/span><span class=\"NormalTextRun SCXW241501628 BCX8\">de la UCSC que busquen<\/span><span class=\"NormalTextRun SCXW241501628 BCX8\"> p<\/span><span class=\"NormalTextRun SCXW241501628 BCX8\">romover<\/span><span class=\"NormalTextRun SCXW241501628 BCX8\"> el desarrollo sostenible desde la universidad.<\/span><\/span><span class=\"EOP SCXW241501628 BCX8\" data-ccp-props=\"{&quot;201341983&quot;:0,&quot;335551550&quot;:6,&quot;335551620&quot;:6,&quot;335559739&quot;:160,&quot;335559740&quot;:240}\">\u00a0<\/span><\/p>\n<p><span data-contrast=\"auto\">Los estudiantes interesados en postular a la Escuela Agentes de Cambio deber\u00e1n cumplir con los siguientes requisitos: <\/span><span data-ccp-props=\"{&quot;201341983&quot;:0,&quot;335551550&quot;:6,&quot;335551620&quot;:6,&quot;335559685&quot;:0,&quot;335559739&quot;:160,&quot;335559740&quot;:240}\">\u00a0<\/span><\/p>\n<ol>\n<li data-leveltext=\"%1)\" data-font=\"Calibri\" data-listid=\"26\" data-list-defn-props=\"{&quot;335551671&quot;:1,&quot;335552541&quot;:0,&quot;335559683&quot;:0,&quot;335559684&quot;:-1,&quot;335559685&quot;:360,&quot;335559991&quot;:360,&quot;469769242&quot;:[65533,4,46],&quot;469777803&quot;:&quot;left&quot;,&quot;469777804&quot;:&quot;%1)&quot;,&quot;469777815&quot;:&quot;hybridMultilevel&quot;}\" data-aria-posinset=\"1\" data-aria-level=\"1\"><span data-contrast=\"auto\">Para estudiantes de pregrado, los postulantes deben haber cursado, a lo menos, 1 semestre de su plan de estudios y ser alumno regular.<\/span><span data-ccp-props=\"{&quot;201341983&quot;:0,&quot;335551550&quot;:6,&quot;335551620&quot;:6,&quot;335559739&quot;:160,&quot;335559740&quot;:240}\">\u00a0<\/span><\/li>\n<li data-leveltext=\"%1)\" data-font=\"Calibri\" data-listid=\"26\" data-list-defn-props=\"{&quot;335551671&quot;:1,&quot;335552541&quot;:0,&quot;335559683&quot;:0,&quot;335559684&quot;:-1,&quot;335559685&quot;:360,&quot;335559991&quot;:360,&quot;469769242&quot;:[65533,4,46],&quot;469777803&quot;:&quot;left&quot;,&quot;469777804&quot;:&quot;%1)&quot;,&quot;469777815&quot;:&quot;hybridMultilevel&quot;}\" data-aria-posinset=\"2\" data-aria-level=\"1\"><span data-contrast=\"auto\">Para estudiantes de postgrado, los postulantes deben haber cursado, a lo menos, 1 semestre de su plan de estudios y ser alumno regular. <\/span><\/li>\n<\/ol>\n<p><strong data-ogsb=\"\">IMPORTANTE: Quienes resulten seleccionados para participar en la Escuela Agentes de Cambio deber\u00e1n participar y asistir a todas las actividades definidas en las etapas del programa.<\/strong><\/p>\n<h4 style=\"text-align: right\"><a href=\"https:\/\/forms.office.com\/pages\/responsepage.aspx?id=8xoE0ySPw0aauEfWElrHJUUEh06_oqVMq2O9BYs_2KtUNktQRTFDMVZKQ05RSUEyOEoyM0dZUFRYUi4u\"><strong>\u00a1Inscripciones Abiertas!<\/strong><\/a><\/h4>\n<hr \/>\n<h3>Etapas del proceso:<\/h3>\n<p><span class=\"TextRun SCXW71561143 BCX8\" lang=\"ES-ES\" xml:lang=\"ES-ES\" data-contrast=\"auto\"><span class=\"NormalTextRun SCXW71561143 BCX8\">E<\/span><span class=\"NormalTextRun SCXW71561143 BCX8\">l programa se <\/span><span class=\"NormalTextRun SCXW71561143 BCX8\">desarrollar\u00e1 en<\/span><span class=\"NormalTextRun SCXW71561143 BCX8\"> modalidad <\/span><span class=\"NormalTextRun SCXW71561143 BCX8\">presencial<\/span><span class=\"NormalTextRun SCXW71561143 BCX8\"> en la Universidad y tambi\u00e9n contempla una salida a terreno<\/span><span class=\"NormalTextRun SCXW71561143 BCX8\"> para fortalecer el aprendizaje<\/span><span class=\"NormalTextRun SCXW71561143 BCX8\">, con una amplia utilizaci\u00f3n de<\/span> <span class=\"NormalTextRun SCXW71561143 BCX8\">recursos pedag\u00f3gicos<\/span><span class=\"NormalTextRun SCXW71561143 BCX8\"> que favore<\/span><span class=\"NormalTextRun SCXW71561143 BCX8\">zca<\/span><span class=\"NormalTextRun SCXW71561143 BCX8\">n la interacci\u00f3n e intercambio de experiencias <\/span><span class=\"NormalTextRun SCXW71561143 BCX8\">entre<\/span><span class=\"NormalTextRun SCXW71561143 BCX8\"> los y las estudiantes<\/span><span class=\"NormalTextRun SCXW71561143 BCX8\">.<\/span> <span class=\"NormalTextRun SCXW71561143 BCX8\">La salida a<\/span><\/span><span class=\"TextRun SCXW71561143 BCX8\" lang=\"ES-ES\" xml:lang=\"ES-ES\" data-contrast=\"auto\"><span class=\"NormalTextRun SCXW71561143 BCX8\"> terreno<\/span><span class=\"NormalTextRun SCXW71561143 BCX8\"> ser\u00e1<\/span><\/span><span class=\"TextRun SCXW71561143 BCX8\" lang=\"ES-ES\" xml:lang=\"ES-ES\" data-contrast=\"auto\"><span class=\"NormalTextRun SCXW71561143 BCX8\">\u00a0en el Centro <\/span><span class=\"NormalTextRun SCXW71561143 BCX8\">de Educaci\u00f3n Los Pellines: <\/span><\/span><a class=\"Hyperlink SCXW71561143 BCX8\" href=\"http:\/\/www.lospellines.cl\/\" target=\"_blank\" rel=\"noreferrer noopener\"><span class=\"TextRun Underlined SCXW71561143 BCX8\" lang=\"ES-ES\" xml:lang=\"ES-ES\" data-contrast=\"none\"><span class=\"NormalTextRun SCXW71561143 BCX8\" data-ccp-charstyle=\"Hyperlink\">www.lospellines.cl<\/span><\/span><\/a><span class=\"EOP SCXW71561143 BCX8\" data-ccp-props=\"{&quot;201341983&quot;:0,&quot;335551550&quot;:6,&quot;335551620&quot;:6,&quot;335559739&quot;:160,&quot;335559740&quot;:259}\">\u00a0<\/span><\/p>\n<ul>\n<li><strong>Inscripci\u00f3n<\/strong><br \/>\nInscripciones abiertas desde el d\u00eda martes <strong>26 de diciembre 2023<\/strong> hasta el d\u00eda viernes <strong>12 de enero 2024<\/strong>.<\/li>\n<li><b><span data-contrast=\"auto\">Etapa I: Reconociendo el Cambio: mi\u00e9rcoles 17 de enero 2024.<\/span><\/b><span data-ccp-props=\"{&quot;201341983&quot;:0,&quot;335551550&quot;:6,&quot;335551620&quot;:6,&quot;335559739&quot;:0,&quot;335559740&quot;:240}\">\u00a0<\/span><span data-contrast=\"auto\">En dicha jornada las y los estudiantes seleccionados participar\u00e1n en los talleres y charlas centradas en identificar su prop\u00f3sito y el rol de un Agente de Cambio en concordancia con el Sello UCSC.<\/span><span data-ccp-props=\"{&quot;134233118&quot;:false,&quot;201341983&quot;:0,&quot;335551550&quot;:6,&quot;335551620&quot;:6,&quot;335559739&quot;:160,&quot;335559740&quot;:240}\">\u00a0<\/span><\/li>\n<li><b><span data-contrast=\"auto\">Etapa II: Explorando el Cambio: s\u00e1bado 20 y Domingo 21 de enero 2023.<\/span><\/b>Jornada de trabajo de 2 d\u00edas que se llevar\u00e1 a cabo en el Centro Educativo Pellines en \u00d1uble, el cual estar\u00e1 centrado en la formaci\u00f3n y empoderamiento de los participantes como l\u00edderes capaces de desarrollar acciones que promuevan cambios sociales y\/o medioambientales que impacte en su entorno.<\/li>\n<li><b style=\"font-size: 1rem\"><span data-contrast=\"auto\">Etapa III: Construyendo el Cambio: mi\u00e9rcoles 24 de enero 2023.<\/span><\/b> Jornada de trabajo enfocada en el desarrollo de soluciones innovadoras que aborden los Objetivo de Desarrollo Sostenible.<span style=\"font-size: 1rem\" data-ccp-props=\"{&quot;201341983&quot;:0,&quot;335551550&quot;:6,&quot;335551620&quot;:6,&quot;335559739&quot;:0,&quot;335559740&quot;:240}\">\u00a0<\/span><\/li>\n<\/ul>\n<hr \/>\n<h3><strong>Inscripciones:<\/strong><\/h3>\n<h4>Las inscripciones al programa estar\u00e1n abiertas a trav\u00e9s del siguiente\u00a0<strong><a href=\"https:\/\/forms.office.com\/pages\/responsepage.aspx?id=8xoE0ySPw0aauEfWElrHJUUEh06_oqVMq2O9BYs_2KtUNktQRTFDMVZKQ05RSUEyOEoyM0dZUFRYUi4u\">formulario online<\/a><\/strong> \u00a0hasta el <strong>12 de enero 2024.<\/strong><\/h4>\n<hr \/>\n<h3>Dudas y Consultas sobre el proceso:<\/h3>\n<p>Debes escribir al correo<strong> uainn@ucsc.cl<\/strong>\u202fcon el asunto \u201cEscuela Agentes de Cambio UCSC\u201d<\/p>\n<p><strong><a href=\"https:\/\/dinn.ucsc.cl\/wp-content\/uploads\/sites\/14\/2023\/12\/Estructura-Escuela-Agentes-de-Cambio.pdf\" target=\"_blank\" rel=\"noopener\">Descargar Bases<\/a><\/strong><\/p>\n<h3><\/h3>\n","protected":false},"excerpt":{"rendered":"<p>\u00bfQu\u00e9 es la Escuela de Agentes de Cambio? La escuela Agentes de cambio es una iniciativa de la Direcci\u00f3n de Apoyo a los Estudiantes y la Direcci\u00f3n de Innovaci\u00f3n de la UCSC cuyo prop\u00f3sito es entregar conocimientos, herramientas y una experiencia significativa los estudiantes para que se transformen en l\u00edderes Agentes de Cambio en conjunto [&hellip;]<\/p>\n","protected":false},"author":84,"featured_media":0,"parent":0,"menu_order":0,"comment_status":"closed","ping_status":"closed","template":"","meta":[],"yoast_head":"<!-- This site is optimized with the Yoast SEO plugin v18.9 - https:\/\/yoast.com\/wordpress\/plugins\/seo\/ -->\n<title>Escuela de Agentes de Cambio UCSC -<\/title>\n<meta name=\"robots\" content=\"index, follow, max-snippet:-1, max-image-preview:large, max-video-preview:-1\" \/>\n<link rel=\"canonical\" href=\"https:\/\/dinn.ucsc.cl\/index.php\/escuela-de-agentes-de-cambio\/\" \/>\n<meta property=\"og:locale\" content=\"es_ES\" \/>\n<meta property=\"og:type\" content=\"article\" \/>\n<meta property=\"og:title\" content=\"Escuela de Agentes de Cambio UCSC -\" \/>\n<meta property=\"og:description\" content=\"\u00bfQu\u00e9 es la Escuela de Agentes de Cambio? La escuela Agentes de cambio es una iniciativa de la Direcci\u00f3n de Apoyo a los Estudiantes y la Direcci\u00f3n de Innovaci\u00f3n de la UCSC cuyo prop\u00f3sito es entregar conocimientos, herramientas y una experiencia significativa los estudiantes para que se transformen en l\u00edderes Agentes de Cambio en conjunto [&hellip;]\" \/>\n<meta property=\"og:url\" content=\"https:\/\/dinn.ucsc.cl\/index.php\/escuela-de-agentes-de-cambio\/\" \/>\n<meta property=\"article:publisher\" content=\"https:\/\/m.facebook.com\/DINNUCSC\" \/>\n<meta property=\"article:modified_time\" content=\"2023-12-26T20:09:19+00:00\" \/>\n<meta property=\"og:image\" content=\"https:\/\/sitios.ucsc.cl\/investigacion\/wp-content\/uploads\/sites\/14\/2023\/12\/BANNER_EADC__2022.png\" \/>\n<meta name=\"twitter:card\" content=\"summary\" \/>\n<meta name=\"twitter:site\" content=\"@dinn_ucsc\" \/>\n<meta name=\"twitter:label1\" content=\"Tiempo de lectura\" \/>\n\t<meta name=\"twitter:data1\" content=\"2 minutos\" \/>\n<script type=\"application\/ld+json\" class=\"yoast-schema-graph\">{\"@context\":\"https:\/\/schema.org\",\"@graph\":[{\"@type\":\"WebSite\",\"@id\":\"https:\/\/dinn.ucsc.cl\/#website\",\"url\":\"https:\/\/dinn.ucsc.cl\/\",\"name\":\"Direcci\u00f3n de Innovaci\u00f3n UCSC\",\"description\":\"Direcci\u00f3n de Innovaci\u00f3n\",\"potentialAction\":[{\"@type\":\"SearchAction\",\"target\":{\"@type\":\"EntryPoint\",\"urlTemplate\":\"https:\/\/dinn.ucsc.cl\/?s={search_term_string}\"},\"query-input\":\"required name=search_term_string\"}],\"inLanguage\":\"es\"},{\"@type\":\"ImageObject\",\"inLanguage\":\"es\",\"@id\":\"https:\/\/dinn.ucsc.cl\/index.php\/escuela-de-agentes-de-cambio\/#primaryimage\",\"url\":\"https:\/\/sitios.ucsc.cl\/investigacion\/wp-content\/uploads\/sites\/14\/2023\/12\/BANNER_EADC__2022.png\",\"contentUrl\":\"https:\/\/sitios.ucsc.cl\/investigacion\/wp-content\/uploads\/sites\/14\/2023\/12\/BANNER_EADC__2022.png\"},{\"@type\":\"WebPage\",\"@id\":\"https:\/\/dinn.ucsc.cl\/index.php\/escuela-de-agentes-de-cambio\/#webpage\",\"url\":\"https:\/\/dinn.ucsc.cl\/index.php\/escuela-de-agentes-de-cambio\/\",\"name\":\"Escuela de Agentes de Cambio UCSC -\",\"isPartOf\":{\"@id\":\"https:\/\/dinn.ucsc.cl\/#website\"},\"primaryImageOfPage\":{\"@id\":\"https:\/\/dinn.ucsc.cl\/index.php\/escuela-de-agentes-de-cambio\/#primaryimage\"},\"datePublished\":\"2020-09-23T14:04:21+00:00\",\"dateModified\":\"2023-12-26T20:09:19+00:00\",\"breadcrumb\":{\"@id\":\"https:\/\/dinn.ucsc.cl\/index.php\/escuela-de-agentes-de-cambio\/#breadcrumb\"},\"inLanguage\":\"es\",\"potentialAction\":[{\"@type\":\"ReadAction\",\"target\":[\"https:\/\/dinn.ucsc.cl\/index.php\/escuela-de-agentes-de-cambio\/\"]}]},{\"@type\":\"BreadcrumbList\",\"@id\":\"https:\/\/dinn.ucsc.cl\/index.php\/escuela-de-agentes-de-cambio\/#breadcrumb\",\"itemListElement\":[{\"@type\":\"ListItem\",\"position\":1,\"name\":\"Inicio\",\"item\":\"https:\/\/dinn.ucsc.cl\/\"},{\"@type\":\"ListItem\",\"position\":2,\"name\":\"Escuela de Agentes de Cambio UCSC\"}]}]}<\/script>\n<!-- \/ Yoast SEO plugin. -->","yoast_head_json":{"title":"Escuela de Agentes de Cambio UCSC -","robots":{"index":"index","follow":"follow","max-snippet":"max-snippet:-1","max-image-preview":"max-image-preview:large","max-video-preview":"max-video-preview:-1"},"canonical":"https:\/\/dinn.ucsc.cl\/index.php\/escuela-de-agentes-de-cambio\/","og_locale":"es_ES","og_type":"article","og_title":"Escuela de Agentes de Cambio UCSC -","og_description":"\u00bfQu\u00e9 es la Escuela de Agentes de Cambio? La escuela Agentes de cambio es una iniciativa de la Direcci\u00f3n de Apoyo a los Estudiantes y la Direcci\u00f3n de Innovaci\u00f3n de la UCSC cuyo prop\u00f3sito es entregar conocimientos, herramientas y una experiencia significativa los estudiantes para que se transformen en l\u00edderes Agentes de Cambio en conjunto [&hellip;]","og_url":"https:\/\/dinn.ucsc.cl\/index.php\/escuela-de-agentes-de-cambio\/","article_publisher":"https:\/\/m.facebook.com\/DINNUCSC","article_modified_time":"2023-12-26T20:09:19+00:00","og_image":[{"url":"https:\/\/sitios.ucsc.cl\/investigacion\/wp-content\/uploads\/sites\/14\/2023\/12\/BANNER_EADC__2022.png"}],"twitter_card":"summary","twitter_site":"@dinn_ucsc","twitter_misc":{"Tiempo de lectura":"2 minutos"},"schema":{"@context":"https:\/\/schema.org","@graph":[{"@type":"WebSite","@id":"https:\/\/dinn.ucsc.cl\/#website","url":"https:\/\/dinn.ucsc.cl\/","name":"Direcci\u00f3n de Innovaci\u00f3n UCSC","description":"Direcci\u00f3n de Innovaci\u00f3n","potentialAction":[{"@type":"SearchAction","target":{"@type":"EntryPoint","urlTemplate":"https:\/\/dinn.ucsc.cl\/?s={search_term_string}"},"query-input":"required name=search_term_string"}],"inLanguage":"es"},{"@type":"ImageObject","inLanguage":"es","@id":"https:\/\/dinn.ucsc.cl\/index.php\/escuela-de-agentes-de-cambio\/#primaryimage","url":"https:\/\/sitios.ucsc.cl\/investigacion\/wp-content\/uploads\/sites\/14\/2023\/12\/BANNER_EADC__2022.png","contentUrl":"https:\/\/sitios.ucsc.cl\/investigacion\/wp-content\/uploads\/sites\/14\/2023\/12\/BANNER_EADC__2022.png"},{"@type":"WebPage","@id":"https:\/\/dinn.ucsc.cl\/index.php\/escuela-de-agentes-de-cambio\/#webpage","url":"https:\/\/dinn.ucsc.cl\/index.php\/escuela-de-agentes-de-cambio\/","name":"Escuela de Agentes de Cambio UCSC -","isPartOf":{"@id":"https:\/\/dinn.ucsc.cl\/#website"},"primaryImageOfPage":{"@id":"https:\/\/dinn.ucsc.cl\/index.php\/escuela-de-agentes-de-cambio\/#primaryimage"},"datePublished":"2020-09-23T14:04:21+00:00","dateModified":"2023-12-26T20:09:19+00:00","breadcrumb":{"@id":"https:\/\/dinn.ucsc.cl\/index.php\/escuela-de-agentes-de-cambio\/#breadcrumb"},"inLanguage":"es","potentialAction":[{"@type":"ReadAction","target":["https:\/\/dinn.ucsc.cl\/index.php\/escuela-de-agentes-de-cambio\/"]}]},{"@type":"BreadcrumbList","@id":"https:\/\/dinn.ucsc.cl\/index.php\/escuela-de-agentes-de-cambio\/#breadcrumb","itemListElement":[{"@type":"ListItem","position":1,"name":"Inicio","item":"https:\/\/dinn.ucsc.cl\/"},{"@type":"ListItem","position":2,"name":"Escuela de Agentes de Cambio UCSC"}]}]}},"_links":{"self":[{"href":"https:\/\/dinn.ucsc.cl\/index.php\/wp-json\/wp\/v2\/pages\/2245"}],"collection":[{"href":"https:\/\/dinn.ucsc.cl\/index.php\/wp-json\/wp\/v2\/pages"}],"about":[{"href":"https:\/\/dinn.ucsc.cl\/index.php\/wp-json\/wp\/v2\/types\/page"}],"author":[{"embeddable":true,"href":"https:\/\/dinn.ucsc.cl\/index.php\/wp-json\/wp\/v2\/users\/84"}],"replies":[{"embeddable":true,"href":"https:\/\/dinn.ucsc.cl\/index.php\/wp-json\/wp\/v2\/comments?post=2245"}],"version-history":[{"count":34,"href":"https:\/\/dinn.ucsc.cl\/index.php\/wp-json\/wp\/v2\/pages\/2245\/revisions"}],"predecessor-version":[{"id":5348,"href":"https:\/\/dinn.ucsc.cl\/index.php\/wp-json\/wp\/v2\/pages\/2245\/revisions\/5348"}],"wp:attachment":[{"href":"https:\/\/dinn.ucsc.cl\/index.php\/wp-json\/wp\/v2\/media?parent=2245"}],"curies":[{"name":"wp","href":"https:\/\/api.w.org\/{rel}","templated":true}]}}