{"id":2488,"date":"2020-10-20T15:54:31","date_gmt":"2020-10-20T18:54:31","guid":{"rendered":"https:\/\/dinn.ucsc.cl\/?page_id=2488"},"modified":"2023-01-10T17:00:36","modified_gmt":"2023-01-10T20:00:36","slug":"programa-de-fortalecimiento-de-habilidades-para-el-emprendimiento-local-2","status":"publish","type":"page","link":"https:\/\/dinn.ucsc.cl\/index.php\/programa-de-fortalecimiento-de-habilidades-para-el-emprendimiento-local-2\/","title":{"rendered":"Programa de Fortalecimiento de Habilidades para el Emprendimiento Local"},"content":{"rendered":"<p>Un proyecto financiado por Corfo Biob\u00edo y por las municipalidades de Arauco, Curanilahue y Los \u00c1lamos, y ejecutado por la Universidad Cat\u00f3lica de la Sant\u00edsima Concepci\u00f3n. Programa que capacit\u00f3 a emprendedores de la Provincia de Arauco a trav\u00e9s de mentor\u00edas y entregando las herramientas necesarias para el desarrollo de sus emprendimientos ligados al turismo.<\/p>\n<p>Los participantes recibieron adem\u00e1s una asesor\u00eda t\u00e9cnica comunicacional por la que se dise\u00f1\u00f3 la identidad visual de cada proyecto, con el fin de fortalecer su proceso de difusi\u00f3n, distribuci\u00f3n y venta.<\/p>\n<p><iframe loading=\"lazy\" title=\"Fortalecimiento de habilidades para Emprendedores Locales #Arauco\" width=\"500\" height=\"281\" src=\"https:\/\/www.youtube.com\/embed\/2P_HLr7kXd0?list=PLRNIsrTREiI-xdW5FTrVz7pU3U0VyQ3Ko\" frameborder=\"0\" allow=\"accelerometer; autoplay; clipboard-write; encrypted-media; gyroscope; picture-in-picture; web-share\" allowfullscreen><\/iframe><\/p>\n<h3 style=\"text-align: left\"><a href=\"https:\/\/www.ucsc.cl\/noticias\/emprendedores-de-la-provincia-de-arauco-se-certificaron-en-proyecto-que-potencia-el-emprendimiento-local\/\" target=\"_blank\" rel=\"noopener\">Revisa la nota y galer\u00eda fotogr\u00e1fica aqu\u00ed<\/a><\/h3>\n<h3 style=\"text-align: left\"><a href=\"https:\/\/dinn.ucsc.cl\/index.php\/cierre-programa-de-fortalecimiento-de-habilidades-para-el-emprendimiento-local\/\" target=\"_blank\" rel=\"noopener\">Galer\u00eda ceremonia de cierre<\/a><\/h3>\n","protected":false},"excerpt":{"rendered":"<p>Un proyecto financiado por Corfo Biob\u00edo y por las municipalidades de Arauco, Curanilahue y Los \u00c1lamos, y ejecutado por la Universidad Cat\u00f3lica de la Sant\u00edsima Concepci\u00f3n. Programa que capacit\u00f3 a emprendedores de la Provincia de Arauco a trav\u00e9s de mentor\u00edas y entregando las herramientas necesarias para el desarrollo de sus emprendimientos ligados al turismo. Los [&hellip;]<\/p>\n","protected":false},"author":84,"featured_media":0,"parent":0,"menu_order":0,"comment_status":"closed","ping_status":"closed","template":"","meta":[],"yoast_head":"<!-- This site is optimized with the Yoast SEO plugin v18.9 - https:\/\/yoast.com\/wordpress\/plugins\/seo\/ -->\n<title>Programa de Fortalecimiento de Habilidades para el Emprendimiento Local -<\/title>\n<meta name=\"robots\" content=\"index, follow, max-snippet:-1, max-image-preview:large, max-video-preview:-1\" \/>\n<link rel=\"canonical\" href=\"https:\/\/dinn.ucsc.cl\/index.php\/programa-de-fortalecimiento-de-habilidades-para-el-emprendimiento-local-2\/\" \/>\n<meta property=\"og:locale\" content=\"es_ES\" \/>\n<meta property=\"og:type\" content=\"article\" \/>\n<meta property=\"og:title\" content=\"Programa de Fortalecimiento de Habilidades para el Emprendimiento Local -\" \/>\n<meta property=\"og:description\" content=\"Un proyecto financiado por Corfo Biob\u00edo y por las municipalidades de Arauco, Curanilahue y Los \u00c1lamos, y ejecutado por la Universidad Cat\u00f3lica de la Sant\u00edsima Concepci\u00f3n. Programa que capacit\u00f3 a emprendedores de la Provincia de Arauco a trav\u00e9s de mentor\u00edas y entregando las herramientas necesarias para el desarrollo de sus emprendimientos ligados al turismo. Los [&hellip;]\" \/>\n<meta property=\"og:url\" content=\"https:\/\/dinn.ucsc.cl\/index.php\/programa-de-fortalecimiento-de-habilidades-para-el-emprendimiento-local-2\/\" \/>\n<meta property=\"article:publisher\" content=\"https:\/\/m.facebook.com\/DINNUCSC\" \/>\n<meta property=\"article:modified_time\" content=\"2023-01-10T20:00:36+00:00\" \/>\n<meta name=\"twitter:card\" content=\"summary\" \/>\n<meta name=\"twitter:site\" content=\"@dinn_ucsc\" \/>\n<meta name=\"twitter:label1\" content=\"Tiempo de lectura\" \/>\n\t<meta name=\"twitter:data1\" content=\"1 minuto\" \/>\n<script type=\"application\/ld+json\" class=\"yoast-schema-graph\">{\"@context\":\"https:\/\/schema.org\",\"@graph\":[{\"@type\":\"WebSite\",\"@id\":\"https:\/\/dinn.ucsc.cl\/#website\",\"url\":\"https:\/\/dinn.ucsc.cl\/\",\"name\":\"Direcci\u00f3n de Innovaci\u00f3n UCSC\",\"description\":\"Direcci\u00f3n de Innovaci\u00f3n\",\"potentialAction\":[{\"@type\":\"SearchAction\",\"target\":{\"@type\":\"EntryPoint\",\"urlTemplate\":\"https:\/\/dinn.ucsc.cl\/?s={search_term_string}\"},\"query-input\":\"required name=search_term_string\"}],\"inLanguage\":\"es\"},{\"@type\":\"WebPage\",\"@id\":\"https:\/\/dinn.ucsc.cl\/index.php\/programa-de-fortalecimiento-de-habilidades-para-el-emprendimiento-local-2\/#webpage\",\"url\":\"https:\/\/dinn.ucsc.cl\/index.php\/programa-de-fortalecimiento-de-habilidades-para-el-emprendimiento-local-2\/\",\"name\":\"Programa de Fortalecimiento de Habilidades para el Emprendimiento Local -\",\"isPartOf\":{\"@id\":\"https:\/\/dinn.ucsc.cl\/#website\"},\"datePublished\":\"2020-10-20T18:54:31+00:00\",\"dateModified\":\"2023-01-10T20:00:36+00:00\",\"breadcrumb\":{\"@id\":\"https:\/\/dinn.ucsc.cl\/index.php\/programa-de-fortalecimiento-de-habilidades-para-el-emprendimiento-local-2\/#breadcrumb\"},\"inLanguage\":\"es\",\"potentialAction\":[{\"@type\":\"ReadAction\",\"target\":[\"https:\/\/dinn.ucsc.cl\/index.php\/programa-de-fortalecimiento-de-habilidades-para-el-emprendimiento-local-2\/\"]}]},{\"@type\":\"BreadcrumbList\",\"@id\":\"https:\/\/dinn.ucsc.cl\/index.php\/programa-de-fortalecimiento-de-habilidades-para-el-emprendimiento-local-2\/#breadcrumb\",\"itemListElement\":[{\"@type\":\"ListItem\",\"position\":1,\"name\":\"Inicio\",\"item\":\"https:\/\/dinn.ucsc.cl\/\"},{\"@type\":\"ListItem\",\"position\":2,\"name\":\"Programa de Fortalecimiento de Habilidades para el Emprendimiento Local\"}]}]}<\/script>\n<!-- \/ Yoast SEO plugin. -->","yoast_head_json":{"title":"Programa de Fortalecimiento de Habilidades para el Emprendimiento Local -","robots":{"index":"index","follow":"follow","max-snippet":"max-snippet:-1","max-image-preview":"max-image-preview:large","max-video-preview":"max-video-preview:-1"},"canonical":"https:\/\/dinn.ucsc.cl\/index.php\/programa-de-fortalecimiento-de-habilidades-para-el-emprendimiento-local-2\/","og_locale":"es_ES","og_type":"article","og_title":"Programa de Fortalecimiento de Habilidades para el Emprendimiento Local -","og_description":"Un proyecto financiado por Corfo Biob\u00edo y por las municipalidades de Arauco, Curanilahue y Los \u00c1lamos, y ejecutado por la Universidad Cat\u00f3lica de la Sant\u00edsima Concepci\u00f3n. Programa que capacit\u00f3 a emprendedores de la Provincia de Arauco a trav\u00e9s de mentor\u00edas y entregando las herramientas necesarias para el desarrollo de sus emprendimientos ligados al turismo. Los [&hellip;]","og_url":"https:\/\/dinn.ucsc.cl\/index.php\/programa-de-fortalecimiento-de-habilidades-para-el-emprendimiento-local-2\/","article_publisher":"https:\/\/m.facebook.com\/DINNUCSC","article_modified_time":"2023-01-10T20:00:36+00:00","twitter_card":"summary","twitter_site":"@dinn_ucsc","twitter_misc":{"Tiempo de lectura":"1 minuto"},"schema":{"@context":"https:\/\/schema.org","@graph":[{"@type":"WebSite","@id":"https:\/\/dinn.ucsc.cl\/#website","url":"https:\/\/dinn.ucsc.cl\/","name":"Direcci\u00f3n de Innovaci\u00f3n UCSC","description":"Direcci\u00f3n de Innovaci\u00f3n","potentialAction":[{"@type":"SearchAction","target":{"@type":"EntryPoint","urlTemplate":"https:\/\/dinn.ucsc.cl\/?s={search_term_string}"},"query-input":"required name=search_term_string"}],"inLanguage":"es"},{"@type":"WebPage","@id":"https:\/\/dinn.ucsc.cl\/index.php\/programa-de-fortalecimiento-de-habilidades-para-el-emprendimiento-local-2\/#webpage","url":"https:\/\/dinn.ucsc.cl\/index.php\/programa-de-fortalecimiento-de-habilidades-para-el-emprendimiento-local-2\/","name":"Programa de Fortalecimiento de Habilidades para el Emprendimiento Local -","isPartOf":{"@id":"https:\/\/dinn.ucsc.cl\/#website"},"datePublished":"2020-10-20T18:54:31+00:00","dateModified":"2023-01-10T20:00:36+00:00","breadcrumb":{"@id":"https:\/\/dinn.ucsc.cl\/index.php\/programa-de-fortalecimiento-de-habilidades-para-el-emprendimiento-local-2\/#breadcrumb"},"inLanguage":"es","potentialAction":[{"@type":"ReadAction","target":["https:\/\/dinn.ucsc.cl\/index.php\/programa-de-fortalecimiento-de-habilidades-para-el-emprendimiento-local-2\/"]}]},{"@type":"BreadcrumbList","@id":"https:\/\/dinn.ucsc.cl\/index.php\/programa-de-fortalecimiento-de-habilidades-para-el-emprendimiento-local-2\/#breadcrumb","itemListElement":[{"@type":"ListItem","position":1,"name":"Inicio","item":"https:\/\/dinn.ucsc.cl\/"},{"@type":"ListItem","position":2,"name":"Programa de Fortalecimiento de Habilidades para el Emprendimiento Local"}]}]}},"_links":{"self":[{"href":"https:\/\/dinn.ucsc.cl\/index.php\/wp-json\/wp\/v2\/pages\/2488"}],"collection":[{"href":"https:\/\/dinn.ucsc.cl\/index.php\/wp-json\/wp\/v2\/pages"}],"about":[{"href":"https:\/\/dinn.ucsc.cl\/index.php\/wp-json\/wp\/v2\/types\/page"}],"author":[{"embeddable":true,"href":"https:\/\/dinn.ucsc.cl\/index.php\/wp-json\/wp\/v2\/users\/84"}],"replies":[{"embeddable":true,"href":"https:\/\/dinn.ucsc.cl\/index.php\/wp-json\/wp\/v2\/comments?post=2488"}],"version-history":[{"count":6,"href":"https:\/\/dinn.ucsc.cl\/index.php\/wp-json\/wp\/v2\/pages\/2488\/revisions"}],"predecessor-version":[{"id":4802,"href":"https:\/\/dinn.ucsc.cl\/index.php\/wp-json\/wp\/v2\/pages\/2488\/revisions\/4802"}],"wp:attachment":[{"href":"https:\/\/dinn.ucsc.cl\/index.php\/wp-json\/wp\/v2\/media?parent=2488"}],"curies":[{"name":"wp","href":"https:\/\/api.w.org\/{rel}","templated":true}]}}