{"id":2613,"date":"2020-11-11T22:44:48","date_gmt":"2020-11-12T01:44:48","guid":{"rendered":"http:\/\/dinn.ucsc.cl\/?page_id=2613"},"modified":"2021-07-29T12:41:25","modified_gmt":"2021-07-29T16:41:25","slug":"investigacion-y-desarrollo","status":"publish","type":"page","link":"https:\/\/dinn.ucsc.cl\/index.php\/investigacion-y-desarrollo\/","title":{"rendered":"Investigaci\u00f3n y Desarrollo (I+D)"},"content":{"rendered":"<p>La Direcci\u00f3n de Innovaci\u00f3n busca promover la investigaci\u00f3n aplicada y la\u00a0transferencia\u00a0tecnol\u00f3gica como motor de\u00a0innovaci\u00f3n\u00a0tanto\u00a0en sectores empresariales como p\u00fablicos. En este \u00e1mbito se desprenden los siguientes servicios:<\/p>\n<blockquote><p>El\u00a0v\u00ednculo\u00a0con la industria respecto del levantamiento de desaf\u00edos de innovaci\u00f3n y contratos tecnol\u00f3gicos se\u202f coordina con \u00a0apoyo de la Oficina de Transferencia Tecnol\u00f3gica\u00a0y la Unidad de proyectos de la Vicerrector\u00eda de Investigaci\u00f3n y Postgrado<br \/>\n<strong>Contacto:ott@ucsc.cl\u00a0y\u00a0proyectosvrip@ucsc.cl<\/strong><\/p><\/blockquote>\n<blockquote><p>La postulaci\u00f3n a\u00a0proyectos de\u00a0acad\u00e9micos y de estudiantes\u00a0de postgrado, con el apoyo de la Unidad de Proyectos VRIP<br \/>\n<strong>Contacto:proyectosvrip@ucsc.cl\u00a0<\/strong><\/p><\/blockquote>\n<blockquote><p>La postulaci\u00f3n a proyectos de estudiantes de pregrado con el apoyo de la Unidad de Apoyo a la Innovaci\u00f3n<br \/>\n<strong>Contacto: uainn@ucsc.cl\u00a0<\/strong><\/p><\/blockquote>\n<table style=\"height: 100px;width: 519px\" width=\"500px\">\n<tbody>\n<tr>\n<td style=\"width: 10.0156px\"><\/td>\n<td style=\"width: 507.984px;text-align: center\">\n<h3 style=\"text-align: left\"><img loading=\"lazy\" class=\"alignnone wp-image-2520\" src=\"http:\/\/sitios.ucsc.cl\/investigacion\/wp-content\/uploads\/sites\/14\/2020\/10\/Servicios.png\" alt=\"\" width=\"65\" height=\"65\" srcset=\"https:\/\/dinn.ucsc.cl\/wp-content\/uploads\/sites\/14\/2020\/10\/Servicios.png 253w, https:\/\/dinn.ucsc.cl\/wp-content\/uploads\/sites\/14\/2020\/10\/Servicios-150x150.png 150w, https:\/\/dinn.ucsc.cl\/wp-content\/uploads\/sites\/14\/2020\/10\/Servicios-200x200.png 200w\" sizes=\"(max-width: 65px) 100vw, 65px\" \/>\u00a0 \u00a0Los servicios en este \u00e1mbito son:<\/h3>\n<\/td>\n<\/tr>\n<tr>\n<td style=\"width: 10.0156px;text-align: left\"><\/td>\n<td style=\"width: 507.984px\">\n<ul>\n<li><b>Identificaci\u00f3n y difusi\u00f3n de Fuentes de Financiamiento<\/b><\/li>\n<li><b>Prospecci\u00f3n y levantamiento de la idea<\/b><\/li>\n<li><b>B\u00fasqueda de Financiamiento<\/b><\/li>\n<li><b>Apoyo para contactar instituciones externas<\/b><\/li>\n<li><b>Apoyo en la formulaci\u00f3n y postulaci\u00f3n del proyecto<\/b><\/li>\n<li><b>Formalizaci\u00f3n de los Proyectos Adjudicados<\/b><\/li>\n<li><b>Seguimiento T\u00e9cnico<\/b><\/li>\n<li><b>Formaci\u00f3n\u00a0<\/b><b>en I+D<\/b><\/li>\n<\/ul>\n<\/td>\n<\/tr>\n<\/tbody>\n<\/table>\n","protected":false},"excerpt":{"rendered":"<p>La Direcci\u00f3n de Innovaci\u00f3n busca promover la investigaci\u00f3n aplicada y la\u00a0transferencia\u00a0tecnol\u00f3gica como motor de\u00a0innovaci\u00f3n\u00a0tanto\u00a0en sectores empresariales como p\u00fablicos. En este \u00e1mbito se desprenden los siguientes servicios: El\u00a0v\u00ednculo\u00a0con la industria respecto del levantamiento de desaf\u00edos de innovaci\u00f3n y contratos tecnol\u00f3gicos se\u202f coordina con \u00a0apoyo de la Oficina de Transferencia Tecnol\u00f3gica\u00a0y la Unidad de proyectos de la [&hellip;]<\/p>\n","protected":false},"author":84,"featured_media":0,"parent":0,"menu_order":0,"comment_status":"closed","ping_status":"closed","template":"","meta":[],"yoast_head":"<!-- This site is optimized with the Yoast SEO plugin v18.9 - https:\/\/yoast.com\/wordpress\/plugins\/seo\/ -->\n<title>Investigaci\u00f3n y Desarrollo (I+D) -<\/title>\n<meta name=\"robots\" content=\"index, follow, max-snippet:-1, max-image-preview:large, max-video-preview:-1\" \/>\n<link rel=\"canonical\" href=\"https:\/\/dinn.ucsc.cl\/index.php\/investigacion-y-desarrollo\/\" \/>\n<meta property=\"og:locale\" content=\"es_ES\" \/>\n<meta property=\"og:type\" content=\"article\" \/>\n<meta property=\"og:title\" content=\"Investigaci\u00f3n y Desarrollo (I+D) -\" \/>\n<meta property=\"og:description\" content=\"La Direcci\u00f3n de Innovaci\u00f3n busca promover la investigaci\u00f3n aplicada y la\u00a0transferencia\u00a0tecnol\u00f3gica como motor de\u00a0innovaci\u00f3n\u00a0tanto\u00a0en sectores empresariales como p\u00fablicos. En este \u00e1mbito se desprenden los siguientes servicios: El\u00a0v\u00ednculo\u00a0con la industria respecto del levantamiento de desaf\u00edos de innovaci\u00f3n y contratos tecnol\u00f3gicos se\u202f coordina con \u00a0apoyo de la Oficina de Transferencia Tecnol\u00f3gica\u00a0y la Unidad de proyectos de la [&hellip;]\" \/>\n<meta property=\"og:url\" content=\"https:\/\/dinn.ucsc.cl\/index.php\/investigacion-y-desarrollo\/\" \/>\n<meta property=\"article:publisher\" content=\"https:\/\/m.facebook.com\/DINNUCSC\" \/>\n<meta property=\"article:modified_time\" content=\"2021-07-29T16:41:25+00:00\" \/>\n<meta property=\"og:image\" content=\"http:\/\/sitios.ucsc.cl\/investigacion\/wp-content\/uploads\/sites\/14\/2020\/10\/Servicios.png\" \/>\n<meta name=\"twitter:card\" content=\"summary\" \/>\n<meta name=\"twitter:site\" content=\"@dinn_ucsc\" \/>\n<meta name=\"twitter:label1\" content=\"Tiempo de lectura\" \/>\n\t<meta name=\"twitter:data1\" content=\"1 minuto\" \/>\n<script type=\"application\/ld+json\" class=\"yoast-schema-graph\">{\"@context\":\"https:\/\/schema.org\",\"@graph\":[{\"@type\":\"WebSite\",\"@id\":\"https:\/\/dinn.ucsc.cl\/#website\",\"url\":\"https:\/\/dinn.ucsc.cl\/\",\"name\":\"Direcci\u00f3n de Innovaci\u00f3n UCSC\",\"description\":\"Direcci\u00f3n de Innovaci\u00f3n\",\"potentialAction\":[{\"@type\":\"SearchAction\",\"target\":{\"@type\":\"EntryPoint\",\"urlTemplate\":\"https:\/\/dinn.ucsc.cl\/?s={search_term_string}\"},\"query-input\":\"required name=search_term_string\"}],\"inLanguage\":\"es\"},{\"@type\":\"ImageObject\",\"inLanguage\":\"es\",\"@id\":\"https:\/\/dinn.ucsc.cl\/index.php\/investigacion-y-desarrollo\/#primaryimage\",\"url\":\"https:\/\/sitios.ucsc.cl\/investigacion\/wp-content\/uploads\/sites\/14\/2020\/10\/Servicios.png\",\"contentUrl\":\"https:\/\/sitios.ucsc.cl\/investigacion\/wp-content\/uploads\/sites\/14\/2020\/10\/Servicios.png\",\"width\":253,\"height\":253},{\"@type\":\"WebPage\",\"@id\":\"https:\/\/dinn.ucsc.cl\/index.php\/investigacion-y-desarrollo\/#webpage\",\"url\":\"https:\/\/dinn.ucsc.cl\/index.php\/investigacion-y-desarrollo\/\",\"name\":\"Investigaci\u00f3n y Desarrollo (I+D) -\",\"isPartOf\":{\"@id\":\"https:\/\/dinn.ucsc.cl\/#website\"},\"primaryImageOfPage\":{\"@id\":\"https:\/\/dinn.ucsc.cl\/index.php\/investigacion-y-desarrollo\/#primaryimage\"},\"datePublished\":\"2020-11-12T01:44:48+00:00\",\"dateModified\":\"2021-07-29T16:41:25+00:00\",\"breadcrumb\":{\"@id\":\"https:\/\/dinn.ucsc.cl\/index.php\/investigacion-y-desarrollo\/#breadcrumb\"},\"inLanguage\":\"es\",\"potentialAction\":[{\"@type\":\"ReadAction\",\"target\":[\"https:\/\/dinn.ucsc.cl\/index.php\/investigacion-y-desarrollo\/\"]}]},{\"@type\":\"BreadcrumbList\",\"@id\":\"https:\/\/dinn.ucsc.cl\/index.php\/investigacion-y-desarrollo\/#breadcrumb\",\"itemListElement\":[{\"@type\":\"ListItem\",\"position\":1,\"name\":\"Inicio\",\"item\":\"https:\/\/dinn.ucsc.cl\/\"},{\"@type\":\"ListItem\",\"position\":2,\"name\":\"Investigaci\u00f3n y Desarrollo (I+D)\"}]}]}<\/script>\n<!-- \/ Yoast SEO plugin. -->","yoast_head_json":{"title":"Investigaci\u00f3n y Desarrollo (I+D) -","robots":{"index":"index","follow":"follow","max-snippet":"max-snippet:-1","max-image-preview":"max-image-preview:large","max-video-preview":"max-video-preview:-1"},"canonical":"https:\/\/dinn.ucsc.cl\/index.php\/investigacion-y-desarrollo\/","og_locale":"es_ES","og_type":"article","og_title":"Investigaci\u00f3n y Desarrollo (I+D) -","og_description":"La Direcci\u00f3n de Innovaci\u00f3n busca promover la investigaci\u00f3n aplicada y la\u00a0transferencia\u00a0tecnol\u00f3gica como motor de\u00a0innovaci\u00f3n\u00a0tanto\u00a0en sectores empresariales como p\u00fablicos. En este \u00e1mbito se desprenden los siguientes servicios: El\u00a0v\u00ednculo\u00a0con la industria respecto del levantamiento de desaf\u00edos de innovaci\u00f3n y contratos tecnol\u00f3gicos se\u202f coordina con \u00a0apoyo de la Oficina de Transferencia Tecnol\u00f3gica\u00a0y la Unidad de proyectos de la [&hellip;]","og_url":"https:\/\/dinn.ucsc.cl\/index.php\/investigacion-y-desarrollo\/","article_publisher":"https:\/\/m.facebook.com\/DINNUCSC","article_modified_time":"2021-07-29T16:41:25+00:00","og_image":[{"url":"http:\/\/sitios.ucsc.cl\/investigacion\/wp-content\/uploads\/sites\/14\/2020\/10\/Servicios.png"}],"twitter_card":"summary","twitter_site":"@dinn_ucsc","twitter_misc":{"Tiempo de lectura":"1 minuto"},"schema":{"@context":"https:\/\/schema.org","@graph":[{"@type":"WebSite","@id":"https:\/\/dinn.ucsc.cl\/#website","url":"https:\/\/dinn.ucsc.cl\/","name":"Direcci\u00f3n de Innovaci\u00f3n UCSC","description":"Direcci\u00f3n de Innovaci\u00f3n","potentialAction":[{"@type":"SearchAction","target":{"@type":"EntryPoint","urlTemplate":"https:\/\/dinn.ucsc.cl\/?s={search_term_string}"},"query-input":"required name=search_term_string"}],"inLanguage":"es"},{"@type":"ImageObject","inLanguage":"es","@id":"https:\/\/dinn.ucsc.cl\/index.php\/investigacion-y-desarrollo\/#primaryimage","url":"https:\/\/sitios.ucsc.cl\/investigacion\/wp-content\/uploads\/sites\/14\/2020\/10\/Servicios.png","contentUrl":"https:\/\/sitios.ucsc.cl\/investigacion\/wp-content\/uploads\/sites\/14\/2020\/10\/Servicios.png","width":253,"height":253},{"@type":"WebPage","@id":"https:\/\/dinn.ucsc.cl\/index.php\/investigacion-y-desarrollo\/#webpage","url":"https:\/\/dinn.ucsc.cl\/index.php\/investigacion-y-desarrollo\/","name":"Investigaci\u00f3n y Desarrollo (I+D) -","isPartOf":{"@id":"https:\/\/dinn.ucsc.cl\/#website"},"primaryImageOfPage":{"@id":"https:\/\/dinn.ucsc.cl\/index.php\/investigacion-y-desarrollo\/#primaryimage"},"datePublished":"2020-11-12T01:44:48+00:00","dateModified":"2021-07-29T16:41:25+00:00","breadcrumb":{"@id":"https:\/\/dinn.ucsc.cl\/index.php\/investigacion-y-desarrollo\/#breadcrumb"},"inLanguage":"es","potentialAction":[{"@type":"ReadAction","target":["https:\/\/dinn.ucsc.cl\/index.php\/investigacion-y-desarrollo\/"]}]},{"@type":"BreadcrumbList","@id":"https:\/\/dinn.ucsc.cl\/index.php\/investigacion-y-desarrollo\/#breadcrumb","itemListElement":[{"@type":"ListItem","position":1,"name":"Inicio","item":"https:\/\/dinn.ucsc.cl\/"},{"@type":"ListItem","position":2,"name":"Investigaci\u00f3n y Desarrollo (I+D)"}]}]}},"_links":{"self":[{"href":"https:\/\/dinn.ucsc.cl\/index.php\/wp-json\/wp\/v2\/pages\/2613"}],"collection":[{"href":"https:\/\/dinn.ucsc.cl\/index.php\/wp-json\/wp\/v2\/pages"}],"about":[{"href":"https:\/\/dinn.ucsc.cl\/index.php\/wp-json\/wp\/v2\/types\/page"}],"author":[{"embeddable":true,"href":"https:\/\/dinn.ucsc.cl\/index.php\/wp-json\/wp\/v2\/users\/84"}],"replies":[{"embeddable":true,"href":"https:\/\/dinn.ucsc.cl\/index.php\/wp-json\/wp\/v2\/comments?post=2613"}],"version-history":[{"count":19,"href":"https:\/\/dinn.ucsc.cl\/index.php\/wp-json\/wp\/v2\/pages\/2613\/revisions"}],"predecessor-version":[{"id":3052,"href":"https:\/\/dinn.ucsc.cl\/index.php\/wp-json\/wp\/v2\/pages\/2613\/revisions\/3052"}],"wp:attachment":[{"href":"https:\/\/dinn.ucsc.cl\/index.php\/wp-json\/wp\/v2\/media?parent=2613"}],"curies":[{"name":"wp","href":"https:\/\/api.w.org\/{rel}","templated":true}]}}