{"id":3,"date":"2017-12-04T00:28:24","date_gmt":"2017-12-04T03:28:24","guid":{"rendered":"http:\/\/sitios.ucsc.cl\/investigacion\/contacto\/"},"modified":"2017-12-04T00:28:24","modified_gmt":"2017-12-04T03:28:24","slug":"contacto","status":"publish","type":"page","link":"https:\/\/dinn.ucsc.cl\/index.php\/contacto\/","title":{"rendered":"Contacto"},"content":{"rendered":"<div id=\"respond\"><section class=\"contactform\"><form action=\"https:\/\/dinn.ucsc.cl\/index.php\/wp-json\/wp\/v2\/pages\/3\" method=\"post\" id=\"contact-form\" class=\"form\"><div class=\"form-group\" id=\"contact-form-1-group\"><label for=\"contact-form-1\" class=\"control-label\">Nombre (*)<\/label><div class=\"controls\"><input  required=\"required\" class=\"w-100 form-control\" placeholder=\"Ingresa tu nombre\" type=\"text\" name=\"contact-form[name]\" id=\"contact-form-1\"><\/div><\/div><div class=\"form-group\" id=\"contact-form-3-group\"><label for=\"contact-form-3\" class=\"control-label\">Email (*)<\/label><div class=\"controls\"><input  required=\"required\" class=\"w-100 form-control\" placeholder=\"Ingresa tu direcci\u00f3n de e-mail\" type=\"email\" name=\"contact-form[email]\" id=\"contact-form-3\"><\/div><\/div><div class=\"form-group form-group-message\" id=\"contact-form-5-group\"><label for=\"contact-form-5\" class=\"control-label\">Mensaje (*)<\/label><textarea required=\"required\" class=\"w-100 form-control\" rows=\"8\" cols=\"30\" name=\"contact-form[message]\" id=\"contact-form-5\"><\/textarea><\/div><div class=\"hidden-xs-up control-group\"><input  id=\"verify\" type=\"text\" name=\"verify\" class=\" form-control\"><\/div><div class=\"hidden-xs-up control-group\"><input  value=\"contact-form-submit\" type=\"hidden\" name=\"action\" id=\"contact-form-9\" class=\" form-control\"><\/div><div class=\"hidden-xs-up control-group\"><input type=\"hidden\" id=\"contact-form_nonce\" name=\"contact-form_nonce\" value=\"b83edb38c1\" \/><input type=\"hidden\" name=\"_wp_http_referer\" value=\"\/index.php\/wp-json\/wp\/v2\/pages\/3\" \/><\/div><div class=\"control-group control-group-submit\"><input  value=\"Enviar mensaje\" id=\"contact-submit\" class=\"btn btn-primary\" name=\"submit\" type=\"submit\"><\/div><\/form><\/section><\/div>\n","protected":false},"excerpt":{"rendered":"","protected":false},"author":3,"featured_media":0,"parent":0,"menu_order":0,"comment_status":"closed","ping_status":"closed","template":"","meta":[],"yoast_head":"<!-- This site is optimized with the Yoast SEO plugin v18.9 - https:\/\/yoast.com\/wordpress\/plugins\/seo\/ -->\n<title>Contacto -<\/title>\n<meta name=\"robots\" content=\"index, follow, max-snippet:-1, max-image-preview:large, max-video-preview:-1\" \/>\n<link rel=\"canonical\" href=\"https:\/\/dinn.ucsc.cl\/index.php\/contacto\/\" \/>\n<meta property=\"og:locale\" content=\"es_ES\" \/>\n<meta property=\"og:type\" content=\"article\" \/>\n<meta property=\"og:title\" content=\"Contacto -\" \/>\n<meta property=\"og:url\" content=\"https:\/\/dinn.ucsc.cl\/index.php\/contacto\/\" \/>\n<meta property=\"article:publisher\" content=\"https:\/\/m.facebook.com\/DINNUCSC\" \/>\n<meta name=\"twitter:card\" content=\"summary\" \/>\n<meta name=\"twitter:site\" content=\"@dinn_ucsc\" \/>\n<script type=\"application\/ld+json\" class=\"yoast-schema-graph\">{\"@context\":\"https:\/\/schema.org\",\"@graph\":[{\"@type\":\"WebSite\",\"@id\":\"https:\/\/dinn.ucsc.cl\/#website\",\"url\":\"https:\/\/dinn.ucsc.cl\/\",\"name\":\"Direcci\u00f3n de Innovaci\u00f3n UCSC\",\"description\":\"Direcci\u00f3n de Innovaci\u00f3n\",\"potentialAction\":[{\"@type\":\"SearchAction\",\"target\":{\"@type\":\"EntryPoint\",\"urlTemplate\":\"https:\/\/dinn.ucsc.cl\/?s={search_term_string}\"},\"query-input\":\"required name=search_term_string\"}],\"inLanguage\":\"es\"},{\"@type\":\"WebPage\",\"@id\":\"https:\/\/dinn.ucsc.cl\/index.php\/contacto\/#webpage\",\"url\":\"https:\/\/dinn.ucsc.cl\/index.php\/contacto\/\",\"name\":\"Contacto -\",\"isPartOf\":{\"@id\":\"https:\/\/dinn.ucsc.cl\/#website\"},\"datePublished\":\"2017-12-04T03:28:24+00:00\",\"dateModified\":\"2017-12-04T03:28:24+00:00\",\"breadcrumb\":{\"@id\":\"https:\/\/dinn.ucsc.cl\/index.php\/contacto\/#breadcrumb\"},\"inLanguage\":\"es\",\"potentialAction\":[{\"@type\":\"ReadAction\",\"target\":[\"https:\/\/dinn.ucsc.cl\/index.php\/contacto\/\"]}]},{\"@type\":\"BreadcrumbList\",\"@id\":\"https:\/\/dinn.ucsc.cl\/index.php\/contacto\/#breadcrumb\",\"itemListElement\":[{\"@type\":\"ListItem\",\"position\":1,\"name\":\"Inicio\",\"item\":\"https:\/\/dinn.ucsc.cl\/\"},{\"@type\":\"ListItem\",\"position\":2,\"name\":\"Contacto\"}]}]}<\/script>\n<!-- \/ Yoast SEO plugin. -->","yoast_head_json":{"title":"Contacto -","robots":{"index":"index","follow":"follow","max-snippet":"max-snippet:-1","max-image-preview":"max-image-preview:large","max-video-preview":"max-video-preview:-1"},"canonical":"https:\/\/dinn.ucsc.cl\/index.php\/contacto\/","og_locale":"es_ES","og_type":"article","og_title":"Contacto -","og_url":"https:\/\/dinn.ucsc.cl\/index.php\/contacto\/","article_publisher":"https:\/\/m.facebook.com\/DINNUCSC","twitter_card":"summary","twitter_site":"@dinn_ucsc","schema":{"@context":"https:\/\/schema.org","@graph":[{"@type":"WebSite","@id":"https:\/\/dinn.ucsc.cl\/#website","url":"https:\/\/dinn.ucsc.cl\/","name":"Direcci\u00f3n de Innovaci\u00f3n UCSC","description":"Direcci\u00f3n de Innovaci\u00f3n","potentialAction":[{"@type":"SearchAction","target":{"@type":"EntryPoint","urlTemplate":"https:\/\/dinn.ucsc.cl\/?s={search_term_string}"},"query-input":"required name=search_term_string"}],"inLanguage":"es"},{"@type":"WebPage","@id":"https:\/\/dinn.ucsc.cl\/index.php\/contacto\/#webpage","url":"https:\/\/dinn.ucsc.cl\/index.php\/contacto\/","name":"Contacto -","isPartOf":{"@id":"https:\/\/dinn.ucsc.cl\/#website"},"datePublished":"2017-12-04T03:28:24+00:00","dateModified":"2017-12-04T03:28:24+00:00","breadcrumb":{"@id":"https:\/\/dinn.ucsc.cl\/index.php\/contacto\/#breadcrumb"},"inLanguage":"es","potentialAction":[{"@type":"ReadAction","target":["https:\/\/dinn.ucsc.cl\/index.php\/contacto\/"]}]},{"@type":"BreadcrumbList","@id":"https:\/\/dinn.ucsc.cl\/index.php\/contacto\/#breadcrumb","itemListElement":[{"@type":"ListItem","position":1,"name":"Inicio","item":"https:\/\/dinn.ucsc.cl\/"},{"@type":"ListItem","position":2,"name":"Contacto"}]}]}},"_links":{"self":[{"href":"https:\/\/dinn.ucsc.cl\/index.php\/wp-json\/wp\/v2\/pages\/3"}],"collection":[{"href":"https:\/\/dinn.ucsc.cl\/index.php\/wp-json\/wp\/v2\/pages"}],"about":[{"href":"https:\/\/dinn.ucsc.cl\/index.php\/wp-json\/wp\/v2\/types\/page"}],"author":[{"embeddable":true,"href":"https:\/\/dinn.ucsc.cl\/index.php\/wp-json\/wp\/v2\/users\/3"}],"replies":[{"embeddable":true,"href":"https:\/\/dinn.ucsc.cl\/index.php\/wp-json\/wp\/v2\/comments?post=3"}],"version-history":[{"count":0,"href":"https:\/\/dinn.ucsc.cl\/index.php\/wp-json\/wp\/v2\/pages\/3\/revisions"}],"wp:attachment":[{"href":"https:\/\/dinn.ucsc.cl\/index.php\/wp-json\/wp\/v2\/media?parent=3"}],"curies":[{"name":"wp","href":"https:\/\/api.w.org\/{rel}","templated":true}]}}