{"id":3094,"date":"2021-08-12T12:19:38","date_gmt":"2021-08-12T16:19:38","guid":{"rendered":"http:\/\/dinn.ucsc.cl\/?page_id=3094"},"modified":"2024-06-06T11:28:12","modified_gmt":"2024-06-06T15:28:12","slug":"fondo-de-estadias-cortas-y-formacion-en-innovacion","status":"publish","type":"page","link":"https:\/\/dinn.ucsc.cl\/index.php\/fondo-de-estadias-cortas-y-formacion-en-innovacion\/","title":{"rendered":"Fondo estad\u00edas cortas y formaci\u00f3n en innovaci\u00f3n"},"content":{"rendered":"<p><img loading=\"lazy\" class=\"aligncenter wp-image-5830 \" src=\"https:\/\/dinn.ucsc.cl\/wp-content\/uploads\/sites\/14\/2024\/06\/FEC_2024_Banner-1024x252.png\" alt=\"\" width=\"744\" height=\"183\" srcset=\"https:\/\/dinn.ucsc.cl\/wp-content\/uploads\/sites\/14\/2024\/06\/FEC_2024_Banner-1024x252.png 1024w, https:\/\/dinn.ucsc.cl\/wp-content\/uploads\/sites\/14\/2024\/06\/FEC_2024_Banner-300x74.png 300w, https:\/\/dinn.ucsc.cl\/wp-content\/uploads\/sites\/14\/2024\/06\/FEC_2024_Banner-768x189.png 768w, https:\/\/dinn.ucsc.cl\/wp-content\/uploads\/sites\/14\/2024\/06\/FEC_2024_Banner-200x49.png 200w, https:\/\/dinn.ucsc.cl\/wp-content\/uploads\/sites\/14\/2024\/06\/FEC_2024_Banner.png 1221w\" sizes=\"(max-width: 744px) 100vw, 744px\" \/><\/p>\n<h4><\/h4>\n<h4><\/h4>\n<p style=\"text-align: left\">Postula a esta iniciativa que busca financiar el fortalecimiento de competencias habilitantes en innovaci\u00f3n y emprendimiento, mediante estad\u00edas cortas o programas formativos, en Chile o el extranjero.<\/p>\n<hr \/>\n<h3><img loading=\"lazy\" class=\"aligncenter wp-image-3095 size-full\" src=\"http:\/\/sitios.ucsc.cl\/investigacion\/wp-content\/uploads\/sites\/14\/2021\/08\/FEC_1.png\" alt=\"\" width=\"77\" height=\"78\" \/>\u00a0 \u00a0 \u00a0\u00bfQui\u00e9nes pueden postular?<\/h3>\n<p>\u2022\u00a0 <strong>Acad\u00e9micos:<\/strong> contrato indefinido con una jornada igual o superior a 22 horas en la Universidad, autorizaci\u00f3n expresa de la Decanatura y\/o Jefatura de Departamento de la Facultad o Instituto Correspondiente. Se aceptar\u00e1n autorizaciones v\u00eda correo electr\u00f3nico (mail). Para el caso del personal acad\u00e9mico pertenecientes a Institutos Tecnol\u00f3gicos de la Universidad, podr\u00e1n postular con contrato indefinido, con una jornada inferior a 22 horas semanales en la Universidad a la fecha de la convocatoria.<\/p>\n<p>\u2022\u00a0 <strong>Personal Administrativo:<\/strong> Personal Administrativo: contrato indefinido con una jornada igual o superior a 22 horas en la Universidad, autorizaci\u00f3n expresa de la Jefatura de la Unidad y del respectivo Director\/a. Se aceptar\u00e1n autorizaciones v\u00eda correo electr\u00f3nico (mail).<\/p>\n<p>\u2022\u00a0 <strong>Estudiantes (pre y postgrado):<\/strong> contar con el apoyo y autorizaci\u00f3n de la Decanatura y\/o Jefatura de Carrera o programa de la Facultad o Instituto respectivo. Se aceptar\u00e1n autorizaciones v\u00eda correo electr\u00f3nico (mail).<\/p>\n<hr \/>\n<h3><img loading=\"lazy\" class=\"aligncenter wp-image-3098 size-full\" src=\"http:\/\/sitios.ucsc.cl\/investigacion\/wp-content\/uploads\/sites\/14\/2021\/08\/FEC_4.png\" alt=\"\" width=\"77\" height=\"77\" \/>\u00a0 \u00a0 \u00a0Fechas de postulaci\u00f3n y pasant\u00eda<\/h3>\n<p>El plazo de postulaci\u00f3n vence el\u202f\u00a0<b>05 de julio del 2024,<\/b>\u00a0donde deber\u00e1n\u00a0enviar\u00a0un ejemplar\u00a0digital\u00a0del <a href=\"https:\/\/dinn.ucsc.cl\/wp-content\/uploads\/sites\/14\/2024\/06\/FORMULARIO_PROGRAMA_FONDO_ESTADIAS_CORTAS-2024.docx\"><strong>formulario de postulaci\u00f3n<\/strong><\/a> al correo\u202f<b>dinn@ucsc.cl. <\/b><\/p>\n<hr \/>\n<h3><img loading=\"lazy\" class=\"aligncenter wp-image-3096 size-full\" src=\"http:\/\/sitios.ucsc.cl\/investigacion\/wp-content\/uploads\/sites\/14\/2021\/08\/FEC_2.png\" alt=\"\" width=\"77\" height=\"78\" \/>\u00a0 \u00a0 \u00a0Evaluaci\u00f3n de iniciativa<\/h3>\n<p>Las postulaciones ser\u00e1n evaluadas y calificadas por la Comisi\u00f3n de Selecci\u00f3n.<\/p>\n<p>La r\u00fabrica a utilizar para la evaluaci\u00f3n de las iniciativas presentadas considerar\u00e1 tanto la idoneidad de los postulantes en relaci\u00f3n a las tem\u00e1ticas de las mismas, como la factibilidad de ejecuci\u00f3n, coherencia, originalidad y relevancia de la iniciativa propuesta.<\/p>\n<table style=\"height: 274px;width: 787px\" width=\"869\">\n<tbody>\n<tr style=\"height: 10px\">\n<td style=\"width: 608.094px;height: 10px;text-align: left\">\n<h6>CRITERIOS DE EVALUACI\u00d3N EN LA POSTULACI\u00d3N<\/h6>\n<\/td>\n<td style=\"width: 177.906px;text-align: center;height: 10px\">\n<h6>% DE PONDERACI\u00d3N<\/h6>\n<\/td>\n<\/tr>\n<tr style=\"height: 128px\">\n<td style=\"width: 608.094px;height: 128px;text-align: left\"><strong>Fundamentaci\u00f3n de la iniciativa a realizar<\/strong><br \/>\n&#8211; Exposici\u00f3n clara y precisa de la actividad.<br \/>\n&#8211; Fundamento te\u00f3rico (en caso que aplique).<br \/>\n&#8211; Relevancia para la Universidad \/ Unidad \/ Centro.<br \/>\n&#8211; Oportunidad de realizaci\u00f3n.<br \/>\n&#8211; Motivaci\u00f3n personal\/profesional.<br \/>\n&#8211; Trayectoria en materias de investigaci\u00f3n, innovaci\u00f3n y\/o transferencia tecnol\u00f3gica.<\/td>\n<td style=\"width: 177.906px;text-align: center;height: 128px\">&nbsp;<\/p>\n<p><strong>50%<\/strong><\/td>\n<\/tr>\n<tr style=\"height: 78px\">\n<td style=\"width: 608.094px;height: 78px;text-align: left\"><strong>Compromiso de retribuci\u00f3n y\/o aplicaci\u00f3n de aprendizajes<\/strong><br \/>\nTipo de actividades que pretende realizar posterior a la realizaci\u00f3n de la pasant\u00eda o formaci\u00f3n, tales como; talleres, charlas, workshops, aplicaci\u00f3n de contenidos en docencia de pre y\/o postgrado, demostrando coherencia y fundamentaci\u00f3n de los beneficios para la unidad a la que pertenece y para la Universidad.<\/td>\n<td style=\"width: 177.906px;text-align: center;height: 78px\">&nbsp;<\/p>\n<p><strong>25%<\/strong><\/td>\n<\/tr>\n<tr style=\"height: 58px\">\n<td style=\"width: 608.094px;height: 58px;text-align: left\"><strong>Resultados esperados de la iniciativa<\/strong><br \/>\nIndique el tipo de resultados que contempla generar como, por ejemplo; postulaci\u00f3n a fuentes de financiamiento interno o externo en I+D+i, en relaci\u00f3n con investigaci\u00f3n aplicada e innovaci\u00f3n.<\/td>\n<td style=\"width: 177.906px;text-align: center;height: 58px\">&nbsp;<\/p>\n<p><strong>25%<\/strong><\/td>\n<\/tr>\n<\/tbody>\n<\/table>\n<hr \/>\n<p>Se asignar\u00e1 una bonificaci\u00f3n acumulativa de 2% al puntaje final obtenido por la propuesta, si cumple alguno de los siguientes requisitos:<br \/>\n<strong>a)<\/strong> La tem\u00e1tica de la iniciativa se enmarca en los \u00e1mbitos de energ\u00eda y\/o recursos h\u00eddricos.<br \/>\n<strong>b)<\/strong> Si quien postula, es mujer.<\/p>\n<p>Lo anterior, para favorecer el logro de los objetivos estrat\u00e9gicos de Proyectos Institucionales.<\/p>\n<hr \/>\n<h3>\u00a0Monto y condiciones de financiamiento<\/h3>\n<p><strong>a)<\/strong> El monto m\u00e1ximo a financiar por cada iniciativa ser\u00e1 la suma de $3.000.000.- (tres millones de pesos).<br \/>\n<strong>b)<\/strong> Los montos asignados a las iniciativas, deber\u00e1n ser girados s\u00f3lo durante el plazo de ejecuci\u00f3n del mismo, en consideraci\u00f3n a la fecha de cierre de la ejecuci\u00f3n presupuestaria, definida por la Universidad. Los saldos no gastados ser\u00e1n reintegrados a la Direcci\u00f3n de Innovaci\u00f3n.<br \/>\n<strong>c)<\/strong> Ning\u00fan postulante podr\u00e1 asignarse honorarios ni otro tipo de beneficios por servicios relacionados con la iniciativa.<br \/>\n<strong>d)<\/strong> No se podr\u00e1 financiar con fondos de este concurso la adquisici\u00f3n de bienes de capital.<\/p>\n<p>&nbsp;<\/p>\n<hr \/>\n<h3>Webinar Informativo<\/h3>\n<p><a href=\"https:\/\/us02web.zoom.us\/meeting\/register\/tZMpd-2sqD8sHd2HIt1Vp_rFpSnEIfnoCvtd\" target=\"_blank\" rel=\"noopener\"><img loading=\"lazy\" class=\"aligncenter wp-image-5832 size-large\" src=\"https:\/\/dinn.ucsc.cl\/wp-content\/uploads\/sites\/14\/2024\/06\/FEC_2024_Webinar_Banner-1024x252.png\" alt=\"\" width=\"1024\" height=\"252\" srcset=\"https:\/\/dinn.ucsc.cl\/wp-content\/uploads\/sites\/14\/2024\/06\/FEC_2024_Webinar_Banner-1024x252.png 1024w, https:\/\/dinn.ucsc.cl\/wp-content\/uploads\/sites\/14\/2024\/06\/FEC_2024_Webinar_Banner-300x74.png 300w, https:\/\/dinn.ucsc.cl\/wp-content\/uploads\/sites\/14\/2024\/06\/FEC_2024_Webinar_Banner-768x189.png 768w, https:\/\/dinn.ucsc.cl\/wp-content\/uploads\/sites\/14\/2024\/06\/FEC_2024_Webinar_Banner-200x49.png 200w, https:\/\/dinn.ucsc.cl\/wp-content\/uploads\/sites\/14\/2024\/06\/FEC_2024_Webinar_Banner.png 1221w\" sizes=\"(max-width: 1024px) 100vw, 1024px\" \/><\/a><\/p>\n<hr \/>\n<h3>Consultas<\/h3>\n<p>Consultas del proceso al correo electr\u00f3nico:\u202f<strong><a href=\"mailto:gdelrio@ucsc.cl\">gdelrio@ucsc.cl<\/a>\u00a0,\u00a0<a href=\"mailto:uainn@ucsc.cl\">uainn@ucsc.cl<\/a><\/strong><\/p>\n<hr \/>\n<div>\n<div><\/div>\n<\/div>\n<p><a href=\"https:\/\/dinn.ucsc.cl\/wp-content\/uploads\/sites\/14\/2024\/06\/FORMULARIO_PROGRAMA_FONDO_ESTADIAS_CORTAS-2024.docx\"><strong>Descargar formulario de postulaci\u00f3n al fondo<\/strong><\/a><\/p>\n<p><strong><a href=\"https:\/\/dinn.ucsc.cl\/wp-content\/uploads\/sites\/14\/2024\/06\/RVRIP-N\u00b036-CONVOCA-A-CONCURSO-INTERNO-DEL-FONDO-PARA-EL-FINANCIAMIENTO-DE-ESTADI\u0301AS-CORTAS-Y-FORMACIO\u0301N-EN-INNOVACIO\u0301N.pdf\" target=\"_blank\" rel=\"noopener\">Descarga Resoluci\u00f3n de Vicerrector\u00eda de Investigaci\u00f3n y Postgrado UCSC<\/a><\/strong><\/p>\n<p><strong><a href=\"http:\/\/sitios.ucsc.cl\/investigacion\/wp-content\/uploads\/sites\/14\/2021\/08\/D.R._115_2021_ESTABLECE_FONDO_PARA_FINANCIAMIENTO_DE_ESTADIAS_CORTAS_Y_F....pdf\" target=\"_blank\" rel=\"noopener\">Descargar decreto Fondo de estad\u00edas cortas y formaci\u00f3n en innovaci\u00f3n<\/a><\/strong><\/p>\n","protected":false},"excerpt":{"rendered":"<p>Postula a esta iniciativa que busca financiar el fortalecimiento de competencias habilitantes en innovaci\u00f3n y emprendimiento, mediante estad\u00edas cortas o programas formativos, en Chile o el extranjero. \u00a0 \u00a0 \u00a0\u00bfQui\u00e9nes pueden postular? \u2022\u00a0 Acad\u00e9micos: contrato indefinido con una jornada igual o superior a 22 horas en la Universidad, autorizaci\u00f3n expresa de la Decanatura y\/o Jefatura [&hellip;]<\/p>\n","protected":false},"author":84,"featured_media":0,"parent":0,"menu_order":0,"comment_status":"closed","ping_status":"closed","template":"","meta":[],"yoast_head":"<!-- This site is optimized with the Yoast SEO plugin v18.9 - https:\/\/yoast.com\/wordpress\/plugins\/seo\/ -->\n<title>Fondo estad\u00edas cortas y formaci\u00f3n en innovaci\u00f3n -<\/title>\n<meta name=\"robots\" content=\"index, follow, max-snippet:-1, max-image-preview:large, max-video-preview:-1\" \/>\n<link rel=\"canonical\" href=\"https:\/\/dinn.ucsc.cl\/index.php\/fondo-de-estadias-cortas-y-formacion-en-innovacion\/\" \/>\n<meta property=\"og:locale\" content=\"es_ES\" \/>\n<meta property=\"og:type\" content=\"article\" \/>\n<meta property=\"og:title\" content=\"Fondo estad\u00edas cortas y formaci\u00f3n en innovaci\u00f3n -\" \/>\n<meta property=\"og:description\" content=\"Postula a esta iniciativa que busca financiar el fortalecimiento de competencias habilitantes en innovaci\u00f3n y emprendimiento, mediante estad\u00edas cortas o programas formativos, en Chile o el extranjero. \u00a0 \u00a0 \u00a0\u00bfQui\u00e9nes pueden postular? \u2022\u00a0 Acad\u00e9micos: contrato indefinido con una jornada igual o superior a 22 horas en la Universidad, autorizaci\u00f3n expresa de la Decanatura y\/o Jefatura [&hellip;]\" \/>\n<meta property=\"og:url\" content=\"https:\/\/dinn.ucsc.cl\/index.php\/fondo-de-estadias-cortas-y-formacion-en-innovacion\/\" \/>\n<meta property=\"article:publisher\" content=\"https:\/\/m.facebook.com\/DINNUCSC\" \/>\n<meta property=\"article:modified_time\" content=\"2024-06-06T15:28:12+00:00\" \/>\n<meta property=\"og:image\" content=\"https:\/\/sitios.ucsc.cl\/investigacion\/wp-content\/uploads\/sites\/14\/2024\/06\/FEC_2024_Banner-1024x252.png\" \/>\n<meta name=\"twitter:card\" content=\"summary\" \/>\n<meta name=\"twitter:site\" content=\"@dinn_ucsc\" \/>\n<meta name=\"twitter:label1\" content=\"Tiempo de lectura\" \/>\n\t<meta name=\"twitter:data1\" content=\"3 minutos\" \/>\n<script type=\"application\/ld+json\" class=\"yoast-schema-graph\">{\"@context\":\"https:\/\/schema.org\",\"@graph\":[{\"@type\":\"WebSite\",\"@id\":\"https:\/\/dinn.ucsc.cl\/#website\",\"url\":\"https:\/\/dinn.ucsc.cl\/\",\"name\":\"Direcci\u00f3n de Innovaci\u00f3n UCSC\",\"description\":\"Direcci\u00f3n de Innovaci\u00f3n\",\"potentialAction\":[{\"@type\":\"SearchAction\",\"target\":{\"@type\":\"EntryPoint\",\"urlTemplate\":\"https:\/\/dinn.ucsc.cl\/?s={search_term_string}\"},\"query-input\":\"required name=search_term_string\"}],\"inLanguage\":\"es\"},{\"@type\":\"ImageObject\",\"inLanguage\":\"es\",\"@id\":\"https:\/\/dinn.ucsc.cl\/index.php\/fondo-de-estadias-cortas-y-formacion-en-innovacion\/#primaryimage\",\"url\":\"https:\/\/sitios.ucsc.cl\/investigacion\/wp-content\/uploads\/sites\/14\/2024\/06\/FEC_2024_Banner-1024x252.png\",\"contentUrl\":\"https:\/\/sitios.ucsc.cl\/investigacion\/wp-content\/uploads\/sites\/14\/2024\/06\/FEC_2024_Banner-1024x252.png\"},{\"@type\":\"WebPage\",\"@id\":\"https:\/\/dinn.ucsc.cl\/index.php\/fondo-de-estadias-cortas-y-formacion-en-innovacion\/#webpage\",\"url\":\"https:\/\/dinn.ucsc.cl\/index.php\/fondo-de-estadias-cortas-y-formacion-en-innovacion\/\",\"name\":\"Fondo estad\u00edas cortas y formaci\u00f3n en innovaci\u00f3n -\",\"isPartOf\":{\"@id\":\"https:\/\/dinn.ucsc.cl\/#website\"},\"primaryImageOfPage\":{\"@id\":\"https:\/\/dinn.ucsc.cl\/index.php\/fondo-de-estadias-cortas-y-formacion-en-innovacion\/#primaryimage\"},\"datePublished\":\"2021-08-12T16:19:38+00:00\",\"dateModified\":\"2024-06-06T15:28:12+00:00\",\"breadcrumb\":{\"@id\":\"https:\/\/dinn.ucsc.cl\/index.php\/fondo-de-estadias-cortas-y-formacion-en-innovacion\/#breadcrumb\"},\"inLanguage\":\"es\",\"potentialAction\":[{\"@type\":\"ReadAction\",\"target\":[\"https:\/\/dinn.ucsc.cl\/index.php\/fondo-de-estadias-cortas-y-formacion-en-innovacion\/\"]}]},{\"@type\":\"BreadcrumbList\",\"@id\":\"https:\/\/dinn.ucsc.cl\/index.php\/fondo-de-estadias-cortas-y-formacion-en-innovacion\/#breadcrumb\",\"itemListElement\":[{\"@type\":\"ListItem\",\"position\":1,\"name\":\"Inicio\",\"item\":\"https:\/\/dinn.ucsc.cl\/\"},{\"@type\":\"ListItem\",\"position\":2,\"name\":\"Fondo estad\u00edas cortas y formaci\u00f3n en innovaci\u00f3n\"}]}]}<\/script>\n<!-- \/ Yoast SEO plugin. -->","yoast_head_json":{"title":"Fondo estad\u00edas cortas y formaci\u00f3n en innovaci\u00f3n -","robots":{"index":"index","follow":"follow","max-snippet":"max-snippet:-1","max-image-preview":"max-image-preview:large","max-video-preview":"max-video-preview:-1"},"canonical":"https:\/\/dinn.ucsc.cl\/index.php\/fondo-de-estadias-cortas-y-formacion-en-innovacion\/","og_locale":"es_ES","og_type":"article","og_title":"Fondo estad\u00edas cortas y formaci\u00f3n en innovaci\u00f3n -","og_description":"Postula a esta iniciativa que busca financiar el fortalecimiento de competencias habilitantes en innovaci\u00f3n y emprendimiento, mediante estad\u00edas cortas o programas formativos, en Chile o el extranjero. \u00a0 \u00a0 \u00a0\u00bfQui\u00e9nes pueden postular? \u2022\u00a0 Acad\u00e9micos: contrato indefinido con una jornada igual o superior a 22 horas en la Universidad, autorizaci\u00f3n expresa de la Decanatura y\/o Jefatura [&hellip;]","og_url":"https:\/\/dinn.ucsc.cl\/index.php\/fondo-de-estadias-cortas-y-formacion-en-innovacion\/","article_publisher":"https:\/\/m.facebook.com\/DINNUCSC","article_modified_time":"2024-06-06T15:28:12+00:00","og_image":[{"url":"https:\/\/sitios.ucsc.cl\/investigacion\/wp-content\/uploads\/sites\/14\/2024\/06\/FEC_2024_Banner-1024x252.png"}],"twitter_card":"summary","twitter_site":"@dinn_ucsc","twitter_misc":{"Tiempo de lectura":"3 minutos"},"schema":{"@context":"https:\/\/schema.org","@graph":[{"@type":"WebSite","@id":"https:\/\/dinn.ucsc.cl\/#website","url":"https:\/\/dinn.ucsc.cl\/","name":"Direcci\u00f3n de Innovaci\u00f3n UCSC","description":"Direcci\u00f3n de Innovaci\u00f3n","potentialAction":[{"@type":"SearchAction","target":{"@type":"EntryPoint","urlTemplate":"https:\/\/dinn.ucsc.cl\/?s={search_term_string}"},"query-input":"required name=search_term_string"}],"inLanguage":"es"},{"@type":"ImageObject","inLanguage":"es","@id":"https:\/\/dinn.ucsc.cl\/index.php\/fondo-de-estadias-cortas-y-formacion-en-innovacion\/#primaryimage","url":"https:\/\/sitios.ucsc.cl\/investigacion\/wp-content\/uploads\/sites\/14\/2024\/06\/FEC_2024_Banner-1024x252.png","contentUrl":"https:\/\/sitios.ucsc.cl\/investigacion\/wp-content\/uploads\/sites\/14\/2024\/06\/FEC_2024_Banner-1024x252.png"},{"@type":"WebPage","@id":"https:\/\/dinn.ucsc.cl\/index.php\/fondo-de-estadias-cortas-y-formacion-en-innovacion\/#webpage","url":"https:\/\/dinn.ucsc.cl\/index.php\/fondo-de-estadias-cortas-y-formacion-en-innovacion\/","name":"Fondo estad\u00edas cortas y formaci\u00f3n en innovaci\u00f3n -","isPartOf":{"@id":"https:\/\/dinn.ucsc.cl\/#website"},"primaryImageOfPage":{"@id":"https:\/\/dinn.ucsc.cl\/index.php\/fondo-de-estadias-cortas-y-formacion-en-innovacion\/#primaryimage"},"datePublished":"2021-08-12T16:19:38+00:00","dateModified":"2024-06-06T15:28:12+00:00","breadcrumb":{"@id":"https:\/\/dinn.ucsc.cl\/index.php\/fondo-de-estadias-cortas-y-formacion-en-innovacion\/#breadcrumb"},"inLanguage":"es","potentialAction":[{"@type":"ReadAction","target":["https:\/\/dinn.ucsc.cl\/index.php\/fondo-de-estadias-cortas-y-formacion-en-innovacion\/"]}]},{"@type":"BreadcrumbList","@id":"https:\/\/dinn.ucsc.cl\/index.php\/fondo-de-estadias-cortas-y-formacion-en-innovacion\/#breadcrumb","itemListElement":[{"@type":"ListItem","position":1,"name":"Inicio","item":"https:\/\/dinn.ucsc.cl\/"},{"@type":"ListItem","position":2,"name":"Fondo estad\u00edas cortas y formaci\u00f3n en innovaci\u00f3n"}]}]}},"_links":{"self":[{"href":"https:\/\/dinn.ucsc.cl\/index.php\/wp-json\/wp\/v2\/pages\/3094"}],"collection":[{"href":"https:\/\/dinn.ucsc.cl\/index.php\/wp-json\/wp\/v2\/pages"}],"about":[{"href":"https:\/\/dinn.ucsc.cl\/index.php\/wp-json\/wp\/v2\/types\/page"}],"author":[{"embeddable":true,"href":"https:\/\/dinn.ucsc.cl\/index.php\/wp-json\/wp\/v2\/users\/84"}],"replies":[{"embeddable":true,"href":"https:\/\/dinn.ucsc.cl\/index.php\/wp-json\/wp\/v2\/comments?post=3094"}],"version-history":[{"count":37,"href":"https:\/\/dinn.ucsc.cl\/index.php\/wp-json\/wp\/v2\/pages\/3094\/revisions"}],"predecessor-version":[{"id":5845,"href":"https:\/\/dinn.ucsc.cl\/index.php\/wp-json\/wp\/v2\/pages\/3094\/revisions\/5845"}],"wp:attachment":[{"href":"https:\/\/dinn.ucsc.cl\/index.php\/wp-json\/wp\/v2\/media?parent=3094"}],"curies":[{"name":"wp","href":"https:\/\/api.w.org\/{rel}","templated":true}]}}