{"id":3128,"date":"2021-08-18T07:49:52","date_gmt":"2021-08-18T11:49:52","guid":{"rendered":"http:\/\/dinn.ucsc.cl\/?page_id=3128"},"modified":"2023-01-10T15:43:21","modified_gmt":"2023-01-10T18:43:21","slug":"ashoka-u-commons-latam","status":"publish","type":"page","link":"https:\/\/dinn.ucsc.cl\/index.php\/ashoka-u-commons-latam\/","title":{"rendered":"ASHOKA U: Commons Latam"},"content":{"rendered":"<h3>\u00a0 \u00a0 \u00a0 \u00a0 \u00a0 \u00a0 \u00a0 \u00a0 \u00a0 \u00a0 \u00a0 \u00a0 \u00a0 \u00a0 \u00a0 \u00a0 \u00a0 \u00a0 \u00a0 \u00a0\u00a0<img loading=\"lazy\" class=\"aligncenter wp-image-3934 size-large\" src=\"https:\/\/dinn.ucsc.cl\/wp-content\/uploads\/sites\/14\/2022\/09\/ASHOKA_2022_banner-1024x256.png\" alt=\"\" width=\"1024\" height=\"256\" srcset=\"https:\/\/dinn.ucsc.cl\/wp-content\/uploads\/sites\/14\/2022\/09\/ASHOKA_2022_banner-1024x256.png 1024w, https:\/\/dinn.ucsc.cl\/wp-content\/uploads\/sites\/14\/2022\/09\/ASHOKA_2022_banner-300x75.png 300w, https:\/\/dinn.ucsc.cl\/wp-content\/uploads\/sites\/14\/2022\/09\/ASHOKA_2022_banner-768x192.png 768w, https:\/\/dinn.ucsc.cl\/wp-content\/uploads\/sites\/14\/2022\/09\/ASHOKA_2022_banner-200x50.png 200w, https:\/\/dinn.ucsc.cl\/wp-content\/uploads\/sites\/14\/2022\/09\/ASHOKA_2022_banner.png 1200w\" sizes=\"(max-width: 1024px) 100vw, 1024px\" \/><\/h3>\n<h3>\u00bfQu\u00e9 es Commons Latam?<\/h3>\n<p>Commons Latam es un programa de Ashoka U que tiene como objetivo conectar y preparar a grupos de acad\u00e9micos, directivos y staff de instituciones de educaci\u00f3n superior para fortalecer la formaci\u00f3n de <strong>agentes de cambio<\/strong> y la educaci\u00f3n en <strong>innovaci\u00f3n social<\/strong>, potenciando el impacto social y ecol\u00f3gico de las universidades en Latinoam\u00e9rica.<\/p>\n<p>Los participantes del programa cuentan con el apoyo de mentores y expertos con experiencia internacional, quienes gu\u00edan en el aprendizaje, evaluaci\u00f3n y aplicaci\u00f3n de buenas pr\u00e1cticas, obteniendo como resultado <strong>planes concretos para implementar en sus instituciones<\/strong>. El programa otorga un certificado oficial de Ashoka U a los participantes.<\/p>\n<hr \/>\n<h3><img loading=\"lazy\" class=\"aligncenter wp-image-3095 size-full\" src=\"https:\/\/dinn.ucsc.cl\/wp-content\/uploads\/sites\/14\/2021\/08\/FEC_1.png\" alt=\"\" width=\"77\" height=\"78\" \/>\u00a0 \u00bfQui\u00e9nes pueden postular?<\/h3>\n<p>\u2022\u00a0 <strong>Acad\u00e9micos:<\/strong> con contrato indefinido con una jornada igual o superior a 22 horas y al menos un a\u00f1o de antig\u00fcedad en la Universidad; carta de apoyo o mail del Jefe de Departamento o Coordinador Docente y autorizaci\u00f3n del Decano o Director que corresponda. Se aceptar\u00e1n autorizaciones v\u00eda correo electr\u00f3nico (mails).<\/p>\n<p>Para el caso de acad\u00e9micos pertenecientes a Institutos Tecnol\u00f3gicos de la Universidad, podr\u00e1n postular con contrato indefinido, una jornada inferior a 22 horas semanales y al menos un a\u00f1o de una antig\u00fcedad en la Universidad a la fecha de la convocatoria.<\/p>\n<p>\u2022\u00a0 <strong>Funcionarios administrativos:<\/strong> con contrato indefinido con una jornada igual o superior a 22 horas y con al menos un a\u00f1o de antig\u00fcedad en la Universidad; carta de apoyo de su Jefe de Unidad y autorizaci\u00f3n del respectivo Director. Se aceptar\u00e1n autorizaciones v\u00eda correo electr\u00f3nico (mail).<\/p>\n<hr \/>\n<h3><img loading=\"lazy\" class=\"aligncenter size-full wp-image-3096\" src=\"https:\/\/dinn.ucsc.cl\/wp-content\/uploads\/sites\/14\/2021\/08\/FEC_2.png\" alt=\"\" width=\"77\" height=\"78\" \/>\u00a0 Beneficio<strong>s<\/strong>\u00a0de participar en el programa<\/h3>\n<ul>\n<li>Dise\u00f1ar una Teor\u00eda de Cambio que oriente la medici\u00f3n de resultados e impacto de la universidad o de un programa espec\u00edfico.<\/li>\n<li>Poder acelerar un proyecto institucional de innovaci\u00f3n social.<\/li>\n<li>Interactuar y recibir feedback de pares de otras instituciones, junto con acceder a expertos en innovaci\u00f3n social de distintos pa\u00edses.<\/li>\n<li>Acceder a material exclusivo de Ashoka para universidades.<\/li>\n<li>Obtener un certificado oficial en innovaci\u00f3n social de Ashoka.<\/li>\n<li>Acceder a la red de Alumni Commons, con oportunidades de colaboraci\u00f3n e intercambio de buenas pr\u00e1cticas.<\/li>\n<li>Acceso a la red Ashoka U.<\/li>\n<\/ul>\n<hr \/>\n<h3>Detalles del curso<\/h3>\n<p>Commons es un programa de un a\u00f1o que inicia con un certificado online de 4 meses, donde los participantes trabajan en conjunto para construir iniciativas y fortalecer los ecosistemas de innovaci\u00f3n social dentro de sus instituciones. Luego del certificado, y durante 3 meses, se hace un seguimiento a los proyectos de cada instituci\u00f3n para asegurar la sostenibilidad de los compromisos asumidos y conectarlos con la red Ashoka U.<\/p>\n<hr \/>\n<p>&nbsp;<\/p>\n<h3>Estructura del programa<\/h3>\n<p>Commons est\u00e1 dividido en 8 m\u00f3dulos con distintos tiempos de duraci\u00f3n. Cada uno cuenta con distintos recursos para la formaci\u00f3n y apoyo de los equipos participantes.<\/p>\n<table style=\"width: 618px;height: 673px\">\n<tbody>\n<tr>\n<td style=\"width: 308.656px;text-align: center\">\n<h4><strong>M0: Introducci\u00f3n<\/strong><\/h4>\n<p>Capacitaci\u00f3n para plataforma de<br \/>\naprendizaje y reuniones.<\/td>\n<td style=\"width: 308.344px;text-align: center\">\n<h6><strong>Semana del 3 al 7 de<br \/>\nOctubre<\/strong><\/h6>\n<\/td>\n<\/tr>\n<tr style=\"height: 81px\">\n<td style=\"width: 308.656px;text-align: center;height: 81px\">\n<h4><strong>M1: Introducci\u00f3n<\/strong><\/h4>\n<p>Revisi\u00f3n de recursos relevantes para el tema a tratar en el curso espec\u00edfico.<\/td>\n<td style=\"width: 308.344px;text-align: center\">\n<h6>Semana del 3 al 7 de<br \/>\nOctubre<\/h6>\n<\/td>\n<\/tr>\n<tr style=\"height: 82px\">\n<td style=\"width: 308.656px;text-align: center;height: 82px\">\n<h4>M2: Tendencias y mejores pr\u00e1cticas<\/h4>\n<p>Ejemplos y tendencias a nivel mundial sobre el t\u00f3pico del curso.<\/td>\n<td style=\"width: 308.344px;text-align: center\">\n<h6>17 al 21 de octubre<\/h6>\n<\/td>\n<\/tr>\n<tr style=\"height: 107px\">\n<td style=\"width: 308.656px;text-align: center;height: 107px\">\n<h4>M3: Mapeo y objetivos<\/h4>\n<p>Con apoyo de mentores, cada participante define los objetivos y planifica\u00a0el proyecto a realizar en Commons.<\/td>\n<td style=\"width: 308.344px;text-align: center\">\n<h6>24 de octubre al 4 de<br \/>\nnoviembre (2 semanas)<\/h6>\n<\/td>\n<\/tr>\n<tr style=\"height: 107px\">\n<td style=\"width: 308.656px;text-align: center;height: 107px\">\n<h4>M4: Proyecto<\/h4>\n<p>Cada participante -o\u00a0equipo- desarrolla su proyecto con apoyo de mentores y expertos internacionales.<\/td>\n<td style=\"width: 308.344px;text-align: center\">\n<h6>Del 7 de noviembre al<br \/>\n2 de diciembre (4 semanas)<\/h6>\n<\/td>\n<\/tr>\n<tr style=\"height: 82px\">\n<td style=\"width: 308.656px;text-align: center;height: 82px\">\n<h4>M5: Revisi\u00f3n<\/h4>\n<p>Cada proyecto es revisado y retroalimentado por mentores y pares.<\/td>\n<td style=\"width: 308.344px;text-align: center\">\n<h6>Del 05 al 09 de<br \/>\ndiciembre<\/h6>\n<\/td>\n<\/tr>\n<tr style=\"height: 107px\">\n<td style=\"width: 308.656px;text-align: center;height: 107px\">\n<h4>M6: Presentaci\u00f3n<\/h4>\n<p>Instancia final donde cada participante -o equipo- presenta sus resultados ante pares y expertos.<\/td>\n<td style=\"width: 308.344px;text-align: center\">\n<h6>13 al 16 de diciembre<\/h6>\n<\/td>\n<\/tr>\n<tr style=\"height: 107px\">\n<td style=\"width: 308.656px;text-align: center;height: 107px\">\n<h4>M7: Seguimiento<\/h4>\n<p>El equipo de Ashoka U apoya a los equipos en la\u00a0implementaci\u00f3n inicial del proyecto desarrollado.<\/td>\n<td style=\"width: 308.344px;text-align: center\">\n<h6><strong>Enero a mayo<\/strong><\/h6>\n<\/td>\n<\/tr>\n<\/tbody>\n<\/table>\n<p>&nbsp;<\/p>\n<h4>Haz click <a href=\"https:\/\/dinn.ucsc.cl\/wp-content\/uploads\/sites\/14\/2022\/09\/Guia-del-Curso-Commons-2022-II.pdf\"><strong>aqu\u00ed<\/strong><\/a> para revisar el programa completo en detalle.<\/h4>\n<hr \/>\n<h3>Postulaciones<\/h3>\n<div>\n<div>Quiene<span style=\"font-size: 1rem\">s p<\/span>ostulan, deber\u00e1n hacerlo <span style=\"font-size: 1rem\"><span style=\"font-size: 1rem\">hasta el <strong>03 de octubre<\/strong><\/span><\/span><b style=\"font-size: 1rem\">,<\/b><span style=\"font-size: 1rem\">\u00a0donde deber\u00e1n\u00a0enviar\u00a0un ejemplar\u00a0digital\u00a0del <a href=\"https:\/\/dinn.ucsc.cl\/wp-content\/uploads\/sites\/14\/2022\/09\/FORMULARIO-_PROGRAMA-ASHOKA-U-2022.docx\"><strong>formulario de postulaci\u00f3n<\/strong><\/a> al correo\u202f<\/span><b style=\"font-size: 1rem\">dinn@ucsc.cl.\u00a0<\/b><\/div>\n<div><\/div>\n<div><span style=\"font-size: 1rem\">Consultas del proceso al correo electr\u00f3nico:\u202f<\/span><strong style=\"font-size: 1rem\"><a href=\"mailto:gdelrio@ucsc.cl\">gdelrio@ucsc.cl<\/a>\u00a0,\u00a0<a href=\"mailto:uainn@ucsc.cl\">uainn@ucsc.cl<\/a><\/strong><\/div>\n<div><\/div>\n<\/div>\n<hr \/>\n<p><a href=\"https:\/\/dinn.ucsc.cl\/wp-content\/uploads\/sites\/14\/2022\/09\/FORMULARIO-_PROGRAMA-ASHOKA-U-2022.docx\" target=\"_blank\" rel=\"noopener\"><strong>Descargar formulario de postulaci\u00f3n\u00a0Programa ASHOKA U<\/strong><\/a><\/p>\n<p><strong><a href=\"http:\/\/sitios.ucsc.cl\/investigacion\/wp-content\/uploads\/sites\/14\/2021\/08\/RVRIP-N\u00ba51-2021-CONVOCA-ESTADIAS-CORTAS-O-FORMAC-INNOVAC.pdf\" target=\"_blank\" rel=\"noopener\">Descarga Resoluci\u00f3n de Vicerrector\u00eda de Investigaci\u00f3n y Postgrado UCSC<\/a><\/strong><\/p>\n<p><strong><a href=\"http:\/\/sitios.ucsc.cl\/investigacion\/wp-content\/uploads\/sites\/14\/2021\/08\/D.R._115_2021_ESTABLECE_FONDO_PARA_FINANCIAMIENTO_DE_ESTADIAS_CORTAS_Y_F....pdf\">Descargar decreto Fondo de estad\u00edas cortas y formaci\u00f3n en innovaci\u00f3n<\/a><\/strong><\/p>\n","protected":false},"excerpt":{"rendered":"<p>\u00a0 \u00a0 \u00a0 \u00a0 \u00a0 \u00a0 \u00a0 \u00a0 \u00a0 \u00a0 \u00a0 \u00a0 \u00a0 \u00a0 \u00a0 \u00a0 \u00a0 \u00a0 \u00a0 \u00a0\u00a0 \u00bfQu\u00e9 es Commons Latam? Commons Latam es un programa de Ashoka U que tiene como objetivo conectar y preparar a grupos de acad\u00e9micos, directivos y staff de instituciones de educaci\u00f3n superior para fortalecer la formaci\u00f3n [&hellip;]<\/p>\n","protected":false},"author":84,"featured_media":3944,"parent":0,"menu_order":0,"comment_status":"closed","ping_status":"closed","template":"","meta":[],"yoast_head":"<!-- This site is optimized with the Yoast SEO plugin v18.9 - https:\/\/yoast.com\/wordpress\/plugins\/seo\/ -->\n<title>ASHOKA U: Commons Latam -<\/title>\n<meta name=\"robots\" content=\"index, follow, max-snippet:-1, max-image-preview:large, max-video-preview:-1\" \/>\n<link rel=\"canonical\" href=\"https:\/\/dinn.ucsc.cl\/index.php\/ashoka-u-commons-latam\/\" \/>\n<meta property=\"og:locale\" content=\"es_ES\" \/>\n<meta property=\"og:type\" content=\"article\" \/>\n<meta property=\"og:title\" content=\"ASHOKA U: Commons Latam -\" \/>\n<meta property=\"og:description\" content=\"\u00a0 \u00a0 \u00a0 \u00a0 \u00a0 \u00a0 \u00a0 \u00a0 \u00a0 \u00a0 \u00a0 \u00a0 \u00a0 \u00a0 \u00a0 \u00a0 \u00a0 \u00a0 \u00a0 \u00a0\u00a0 \u00bfQu\u00e9 es Commons Latam? Commons Latam es un programa de Ashoka U que tiene como objetivo conectar y preparar a grupos de acad\u00e9micos, directivos y staff de instituciones de educaci\u00f3n superior para fortalecer la formaci\u00f3n [&hellip;]\" \/>\n<meta property=\"og:url\" content=\"https:\/\/dinn.ucsc.cl\/index.php\/ashoka-u-commons-latam\/\" \/>\n<meta property=\"article:publisher\" content=\"https:\/\/m.facebook.com\/DINNUCSC\" \/>\n<meta property=\"article:modified_time\" content=\"2023-01-10T18:43:21+00:00\" \/>\n<meta property=\"og:image\" content=\"https:\/\/sitios.ucsc.cl\/investigacion\/wp-content\/uploads\/sites\/14\/2022\/09\/program.png\" \/>\n\t<meta property=\"og:image:width\" content=\"800\" \/>\n\t<meta property=\"og:image:height\" content=\"600\" \/>\n\t<meta property=\"og:image:type\" content=\"image\/png\" \/>\n<meta name=\"twitter:card\" content=\"summary\" \/>\n<meta name=\"twitter:site\" content=\"@dinn_ucsc\" \/>\n<meta name=\"twitter:label1\" content=\"Tiempo de lectura\" \/>\n\t<meta name=\"twitter:data1\" content=\"4 minutos\" \/>\n<script type=\"application\/ld+json\" class=\"yoast-schema-graph\">{\"@context\":\"https:\/\/schema.org\",\"@graph\":[{\"@type\":\"WebSite\",\"@id\":\"https:\/\/dinn.ucsc.cl\/#website\",\"url\":\"https:\/\/dinn.ucsc.cl\/\",\"name\":\"Direcci\u00f3n de Innovaci\u00f3n UCSC\",\"description\":\"Direcci\u00f3n de Innovaci\u00f3n\",\"potentialAction\":[{\"@type\":\"SearchAction\",\"target\":{\"@type\":\"EntryPoint\",\"urlTemplate\":\"https:\/\/dinn.ucsc.cl\/?s={search_term_string}\"},\"query-input\":\"required name=search_term_string\"}],\"inLanguage\":\"es\"},{\"@type\":\"ImageObject\",\"inLanguage\":\"es\",\"@id\":\"https:\/\/dinn.ucsc.cl\/index.php\/ashoka-u-commons-latam\/#primaryimage\",\"url\":\"https:\/\/sitios.ucsc.cl\/investigacion\/wp-content\/uploads\/sites\/14\/2022\/09\/program.png\",\"contentUrl\":\"https:\/\/sitios.ucsc.cl\/investigacion\/wp-content\/uploads\/sites\/14\/2022\/09\/program.png\",\"width\":800,\"height\":600},{\"@type\":\"WebPage\",\"@id\":\"https:\/\/dinn.ucsc.cl\/index.php\/ashoka-u-commons-latam\/#webpage\",\"url\":\"https:\/\/dinn.ucsc.cl\/index.php\/ashoka-u-commons-latam\/\",\"name\":\"ASHOKA U: Commons Latam -\",\"isPartOf\":{\"@id\":\"https:\/\/dinn.ucsc.cl\/#website\"},\"primaryImageOfPage\":{\"@id\":\"https:\/\/dinn.ucsc.cl\/index.php\/ashoka-u-commons-latam\/#primaryimage\"},\"datePublished\":\"2021-08-18T11:49:52+00:00\",\"dateModified\":\"2023-01-10T18:43:21+00:00\",\"breadcrumb\":{\"@id\":\"https:\/\/dinn.ucsc.cl\/index.php\/ashoka-u-commons-latam\/#breadcrumb\"},\"inLanguage\":\"es\",\"potentialAction\":[{\"@type\":\"ReadAction\",\"target\":[\"https:\/\/dinn.ucsc.cl\/index.php\/ashoka-u-commons-latam\/\"]}]},{\"@type\":\"BreadcrumbList\",\"@id\":\"https:\/\/dinn.ucsc.cl\/index.php\/ashoka-u-commons-latam\/#breadcrumb\",\"itemListElement\":[{\"@type\":\"ListItem\",\"position\":1,\"name\":\"Inicio\",\"item\":\"https:\/\/dinn.ucsc.cl\/\"},{\"@type\":\"ListItem\",\"position\":2,\"name\":\"ASHOKA U: Commons Latam\"}]}]}<\/script>\n<!-- \/ Yoast SEO plugin. -->","yoast_head_json":{"title":"ASHOKA U: Commons Latam -","robots":{"index":"index","follow":"follow","max-snippet":"max-snippet:-1","max-image-preview":"max-image-preview:large","max-video-preview":"max-video-preview:-1"},"canonical":"https:\/\/dinn.ucsc.cl\/index.php\/ashoka-u-commons-latam\/","og_locale":"es_ES","og_type":"article","og_title":"ASHOKA U: Commons Latam -","og_description":"\u00a0 \u00a0 \u00a0 \u00a0 \u00a0 \u00a0 \u00a0 \u00a0 \u00a0 \u00a0 \u00a0 \u00a0 \u00a0 \u00a0 \u00a0 \u00a0 \u00a0 \u00a0 \u00a0 \u00a0\u00a0 \u00bfQu\u00e9 es Commons Latam? Commons Latam es un programa de Ashoka U que tiene como objetivo conectar y preparar a grupos de acad\u00e9micos, directivos y staff de instituciones de educaci\u00f3n superior para fortalecer la formaci\u00f3n [&hellip;]","og_url":"https:\/\/dinn.ucsc.cl\/index.php\/ashoka-u-commons-latam\/","article_publisher":"https:\/\/m.facebook.com\/DINNUCSC","article_modified_time":"2023-01-10T18:43:21+00:00","og_image":[{"width":800,"height":600,"url":"https:\/\/sitios.ucsc.cl\/investigacion\/wp-content\/uploads\/sites\/14\/2022\/09\/program.png","type":"image\/png"}],"twitter_card":"summary","twitter_site":"@dinn_ucsc","twitter_misc":{"Tiempo de lectura":"4 minutos"},"schema":{"@context":"https:\/\/schema.org","@graph":[{"@type":"WebSite","@id":"https:\/\/dinn.ucsc.cl\/#website","url":"https:\/\/dinn.ucsc.cl\/","name":"Direcci\u00f3n de Innovaci\u00f3n UCSC","description":"Direcci\u00f3n de Innovaci\u00f3n","potentialAction":[{"@type":"SearchAction","target":{"@type":"EntryPoint","urlTemplate":"https:\/\/dinn.ucsc.cl\/?s={search_term_string}"},"query-input":"required name=search_term_string"}],"inLanguage":"es"},{"@type":"ImageObject","inLanguage":"es","@id":"https:\/\/dinn.ucsc.cl\/index.php\/ashoka-u-commons-latam\/#primaryimage","url":"https:\/\/sitios.ucsc.cl\/investigacion\/wp-content\/uploads\/sites\/14\/2022\/09\/program.png","contentUrl":"https:\/\/sitios.ucsc.cl\/investigacion\/wp-content\/uploads\/sites\/14\/2022\/09\/program.png","width":800,"height":600},{"@type":"WebPage","@id":"https:\/\/dinn.ucsc.cl\/index.php\/ashoka-u-commons-latam\/#webpage","url":"https:\/\/dinn.ucsc.cl\/index.php\/ashoka-u-commons-latam\/","name":"ASHOKA U: Commons Latam -","isPartOf":{"@id":"https:\/\/dinn.ucsc.cl\/#website"},"primaryImageOfPage":{"@id":"https:\/\/dinn.ucsc.cl\/index.php\/ashoka-u-commons-latam\/#primaryimage"},"datePublished":"2021-08-18T11:49:52+00:00","dateModified":"2023-01-10T18:43:21+00:00","breadcrumb":{"@id":"https:\/\/dinn.ucsc.cl\/index.php\/ashoka-u-commons-latam\/#breadcrumb"},"inLanguage":"es","potentialAction":[{"@type":"ReadAction","target":["https:\/\/dinn.ucsc.cl\/index.php\/ashoka-u-commons-latam\/"]}]},{"@type":"BreadcrumbList","@id":"https:\/\/dinn.ucsc.cl\/index.php\/ashoka-u-commons-latam\/#breadcrumb","itemListElement":[{"@type":"ListItem","position":1,"name":"Inicio","item":"https:\/\/dinn.ucsc.cl\/"},{"@type":"ListItem","position":2,"name":"ASHOKA U: Commons Latam"}]}]}},"_links":{"self":[{"href":"https:\/\/dinn.ucsc.cl\/index.php\/wp-json\/wp\/v2\/pages\/3128"}],"collection":[{"href":"https:\/\/dinn.ucsc.cl\/index.php\/wp-json\/wp\/v2\/pages"}],"about":[{"href":"https:\/\/dinn.ucsc.cl\/index.php\/wp-json\/wp\/v2\/types\/page"}],"author":[{"embeddable":true,"href":"https:\/\/dinn.ucsc.cl\/index.php\/wp-json\/wp\/v2\/users\/84"}],"replies":[{"embeddable":true,"href":"https:\/\/dinn.ucsc.cl\/index.php\/wp-json\/wp\/v2\/comments?post=3128"}],"version-history":[{"count":26,"href":"https:\/\/dinn.ucsc.cl\/index.php\/wp-json\/wp\/v2\/pages\/3128\/revisions"}],"predecessor-version":[{"id":6180,"href":"https:\/\/dinn.ucsc.cl\/index.php\/wp-json\/wp\/v2\/pages\/3128\/revisions\/6180"}],"wp:featuredmedia":[{"embeddable":true,"href":"https:\/\/dinn.ucsc.cl\/index.php\/wp-json\/wp\/v2\/media\/3944"}],"wp:attachment":[{"href":"https:\/\/dinn.ucsc.cl\/index.php\/wp-json\/wp\/v2\/media?parent=3128"}],"curies":[{"name":"wp","href":"https:\/\/api.w.org\/{rel}","templated":true}]}}