{"id":3568,"date":"2022-05-27T12:50:58","date_gmt":"2022-05-27T16:50:58","guid":{"rendered":"https:\/\/dinn.ucsc.cl\/?page_id=3568"},"modified":"2022-10-14T12:58:23","modified_gmt":"2022-10-14T15:58:23","slug":"boletines-proyecto-68-ines","status":"publish","type":"page","link":"https:\/\/dinn.ucsc.cl\/index.php\/boletines-proyecto-68-ines\/","title":{"rendered":"Boletines Proyecto 68-InES"},"content":{"rendered":"<p><img loading=\"lazy\" class=\"aligncenter wp-image-3641 \" src=\"https:\/\/dinn.ucsc.cl\/wp-content\/uploads\/sites\/14\/2022\/05\/Difusion_InES.png\" alt=\"\" width=\"987\" height=\"742\" srcset=\"https:\/\/dinn.ucsc.cl\/wp-content\/uploads\/sites\/14\/2022\/05\/Difusion_InES.png 1289w, https:\/\/dinn.ucsc.cl\/wp-content\/uploads\/sites\/14\/2022\/05\/Difusion_InES-300x226.png 300w, https:\/\/dinn.ucsc.cl\/wp-content\/uploads\/sites\/14\/2022\/05\/Difusion_InES-768x577.png 768w, https:\/\/dinn.ucsc.cl\/wp-content\/uploads\/sites\/14\/2022\/05\/Difusion_InES-1024x770.png 1024w, https:\/\/dinn.ucsc.cl\/wp-content\/uploads\/sites\/14\/2022\/05\/Difusion_InES-200x150.png 200w\" sizes=\"(max-width: 987px) 100vw, 987px\" \/><\/p>\n<table style=\"width: 1276px;height: 198px\">\n<tbody>\n<tr style=\"height: 198px\">\n<td style=\"width: 613.438px;height: 198px\">&nbsp;<\/p>\n<p><img loading=\"lazy\" class=\"wp-image-3569 alignleft\" src=\"https:\/\/dinn.ucsc.cl\/wp-content\/uploads\/sites\/14\/2022\/05\/Logo_INES68.png\" alt=\"\" width=\"560\" height=\"120\" srcset=\"https:\/\/dinn.ucsc.cl\/wp-content\/uploads\/sites\/14\/2022\/05\/Logo_INES68.png 1353w, https:\/\/dinn.ucsc.cl\/wp-content\/uploads\/sites\/14\/2022\/05\/Logo_INES68-300x64.png 300w, https:\/\/dinn.ucsc.cl\/wp-content\/uploads\/sites\/14\/2022\/05\/Logo_INES68-768x165.png 768w, https:\/\/dinn.ucsc.cl\/wp-content\/uploads\/sites\/14\/2022\/05\/Logo_INES68-1024x219.png 1024w, https:\/\/dinn.ucsc.cl\/wp-content\/uploads\/sites\/14\/2022\/05\/Logo_INES68-200x43.png 200w\" sizes=\"(max-width: 560px) 100vw, 560px\" \/><\/td>\n<td style=\"width: 661.562px;height: 198px\">\n<h3><\/h3>\n<h3 style=\"text-align: left\">Conoce los hitos m\u00e1s relevantes del proyecto, desarrollados por nuestro equipo multidisciplinario de diversas Facultades y Direcciones de la UCSC.<\/h3>\n<\/td>\n<\/tr>\n<\/tbody>\n<\/table>\n<p><img loading=\"lazy\" class=\"wp-image-3638 alignnone\" src=\"https:\/\/dinn.ucsc.cl\/wp-content\/uploads\/sites\/14\/2022\/05\/frame2.png\" alt=\"\" width=\"1300\" height=\"14\" srcset=\"https:\/\/dinn.ucsc.cl\/wp-content\/uploads\/sites\/14\/2022\/05\/frame2.png 1001w, https:\/\/dinn.ucsc.cl\/wp-content\/uploads\/sites\/14\/2022\/05\/frame2-300x3.png 300w, https:\/\/dinn.ucsc.cl\/wp-content\/uploads\/sites\/14\/2022\/05\/frame2-768x8.png 768w, https:\/\/dinn.ucsc.cl\/wp-content\/uploads\/sites\/14\/2022\/05\/frame2-1000x11.png 1000w, https:\/\/dinn.ucsc.cl\/wp-content\/uploads\/sites\/14\/2022\/05\/frame2-200x2.png 200w\" sizes=\"(max-width: 1300px) 100vw, 1300px\" \/><\/p>\n<p><a href=\"https:\/\/issuu.com\/ucscconcepcion\/docs\/1_bolet_n_ines68_200721\" target=\"_blank\" rel=\"noopener\"><img loading=\"lazy\" class=\"wp-image-3581 aligncenter\" src=\"https:\/\/dinn.ucsc.cl\/wp-content\/uploads\/sites\/14\/2022\/05\/Portada_bolet\u00edn-300x300.png\" alt=\"\" width=\"356\" height=\"356\" srcset=\"https:\/\/dinn.ucsc.cl\/wp-content\/uploads\/sites\/14\/2022\/05\/Portada_bolet\u00edn-300x300.png 300w, https:\/\/dinn.ucsc.cl\/wp-content\/uploads\/sites\/14\/2022\/05\/Portada_bolet\u00edn-150x150.png 150w, https:\/\/dinn.ucsc.cl\/wp-content\/uploads\/sites\/14\/2022\/05\/Portada_bolet\u00edn-768x768.png 768w, https:\/\/dinn.ucsc.cl\/wp-content\/uploads\/sites\/14\/2022\/05\/Portada_bolet\u00edn-1024x1024.png 1024w, https:\/\/dinn.ucsc.cl\/wp-content\/uploads\/sites\/14\/2022\/05\/Portada_bolet\u00edn-200x200.png 200w, https:\/\/dinn.ucsc.cl\/wp-content\/uploads\/sites\/14\/2022\/05\/Portada_bolet\u00edn.png 1201w\" sizes=\"(max-width: 356px) 100vw, 356px\" \/>\u00a0<\/a>\u00a0 \u00a0 \u00a0 \u00a0 \u00a0 \u00a0 \u00a0 \u00a0 \u00a0 \u00a0 \u00a0 \u00a0 \u00a0 \u00a0 \u00a0 \u00a0 \u00a0 \u00a0 \u00a0 \u00a0 \u00a0 \u00a0 \u00a0 \u00a0 \u00a0 \u00a0 \u00a0 \u00a0 \u00a0 \u00a0 \u00a0 \u00a0 \u00a0 \u00a0 \u00a0 \u00a0 \u00a0 \u00a0 \u00a0 <a href=\"https:\/\/issuu.com\/ucscconcepcion\/docs\/bolet_n_ines68_2_final_compressed?fr=sOTEyMzMyNTk5Mg\" target=\"_blank\" rel=\"noopener\"><img loading=\"lazy\" class=\"wp-image-3582 aligncenter\" src=\"https:\/\/dinn.ucsc.cl\/wp-content\/uploads\/sites\/14\/2022\/05\/Portada_InES_2-300x300.png\" alt=\"\" width=\"359\" height=\"359\" srcset=\"https:\/\/dinn.ucsc.cl\/wp-content\/uploads\/sites\/14\/2022\/05\/Portada_InES_2-300x300.png 300w, https:\/\/dinn.ucsc.cl\/wp-content\/uploads\/sites\/14\/2022\/05\/Portada_InES_2-150x150.png 150w, https:\/\/dinn.ucsc.cl\/wp-content\/uploads\/sites\/14\/2022\/05\/Portada_InES_2-768x768.png 768w, https:\/\/dinn.ucsc.cl\/wp-content\/uploads\/sites\/14\/2022\/05\/Portada_InES_2-1024x1024.png 1024w, https:\/\/dinn.ucsc.cl\/wp-content\/uploads\/sites\/14\/2022\/05\/Portada_InES_2-200x200.png 200w, https:\/\/dinn.ucsc.cl\/wp-content\/uploads\/sites\/14\/2022\/05\/Portada_InES_2.png 1201w\" sizes=\"(max-width: 359px) 100vw, 359px\" \/><\/a><\/p>\n","protected":false},"excerpt":{"rendered":"<p>&nbsp; Conoce los hitos m\u00e1s relevantes del proyecto, desarrollados por nuestro equipo multidisciplinario de diversas Facultades y Direcciones de la UCSC. \u00a0\u00a0 \u00a0 \u00a0 \u00a0 \u00a0 \u00a0 \u00a0 \u00a0 \u00a0 \u00a0 \u00a0 \u00a0 \u00a0 \u00a0 \u00a0 \u00a0 \u00a0 \u00a0 \u00a0 \u00a0 \u00a0 \u00a0 \u00a0 \u00a0 \u00a0 \u00a0 \u00a0 \u00a0 \u00a0 \u00a0 \u00a0 \u00a0 \u00a0 \u00a0 [&hellip;]<\/p>\n","protected":false},"author":84,"featured_media":0,"parent":0,"menu_order":0,"comment_status":"closed","ping_status":"closed","template":"","meta":[],"yoast_head":"<!-- This site is optimized with the Yoast SEO plugin v18.9 - https:\/\/yoast.com\/wordpress\/plugins\/seo\/ -->\n<title>Boletines Proyecto 68-InES -<\/title>\n<meta name=\"robots\" content=\"index, follow, max-snippet:-1, max-image-preview:large, max-video-preview:-1\" \/>\n<link rel=\"canonical\" href=\"https:\/\/dinn.ucsc.cl\/index.php\/boletines-proyecto-68-ines\/\" \/>\n<meta property=\"og:locale\" content=\"es_ES\" \/>\n<meta property=\"og:type\" content=\"article\" \/>\n<meta property=\"og:title\" content=\"Boletines Proyecto 68-InES -\" \/>\n<meta property=\"og:description\" content=\"&nbsp; Conoce los hitos m\u00e1s relevantes del proyecto, desarrollados por nuestro equipo multidisciplinario de diversas Facultades y Direcciones de la UCSC. \u00a0\u00a0 \u00a0 \u00a0 \u00a0 \u00a0 \u00a0 \u00a0 \u00a0 \u00a0 \u00a0 \u00a0 \u00a0 \u00a0 \u00a0 \u00a0 \u00a0 \u00a0 \u00a0 \u00a0 \u00a0 \u00a0 \u00a0 \u00a0 \u00a0 \u00a0 \u00a0 \u00a0 \u00a0 \u00a0 \u00a0 \u00a0 \u00a0 \u00a0 \u00a0 [&hellip;]\" \/>\n<meta property=\"og:url\" content=\"https:\/\/dinn.ucsc.cl\/index.php\/boletines-proyecto-68-ines\/\" \/>\n<meta property=\"article:publisher\" content=\"https:\/\/m.facebook.com\/DINNUCSC\" \/>\n<meta property=\"article:modified_time\" content=\"2022-10-14T15:58:23+00:00\" \/>\n<meta property=\"og:image\" content=\"https:\/\/sitios.ucsc.cl\/investigacion\/wp-content\/uploads\/sites\/14\/2022\/05\/Difusion_InES.png\" \/>\n<meta name=\"twitter:card\" content=\"summary\" \/>\n<meta name=\"twitter:site\" content=\"@dinn_ucsc\" \/>\n<script type=\"application\/ld+json\" class=\"yoast-schema-graph\">{\"@context\":\"https:\/\/schema.org\",\"@graph\":[{\"@type\":\"WebSite\",\"@id\":\"https:\/\/dinn.ucsc.cl\/#website\",\"url\":\"https:\/\/dinn.ucsc.cl\/\",\"name\":\"Direcci\u00f3n de Innovaci\u00f3n UCSC\",\"description\":\"Direcci\u00f3n de Innovaci\u00f3n\",\"potentialAction\":[{\"@type\":\"SearchAction\",\"target\":{\"@type\":\"EntryPoint\",\"urlTemplate\":\"https:\/\/dinn.ucsc.cl\/?s={search_term_string}\"},\"query-input\":\"required name=search_term_string\"}],\"inLanguage\":\"es\"},{\"@type\":\"ImageObject\",\"inLanguage\":\"es\",\"@id\":\"https:\/\/dinn.ucsc.cl\/index.php\/boletines-proyecto-68-ines\/#primaryimage\",\"url\":\"https:\/\/sitios.ucsc.cl\/investigacion\/wp-content\/uploads\/sites\/14\/2022\/05\/Difusion_InES.png\",\"contentUrl\":\"https:\/\/sitios.ucsc.cl\/investigacion\/wp-content\/uploads\/sites\/14\/2022\/05\/Difusion_InES.png\"},{\"@type\":\"WebPage\",\"@id\":\"https:\/\/dinn.ucsc.cl\/index.php\/boletines-proyecto-68-ines\/#webpage\",\"url\":\"https:\/\/dinn.ucsc.cl\/index.php\/boletines-proyecto-68-ines\/\",\"name\":\"Boletines Proyecto 68-InES -\",\"isPartOf\":{\"@id\":\"https:\/\/dinn.ucsc.cl\/#website\"},\"primaryImageOfPage\":{\"@id\":\"https:\/\/dinn.ucsc.cl\/index.php\/boletines-proyecto-68-ines\/#primaryimage\"},\"datePublished\":\"2022-05-27T16:50:58+00:00\",\"dateModified\":\"2022-10-14T15:58:23+00:00\",\"breadcrumb\":{\"@id\":\"https:\/\/dinn.ucsc.cl\/index.php\/boletines-proyecto-68-ines\/#breadcrumb\"},\"inLanguage\":\"es\",\"potentialAction\":[{\"@type\":\"ReadAction\",\"target\":[\"https:\/\/dinn.ucsc.cl\/index.php\/boletines-proyecto-68-ines\/\"]}]},{\"@type\":\"BreadcrumbList\",\"@id\":\"https:\/\/dinn.ucsc.cl\/index.php\/boletines-proyecto-68-ines\/#breadcrumb\",\"itemListElement\":[{\"@type\":\"ListItem\",\"position\":1,\"name\":\"Inicio\",\"item\":\"https:\/\/dinn.ucsc.cl\/\"},{\"@type\":\"ListItem\",\"position\":2,\"name\":\"Boletines Proyecto 68-InES\"}]}]}<\/script>\n<!-- \/ Yoast SEO plugin. -->","yoast_head_json":{"title":"Boletines Proyecto 68-InES -","robots":{"index":"index","follow":"follow","max-snippet":"max-snippet:-1","max-image-preview":"max-image-preview:large","max-video-preview":"max-video-preview:-1"},"canonical":"https:\/\/dinn.ucsc.cl\/index.php\/boletines-proyecto-68-ines\/","og_locale":"es_ES","og_type":"article","og_title":"Boletines Proyecto 68-InES -","og_description":"&nbsp; Conoce los hitos m\u00e1s relevantes del proyecto, desarrollados por nuestro equipo multidisciplinario de diversas Facultades y Direcciones de la UCSC. \u00a0\u00a0 \u00a0 \u00a0 \u00a0 \u00a0 \u00a0 \u00a0 \u00a0 \u00a0 \u00a0 \u00a0 \u00a0 \u00a0 \u00a0 \u00a0 \u00a0 \u00a0 \u00a0 \u00a0 \u00a0 \u00a0 \u00a0 \u00a0 \u00a0 \u00a0 \u00a0 \u00a0 \u00a0 \u00a0 \u00a0 \u00a0 \u00a0 \u00a0 \u00a0 [&hellip;]","og_url":"https:\/\/dinn.ucsc.cl\/index.php\/boletines-proyecto-68-ines\/","article_publisher":"https:\/\/m.facebook.com\/DINNUCSC","article_modified_time":"2022-10-14T15:58:23+00:00","og_image":[{"url":"https:\/\/sitios.ucsc.cl\/investigacion\/wp-content\/uploads\/sites\/14\/2022\/05\/Difusion_InES.png"}],"twitter_card":"summary","twitter_site":"@dinn_ucsc","schema":{"@context":"https:\/\/schema.org","@graph":[{"@type":"WebSite","@id":"https:\/\/dinn.ucsc.cl\/#website","url":"https:\/\/dinn.ucsc.cl\/","name":"Direcci\u00f3n de Innovaci\u00f3n UCSC","description":"Direcci\u00f3n de Innovaci\u00f3n","potentialAction":[{"@type":"SearchAction","target":{"@type":"EntryPoint","urlTemplate":"https:\/\/dinn.ucsc.cl\/?s={search_term_string}"},"query-input":"required name=search_term_string"}],"inLanguage":"es"},{"@type":"ImageObject","inLanguage":"es","@id":"https:\/\/dinn.ucsc.cl\/index.php\/boletines-proyecto-68-ines\/#primaryimage","url":"https:\/\/sitios.ucsc.cl\/investigacion\/wp-content\/uploads\/sites\/14\/2022\/05\/Difusion_InES.png","contentUrl":"https:\/\/sitios.ucsc.cl\/investigacion\/wp-content\/uploads\/sites\/14\/2022\/05\/Difusion_InES.png"},{"@type":"WebPage","@id":"https:\/\/dinn.ucsc.cl\/index.php\/boletines-proyecto-68-ines\/#webpage","url":"https:\/\/dinn.ucsc.cl\/index.php\/boletines-proyecto-68-ines\/","name":"Boletines Proyecto 68-InES -","isPartOf":{"@id":"https:\/\/dinn.ucsc.cl\/#website"},"primaryImageOfPage":{"@id":"https:\/\/dinn.ucsc.cl\/index.php\/boletines-proyecto-68-ines\/#primaryimage"},"datePublished":"2022-05-27T16:50:58+00:00","dateModified":"2022-10-14T15:58:23+00:00","breadcrumb":{"@id":"https:\/\/dinn.ucsc.cl\/index.php\/boletines-proyecto-68-ines\/#breadcrumb"},"inLanguage":"es","potentialAction":[{"@type":"ReadAction","target":["https:\/\/dinn.ucsc.cl\/index.php\/boletines-proyecto-68-ines\/"]}]},{"@type":"BreadcrumbList","@id":"https:\/\/dinn.ucsc.cl\/index.php\/boletines-proyecto-68-ines\/#breadcrumb","itemListElement":[{"@type":"ListItem","position":1,"name":"Inicio","item":"https:\/\/dinn.ucsc.cl\/"},{"@type":"ListItem","position":2,"name":"Boletines Proyecto 68-InES"}]}]}},"_links":{"self":[{"href":"https:\/\/dinn.ucsc.cl\/index.php\/wp-json\/wp\/v2\/pages\/3568"}],"collection":[{"href":"https:\/\/dinn.ucsc.cl\/index.php\/wp-json\/wp\/v2\/pages"}],"about":[{"href":"https:\/\/dinn.ucsc.cl\/index.php\/wp-json\/wp\/v2\/types\/page"}],"author":[{"embeddable":true,"href":"https:\/\/dinn.ucsc.cl\/index.php\/wp-json\/wp\/v2\/users\/84"}],"replies":[{"embeddable":true,"href":"https:\/\/dinn.ucsc.cl\/index.php\/wp-json\/wp\/v2\/comments?post=3568"}],"version-history":[{"count":38,"href":"https:\/\/dinn.ucsc.cl\/index.php\/wp-json\/wp\/v2\/pages\/3568\/revisions"}],"predecessor-version":[{"id":3985,"href":"https:\/\/dinn.ucsc.cl\/index.php\/wp-json\/wp\/v2\/pages\/3568\/revisions\/3985"}],"wp:attachment":[{"href":"https:\/\/dinn.ucsc.cl\/index.php\/wp-json\/wp\/v2\/media?parent=3568"}],"curies":[{"name":"wp","href":"https:\/\/api.w.org\/{rel}","templated":true}]}}