{"id":3608,"date":"2022-05-30T11:58:01","date_gmt":"2022-05-30T15:58:01","guid":{"rendered":"https:\/\/dinn.ucsc.cl\/?page_id=3608"},"modified":"2022-05-30T11:59:56","modified_gmt":"2022-05-30T15:59:56","slug":"manuales-dinn","status":"publish","type":"page","link":"https:\/\/dinn.ucsc.cl\/index.php\/manuales-dinn\/","title":{"rendered":"Manuales de la Direcci\u00f3n de Innovaci\u00f3n"},"content":{"rendered":"<table style=\"width: 1289px\">\n<tbody>\n<tr>\n<td style=\"width: 105px\"><img loading=\"lazy\" class=\"aligncenter size-full wp-image-3616\" src=\"https:\/\/dinn.ucsc.cl\/wp-content\/uploads\/sites\/14\/2022\/05\/img05.png\" alt=\"\" width=\"67\" height=\"67\" \/><\/td>\n<td style=\"width: 1183px\">Como parte del fortalecimiento de la cultura de la innovaci\u00f3n, emprendimiento y transferencia tecnol\u00f3gica de la UCSC, te invitamos a leer nuestros manuales, desarrollados con el fin de dar a conocer conceptos claves y servicios de apoyo que otorgamos como Direcci\u00f3n de Innovaci\u00f3n y Unidad de Proyectos a la Comunidad Universitaria.<\/td>\n<\/tr>\n<\/tbody>\n<\/table>\n<p><img loading=\"lazy\" class=\"aligncenter wp-image-3622 size-full\" src=\"https:\/\/dinn.ucsc.cl\/wp-content\/uploads\/sites\/14\/2022\/05\/frame1.png\" alt=\"\" width=\"1000\" height=\"15\" srcset=\"https:\/\/dinn.ucsc.cl\/wp-content\/uploads\/sites\/14\/2022\/05\/frame1.png 1000w, https:\/\/dinn.ucsc.cl\/wp-content\/uploads\/sites\/14\/2022\/05\/frame1-300x5.png 300w, https:\/\/dinn.ucsc.cl\/wp-content\/uploads\/sites\/14\/2022\/05\/frame1-768x12.png 768w, https:\/\/dinn.ucsc.cl\/wp-content\/uploads\/sites\/14\/2022\/05\/frame1-200x3.png 200w\" sizes=\"(max-width: 1000px) 100vw, 1000px\" \/><\/p>\n<p>&nbsp;<\/p>\n<p><a href=\"https:\/\/dinn.ucsc.cl\/wp-content\/uploads\/sites\/14\/2021\/07\/Manual_de_Servicios280721_compressed.pdf\" target=\"_blank\" rel=\"noopener\"><img loading=\"lazy\" class=\"alignleft wp-image-3553\" src=\"https:\/\/dinn.ucsc.cl\/wp-content\/uploads\/sites\/14\/2022\/05\/Icono_MServicios-300x196.png\" alt=\"\" width=\"450\" height=\"294\" srcset=\"https:\/\/dinn.ucsc.cl\/wp-content\/uploads\/sites\/14\/2022\/05\/Icono_MServicios-300x196.png 300w, https:\/\/dinn.ucsc.cl\/wp-content\/uploads\/sites\/14\/2022\/05\/Icono_MServicios-768x502.png 768w, https:\/\/dinn.ucsc.cl\/wp-content\/uploads\/sites\/14\/2022\/05\/Icono_MServicios-200x131.png 200w, https:\/\/dinn.ucsc.cl\/wp-content\/uploads\/sites\/14\/2022\/05\/Icono_MServicios.png 992w\" sizes=\"(max-width: 450px) 100vw, 450px\" \/><\/a><a href=\"https:\/\/dinn.ucsc.cl\/wp-content\/uploads\/sites\/14\/2021\/07\/Manual_del_Emprendedor280721_compressed.pdf\" target=\"_blank\" rel=\"noopener\"><img loading=\"lazy\" class=\"alignright wp-image-3550\" src=\"https:\/\/dinn.ucsc.cl\/wp-content\/uploads\/sites\/14\/2022\/05\/Icono_MEmprendedor-300x196.png\" alt=\"\" width=\"450\" height=\"294\" srcset=\"https:\/\/dinn.ucsc.cl\/wp-content\/uploads\/sites\/14\/2022\/05\/Icono_MEmprendedor-300x196.png 300w, https:\/\/dinn.ucsc.cl\/wp-content\/uploads\/sites\/14\/2022\/05\/Icono_MEmprendedor-768x502.png 768w, https:\/\/dinn.ucsc.cl\/wp-content\/uploads\/sites\/14\/2022\/05\/Icono_MEmprendedor-200x131.png 200w, https:\/\/dinn.ucsc.cl\/wp-content\/uploads\/sites\/14\/2022\/05\/Icono_MEmprendedor.png 992w\" sizes=\"(max-width: 450px) 100vw, 450px\" \/><\/a><\/p>\n<p>&nbsp;<\/p>\n<p>&nbsp;<\/p>\n<p>&nbsp;<\/p>\n<p>&nbsp;<\/p>\n<p>&nbsp;<\/p>\n<p>&nbsp;<\/p>\n<p>&nbsp;<\/p>\n<p>&nbsp;<\/p>\n<p><a href=\"https:\/\/dinn.ucsc.cl\/wp-content\/uploads\/sites\/14\/2021\/07\/Manual_de_Propiedad_Intelectual_Y_Transferencia_Tecnol%C3%B3gica280721_compressed.pdf\" target=\"_blank\" rel=\"noopener\"><img loading=\"lazy\" class=\"alignleft wp-image-3551\" src=\"https:\/\/dinn.ucsc.cl\/wp-content\/uploads\/sites\/14\/2022\/05\/Icono_MPIYTT-300x197.png\" alt=\"\" width=\"450\" height=\"296\" srcset=\"https:\/\/dinn.ucsc.cl\/wp-content\/uploads\/sites\/14\/2022\/05\/Icono_MPIYTT-300x197.png 300w, https:\/\/dinn.ucsc.cl\/wp-content\/uploads\/sites\/14\/2022\/05\/Icono_MPIYTT-768x505.png 768w, https:\/\/dinn.ucsc.cl\/wp-content\/uploads\/sites\/14\/2022\/05\/Icono_MPIYTT-200x131.png 200w, https:\/\/dinn.ucsc.cl\/wp-content\/uploads\/sites\/14\/2022\/05\/Icono_MPIYTT.png 992w\" sizes=\"(max-width: 450px) 100vw, 450px\" \/><\/a><a href=\"https:\/\/dinn.ucsc.cl\/wp-content\/uploads\/sites\/14\/2021\/07\/Manual_de_gesti%C3%B3n_de_proyectos280721_compressed.pdf\" target=\"_blank\" rel=\"noopener\"><img loading=\"lazy\" class=\"alignright wp-image-3552\" src=\"https:\/\/dinn.ucsc.cl\/wp-content\/uploads\/sites\/14\/2022\/05\/Icono_MProyectos-300x196.png\" alt=\"\" width=\"450\" height=\"294\" srcset=\"https:\/\/dinn.ucsc.cl\/wp-content\/uploads\/sites\/14\/2022\/05\/Icono_MProyectos-300x196.png 300w, https:\/\/dinn.ucsc.cl\/wp-content\/uploads\/sites\/14\/2022\/05\/Icono_MProyectos-768x502.png 768w, https:\/\/dinn.ucsc.cl\/wp-content\/uploads\/sites\/14\/2022\/05\/Icono_MProyectos-200x131.png 200w, https:\/\/dinn.ucsc.cl\/wp-content\/uploads\/sites\/14\/2022\/05\/Icono_MProyectos.png 992w\" sizes=\"(max-width: 450px) 100vw, 450px\" \/><\/a><\/p>\n","protected":false},"excerpt":{"rendered":"<p>Como parte del fortalecimiento de la cultura de la innovaci\u00f3n, emprendimiento y transferencia tecnol\u00f3gica de la UCSC, te invitamos a leer nuestros manuales, desarrollados con el fin de dar a conocer conceptos claves y servicios de apoyo que otorgamos como Direcci\u00f3n de Innovaci\u00f3n y Unidad de Proyectos a la Comunidad Universitaria. &nbsp; &nbsp; &nbsp; &nbsp; [&hellip;]<\/p>\n","protected":false},"author":84,"featured_media":0,"parent":0,"menu_order":0,"comment_status":"closed","ping_status":"closed","template":"","meta":[],"yoast_head":"<!-- This site is optimized with the Yoast SEO plugin v18.9 - https:\/\/yoast.com\/wordpress\/plugins\/seo\/ -->\n<title>Manuales de la Direcci\u00f3n de Innovaci\u00f3n -<\/title>\n<meta name=\"robots\" content=\"index, follow, max-snippet:-1, max-image-preview:large, max-video-preview:-1\" \/>\n<link rel=\"canonical\" href=\"https:\/\/dinn.ucsc.cl\/index.php\/manuales-dinn\/\" \/>\n<meta property=\"og:locale\" content=\"es_ES\" \/>\n<meta property=\"og:type\" content=\"article\" \/>\n<meta property=\"og:title\" content=\"Manuales de la Direcci\u00f3n de Innovaci\u00f3n -\" \/>\n<meta property=\"og:description\" content=\"Como parte del fortalecimiento de la cultura de la innovaci\u00f3n, emprendimiento y transferencia tecnol\u00f3gica de la UCSC, te invitamos a leer nuestros manuales, desarrollados con el fin de dar a conocer conceptos claves y servicios de apoyo que otorgamos como Direcci\u00f3n de Innovaci\u00f3n y Unidad de Proyectos a la Comunidad Universitaria. &nbsp; &nbsp; &nbsp; &nbsp; [&hellip;]\" \/>\n<meta property=\"og:url\" content=\"https:\/\/dinn.ucsc.cl\/index.php\/manuales-dinn\/\" \/>\n<meta property=\"article:publisher\" content=\"https:\/\/m.facebook.com\/DINNUCSC\" \/>\n<meta property=\"article:modified_time\" content=\"2022-05-30T15:59:56+00:00\" \/>\n<meta property=\"og:image\" content=\"https:\/\/sitios.ucsc.cl\/investigacion\/wp-content\/uploads\/sites\/14\/2022\/05\/img05.png\" \/>\n<meta name=\"twitter:card\" content=\"summary\" \/>\n<meta name=\"twitter:site\" content=\"@dinn_ucsc\" \/>\n<script type=\"application\/ld+json\" class=\"yoast-schema-graph\">{\"@context\":\"https:\/\/schema.org\",\"@graph\":[{\"@type\":\"WebSite\",\"@id\":\"https:\/\/dinn.ucsc.cl\/#website\",\"url\":\"https:\/\/dinn.ucsc.cl\/\",\"name\":\"Direcci\u00f3n de Innovaci\u00f3n UCSC\",\"description\":\"Direcci\u00f3n de Innovaci\u00f3n\",\"potentialAction\":[{\"@type\":\"SearchAction\",\"target\":{\"@type\":\"EntryPoint\",\"urlTemplate\":\"https:\/\/dinn.ucsc.cl\/?s={search_term_string}\"},\"query-input\":\"required name=search_term_string\"}],\"inLanguage\":\"es\"},{\"@type\":\"ImageObject\",\"inLanguage\":\"es\",\"@id\":\"https:\/\/dinn.ucsc.cl\/index.php\/manuales-dinn\/#primaryimage\",\"url\":\"https:\/\/sitios.ucsc.cl\/investigacion\/wp-content\/uploads\/sites\/14\/2022\/05\/img05.png\",\"contentUrl\":\"https:\/\/sitios.ucsc.cl\/investigacion\/wp-content\/uploads\/sites\/14\/2022\/05\/img05.png\"},{\"@type\":\"WebPage\",\"@id\":\"https:\/\/dinn.ucsc.cl\/index.php\/manuales-dinn\/#webpage\",\"url\":\"https:\/\/dinn.ucsc.cl\/index.php\/manuales-dinn\/\",\"name\":\"Manuales de la Direcci\u00f3n de Innovaci\u00f3n -\",\"isPartOf\":{\"@id\":\"https:\/\/dinn.ucsc.cl\/#website\"},\"primaryImageOfPage\":{\"@id\":\"https:\/\/dinn.ucsc.cl\/index.php\/manuales-dinn\/#primaryimage\"},\"datePublished\":\"2022-05-30T15:58:01+00:00\",\"dateModified\":\"2022-05-30T15:59:56+00:00\",\"breadcrumb\":{\"@id\":\"https:\/\/dinn.ucsc.cl\/index.php\/manuales-dinn\/#breadcrumb\"},\"inLanguage\":\"es\",\"potentialAction\":[{\"@type\":\"ReadAction\",\"target\":[\"https:\/\/dinn.ucsc.cl\/index.php\/manuales-dinn\/\"]}]},{\"@type\":\"BreadcrumbList\",\"@id\":\"https:\/\/dinn.ucsc.cl\/index.php\/manuales-dinn\/#breadcrumb\",\"itemListElement\":[{\"@type\":\"ListItem\",\"position\":1,\"name\":\"Inicio\",\"item\":\"https:\/\/dinn.ucsc.cl\/\"},{\"@type\":\"ListItem\",\"position\":2,\"name\":\"Manuales de la Direcci\u00f3n de Innovaci\u00f3n\"}]}]}<\/script>\n<!-- \/ Yoast SEO plugin. -->","yoast_head_json":{"title":"Manuales de la Direcci\u00f3n de Innovaci\u00f3n -","robots":{"index":"index","follow":"follow","max-snippet":"max-snippet:-1","max-image-preview":"max-image-preview:large","max-video-preview":"max-video-preview:-1"},"canonical":"https:\/\/dinn.ucsc.cl\/index.php\/manuales-dinn\/","og_locale":"es_ES","og_type":"article","og_title":"Manuales de la Direcci\u00f3n de Innovaci\u00f3n -","og_description":"Como parte del fortalecimiento de la cultura de la innovaci\u00f3n, emprendimiento y transferencia tecnol\u00f3gica de la UCSC, te invitamos a leer nuestros manuales, desarrollados con el fin de dar a conocer conceptos claves y servicios de apoyo que otorgamos como Direcci\u00f3n de Innovaci\u00f3n y Unidad de Proyectos a la Comunidad Universitaria. &nbsp; &nbsp; &nbsp; &nbsp; [&hellip;]","og_url":"https:\/\/dinn.ucsc.cl\/index.php\/manuales-dinn\/","article_publisher":"https:\/\/m.facebook.com\/DINNUCSC","article_modified_time":"2022-05-30T15:59:56+00:00","og_image":[{"url":"https:\/\/sitios.ucsc.cl\/investigacion\/wp-content\/uploads\/sites\/14\/2022\/05\/img05.png"}],"twitter_card":"summary","twitter_site":"@dinn_ucsc","schema":{"@context":"https:\/\/schema.org","@graph":[{"@type":"WebSite","@id":"https:\/\/dinn.ucsc.cl\/#website","url":"https:\/\/dinn.ucsc.cl\/","name":"Direcci\u00f3n de Innovaci\u00f3n UCSC","description":"Direcci\u00f3n de Innovaci\u00f3n","potentialAction":[{"@type":"SearchAction","target":{"@type":"EntryPoint","urlTemplate":"https:\/\/dinn.ucsc.cl\/?s={search_term_string}"},"query-input":"required name=search_term_string"}],"inLanguage":"es"},{"@type":"ImageObject","inLanguage":"es","@id":"https:\/\/dinn.ucsc.cl\/index.php\/manuales-dinn\/#primaryimage","url":"https:\/\/sitios.ucsc.cl\/investigacion\/wp-content\/uploads\/sites\/14\/2022\/05\/img05.png","contentUrl":"https:\/\/sitios.ucsc.cl\/investigacion\/wp-content\/uploads\/sites\/14\/2022\/05\/img05.png"},{"@type":"WebPage","@id":"https:\/\/dinn.ucsc.cl\/index.php\/manuales-dinn\/#webpage","url":"https:\/\/dinn.ucsc.cl\/index.php\/manuales-dinn\/","name":"Manuales de la Direcci\u00f3n de Innovaci\u00f3n -","isPartOf":{"@id":"https:\/\/dinn.ucsc.cl\/#website"},"primaryImageOfPage":{"@id":"https:\/\/dinn.ucsc.cl\/index.php\/manuales-dinn\/#primaryimage"},"datePublished":"2022-05-30T15:58:01+00:00","dateModified":"2022-05-30T15:59:56+00:00","breadcrumb":{"@id":"https:\/\/dinn.ucsc.cl\/index.php\/manuales-dinn\/#breadcrumb"},"inLanguage":"es","potentialAction":[{"@type":"ReadAction","target":["https:\/\/dinn.ucsc.cl\/index.php\/manuales-dinn\/"]}]},{"@type":"BreadcrumbList","@id":"https:\/\/dinn.ucsc.cl\/index.php\/manuales-dinn\/#breadcrumb","itemListElement":[{"@type":"ListItem","position":1,"name":"Inicio","item":"https:\/\/dinn.ucsc.cl\/"},{"@type":"ListItem","position":2,"name":"Manuales de la Direcci\u00f3n de Innovaci\u00f3n"}]}]}},"_links":{"self":[{"href":"https:\/\/dinn.ucsc.cl\/index.php\/wp-json\/wp\/v2\/pages\/3608"}],"collection":[{"href":"https:\/\/dinn.ucsc.cl\/index.php\/wp-json\/wp\/v2\/pages"}],"about":[{"href":"https:\/\/dinn.ucsc.cl\/index.php\/wp-json\/wp\/v2\/types\/page"}],"author":[{"embeddable":true,"href":"https:\/\/dinn.ucsc.cl\/index.php\/wp-json\/wp\/v2\/users\/84"}],"replies":[{"embeddable":true,"href":"https:\/\/dinn.ucsc.cl\/index.php\/wp-json\/wp\/v2\/comments?post=3608"}],"version-history":[{"count":22,"href":"https:\/\/dinn.ucsc.cl\/index.php\/wp-json\/wp\/v2\/pages\/3608\/revisions"}],"predecessor-version":[{"id":3633,"href":"https:\/\/dinn.ucsc.cl\/index.php\/wp-json\/wp\/v2\/pages\/3608\/revisions\/3633"}],"wp:attachment":[{"href":"https:\/\/dinn.ucsc.cl\/index.php\/wp-json\/wp\/v2\/media?parent=3608"}],"curies":[{"name":"wp","href":"https:\/\/api.w.org\/{rel}","templated":true}]}}