{"id":3655,"date":"2022-06-08T16:39:04","date_gmt":"2022-06-08T20:39:04","guid":{"rendered":"https:\/\/dinn.ucsc.cl\/?page_id=3655"},"modified":"2023-05-15T09:38:22","modified_gmt":"2023-05-15T13:38:22","slug":"fondo-interno-de-proyectos-de-innovacion-para-academicas-de-la-ucsc","status":"publish","type":"page","link":"https:\/\/dinn.ucsc.cl\/index.php\/fondo-interno-de-proyectos-de-innovacion-para-academicas-de-la-ucsc\/","title":{"rendered":"Fondo Interno de Proyectos de Innovaci\u00f3n para Acad\u00e9micas de la UCSC"},"content":{"rendered":"<p><a href=\"https:\/\/dinn.ucsc.cl\/wp-content\/uploads\/sites\/14\/2022\/06\/FORMULARIO-FONDO-ACAD\u00c9MICAS-Actualizado.docx\" target=\"_blank\" rel=\"noopener\"><img loading=\"lazy\" class=\"aligncenter wp-image-5060 size-full\" src=\"https:\/\/dinn.ucsc.cl\/wp-content\/uploads\/sites\/14\/2023\/05\/FIPIPA_2023_UD_Banner-1.png\" alt=\"\" width=\"1025\" height=\"253\" srcset=\"https:\/\/dinn.ucsc.cl\/wp-content\/uploads\/sites\/14\/2023\/05\/FIPIPA_2023_UD_Banner-1.png 1025w, https:\/\/dinn.ucsc.cl\/wp-content\/uploads\/sites\/14\/2023\/05\/FIPIPA_2023_UD_Banner-1-300x74.png 300w, https:\/\/dinn.ucsc.cl\/wp-content\/uploads\/sites\/14\/2023\/05\/FIPIPA_2023_UD_Banner-1-768x190.png 768w, https:\/\/dinn.ucsc.cl\/wp-content\/uploads\/sites\/14\/2023\/05\/FIPIPA_2023_UD_Banner-1-200x49.png 200w\" sizes=\"(max-width: 1025px) 100vw, 1025px\" \/><\/a><\/p>\n<h3><strong><a href=\"https:\/\/dinn.ucsc.cl\/wp-content\/uploads\/sites\/14\/2023\/04\/FORMULARIO-FONDO-ACADEMICAS-2023.docx\" target=\"_blank\" rel=\"noopener\">Descargar formulario de postulaci\u00f3n<\/a><\/strong><\/h3>\n<div>El\u00a0Fondo interno de proyectos de innovaci\u00f3n para acad\u00e9micas de la UCSC tiene por objetivo impulsar el desarrollo acad\u00e9mico y la participaci\u00f3n en innovaci\u00f3n basada en I+D y transferencia tecnol\u00f3gica de\u00a0<span style=\"font-size: 1rem\">mujeres insertas en la carrera acad\u00e9mica UCSC en cualquiera de los perfiles de preferencia, adem\u00e1s de generar la conciliaci\u00f3n entre vida familiar y profesional.<\/span><\/div>\n<hr \/>\n<h3><img loading=\"lazy\" class=\"aligncenter wp-image-3659 \" src=\"https:\/\/dinn.ucsc.cl\/wp-content\/uploads\/sites\/14\/2022\/06\/FIPIPA_1.png\" alt=\"\" width=\"77\" height=\"78\" \/>\u00a0 \u00a0 \u00a0\u00bfQui\u00e9nes pueden postular?<\/h3>\n<p>Podr\u00e1n postular como Investigadora Responsable a este fondo las acad\u00e9micas de la Planta Acad\u00e9mica Regular de la Universidad con contrato indefinido, que cuente con una jornada igual o superior a 22 horas semanales y, al menos, un a\u00f1o de antig\u00fcedad en la Universidad a la fecha de la convocatoria, salvo las excepciones contempladas las que son: acad\u00e9micas del Instituto Tecnol\u00f3gico, Facultad de Medicina y Derecho con acad\u00e9micos de planta acad\u00e9mica regular con menos de 22 horas semanales.<\/p>\n<div>\n<div>El equipo del proyecto puede estar compuesto tambi\u00e9n por docentes (mujeres u hombres) part-time o de la Planta Acad\u00e9mica Regular o de la Planta Adjunta, pero debe considerar, al menos, un 6O% de mujeres en la composici\u00f3n de los equipos, con un m\u00e1ximo de 4 personas por equipo.<\/div>\n<div><\/div>\n<div>Quienes se interesen en participar de este fondo deber\u00e1n contar con la autorizaci\u00f3n de la Decanatura o Direcci\u00f3n respectiva, previa visaci\u00f3n de la jefatura de Departamento o \u00c1rea\u00a0Encargada, seg\u00fan corresponda.<\/div>\n<\/div>\n<hr \/>\n<h3><img loading=\"lazy\" class=\"aligncenter wp-image-3670\" src=\"https:\/\/dinn.ucsc.cl\/wp-content\/uploads\/sites\/14\/2022\/06\/FIPIPA_4_1.png\" alt=\"\" width=\"79\" height=\"78\" \/>\u00a0 \u00a0 \u00a0Monto y condiciones de financiamiento<\/h3>\n<p>Los proyectos podr\u00e1n optar a un financiamiento de un m\u00e1ximo de\u00a0<b>$3.000.000<\/b>. Adem\u00e1s, se podr\u00e1 solicitar un monto adicional de $600.000.- (seiscientos mil pesos) destinado exclusivamente al apoyo econ\u00f3mico de estudiantes tesistas de la Universidad que se vinculen al proyecto.<\/p>\n<h4>Contempla:<\/h4>\n<div>\u2022 Pasajes, alojamiento, alimentaci\u00f3n y movilizaci\u00f3n para presentaci\u00f3n de ponencias en congresos relacionadas al proyecto o para la realizaci\u00f3n de estad\u00edas de investigaci\u00f3n aplicada o recibir visitas de cooperaci\u00f3n.<\/div>\n<div>\u2022 Gastos de operaci\u00f3n.<\/div>\n<div>\u2022 Financiamiento para la realizaci\u00f3n de seminarios finales de grado.<\/div>\n<div>\u2022 Personal de apoyo.<\/div>\n<div>\u2022 Difusi\u00f3n a la comunidad<\/div>\n<hr \/>\n<h3><img loading=\"lazy\" class=\"aligncenter wp-image-3661 \" src=\"https:\/\/dinn.ucsc.cl\/wp-content\/uploads\/sites\/14\/2022\/06\/FIPIPA_3.png\" alt=\"\" width=\"78\" height=\"78\" \/>\u00a0 \u00a0 \u00a0Plazos de postulaci\u00f3n y consultas<\/h3>\n<p>El plazo de postulaci\u00f3n vence el\u00a0<b>19 de mayo de 2023<\/b>, donde deber\u00e1n enviar una versi\u00f3n digital del formulario de postulaci\u00f3n al correo electr\u00f3nico\u00a0<b>dinn@ucsc.cl.<\/b><\/p>\n<p>Consultas del proceso al correo electr\u00f3nico:\u00a0<b>mtapia@ucsc.cl y\u00a0catorres@ucsc.cl<\/b><\/p>\n<hr \/>\n<h3><img loading=\"lazy\" class=\"aligncenter wp-image-3660 \" src=\"https:\/\/dinn.ucsc.cl\/wp-content\/uploads\/sites\/14\/2022\/06\/FIPIPA_2.png\" alt=\"\" width=\"79\" height=\"78\" \/>\u00a0 \u00a0 \u00a0<b>Comisi\u00f3n Evaluadora<\/b><b><\/b><\/h3>\n<div>\n<p>La Comisi\u00f3n de Selecci\u00f3n, estar\u00e1 integrada por:<\/p>\n<ul>\n<li>La Directora de Innovaci\u00f3n, Dra. Emma Ch\u00e1vez Mora, que la presidir\u00e1.<\/li>\n<li>La jefa de la Oficina de Transferencia Tecnol\u00f3gica, Mg. Lorena Mart\u00ednez Parra.<\/li>\n<li>Las acad\u00e9micas Dra. Carolina Aparicio y Dra. M\u00f3nica Tapia.<\/li>\n<\/ul>\n<\/div>\n<div>\n<div><\/div>\n<\/div>\n<hr \/>\n<p><strong><a href=\"https:\/\/youtu.be\/TBGjAPO9M5o\" target=\"_blank\" rel=\"noopener\"><img loading=\"lazy\" class=\"aligncenter wp-image-5048 size-full\" src=\"https:\/\/dinn.ucsc.cl\/wp-content\/uploads\/sites\/14\/2023\/05\/FIPIPA_2023_Banner_VIDEOCHARLA.png\" alt=\"\" width=\"1025\" height=\"253\" srcset=\"https:\/\/dinn.ucsc.cl\/wp-content\/uploads\/sites\/14\/2023\/05\/FIPIPA_2023_Banner_VIDEOCHARLA.png 1025w, https:\/\/dinn.ucsc.cl\/wp-content\/uploads\/sites\/14\/2023\/05\/FIPIPA_2023_Banner_VIDEOCHARLA-300x74.png 300w, https:\/\/dinn.ucsc.cl\/wp-content\/uploads\/sites\/14\/2023\/05\/FIPIPA_2023_Banner_VIDEOCHARLA-768x190.png 768w, https:\/\/dinn.ucsc.cl\/wp-content\/uploads\/sites\/14\/2023\/05\/FIPIPA_2023_Banner_VIDEOCHARLA-200x49.png 200w\" sizes=\"(max-width: 1025px) 100vw, 1025px\" \/><\/a><\/strong><\/p>\n<p><a href=\"https:\/\/dinn.ucsc.cl\/wp-content\/uploads\/sites\/14\/2023\/04\/FORMULARIO-FONDO-ACADEMICAS-2023.docx\" target=\"_blank\" rel=\"noopener\">Descargar formulario de postulaci\u00f3n<\/a><\/p>\n<p><strong><a href=\"https:\/\/dinn.ucsc.cl\/wp-content\/uploads\/sites\/14\/2023\/04\/RVRIP-N\u00b0-27-2023-CONVOCA-FONDO-ACADE\u0301MICAS-202351.pdf\" target=\"_blank\" rel=\"noopener\">Descargar la Resoluci\u00f3n de Vicerrector\u00eda de Investigaci\u00f3n y Postgrado UCSC<\/a><\/strong><\/p>\n<p><strong><a href=\"https:\/\/dinn.ucsc.cl\/wp-content\/uploads\/sites\/14\/2022\/06\/D.R._40_2022_ESTABLECE_FONDO_INTERNO_DE_PROYECTOS.pdf\" target=\"_blank\" rel=\"noopener\">Descargar decreto Fondo Interno de Proyectos de Innovaci\u00f3n para Acad\u00e9micas de la UCSC<\/a><\/strong><\/p>\n","protected":false},"excerpt":{"rendered":"<p>Descargar formulario de postulaci\u00f3n El\u00a0Fondo interno de proyectos de innovaci\u00f3n para acad\u00e9micas de la UCSC tiene por objetivo impulsar el desarrollo acad\u00e9mico y la participaci\u00f3n en innovaci\u00f3n basada en I+D y transferencia tecnol\u00f3gica de\u00a0mujeres insertas en la carrera acad\u00e9mica UCSC en cualquiera de los perfiles de preferencia, adem\u00e1s de generar la conciliaci\u00f3n entre vida familiar [&hellip;]<\/p>\n","protected":false},"author":84,"featured_media":3695,"parent":0,"menu_order":0,"comment_status":"closed","ping_status":"closed","template":"","meta":[],"yoast_head":"<!-- This site is optimized with the Yoast SEO plugin v18.9 - https:\/\/yoast.com\/wordpress\/plugins\/seo\/ -->\n<title>Fondo Interno de Proyectos de Innovaci\u00f3n para Acad\u00e9micas de la UCSC -<\/title>\n<meta name=\"robots\" content=\"index, follow, max-snippet:-1, max-image-preview:large, max-video-preview:-1\" \/>\n<link rel=\"canonical\" href=\"https:\/\/dinn.ucsc.cl\/index.php\/fondo-interno-de-proyectos-de-innovacion-para-academicas-de-la-ucsc\/\" \/>\n<meta property=\"og:locale\" content=\"es_ES\" \/>\n<meta property=\"og:type\" content=\"article\" \/>\n<meta property=\"og:title\" content=\"Fondo Interno de Proyectos de Innovaci\u00f3n para Acad\u00e9micas de la UCSC -\" \/>\n<meta property=\"og:description\" content=\"Descargar formulario de postulaci\u00f3n El\u00a0Fondo interno de proyectos de innovaci\u00f3n para acad\u00e9micas de la UCSC tiene por objetivo impulsar el desarrollo acad\u00e9mico y la participaci\u00f3n en innovaci\u00f3n basada en I+D y transferencia tecnol\u00f3gica de\u00a0mujeres insertas en la carrera acad\u00e9mica UCSC en cualquiera de los perfiles de preferencia, adem\u00e1s de generar la conciliaci\u00f3n entre vida familiar [&hellip;]\" \/>\n<meta property=\"og:url\" content=\"https:\/\/dinn.ucsc.cl\/index.php\/fondo-interno-de-proyectos-de-innovacion-para-academicas-de-la-ucsc\/\" \/>\n<meta property=\"article:publisher\" content=\"https:\/\/m.facebook.com\/DINNUCSC\" \/>\n<meta property=\"article:modified_time\" content=\"2023-05-15T13:38:22+00:00\" \/>\n<meta property=\"og:image\" content=\"https:\/\/sitios.ucsc.cl\/investigacion\/wp-content\/uploads\/sites\/14\/2022\/06\/FIPIPA_ILUS.png\" \/>\n\t<meta property=\"og:image:width\" content=\"1129\" \/>\n\t<meta property=\"og:image:height\" content=\"682\" \/>\n\t<meta property=\"og:image:type\" content=\"image\/png\" \/>\n<meta name=\"twitter:card\" content=\"summary\" \/>\n<meta name=\"twitter:site\" content=\"@dinn_ucsc\" \/>\n<meta name=\"twitter:label1\" content=\"Tiempo de lectura\" \/>\n\t<meta name=\"twitter:data1\" content=\"2 minutos\" \/>\n<script type=\"application\/ld+json\" class=\"yoast-schema-graph\">{\"@context\":\"https:\/\/schema.org\",\"@graph\":[{\"@type\":\"WebSite\",\"@id\":\"https:\/\/dinn.ucsc.cl\/#website\",\"url\":\"https:\/\/dinn.ucsc.cl\/\",\"name\":\"Direcci\u00f3n de Innovaci\u00f3n UCSC\",\"description\":\"Direcci\u00f3n de Innovaci\u00f3n\",\"potentialAction\":[{\"@type\":\"SearchAction\",\"target\":{\"@type\":\"EntryPoint\",\"urlTemplate\":\"https:\/\/dinn.ucsc.cl\/?s={search_term_string}\"},\"query-input\":\"required name=search_term_string\"}],\"inLanguage\":\"es\"},{\"@type\":\"ImageObject\",\"inLanguage\":\"es\",\"@id\":\"https:\/\/dinn.ucsc.cl\/index.php\/fondo-interno-de-proyectos-de-innovacion-para-academicas-de-la-ucsc\/#primaryimage\",\"url\":\"https:\/\/sitios.ucsc.cl\/investigacion\/wp-content\/uploads\/sites\/14\/2022\/06\/FIPIPA_ILUS.png\",\"contentUrl\":\"https:\/\/sitios.ucsc.cl\/investigacion\/wp-content\/uploads\/sites\/14\/2022\/06\/FIPIPA_ILUS.png\",\"width\":1129,\"height\":682},{\"@type\":\"WebPage\",\"@id\":\"https:\/\/dinn.ucsc.cl\/index.php\/fondo-interno-de-proyectos-de-innovacion-para-academicas-de-la-ucsc\/#webpage\",\"url\":\"https:\/\/dinn.ucsc.cl\/index.php\/fondo-interno-de-proyectos-de-innovacion-para-academicas-de-la-ucsc\/\",\"name\":\"Fondo Interno de Proyectos de Innovaci\u00f3n para Acad\u00e9micas de la UCSC -\",\"isPartOf\":{\"@id\":\"https:\/\/dinn.ucsc.cl\/#website\"},\"primaryImageOfPage\":{\"@id\":\"https:\/\/dinn.ucsc.cl\/index.php\/fondo-interno-de-proyectos-de-innovacion-para-academicas-de-la-ucsc\/#primaryimage\"},\"datePublished\":\"2022-06-08T20:39:04+00:00\",\"dateModified\":\"2023-05-15T13:38:22+00:00\",\"breadcrumb\":{\"@id\":\"https:\/\/dinn.ucsc.cl\/index.php\/fondo-interno-de-proyectos-de-innovacion-para-academicas-de-la-ucsc\/#breadcrumb\"},\"inLanguage\":\"es\",\"potentialAction\":[{\"@type\":\"ReadAction\",\"target\":[\"https:\/\/dinn.ucsc.cl\/index.php\/fondo-interno-de-proyectos-de-innovacion-para-academicas-de-la-ucsc\/\"]}]},{\"@type\":\"BreadcrumbList\",\"@id\":\"https:\/\/dinn.ucsc.cl\/index.php\/fondo-interno-de-proyectos-de-innovacion-para-academicas-de-la-ucsc\/#breadcrumb\",\"itemListElement\":[{\"@type\":\"ListItem\",\"position\":1,\"name\":\"Inicio\",\"item\":\"https:\/\/dinn.ucsc.cl\/\"},{\"@type\":\"ListItem\",\"position\":2,\"name\":\"Fondo Interno de Proyectos de Innovaci\u00f3n para Acad\u00e9micas de la UCSC\"}]}]}<\/script>\n<!-- \/ Yoast SEO plugin. -->","yoast_head_json":{"title":"Fondo Interno de Proyectos de Innovaci\u00f3n para Acad\u00e9micas de la UCSC -","robots":{"index":"index","follow":"follow","max-snippet":"max-snippet:-1","max-image-preview":"max-image-preview:large","max-video-preview":"max-video-preview:-1"},"canonical":"https:\/\/dinn.ucsc.cl\/index.php\/fondo-interno-de-proyectos-de-innovacion-para-academicas-de-la-ucsc\/","og_locale":"es_ES","og_type":"article","og_title":"Fondo Interno de Proyectos de Innovaci\u00f3n para Acad\u00e9micas de la UCSC -","og_description":"Descargar formulario de postulaci\u00f3n El\u00a0Fondo interno de proyectos de innovaci\u00f3n para acad\u00e9micas de la UCSC tiene por objetivo impulsar el desarrollo acad\u00e9mico y la participaci\u00f3n en innovaci\u00f3n basada en I+D y transferencia tecnol\u00f3gica de\u00a0mujeres insertas en la carrera acad\u00e9mica UCSC en cualquiera de los perfiles de preferencia, adem\u00e1s de generar la conciliaci\u00f3n entre vida familiar [&hellip;]","og_url":"https:\/\/dinn.ucsc.cl\/index.php\/fondo-interno-de-proyectos-de-innovacion-para-academicas-de-la-ucsc\/","article_publisher":"https:\/\/m.facebook.com\/DINNUCSC","article_modified_time":"2023-05-15T13:38:22+00:00","og_image":[{"width":1129,"height":682,"url":"https:\/\/sitios.ucsc.cl\/investigacion\/wp-content\/uploads\/sites\/14\/2022\/06\/FIPIPA_ILUS.png","type":"image\/png"}],"twitter_card":"summary","twitter_site":"@dinn_ucsc","twitter_misc":{"Tiempo de lectura":"2 minutos"},"schema":{"@context":"https:\/\/schema.org","@graph":[{"@type":"WebSite","@id":"https:\/\/dinn.ucsc.cl\/#website","url":"https:\/\/dinn.ucsc.cl\/","name":"Direcci\u00f3n de Innovaci\u00f3n UCSC","description":"Direcci\u00f3n de Innovaci\u00f3n","potentialAction":[{"@type":"SearchAction","target":{"@type":"EntryPoint","urlTemplate":"https:\/\/dinn.ucsc.cl\/?s={search_term_string}"},"query-input":"required name=search_term_string"}],"inLanguage":"es"},{"@type":"ImageObject","inLanguage":"es","@id":"https:\/\/dinn.ucsc.cl\/index.php\/fondo-interno-de-proyectos-de-innovacion-para-academicas-de-la-ucsc\/#primaryimage","url":"https:\/\/sitios.ucsc.cl\/investigacion\/wp-content\/uploads\/sites\/14\/2022\/06\/FIPIPA_ILUS.png","contentUrl":"https:\/\/sitios.ucsc.cl\/investigacion\/wp-content\/uploads\/sites\/14\/2022\/06\/FIPIPA_ILUS.png","width":1129,"height":682},{"@type":"WebPage","@id":"https:\/\/dinn.ucsc.cl\/index.php\/fondo-interno-de-proyectos-de-innovacion-para-academicas-de-la-ucsc\/#webpage","url":"https:\/\/dinn.ucsc.cl\/index.php\/fondo-interno-de-proyectos-de-innovacion-para-academicas-de-la-ucsc\/","name":"Fondo Interno de Proyectos de Innovaci\u00f3n para Acad\u00e9micas de la UCSC -","isPartOf":{"@id":"https:\/\/dinn.ucsc.cl\/#website"},"primaryImageOfPage":{"@id":"https:\/\/dinn.ucsc.cl\/index.php\/fondo-interno-de-proyectos-de-innovacion-para-academicas-de-la-ucsc\/#primaryimage"},"datePublished":"2022-06-08T20:39:04+00:00","dateModified":"2023-05-15T13:38:22+00:00","breadcrumb":{"@id":"https:\/\/dinn.ucsc.cl\/index.php\/fondo-interno-de-proyectos-de-innovacion-para-academicas-de-la-ucsc\/#breadcrumb"},"inLanguage":"es","potentialAction":[{"@type":"ReadAction","target":["https:\/\/dinn.ucsc.cl\/index.php\/fondo-interno-de-proyectos-de-innovacion-para-academicas-de-la-ucsc\/"]}]},{"@type":"BreadcrumbList","@id":"https:\/\/dinn.ucsc.cl\/index.php\/fondo-interno-de-proyectos-de-innovacion-para-academicas-de-la-ucsc\/#breadcrumb","itemListElement":[{"@type":"ListItem","position":1,"name":"Inicio","item":"https:\/\/dinn.ucsc.cl\/"},{"@type":"ListItem","position":2,"name":"Fondo Interno de Proyectos de Innovaci\u00f3n para Acad\u00e9micas de la UCSC"}]}]}},"_links":{"self":[{"href":"https:\/\/dinn.ucsc.cl\/index.php\/wp-json\/wp\/v2\/pages\/3655"}],"collection":[{"href":"https:\/\/dinn.ucsc.cl\/index.php\/wp-json\/wp\/v2\/pages"}],"about":[{"href":"https:\/\/dinn.ucsc.cl\/index.php\/wp-json\/wp\/v2\/types\/page"}],"author":[{"embeddable":true,"href":"https:\/\/dinn.ucsc.cl\/index.php\/wp-json\/wp\/v2\/users\/84"}],"replies":[{"embeddable":true,"href":"https:\/\/dinn.ucsc.cl\/index.php\/wp-json\/wp\/v2\/comments?post=3655"}],"version-history":[{"count":24,"href":"https:\/\/dinn.ucsc.cl\/index.php\/wp-json\/wp\/v2\/pages\/3655\/revisions"}],"predecessor-version":[{"id":5061,"href":"https:\/\/dinn.ucsc.cl\/index.php\/wp-json\/wp\/v2\/pages\/3655\/revisions\/5061"}],"wp:featuredmedia":[{"embeddable":true,"href":"https:\/\/dinn.ucsc.cl\/index.php\/wp-json\/wp\/v2\/media\/3695"}],"wp:attachment":[{"href":"https:\/\/dinn.ucsc.cl\/index.php\/wp-json\/wp\/v2\/media?parent=3655"}],"curies":[{"name":"wp","href":"https:\/\/api.w.org\/{rel}","templated":true}]}}