{"id":3872,"date":"2022-09-02T17:02:05","date_gmt":"2022-09-02T21:02:05","guid":{"rendered":"https:\/\/dinn.ucsc.cl\/?page_id=3872"},"modified":"2023-01-10T15:29:38","modified_gmt":"2023-01-10T18:29:38","slug":"programa-de-formacion-y-asesoria-para-emprendedores-ucsc-dadneo","status":"publish","type":"page","link":"https:\/\/dinn.ucsc.cl\/index.php\/programa-de-formacion-y-asesoria-para-emprendedores-ucsc-dadneo\/","title":{"rendered":"Programa de formaci\u00f3n y asesor\u00eda para emprendedores UCSC &#8211; Dadneo"},"content":{"rendered":"<p><img loading=\"lazy\" class=\"aligncenter wp-image-3883 size-large\" src=\"https:\/\/dinn.ucsc.cl\/wp-content\/uploads\/sites\/14\/2022\/09\/image-1024x391.png\" alt=\"\" width=\"1024\" height=\"391\" srcset=\"https:\/\/dinn.ucsc.cl\/wp-content\/uploads\/sites\/14\/2022\/09\/image-1024x391.png 1024w, https:\/\/dinn.ucsc.cl\/wp-content\/uploads\/sites\/14\/2022\/09\/image-300x115.png 300w, https:\/\/dinn.ucsc.cl\/wp-content\/uploads\/sites\/14\/2022\/09\/image-768x293.png 768w, https:\/\/dinn.ucsc.cl\/wp-content\/uploads\/sites\/14\/2022\/09\/image-200x76.png 200w, https:\/\/dinn.ucsc.cl\/wp-content\/uploads\/sites\/14\/2022\/09\/image.png 1231w\" sizes=\"(max-width: 1024px) 100vw, 1024px\" \/><\/p>\n<p>Este<strong> programa de formaci\u00f3n y asesor\u00eda para emprendedores<\/strong>, desarrollado por la Universidad Cat\u00f3lica de la Sant\u00edsima Concepci\u00f3n y ejecutado por Dadneo, c<span data-contrast=\"auto\">onsisti\u00f3 en la realizaci\u00f3n de talleres formativos y de asesor\u00edas en dise\u00f1o de estrategias de negocio y levantamiento de capital a 10 emprendimientos de base cient\u00edfico-tecnol\u00f3gico de la UCSC en fase de incubaci\u00f3n.<\/span><span data-ccp-props=\"{&quot;201341983&quot;:0,&quot;335551550&quot;:6,&quot;335551620&quot;:6,&quot;335559685&quot;:510,&quot;335559737&quot;:49,&quot;335559738&quot;:93,&quot;335559740&quot;:276,&quot;469777462&quot;:[7938],&quot;469777927&quot;:[0],&quot;469777928&quot;:[1]}\">\u00a0<\/span><\/p>\n<p><span data-contrast=\"auto\">Se compuso de 3 talleres y 3 sesiones de mentor\u00eda con cada uno de los proyectos: <\/span><span data-ccp-props=\"{&quot;201341983&quot;:0,&quot;335551550&quot;:6,&quot;335551620&quot;:6,&quot;335559685&quot;:510,&quot;335559737&quot;:49,&quot;335559738&quot;:93,&quot;335559740&quot;:276,&quot;469777462&quot;:[7938],&quot;469777927&quot;:[0],&quot;469777928&quot;:[1]}\">\u00a0<\/span><\/p>\n<ul>\n<li data-leveltext=\"\u25cf\" data-font=\"Noto Sans Symbols\" data-listid=\"2\" data-list-defn-props=\"{&quot;335552541&quot;:1,&quot;335559684&quot;:-2,&quot;335559685&quot;:1230,&quot;335559991&quot;:360,&quot;469769226&quot;:&quot;Noto Sans Symbols&quot;,&quot;469769242&quot;:[8226],&quot;469777803&quot;:&quot;left&quot;,&quot;469777804&quot;:&quot;\u25cf&quot;,&quot;469777815&quot;:&quot;multilevel&quot;}\" data-aria-posinset=\"1\" data-aria-level=\"1\"><span data-contrast=\"none\">1 sesi\u00f3n de 1 hora para ver pitch y deck de los proyectos,\u00a0<\/span><span data-ccp-props=\"{&quot;201341983&quot;:0,&quot;335551550&quot;:6,&quot;335551620&quot;:6,&quot;335559737&quot;:49,&quot;335559738&quot;:93,&quot;335559740&quot;:276,&quot;469777462&quot;:[7938],&quot;469777927&quot;:[0],&quot;469777928&quot;:[1]}\">\u00a0<\/span><\/li>\n<\/ul>\n<ul>\n<li data-leveltext=\"\u25cf\" data-font=\"Noto Sans Symbols\" data-listid=\"2\" data-list-defn-props=\"{&quot;335552541&quot;:1,&quot;335559684&quot;:-2,&quot;335559685&quot;:1230,&quot;335559991&quot;:360,&quot;469769226&quot;:&quot;Noto Sans Symbols&quot;,&quot;469769242&quot;:[8226],&quot;469777803&quot;:&quot;left&quot;,&quot;469777804&quot;:&quot;\u25cf&quot;,&quot;469777815&quot;:&quot;multilevel&quot;}\" data-aria-posinset=\"1\" data-aria-level=\"1\"><span data-contrast=\"none\">2 sesiones de 30 minutos cada una de seguimiento y feedback en c\u00f3mo se incorporaron las recomendaciones. <\/span><span data-ccp-props=\"{&quot;201341983&quot;:0,&quot;335551550&quot;:6,&quot;335551620&quot;:6,&quot;335559737&quot;:49,&quot;335559740&quot;:276,&quot;469777462&quot;:[7938],&quot;469777927&quot;:[0],&quot;469777928&quot;:[1]}\">\u00a0<\/span><\/li>\n<\/ul>\n<p><span data-contrast=\"auto\">En la primera sesi\u00f3n se utiliz\u00f3 una herramienta de diagn\u00f3stico desarrollada por Dadneo que entreg\u00f3 un an\u00e1lisis multidimensional detallado del estado de arte con el que comenzaron los proyectos y recomendaciones de mejora a implementar durante la mentor\u00eda. En las sesiones 2 y 3 se hizo seguimiento y entreg\u00f3 feedback respecto a las implementaciones de las recomendaciones en su pitch y deck. <\/span><span data-ccp-props=\"{&quot;201341983&quot;:0,&quot;335551550&quot;:6,&quot;335551620&quot;:6,&quot;335559685&quot;:510,&quot;335559737&quot;:49,&quot;335559738&quot;:93,&quot;335559740&quot;:276,&quot;469777462&quot;:[7938],&quot;469777927&quot;:[0],&quot;469777928&quot;:[1]}\">\u00a0<\/span><\/p>\n<p><span data-contrast=\"auto\">Mismo an\u00e1lisis se hizo al final, permitiendo medir resultados de manera concreta.<\/span><\/p>\n<table style=\"font-weight: 400;width: 1021px\" data-tablestyle=\"MsoNormalTable\" data-tablelook=\"1536\">\n<tbody>\n<tr>\n<td style=\"width: 387.594px;text-align: center\" data-celllook=\"69905\"><b><span data-contrast=\"auto\">Actividad<\/span><\/b><span data-ccp-props=\"{&quot;335551550&quot;:2,&quot;335551620&quot;:2}\">\u00a0<\/span><\/td>\n<td style=\"width: 453.516px;text-align: center\" data-celllook=\"69905\"><b><span data-contrast=\"auto\">Fecha<\/span><\/b><span data-ccp-props=\"{&quot;335551550&quot;:2,&quot;335551620&quot;:2}\">\u00a0<\/span><\/td>\n<td style=\"width: 178.891px;text-align: center\"><b><span data-contrast=\"auto\">Registro multimedia<\/span><\/b><\/td>\n<\/tr>\n<tr>\n<td style=\"width: 387.594px;text-align: center\" data-celllook=\"69905\"><b><span data-contrast=\"auto\">Sesi\u00f3n de Bienvenida\u00a0<\/span><\/b><span data-ccp-props=\"{}\">\u00a0<\/span><\/td>\n<td style=\"width: 453.516px;text-align: center\" data-celllook=\"69905\"><span data-contrast=\"auto\">Mi\u00e9rcoles 13 de julio, 15 hrs v\u00eda zoom<\/span><span data-ccp-props=\"{&quot;335551550&quot;:2,&quot;335551620&quot;:2}\">\u00a0<\/span><\/td>\n<td style=\"width: 178.891px;text-align: center\"><span data-contrast=\"auto\">\u00a0<\/span><\/td>\n<\/tr>\n<tr>\n<td style=\"width: 387.594px;text-align: center\" data-celllook=\"69905\"><b><span data-contrast=\"auto\">Taller 1:<\/span><\/b><span data-contrast=\"auto\"> Introducci\u00f3n al Venture Capital<\/span><span data-ccp-props=\"{}\">\u00a0<\/span><\/td>\n<td style=\"width: 453.516px;text-align: center\" data-celllook=\"69905\"><span data-contrast=\"auto\">Viernes 5 de agosto, 15 hrs v\u00eda zoom<\/span><span data-ccp-props=\"{&quot;335551550&quot;:2,&quot;335551620&quot;:2}\">\u00a0<\/span><\/td>\n<td style=\"width: 178.891px;text-align: center\"><a href=\"https:\/\/365ucsc-my.sharepoint.com\/:v:\/g\/personal\/gdelrio_ucsc_cl\/ES7rExXJDqRJkDyCJDNZHgcBe9bO1BrhyWeUviCcgONkbA?e=ZzBUtO\"><strong>Ver video<\/strong><\/a><\/td>\n<\/tr>\n<tr>\n<td style=\"width: 387.594px;text-align: center\" data-celllook=\"69905\"><b><span data-contrast=\"auto\">Taller 2:<\/span><\/b><span data-contrast=\"auto\"> Roadmap y definici\u00f3n de tama\u00f1os de inversi\u00f3n<\/span><span data-ccp-props=\"{}\">\u00a0<\/span><\/td>\n<td style=\"width: 453.516px;text-align: center\" data-celllook=\"69905\"><span data-contrast=\"auto\">Viernes 12 de agosto, 15 hrs v\u00eda zoom<\/span><span data-ccp-props=\"{&quot;335551550&quot;:2,&quot;335551620&quot;:2}\">\u00a0<\/span><\/td>\n<td style=\"width: 178.891px;text-align: center\"><a href=\"https:\/\/365ucsc-my.sharepoint.com\/:v:\/g\/personal\/gdelrio_ucsc_cl\/EcTpJm1EFd9Pn1zE9ZuZ0pUBS7CODY94tWyxBirFTppZEw?e=DK1yJU\"><strong>Ver video<\/strong><\/a><\/td>\n<\/tr>\n<tr>\n<td style=\"width: 387.594px;text-align: center\" data-celllook=\"69905\"><b><span data-contrast=\"auto\">Taller 3:<\/span><\/b><span data-contrast=\"auto\"> Pitch y Deck<\/span><span data-ccp-props=\"{}\">\u00a0<\/span><\/td>\n<td style=\"width: 453.516px;text-align: center\" data-celllook=\"69905\"><span data-contrast=\"auto\">Viernes 19 de agosto, 15 hrs v\u00eda zoom<\/span><span data-ccp-props=\"{&quot;335551550&quot;:2,&quot;335551620&quot;:2}\">\u00a0<\/span><\/td>\n<td style=\"width: 178.891px;text-align: center\"><a href=\"https:\/\/365ucsc-my.sharepoint.com\/:v:\/g\/personal\/gdelrio_ucsc_cl\/Efu4u9rzejdErRQFtkh_3w8ByEXYWoKeWqQTKNVIE89Rxg?e=WmJ3Ce\"><strong>Ver video<\/strong><\/a><\/td>\n<\/tr>\n<tr>\n<td style=\"width: 387.594px;text-align: center\" data-celllook=\"69905\"><b><span data-contrast=\"auto\">Sesi\u00f3n mentor\u00eda 1:<\/span><\/b><span data-contrast=\"auto\"> proyectos<\/span><span data-ccp-props=\"{}\">\u00a0<\/span><\/td>\n<td style=\"width: 453.516px;text-align: center\" data-celllook=\"69905\"><span data-contrast=\"auto\">Primera semana de septiembre, d\u00eda y hora a definir con cada equipo<\/span><span data-ccp-props=\"{&quot;335551550&quot;:2,&quot;335551620&quot;:2}\">\u00a0<\/span><\/td>\n<td style=\"width: 178.891px;text-align: center\"><span data-contrast=\"auto\">\u00a0<\/span><\/td>\n<\/tr>\n<tr>\n<td style=\"width: 387.594px;text-align: center\" data-celllook=\"69905\"><b><span data-contrast=\"auto\">Sesi\u00f3n mentor\u00eda 2:<\/span><\/b><span data-contrast=\"auto\"> proyectos<\/span><span data-ccp-props=\"{}\">\u00a0<\/span><\/td>\n<td style=\"width: 453.516px;text-align: center\" data-celllook=\"69905\"><span data-contrast=\"auto\">\u00a0Septiembre, d\u00eda y hora a definir con cada equipo<\/span><span data-ccp-props=\"{&quot;335551550&quot;:2,&quot;335551620&quot;:2}\">\u00a0<\/span><\/td>\n<td style=\"width: 178.891px;text-align: center\"><span data-contrast=\"auto\">\u00a0<\/span><\/td>\n<\/tr>\n<tr>\n<td style=\"width: 387.594px;text-align: center\" data-celllook=\"69905\"><b><span data-contrast=\"auto\">Sesi\u00f3n mentor\u00eda 3:<\/span><\/b><span data-contrast=\"auto\"> proyectos<\/span><span data-ccp-props=\"{}\">\u00a0<\/span><\/td>\n<td style=\"width: 453.516px;text-align: center\" data-celllook=\"69905\"><span data-contrast=\"auto\">\u00a0Septiembre, d\u00eda y hora a definir con cada equipo<\/span><span data-ccp-props=\"{&quot;335551550&quot;:2,&quot;335551620&quot;:2}\">\u00a0<\/span><\/p>\n<p><span data-ccp-props=\"{&quot;335551550&quot;:2,&quot;335551620&quot;:2}\">\u00a0<\/span><\/td>\n<td style=\"width: 178.891px;text-align: center\"><span data-contrast=\"auto\">\u00a0<\/span><\/td>\n<\/tr>\n<\/tbody>\n<\/table>\n<hr \/>\n<p>&nbsp;<\/p>\n<p><img loading=\"lazy\" class=\"wp-image-3879  alignright\" src=\"https:\/\/dinn.ucsc.cl\/wp-content\/uploads\/sites\/14\/2022\/09\/LogoDADNEO_trans-01-300x134.png\" alt=\"\" width=\"226\" height=\"101\" srcset=\"https:\/\/dinn.ucsc.cl\/wp-content\/uploads\/sites\/14\/2022\/09\/LogoDADNEO_trans-01-300x134.png 300w, https:\/\/dinn.ucsc.cl\/wp-content\/uploads\/sites\/14\/2022\/09\/LogoDADNEO_trans-01-768x343.png 768w, https:\/\/dinn.ucsc.cl\/wp-content\/uploads\/sites\/14\/2022\/09\/LogoDADNEO_trans-01-200x89.png 200w, https:\/\/dinn.ucsc.cl\/wp-content\/uploads\/sites\/14\/2022\/09\/LogoDADNEO_trans-01.png 960w\" sizes=\"(max-width: 226px) 100vw, 226px\" \/><\/p>\n<p><img loading=\"lazy\" class=\"wp-image-4007  alignleft\" src=\"https:\/\/dinn.ucsc.cl\/wp-content\/uploads\/sites\/14\/2022\/10\/logo-dinn-UCSC.png\" alt=\"\" width=\"514\" height=\"118\" srcset=\"https:\/\/dinn.ucsc.cl\/wp-content\/uploads\/sites\/14\/2022\/10\/logo-dinn-UCSC.png 584w, https:\/\/dinn.ucsc.cl\/wp-content\/uploads\/sites\/14\/2022\/10\/logo-dinn-UCSC-300x69.png 300w, https:\/\/dinn.ucsc.cl\/wp-content\/uploads\/sites\/14\/2022\/10\/logo-dinn-UCSC-200x46.png 200w\" sizes=\"(max-width: 514px) 100vw, 514px\" \/><\/p>\n","protected":false},"excerpt":{"rendered":"<p>Este programa de formaci\u00f3n y asesor\u00eda para emprendedores, desarrollado por la Universidad Cat\u00f3lica de la Sant\u00edsima Concepci\u00f3n y ejecutado por Dadneo, consisti\u00f3 en la realizaci\u00f3n de talleres formativos y de asesor\u00edas en dise\u00f1o de estrategias de negocio y levantamiento de capital a 10 emprendimientos de base cient\u00edfico-tecnol\u00f3gico de la UCSC en fase de incubaci\u00f3n.\u00a0 Se [&hellip;]<\/p>\n","protected":false},"author":84,"featured_media":0,"parent":0,"menu_order":0,"comment_status":"closed","ping_status":"closed","template":"","meta":[],"yoast_head":"<!-- This site is optimized with the Yoast SEO plugin v18.9 - https:\/\/yoast.com\/wordpress\/plugins\/seo\/ -->\n<title>Programa de formaci\u00f3n y asesor\u00eda para emprendedores UCSC - Dadneo -<\/title>\n<meta name=\"robots\" content=\"index, follow, max-snippet:-1, max-image-preview:large, max-video-preview:-1\" \/>\n<link rel=\"canonical\" href=\"https:\/\/dinn.ucsc.cl\/index.php\/programa-de-formacion-y-asesoria-para-emprendedores-ucsc-dadneo\/\" \/>\n<meta property=\"og:locale\" content=\"es_ES\" \/>\n<meta property=\"og:type\" content=\"article\" \/>\n<meta property=\"og:title\" content=\"Programa de formaci\u00f3n y asesor\u00eda para emprendedores UCSC - Dadneo -\" \/>\n<meta property=\"og:description\" content=\"Este programa de formaci\u00f3n y asesor\u00eda para emprendedores, desarrollado por la Universidad Cat\u00f3lica de la Sant\u00edsima Concepci\u00f3n y ejecutado por Dadneo, consisti\u00f3 en la realizaci\u00f3n de talleres formativos y de asesor\u00edas en dise\u00f1o de estrategias de negocio y levantamiento de capital a 10 emprendimientos de base cient\u00edfico-tecnol\u00f3gico de la UCSC en fase de incubaci\u00f3n.\u00a0 Se [&hellip;]\" \/>\n<meta property=\"og:url\" content=\"https:\/\/dinn.ucsc.cl\/index.php\/programa-de-formacion-y-asesoria-para-emprendedores-ucsc-dadneo\/\" \/>\n<meta property=\"article:publisher\" content=\"https:\/\/m.facebook.com\/DINNUCSC\" \/>\n<meta property=\"article:modified_time\" content=\"2023-01-10T18:29:38+00:00\" \/>\n<meta property=\"og:image\" content=\"https:\/\/sitios.ucsc.cl\/investigacion\/wp-content\/uploads\/sites\/14\/2022\/09\/image-1024x391.png\" \/>\n<meta name=\"twitter:card\" content=\"summary\" \/>\n<meta name=\"twitter:site\" content=\"@dinn_ucsc\" \/>\n<meta name=\"twitter:label1\" content=\"Tiempo de lectura\" \/>\n\t<meta name=\"twitter:data1\" content=\"1 minuto\" \/>\n<script type=\"application\/ld+json\" class=\"yoast-schema-graph\">{\"@context\":\"https:\/\/schema.org\",\"@graph\":[{\"@type\":\"WebSite\",\"@id\":\"https:\/\/dinn.ucsc.cl\/#website\",\"url\":\"https:\/\/dinn.ucsc.cl\/\",\"name\":\"Direcci\u00f3n de Innovaci\u00f3n UCSC\",\"description\":\"Direcci\u00f3n de Innovaci\u00f3n\",\"potentialAction\":[{\"@type\":\"SearchAction\",\"target\":{\"@type\":\"EntryPoint\",\"urlTemplate\":\"https:\/\/dinn.ucsc.cl\/?s={search_term_string}\"},\"query-input\":\"required name=search_term_string\"}],\"inLanguage\":\"es\"},{\"@type\":\"ImageObject\",\"inLanguage\":\"es\",\"@id\":\"https:\/\/dinn.ucsc.cl\/index.php\/programa-de-formacion-y-asesoria-para-emprendedores-ucsc-dadneo\/#primaryimage\",\"url\":\"https:\/\/sitios.ucsc.cl\/investigacion\/wp-content\/uploads\/sites\/14\/2022\/09\/image-1024x391.png\",\"contentUrl\":\"https:\/\/sitios.ucsc.cl\/investigacion\/wp-content\/uploads\/sites\/14\/2022\/09\/image-1024x391.png\"},{\"@type\":\"WebPage\",\"@id\":\"https:\/\/dinn.ucsc.cl\/index.php\/programa-de-formacion-y-asesoria-para-emprendedores-ucsc-dadneo\/#webpage\",\"url\":\"https:\/\/dinn.ucsc.cl\/index.php\/programa-de-formacion-y-asesoria-para-emprendedores-ucsc-dadneo\/\",\"name\":\"Programa de formaci\u00f3n y asesor\u00eda para emprendedores UCSC - Dadneo -\",\"isPartOf\":{\"@id\":\"https:\/\/dinn.ucsc.cl\/#website\"},\"primaryImageOfPage\":{\"@id\":\"https:\/\/dinn.ucsc.cl\/index.php\/programa-de-formacion-y-asesoria-para-emprendedores-ucsc-dadneo\/#primaryimage\"},\"datePublished\":\"2022-09-02T21:02:05+00:00\",\"dateModified\":\"2023-01-10T18:29:38+00:00\",\"breadcrumb\":{\"@id\":\"https:\/\/dinn.ucsc.cl\/index.php\/programa-de-formacion-y-asesoria-para-emprendedores-ucsc-dadneo\/#breadcrumb\"},\"inLanguage\":\"es\",\"potentialAction\":[{\"@type\":\"ReadAction\",\"target\":[\"https:\/\/dinn.ucsc.cl\/index.php\/programa-de-formacion-y-asesoria-para-emprendedores-ucsc-dadneo\/\"]}]},{\"@type\":\"BreadcrumbList\",\"@id\":\"https:\/\/dinn.ucsc.cl\/index.php\/programa-de-formacion-y-asesoria-para-emprendedores-ucsc-dadneo\/#breadcrumb\",\"itemListElement\":[{\"@type\":\"ListItem\",\"position\":1,\"name\":\"Inicio\",\"item\":\"https:\/\/dinn.ucsc.cl\/\"},{\"@type\":\"ListItem\",\"position\":2,\"name\":\"Programa de formaci\u00f3n y asesor\u00eda para emprendedores UCSC &#8211; Dadneo\"}]}]}<\/script>\n<!-- \/ Yoast SEO plugin. -->","yoast_head_json":{"title":"Programa de formaci\u00f3n y asesor\u00eda para emprendedores UCSC - Dadneo -","robots":{"index":"index","follow":"follow","max-snippet":"max-snippet:-1","max-image-preview":"max-image-preview:large","max-video-preview":"max-video-preview:-1"},"canonical":"https:\/\/dinn.ucsc.cl\/index.php\/programa-de-formacion-y-asesoria-para-emprendedores-ucsc-dadneo\/","og_locale":"es_ES","og_type":"article","og_title":"Programa de formaci\u00f3n y asesor\u00eda para emprendedores UCSC - Dadneo -","og_description":"Este programa de formaci\u00f3n y asesor\u00eda para emprendedores, desarrollado por la Universidad Cat\u00f3lica de la Sant\u00edsima Concepci\u00f3n y ejecutado por Dadneo, consisti\u00f3 en la realizaci\u00f3n de talleres formativos y de asesor\u00edas en dise\u00f1o de estrategias de negocio y levantamiento de capital a 10 emprendimientos de base cient\u00edfico-tecnol\u00f3gico de la UCSC en fase de incubaci\u00f3n.\u00a0 Se [&hellip;]","og_url":"https:\/\/dinn.ucsc.cl\/index.php\/programa-de-formacion-y-asesoria-para-emprendedores-ucsc-dadneo\/","article_publisher":"https:\/\/m.facebook.com\/DINNUCSC","article_modified_time":"2023-01-10T18:29:38+00:00","og_image":[{"url":"https:\/\/sitios.ucsc.cl\/investigacion\/wp-content\/uploads\/sites\/14\/2022\/09\/image-1024x391.png"}],"twitter_card":"summary","twitter_site":"@dinn_ucsc","twitter_misc":{"Tiempo de lectura":"1 minuto"},"schema":{"@context":"https:\/\/schema.org","@graph":[{"@type":"WebSite","@id":"https:\/\/dinn.ucsc.cl\/#website","url":"https:\/\/dinn.ucsc.cl\/","name":"Direcci\u00f3n de Innovaci\u00f3n UCSC","description":"Direcci\u00f3n de Innovaci\u00f3n","potentialAction":[{"@type":"SearchAction","target":{"@type":"EntryPoint","urlTemplate":"https:\/\/dinn.ucsc.cl\/?s={search_term_string}"},"query-input":"required name=search_term_string"}],"inLanguage":"es"},{"@type":"ImageObject","inLanguage":"es","@id":"https:\/\/dinn.ucsc.cl\/index.php\/programa-de-formacion-y-asesoria-para-emprendedores-ucsc-dadneo\/#primaryimage","url":"https:\/\/sitios.ucsc.cl\/investigacion\/wp-content\/uploads\/sites\/14\/2022\/09\/image-1024x391.png","contentUrl":"https:\/\/sitios.ucsc.cl\/investigacion\/wp-content\/uploads\/sites\/14\/2022\/09\/image-1024x391.png"},{"@type":"WebPage","@id":"https:\/\/dinn.ucsc.cl\/index.php\/programa-de-formacion-y-asesoria-para-emprendedores-ucsc-dadneo\/#webpage","url":"https:\/\/dinn.ucsc.cl\/index.php\/programa-de-formacion-y-asesoria-para-emprendedores-ucsc-dadneo\/","name":"Programa de formaci\u00f3n y asesor\u00eda para emprendedores UCSC - Dadneo -","isPartOf":{"@id":"https:\/\/dinn.ucsc.cl\/#website"},"primaryImageOfPage":{"@id":"https:\/\/dinn.ucsc.cl\/index.php\/programa-de-formacion-y-asesoria-para-emprendedores-ucsc-dadneo\/#primaryimage"},"datePublished":"2022-09-02T21:02:05+00:00","dateModified":"2023-01-10T18:29:38+00:00","breadcrumb":{"@id":"https:\/\/dinn.ucsc.cl\/index.php\/programa-de-formacion-y-asesoria-para-emprendedores-ucsc-dadneo\/#breadcrumb"},"inLanguage":"es","potentialAction":[{"@type":"ReadAction","target":["https:\/\/dinn.ucsc.cl\/index.php\/programa-de-formacion-y-asesoria-para-emprendedores-ucsc-dadneo\/"]}]},{"@type":"BreadcrumbList","@id":"https:\/\/dinn.ucsc.cl\/index.php\/programa-de-formacion-y-asesoria-para-emprendedores-ucsc-dadneo\/#breadcrumb","itemListElement":[{"@type":"ListItem","position":1,"name":"Inicio","item":"https:\/\/dinn.ucsc.cl\/"},{"@type":"ListItem","position":2,"name":"Programa de formaci\u00f3n y asesor\u00eda para emprendedores UCSC &#8211; Dadneo"}]}]}},"_links":{"self":[{"href":"https:\/\/dinn.ucsc.cl\/index.php\/wp-json\/wp\/v2\/pages\/3872"}],"collection":[{"href":"https:\/\/dinn.ucsc.cl\/index.php\/wp-json\/wp\/v2\/pages"}],"about":[{"href":"https:\/\/dinn.ucsc.cl\/index.php\/wp-json\/wp\/v2\/types\/page"}],"author":[{"embeddable":true,"href":"https:\/\/dinn.ucsc.cl\/index.php\/wp-json\/wp\/v2\/users\/84"}],"replies":[{"embeddable":true,"href":"https:\/\/dinn.ucsc.cl\/index.php\/wp-json\/wp\/v2\/comments?post=3872"}],"version-history":[{"count":12,"href":"https:\/\/dinn.ucsc.cl\/index.php\/wp-json\/wp\/v2\/pages\/3872\/revisions"}],"predecessor-version":[{"id":4786,"href":"https:\/\/dinn.ucsc.cl\/index.php\/wp-json\/wp\/v2\/pages\/3872\/revisions\/4786"}],"wp:attachment":[{"href":"https:\/\/dinn.ucsc.cl\/index.php\/wp-json\/wp\/v2\/media?parent=3872"}],"curies":[{"name":"wp","href":"https:\/\/api.w.org\/{rel}","templated":true}]}}