{"id":4031,"date":"2022-10-27T13:19:53","date_gmt":"2022-10-27T16:19:53","guid":{"rendered":"https:\/\/dinn.ucsc.cl\/?page_id=4031"},"modified":"2023-08-04T12:50:11","modified_gmt":"2023-08-04T16:50:11","slug":"gestion-de-propiedad-intelectual","status":"publish","type":"page","link":"https:\/\/dinn.ucsc.cl\/index.php\/gestion-de-propiedad-intelectual\/","title":{"rendered":"Gesti\u00f3n de Propiedad Intelectual"},"content":{"rendered":"<table style=\"height: 122px\" width=\"729\">\n<tbody>\n<tr>\n<td style=\"width: 689.25px\">Tal como lo se\u00f1ala nuestra misi\u00f3n, la Oficina de Transferencia Tecnol\u00f3gica (OTT) se encarga de gestionar los activos intangibles basados en Propiedad Intelectual (PI), a trav\u00e9s de la identificaci\u00f3n, protecci\u00f3n y transferencia tecnol\u00f3gica.<\/p>\n<p>Es por esto, que apoyamos en el proceso de protecci\u00f3n de cualquier tipo de Propiedad Intelectual, sea esto Propiedad Industrial y\/o Derecho de Autor.<\/p>\n<h3>C\u00f3mo Funcionamos<\/h3>\n<p>La UCSC, cuenta con la Oficina de Transferencia Tecnol\u00f3gica (OTT), que funciona al alero de la Direcci\u00f3n Innovaci\u00f3n, y es la unidad encargada de efectuar las gestiones, en conjunto con los inventores, para efectuar la solicitud de patente y su posterior comercializaci\u00f3n, ya sea a modo de licenciamiento, creaci\u00f3n de spin off u otro mecanismo.<\/p>\n<p>&nbsp;<\/p>\n<p>Para ello, la OTT de la UCSC, cuenta con un procedimiento que va desde la generaci\u00f3n de una invenci\u00f3n, hasta su protecci\u00f3n y eventual acuerdo de transferencia, el que se puede observar en el siguiente diagrama:<\/td>\n<td style=\"width: 39.0167px\"><\/td>\n<\/tr>\n<tr>\n<td style=\"width: 689.25px\"><\/td>\n<td style=\"width: 39.0167px\"><\/td>\n<\/tr>\n<\/tbody>\n<\/table>\n<p>&nbsp;<\/p>\n<p><img loading=\"lazy\" class=\"alignleft wp-image-4332 size-large\" src=\"https:\/\/dinn.ucsc.cl\/wp-content\/uploads\/sites\/14\/2022\/11\/PROCESO-OTT-1024x843.png\" alt=\"\" width=\"1024\" height=\"843\" srcset=\"https:\/\/dinn.ucsc.cl\/wp-content\/uploads\/sites\/14\/2022\/11\/PROCESO-OTT-1024x843.png 1024w, https:\/\/dinn.ucsc.cl\/wp-content\/uploads\/sites\/14\/2022\/11\/PROCESO-OTT-300x247.png 300w, https:\/\/dinn.ucsc.cl\/wp-content\/uploads\/sites\/14\/2022\/11\/PROCESO-OTT-768x632.png 768w, https:\/\/dinn.ucsc.cl\/wp-content\/uploads\/sites\/14\/2022\/11\/PROCESO-OTT-200x165.png 200w, https:\/\/dinn.ucsc.cl\/wp-content\/uploads\/sites\/14\/2022\/11\/PROCESO-OTT.png 1275w\" sizes=\"(max-width: 1024px) 100vw, 1024px\" \/><\/p>\n<ul>\n<li><strong>Paso 1: Completar la Declaraci\u00f3n de Invenci\u00f3n<\/strong><\/li>\n<\/ul>\n<p>Si usted es un funcionario de la Universidad\u00a0 y cree que tiene una invenci\u00f3n protegible, comun\u00edquese con la Oficina de Transferencia Tecnol\u00f3gica para informar la invenci\u00f3n. Para esto, la OTT ha dise\u00f1ado una\u00a0\u201c<em><strong>Declaraci\u00f3n de Invenci\u00f3n<\/strong><\/em>\u201c\u00a0que usted puede descargar\u00a0 aqu\u00ed:<\/p>\n<p><a href=\"https:\/\/dinn.ucsc.cl\/wp-content\/uploads\/sites\/14\/2022\/11\/Declaracion-de-Invencion-V5_2020-31-03-2020.docx\" target=\"_blank\" rel=\"noopener\">Descarga Formulario de Declaraci\u00f3n de Invenci\u00f3n Aqu\u00ed<\/a><\/p>\n<p>Una vez completada esta declaraci\u00f3n, debe enviarla a Sebasti\u00e1n Espinoza, Gestor Tecnol\u00f3gico de la OTT al correo sebastian.espinoza@ucsc.cl con copia ott@ucsc.cl<\/p>\n<ul>\n<li><strong>\u00a0Paso 2: Valorizar \/ Analizar el Potencial Comercial<\/strong><\/li>\n<\/ul>\n<p>Una vez que la OTT, cuente con la<em>\u00a0<strong>\u201cDeclaraci\u00f3n de Invenci\u00f3n\u201d<\/strong><\/em>, comenzar\u00e1 un proceso de an\u00e1lisis que permitir\u00e1 valorar y\/o analizar el potencial comercial de la invenci\u00f3n. Tanto con b\u00fasqueda de informaci\u00f3n de mercado como del estado del arte. Para esto, la OTT cuenta con un software de vigilancia tecnol\u00f3gica que permitir\u00e1 evaluar la existencia o no de tecnolog\u00edas similares en el resto del mundo.<\/p>\n<ul>\n<li><strong>Paso 3: Solicitar Protecci\u00f3n<\/strong><\/li>\n<\/ul>\n<p>Con los resultados del paso anterior, se establecer\u00e1 una Estrategia de Transferencia Tecnol\u00f3gica, \u00a0la cual puede resultar en una solicitud de patente nacional y\/o internacional u otro mecanismo de protecci\u00f3n y\/o transferencia.\u00a0 Esto depender\u00e1 de factores como: el \u00e1rea de desarrollo,\u00a0 su potencial comercial,\u00a0 la naturaleza de la invenci\u00f3n,\u00a0 mercados, entre otros. Para conocer m\u00e1s sobre los tipos de protecci\u00f3n intelectual, usted puede descargar el\u00a0<a href=\"http:\/\/sitios.ucsc.cl\/ott\/wp-content\/uploads\/sites\/15\/2018\/04\/Reglamento-PI.pdf\">Manual de Propiedad Intelectual<\/a><\/p>\n<ul>\n<li><strong>Paso 4: B\u00fasqueda de Interesados<\/strong><\/li>\n<\/ul>\n<p>Luego de establecer la estrategia de transferencia, la OTT en conjunto con \u00e9l o los inventores se encargar\u00e1 de buscar interesados en la tecnolog\u00eda, tanto a\u00a0 nivel nacional y\/o internacional.<\/p>\n<ul>\n<li><strong>Paso 5: Negociar Acuerdos de Transferencia<\/strong><\/li>\n<\/ul>\n<p>Al contar con interesados en la tecnolog\u00eda, la OTT trabajar\u00e1 en concretar acuerdos de transferencia tecnol\u00f3gica,\u00a0 tales como contratos de licenciamiento, creaci\u00f3n de spin off, entre otros.<\/p>\n","protected":false},"excerpt":{"rendered":"<p>Tal como lo se\u00f1ala nuestra misi\u00f3n, la Oficina de Transferencia Tecnol\u00f3gica (OTT) se encarga de gestionar los activos intangibles basados en Propiedad Intelectual (PI), a trav\u00e9s de la identificaci\u00f3n, protecci\u00f3n y transferencia tecnol\u00f3gica. Es por esto, que apoyamos en el proceso de protecci\u00f3n de cualquier tipo de Propiedad Intelectual, sea esto Propiedad Industrial y\/o Derecho [&hellip;]<\/p>\n","protected":false},"author":84,"featured_media":0,"parent":0,"menu_order":0,"comment_status":"closed","ping_status":"closed","template":"","meta":[],"yoast_head":"<!-- This site is optimized with the Yoast SEO plugin v18.9 - https:\/\/yoast.com\/wordpress\/plugins\/seo\/ -->\n<title>Gesti\u00f3n de Propiedad Intelectual -<\/title>\n<meta name=\"robots\" content=\"index, follow, max-snippet:-1, max-image-preview:large, max-video-preview:-1\" \/>\n<link rel=\"canonical\" href=\"https:\/\/dinn.ucsc.cl\/index.php\/gestion-de-propiedad-intelectual\/\" \/>\n<meta property=\"og:locale\" content=\"es_ES\" \/>\n<meta property=\"og:type\" content=\"article\" \/>\n<meta property=\"og:title\" content=\"Gesti\u00f3n de Propiedad Intelectual -\" \/>\n<meta property=\"og:description\" content=\"Tal como lo se\u00f1ala nuestra misi\u00f3n, la Oficina de Transferencia Tecnol\u00f3gica (OTT) se encarga de gestionar los activos intangibles basados en Propiedad Intelectual (PI), a trav\u00e9s de la identificaci\u00f3n, protecci\u00f3n y transferencia tecnol\u00f3gica. Es por esto, que apoyamos en el proceso de protecci\u00f3n de cualquier tipo de Propiedad Intelectual, sea esto Propiedad Industrial y\/o Derecho [&hellip;]\" \/>\n<meta property=\"og:url\" content=\"https:\/\/dinn.ucsc.cl\/index.php\/gestion-de-propiedad-intelectual\/\" \/>\n<meta property=\"article:publisher\" content=\"https:\/\/m.facebook.com\/DINNUCSC\" \/>\n<meta property=\"article:modified_time\" content=\"2023-08-04T16:50:11+00:00\" \/>\n<meta property=\"og:image\" content=\"https:\/\/sitios.ucsc.cl\/investigacion\/wp-content\/uploads\/sites\/14\/2022\/11\/PROCESO-OTT-1024x843.png\" \/>\n<meta name=\"twitter:card\" content=\"summary\" \/>\n<meta name=\"twitter:site\" content=\"@dinn_ucsc\" \/>\n<meta name=\"twitter:label1\" content=\"Tiempo de lectura\" \/>\n\t<meta name=\"twitter:data1\" content=\"3 minutos\" \/>\n<script type=\"application\/ld+json\" class=\"yoast-schema-graph\">{\"@context\":\"https:\/\/schema.org\",\"@graph\":[{\"@type\":\"WebSite\",\"@id\":\"https:\/\/dinn.ucsc.cl\/#website\",\"url\":\"https:\/\/dinn.ucsc.cl\/\",\"name\":\"Direcci\u00f3n de Innovaci\u00f3n UCSC\",\"description\":\"Direcci\u00f3n de Innovaci\u00f3n\",\"potentialAction\":[{\"@type\":\"SearchAction\",\"target\":{\"@type\":\"EntryPoint\",\"urlTemplate\":\"https:\/\/dinn.ucsc.cl\/?s={search_term_string}\"},\"query-input\":\"required name=search_term_string\"}],\"inLanguage\":\"es\"},{\"@type\":\"ImageObject\",\"inLanguage\":\"es\",\"@id\":\"https:\/\/dinn.ucsc.cl\/index.php\/gestion-de-propiedad-intelectual\/#primaryimage\",\"url\":\"https:\/\/sitios.ucsc.cl\/investigacion\/wp-content\/uploads\/sites\/14\/2022\/11\/PROCESO-OTT-1024x843.png\",\"contentUrl\":\"https:\/\/sitios.ucsc.cl\/investigacion\/wp-content\/uploads\/sites\/14\/2022\/11\/PROCESO-OTT-1024x843.png\"},{\"@type\":\"WebPage\",\"@id\":\"https:\/\/dinn.ucsc.cl\/index.php\/gestion-de-propiedad-intelectual\/#webpage\",\"url\":\"https:\/\/dinn.ucsc.cl\/index.php\/gestion-de-propiedad-intelectual\/\",\"name\":\"Gesti\u00f3n de Propiedad Intelectual -\",\"isPartOf\":{\"@id\":\"https:\/\/dinn.ucsc.cl\/#website\"},\"primaryImageOfPage\":{\"@id\":\"https:\/\/dinn.ucsc.cl\/index.php\/gestion-de-propiedad-intelectual\/#primaryimage\"},\"datePublished\":\"2022-10-27T16:19:53+00:00\",\"dateModified\":\"2023-08-04T16:50:11+00:00\",\"breadcrumb\":{\"@id\":\"https:\/\/dinn.ucsc.cl\/index.php\/gestion-de-propiedad-intelectual\/#breadcrumb\"},\"inLanguage\":\"es\",\"potentialAction\":[{\"@type\":\"ReadAction\",\"target\":[\"https:\/\/dinn.ucsc.cl\/index.php\/gestion-de-propiedad-intelectual\/\"]}]},{\"@type\":\"BreadcrumbList\",\"@id\":\"https:\/\/dinn.ucsc.cl\/index.php\/gestion-de-propiedad-intelectual\/#breadcrumb\",\"itemListElement\":[{\"@type\":\"ListItem\",\"position\":1,\"name\":\"Inicio\",\"item\":\"https:\/\/dinn.ucsc.cl\/\"},{\"@type\":\"ListItem\",\"position\":2,\"name\":\"Gesti\u00f3n de Propiedad Intelectual\"}]}]}<\/script>\n<!-- \/ Yoast SEO plugin. -->","yoast_head_json":{"title":"Gesti\u00f3n de Propiedad Intelectual -","robots":{"index":"index","follow":"follow","max-snippet":"max-snippet:-1","max-image-preview":"max-image-preview:large","max-video-preview":"max-video-preview:-1"},"canonical":"https:\/\/dinn.ucsc.cl\/index.php\/gestion-de-propiedad-intelectual\/","og_locale":"es_ES","og_type":"article","og_title":"Gesti\u00f3n de Propiedad Intelectual -","og_description":"Tal como lo se\u00f1ala nuestra misi\u00f3n, la Oficina de Transferencia Tecnol\u00f3gica (OTT) se encarga de gestionar los activos intangibles basados en Propiedad Intelectual (PI), a trav\u00e9s de la identificaci\u00f3n, protecci\u00f3n y transferencia tecnol\u00f3gica. Es por esto, que apoyamos en el proceso de protecci\u00f3n de cualquier tipo de Propiedad Intelectual, sea esto Propiedad Industrial y\/o Derecho [&hellip;]","og_url":"https:\/\/dinn.ucsc.cl\/index.php\/gestion-de-propiedad-intelectual\/","article_publisher":"https:\/\/m.facebook.com\/DINNUCSC","article_modified_time":"2023-08-04T16:50:11+00:00","og_image":[{"url":"https:\/\/sitios.ucsc.cl\/investigacion\/wp-content\/uploads\/sites\/14\/2022\/11\/PROCESO-OTT-1024x843.png"}],"twitter_card":"summary","twitter_site":"@dinn_ucsc","twitter_misc":{"Tiempo de lectura":"3 minutos"},"schema":{"@context":"https:\/\/schema.org","@graph":[{"@type":"WebSite","@id":"https:\/\/dinn.ucsc.cl\/#website","url":"https:\/\/dinn.ucsc.cl\/","name":"Direcci\u00f3n de Innovaci\u00f3n UCSC","description":"Direcci\u00f3n de Innovaci\u00f3n","potentialAction":[{"@type":"SearchAction","target":{"@type":"EntryPoint","urlTemplate":"https:\/\/dinn.ucsc.cl\/?s={search_term_string}"},"query-input":"required name=search_term_string"}],"inLanguage":"es"},{"@type":"ImageObject","inLanguage":"es","@id":"https:\/\/dinn.ucsc.cl\/index.php\/gestion-de-propiedad-intelectual\/#primaryimage","url":"https:\/\/sitios.ucsc.cl\/investigacion\/wp-content\/uploads\/sites\/14\/2022\/11\/PROCESO-OTT-1024x843.png","contentUrl":"https:\/\/sitios.ucsc.cl\/investigacion\/wp-content\/uploads\/sites\/14\/2022\/11\/PROCESO-OTT-1024x843.png"},{"@type":"WebPage","@id":"https:\/\/dinn.ucsc.cl\/index.php\/gestion-de-propiedad-intelectual\/#webpage","url":"https:\/\/dinn.ucsc.cl\/index.php\/gestion-de-propiedad-intelectual\/","name":"Gesti\u00f3n de Propiedad Intelectual -","isPartOf":{"@id":"https:\/\/dinn.ucsc.cl\/#website"},"primaryImageOfPage":{"@id":"https:\/\/dinn.ucsc.cl\/index.php\/gestion-de-propiedad-intelectual\/#primaryimage"},"datePublished":"2022-10-27T16:19:53+00:00","dateModified":"2023-08-04T16:50:11+00:00","breadcrumb":{"@id":"https:\/\/dinn.ucsc.cl\/index.php\/gestion-de-propiedad-intelectual\/#breadcrumb"},"inLanguage":"es","potentialAction":[{"@type":"ReadAction","target":["https:\/\/dinn.ucsc.cl\/index.php\/gestion-de-propiedad-intelectual\/"]}]},{"@type":"BreadcrumbList","@id":"https:\/\/dinn.ucsc.cl\/index.php\/gestion-de-propiedad-intelectual\/#breadcrumb","itemListElement":[{"@type":"ListItem","position":1,"name":"Inicio","item":"https:\/\/dinn.ucsc.cl\/"},{"@type":"ListItem","position":2,"name":"Gesti\u00f3n de Propiedad Intelectual"}]}]}},"_links":{"self":[{"href":"https:\/\/dinn.ucsc.cl\/index.php\/wp-json\/wp\/v2\/pages\/4031"}],"collection":[{"href":"https:\/\/dinn.ucsc.cl\/index.php\/wp-json\/wp\/v2\/pages"}],"about":[{"href":"https:\/\/dinn.ucsc.cl\/index.php\/wp-json\/wp\/v2\/types\/page"}],"author":[{"embeddable":true,"href":"https:\/\/dinn.ucsc.cl\/index.php\/wp-json\/wp\/v2\/users\/84"}],"replies":[{"embeddable":true,"href":"https:\/\/dinn.ucsc.cl\/index.php\/wp-json\/wp\/v2\/comments?post=4031"}],"version-history":[{"count":8,"href":"https:\/\/dinn.ucsc.cl\/index.php\/wp-json\/wp\/v2\/pages\/4031\/revisions"}],"predecessor-version":[{"id":5377,"href":"https:\/\/dinn.ucsc.cl\/index.php\/wp-json\/wp\/v2\/pages\/4031\/revisions\/5377"}],"wp:attachment":[{"href":"https:\/\/dinn.ucsc.cl\/index.php\/wp-json\/wp\/v2\/media?parent=4031"}],"curies":[{"name":"wp","href":"https:\/\/api.w.org\/{rel}","templated":true}]}}