{"id":4037,"date":"2022-10-27T13:30:36","date_gmt":"2022-10-27T16:30:36","guid":{"rendered":"https:\/\/dinn.ucsc.cl\/?page_id=4037"},"modified":"2022-10-27T13:30:36","modified_gmt":"2022-10-27T16:30:36","slug":"manual-del-propiedad-intelectual-y-transferencia-tecnologica","status":"publish","type":"page","link":"https:\/\/dinn.ucsc.cl\/index.php\/manual-del-propiedad-intelectual-y-transferencia-tecnologica\/","title":{"rendered":"Manual del Propiedad Intelectual y Transferencia Tecnol\u00f3gica"},"content":{"rendered":"<p><a href=\"https:\/\/sitios.ucsc.cl\/ott\/wp-content\/uploads\/sites\/15\/2021\/04\/Manual_de_Propiedad_Intelectual_Y_Transferencia_Tecnol\u00f3gica021220_compressed.pdf\">Descargar manual<\/a><\/p>\n<p>&nbsp;<\/p>\n","protected":false},"excerpt":{"rendered":"<p>Descargar manual &nbsp;<\/p>\n","protected":false},"author":84,"featured_media":0,"parent":0,"menu_order":0,"comment_status":"closed","ping_status":"closed","template":"","meta":[],"yoast_head":"<!-- This site is optimized with the Yoast SEO plugin v18.9 - https:\/\/yoast.com\/wordpress\/plugins\/seo\/ -->\n<title>Manual del Propiedad Intelectual y Transferencia Tecnol\u00f3gica -<\/title>\n<meta name=\"robots\" content=\"index, follow, max-snippet:-1, max-image-preview:large, max-video-preview:-1\" \/>\n<link rel=\"canonical\" href=\"https:\/\/dinn.ucsc.cl\/index.php\/manual-del-propiedad-intelectual-y-transferencia-tecnologica\/\" \/>\n<meta property=\"og:locale\" content=\"es_ES\" \/>\n<meta property=\"og:type\" content=\"article\" \/>\n<meta property=\"og:title\" content=\"Manual del Propiedad Intelectual y Transferencia Tecnol\u00f3gica -\" \/>\n<meta property=\"og:description\" content=\"Descargar manual &nbsp;\" \/>\n<meta property=\"og:url\" content=\"https:\/\/dinn.ucsc.cl\/index.php\/manual-del-propiedad-intelectual-y-transferencia-tecnologica\/\" \/>\n<meta property=\"article:publisher\" content=\"https:\/\/m.facebook.com\/DINNUCSC\" \/>\n<meta name=\"twitter:card\" content=\"summary\" \/>\n<meta name=\"twitter:site\" content=\"@dinn_ucsc\" \/>\n<script type=\"application\/ld+json\" class=\"yoast-schema-graph\">{\"@context\":\"https:\/\/schema.org\",\"@graph\":[{\"@type\":\"WebSite\",\"@id\":\"https:\/\/dinn.ucsc.cl\/#website\",\"url\":\"https:\/\/dinn.ucsc.cl\/\",\"name\":\"Direcci\u00f3n de Innovaci\u00f3n UCSC\",\"description\":\"Direcci\u00f3n de Innovaci\u00f3n\",\"potentialAction\":[{\"@type\":\"SearchAction\",\"target\":{\"@type\":\"EntryPoint\",\"urlTemplate\":\"https:\/\/dinn.ucsc.cl\/?s={search_term_string}\"},\"query-input\":\"required name=search_term_string\"}],\"inLanguage\":\"es\"},{\"@type\":\"WebPage\",\"@id\":\"https:\/\/dinn.ucsc.cl\/index.php\/manual-del-propiedad-intelectual-y-transferencia-tecnologica\/#webpage\",\"url\":\"https:\/\/dinn.ucsc.cl\/index.php\/manual-del-propiedad-intelectual-y-transferencia-tecnologica\/\",\"name\":\"Manual del Propiedad Intelectual y Transferencia Tecnol\u00f3gica -\",\"isPartOf\":{\"@id\":\"https:\/\/dinn.ucsc.cl\/#website\"},\"datePublished\":\"2022-10-27T16:30:36+00:00\",\"dateModified\":\"2022-10-27T16:30:36+00:00\",\"breadcrumb\":{\"@id\":\"https:\/\/dinn.ucsc.cl\/index.php\/manual-del-propiedad-intelectual-y-transferencia-tecnologica\/#breadcrumb\"},\"inLanguage\":\"es\",\"potentialAction\":[{\"@type\":\"ReadAction\",\"target\":[\"https:\/\/dinn.ucsc.cl\/index.php\/manual-del-propiedad-intelectual-y-transferencia-tecnologica\/\"]}]},{\"@type\":\"BreadcrumbList\",\"@id\":\"https:\/\/dinn.ucsc.cl\/index.php\/manual-del-propiedad-intelectual-y-transferencia-tecnologica\/#breadcrumb\",\"itemListElement\":[{\"@type\":\"ListItem\",\"position\":1,\"name\":\"Inicio\",\"item\":\"https:\/\/dinn.ucsc.cl\/\"},{\"@type\":\"ListItem\",\"position\":2,\"name\":\"Manual del Propiedad Intelectual y Transferencia Tecnol\u00f3gica\"}]}]}<\/script>\n<!-- \/ Yoast SEO plugin. -->","yoast_head_json":{"title":"Manual del Propiedad Intelectual y Transferencia Tecnol\u00f3gica -","robots":{"index":"index","follow":"follow","max-snippet":"max-snippet:-1","max-image-preview":"max-image-preview:large","max-video-preview":"max-video-preview:-1"},"canonical":"https:\/\/dinn.ucsc.cl\/index.php\/manual-del-propiedad-intelectual-y-transferencia-tecnologica\/","og_locale":"es_ES","og_type":"article","og_title":"Manual del Propiedad Intelectual y Transferencia Tecnol\u00f3gica -","og_description":"Descargar manual &nbsp;","og_url":"https:\/\/dinn.ucsc.cl\/index.php\/manual-del-propiedad-intelectual-y-transferencia-tecnologica\/","article_publisher":"https:\/\/m.facebook.com\/DINNUCSC","twitter_card":"summary","twitter_site":"@dinn_ucsc","schema":{"@context":"https:\/\/schema.org","@graph":[{"@type":"WebSite","@id":"https:\/\/dinn.ucsc.cl\/#website","url":"https:\/\/dinn.ucsc.cl\/","name":"Direcci\u00f3n de Innovaci\u00f3n UCSC","description":"Direcci\u00f3n de Innovaci\u00f3n","potentialAction":[{"@type":"SearchAction","target":{"@type":"EntryPoint","urlTemplate":"https:\/\/dinn.ucsc.cl\/?s={search_term_string}"},"query-input":"required name=search_term_string"}],"inLanguage":"es"},{"@type":"WebPage","@id":"https:\/\/dinn.ucsc.cl\/index.php\/manual-del-propiedad-intelectual-y-transferencia-tecnologica\/#webpage","url":"https:\/\/dinn.ucsc.cl\/index.php\/manual-del-propiedad-intelectual-y-transferencia-tecnologica\/","name":"Manual del Propiedad Intelectual y Transferencia Tecnol\u00f3gica -","isPartOf":{"@id":"https:\/\/dinn.ucsc.cl\/#website"},"datePublished":"2022-10-27T16:30:36+00:00","dateModified":"2022-10-27T16:30:36+00:00","breadcrumb":{"@id":"https:\/\/dinn.ucsc.cl\/index.php\/manual-del-propiedad-intelectual-y-transferencia-tecnologica\/#breadcrumb"},"inLanguage":"es","potentialAction":[{"@type":"ReadAction","target":["https:\/\/dinn.ucsc.cl\/index.php\/manual-del-propiedad-intelectual-y-transferencia-tecnologica\/"]}]},{"@type":"BreadcrumbList","@id":"https:\/\/dinn.ucsc.cl\/index.php\/manual-del-propiedad-intelectual-y-transferencia-tecnologica\/#breadcrumb","itemListElement":[{"@type":"ListItem","position":1,"name":"Inicio","item":"https:\/\/dinn.ucsc.cl\/"},{"@type":"ListItem","position":2,"name":"Manual del Propiedad Intelectual y Transferencia Tecnol\u00f3gica"}]}]}},"_links":{"self":[{"href":"https:\/\/dinn.ucsc.cl\/index.php\/wp-json\/wp\/v2\/pages\/4037"}],"collection":[{"href":"https:\/\/dinn.ucsc.cl\/index.php\/wp-json\/wp\/v2\/pages"}],"about":[{"href":"https:\/\/dinn.ucsc.cl\/index.php\/wp-json\/wp\/v2\/types\/page"}],"author":[{"embeddable":true,"href":"https:\/\/dinn.ucsc.cl\/index.php\/wp-json\/wp\/v2\/users\/84"}],"replies":[{"embeddable":true,"href":"https:\/\/dinn.ucsc.cl\/index.php\/wp-json\/wp\/v2\/comments?post=4037"}],"version-history":[{"count":1,"href":"https:\/\/dinn.ucsc.cl\/index.php\/wp-json\/wp\/v2\/pages\/4037\/revisions"}],"predecessor-version":[{"id":4038,"href":"https:\/\/dinn.ucsc.cl\/index.php\/wp-json\/wp\/v2\/pages\/4037\/revisions\/4038"}],"wp:attachment":[{"href":"https:\/\/dinn.ucsc.cl\/index.php\/wp-json\/wp\/v2\/media?parent=4037"}],"curies":[{"name":"wp","href":"https:\/\/api.w.org\/{rel}","templated":true}]}}