{"id":4091,"date":"2022-11-23T17:22:58","date_gmt":"2022-11-23T20:22:58","guid":{"rendered":"https:\/\/dinn.ucsc.cl\/?page_id=4091"},"modified":"2023-07-09T21:43:21","modified_gmt":"2023-07-10T01:43:21","slug":"metodo-de-biorremediacion-para-degradar-contaminantes-quimicos-provenientes-de-efluentes-industriales","status":"publish","type":"page","link":"https:\/\/dinn.ucsc.cl\/index.php\/metodo-de-biorremediacion-para-degradar-contaminantes-quimicos-provenientes-de-efluentes-industriales\/","title":{"rendered":"M\u00e9todo de biorremediaci\u00f3n para degradar contaminantes qu\u00edmicos provenientes de efluentes industriales"},"content":{"rendered":"<table class=\" alignleft\" style=\"width: 750px;height: 1377px\">\n<tbody>\n<tr style=\"height: 162px\">\n<td style=\"width: 749.2px;height: 162px\" colspan=\"4\">\n<h3><img loading=\"lazy\" class=\"wp-image-3116 alignleft\" src=\"https:\/\/sitios.ucsc.cl\/ott\/wp-content\/uploads\/sites\/15\/2022\/09\/OTT_Tec_3_2022.png\" alt=\"\" width=\"755\" height=\"154\" \/><\/h3>\n<\/td>\n<\/tr>\n<tr>\n<td style=\"width: 35.15px\"><\/td>\n<td style=\"width: 55.225px\"><\/td>\n<td style=\"width: 609.6px;text-align: justify\"><strong>Propiedad Intelectual &#8211; Patentes Concedidas:<\/strong><\/p>\n<p>Estados Unidos: US10883150<br \/>\nAlemania: EP3406739<br \/>\nEspa\u00f1a: ES2886430<br \/>\nFrancia: EP3406739<br \/>\nReino Unido: EP3406739<br \/>\nChile: CL201801976<\/td>\n<td style=\"width: 49.225px\">\n<h3><\/h3>\n<\/td>\n<\/tr>\n<tr style=\"height: 51px\">\n<td style=\"width: 35.15px;height: 51px\"><\/td>\n<td style=\"width: 55.225px;height: 51px\"><img loading=\"lazy\" class=\"aligncenter size-full wp-image-2827\" src=\"https:\/\/sitios.ucsc.cl\/ott\/wp-content\/uploads\/sites\/15\/2022\/07\/OTT_TEC_1.png\" alt=\"\" width=\"50\" height=\"50\" \/><\/td>\n<td style=\"width: 609.6px;text-align: justify;height: 51px\">\n<h3>Tecnolog\u00eda desarrollada<\/h3>\n<\/td>\n<td style=\"width: 49.225px;height: 51px\">\n<h3><\/h3>\n<\/td>\n<\/tr>\n<tr style=\"height: 130px\">\n<td style=\"width: 35.15px;height: 130px\"><\/td>\n<td style=\"width: 55.225px;height: 130px\"><\/td>\n<td style=\"width: 609.6px;text-align: justify;height: 130px\">La tecnolog\u00eda consiste en un m\u00e9todo de biorremediaci\u00f3n, que utiliza una cepa de Pseudomona aeruginosa, aislada en la regi\u00f3n del Biob\u00edo, que sirve para el tratamiento de aguas residuales, cumpliendo con est\u00e1ndares de descarga. La tecnolog\u00eda permite la remoci\u00f3n de colorantes, degradaci\u00f3n de petr\u00f3leo y sus derivados, tratamiento de RILES con ars\u00e9nico III y el tratamiento de RILES con lignina.<\/td>\n<td style=\"width: 49.225px;height: 130px\">\n<h3><\/h3>\n<\/td>\n<\/tr>\n<tr style=\"height: 51px\">\n<td style=\"width: 35.15px;height: 51px\"><\/td>\n<td style=\"width: 55.225px;height: 51px\"><img loading=\"lazy\" class=\"aligncenter size-full wp-image-2828\" src=\"https:\/\/sitios.ucsc.cl\/ott\/wp-content\/uploads\/sites\/15\/2022\/07\/OTT_TEC_2.png\" alt=\"\" width=\"50\" height=\"50\" \/><\/td>\n<td style=\"width: 609.6px;text-align: justify;height: 51px\">\n<h3>Beneficios \/ Ventajas<\/h3>\n<\/td>\n<td style=\"width: 49.225px;height: 51px\"><\/td>\n<\/tr>\n<tr style=\"height: 224px\">\n<td style=\"width: 35.15px;height: 224px\"><\/td>\n<td style=\"width: 55.225px;height: 224px\"><\/td>\n<td style=\"width: 609.6px;text-align: justify;height: 224px\">\u2022 Proceso biol\u00f3gico que no requiere mayor energ\u00eda que la utilizada por las bacterias.<br \/>\n\u2022 Baja los costos de operaci\u00f3n de la industria.<br \/>\n\u2022 Ayuda en la recuperaci\u00f3n de plantas de tratamiento por la adici\u00f3n de un compuesto bacteriol\u00f3gico.<br \/>\n\u2022 Disminuye la cantidad de lodos contaminantes producidos en las plantas de tratamiento.<br \/>\n\u2022 En relaci\u00f3n a los m\u00e9todos f\u00edsicos y qu\u00edmicos tradicionales, es un proceso que es m\u00e1s econ\u00f3mico y m\u00e1s amigable con el medio ambiente el que, al tratarse de un proceso natural, suele tener muy buena aceptaci\u00f3n por parte de la opini\u00f3n p\u00fablica.<\/td>\n<td style=\"width: 49.225px;height: 224px\"><\/td>\n<\/tr>\n<tr style=\"height: 51px\">\n<td style=\"width: 35.15px;height: 51px\"><\/td>\n<td style=\"width: 55.225px;height: 51px\"><img loading=\"lazy\" class=\"aligncenter size-full wp-image-2829\" src=\"https:\/\/sitios.ucsc.cl\/ott\/wp-content\/uploads\/sites\/15\/2022\/07\/OTT_TEC_3.png\" alt=\"\" width=\"50\" height=\"50\" \/><\/td>\n<td style=\"width: 609.6px;text-align: justify;height: 51px\">\n<h3>Usos \/ Aplicaciones<\/h3>\n<\/td>\n<td style=\"width: 49.225px;height: 51px\"><\/td>\n<\/tr>\n<tr style=\"height: 46px\">\n<td style=\"width: 35.15px;height: 46px\"><\/td>\n<td style=\"width: 55.225px;height: 46px\"><\/td>\n<td style=\"width: 609.6px;text-align: justify;height: 46px\">El m\u00e9todo dise\u00f1ado se puede utilizar en RILES provenientes de la industria textil, industria celulosa, industria petrolera y\/o industria minera.<\/td>\n<td style=\"width: 49.225px;height: 46px\"><\/td>\n<\/tr>\n<tr style=\"height: 51px\">\n<td style=\"width: 35.15px;height: 51px\"><\/td>\n<td style=\"width: 55.225px;height: 51px\"><img loading=\"lazy\" class=\"aligncenter size-full wp-image-2830\" src=\"https:\/\/sitios.ucsc.cl\/ott\/wp-content\/uploads\/sites\/15\/2022\/07\/OTT_TEC_4.png\" alt=\"\" width=\"50\" height=\"50\" \/><\/td>\n<td style=\"width: 609.6px;text-align: justify;height: 51px\">\n<h3>Oferta tecnol\u00f3gica<\/h3>\n<\/td>\n<td style=\"width: 49.225px;height: 51px\"><\/td>\n<\/tr>\n<tr style=\"height: 28px\">\n<td style=\"width: 35.15px;height: 28px\"><\/td>\n<td style=\"width: 55.225px;height: 28px\"><\/td>\n<td style=\"width: 609.6px;text-align: justify;height: 28px\">La tecnolog\u00eda est\u00e1 disponible para licenciamiento.<\/td>\n<td style=\"width: 49.225px;height: 28px\"><\/td>\n<\/tr>\n<tr style=\"height: 51px\">\n<td style=\"width: 35.15px;height: 51px\"><\/td>\n<td style=\"width: 55.225px;height: 51px\"><img loading=\"lazy\" class=\"aligncenter size-full wp-image-2831\" src=\"https:\/\/sitios.ucsc.cl\/ott\/wp-content\/uploads\/sites\/15\/2022\/07\/OTT_TEC_5.png\" alt=\"\" width=\"50\" height=\"50\" \/><\/td>\n<td style=\"width: 609.6px;text-align: justify;height: 51px\">\n<h3>Estado de desarrollo<\/h3>\n<\/td>\n<td style=\"width: 49.225px;height: 51px\"><\/td>\n<\/tr>\n<tr style=\"height: 79px\">\n<td style=\"width: 35.15px;height: 79px\"><\/td>\n<td style=\"width: 55.225px;height: 79px\"><\/td>\n<td style=\"width: 609.6px;text-align: justify;height: 79px\">TRL 7, ya que cuenta con pruebas semi-industriales validadas en un entorno real-operacional, bien integrado a otros sistemas. La tecnolog\u00eda ha sido validada a escala laboratorio para el tratamiento de aguas residuales en forma pel\u00e1gica y en biopel\u00edculas para: La remoci\u00f3n de colorantes intensos, de tonos negro, rojo y amarillo; Degradaci\u00f3n de petr\u00f3leo y derivados de petr\u00f3leo, Remoci\u00f3n de lignina, Remoci\u00f3n de ars\u00e9nico III; y Remoci\u00f3n de amonio.<\/td>\n<td style=\"width: 49.225px;height: 79px\"><\/td>\n<\/tr>\n<tr style=\"height: 51px\">\n<td style=\"width: 35.15px;height: 51px\"><\/td>\n<td style=\"width: 55.225px;height: 51px\"><img loading=\"lazy\" class=\"aligncenter size-full wp-image-2832\" src=\"https:\/\/sitios.ucsc.cl\/ott\/wp-content\/uploads\/sites\/15\/2022\/07\/OTT_TEC_6.png\" alt=\"\" width=\"50\" height=\"50\" \/><\/td>\n<td style=\"width: 609.6px;text-align: justify;height: 51px\">\n<h3>Investigador principal<\/h3>\n<\/td>\n<td style=\"width: 49.225px;height: 51px\"><\/td>\n<\/tr>\n<tr style=\"height: 28px\">\n<td style=\"width: 35.15px;height: 28px\"><\/td>\n<td style=\"width: 55.225px;height: 28px\"><\/td>\n<td style=\"width: 609.6px;text-align: justify;height: 28px\"><a href=\"https:\/\/ciencias.ucsc.cl\/persona\/maria-cristina-yeber-ortiz\/\">Dra. Mar\u00eda Cristina Yeber Ortiz<\/a>, Facultad de Ciencias.<\/p>\n<p><a href=\"https:\/\/ciencias.ucsc.cl\/persona\/carolina-soto-e\/\">MSc. Carolina Soto Espinoza<\/a>, Facultad de Ciencias.\u200b<\/td>\n<td style=\"width: 49.225px;height: 28px\"><\/td>\n<\/tr>\n<tr style=\"height: 121px\">\n<td style=\"width: 35.15px;height: 121px\"><\/td>\n<td style=\"height: 121px;width: 664.825px\" colspan=\"2\">&nbsp;<\/p>\n<p><a href=\"https:\/\/dinn.ucsc.cl\/wp-content\/uploads\/sites\/14\/2023\/07\/OTT_Tec_3.pdf\"><img loading=\"lazy\" class=\"aligncenter wp-image-2220 size-medium\" src=\"https:\/\/sitios.ucsc.cl\/ott\/wp-content\/uploads\/sites\/15\/2022\/06\/Bot\u00f3n-descarga-300x61.png\" alt=\"\" width=\"300\" height=\"61\" \/><\/a><\/td>\n<td style=\"width: 49.225px;height: 121px\"><\/td>\n<\/tr>\n<tr style=\"height: 95px\">\n<td style=\"width: 749.2px;height: 95px\" colspan=\"4\">\n<h3><img loading=\"lazy\" class=\"aligncenter wp-image-3029\" src=\"https:\/\/sitios.ucsc.cl\/ott\/wp-content\/uploads\/sites\/15\/2022\/08\/Banner-1.png\" alt=\"\" width=\"758\" height=\"86\" \/><\/h3>\n<\/td>\n<\/tr>\n<\/tbody>\n<\/table>\n<p><iframe loading=\"lazy\" title=\"M\u00e9todo de biorremediaci\u00f3n\" width=\"500\" height=\"281\" src=\"https:\/\/www.youtube.com\/embed\/tUXy7YuP5cA?feature=oembed\" frameborder=\"0\" allow=\"accelerometer; autoplay; clipboard-write; encrypted-media; gyroscope; picture-in-picture; web-share\" allowfullscreen><\/iframe><\/p>\n","protected":false},"excerpt":{"rendered":"<p>Propiedad Intelectual &#8211; Patentes Concedidas: Estados Unidos: US10883150 Alemania: EP3406739 Espa\u00f1a: ES2886430 Francia: EP3406739 Reino Unido: EP3406739 Chile: CL201801976 Tecnolog\u00eda desarrollada La tecnolog\u00eda consiste en un m\u00e9todo de biorremediaci\u00f3n, que utiliza una cepa de Pseudomona aeruginosa, aislada en la regi\u00f3n del Biob\u00edo, que sirve para el tratamiento de aguas residuales, cumpliendo con est\u00e1ndares de descarga. [&hellip;]<\/p>\n","protected":false},"author":84,"featured_media":0,"parent":0,"menu_order":0,"comment_status":"closed","ping_status":"closed","template":"","meta":[],"yoast_head":"<!-- This site is optimized with the Yoast SEO plugin v18.9 - https:\/\/yoast.com\/wordpress\/plugins\/seo\/ -->\n<title>M\u00e9todo de biorremediaci\u00f3n para degradar contaminantes qu\u00edmicos provenientes de efluentes industriales -<\/title>\n<meta name=\"robots\" content=\"index, follow, max-snippet:-1, max-image-preview:large, max-video-preview:-1\" \/>\n<link rel=\"canonical\" href=\"https:\/\/dinn.ucsc.cl\/index.php\/metodo-de-biorremediacion-para-degradar-contaminantes-quimicos-provenientes-de-efluentes-industriales\/\" \/>\n<meta property=\"og:locale\" content=\"es_ES\" \/>\n<meta property=\"og:type\" content=\"article\" \/>\n<meta property=\"og:title\" content=\"M\u00e9todo de biorremediaci\u00f3n para degradar contaminantes qu\u00edmicos provenientes de efluentes industriales -\" \/>\n<meta property=\"og:description\" content=\"Propiedad Intelectual &#8211; Patentes Concedidas: Estados Unidos: US10883150 Alemania: EP3406739 Espa\u00f1a: ES2886430 Francia: EP3406739 Reino Unido: EP3406739 Chile: CL201801976 Tecnolog\u00eda desarrollada La tecnolog\u00eda consiste en un m\u00e9todo de biorremediaci\u00f3n, que utiliza una cepa de Pseudomona aeruginosa, aislada en la regi\u00f3n del Biob\u00edo, que sirve para el tratamiento de aguas residuales, cumpliendo con est\u00e1ndares de descarga. [&hellip;]\" \/>\n<meta property=\"og:url\" content=\"https:\/\/dinn.ucsc.cl\/index.php\/metodo-de-biorremediacion-para-degradar-contaminantes-quimicos-provenientes-de-efluentes-industriales\/\" \/>\n<meta property=\"article:publisher\" content=\"https:\/\/m.facebook.com\/DINNUCSC\" \/>\n<meta property=\"article:modified_time\" content=\"2023-07-10T01:43:21+00:00\" \/>\n<meta property=\"og:image\" content=\"https:\/\/sitios.ucsc.cl\/ott\/wp-content\/uploads\/sites\/15\/2022\/09\/OTT_Tec_3_2022.png\" \/>\n<meta name=\"twitter:card\" content=\"summary\" \/>\n<meta name=\"twitter:site\" content=\"@dinn_ucsc\" \/>\n<meta name=\"twitter:label1\" content=\"Tiempo de lectura\" \/>\n\t<meta name=\"twitter:data1\" content=\"2 minutos\" \/>\n<script type=\"application\/ld+json\" class=\"yoast-schema-graph\">{\"@context\":\"https:\/\/schema.org\",\"@graph\":[{\"@type\":\"WebSite\",\"@id\":\"https:\/\/dinn.ucsc.cl\/#website\",\"url\":\"https:\/\/dinn.ucsc.cl\/\",\"name\":\"Direcci\u00f3n de Innovaci\u00f3n UCSC\",\"description\":\"Direcci\u00f3n de Innovaci\u00f3n\",\"potentialAction\":[{\"@type\":\"SearchAction\",\"target\":{\"@type\":\"EntryPoint\",\"urlTemplate\":\"https:\/\/dinn.ucsc.cl\/?s={search_term_string}\"},\"query-input\":\"required name=search_term_string\"}],\"inLanguage\":\"es\"},{\"@type\":\"ImageObject\",\"inLanguage\":\"es\",\"@id\":\"https:\/\/dinn.ucsc.cl\/index.php\/metodo-de-biorremediacion-para-degradar-contaminantes-quimicos-provenientes-de-efluentes-industriales\/#primaryimage\",\"url\":\"https:\/\/sitios.ucsc.cl\/ott\/wp-content\/uploads\/sites\/15\/2022\/09\/OTT_Tec_3_2022.png\",\"contentUrl\":\"https:\/\/sitios.ucsc.cl\/ott\/wp-content\/uploads\/sites\/15\/2022\/09\/OTT_Tec_3_2022.png\"},{\"@type\":\"WebPage\",\"@id\":\"https:\/\/dinn.ucsc.cl\/index.php\/metodo-de-biorremediacion-para-degradar-contaminantes-quimicos-provenientes-de-efluentes-industriales\/#webpage\",\"url\":\"https:\/\/dinn.ucsc.cl\/index.php\/metodo-de-biorremediacion-para-degradar-contaminantes-quimicos-provenientes-de-efluentes-industriales\/\",\"name\":\"M\u00e9todo de biorremediaci\u00f3n para degradar contaminantes qu\u00edmicos provenientes de efluentes industriales -\",\"isPartOf\":{\"@id\":\"https:\/\/dinn.ucsc.cl\/#website\"},\"primaryImageOfPage\":{\"@id\":\"https:\/\/dinn.ucsc.cl\/index.php\/metodo-de-biorremediacion-para-degradar-contaminantes-quimicos-provenientes-de-efluentes-industriales\/#primaryimage\"},\"datePublished\":\"2022-11-23T20:22:58+00:00\",\"dateModified\":\"2023-07-10T01:43:21+00:00\",\"breadcrumb\":{\"@id\":\"https:\/\/dinn.ucsc.cl\/index.php\/metodo-de-biorremediacion-para-degradar-contaminantes-quimicos-provenientes-de-efluentes-industriales\/#breadcrumb\"},\"inLanguage\":\"es\",\"potentialAction\":[{\"@type\":\"ReadAction\",\"target\":[\"https:\/\/dinn.ucsc.cl\/index.php\/metodo-de-biorremediacion-para-degradar-contaminantes-quimicos-provenientes-de-efluentes-industriales\/\"]}]},{\"@type\":\"BreadcrumbList\",\"@id\":\"https:\/\/dinn.ucsc.cl\/index.php\/metodo-de-biorremediacion-para-degradar-contaminantes-quimicos-provenientes-de-efluentes-industriales\/#breadcrumb\",\"itemListElement\":[{\"@type\":\"ListItem\",\"position\":1,\"name\":\"Inicio\",\"item\":\"https:\/\/dinn.ucsc.cl\/\"},{\"@type\":\"ListItem\",\"position\":2,\"name\":\"M\u00e9todo de biorremediaci\u00f3n para degradar contaminantes qu\u00edmicos provenientes de efluentes industriales\"}]}]}<\/script>\n<!-- \/ Yoast SEO plugin. -->","yoast_head_json":{"title":"M\u00e9todo de biorremediaci\u00f3n para degradar contaminantes qu\u00edmicos provenientes de efluentes industriales -","robots":{"index":"index","follow":"follow","max-snippet":"max-snippet:-1","max-image-preview":"max-image-preview:large","max-video-preview":"max-video-preview:-1"},"canonical":"https:\/\/dinn.ucsc.cl\/index.php\/metodo-de-biorremediacion-para-degradar-contaminantes-quimicos-provenientes-de-efluentes-industriales\/","og_locale":"es_ES","og_type":"article","og_title":"M\u00e9todo de biorremediaci\u00f3n para degradar contaminantes qu\u00edmicos provenientes de efluentes industriales -","og_description":"Propiedad Intelectual &#8211; Patentes Concedidas: Estados Unidos: US10883150 Alemania: EP3406739 Espa\u00f1a: ES2886430 Francia: EP3406739 Reino Unido: EP3406739 Chile: CL201801976 Tecnolog\u00eda desarrollada La tecnolog\u00eda consiste en un m\u00e9todo de biorremediaci\u00f3n, que utiliza una cepa de Pseudomona aeruginosa, aislada en la regi\u00f3n del Biob\u00edo, que sirve para el tratamiento de aguas residuales, cumpliendo con est\u00e1ndares de descarga. [&hellip;]","og_url":"https:\/\/dinn.ucsc.cl\/index.php\/metodo-de-biorremediacion-para-degradar-contaminantes-quimicos-provenientes-de-efluentes-industriales\/","article_publisher":"https:\/\/m.facebook.com\/DINNUCSC","article_modified_time":"2023-07-10T01:43:21+00:00","og_image":[{"url":"https:\/\/sitios.ucsc.cl\/ott\/wp-content\/uploads\/sites\/15\/2022\/09\/OTT_Tec_3_2022.png"}],"twitter_card":"summary","twitter_site":"@dinn_ucsc","twitter_misc":{"Tiempo de lectura":"2 minutos"},"schema":{"@context":"https:\/\/schema.org","@graph":[{"@type":"WebSite","@id":"https:\/\/dinn.ucsc.cl\/#website","url":"https:\/\/dinn.ucsc.cl\/","name":"Direcci\u00f3n de Innovaci\u00f3n UCSC","description":"Direcci\u00f3n de Innovaci\u00f3n","potentialAction":[{"@type":"SearchAction","target":{"@type":"EntryPoint","urlTemplate":"https:\/\/dinn.ucsc.cl\/?s={search_term_string}"},"query-input":"required name=search_term_string"}],"inLanguage":"es"},{"@type":"ImageObject","inLanguage":"es","@id":"https:\/\/dinn.ucsc.cl\/index.php\/metodo-de-biorremediacion-para-degradar-contaminantes-quimicos-provenientes-de-efluentes-industriales\/#primaryimage","url":"https:\/\/sitios.ucsc.cl\/ott\/wp-content\/uploads\/sites\/15\/2022\/09\/OTT_Tec_3_2022.png","contentUrl":"https:\/\/sitios.ucsc.cl\/ott\/wp-content\/uploads\/sites\/15\/2022\/09\/OTT_Tec_3_2022.png"},{"@type":"WebPage","@id":"https:\/\/dinn.ucsc.cl\/index.php\/metodo-de-biorremediacion-para-degradar-contaminantes-quimicos-provenientes-de-efluentes-industriales\/#webpage","url":"https:\/\/dinn.ucsc.cl\/index.php\/metodo-de-biorremediacion-para-degradar-contaminantes-quimicos-provenientes-de-efluentes-industriales\/","name":"M\u00e9todo de biorremediaci\u00f3n para degradar contaminantes qu\u00edmicos provenientes de efluentes industriales -","isPartOf":{"@id":"https:\/\/dinn.ucsc.cl\/#website"},"primaryImageOfPage":{"@id":"https:\/\/dinn.ucsc.cl\/index.php\/metodo-de-biorremediacion-para-degradar-contaminantes-quimicos-provenientes-de-efluentes-industriales\/#primaryimage"},"datePublished":"2022-11-23T20:22:58+00:00","dateModified":"2023-07-10T01:43:21+00:00","breadcrumb":{"@id":"https:\/\/dinn.ucsc.cl\/index.php\/metodo-de-biorremediacion-para-degradar-contaminantes-quimicos-provenientes-de-efluentes-industriales\/#breadcrumb"},"inLanguage":"es","potentialAction":[{"@type":"ReadAction","target":["https:\/\/dinn.ucsc.cl\/index.php\/metodo-de-biorremediacion-para-degradar-contaminantes-quimicos-provenientes-de-efluentes-industriales\/"]}]},{"@type":"BreadcrumbList","@id":"https:\/\/dinn.ucsc.cl\/index.php\/metodo-de-biorremediacion-para-degradar-contaminantes-quimicos-provenientes-de-efluentes-industriales\/#breadcrumb","itemListElement":[{"@type":"ListItem","position":1,"name":"Inicio","item":"https:\/\/dinn.ucsc.cl\/"},{"@type":"ListItem","position":2,"name":"M\u00e9todo de biorremediaci\u00f3n para degradar contaminantes qu\u00edmicos provenientes de efluentes industriales"}]}]}},"_links":{"self":[{"href":"https:\/\/dinn.ucsc.cl\/index.php\/wp-json\/wp\/v2\/pages\/4091"}],"collection":[{"href":"https:\/\/dinn.ucsc.cl\/index.php\/wp-json\/wp\/v2\/pages"}],"about":[{"href":"https:\/\/dinn.ucsc.cl\/index.php\/wp-json\/wp\/v2\/types\/page"}],"author":[{"embeddable":true,"href":"https:\/\/dinn.ucsc.cl\/index.php\/wp-json\/wp\/v2\/users\/84"}],"replies":[{"embeddable":true,"href":"https:\/\/dinn.ucsc.cl\/index.php\/wp-json\/wp\/v2\/comments?post=4091"}],"version-history":[{"count":16,"href":"https:\/\/dinn.ucsc.cl\/index.php\/wp-json\/wp\/v2\/pages\/4091\/revisions"}],"predecessor-version":[{"id":4347,"href":"https:\/\/dinn.ucsc.cl\/index.php\/wp-json\/wp\/v2\/pages\/4091\/revisions\/4347"}],"wp:attachment":[{"href":"https:\/\/dinn.ucsc.cl\/index.php\/wp-json\/wp\/v2\/media?parent=4091"}],"curies":[{"name":"wp","href":"https:\/\/api.w.org\/{rel}","templated":true}]}}