{"id":4094,"date":"2022-11-23T17:26:55","date_gmt":"2022-11-23T20:26:55","guid":{"rendered":"https:\/\/dinn.ucsc.cl\/?page_id=4094"},"modified":"2023-08-02T10:44:06","modified_gmt":"2023-08-02T14:44:06","slug":"aislador-sismico-cinematico","status":"publish","type":"page","link":"https:\/\/dinn.ucsc.cl\/index.php\/aislador-sismico-cinematico\/","title":{"rendered":"Aislador Si\u0301smico Cinem\u00e1tico"},"content":{"rendered":"<table class=\" alignleft\" style=\"width: 750px\">\n<tbody>\n<tr>\n<td style=\"width: 35.9667px\" colspan=\"4\">\n<h3><img loading=\"lazy\" class=\"wp-image-3105 aligncenter\" src=\"https:\/\/sitios.ucsc.cl\/ott\/wp-content\/uploads\/sites\/15\/2022\/09\/OTT_Tec_1_2022.png\" alt=\"\" width=\"786\" height=\"161\" \/><\/h3>\n<\/td>\n<\/tr>\n<tr>\n<td style=\"width: 35.9667px\"><\/td>\n<td style=\"width: 51.95px\"><\/td>\n<td style=\"width: 611.467px;text-align: justify\"><strong>Propiedad Intelectual &#8211; Patente Concedida:<\/strong><\/p>\n<p>Estados Unidos: US11421435<\/p>\n<p><strong>Propiedad Intelectual \u2013 Patente en Fase Nacional:<\/strong><br \/>\nChile: CL2021001539<\/td>\n<td style=\"width: 49.95px\">\n<h3><\/h3>\n<\/td>\n<\/tr>\n<tr>\n<td style=\"width: 35.9667px\"><\/td>\n<td style=\"width: 51.95px\"><img loading=\"lazy\" class=\"aligncenter size-full wp-image-2827\" src=\"https:\/\/sitios.ucsc.cl\/ott\/wp-content\/uploads\/sites\/15\/2022\/07\/OTT_TEC_1.png\" alt=\"\" width=\"50\" height=\"50\" \/><\/td>\n<td style=\"width: 611.467px;text-align: justify\">\n<h3>Tecnolog\u00eda desarrollada<\/h3>\n<\/td>\n<td style=\"width: 49.95px\">\n<h3><\/h3>\n<\/td>\n<\/tr>\n<tr>\n<td style=\"width: 35.9667px\"><\/td>\n<td style=\"width: 51.95px\"><\/td>\n<td style=\"width: 611.467px;text-align: justify\">La tecnolog\u00eda consiste en un dispositivo que a\u00edsla a las edificaciones de los movimientos provocados por los sismos, reduci\u00e9ndolos hasta en un 90% y no pierde estabilidad debido al peso del edificio conforme \u00e9ste va ganando altura. Esto permite que pueda ser utilizado en edificios de altura hasta 6 veces superior a su base (6:1), sin tener el riesgo de poder llegar a volcarse.<\/td>\n<td style=\"width: 49.95px\">\n<h3><\/h3>\n<\/td>\n<\/tr>\n<tr>\n<td style=\"width: 35.9667px\"><\/td>\n<td style=\"width: 51.95px\"><img loading=\"lazy\" class=\"aligncenter size-full wp-image-2828\" src=\"https:\/\/sitios.ucsc.cl\/ott\/wp-content\/uploads\/sites\/15\/2022\/07\/OTT_TEC_2.png\" alt=\"\" width=\"50\" height=\"50\" \/><\/td>\n<td style=\"width: 611.467px;text-align: justify\">\n<h3>Beneficios \/ Ventajas<\/h3>\n<\/td>\n<td style=\"width: 49.95px\"><\/td>\n<\/tr>\n<tr>\n<td style=\"width: 35.9667px\"><\/td>\n<td style=\"width: 51.95px\"><\/td>\n<td style=\"width: 611.467px;text-align: justify\">\u2022 Reduce hasta un 90% (10 a 1) la sensaci\u00f3n del sismo de los ocupantes de un edificio, lo que aumentar\u00eda la sensaci\u00f3n de seguridad de los ocupantes.<br \/>\n\u2022 Facilidad de uso, utiliza la misma forma de anclaje que la utilizada en la actualidad con otros dispositivos aisladores s\u00edsmicos, no siendo necesario un anclaje especial.<br \/>\n\u2022 Posibilita aislar s\u00edsmicamente edificios de esbeltez 6:1 o superior, sin el riesgo de que el aislador pueda inducir su volcamiento.<br \/>\n\u2022 Protege a los ocupantes, estructura y contenido de los edificios de los efectos del sismo.<br \/>\n\u2022 Aumenta el valor agregado de los edificios por concepto de seguridad.<br \/>\n\u2022 Creaci\u00f3n de una imagen de \u201cconstrucciones seguras\u201d para la empresa constructora o inmobiliaria lo que aportar\u00eda valor a la marca comercial de este tipo de empresas.<\/td>\n<td style=\"width: 49.95px\"><\/td>\n<\/tr>\n<tr>\n<td style=\"width: 35.9667px\"><\/td>\n<td style=\"width: 51.95px\"><img loading=\"lazy\" class=\"aligncenter size-full wp-image-2829\" src=\"https:\/\/sitios.ucsc.cl\/ott\/wp-content\/uploads\/sites\/15\/2022\/07\/OTT_TEC_3.png\" alt=\"\" width=\"50\" height=\"50\" \/><\/td>\n<td style=\"width: 611.467px;text-align: justify\">\n<h3>Usos \/ Aplicaciones<\/h3>\n<\/td>\n<td style=\"width: 49.95px\"><\/td>\n<\/tr>\n<tr>\n<td style=\"width: 35.9667px\"><\/td>\n<td style=\"width: 51.95px\"><\/td>\n<td style=\"width: 611.467px;text-align: justify\">Consiste en un dispositivo aislador s\u00edsmico que se instala entre las fundaciones y la estructura del edificio, protegiendo de esta manera a los ocupantes, estructura y contenido de la edificaci\u00f3n. El dispositivo puede ser utilizado en la industria de la construcci\u00f3n, inmobiliaria o empresas con grandes edificaciones.<\/td>\n<td style=\"width: 49.95px\"><\/td>\n<\/tr>\n<tr>\n<td style=\"width: 35.9667px\"><\/td>\n<td style=\"width: 51.95px\"><img loading=\"lazy\" class=\"aligncenter size-full wp-image-2830\" src=\"https:\/\/sitios.ucsc.cl\/ott\/wp-content\/uploads\/sites\/15\/2022\/07\/OTT_TEC_4.png\" alt=\"\" width=\"50\" height=\"50\" \/><\/td>\n<td style=\"width: 611.467px;text-align: justify\">\n<h3>Oferta tecnol\u00f3gica<\/h3>\n<\/td>\n<td style=\"width: 49.95px\"><\/td>\n<\/tr>\n<tr>\n<td style=\"width: 35.9667px\"><\/td>\n<td style=\"width: 51.95px\"><\/td>\n<td style=\"width: 611.467px;text-align: justify\">La tecnolog\u00eda est\u00e1 disponible para licenciamiento.<\/td>\n<td style=\"width: 49.95px\"><\/td>\n<\/tr>\n<tr>\n<td style=\"width: 35.9667px\"><\/td>\n<td style=\"width: 51.95px\"><img loading=\"lazy\" class=\"aligncenter size-full wp-image-2831\" src=\"https:\/\/sitios.ucsc.cl\/ott\/wp-content\/uploads\/sites\/15\/2022\/07\/OTT_TEC_5.png\" alt=\"\" width=\"50\" height=\"50\" \/><\/td>\n<td style=\"width: 611.467px;text-align: justify\">\n<h3>Estado de desarrollo<\/h3>\n<\/td>\n<td style=\"width: 49.95px\"><\/td>\n<\/tr>\n<tr>\n<td style=\"width: 35.9667px\"><\/td>\n<td style=\"width: 51.95px\"><\/td>\n<td style=\"width: 611.467px;text-align: justify\">TRL 5, ya que se cuenta con pruebas a nivel experimental y validaci\u00f3n del sistema integrado en una estructura de rack de almacenamiento industrial, en entorno de laboratorio y con sismo simulado.<\/td>\n<td style=\"width: 49.95px\"><\/td>\n<\/tr>\n<tr>\n<td style=\"width: 35.9667px\"><\/td>\n<td style=\"width: 51.95px\"><img loading=\"lazy\" class=\"aligncenter size-full wp-image-2832\" src=\"https:\/\/sitios.ucsc.cl\/ott\/wp-content\/uploads\/sites\/15\/2022\/07\/OTT_TEC_6.png\" alt=\"\" width=\"50\" height=\"50\" \/><\/td>\n<td style=\"width: 611.467px;text-align: justify\">\n<h3>Investigador principal<\/h3>\n<\/td>\n<td style=\"width: 49.95px\"><\/td>\n<\/tr>\n<tr>\n<td style=\"width: 35.9667px\"><\/td>\n<td style=\"width: 51.95px\"><\/td>\n<td style=\"width: 611.467px;text-align: justify\"><a href=\"https:\/\/ingenieria.ucsc.cl\/persona\/nelson-maureira-carsalade\/\">Dr. Nelson Maureira<\/a>, Facultad de Ingenier\u00eda.<\/p>\n<p>&nbsp;<\/td>\n<td style=\"width: 49.95px\"><\/td>\n<\/tr>\n<tr>\n<td style=\"width: 35.9667px\"><\/td>\n<td colspan=\"2\"><iframe loading=\"lazy\" title=\"Aislador Si\u0301smico Cinem\u00e1tico\" width=\"500\" height=\"281\" src=\"https:\/\/www.youtube.com\/embed\/jzwiBCGkknI?feature=oembed\" frameborder=\"0\" allow=\"accelerometer; autoplay; clipboard-write; encrypted-media; gyroscope; picture-in-picture; web-share\" allowfullscreen><\/iframe><\/p>\n<p>&nbsp;<\/p>\n<p><a href=\"https:\/\/dinn.ucsc.cl\/wp-content\/uploads\/sites\/14\/2023\/07\/OTT_Tec_1.pdf\"><img loading=\"lazy\" class=\"aligncenter wp-image-2220 size-medium\" src=\"https:\/\/sitios.ucsc.cl\/ott\/wp-content\/uploads\/sites\/15\/2022\/06\/Bot\u00f3n-descarga-300x61.png\" alt=\"\" width=\"300\" height=\"61\" \/><\/a><\/td>\n<td style=\"width: 49.95px\"><\/td>\n<\/tr>\n<tr>\n<td style=\"width: 35.9667px\" colspan=\"4\">\n<h3><img loading=\"lazy\" class=\"aligncenter wp-image-3029\" src=\"https:\/\/sitios.ucsc.cl\/ott\/wp-content\/uploads\/sites\/15\/2022\/08\/Banner-1.png\" alt=\"\" width=\"758\" height=\"86\" \/><\/h3>\n<\/td>\n<\/tr>\n<\/tbody>\n<\/table>\n","protected":false},"excerpt":{"rendered":"<p>Propiedad Intelectual &#8211; Patente Concedida: Estados Unidos: US11421435 Propiedad Intelectual \u2013 Patente en Fase Nacional: Chile: CL2021001539 Tecnolog\u00eda desarrollada La tecnolog\u00eda consiste en un dispositivo que a\u00edsla a las edificaciones de los movimientos provocados por los sismos, reduci\u00e9ndolos hasta en un 90% y no pierde estabilidad debido al peso del edificio conforme \u00e9ste va ganando [&hellip;]<\/p>\n","protected":false},"author":84,"featured_media":0,"parent":0,"menu_order":0,"comment_status":"closed","ping_status":"closed","template":"","meta":[],"yoast_head":"<!-- This site is optimized with the Yoast SEO plugin v18.9 - https:\/\/yoast.com\/wordpress\/plugins\/seo\/ -->\n<title>Aislador Si\u0301smico Cinem\u00e1tico -<\/title>\n<meta name=\"robots\" content=\"index, follow, max-snippet:-1, max-image-preview:large, max-video-preview:-1\" \/>\n<link rel=\"canonical\" href=\"https:\/\/dinn.ucsc.cl\/index.php\/aislador-sismico-cinematico\/\" \/>\n<meta property=\"og:locale\" content=\"es_ES\" \/>\n<meta property=\"og:type\" content=\"article\" \/>\n<meta property=\"og:title\" content=\"Aislador Si\u0301smico Cinem\u00e1tico -\" \/>\n<meta property=\"og:description\" content=\"Propiedad Intelectual &#8211; Patente Concedida: Estados Unidos: US11421435 Propiedad Intelectual \u2013 Patente en Fase Nacional: Chile: CL2021001539 Tecnolog\u00eda desarrollada La tecnolog\u00eda consiste en un dispositivo que a\u00edsla a las edificaciones de los movimientos provocados por los sismos, reduci\u00e9ndolos hasta en un 90% y no pierde estabilidad debido al peso del edificio conforme \u00e9ste va ganando [&hellip;]\" \/>\n<meta property=\"og:url\" content=\"https:\/\/dinn.ucsc.cl\/index.php\/aislador-sismico-cinematico\/\" \/>\n<meta property=\"article:publisher\" content=\"https:\/\/m.facebook.com\/DINNUCSC\" \/>\n<meta property=\"article:modified_time\" content=\"2023-08-02T14:44:06+00:00\" \/>\n<meta property=\"og:image\" content=\"https:\/\/sitios.ucsc.cl\/ott\/wp-content\/uploads\/sites\/15\/2022\/09\/OTT_Tec_1_2022.png\" \/>\n<meta name=\"twitter:card\" content=\"summary\" \/>\n<meta name=\"twitter:site\" content=\"@dinn_ucsc\" \/>\n<meta name=\"twitter:label1\" content=\"Tiempo de lectura\" \/>\n\t<meta name=\"twitter:data1\" content=\"2 minutos\" \/>\n<script type=\"application\/ld+json\" class=\"yoast-schema-graph\">{\"@context\":\"https:\/\/schema.org\",\"@graph\":[{\"@type\":\"WebSite\",\"@id\":\"https:\/\/dinn.ucsc.cl\/#website\",\"url\":\"https:\/\/dinn.ucsc.cl\/\",\"name\":\"Direcci\u00f3n de Innovaci\u00f3n UCSC\",\"description\":\"Direcci\u00f3n de Innovaci\u00f3n\",\"potentialAction\":[{\"@type\":\"SearchAction\",\"target\":{\"@type\":\"EntryPoint\",\"urlTemplate\":\"https:\/\/dinn.ucsc.cl\/?s={search_term_string}\"},\"query-input\":\"required name=search_term_string\"}],\"inLanguage\":\"es\"},{\"@type\":\"ImageObject\",\"inLanguage\":\"es\",\"@id\":\"https:\/\/dinn.ucsc.cl\/index.php\/aislador-sismico-cinematico\/#primaryimage\",\"url\":\"https:\/\/sitios.ucsc.cl\/ott\/wp-content\/uploads\/sites\/15\/2022\/09\/OTT_Tec_1_2022.png\",\"contentUrl\":\"https:\/\/sitios.ucsc.cl\/ott\/wp-content\/uploads\/sites\/15\/2022\/09\/OTT_Tec_1_2022.png\"},{\"@type\":\"WebPage\",\"@id\":\"https:\/\/dinn.ucsc.cl\/index.php\/aislador-sismico-cinematico\/#webpage\",\"url\":\"https:\/\/dinn.ucsc.cl\/index.php\/aislador-sismico-cinematico\/\",\"name\":\"Aislador Si\u0301smico Cinem\u00e1tico -\",\"isPartOf\":{\"@id\":\"https:\/\/dinn.ucsc.cl\/#website\"},\"primaryImageOfPage\":{\"@id\":\"https:\/\/dinn.ucsc.cl\/index.php\/aislador-sismico-cinematico\/#primaryimage\"},\"datePublished\":\"2022-11-23T20:26:55+00:00\",\"dateModified\":\"2023-08-02T14:44:06+00:00\",\"breadcrumb\":{\"@id\":\"https:\/\/dinn.ucsc.cl\/index.php\/aislador-sismico-cinematico\/#breadcrumb\"},\"inLanguage\":\"es\",\"potentialAction\":[{\"@type\":\"ReadAction\",\"target\":[\"https:\/\/dinn.ucsc.cl\/index.php\/aislador-sismico-cinematico\/\"]}]},{\"@type\":\"BreadcrumbList\",\"@id\":\"https:\/\/dinn.ucsc.cl\/index.php\/aislador-sismico-cinematico\/#breadcrumb\",\"itemListElement\":[{\"@type\":\"ListItem\",\"position\":1,\"name\":\"Inicio\",\"item\":\"https:\/\/dinn.ucsc.cl\/\"},{\"@type\":\"ListItem\",\"position\":2,\"name\":\"Aislador Si\u0301smico Cinem\u00e1tico\"}]}]}<\/script>\n<!-- \/ Yoast SEO plugin. -->","yoast_head_json":{"title":"Aislador Si\u0301smico Cinem\u00e1tico -","robots":{"index":"index","follow":"follow","max-snippet":"max-snippet:-1","max-image-preview":"max-image-preview:large","max-video-preview":"max-video-preview:-1"},"canonical":"https:\/\/dinn.ucsc.cl\/index.php\/aislador-sismico-cinematico\/","og_locale":"es_ES","og_type":"article","og_title":"Aislador Si\u0301smico Cinem\u00e1tico -","og_description":"Propiedad Intelectual &#8211; Patente Concedida: Estados Unidos: US11421435 Propiedad Intelectual \u2013 Patente en Fase Nacional: Chile: CL2021001539 Tecnolog\u00eda desarrollada La tecnolog\u00eda consiste en un dispositivo que a\u00edsla a las edificaciones de los movimientos provocados por los sismos, reduci\u00e9ndolos hasta en un 90% y no pierde estabilidad debido al peso del edificio conforme \u00e9ste va ganando [&hellip;]","og_url":"https:\/\/dinn.ucsc.cl\/index.php\/aislador-sismico-cinematico\/","article_publisher":"https:\/\/m.facebook.com\/DINNUCSC","article_modified_time":"2023-08-02T14:44:06+00:00","og_image":[{"url":"https:\/\/sitios.ucsc.cl\/ott\/wp-content\/uploads\/sites\/15\/2022\/09\/OTT_Tec_1_2022.png"}],"twitter_card":"summary","twitter_site":"@dinn_ucsc","twitter_misc":{"Tiempo de lectura":"2 minutos"},"schema":{"@context":"https:\/\/schema.org","@graph":[{"@type":"WebSite","@id":"https:\/\/dinn.ucsc.cl\/#website","url":"https:\/\/dinn.ucsc.cl\/","name":"Direcci\u00f3n de Innovaci\u00f3n UCSC","description":"Direcci\u00f3n de Innovaci\u00f3n","potentialAction":[{"@type":"SearchAction","target":{"@type":"EntryPoint","urlTemplate":"https:\/\/dinn.ucsc.cl\/?s={search_term_string}"},"query-input":"required name=search_term_string"}],"inLanguage":"es"},{"@type":"ImageObject","inLanguage":"es","@id":"https:\/\/dinn.ucsc.cl\/index.php\/aislador-sismico-cinematico\/#primaryimage","url":"https:\/\/sitios.ucsc.cl\/ott\/wp-content\/uploads\/sites\/15\/2022\/09\/OTT_Tec_1_2022.png","contentUrl":"https:\/\/sitios.ucsc.cl\/ott\/wp-content\/uploads\/sites\/15\/2022\/09\/OTT_Tec_1_2022.png"},{"@type":"WebPage","@id":"https:\/\/dinn.ucsc.cl\/index.php\/aislador-sismico-cinematico\/#webpage","url":"https:\/\/dinn.ucsc.cl\/index.php\/aislador-sismico-cinematico\/","name":"Aislador Si\u0301smico Cinem\u00e1tico -","isPartOf":{"@id":"https:\/\/dinn.ucsc.cl\/#website"},"primaryImageOfPage":{"@id":"https:\/\/dinn.ucsc.cl\/index.php\/aislador-sismico-cinematico\/#primaryimage"},"datePublished":"2022-11-23T20:26:55+00:00","dateModified":"2023-08-02T14:44:06+00:00","breadcrumb":{"@id":"https:\/\/dinn.ucsc.cl\/index.php\/aislador-sismico-cinematico\/#breadcrumb"},"inLanguage":"es","potentialAction":[{"@type":"ReadAction","target":["https:\/\/dinn.ucsc.cl\/index.php\/aislador-sismico-cinematico\/"]}]},{"@type":"BreadcrumbList","@id":"https:\/\/dinn.ucsc.cl\/index.php\/aislador-sismico-cinematico\/#breadcrumb","itemListElement":[{"@type":"ListItem","position":1,"name":"Inicio","item":"https:\/\/dinn.ucsc.cl\/"},{"@type":"ListItem","position":2,"name":"Aislador Si\u0301smico Cinem\u00e1tico"}]}]}},"_links":{"self":[{"href":"https:\/\/dinn.ucsc.cl\/index.php\/wp-json\/wp\/v2\/pages\/4094"}],"collection":[{"href":"https:\/\/dinn.ucsc.cl\/index.php\/wp-json\/wp\/v2\/pages"}],"about":[{"href":"https:\/\/dinn.ucsc.cl\/index.php\/wp-json\/wp\/v2\/types\/page"}],"author":[{"embeddable":true,"href":"https:\/\/dinn.ucsc.cl\/index.php\/wp-json\/wp\/v2\/users\/84"}],"replies":[{"embeddable":true,"href":"https:\/\/dinn.ucsc.cl\/index.php\/wp-json\/wp\/v2\/comments?post=4094"}],"version-history":[{"count":17,"href":"https:\/\/dinn.ucsc.cl\/index.php\/wp-json\/wp\/v2\/pages\/4094\/revisions"}],"predecessor-version":[{"id":5194,"href":"https:\/\/dinn.ucsc.cl\/index.php\/wp-json\/wp\/v2\/pages\/4094\/revisions\/5194"}],"wp:attachment":[{"href":"https:\/\/dinn.ucsc.cl\/index.php\/wp-json\/wp\/v2\/media?parent=4094"}],"curies":[{"name":"wp","href":"https:\/\/api.w.org\/{rel}","templated":true}]}}