{"id":4096,"date":"2022-11-23T17:27:30","date_gmt":"2022-11-23T20:27:30","guid":{"rendered":"https:\/\/dinn.ucsc.cl\/?page_id=4096"},"modified":"2023-07-09T22:26:13","modified_gmt":"2023-07-10T02:26:13","slug":"dispositivo-de-escritura-inclusivo","status":"publish","type":"page","link":"https:\/\/dinn.ucsc.cl\/index.php\/dispositivo-de-escritura-inclusivo\/","title":{"rendered":"Dispositivo de Escritura Inclusivo"},"content":{"rendered":"<table class=\" alignleft\" style=\"font-size: 1rem;width: 738px;height: 1426px\">\n<tbody>\n<tr style=\"height: 154px\">\n<td style=\"width: 737.2px;height: 154px\" colspan=\"4\">\n<h3><img loading=\"lazy\" class=\"wp-image-3110 aligncenter\" src=\"https:\/\/sitios.ucsc.cl\/ott\/wp-content\/uploads\/sites\/15\/2022\/09\/OTT_Tec_2_2022.png\" alt=\"\" width=\"737\" height=\"151\" \/><\/h3>\n<\/td>\n<\/tr>\n<tr style=\"height: 76px\">\n<td style=\"width: 23px;height: 76px\"><\/td>\n<td style=\"width: 55.0125px;height: 76px\"><\/td>\n<td style=\"width: 611.162px;height: 76px\">\n<p style=\"text-align: justify\"><strong>Propiedad Intelectual &#8211; Patentes Concedidas: <\/strong><\/p>\n<p style=\"text-align: justify\">Estados Unidos: US10902744<br \/>\nChile: CL2018001965<\/p>\n<\/td>\n<td style=\"width: 48.025px;text-align: justify;height: 76px\">\n<h3><\/h3>\n<\/td>\n<\/tr>\n<tr style=\"height: 51px;text-align: justify\">\n<td style=\"width: 23px;height: 51px\"><\/td>\n<td style=\"width: 55.0125px;height: 51px\"><img loading=\"lazy\" class=\"aligncenter size-full wp-image-2827\" src=\"https:\/\/sitios.ucsc.cl\/ott\/wp-content\/uploads\/sites\/15\/2022\/07\/OTT_TEC_1.png\" alt=\"\" width=\"50\" height=\"50\" \/><\/td>\n<td style=\"width: 611.162px;height: 51px\">\n<h3>Tecnolog\u00eda desarrollada<\/h3>\n<\/td>\n<td style=\"width: 48.025px;height: 51px\">\n<h3><\/h3>\n<\/td>\n<\/tr>\n<tr style=\"height: 130px;text-align: justify\">\n<td style=\"width: 23px;height: 130px\"><\/td>\n<td style=\"width: 55.0125px;height: 130px\"><\/td>\n<td style=\"width: 611.162px;height: 130px\">Dispositivo electr\u00f3nico, port\u00e1til e inal\u00e1mbrico, para escritura mediante el sistema braille y\/o c\u00f3digo morse, que permite tomar apuntes en tiempo real. El dispositivo registra la informaci\u00f3n de forma digital y reproduce la escritura Braille a trav\u00e9s de un sintetizador de voz. Adem\u00e1s, los datos almacenados pueden ser convertidos a escritura est\u00e1ndar y pueden ser transferidos a un computador o celular.<\/td>\n<td style=\"width: 48.025px;height: 130px\">\n<h3><\/h3>\n<\/td>\n<\/tr>\n<tr style=\"height: 51px;text-align: justify\">\n<td style=\"width: 23px;height: 51px\"><\/td>\n<td style=\"width: 55.0125px;height: 51px\"><img loading=\"lazy\" class=\"aligncenter size-full wp-image-2828\" src=\"https:\/\/sitios.ucsc.cl\/ott\/wp-content\/uploads\/sites\/15\/2022\/07\/OTT_TEC_2.png\" alt=\"\" width=\"50\" height=\"50\" \/><\/td>\n<td style=\"width: 611.162px;height: 51px\">\n<h3>Beneficios \/ Ventajas<\/h3>\n<\/td>\n<td style=\"width: 48.025px;height: 51px\"><\/td>\n<\/tr>\n<tr style=\"height: 233px;text-align: justify\">\n<td style=\"width: 23px;height: 233px\"><\/td>\n<td style=\"width: 55.0125px;height: 233px\"><\/td>\n<td style=\"width: 611.162px;height: 233px\">\u2022 Dispositivo aut\u00f3nomo, peque\u00f1o y portable que no requiere de accesorios complementarios para su funcionamiento.<br \/>\n\u2022 El dispositivo se adapta a las caracter\u00edsticas personales de escritura de cada usuario (ritmo, presi\u00f3n).<br \/>\n\u2022 No genera ruidos en su uso.<br \/>\n\u2022 Facilita el aprendizaje del sistema Braille y\/o Morse: Debido a la reproducci\u00f3n de texto a voz de forma simult\u00e1nea.<br \/>\n\u2022 Se utiliza con una sola mano.<br \/>\n\u2022 Es recargable e inal\u00e1mbrico.<\/td>\n<td style=\"width: 48.025px;height: 233px\"><\/td>\n<\/tr>\n<tr style=\"height: 51px;text-align: justify\">\n<td style=\"width: 23px;height: 51px\"><\/td>\n<td style=\"width: 55.0125px;height: 51px\"><img loading=\"lazy\" class=\"aligncenter size-full wp-image-2829\" src=\"https:\/\/sitios.ucsc.cl\/ott\/wp-content\/uploads\/sites\/15\/2022\/07\/OTT_TEC_3.png\" alt=\"\" width=\"50\" height=\"50\" \/><\/td>\n<td style=\"width: 611.162px;height: 51px\">\n<h3>Usos \/ Aplicaciones<\/h3>\n<\/td>\n<td style=\"width: 48.025px;height: 51px\"><\/td>\n<\/tr>\n<tr style=\"height: 130px;text-align: justify\">\n<td style=\"width: 23px;height: 130px\"><\/td>\n<td style=\"width: 55.0125px;height: 130px\"><\/td>\n<td style=\"width: 611.162px;height: 130px\">El dispositivo puede ser utilizado por ni\u00f1os, j\u00f3venes y adultos con discapacidad visual y\/o complejidad motora, y por su entorno cercano, permitiendo tomar apuntes en clases, reuniones, etc. Adem\u00e1s, puede ser utilizado como una herramienta pedag\u00f3gica, para ense\u00f1ar el sistema Braille y\/o Morse y por profesores ciegos como escritura en tiempo real en una pantalla proyectada.<\/td>\n<td style=\"width: 48.025px;height: 130px\"><\/td>\n<\/tr>\n<tr style=\"height: 51px;text-align: justify\">\n<td style=\"width: 23px;height: 51px\"><\/td>\n<td style=\"width: 55.0125px;height: 51px\"><img loading=\"lazy\" class=\"aligncenter size-full wp-image-2830\" src=\"https:\/\/sitios.ucsc.cl\/ott\/wp-content\/uploads\/sites\/15\/2022\/07\/OTT_TEC_4.png\" alt=\"\" width=\"50\" height=\"50\" \/><\/td>\n<td style=\"width: 611.162px;height: 51px\">\n<h3>Oferta tecnol\u00f3gica<\/h3>\n<\/td>\n<td style=\"width: 48.025px;height: 51px\"><\/td>\n<\/tr>\n<tr style=\"height: 28px;text-align: justify\">\n<td style=\"width: 23px;height: 28px\"><\/td>\n<td style=\"width: 55.0125px;height: 28px\"><\/td>\n<td style=\"width: 611.162px;height: 28px\">La tecnolog\u00eda est\u00e1 disponible para licenciamiento.<\/td>\n<td style=\"width: 48.025px;height: 28px\"><\/td>\n<\/tr>\n<tr style=\"height: 51px;text-align: justify\">\n<td style=\"width: 23px;height: 51px\"><\/td>\n<td style=\"width: 55.0125px;height: 51px\"><img loading=\"lazy\" class=\"aligncenter size-full wp-image-2831\" src=\"https:\/\/sitios.ucsc.cl\/ott\/wp-content\/uploads\/sites\/15\/2022\/07\/OTT_TEC_5.png\" alt=\"\" width=\"50\" height=\"50\" \/><\/td>\n<td style=\"width: 611.162px;height: 51px\">\n<h3>Estado de desarrollo<\/h3>\n<\/td>\n<td style=\"width: 48.025px;height: 51px\"><\/td>\n<\/tr>\n<tr style=\"height: 79px;text-align: justify\">\n<td style=\"width: 23px;height: 79px\"><\/td>\n<td style=\"width: 55.0125px;height: 79px\"><\/td>\n<td style=\"width: 611.162px;height: 79px\">TRL7, ya que el dispositivo se encuentra a nivel de prototipo testeado y validado con el usuario final. Actualmente se encuentra en proceso de perfeccionamiento en aspectos de dise\u00f1o y fabricaci\u00f3n.<\/td>\n<td style=\"width: 48.025px;height: 79px\"><\/td>\n<\/tr>\n<tr style=\"height: 51px;text-align: justify\">\n<td style=\"width: 23px;height: 51px\"><\/td>\n<td style=\"width: 55.0125px;height: 51px\"><img loading=\"lazy\" class=\"aligncenter size-full wp-image-2832\" src=\"https:\/\/sitios.ucsc.cl\/ott\/wp-content\/uploads\/sites\/15\/2022\/07\/OTT_TEC_6.png\" alt=\"\" width=\"50\" height=\"50\" \/><\/td>\n<td style=\"width: 611.162px;height: 51px\">\n<h3>Investigadores principales<\/h3>\n<\/td>\n<td style=\"width: 48.025px;height: 51px\"><\/td>\n<\/tr>\n<tr style=\"height: 50px\">\n<td style=\"width: 23px;height: 50px;text-align: justify\"><\/td>\n<td style=\"width: 55.0125px;height: 50px;text-align: justify\"><\/td>\n<td style=\"width: 611.162px;height: 50px\">\n<p style=\"text-align: justify\"><a href=\"https:\/\/ingenieria.ucsc.cl\/persona\/eduardo-arriagada-carrasco\/\">Dr. Eduardo Arriagada Carrasco<\/a>, Facultad de Ingenier\u00eda.<\/p>\n<\/td>\n<td style=\"width: 48.025px;height: 50px\"><\/td>\n<\/tr>\n<tr style=\"height: 153px\">\n<td style=\"width: 23px;height: 153px\"><\/td>\n<td style=\"width: 666.175px;height: 153px\" colspan=\"2\"><a href=\"https:\/\/dinn.ucsc.cl\/wp-content\/uploads\/sites\/14\/2023\/07\/OTT_Tec_2.pdf\"><img loading=\"lazy\" class=\"aligncenter wp-image-2220 size-medium\" src=\"https:\/\/sitios.ucsc.cl\/ott\/wp-content\/uploads\/sites\/15\/2022\/06\/Bot\u00f3n-descarga-300x61.png\" alt=\"\" width=\"300\" height=\"61\" \/><\/a><\/td>\n<td style=\"width: 48.025px;height: 153px\"><\/td>\n<\/tr>\n<tr style=\"height: 87px\">\n<td style=\"width: 737.2px;height: 87px\" colspan=\"4\"><img loading=\"lazy\" class=\"aligncenter wp-image-3029\" src=\"https:\/\/sitios.ucsc.cl\/ott\/wp-content\/uploads\/sites\/15\/2022\/08\/Banner-1.png\" alt=\"\" width=\"766\" height=\"87\" \/><\/td>\n<\/tr>\n<\/tbody>\n<\/table>\n<p>&nbsp;<\/p>\n<table width=\"950\">\n<tbody>\n<tr>\n<td><iframe loading=\"lazy\" title=\"Noteikin: Un l\u00e1piz para Personas Ciegas | Todo por la Ciencia\" width=\"500\" height=\"281\" src=\"https:\/\/www.youtube.com\/embed\/oy8s8mG-Unw?feature=oembed\" frameborder=\"0\" allow=\"accelerometer; autoplay; clipboard-write; encrypted-media; gyroscope; picture-in-picture; web-share\" allowfullscreen><\/iframe><\/td>\n<\/tr>\n<\/tbody>\n<\/table>\n","protected":false},"excerpt":{"rendered":"<p>Propiedad Intelectual &#8211; Patentes Concedidas: Estados Unidos: US10902744 Chile: CL2018001965 Tecnolog\u00eda desarrollada Dispositivo electr\u00f3nico, port\u00e1til e inal\u00e1mbrico, para escritura mediante el sistema braille y\/o c\u00f3digo morse, que permite tomar apuntes en tiempo real. El dispositivo registra la informaci\u00f3n de forma digital y reproduce la escritura Braille a trav\u00e9s de un sintetizador de voz. Adem\u00e1s, los [&hellip;]<\/p>\n","protected":false},"author":84,"featured_media":0,"parent":0,"menu_order":0,"comment_status":"closed","ping_status":"closed","template":"","meta":[],"yoast_head":"<!-- This site is optimized with the Yoast SEO plugin v18.9 - https:\/\/yoast.com\/wordpress\/plugins\/seo\/ -->\n<title>Dispositivo de Escritura Inclusivo -<\/title>\n<meta name=\"robots\" content=\"index, follow, max-snippet:-1, max-image-preview:large, max-video-preview:-1\" \/>\n<link rel=\"canonical\" href=\"https:\/\/dinn.ucsc.cl\/index.php\/dispositivo-de-escritura-inclusivo\/\" \/>\n<meta property=\"og:locale\" content=\"es_ES\" \/>\n<meta property=\"og:type\" content=\"article\" \/>\n<meta property=\"og:title\" content=\"Dispositivo de Escritura Inclusivo -\" \/>\n<meta property=\"og:description\" content=\"Propiedad Intelectual &#8211; Patentes Concedidas: Estados Unidos: US10902744 Chile: CL2018001965 Tecnolog\u00eda desarrollada Dispositivo electr\u00f3nico, port\u00e1til e inal\u00e1mbrico, para escritura mediante el sistema braille y\/o c\u00f3digo morse, que permite tomar apuntes en tiempo real. El dispositivo registra la informaci\u00f3n de forma digital y reproduce la escritura Braille a trav\u00e9s de un sintetizador de voz. Adem\u00e1s, los [&hellip;]\" \/>\n<meta property=\"og:url\" content=\"https:\/\/dinn.ucsc.cl\/index.php\/dispositivo-de-escritura-inclusivo\/\" \/>\n<meta property=\"article:publisher\" content=\"https:\/\/m.facebook.com\/DINNUCSC\" \/>\n<meta property=\"article:modified_time\" content=\"2023-07-10T02:26:13+00:00\" \/>\n<meta property=\"og:image\" content=\"https:\/\/sitios.ucsc.cl\/ott\/wp-content\/uploads\/sites\/15\/2022\/09\/OTT_Tec_2_2022.png\" \/>\n<meta name=\"twitter:card\" content=\"summary\" \/>\n<meta name=\"twitter:site\" content=\"@dinn_ucsc\" \/>\n<meta name=\"twitter:label1\" content=\"Tiempo de lectura\" \/>\n\t<meta name=\"twitter:data1\" content=\"1 minuto\" \/>\n<script type=\"application\/ld+json\" class=\"yoast-schema-graph\">{\"@context\":\"https:\/\/schema.org\",\"@graph\":[{\"@type\":\"WebSite\",\"@id\":\"https:\/\/dinn.ucsc.cl\/#website\",\"url\":\"https:\/\/dinn.ucsc.cl\/\",\"name\":\"Direcci\u00f3n de Innovaci\u00f3n UCSC\",\"description\":\"Direcci\u00f3n de Innovaci\u00f3n\",\"potentialAction\":[{\"@type\":\"SearchAction\",\"target\":{\"@type\":\"EntryPoint\",\"urlTemplate\":\"https:\/\/dinn.ucsc.cl\/?s={search_term_string}\"},\"query-input\":\"required name=search_term_string\"}],\"inLanguage\":\"es\"},{\"@type\":\"ImageObject\",\"inLanguage\":\"es\",\"@id\":\"https:\/\/dinn.ucsc.cl\/index.php\/dispositivo-de-escritura-inclusivo\/#primaryimage\",\"url\":\"https:\/\/sitios.ucsc.cl\/ott\/wp-content\/uploads\/sites\/15\/2022\/09\/OTT_Tec_2_2022.png\",\"contentUrl\":\"https:\/\/sitios.ucsc.cl\/ott\/wp-content\/uploads\/sites\/15\/2022\/09\/OTT_Tec_2_2022.png\"},{\"@type\":\"WebPage\",\"@id\":\"https:\/\/dinn.ucsc.cl\/index.php\/dispositivo-de-escritura-inclusivo\/#webpage\",\"url\":\"https:\/\/dinn.ucsc.cl\/index.php\/dispositivo-de-escritura-inclusivo\/\",\"name\":\"Dispositivo de Escritura Inclusivo -\",\"isPartOf\":{\"@id\":\"https:\/\/dinn.ucsc.cl\/#website\"},\"primaryImageOfPage\":{\"@id\":\"https:\/\/dinn.ucsc.cl\/index.php\/dispositivo-de-escritura-inclusivo\/#primaryimage\"},\"datePublished\":\"2022-11-23T20:27:30+00:00\",\"dateModified\":\"2023-07-10T02:26:13+00:00\",\"breadcrumb\":{\"@id\":\"https:\/\/dinn.ucsc.cl\/index.php\/dispositivo-de-escritura-inclusivo\/#breadcrumb\"},\"inLanguage\":\"es\",\"potentialAction\":[{\"@type\":\"ReadAction\",\"target\":[\"https:\/\/dinn.ucsc.cl\/index.php\/dispositivo-de-escritura-inclusivo\/\"]}]},{\"@type\":\"BreadcrumbList\",\"@id\":\"https:\/\/dinn.ucsc.cl\/index.php\/dispositivo-de-escritura-inclusivo\/#breadcrumb\",\"itemListElement\":[{\"@type\":\"ListItem\",\"position\":1,\"name\":\"Inicio\",\"item\":\"https:\/\/dinn.ucsc.cl\/\"},{\"@type\":\"ListItem\",\"position\":2,\"name\":\"Dispositivo de Escritura Inclusivo\"}]}]}<\/script>\n<!-- \/ Yoast SEO plugin. -->","yoast_head_json":{"title":"Dispositivo de Escritura Inclusivo -","robots":{"index":"index","follow":"follow","max-snippet":"max-snippet:-1","max-image-preview":"max-image-preview:large","max-video-preview":"max-video-preview:-1"},"canonical":"https:\/\/dinn.ucsc.cl\/index.php\/dispositivo-de-escritura-inclusivo\/","og_locale":"es_ES","og_type":"article","og_title":"Dispositivo de Escritura Inclusivo -","og_description":"Propiedad Intelectual &#8211; Patentes Concedidas: Estados Unidos: US10902744 Chile: CL2018001965 Tecnolog\u00eda desarrollada Dispositivo electr\u00f3nico, port\u00e1til e inal\u00e1mbrico, para escritura mediante el sistema braille y\/o c\u00f3digo morse, que permite tomar apuntes en tiempo real. El dispositivo registra la informaci\u00f3n de forma digital y reproduce la escritura Braille a trav\u00e9s de un sintetizador de voz. Adem\u00e1s, los [&hellip;]","og_url":"https:\/\/dinn.ucsc.cl\/index.php\/dispositivo-de-escritura-inclusivo\/","article_publisher":"https:\/\/m.facebook.com\/DINNUCSC","article_modified_time":"2023-07-10T02:26:13+00:00","og_image":[{"url":"https:\/\/sitios.ucsc.cl\/ott\/wp-content\/uploads\/sites\/15\/2022\/09\/OTT_Tec_2_2022.png"}],"twitter_card":"summary","twitter_site":"@dinn_ucsc","twitter_misc":{"Tiempo de lectura":"1 minuto"},"schema":{"@context":"https:\/\/schema.org","@graph":[{"@type":"WebSite","@id":"https:\/\/dinn.ucsc.cl\/#website","url":"https:\/\/dinn.ucsc.cl\/","name":"Direcci\u00f3n de Innovaci\u00f3n UCSC","description":"Direcci\u00f3n de Innovaci\u00f3n","potentialAction":[{"@type":"SearchAction","target":{"@type":"EntryPoint","urlTemplate":"https:\/\/dinn.ucsc.cl\/?s={search_term_string}"},"query-input":"required name=search_term_string"}],"inLanguage":"es"},{"@type":"ImageObject","inLanguage":"es","@id":"https:\/\/dinn.ucsc.cl\/index.php\/dispositivo-de-escritura-inclusivo\/#primaryimage","url":"https:\/\/sitios.ucsc.cl\/ott\/wp-content\/uploads\/sites\/15\/2022\/09\/OTT_Tec_2_2022.png","contentUrl":"https:\/\/sitios.ucsc.cl\/ott\/wp-content\/uploads\/sites\/15\/2022\/09\/OTT_Tec_2_2022.png"},{"@type":"WebPage","@id":"https:\/\/dinn.ucsc.cl\/index.php\/dispositivo-de-escritura-inclusivo\/#webpage","url":"https:\/\/dinn.ucsc.cl\/index.php\/dispositivo-de-escritura-inclusivo\/","name":"Dispositivo de Escritura Inclusivo -","isPartOf":{"@id":"https:\/\/dinn.ucsc.cl\/#website"},"primaryImageOfPage":{"@id":"https:\/\/dinn.ucsc.cl\/index.php\/dispositivo-de-escritura-inclusivo\/#primaryimage"},"datePublished":"2022-11-23T20:27:30+00:00","dateModified":"2023-07-10T02:26:13+00:00","breadcrumb":{"@id":"https:\/\/dinn.ucsc.cl\/index.php\/dispositivo-de-escritura-inclusivo\/#breadcrumb"},"inLanguage":"es","potentialAction":[{"@type":"ReadAction","target":["https:\/\/dinn.ucsc.cl\/index.php\/dispositivo-de-escritura-inclusivo\/"]}]},{"@type":"BreadcrumbList","@id":"https:\/\/dinn.ucsc.cl\/index.php\/dispositivo-de-escritura-inclusivo\/#breadcrumb","itemListElement":[{"@type":"ListItem","position":1,"name":"Inicio","item":"https:\/\/dinn.ucsc.cl\/"},{"@type":"ListItem","position":2,"name":"Dispositivo de Escritura Inclusivo"}]}]}},"_links":{"self":[{"href":"https:\/\/dinn.ucsc.cl\/index.php\/wp-json\/wp\/v2\/pages\/4096"}],"collection":[{"href":"https:\/\/dinn.ucsc.cl\/index.php\/wp-json\/wp\/v2\/pages"}],"about":[{"href":"https:\/\/dinn.ucsc.cl\/index.php\/wp-json\/wp\/v2\/types\/page"}],"author":[{"embeddable":true,"href":"https:\/\/dinn.ucsc.cl\/index.php\/wp-json\/wp\/v2\/users\/84"}],"replies":[{"embeddable":true,"href":"https:\/\/dinn.ucsc.cl\/index.php\/wp-json\/wp\/v2\/comments?post=4096"}],"version-history":[{"count":4,"href":"https:\/\/dinn.ucsc.cl\/index.php\/wp-json\/wp\/v2\/pages\/4096\/revisions"}],"predecessor-version":[{"id":4314,"href":"https:\/\/dinn.ucsc.cl\/index.php\/wp-json\/wp\/v2\/pages\/4096\/revisions\/4314"}],"wp:attachment":[{"href":"https:\/\/dinn.ucsc.cl\/index.php\/wp-json\/wp\/v2\/media?parent=4096"}],"curies":[{"name":"wp","href":"https:\/\/api.w.org\/{rel}","templated":true}]}}