{"id":4100,"date":"2022-11-23T17:29:58","date_gmt":"2022-11-23T20:29:58","guid":{"rendered":"https:\/\/dinn.ucsc.cl\/?page_id=4100"},"modified":"2023-07-09T22:06:44","modified_gmt":"2023-07-10T02:06:44","slug":"reactor-para-el-tratamiento-de-aguas-contaminadas-en-base-a-la-fotocatalisis-heterogenea-2","status":"publish","type":"page","link":"https:\/\/dinn.ucsc.cl\/index.php\/reactor-para-el-tratamiento-de-aguas-contaminadas-en-base-a-la-fotocatalisis-heterogenea-2\/","title":{"rendered":"Reactor para el tratamiento de aguas contaminadas en base a la fotocat\u00e1lisis heterog\u00e9nea"},"content":{"rendered":"<table class=\" alignleft\" style=\"width: 745px;height: 1227px\">\n<tbody>\n<tr style=\"height: 145px\">\n<td style=\"width: 744.2px;height: 127px\" colspan=\"4\">\n<h3><img loading=\"lazy\" class=\"alignleft wp-image-3121 \" src=\"https:\/\/sitios.ucsc.cl\/ott\/wp-content\/uploads\/sites\/15\/2022\/09\/OTT_Tec_4_2022.png\" alt=\"\" width=\"747\" height=\"153\" \/><\/h3>\n<\/td>\n<\/tr>\n<tr style=\"height: 44px\">\n<td style=\"width: 48.0125px;height: 44px\"><\/td>\n<td style=\"width: 40px;height: 44px\"><\/td>\n<td style=\"width: 596.15px;height: 44px\">&nbsp;<\/p>\n<p style=\"text-align: justify\"><strong>Propiedad Intelectual \u2013 Patentes Concedidas:<\/strong><br \/>\nChile: CL1852005<br \/>\nEstados Unidos: US8038938<\/p>\n<\/td>\n<td style=\"width: 60.0375px;height: 44px;text-align: justify\">\n<h3><\/h3>\n<\/td>\n<\/tr>\n<tr style=\"height: 52px;text-align: justify\">\n<td style=\"width: 48.0125px;height: 52px\"><\/td>\n<td style=\"width: 40px;height: 52px\"><img loading=\"lazy\" class=\"aligncenter size-full wp-image-2827\" src=\"https:\/\/sitios.ucsc.cl\/ott\/wp-content\/uploads\/sites\/15\/2022\/07\/OTT_TEC_1.png\" alt=\"\" width=\"50\" height=\"50\" \/><\/td>\n<td style=\"width: 596.15px;height: 52px\">\n<h3>Tecnolog\u00eda desarrollada<\/h3>\n<\/td>\n<td style=\"width: 60.0375px;height: 52px\">\n<h3><\/h3>\n<\/td>\n<\/tr>\n<tr style=\"height: 156px;text-align: justify\">\n<td style=\"width: 48.0125px;height: 156px\"><\/td>\n<td style=\"width: 40px;height: 156px\"><\/td>\n<td style=\"width: 596.15px;height: 156px\">Se trata de un reactor para tratamiento de aguas u otros l\u00edquidos en base a un proceso de Oxidaci\u00f3n Avanzada, de diferente capacidad de trabajo en funci\u00f3n de los requerimientos de volumen y caracter\u00edsticas del fluido a tratar. Es un sistema de tratamiento de agua multifuncional, que remueve simult\u00e1neamente amonio, nitrito y materia org\u00e1nica disuelta, adem\u00e1s de desinfectar el agua de manera continua y estable. Este reactor es denominado \u201cPhotofilter\u201d.<\/td>\n<td style=\"width: 60.0375px;height: 156px\">\n<h3><\/h3>\n<\/td>\n<\/tr>\n<tr style=\"height: 52px;text-align: justify\">\n<td style=\"width: 48.0125px;height: 52px\"><\/td>\n<td style=\"width: 40px;height: 52px\"><img loading=\"lazy\" class=\"aligncenter size-full wp-image-2828\" src=\"https:\/\/sitios.ucsc.cl\/ott\/wp-content\/uploads\/sites\/15\/2022\/07\/OTT_TEC_2.png\" alt=\"\" width=\"50\" height=\"50\" \/><\/td>\n<td style=\"width: 596.15px;height: 52px\">\n<h3>Beneficios \/ Ventajas<\/h3>\n<\/td>\n<td style=\"width: 60.0375px;height: 52px\"><\/td>\n<\/tr>\n<tr style=\"height: 130px;text-align: justify\">\n<td style=\"width: 48.0125px;height: 130px\"><\/td>\n<td style=\"width: 40px;height: 130px\"><\/td>\n<td style=\"width: 596.15px;height: 130px\">\u2022 Producto multifuncional: con un \u00fanico equipo se satisfacen funciones que conjuntamente deben cumplir el biofiltro, el filtro UV, filtro de Ozono, el fraccionador de espuma y el filtro de carbono.<br \/>\n\u2022 No requiere acondicionamiento previo para iniciar el tratamiento del agua.<br \/>\n\u2022 Puede operar en un amplio rango de temperatura del agua.<\/td>\n<td style=\"width: 60.0375px;height: 130px\"><\/td>\n<\/tr>\n<tr style=\"height: 52px;text-align: justify\">\n<td style=\"width: 48.0125px;height: 52px\"><\/td>\n<td style=\"width: 40px;height: 52px\"><img loading=\"lazy\" class=\"aligncenter size-full wp-image-2829\" src=\"https:\/\/sitios.ucsc.cl\/ott\/wp-content\/uploads\/sites\/15\/2022\/07\/OTT_TEC_3.png\" alt=\"\" width=\"50\" height=\"50\" \/><\/td>\n<td style=\"width: 596.15px;height: 52px\">\n<h3>Usos \/ Aplicaciones<\/h3>\n<\/td>\n<td style=\"width: 60.0375px;height: 52px\"><\/td>\n<\/tr>\n<tr style=\"height: 182px;text-align: justify\">\n<td style=\"width: 48.0125px;height: 182px\"><\/td>\n<td style=\"width: 40px;height: 182px\"><\/td>\n<td style=\"width: 596.15px;height: 182px\">La tecnolog\u00eda se puede utilizar en acuicultura, para el tratamiento de agua en sistemas de cultivo con recirculaci\u00f3n; en la industria agropecuaria para el tratamiento de residuos l\u00edquidos de mataderos o plantas de faenado y plantas de proceso de productos del mar; en la Industria forestal para el tratamiento de residuos de celulosa; en la miner\u00eda para el tratamiento de ars\u00e9nico; en el tratamiento de l\u00edquidos percolados de vertederos industriales y domiciliarios, entre otros. Es un proceso de tratamiento costo\/eficiente para residuos l\u00edquidos con baja biodegradabilidad y recalcitrantes.<\/td>\n<td style=\"width: 60.0375px;height: 182px\"><\/td>\n<\/tr>\n<tr style=\"height: 52px;text-align: justify\">\n<td style=\"width: 48.0125px;height: 52px\"><\/td>\n<td style=\"width: 40px;height: 52px\"><img loading=\"lazy\" class=\"aligncenter size-full wp-image-2830\" src=\"https:\/\/sitios.ucsc.cl\/ott\/wp-content\/uploads\/sites\/15\/2022\/07\/OTT_TEC_4.png\" alt=\"\" width=\"50\" height=\"50\" \/><\/td>\n<td style=\"width: 596.15px;height: 52px\">\n<h3>Oferta tecnol\u00f3gica<\/h3>\n<\/td>\n<td style=\"width: 60.0375px;height: 52px\"><\/td>\n<\/tr>\n<tr>\n<td style=\"width: 48.0125px\"><\/td>\n<td style=\"width: 40px\"><\/td>\n<td style=\"width: 596.15px\">La tecnolog\u00eda est\u00e1 disponible para licenciamiento.<\/td>\n<td style=\"width: 60.0375px\"><\/td>\n<\/tr>\n<tr style=\"height: 52px;text-align: justify\">\n<td style=\"width: 48.0125px;height: 52px\"><\/td>\n<td style=\"width: 40px;height: 52px\"><img loading=\"lazy\" class=\"aligncenter size-full wp-image-2831\" src=\"https:\/\/sitios.ucsc.cl\/ott\/wp-content\/uploads\/sites\/15\/2022\/07\/OTT_TEC_5.png\" alt=\"\" width=\"50\" height=\"50\" \/><\/td>\n<td style=\"width: 596.15px;height: 52px\">\n<h3>Estado de desarrollo<\/h3>\n<\/td>\n<td style=\"width: 60.0375px;height: 52px\"><\/td>\n<\/tr>\n<tr style=\"height: 28px;text-align: justify\">\n<td style=\"width: 48.0125px;height: 28px\"><\/td>\n<td style=\"width: 40px;height: 28px\"><\/td>\n<td style=\"width: 596.15px;height: 28px\">TRL 4, ya que cuenta con un prototipo funcional a escala de laboratorio, desarrollado y probado exitosamente para sistemas de recirculaci\u00f3n de agua en cultivo (sistemas cerrados), en la remoci\u00f3n de amonio, nitrito, nitrato, DQO, DBO5, color y sabor de agua; desinfecci\u00f3n de bacterias asociadas al BKD y SRS, o relacionadas al virus IPN e ISA.<\/td>\n<td style=\"width: 60.0375px;height: 28px\"><\/td>\n<\/tr>\n<tr style=\"height: 52px;text-align: justify\">\n<td style=\"width: 48.0125px;height: 52px\"><\/td>\n<td style=\"width: 40px;height: 52px\"><img loading=\"lazy\" class=\"aligncenter size-full wp-image-2832\" src=\"https:\/\/sitios.ucsc.cl\/ott\/wp-content\/uploads\/sites\/15\/2022\/07\/OTT_TEC_6.png\" alt=\"\" width=\"50\" height=\"50\" \/><\/td>\n<td style=\"width: 596.15px;height: 52px\">\n<h3>Investigador principal<\/h3>\n<\/td>\n<td style=\"width: 60.0375px;height: 52px\"><\/td>\n<\/tr>\n<tr style=\"height: 28px\">\n<td style=\"width: 48.0125px;height: 28px;text-align: justify\"><\/td>\n<td style=\"width: 40px;height: 28px;text-align: justify\"><\/td>\n<td style=\"width: 596.15px;height: 28px;text-align: justify\"><a href=\"https:\/\/ingenieria.ucsc.cl\/persona\/pablo-venegas-cabello\/\">M.Sc. Pablo Venegas Cabello<\/a>, Facultad de Ingenier\u00eda.<\/td>\n<td style=\"width: 60.0375px;height: 28px\"><\/td>\n<\/tr>\n<tr style=\"height: 96px\">\n<td style=\"width: 48.0125px;height: 96px\"><\/td>\n<td style=\"width: 636.15px;height: 96px\" colspan=\"2\">&nbsp;<\/p>\n<p><a href=\"https:\/\/dinn.ucsc.cl\/wp-content\/uploads\/sites\/14\/2023\/07\/OTT_Tec_4.pdf\"><img loading=\"lazy\" class=\"aligncenter wp-image-2220 size-medium\" src=\"https:\/\/sitios.ucsc.cl\/ott\/wp-content\/uploads\/sites\/15\/2022\/06\/Bot\u00f3n-descarga-300x61.png\" alt=\"\" width=\"300\" height=\"61\" \/><\/a><\/p>\n<p>&nbsp;<\/td>\n<td style=\"width: 60.0375px;height: 96px\"><\/td>\n<\/tr>\n<tr style=\"height: 95px\">\n<td style=\"width: 744.2px;height: 95px\" colspan=\"4\"><img loading=\"lazy\" class=\"aligncenter wp-image-3029\" src=\"https:\/\/sitios.ucsc.cl\/ott\/wp-content\/uploads\/sites\/15\/2022\/08\/Banner-1.png\" alt=\"\" width=\"757\" height=\"86\" \/><\/td>\n<\/tr>\n<\/tbody>\n<\/table>\n<p>&nbsp;<\/p>\n<div class=\"row\">\n\t\t<div class=\"col-md-6\">\n\t\t<div class=\"embed-responsive embed-responsive-16by9\">\n\t\t\t<p><iframe loading=\"lazy\" title=\"Proceso de tratamiento de aguas creado en la UCSC obtuvo patente en EE.UU.\" width=\"500\" height=\"375\" src=\"https:\/\/www.youtube.com\/embed\/7Qu7J_BcghY?feature=oembed\" frameborder=\"0\" allow=\"accelerometer; autoplay; clipboard-write; encrypted-media; gyroscope; picture-in-picture\" allowfullscreen><\/iframe><\/p>\n\t\t<\/div>\n\t\t<br>\n\t<\/div>\n\t<\/div>\n\n","protected":false},"excerpt":{"rendered":"<p>&nbsp; Propiedad Intelectual \u2013 Patentes Concedidas: Chile: CL1852005 Estados Unidos: US8038938 Tecnolog\u00eda desarrollada Se trata de un reactor para tratamiento de aguas u otros l\u00edquidos en base a un proceso de Oxidaci\u00f3n Avanzada, de diferente capacidad de trabajo en funci\u00f3n de los requerimientos de volumen y caracter\u00edsticas del fluido a tratar. Es un sistema de [&hellip;]<\/p>\n","protected":false},"author":84,"featured_media":0,"parent":0,"menu_order":0,"comment_status":"closed","ping_status":"closed","template":"","meta":[],"yoast_head":"<!-- This site is optimized with the Yoast SEO plugin v18.9 - https:\/\/yoast.com\/wordpress\/plugins\/seo\/ -->\n<title>Reactor para el tratamiento de aguas contaminadas en base a la fotocat\u00e1lisis heterog\u00e9nea -<\/title>\n<meta name=\"robots\" content=\"index, follow, max-snippet:-1, max-image-preview:large, max-video-preview:-1\" \/>\n<link rel=\"canonical\" href=\"https:\/\/dinn.ucsc.cl\/index.php\/reactor-para-el-tratamiento-de-aguas-contaminadas-en-base-a-la-fotocatalisis-heterogenea-2\/\" \/>\n<meta property=\"og:locale\" content=\"es_ES\" \/>\n<meta property=\"og:type\" content=\"article\" \/>\n<meta property=\"og:title\" content=\"Reactor para el tratamiento de aguas contaminadas en base a la fotocat\u00e1lisis heterog\u00e9nea -\" \/>\n<meta property=\"og:description\" content=\"&nbsp; Propiedad Intelectual \u2013 Patentes Concedidas: Chile: CL1852005 Estados Unidos: US8038938 Tecnolog\u00eda desarrollada Se trata de un reactor para tratamiento de aguas u otros l\u00edquidos en base a un proceso de Oxidaci\u00f3n Avanzada, de diferente capacidad de trabajo en funci\u00f3n de los requerimientos de volumen y caracter\u00edsticas del fluido a tratar. Es un sistema de [&hellip;]\" \/>\n<meta property=\"og:url\" content=\"https:\/\/dinn.ucsc.cl\/index.php\/reactor-para-el-tratamiento-de-aguas-contaminadas-en-base-a-la-fotocatalisis-heterogenea-2\/\" \/>\n<meta property=\"article:publisher\" content=\"https:\/\/m.facebook.com\/DINNUCSC\" \/>\n<meta property=\"article:modified_time\" content=\"2023-07-10T02:06:44+00:00\" \/>\n<meta property=\"og:image\" content=\"https:\/\/sitios.ucsc.cl\/ott\/wp-content\/uploads\/sites\/15\/2022\/09\/OTT_Tec_4_2022.png\" \/>\n<meta name=\"twitter:card\" content=\"summary\" \/>\n<meta name=\"twitter:site\" content=\"@dinn_ucsc\" \/>\n<meta name=\"twitter:label1\" content=\"Tiempo de lectura\" \/>\n\t<meta name=\"twitter:data1\" content=\"2 minutos\" \/>\n<script type=\"application\/ld+json\" class=\"yoast-schema-graph\">{\"@context\":\"https:\/\/schema.org\",\"@graph\":[{\"@type\":\"WebSite\",\"@id\":\"https:\/\/dinn.ucsc.cl\/#website\",\"url\":\"https:\/\/dinn.ucsc.cl\/\",\"name\":\"Direcci\u00f3n de Innovaci\u00f3n UCSC\",\"description\":\"Direcci\u00f3n de Innovaci\u00f3n\",\"potentialAction\":[{\"@type\":\"SearchAction\",\"target\":{\"@type\":\"EntryPoint\",\"urlTemplate\":\"https:\/\/dinn.ucsc.cl\/?s={search_term_string}\"},\"query-input\":\"required name=search_term_string\"}],\"inLanguage\":\"es\"},{\"@type\":\"ImageObject\",\"inLanguage\":\"es\",\"@id\":\"https:\/\/dinn.ucsc.cl\/index.php\/reactor-para-el-tratamiento-de-aguas-contaminadas-en-base-a-la-fotocatalisis-heterogenea-2\/#primaryimage\",\"url\":\"https:\/\/sitios.ucsc.cl\/ott\/wp-content\/uploads\/sites\/15\/2022\/09\/OTT_Tec_4_2022.png\",\"contentUrl\":\"https:\/\/sitios.ucsc.cl\/ott\/wp-content\/uploads\/sites\/15\/2022\/09\/OTT_Tec_4_2022.png\"},{\"@type\":\"WebPage\",\"@id\":\"https:\/\/dinn.ucsc.cl\/index.php\/reactor-para-el-tratamiento-de-aguas-contaminadas-en-base-a-la-fotocatalisis-heterogenea-2\/#webpage\",\"url\":\"https:\/\/dinn.ucsc.cl\/index.php\/reactor-para-el-tratamiento-de-aguas-contaminadas-en-base-a-la-fotocatalisis-heterogenea-2\/\",\"name\":\"Reactor para el tratamiento de aguas contaminadas en base a la fotocat\u00e1lisis heterog\u00e9nea -\",\"isPartOf\":{\"@id\":\"https:\/\/dinn.ucsc.cl\/#website\"},\"primaryImageOfPage\":{\"@id\":\"https:\/\/dinn.ucsc.cl\/index.php\/reactor-para-el-tratamiento-de-aguas-contaminadas-en-base-a-la-fotocatalisis-heterogenea-2\/#primaryimage\"},\"datePublished\":\"2022-11-23T20:29:58+00:00\",\"dateModified\":\"2023-07-10T02:06:44+00:00\",\"breadcrumb\":{\"@id\":\"https:\/\/dinn.ucsc.cl\/index.php\/reactor-para-el-tratamiento-de-aguas-contaminadas-en-base-a-la-fotocatalisis-heterogenea-2\/#breadcrumb\"},\"inLanguage\":\"es\",\"potentialAction\":[{\"@type\":\"ReadAction\",\"target\":[\"https:\/\/dinn.ucsc.cl\/index.php\/reactor-para-el-tratamiento-de-aguas-contaminadas-en-base-a-la-fotocatalisis-heterogenea-2\/\"]}]},{\"@type\":\"BreadcrumbList\",\"@id\":\"https:\/\/dinn.ucsc.cl\/index.php\/reactor-para-el-tratamiento-de-aguas-contaminadas-en-base-a-la-fotocatalisis-heterogenea-2\/#breadcrumb\",\"itemListElement\":[{\"@type\":\"ListItem\",\"position\":1,\"name\":\"Inicio\",\"item\":\"https:\/\/dinn.ucsc.cl\/\"},{\"@type\":\"ListItem\",\"position\":2,\"name\":\"Reactor para el tratamiento de aguas contaminadas en base a la fotocat\u00e1lisis heterog\u00e9nea\"}]}]}<\/script>\n<!-- \/ Yoast SEO plugin. -->","yoast_head_json":{"title":"Reactor para el tratamiento de aguas contaminadas en base a la fotocat\u00e1lisis heterog\u00e9nea -","robots":{"index":"index","follow":"follow","max-snippet":"max-snippet:-1","max-image-preview":"max-image-preview:large","max-video-preview":"max-video-preview:-1"},"canonical":"https:\/\/dinn.ucsc.cl\/index.php\/reactor-para-el-tratamiento-de-aguas-contaminadas-en-base-a-la-fotocatalisis-heterogenea-2\/","og_locale":"es_ES","og_type":"article","og_title":"Reactor para el tratamiento de aguas contaminadas en base a la fotocat\u00e1lisis heterog\u00e9nea -","og_description":"&nbsp; Propiedad Intelectual \u2013 Patentes Concedidas: Chile: CL1852005 Estados Unidos: US8038938 Tecnolog\u00eda desarrollada Se trata de un reactor para tratamiento de aguas u otros l\u00edquidos en base a un proceso de Oxidaci\u00f3n Avanzada, de diferente capacidad de trabajo en funci\u00f3n de los requerimientos de volumen y caracter\u00edsticas del fluido a tratar. Es un sistema de [&hellip;]","og_url":"https:\/\/dinn.ucsc.cl\/index.php\/reactor-para-el-tratamiento-de-aguas-contaminadas-en-base-a-la-fotocatalisis-heterogenea-2\/","article_publisher":"https:\/\/m.facebook.com\/DINNUCSC","article_modified_time":"2023-07-10T02:06:44+00:00","og_image":[{"url":"https:\/\/sitios.ucsc.cl\/ott\/wp-content\/uploads\/sites\/15\/2022\/09\/OTT_Tec_4_2022.png"}],"twitter_card":"summary","twitter_site":"@dinn_ucsc","twitter_misc":{"Tiempo de lectura":"2 minutos"},"schema":{"@context":"https:\/\/schema.org","@graph":[{"@type":"WebSite","@id":"https:\/\/dinn.ucsc.cl\/#website","url":"https:\/\/dinn.ucsc.cl\/","name":"Direcci\u00f3n de Innovaci\u00f3n UCSC","description":"Direcci\u00f3n de Innovaci\u00f3n","potentialAction":[{"@type":"SearchAction","target":{"@type":"EntryPoint","urlTemplate":"https:\/\/dinn.ucsc.cl\/?s={search_term_string}"},"query-input":"required name=search_term_string"}],"inLanguage":"es"},{"@type":"ImageObject","inLanguage":"es","@id":"https:\/\/dinn.ucsc.cl\/index.php\/reactor-para-el-tratamiento-de-aguas-contaminadas-en-base-a-la-fotocatalisis-heterogenea-2\/#primaryimage","url":"https:\/\/sitios.ucsc.cl\/ott\/wp-content\/uploads\/sites\/15\/2022\/09\/OTT_Tec_4_2022.png","contentUrl":"https:\/\/sitios.ucsc.cl\/ott\/wp-content\/uploads\/sites\/15\/2022\/09\/OTT_Tec_4_2022.png"},{"@type":"WebPage","@id":"https:\/\/dinn.ucsc.cl\/index.php\/reactor-para-el-tratamiento-de-aguas-contaminadas-en-base-a-la-fotocatalisis-heterogenea-2\/#webpage","url":"https:\/\/dinn.ucsc.cl\/index.php\/reactor-para-el-tratamiento-de-aguas-contaminadas-en-base-a-la-fotocatalisis-heterogenea-2\/","name":"Reactor para el tratamiento de aguas contaminadas en base a la fotocat\u00e1lisis heterog\u00e9nea -","isPartOf":{"@id":"https:\/\/dinn.ucsc.cl\/#website"},"primaryImageOfPage":{"@id":"https:\/\/dinn.ucsc.cl\/index.php\/reactor-para-el-tratamiento-de-aguas-contaminadas-en-base-a-la-fotocatalisis-heterogenea-2\/#primaryimage"},"datePublished":"2022-11-23T20:29:58+00:00","dateModified":"2023-07-10T02:06:44+00:00","breadcrumb":{"@id":"https:\/\/dinn.ucsc.cl\/index.php\/reactor-para-el-tratamiento-de-aguas-contaminadas-en-base-a-la-fotocatalisis-heterogenea-2\/#breadcrumb"},"inLanguage":"es","potentialAction":[{"@type":"ReadAction","target":["https:\/\/dinn.ucsc.cl\/index.php\/reactor-para-el-tratamiento-de-aguas-contaminadas-en-base-a-la-fotocatalisis-heterogenea-2\/"]}]},{"@type":"BreadcrumbList","@id":"https:\/\/dinn.ucsc.cl\/index.php\/reactor-para-el-tratamiento-de-aguas-contaminadas-en-base-a-la-fotocatalisis-heterogenea-2\/#breadcrumb","itemListElement":[{"@type":"ListItem","position":1,"name":"Inicio","item":"https:\/\/dinn.ucsc.cl\/"},{"@type":"ListItem","position":2,"name":"Reactor para el tratamiento de aguas contaminadas en base a la fotocat\u00e1lisis heterog\u00e9nea"}]}]}},"_links":{"self":[{"href":"https:\/\/dinn.ucsc.cl\/index.php\/wp-json\/wp\/v2\/pages\/4100"}],"collection":[{"href":"https:\/\/dinn.ucsc.cl\/index.php\/wp-json\/wp\/v2\/pages"}],"about":[{"href":"https:\/\/dinn.ucsc.cl\/index.php\/wp-json\/wp\/v2\/types\/page"}],"author":[{"embeddable":true,"href":"https:\/\/dinn.ucsc.cl\/index.php\/wp-json\/wp\/v2\/users\/84"}],"replies":[{"embeddable":true,"href":"https:\/\/dinn.ucsc.cl\/index.php\/wp-json\/wp\/v2\/comments?post=4100"}],"version-history":[{"count":7,"href":"https:\/\/dinn.ucsc.cl\/index.php\/wp-json\/wp\/v2\/pages\/4100\/revisions"}],"predecessor-version":[{"id":4316,"href":"https:\/\/dinn.ucsc.cl\/index.php\/wp-json\/wp\/v2\/pages\/4100\/revisions\/4316"}],"wp:attachment":[{"href":"https:\/\/dinn.ucsc.cl\/index.php\/wp-json\/wp\/v2\/media?parent=4100"}],"curies":[{"name":"wp","href":"https:\/\/api.w.org\/{rel}","templated":true}]}}