{"id":4102,"date":"2022-11-23T17:30:45","date_gmt":"2022-11-23T20:30:45","guid":{"rendered":"https:\/\/dinn.ucsc.cl\/?page_id=4102"},"modified":"2024-10-10T09:57:06","modified_gmt":"2024-10-10T12:57:06","slug":"bivalnet-sistema-de-crecimiento-para-mitilidos","status":"publish","type":"page","link":"https:\/\/dinn.ucsc.cl\/index.php\/bivalnet-sistema-de-crecimiento-para-mitilidos\/","title":{"rendered":"Bivalnet Sistema de crecimiento para mit\u00edlidos"},"content":{"rendered":"<table class=\" alignleft\" style=\"font-size: 1rem;width: 765px\">\n<tbody>\n<tr>\n<td style=\"width: 764.2px\" colspan=\"4\">\n<h3><img loading=\"lazy\" class=\"wp-image-3125 aligncenter\" src=\"https:\/\/sitios.ucsc.cl\/ott\/wp-content\/uploads\/sites\/15\/2022\/09\/OTT_Tec_5_2022.png\" alt=\"\" width=\"747\" height=\"153\" \/><\/h3>\n<\/td>\n<\/tr>\n<tr>\n<td style=\"width: 41.1625px\"><\/td>\n<td style=\"width: 53.2125px\"><\/td>\n<td style=\"width: 594.487px\">&nbsp;<\/p>\n<p style=\"text-align: justify\"><strong>Propiedad Intelectual &#8211; Patentes Concedidas: <\/strong><\/p>\n<p style=\"text-align: justify\">Chile: N\u00b0 registro 549<br \/>\nEspa\u00f1a: ES1205886<br \/>\nNueva Zelanda: N\u00b0 registro 739475<br \/>\nCanad\u00e1: N\u00b0 registro 2993405<\/p>\n<\/td>\n<td style=\"width: 75.3375px;text-align: justify\">\n<h3><\/h3>\n<\/td>\n<\/tr>\n<tr style=\"text-align: justify\">\n<td style=\"width: 41.1625px\"><\/td>\n<td style=\"width: 53.2125px\"><img loading=\"lazy\" class=\"aligncenter size-full wp-image-2827\" src=\"https:\/\/sitios.ucsc.cl\/ott\/wp-content\/uploads\/sites\/15\/2022\/07\/OTT_TEC_1.png\" alt=\"\" width=\"50\" height=\"50\" \/><\/td>\n<td style=\"width: 594.487px\">\n<h3>Tecnolog\u00eda desarrollada<\/h3>\n<\/td>\n<td style=\"width: 75.3375px\">\n<h3><\/h3>\n<\/td>\n<\/tr>\n<tr style=\"text-align: justify\">\n<td style=\"width: 41.1625px\"><\/td>\n<td style=\"width: 53.2125px\"><\/td>\n<td style=\"width: 594.487px\">Es un tramado de malla para el cultivo de mit\u00edlidos\u00a0(mejillones) u otros moluscos bivalvos, que puede ser utilizado en zonas marinas protegidas como expuestas. La configuraci\u00f3n de tramado de las unidades de cultivo mejora el crecimiento y el rendimiento productivo por superficie de agua utilizada en el cultivo. Bivalnet se puede utilizar en un sistema de cultivo con flotaci\u00f3n sumergible y controlada, que minimiza los efectos negativos en la producci\u00f3n en zonas no protegidas, y permite aumentar la productividad del cultivo comparado con el sistema de cuelgas tradicional.<\/td>\n<td style=\"width: 75.3375px\">\n<h3><\/h3>\n<\/td>\n<\/tr>\n<tr style=\"text-align: justify\">\n<td style=\"width: 41.1625px\"><\/td>\n<td style=\"width: 53.2125px\"><img loading=\"lazy\" class=\"aligncenter size-full wp-image-2828\" src=\"https:\/\/sitios.ucsc.cl\/ott\/wp-content\/uploads\/sites\/15\/2022\/07\/OTT_TEC_2.png\" alt=\"\" width=\"50\" height=\"50\" \/><\/td>\n<td style=\"width: 594.487px\">\n<h3>Beneficios \/ Ventajas<\/h3>\n<\/td>\n<td style=\"width: 75.3375px\"><\/td>\n<\/tr>\n<tr style=\"text-align: justify\">\n<td style=\"width: 41.1625px\"><\/td>\n<td style=\"width: 53.2125px\"><\/td>\n<td style=\"width: 594.487px\">\u2022 Permite maximizar el rendimiento por unidad de \u00e1rea del cultivo acu\u00edcola.<br \/>\n\u2022 Aumenta los rendimientos de producci\u00f3n en 1,9 veces por l\u00ednea, comparado con el sistema de cultivo de cuelga tradicional.<br \/>\n\u2022 Reduce los costos de mantenimiento en un 20%.<br \/>\n\u2022 Reduce los tiempos de engorda de los mit\u00edlidos en cinco meses.<br \/>\n\u2022 Disminuye los desprendimientos de los moluscos, ya que el dise\u00f1o del tramado evita que se enreden las cuelgas.<br \/>\n\u2022 Su dise\u00f1o optimizado, permite el cultivo en zonas costeras expuestas de alto oleaje, donde existe menor contacto con toxinas que puedan adquirir los moluscos comparado con los m\u00e9todos long-line utilizados actualmente.<\/td>\n<td style=\"width: 75.3375px\"><\/td>\n<\/tr>\n<tr style=\"text-align: justify\">\n<td style=\"width: 41.1625px\"><\/td>\n<td style=\"width: 53.2125px\"><img loading=\"lazy\" class=\"aligncenter size-full wp-image-2829\" src=\"https:\/\/sitios.ucsc.cl\/ott\/wp-content\/uploads\/sites\/15\/2022\/07\/OTT_TEC_3.png\" alt=\"\" width=\"50\" height=\"50\" \/><\/td>\n<td style=\"width: 594.487px\">\n<h3>Usos \/ Aplicaciones<\/h3>\n<\/td>\n<td style=\"width: 75.3375px\"><\/td>\n<\/tr>\n<tr style=\"text-align: justify\">\n<td style=\"width: 41.1625px\"><\/td>\n<td style=\"width: 53.2125px\"><\/td>\n<td style=\"width: 594.487px\">Cultivo de mejillones en zonas costeras protegidas o expuestas o de alto oleaje.<\/td>\n<td style=\"width: 75.3375px\"><\/td>\n<\/tr>\n<tr style=\"text-align: justify\">\n<td style=\"width: 41.1625px\"><\/td>\n<td style=\"width: 53.2125px\"><img loading=\"lazy\" class=\"aligncenter size-full wp-image-2830\" src=\"https:\/\/sitios.ucsc.cl\/ott\/wp-content\/uploads\/sites\/15\/2022\/07\/OTT_TEC_4.png\" alt=\"\" width=\"50\" height=\"50\" \/><\/td>\n<td style=\"width: 594.487px\">\n<h3>Oferta tecnol\u00f3gica<\/h3>\n<\/td>\n<td style=\"width: 75.3375px\"><\/td>\n<\/tr>\n<tr style=\"text-align: justify\">\n<td style=\"width: 41.1625px\"><\/td>\n<td style=\"width: 53.2125px\"><\/td>\n<td style=\"width: 594.487px\">La tecnolog\u00eda est\u00e1 disponible para licenciamiento.<\/td>\n<td style=\"width: 75.3375px\"><\/td>\n<\/tr>\n<tr style=\"text-align: justify\">\n<td style=\"width: 41.1625px\"><\/td>\n<td style=\"width: 53.2125px\"><img loading=\"lazy\" class=\"aligncenter size-full wp-image-2831\" src=\"https:\/\/sitios.ucsc.cl\/ott\/wp-content\/uploads\/sites\/15\/2022\/07\/OTT_TEC_5.png\" alt=\"\" width=\"50\" height=\"50\" \/><\/td>\n<td style=\"width: 594.487px\">\n<h3>Estado de desarrollo<\/h3>\n<\/td>\n<td style=\"width: 75.3375px\"><\/td>\n<\/tr>\n<tr style=\"text-align: justify\">\n<td style=\"width: 41.1625px\"><\/td>\n<td style=\"width: 53.2125px\"><\/td>\n<td style=\"width: 594.487px\">TRL 7, ya que se cuenta con un prototipo a gran escala con pruebas industriales validadas en un entorno real-operacional, bien integrado a otros sistemas.<\/td>\n<td style=\"width: 75.3375px\"><\/td>\n<\/tr>\n<tr style=\"text-align: justify\">\n<td style=\"width: 41.1625px\"><\/td>\n<td style=\"width: 53.2125px\"><img loading=\"lazy\" class=\"aligncenter size-full wp-image-2832\" src=\"https:\/\/sitios.ucsc.cl\/ott\/wp-content\/uploads\/sites\/15\/2022\/07\/OTT_TEC_6.png\" alt=\"\" width=\"50\" height=\"50\" \/><\/td>\n<td style=\"width: 594.487px\">\n<h3>Investigadores principales<\/h3>\n<\/td>\n<td style=\"width: 75.3375px\"><\/td>\n<\/tr>\n<tr>\n<td style=\"width: 41.1625px;text-align: justify\"><\/td>\n<td style=\"width: 53.2125px;text-align: justify\"><\/td>\n<td style=\"width: 594.487px\">\n<p style=\"text-align: justify\"><a href=\"https:\/\/ingenieria.ucsc.cl\/persona\/catterina-sobenes-vennekool\/\">Dra. Catterina Sobenes Vennekool<\/a>, Facultad de Ingenier\u00eda.<\/p>\n<p style=\"text-align: justify\"><a href=\"https:\/\/ingenieria.ucsc.cl\/persona\/christian-diaz-peralta\/\">Msc. Christian D\u00edaz Peralta<\/a>, Facultad de Ingenier\u00eda.<\/p>\n<\/td>\n<td style=\"width: 75.3375px\"><\/td>\n<\/tr>\n<tr>\n<td style=\"width: 41.1625px\"><\/td>\n<td style=\"width: 647.7px\" colspan=\"2\">&nbsp;<\/p>\n<p><a href=\"http:\/\/sitios.ucsc.cl\/ott\/wp-content\/uploads\/sites\/15\/2019\/08\/BROCHURE-BIVALNET-ESPA\u00d1OL.pdf\"><strong>Ver brochure de Bivalnet (espa\u00f1ol)\u00a0 \u00a0<\/strong> <\/a>\u00a0 \u00a0 \u00a0 \u00a0 \u00a0 \u00a0 \u00a0 \u00a0 \u00a0 <a href=\"http:\/\/sitios.ucsc.cl\/ott\/wp-content\/uploads\/sites\/15\/2019\/08\/BROCHURE-BILVANET-INGL\u00c9S.pdf\">\u00a0 <strong>\u00a0Ver brochure de Bivalnet (Ingl\u00e9s)<\/strong><\/a><\/td>\n<td style=\"width: 75.3375px\"><\/td>\n<\/tr>\n<tr>\n<td style=\"width: 41.1625px\"><\/td>\n<td style=\"width: 647.7px\" colspan=\"2\">&nbsp;<\/p>\n<p><a href=\"https:\/\/dinn.ucsc.cl\/wp-content\/uploads\/sites\/14\/2023\/07\/OTT_Tec_5.pdf\"><img loading=\"lazy\" class=\"aligncenter wp-image-2220 size-medium\" src=\"https:\/\/sitios.ucsc.cl\/ott\/wp-content\/uploads\/sites\/15\/2022\/06\/Bot\u00f3n-descarga-300x61.png\" alt=\"\" width=\"300\" height=\"61\" \/><\/a><\/p>\n<p>&nbsp;<\/td>\n<td style=\"width: 75.3375px\"><\/td>\n<\/tr>\n<tr>\n<td style=\"width: 764.2px\" colspan=\"4\"><img loading=\"lazy\" class=\"aligncenter wp-image-3029\" src=\"https:\/\/sitios.ucsc.cl\/ott\/wp-content\/uploads\/sites\/15\/2022\/08\/Banner-1.png\" alt=\"\" width=\"757\" height=\"86\" \/><\/td>\n<\/tr>\n<\/tbody>\n<\/table>\n<p>&nbsp;<\/p>\n<p><iframe loading=\"lazy\" title=\"#Tecnolog\u00edasUCSC - Bivalnet: Un sistema de crecimiento para mejillones\" width=\"500\" height=\"281\" src=\"https:\/\/www.youtube.com\/embed\/4IHWWQft3dI?feature=oembed\" frameborder=\"0\" allow=\"accelerometer; autoplay; clipboard-write; encrypted-media; gyroscope; picture-in-picture; web-share\" referrerpolicy=\"strict-origin-when-cross-origin\" allowfullscreen><\/iframe><\/p>\n","protected":false},"excerpt":{"rendered":"<p>&nbsp; Propiedad Intelectual &#8211; Patentes Concedidas: Chile: N\u00b0 registro 549 Espa\u00f1a: ES1205886 Nueva Zelanda: N\u00b0 registro 739475 Canad\u00e1: N\u00b0 registro 2993405 Tecnolog\u00eda desarrollada Es un tramado de malla para el cultivo de mit\u00edlidos\u00a0(mejillones) u otros moluscos bivalvos, que puede ser utilizado en zonas marinas protegidas como expuestas. La configuraci\u00f3n de tramado de las unidades de [&hellip;]<\/p>\n","protected":false},"author":84,"featured_media":0,"parent":0,"menu_order":0,"comment_status":"closed","ping_status":"closed","template":"","meta":[],"yoast_head":"<!-- This site is optimized with the Yoast SEO plugin v18.9 - https:\/\/yoast.com\/wordpress\/plugins\/seo\/ -->\n<title>Bivalnet Sistema de crecimiento para mit\u00edlidos -<\/title>\n<meta name=\"robots\" content=\"index, follow, max-snippet:-1, max-image-preview:large, max-video-preview:-1\" \/>\n<link rel=\"canonical\" href=\"https:\/\/dinn.ucsc.cl\/index.php\/bivalnet-sistema-de-crecimiento-para-mitilidos\/\" \/>\n<meta property=\"og:locale\" content=\"es_ES\" \/>\n<meta property=\"og:type\" content=\"article\" \/>\n<meta property=\"og:title\" content=\"Bivalnet Sistema de crecimiento para mit\u00edlidos -\" \/>\n<meta property=\"og:description\" content=\"&nbsp; Propiedad Intelectual &#8211; Patentes Concedidas: Chile: N\u00b0 registro 549 Espa\u00f1a: ES1205886 Nueva Zelanda: N\u00b0 registro 739475 Canad\u00e1: N\u00b0 registro 2993405 Tecnolog\u00eda desarrollada Es un tramado de malla para el cultivo de mit\u00edlidos\u00a0(mejillones) u otros moluscos bivalvos, que puede ser utilizado en zonas marinas protegidas como expuestas. La configuraci\u00f3n de tramado de las unidades de [&hellip;]\" \/>\n<meta property=\"og:url\" content=\"https:\/\/dinn.ucsc.cl\/index.php\/bivalnet-sistema-de-crecimiento-para-mitilidos\/\" \/>\n<meta property=\"article:publisher\" content=\"https:\/\/m.facebook.com\/DINNUCSC\" \/>\n<meta property=\"article:modified_time\" content=\"2024-10-10T12:57:06+00:00\" \/>\n<meta property=\"og:image\" content=\"https:\/\/sitios.ucsc.cl\/ott\/wp-content\/uploads\/sites\/15\/2022\/09\/OTT_Tec_5_2022.png\" \/>\n<meta name=\"twitter:card\" content=\"summary\" \/>\n<meta name=\"twitter:site\" content=\"@dinn_ucsc\" \/>\n<meta name=\"twitter:label1\" content=\"Tiempo de lectura\" \/>\n\t<meta name=\"twitter:data1\" content=\"2 minutos\" \/>\n<script type=\"application\/ld+json\" class=\"yoast-schema-graph\">{\"@context\":\"https:\/\/schema.org\",\"@graph\":[{\"@type\":\"WebSite\",\"@id\":\"https:\/\/dinn.ucsc.cl\/#website\",\"url\":\"https:\/\/dinn.ucsc.cl\/\",\"name\":\"Direcci\u00f3n de Innovaci\u00f3n UCSC\",\"description\":\"Direcci\u00f3n de Innovaci\u00f3n\",\"potentialAction\":[{\"@type\":\"SearchAction\",\"target\":{\"@type\":\"EntryPoint\",\"urlTemplate\":\"https:\/\/dinn.ucsc.cl\/?s={search_term_string}\"},\"query-input\":\"required name=search_term_string\"}],\"inLanguage\":\"es\"},{\"@type\":\"ImageObject\",\"inLanguage\":\"es\",\"@id\":\"https:\/\/dinn.ucsc.cl\/index.php\/bivalnet-sistema-de-crecimiento-para-mitilidos\/#primaryimage\",\"url\":\"https:\/\/sitios.ucsc.cl\/ott\/wp-content\/uploads\/sites\/15\/2022\/09\/OTT_Tec_5_2022.png\",\"contentUrl\":\"https:\/\/sitios.ucsc.cl\/ott\/wp-content\/uploads\/sites\/15\/2022\/09\/OTT_Tec_5_2022.png\"},{\"@type\":\"WebPage\",\"@id\":\"https:\/\/dinn.ucsc.cl\/index.php\/bivalnet-sistema-de-crecimiento-para-mitilidos\/#webpage\",\"url\":\"https:\/\/dinn.ucsc.cl\/index.php\/bivalnet-sistema-de-crecimiento-para-mitilidos\/\",\"name\":\"Bivalnet Sistema de crecimiento para mit\u00edlidos -\",\"isPartOf\":{\"@id\":\"https:\/\/dinn.ucsc.cl\/#website\"},\"primaryImageOfPage\":{\"@id\":\"https:\/\/dinn.ucsc.cl\/index.php\/bivalnet-sistema-de-crecimiento-para-mitilidos\/#primaryimage\"},\"datePublished\":\"2022-11-23T20:30:45+00:00\",\"dateModified\":\"2024-10-10T12:57:06+00:00\",\"breadcrumb\":{\"@id\":\"https:\/\/dinn.ucsc.cl\/index.php\/bivalnet-sistema-de-crecimiento-para-mitilidos\/#breadcrumb\"},\"inLanguage\":\"es\",\"potentialAction\":[{\"@type\":\"ReadAction\",\"target\":[\"https:\/\/dinn.ucsc.cl\/index.php\/bivalnet-sistema-de-crecimiento-para-mitilidos\/\"]}]},{\"@type\":\"BreadcrumbList\",\"@id\":\"https:\/\/dinn.ucsc.cl\/index.php\/bivalnet-sistema-de-crecimiento-para-mitilidos\/#breadcrumb\",\"itemListElement\":[{\"@type\":\"ListItem\",\"position\":1,\"name\":\"Inicio\",\"item\":\"https:\/\/dinn.ucsc.cl\/\"},{\"@type\":\"ListItem\",\"position\":2,\"name\":\"Bivalnet Sistema de crecimiento para mit\u00edlidos\"}]}]}<\/script>\n<!-- \/ Yoast SEO plugin. -->","yoast_head_json":{"title":"Bivalnet Sistema de crecimiento para mit\u00edlidos -","robots":{"index":"index","follow":"follow","max-snippet":"max-snippet:-1","max-image-preview":"max-image-preview:large","max-video-preview":"max-video-preview:-1"},"canonical":"https:\/\/dinn.ucsc.cl\/index.php\/bivalnet-sistema-de-crecimiento-para-mitilidos\/","og_locale":"es_ES","og_type":"article","og_title":"Bivalnet Sistema de crecimiento para mit\u00edlidos -","og_description":"&nbsp; Propiedad Intelectual &#8211; Patentes Concedidas: Chile: N\u00b0 registro 549 Espa\u00f1a: ES1205886 Nueva Zelanda: N\u00b0 registro 739475 Canad\u00e1: N\u00b0 registro 2993405 Tecnolog\u00eda desarrollada Es un tramado de malla para el cultivo de mit\u00edlidos\u00a0(mejillones) u otros moluscos bivalvos, que puede ser utilizado en zonas marinas protegidas como expuestas. La configuraci\u00f3n de tramado de las unidades de [&hellip;]","og_url":"https:\/\/dinn.ucsc.cl\/index.php\/bivalnet-sistema-de-crecimiento-para-mitilidos\/","article_publisher":"https:\/\/m.facebook.com\/DINNUCSC","article_modified_time":"2024-10-10T12:57:06+00:00","og_image":[{"url":"https:\/\/sitios.ucsc.cl\/ott\/wp-content\/uploads\/sites\/15\/2022\/09\/OTT_Tec_5_2022.png"}],"twitter_card":"summary","twitter_site":"@dinn_ucsc","twitter_misc":{"Tiempo de lectura":"2 minutos"},"schema":{"@context":"https:\/\/schema.org","@graph":[{"@type":"WebSite","@id":"https:\/\/dinn.ucsc.cl\/#website","url":"https:\/\/dinn.ucsc.cl\/","name":"Direcci\u00f3n de Innovaci\u00f3n UCSC","description":"Direcci\u00f3n de Innovaci\u00f3n","potentialAction":[{"@type":"SearchAction","target":{"@type":"EntryPoint","urlTemplate":"https:\/\/dinn.ucsc.cl\/?s={search_term_string}"},"query-input":"required name=search_term_string"}],"inLanguage":"es"},{"@type":"ImageObject","inLanguage":"es","@id":"https:\/\/dinn.ucsc.cl\/index.php\/bivalnet-sistema-de-crecimiento-para-mitilidos\/#primaryimage","url":"https:\/\/sitios.ucsc.cl\/ott\/wp-content\/uploads\/sites\/15\/2022\/09\/OTT_Tec_5_2022.png","contentUrl":"https:\/\/sitios.ucsc.cl\/ott\/wp-content\/uploads\/sites\/15\/2022\/09\/OTT_Tec_5_2022.png"},{"@type":"WebPage","@id":"https:\/\/dinn.ucsc.cl\/index.php\/bivalnet-sistema-de-crecimiento-para-mitilidos\/#webpage","url":"https:\/\/dinn.ucsc.cl\/index.php\/bivalnet-sistema-de-crecimiento-para-mitilidos\/","name":"Bivalnet Sistema de crecimiento para mit\u00edlidos -","isPartOf":{"@id":"https:\/\/dinn.ucsc.cl\/#website"},"primaryImageOfPage":{"@id":"https:\/\/dinn.ucsc.cl\/index.php\/bivalnet-sistema-de-crecimiento-para-mitilidos\/#primaryimage"},"datePublished":"2022-11-23T20:30:45+00:00","dateModified":"2024-10-10T12:57:06+00:00","breadcrumb":{"@id":"https:\/\/dinn.ucsc.cl\/index.php\/bivalnet-sistema-de-crecimiento-para-mitilidos\/#breadcrumb"},"inLanguage":"es","potentialAction":[{"@type":"ReadAction","target":["https:\/\/dinn.ucsc.cl\/index.php\/bivalnet-sistema-de-crecimiento-para-mitilidos\/"]}]},{"@type":"BreadcrumbList","@id":"https:\/\/dinn.ucsc.cl\/index.php\/bivalnet-sistema-de-crecimiento-para-mitilidos\/#breadcrumb","itemListElement":[{"@type":"ListItem","position":1,"name":"Inicio","item":"https:\/\/dinn.ucsc.cl\/"},{"@type":"ListItem","position":2,"name":"Bivalnet Sistema de crecimiento para mit\u00edlidos"}]}]}},"_links":{"self":[{"href":"https:\/\/dinn.ucsc.cl\/index.php\/wp-json\/wp\/v2\/pages\/4102"}],"collection":[{"href":"https:\/\/dinn.ucsc.cl\/index.php\/wp-json\/wp\/v2\/pages"}],"about":[{"href":"https:\/\/dinn.ucsc.cl\/index.php\/wp-json\/wp\/v2\/types\/page"}],"author":[{"embeddable":true,"href":"https:\/\/dinn.ucsc.cl\/index.php\/wp-json\/wp\/v2\/users\/84"}],"replies":[{"embeddable":true,"href":"https:\/\/dinn.ucsc.cl\/index.php\/wp-json\/wp\/v2\/comments?post=4102"}],"version-history":[{"count":6,"href":"https:\/\/dinn.ucsc.cl\/index.php\/wp-json\/wp\/v2\/pages\/4102\/revisions"}],"predecessor-version":[{"id":5978,"href":"https:\/\/dinn.ucsc.cl\/index.php\/wp-json\/wp\/v2\/pages\/4102\/revisions\/5978"}],"wp:attachment":[{"href":"https:\/\/dinn.ucsc.cl\/index.php\/wp-json\/wp\/v2\/media?parent=4102"}],"curies":[{"name":"wp","href":"https:\/\/api.w.org\/{rel}","templated":true}]}}