{"id":4111,"date":"2022-11-23T17:36:55","date_gmt":"2022-11-23T20:36:55","guid":{"rendered":"https:\/\/dinn.ucsc.cl\/?page_id=4111"},"modified":"2023-07-09T21:31:01","modified_gmt":"2023-07-10T01:31:01","slug":"mecanismo-auto-centrante-disipador-de-energia-de-impacto","status":"publish","type":"page","link":"https:\/\/dinn.ucsc.cl\/index.php\/mecanismo-auto-centrante-disipador-de-energia-de-impacto\/","title":{"rendered":"Mecanismo Auto-centrante Disipador de Energ\u00eda de Impacto"},"content":{"rendered":"<table class=\" alignleft\" style=\"font-size: 1rem;width: 757px;height: 1210px\">\n<tbody>\n<tr style=\"height: 31px\">\n<td style=\"width: 756.2px;height: 31px\" colspan=\"4\">\n<h3><img loading=\"lazy\" class=\"wp-image-3138 aligncenter\" src=\"https:\/\/sitios.ucsc.cl\/ott\/wp-content\/uploads\/sites\/15\/2022\/09\/OTT_Tec_7_2022.png\" alt=\"\" width=\"749\" height=\"153\" \/><\/h3>\n<\/td>\n<\/tr>\n<tr style=\"height: 114px\">\n<td style=\"width: 39.05px;height: 114px;text-align: justify\"><\/td>\n<td style=\"width: 75.1125px;height: 114px;text-align: justify\"><\/td>\n<td style=\"width: 611.963px;height: 114px;text-align: justify\"><strong>Propiedad Intelectual &#8211; Patentes en Fase Nacional: <\/strong><\/p>\n<p>Chile: CL2022000901<\/p>\n<p>Estados Unidos: US17\/754687<\/p>\n<p>Australia: AU2019469841<\/td>\n<td style=\"width: 30.075px;height: 114px;text-align: justify\"><\/td>\n<\/tr>\n<tr style=\"height: 52px;text-align: justify\">\n<td style=\"width: 39.05px;height: 41px\"><\/td>\n<td style=\"width: 75.1125px;height: 41px\"><img loading=\"lazy\" class=\"aligncenter size-full wp-image-2827\" src=\"https:\/\/sitios.ucsc.cl\/ott\/wp-content\/uploads\/sites\/15\/2022\/07\/OTT_TEC_1.png\" alt=\"\" width=\"50\" height=\"50\" \/><\/td>\n<td style=\"width: 611.963px;height: 41px\">\n<h3>Tecnolog\u00eda desarrollada<\/h3>\n<\/td>\n<td style=\"width: 30.075px;height: 41px\"><\/td>\n<\/tr>\n<tr>\n<td style=\"width: 39.05px\"><\/td>\n<td style=\"width: 75.1125px\"><\/td>\n<td style=\"width: 611.963px\">\n<p style=\"text-align: justify\">Corresponde a un dispositivo capaz de disipar la energ\u00eda cin\u00e9tica de cuerpos que impactan contra una superficie o cuerpo r\u00edgido. Consta de un elemento el\u00e1stico que proporciona la fuerza autocentrante, y un elemento de disipaci\u00f3n que imponga una fuerza de roce que sea siempre menor que la fuerza del elemento el\u00e1stico, para permitir el autocentrado. Puede recuperar su forma original una vez retirada la carga de impacto, asegurando que el dispositivo trabaje en iguales condiciones, sin necesidad de mantenimiento entre eventos.<\/p>\n<\/td>\n<td style=\"width: 30.075px\"><\/td>\n<\/tr>\n<tr style=\"height: 52px;text-align: justify\">\n<td style=\"width: 39.05px;height: 19px\"><\/td>\n<td style=\"width: 75.1125px;height: 19px\"><img loading=\"lazy\" class=\"aligncenter size-full wp-image-2828\" src=\"https:\/\/sitios.ucsc.cl\/ott\/wp-content\/uploads\/sites\/15\/2022\/07\/OTT_TEC_2.png\" alt=\"\" width=\"50\" height=\"50\" \/><\/td>\n<td style=\"width: 611.963px;height: 19px\">\n<h3>Beneficios \/ Ventajas<\/h3>\n<\/td>\n<td style=\"width: 30.075px;height: 19px\"><\/td>\n<\/tr>\n<tr style=\"height: 361px;text-align: justify\">\n<td style=\"width: 39.05px;height: 361px\"><\/td>\n<td style=\"width: 75.1125px;height: 361px\"><\/td>\n<td style=\"width: 611.963px;height: 361px\">\u2022 El dispositivo es capaz de disipar la energ\u00eda de forma m\u00e1s controlada disminuyendo los riesgos y costos asociados a impactos.<br \/>\n\u2022 Recupera de manera aut\u00f3noma su forma original luego de impactos sucesivos, lo cual significa una disminuci\u00f3n de los costos asociados a mantenci\u00f3n y repuestos.<br \/>\n\u2022 El dispositivo no requiere fuentes de energ\u00eda ni sistemas de control adicionales.<br \/>\n\u2022 El dise\u00f1o del dispositivo permite escalar a diferentes necesidades y aplicaciones, debido a su capacidad el\u00e1stica y de disipaci\u00f3n de energ\u00eda.<br \/>\n\u2022 Se adapta a defensas portuarias existentes mejorando su desempe\u00f1o, adem\u00e1s no ocupa espacio sobre muelles.<br \/>\n\u2022 Proporciona un sistema de absorci\u00f3n de energ\u00eda, capaz de captar m\u00e1s energ\u00eda por \u00e1rea de impacto que las tecnolog\u00edas actuales, por lo que es un sistema de absorci\u00f3n de impactos m\u00e1s eficiente y seguro.<br \/>\n\u2022 Debido a su dise\u00f1o sencillo, el dispositivo ofrece una alternativa m\u00e1s econ\u00f3mica que dispositivos del tipo amortiguadores viscosos.<\/td>\n<td style=\"width: 30.075px;height: 361px\"><\/td>\n<\/tr>\n<tr style=\"height: 52px;text-align: justify\">\n<td style=\"width: 39.05px;height: 29px\"><\/td>\n<td style=\"width: 75.1125px;height: 29px\"><img loading=\"lazy\" class=\"aligncenter size-full wp-image-2829\" src=\"https:\/\/sitios.ucsc.cl\/ott\/wp-content\/uploads\/sites\/15\/2022\/07\/OTT_TEC_3.png\" alt=\"\" width=\"50\" height=\"50\" \/><\/td>\n<td style=\"width: 611.963px;height: 29px\">\n<h3>Usos \/ Aplicaciones<\/h3>\n<\/td>\n<td style=\"width: 30.075px;height: 29px\"><\/td>\n<\/tr>\n<tr style=\"height: 105px;text-align: justify\">\n<td style=\"width: 39.05px;height: 105px\"><\/td>\n<td style=\"width: 75.1125px;height: 105px\"><\/td>\n<td style=\"width: 611.963px;height: 105px\">El dispositivo puede ser utilizado en defensas camineras y ferroviarias, defensas portuarias, control de da\u00f1o en equipamiento minero, amortiguamiento s\u00edsmico de edificios y mitigadores de impacto con usos gen\u00e9ricos como equipos vibratorios, en los rubros de construcci\u00f3n, ferroviario, gran miner\u00eda y empresas portuarias.<\/td>\n<td style=\"width: 30.075px;height: 105px\"><\/td>\n<\/tr>\n<tr style=\"height: 52px;text-align: justify\">\n<td style=\"width: 39.05px;height: 52px\"><\/td>\n<td style=\"width: 75.1125px;height: 52px\"><img loading=\"lazy\" class=\"aligncenter size-full wp-image-2830\" src=\"https:\/\/sitios.ucsc.cl\/ott\/wp-content\/uploads\/sites\/15\/2022\/07\/OTT_TEC_4.png\" alt=\"\" width=\"50\" height=\"50\" \/><\/td>\n<td style=\"width: 611.963px;height: 52px\">\n<h3>Oferta tecnol\u00f3gica<\/h3>\n<\/td>\n<td style=\"width: 30.075px;height: 52px\"><\/td>\n<\/tr>\n<tr style=\"height: 28px;text-align: justify\">\n<td style=\"width: 39.05px;height: 28px\"><\/td>\n<td style=\"width: 75.1125px;height: 28px\"><\/td>\n<td style=\"width: 611.963px;height: 28px\">La tecnolog\u00eda est\u00e1 disponible para licenciamiento.<\/td>\n<td style=\"width: 30.075px;height: 28px\"><\/td>\n<\/tr>\n<tr style=\"height: 52px;text-align: justify\">\n<td style=\"width: 39.05px;height: 52px\"><\/td>\n<td style=\"width: 75.1125px;height: 52px\"><img loading=\"lazy\" class=\"aligncenter size-full wp-image-2831\" src=\"https:\/\/sitios.ucsc.cl\/ott\/wp-content\/uploads\/sites\/15\/2022\/07\/OTT_TEC_5.png\" alt=\"\" width=\"50\" height=\"50\" \/><\/td>\n<td style=\"width: 611.963px;height: 52px\">\n<h3>Estado de desarrollo<\/h3>\n<\/td>\n<td style=\"width: 30.075px;height: 52px\"><\/td>\n<\/tr>\n<tr style=\"height: 54px;text-align: justify\">\n<td style=\"width: 39.05px;height: 54px\"><\/td>\n<td style=\"width: 75.1125px;height: 54px\"><\/td>\n<td style=\"width: 611.963px;height: 54px\">TRL 4, ya que se han realizado validaciones del dispositivo y sus componentes en ambiente de laboratorio.<\/td>\n<td style=\"width: 30.075px;height: 54px\"><\/td>\n<\/tr>\n<tr style=\"height: 52px;text-align: justify\">\n<td style=\"width: 39.05px;height: 52px\"><\/td>\n<td style=\"width: 75.1125px;height: 52px\"><img loading=\"lazy\" class=\"aligncenter size-full wp-image-2832\" src=\"https:\/\/sitios.ucsc.cl\/ott\/wp-content\/uploads\/sites\/15\/2022\/07\/OTT_TEC_6.png\" alt=\"\" width=\"50\" height=\"50\" \/><\/td>\n<td style=\"width: 611.963px;height: 52px\">\n<h3>Investigador principal<\/h3>\n<\/td>\n<td style=\"width: 30.075px;height: 52px\"><\/td>\n<\/tr>\n<tr style=\"height: 54px;text-align: justify\">\n<td style=\"width: 39.05px;height: 54px\"><\/td>\n<td style=\"width: 75.1125px;height: 54px\"><\/td>\n<td style=\"width: 611.963px;height: 54px\"><a href=\"https:\/\/ingenieria.ucsc.cl\/persona\/nelson-maureira-carsalade\/\">Dr. Nelson Maureira Carsalade<\/a>, Facultad de Ingenier\u00eda.<br \/>\n<a href=\"https:\/\/ingenieria.ucsc.cl\/persona\/mauricio-villagran-valenzuela\/\">MSc. Mauricio Villagr\u00e1n Valenzuela<\/a>, Facultad de Ingenier\u00eda.<\/td>\n<td style=\"width: 30.075px;height: 54px\"><\/td>\n<\/tr>\n<tr style=\"height: 121px\">\n<td style=\"width: 39.05px;height: 121px;text-align: justify\"><\/td>\n<td style=\"width: 687.075px;height: 121px\" colspan=\"2\"><a href=\"https:\/\/dinn.ucsc.cl\/wp-content\/uploads\/sites\/14\/2023\/07\/OTT_Tec_7.pdf\"><img loading=\"lazy\" class=\"aligncenter wp-image-2220 size-medium\" src=\"https:\/\/sitios.ucsc.cl\/ott\/wp-content\/uploads\/sites\/15\/2022\/06\/Bot\u00f3n-descarga-300x61.png\" alt=\"\" width=\"300\" height=\"61\" \/><\/a><\/td>\n<td style=\"width: 30.075px;height: 121px\"><\/td>\n<\/tr>\n<tr style=\"height: 87px\">\n<td style=\"width: 756.2px;height: 87px\" colspan=\"4\"><img loading=\"lazy\" class=\"aligncenter wp-image-3029\" src=\"https:\/\/sitios.ucsc.cl\/ott\/wp-content\/uploads\/sites\/15\/2022\/08\/Banner-1.png\" alt=\"\" width=\"775\" height=\"88\" \/><\/td>\n<\/tr>\n<\/tbody>\n<\/table>\n<p>&nbsp;<\/p>\n","protected":false},"excerpt":{"rendered":"<p>Propiedad Intelectual &#8211; Patentes en Fase Nacional: Chile: CL2022000901 Estados Unidos: US17\/754687 Australia: AU2019469841 Tecnolog\u00eda desarrollada Corresponde a un dispositivo capaz de disipar la energ\u00eda cin\u00e9tica de cuerpos que impactan contra una superficie o cuerpo r\u00edgido. Consta de un elemento el\u00e1stico que proporciona la fuerza autocentrante, y un elemento de disipaci\u00f3n que imponga una fuerza [&hellip;]<\/p>\n","protected":false},"author":84,"featured_media":0,"parent":0,"menu_order":0,"comment_status":"closed","ping_status":"closed","template":"","meta":[],"yoast_head":"<!-- This site is optimized with the Yoast SEO plugin v18.9 - https:\/\/yoast.com\/wordpress\/plugins\/seo\/ -->\n<title>Mecanismo Auto-centrante Disipador de Energ\u00eda de Impacto -<\/title>\n<meta name=\"robots\" content=\"index, follow, max-snippet:-1, max-image-preview:large, max-video-preview:-1\" \/>\n<link rel=\"canonical\" href=\"https:\/\/dinn.ucsc.cl\/index.php\/mecanismo-auto-centrante-disipador-de-energia-de-impacto\/\" \/>\n<meta property=\"og:locale\" content=\"es_ES\" \/>\n<meta property=\"og:type\" content=\"article\" \/>\n<meta property=\"og:title\" content=\"Mecanismo Auto-centrante Disipador de Energ\u00eda de Impacto -\" \/>\n<meta property=\"og:description\" content=\"Propiedad Intelectual &#8211; Patentes en Fase Nacional: Chile: CL2022000901 Estados Unidos: US17\/754687 Australia: AU2019469841 Tecnolog\u00eda desarrollada Corresponde a un dispositivo capaz de disipar la energ\u00eda cin\u00e9tica de cuerpos que impactan contra una superficie o cuerpo r\u00edgido. Consta de un elemento el\u00e1stico que proporciona la fuerza autocentrante, y un elemento de disipaci\u00f3n que imponga una fuerza [&hellip;]\" \/>\n<meta property=\"og:url\" content=\"https:\/\/dinn.ucsc.cl\/index.php\/mecanismo-auto-centrante-disipador-de-energia-de-impacto\/\" \/>\n<meta property=\"article:publisher\" content=\"https:\/\/m.facebook.com\/DINNUCSC\" \/>\n<meta property=\"article:modified_time\" content=\"2023-07-10T01:31:01+00:00\" \/>\n<meta property=\"og:image\" content=\"https:\/\/sitios.ucsc.cl\/ott\/wp-content\/uploads\/sites\/15\/2022\/09\/OTT_Tec_7_2022.png\" \/>\n<meta name=\"twitter:card\" content=\"summary\" \/>\n<meta name=\"twitter:site\" content=\"@dinn_ucsc\" \/>\n<meta name=\"twitter:label1\" content=\"Tiempo de lectura\" \/>\n\t<meta name=\"twitter:data1\" content=\"2 minutos\" \/>\n<script type=\"application\/ld+json\" class=\"yoast-schema-graph\">{\"@context\":\"https:\/\/schema.org\",\"@graph\":[{\"@type\":\"WebSite\",\"@id\":\"https:\/\/dinn.ucsc.cl\/#website\",\"url\":\"https:\/\/dinn.ucsc.cl\/\",\"name\":\"Direcci\u00f3n de Innovaci\u00f3n UCSC\",\"description\":\"Direcci\u00f3n de Innovaci\u00f3n\",\"potentialAction\":[{\"@type\":\"SearchAction\",\"target\":{\"@type\":\"EntryPoint\",\"urlTemplate\":\"https:\/\/dinn.ucsc.cl\/?s={search_term_string}\"},\"query-input\":\"required name=search_term_string\"}],\"inLanguage\":\"es\"},{\"@type\":\"ImageObject\",\"inLanguage\":\"es\",\"@id\":\"https:\/\/dinn.ucsc.cl\/index.php\/mecanismo-auto-centrante-disipador-de-energia-de-impacto\/#primaryimage\",\"url\":\"https:\/\/sitios.ucsc.cl\/ott\/wp-content\/uploads\/sites\/15\/2022\/09\/OTT_Tec_7_2022.png\",\"contentUrl\":\"https:\/\/sitios.ucsc.cl\/ott\/wp-content\/uploads\/sites\/15\/2022\/09\/OTT_Tec_7_2022.png\"},{\"@type\":\"WebPage\",\"@id\":\"https:\/\/dinn.ucsc.cl\/index.php\/mecanismo-auto-centrante-disipador-de-energia-de-impacto\/#webpage\",\"url\":\"https:\/\/dinn.ucsc.cl\/index.php\/mecanismo-auto-centrante-disipador-de-energia-de-impacto\/\",\"name\":\"Mecanismo Auto-centrante Disipador de Energ\u00eda de Impacto -\",\"isPartOf\":{\"@id\":\"https:\/\/dinn.ucsc.cl\/#website\"},\"primaryImageOfPage\":{\"@id\":\"https:\/\/dinn.ucsc.cl\/index.php\/mecanismo-auto-centrante-disipador-de-energia-de-impacto\/#primaryimage\"},\"datePublished\":\"2022-11-23T20:36:55+00:00\",\"dateModified\":\"2023-07-10T01:31:01+00:00\",\"breadcrumb\":{\"@id\":\"https:\/\/dinn.ucsc.cl\/index.php\/mecanismo-auto-centrante-disipador-de-energia-de-impacto\/#breadcrumb\"},\"inLanguage\":\"es\",\"potentialAction\":[{\"@type\":\"ReadAction\",\"target\":[\"https:\/\/dinn.ucsc.cl\/index.php\/mecanismo-auto-centrante-disipador-de-energia-de-impacto\/\"]}]},{\"@type\":\"BreadcrumbList\",\"@id\":\"https:\/\/dinn.ucsc.cl\/index.php\/mecanismo-auto-centrante-disipador-de-energia-de-impacto\/#breadcrumb\",\"itemListElement\":[{\"@type\":\"ListItem\",\"position\":1,\"name\":\"Inicio\",\"item\":\"https:\/\/dinn.ucsc.cl\/\"},{\"@type\":\"ListItem\",\"position\":2,\"name\":\"Mecanismo Auto-centrante Disipador de Energ\u00eda de Impacto\"}]}]}<\/script>\n<!-- \/ Yoast SEO plugin. -->","yoast_head_json":{"title":"Mecanismo Auto-centrante Disipador de Energ\u00eda de Impacto -","robots":{"index":"index","follow":"follow","max-snippet":"max-snippet:-1","max-image-preview":"max-image-preview:large","max-video-preview":"max-video-preview:-1"},"canonical":"https:\/\/dinn.ucsc.cl\/index.php\/mecanismo-auto-centrante-disipador-de-energia-de-impacto\/","og_locale":"es_ES","og_type":"article","og_title":"Mecanismo Auto-centrante Disipador de Energ\u00eda de Impacto -","og_description":"Propiedad Intelectual &#8211; Patentes en Fase Nacional: Chile: CL2022000901 Estados Unidos: US17\/754687 Australia: AU2019469841 Tecnolog\u00eda desarrollada Corresponde a un dispositivo capaz de disipar la energ\u00eda cin\u00e9tica de cuerpos que impactan contra una superficie o cuerpo r\u00edgido. Consta de un elemento el\u00e1stico que proporciona la fuerza autocentrante, y un elemento de disipaci\u00f3n que imponga una fuerza [&hellip;]","og_url":"https:\/\/dinn.ucsc.cl\/index.php\/mecanismo-auto-centrante-disipador-de-energia-de-impacto\/","article_publisher":"https:\/\/m.facebook.com\/DINNUCSC","article_modified_time":"2023-07-10T01:31:01+00:00","og_image":[{"url":"https:\/\/sitios.ucsc.cl\/ott\/wp-content\/uploads\/sites\/15\/2022\/09\/OTT_Tec_7_2022.png"}],"twitter_card":"summary","twitter_site":"@dinn_ucsc","twitter_misc":{"Tiempo de lectura":"2 minutos"},"schema":{"@context":"https:\/\/schema.org","@graph":[{"@type":"WebSite","@id":"https:\/\/dinn.ucsc.cl\/#website","url":"https:\/\/dinn.ucsc.cl\/","name":"Direcci\u00f3n de Innovaci\u00f3n UCSC","description":"Direcci\u00f3n de Innovaci\u00f3n","potentialAction":[{"@type":"SearchAction","target":{"@type":"EntryPoint","urlTemplate":"https:\/\/dinn.ucsc.cl\/?s={search_term_string}"},"query-input":"required name=search_term_string"}],"inLanguage":"es"},{"@type":"ImageObject","inLanguage":"es","@id":"https:\/\/dinn.ucsc.cl\/index.php\/mecanismo-auto-centrante-disipador-de-energia-de-impacto\/#primaryimage","url":"https:\/\/sitios.ucsc.cl\/ott\/wp-content\/uploads\/sites\/15\/2022\/09\/OTT_Tec_7_2022.png","contentUrl":"https:\/\/sitios.ucsc.cl\/ott\/wp-content\/uploads\/sites\/15\/2022\/09\/OTT_Tec_7_2022.png"},{"@type":"WebPage","@id":"https:\/\/dinn.ucsc.cl\/index.php\/mecanismo-auto-centrante-disipador-de-energia-de-impacto\/#webpage","url":"https:\/\/dinn.ucsc.cl\/index.php\/mecanismo-auto-centrante-disipador-de-energia-de-impacto\/","name":"Mecanismo Auto-centrante Disipador de Energ\u00eda de Impacto -","isPartOf":{"@id":"https:\/\/dinn.ucsc.cl\/#website"},"primaryImageOfPage":{"@id":"https:\/\/dinn.ucsc.cl\/index.php\/mecanismo-auto-centrante-disipador-de-energia-de-impacto\/#primaryimage"},"datePublished":"2022-11-23T20:36:55+00:00","dateModified":"2023-07-10T01:31:01+00:00","breadcrumb":{"@id":"https:\/\/dinn.ucsc.cl\/index.php\/mecanismo-auto-centrante-disipador-de-energia-de-impacto\/#breadcrumb"},"inLanguage":"es","potentialAction":[{"@type":"ReadAction","target":["https:\/\/dinn.ucsc.cl\/index.php\/mecanismo-auto-centrante-disipador-de-energia-de-impacto\/"]}]},{"@type":"BreadcrumbList","@id":"https:\/\/dinn.ucsc.cl\/index.php\/mecanismo-auto-centrante-disipador-de-energia-de-impacto\/#breadcrumb","itemListElement":[{"@type":"ListItem","position":1,"name":"Inicio","item":"https:\/\/dinn.ucsc.cl\/"},{"@type":"ListItem","position":2,"name":"Mecanismo Auto-centrante Disipador de Energ\u00eda de Impacto"}]}]}},"_links":{"self":[{"href":"https:\/\/dinn.ucsc.cl\/index.php\/wp-json\/wp\/v2\/pages\/4111"}],"collection":[{"href":"https:\/\/dinn.ucsc.cl\/index.php\/wp-json\/wp\/v2\/pages"}],"about":[{"href":"https:\/\/dinn.ucsc.cl\/index.php\/wp-json\/wp\/v2\/types\/page"}],"author":[{"embeddable":true,"href":"https:\/\/dinn.ucsc.cl\/index.php\/wp-json\/wp\/v2\/users\/84"}],"replies":[{"embeddable":true,"href":"https:\/\/dinn.ucsc.cl\/index.php\/wp-json\/wp\/v2\/comments?post=4111"}],"version-history":[{"count":5,"href":"https:\/\/dinn.ucsc.cl\/index.php\/wp-json\/wp\/v2\/pages\/4111\/revisions"}],"predecessor-version":[{"id":5200,"href":"https:\/\/dinn.ucsc.cl\/index.php\/wp-json\/wp\/v2\/pages\/4111\/revisions\/5200"}],"wp:attachment":[{"href":"https:\/\/dinn.ucsc.cl\/index.php\/wp-json\/wp\/v2\/media?parent=4111"}],"curies":[{"name":"wp","href":"https:\/\/api.w.org\/{rel}","templated":true}]}}