{"id":4115,"date":"2022-11-23T17:38:23","date_gmt":"2022-11-23T20:38:23","guid":{"rendered":"https:\/\/dinn.ucsc.cl\/?page_id=4115"},"modified":"2024-10-10T10:54:45","modified_gmt":"2024-10-10T13:54:45","slug":"sistema-de-monitoreo-portatil-y-adaptable-en-respiradores-industriales","status":"publish","type":"page","link":"https:\/\/dinn.ucsc.cl\/index.php\/sistema-de-monitoreo-portatil-y-adaptable-en-respiradores-industriales\/","title":{"rendered":"Sistema de monitoreo port\u00e1til y adaptable en respiradores industriales"},"content":{"rendered":"<table class=\" alignleft\" style=\"font-size: 1rem;width: 798px\">\n<tbody>\n<tr>\n<td style=\"width: 797px\" colspan=\"5\">\n<h3><img loading=\"lazy\" class=\"wp-image-3144 aligncenter\" src=\"https:\/\/sitios.ucsc.cl\/ott\/wp-content\/uploads\/sites\/15\/2022\/09\/OTT_Tec_9_2022.png\" alt=\"\" width=\"752\" height=\"154\" \/><\/h3>\n<\/td>\n<\/tr>\n<tr>\n<td style=\"width: 71.3438px\"><\/td>\n<td style=\"width: 57.2812px\"><\/td>\n<td style=\"width: 11.0469px\"><\/td>\n<td style=\"width: 608.047px\"><strong>Propiedad Intelectual \u2013 Patente Concedida:<\/strong><br \/>\nChile: N\u00b0 registro 66408<\/td>\n<td style=\"width: 49.2812px\">\n<h3><\/h3>\n<\/td>\n<\/tr>\n<tr>\n<td style=\"width: 71.3438px\"><\/td>\n<td style=\"width: 57.2812px\"><img loading=\"lazy\" class=\"aligncenter size-full wp-image-2827\" src=\"https:\/\/sitios.ucsc.cl\/ott\/wp-content\/uploads\/sites\/15\/2022\/07\/OTT_TEC_1.png\" alt=\"\" width=\"50\" height=\"50\" \/><\/td>\n<td style=\"width: 11.0469px\"><\/td>\n<td style=\"width: 608.047px\">\n<h3 style=\"text-align: justify\">Tecnolog\u00eda desarrollada<\/h3>\n<\/td>\n<td style=\"width: 49.2812px;text-align: justify\">\n<h3><\/h3>\n<\/td>\n<\/tr>\n<tr style=\"text-align: justify\">\n<td style=\"width: 71.3438px\"><\/td>\n<td style=\"width: 57.2812px\"><\/td>\n<td style=\"width: 11.0469px\"><\/td>\n<td style=\"width: 608.047px\">La presente tecnolog\u00eda corresponde a un sistema de monitoreo port\u00e1til y adaptable en respiradores que permite identificar la respiraci\u00f3n de un trabajador mientras realiza sus labores, sin intervenir en \u00e9stas. Este sistema est\u00e1 compuesto por una pluralidad de sensores que realizan mediciones en tiempo real de la respiraci\u00f3n del usuario como tambi\u00e9n de la vida \u00fatil remanente de los filtros del respirador industrial. Ventajosamente puede ser utilizado con cualquier respirador de est\u00e1ndar industrial.<\/td>\n<td style=\"width: 49.2812px\">\n<h3><\/h3>\n<\/td>\n<\/tr>\n<tr style=\"text-align: justify\">\n<td style=\"width: 71.3438px\"><\/td>\n<td style=\"width: 57.2812px\"><img loading=\"lazy\" class=\"aligncenter size-full wp-image-2828\" src=\"https:\/\/sitios.ucsc.cl\/ott\/wp-content\/uploads\/sites\/15\/2022\/07\/OTT_TEC_2.png\" alt=\"\" width=\"50\" height=\"50\" \/><\/td>\n<td style=\"width: 11.0469px\"><\/td>\n<td style=\"width: 608.047px\">\n<h3>Beneficios \/ Ventajas<\/h3>\n<\/td>\n<td style=\"width: 49.2812px\"><\/td>\n<\/tr>\n<tr style=\"text-align: justify\">\n<td style=\"width: 71.3438px\"><\/td>\n<td style=\"width: 57.2812px\"><\/td>\n<td style=\"width: 11.0469px\"><\/td>\n<td style=\"width: 608.047px\">\u2022 Este sistema de monitoreo no es invasivo, para tener el menor impacto en las tareas de mantenibilidad y operatividad de la industria.<br \/>\n\u2022 Como los respiradores industriales son obligatorios para estas actividades, no hay necesidad de m\u00e1s implementaciones o intervenciones.<br \/>\n\u2022 A trav\u00e9s de los sensores en conjunto con algoritmos de inteligencia artificial y de aprendizaje autom\u00e1tico, es posible determinar:<br \/>\n1. La respiraci\u00f3n del usuario.<br \/>\n2. Problemas de uso y ajuste rostro-respirador del respirador industrial.<br \/>\n3. Porcentaje de uso correcto del respirador industrial; cuando los filtros del respirador se encuentran defectuosos (filtros desgastados o saturados por obstrucci\u00f3n con agentes ambientales filtrados) para calcular su vida \u00fatil remanente.<br \/>\n4. Eficacia del filtro del respirador industrial respecto al ambiente en que est\u00e1 siendo utilizado.<br \/>\n5. Identificar problemas de ajuste o instalaci\u00f3n de filtros para respiradores industriales.<\/td>\n<td style=\"width: 49.2812px\"><\/td>\n<\/tr>\n<tr style=\"text-align: justify\">\n<td style=\"width: 71.3438px\"><\/td>\n<td style=\"width: 57.2812px\"><img loading=\"lazy\" class=\"aligncenter size-full wp-image-2829\" src=\"https:\/\/sitios.ucsc.cl\/ott\/wp-content\/uploads\/sites\/15\/2022\/07\/OTT_TEC_3.png\" alt=\"\" width=\"50\" height=\"50\" \/><\/td>\n<td style=\"width: 11.0469px\"><\/td>\n<td style=\"width: 608.047px\">\n<h3>Usos \/ Aplicaciones<\/h3>\n<\/td>\n<td style=\"width: 49.2812px\"><\/td>\n<\/tr>\n<tr style=\"text-align: justify\">\n<td style=\"width: 71.3438px\"><\/td>\n<td style=\"width: 57.2812px\"><\/td>\n<td style=\"width: 11.0469px\"><\/td>\n<td style=\"width: 608.047px\">Este sistema de monitoreo en respiradores se puede colocar dentro de cualquier respirador (de medio rostro o rostro completo) de est\u00e1ndar industrial, para medir variables respiratorias del usuario y\/o variables ambientales, lo que permite obtener un perfil respiratorio del usuario, en tiempo real durante la jornada de trabajo y, adem\u00e1s, calcular la vida remanente de los filtros del respirador, esto a trav\u00e9s de algoritmos que utilizan el diferencial de presi\u00f3n. El empaquetamiento del sistema permite que cuando se deba desechar el respirador, el sistema de monitoreo pueda reubicarse en un respirador nuevo.<\/td>\n<td style=\"width: 49.2812px\"><\/td>\n<\/tr>\n<tr style=\"text-align: justify\">\n<td style=\"width: 71.3438px\"><\/td>\n<td style=\"width: 57.2812px\"><img loading=\"lazy\" class=\"aligncenter size-full wp-image-2830\" src=\"https:\/\/sitios.ucsc.cl\/ott\/wp-content\/uploads\/sites\/15\/2022\/07\/OTT_TEC_4.png\" alt=\"\" width=\"50\" height=\"50\" \/><\/td>\n<td style=\"width: 11.0469px\"><\/td>\n<td style=\"width: 608.047px\">\n<h3>Oferta tecnol\u00f3gica<\/h3>\n<\/td>\n<td style=\"width: 49.2812px\"><\/td>\n<\/tr>\n<tr style=\"text-align: justify\">\n<td style=\"width: 71.3438px\"><\/td>\n<td style=\"width: 57.2812px\"><\/td>\n<td style=\"width: 11.0469px\"><\/td>\n<td style=\"width: 608.047px\">La tecnolog\u00eda est\u00e1 disponible para licenciamiento.<\/td>\n<td style=\"width: 49.2812px\"><\/td>\n<\/tr>\n<tr style=\"text-align: justify\">\n<td style=\"width: 71.3438px\"><\/td>\n<td style=\"width: 57.2812px\"><img loading=\"lazy\" class=\"aligncenter size-full wp-image-2831\" src=\"https:\/\/sitios.ucsc.cl\/ott\/wp-content\/uploads\/sites\/15\/2022\/07\/OTT_TEC_5.png\" alt=\"\" width=\"50\" height=\"50\" \/><\/td>\n<td style=\"width: 11.0469px\"><\/td>\n<td style=\"width: 608.047px\">\n<h3>Estado de desarrollo<\/h3>\n<\/td>\n<td style=\"width: 49.2812px\"><\/td>\n<\/tr>\n<tr style=\"text-align: justify\">\n<td style=\"width: 71.3438px\"><\/td>\n<td style=\"width: 57.2812px\"><\/td>\n<td style=\"width: 11.0469px\"><\/td>\n<td style=\"width: 608.047px\">TRL 4, ya que cuenta con componentes y sistema validado en entorno de laboratorio.<\/td>\n<td style=\"width: 49.2812px\"><\/td>\n<\/tr>\n<tr style=\"text-align: justify\">\n<td style=\"width: 71.3438px\"><\/td>\n<td style=\"width: 57.2812px\"><img loading=\"lazy\" class=\"aligncenter size-full wp-image-2832\" src=\"https:\/\/sitios.ucsc.cl\/ott\/wp-content\/uploads\/sites\/15\/2022\/07\/OTT_TEC_6.png\" alt=\"\" width=\"50\" height=\"50\" \/><\/td>\n<td style=\"width: 11.0469px\"><\/td>\n<td style=\"width: 608.047px\">\n<h3>Investigadores principales<\/h3>\n<\/td>\n<td style=\"width: 49.2812px\"><\/td>\n<\/tr>\n<tr>\n<td style=\"width: 71.3438px;text-align: justify\"><\/td>\n<td style=\"width: 57.2812px;text-align: justify\"><\/td>\n<td style=\"width: 11.0469px;text-align: justify\"><\/td>\n<td style=\"width: 608.047px;text-align: justify\"><a href=\"https:\/\/ingenieria.ucsc.cl\/persona\/anibal-morales-montecino\/\">Dr. An\u00edbal Morales Montecino<\/a>, Facultad de Ingenier\u00eda UCSC.<br \/>\n<em>Dr. Pablo Aqueveque Navarro<\/em>, Facultad de Ingenier\u00eda UdeC.<\/td>\n<td style=\"width: 49.2812px\"><\/td>\n<\/tr>\n<tr>\n<td style=\"width: 71.3438px\"><\/td>\n<td style=\"width: 676.375px\" colspan=\"3\">&nbsp;<\/p>\n<p><a href=\"https:\/\/dinn.ucsc.cl\/wp-content\/uploads\/sites\/14\/2023\/07\/OTT_Tec_9.pdf\"><img loading=\"lazy\" class=\"aligncenter wp-image-2220 size-medium\" src=\"https:\/\/sitios.ucsc.cl\/ott\/wp-content\/uploads\/sites\/15\/2022\/06\/Bot\u00f3n-descarga-300x61.png\" alt=\"\" width=\"300\" height=\"61\" \/><\/a><\/p>\n<p>&nbsp;<\/td>\n<td style=\"width: 49.2812px\"><\/td>\n<\/tr>\n<tr>\n<td style=\"width: 797px\" colspan=\"5\"><img loading=\"lazy\" class=\"aligncenter wp-image-3029\" src=\"https:\/\/sitios.ucsc.cl\/ott\/wp-content\/uploads\/sites\/15\/2022\/08\/Banner-1.png\" alt=\"\" width=\"748\" height=\"85\" \/><\/td>\n<\/tr>\n<\/tbody>\n<\/table>\n<p>&nbsp;<\/p>\n","protected":false},"excerpt":{"rendered":"<p>Propiedad Intelectual \u2013 Patente Concedida: Chile: N\u00b0 registro 66408 Tecnolog\u00eda desarrollada La presente tecnolog\u00eda corresponde a un sistema de monitoreo port\u00e1til y adaptable en respiradores que permite identificar la respiraci\u00f3n de un trabajador mientras realiza sus labores, sin intervenir en \u00e9stas. Este sistema est\u00e1 compuesto por una pluralidad de sensores que realizan mediciones en tiempo [&hellip;]<\/p>\n","protected":false},"author":84,"featured_media":0,"parent":0,"menu_order":0,"comment_status":"closed","ping_status":"closed","template":"","meta":[],"yoast_head":"<!-- This site is optimized with the Yoast SEO plugin v18.9 - https:\/\/yoast.com\/wordpress\/plugins\/seo\/ -->\n<title>Sistema de monitoreo port\u00e1til y adaptable en respiradores industriales -<\/title>\n<meta name=\"robots\" content=\"index, follow, max-snippet:-1, max-image-preview:large, max-video-preview:-1\" \/>\n<link rel=\"canonical\" href=\"https:\/\/dinn.ucsc.cl\/index.php\/sistema-de-monitoreo-portatil-y-adaptable-en-respiradores-industriales\/\" \/>\n<meta property=\"og:locale\" content=\"es_ES\" \/>\n<meta property=\"og:type\" content=\"article\" \/>\n<meta property=\"og:title\" content=\"Sistema de monitoreo port\u00e1til y adaptable en respiradores industriales -\" \/>\n<meta property=\"og:description\" content=\"Propiedad Intelectual \u2013 Patente Concedida: Chile: N\u00b0 registro 66408 Tecnolog\u00eda desarrollada La presente tecnolog\u00eda corresponde a un sistema de monitoreo port\u00e1til y adaptable en respiradores que permite identificar la respiraci\u00f3n de un trabajador mientras realiza sus labores, sin intervenir en \u00e9stas. Este sistema est\u00e1 compuesto por una pluralidad de sensores que realizan mediciones en tiempo [&hellip;]\" \/>\n<meta property=\"og:url\" content=\"https:\/\/dinn.ucsc.cl\/index.php\/sistema-de-monitoreo-portatil-y-adaptable-en-respiradores-industriales\/\" \/>\n<meta property=\"article:publisher\" content=\"https:\/\/m.facebook.com\/DINNUCSC\" \/>\n<meta property=\"article:modified_time\" content=\"2024-10-10T13:54:45+00:00\" \/>\n<meta property=\"og:image\" content=\"https:\/\/sitios.ucsc.cl\/ott\/wp-content\/uploads\/sites\/15\/2022\/09\/OTT_Tec_9_2022.png\" \/>\n<meta name=\"twitter:card\" content=\"summary\" \/>\n<meta name=\"twitter:site\" content=\"@dinn_ucsc\" \/>\n<meta name=\"twitter:label1\" content=\"Tiempo de lectura\" \/>\n\t<meta name=\"twitter:data1\" content=\"2 minutos\" \/>\n<script type=\"application\/ld+json\" class=\"yoast-schema-graph\">{\"@context\":\"https:\/\/schema.org\",\"@graph\":[{\"@type\":\"WebSite\",\"@id\":\"https:\/\/dinn.ucsc.cl\/#website\",\"url\":\"https:\/\/dinn.ucsc.cl\/\",\"name\":\"Direcci\u00f3n de Innovaci\u00f3n UCSC\",\"description\":\"Direcci\u00f3n de Innovaci\u00f3n\",\"potentialAction\":[{\"@type\":\"SearchAction\",\"target\":{\"@type\":\"EntryPoint\",\"urlTemplate\":\"https:\/\/dinn.ucsc.cl\/?s={search_term_string}\"},\"query-input\":\"required name=search_term_string\"}],\"inLanguage\":\"es\"},{\"@type\":\"ImageObject\",\"inLanguage\":\"es\",\"@id\":\"https:\/\/dinn.ucsc.cl\/index.php\/sistema-de-monitoreo-portatil-y-adaptable-en-respiradores-industriales\/#primaryimage\",\"url\":\"https:\/\/sitios.ucsc.cl\/ott\/wp-content\/uploads\/sites\/15\/2022\/09\/OTT_Tec_9_2022.png\",\"contentUrl\":\"https:\/\/sitios.ucsc.cl\/ott\/wp-content\/uploads\/sites\/15\/2022\/09\/OTT_Tec_9_2022.png\"},{\"@type\":\"WebPage\",\"@id\":\"https:\/\/dinn.ucsc.cl\/index.php\/sistema-de-monitoreo-portatil-y-adaptable-en-respiradores-industriales\/#webpage\",\"url\":\"https:\/\/dinn.ucsc.cl\/index.php\/sistema-de-monitoreo-portatil-y-adaptable-en-respiradores-industriales\/\",\"name\":\"Sistema de monitoreo port\u00e1til y adaptable en respiradores industriales -\",\"isPartOf\":{\"@id\":\"https:\/\/dinn.ucsc.cl\/#website\"},\"primaryImageOfPage\":{\"@id\":\"https:\/\/dinn.ucsc.cl\/index.php\/sistema-de-monitoreo-portatil-y-adaptable-en-respiradores-industriales\/#primaryimage\"},\"datePublished\":\"2022-11-23T20:38:23+00:00\",\"dateModified\":\"2024-10-10T13:54:45+00:00\",\"breadcrumb\":{\"@id\":\"https:\/\/dinn.ucsc.cl\/index.php\/sistema-de-monitoreo-portatil-y-adaptable-en-respiradores-industriales\/#breadcrumb\"},\"inLanguage\":\"es\",\"potentialAction\":[{\"@type\":\"ReadAction\",\"target\":[\"https:\/\/dinn.ucsc.cl\/index.php\/sistema-de-monitoreo-portatil-y-adaptable-en-respiradores-industriales\/\"]}]},{\"@type\":\"BreadcrumbList\",\"@id\":\"https:\/\/dinn.ucsc.cl\/index.php\/sistema-de-monitoreo-portatil-y-adaptable-en-respiradores-industriales\/#breadcrumb\",\"itemListElement\":[{\"@type\":\"ListItem\",\"position\":1,\"name\":\"Inicio\",\"item\":\"https:\/\/dinn.ucsc.cl\/\"},{\"@type\":\"ListItem\",\"position\":2,\"name\":\"Sistema de monitoreo port\u00e1til y adaptable en respiradores industriales\"}]}]}<\/script>\n<!-- \/ Yoast SEO plugin. -->","yoast_head_json":{"title":"Sistema de monitoreo port\u00e1til y adaptable en respiradores industriales -","robots":{"index":"index","follow":"follow","max-snippet":"max-snippet:-1","max-image-preview":"max-image-preview:large","max-video-preview":"max-video-preview:-1"},"canonical":"https:\/\/dinn.ucsc.cl\/index.php\/sistema-de-monitoreo-portatil-y-adaptable-en-respiradores-industriales\/","og_locale":"es_ES","og_type":"article","og_title":"Sistema de monitoreo port\u00e1til y adaptable en respiradores industriales -","og_description":"Propiedad Intelectual \u2013 Patente Concedida: Chile: N\u00b0 registro 66408 Tecnolog\u00eda desarrollada La presente tecnolog\u00eda corresponde a un sistema de monitoreo port\u00e1til y adaptable en respiradores que permite identificar la respiraci\u00f3n de un trabajador mientras realiza sus labores, sin intervenir en \u00e9stas. Este sistema est\u00e1 compuesto por una pluralidad de sensores que realizan mediciones en tiempo [&hellip;]","og_url":"https:\/\/dinn.ucsc.cl\/index.php\/sistema-de-monitoreo-portatil-y-adaptable-en-respiradores-industriales\/","article_publisher":"https:\/\/m.facebook.com\/DINNUCSC","article_modified_time":"2024-10-10T13:54:45+00:00","og_image":[{"url":"https:\/\/sitios.ucsc.cl\/ott\/wp-content\/uploads\/sites\/15\/2022\/09\/OTT_Tec_9_2022.png"}],"twitter_card":"summary","twitter_site":"@dinn_ucsc","twitter_misc":{"Tiempo de lectura":"2 minutos"},"schema":{"@context":"https:\/\/schema.org","@graph":[{"@type":"WebSite","@id":"https:\/\/dinn.ucsc.cl\/#website","url":"https:\/\/dinn.ucsc.cl\/","name":"Direcci\u00f3n de Innovaci\u00f3n UCSC","description":"Direcci\u00f3n de Innovaci\u00f3n","potentialAction":[{"@type":"SearchAction","target":{"@type":"EntryPoint","urlTemplate":"https:\/\/dinn.ucsc.cl\/?s={search_term_string}"},"query-input":"required name=search_term_string"}],"inLanguage":"es"},{"@type":"ImageObject","inLanguage":"es","@id":"https:\/\/dinn.ucsc.cl\/index.php\/sistema-de-monitoreo-portatil-y-adaptable-en-respiradores-industriales\/#primaryimage","url":"https:\/\/sitios.ucsc.cl\/ott\/wp-content\/uploads\/sites\/15\/2022\/09\/OTT_Tec_9_2022.png","contentUrl":"https:\/\/sitios.ucsc.cl\/ott\/wp-content\/uploads\/sites\/15\/2022\/09\/OTT_Tec_9_2022.png"},{"@type":"WebPage","@id":"https:\/\/dinn.ucsc.cl\/index.php\/sistema-de-monitoreo-portatil-y-adaptable-en-respiradores-industriales\/#webpage","url":"https:\/\/dinn.ucsc.cl\/index.php\/sistema-de-monitoreo-portatil-y-adaptable-en-respiradores-industriales\/","name":"Sistema de monitoreo port\u00e1til y adaptable en respiradores industriales -","isPartOf":{"@id":"https:\/\/dinn.ucsc.cl\/#website"},"primaryImageOfPage":{"@id":"https:\/\/dinn.ucsc.cl\/index.php\/sistema-de-monitoreo-portatil-y-adaptable-en-respiradores-industriales\/#primaryimage"},"datePublished":"2022-11-23T20:38:23+00:00","dateModified":"2024-10-10T13:54:45+00:00","breadcrumb":{"@id":"https:\/\/dinn.ucsc.cl\/index.php\/sistema-de-monitoreo-portatil-y-adaptable-en-respiradores-industriales\/#breadcrumb"},"inLanguage":"es","potentialAction":[{"@type":"ReadAction","target":["https:\/\/dinn.ucsc.cl\/index.php\/sistema-de-monitoreo-portatil-y-adaptable-en-respiradores-industriales\/"]}]},{"@type":"BreadcrumbList","@id":"https:\/\/dinn.ucsc.cl\/index.php\/sistema-de-monitoreo-portatil-y-adaptable-en-respiradores-industriales\/#breadcrumb","itemListElement":[{"@type":"ListItem","position":1,"name":"Inicio","item":"https:\/\/dinn.ucsc.cl\/"},{"@type":"ListItem","position":2,"name":"Sistema de monitoreo port\u00e1til y adaptable en respiradores industriales"}]}]}},"_links":{"self":[{"href":"https:\/\/dinn.ucsc.cl\/index.php\/wp-json\/wp\/v2\/pages\/4115"}],"collection":[{"href":"https:\/\/dinn.ucsc.cl\/index.php\/wp-json\/wp\/v2\/pages"}],"about":[{"href":"https:\/\/dinn.ucsc.cl\/index.php\/wp-json\/wp\/v2\/types\/page"}],"author":[{"embeddable":true,"href":"https:\/\/dinn.ucsc.cl\/index.php\/wp-json\/wp\/v2\/users\/84"}],"replies":[{"embeddable":true,"href":"https:\/\/dinn.ucsc.cl\/index.php\/wp-json\/wp\/v2\/comments?post=4115"}],"version-history":[{"count":5,"href":"https:\/\/dinn.ucsc.cl\/index.php\/wp-json\/wp\/v2\/pages\/4115\/revisions"}],"predecessor-version":[{"id":5984,"href":"https:\/\/dinn.ucsc.cl\/index.php\/wp-json\/wp\/v2\/pages\/4115\/revisions\/5984"}],"wp:attachment":[{"href":"https:\/\/dinn.ucsc.cl\/index.php\/wp-json\/wp\/v2\/media?parent=4115"}],"curies":[{"name":"wp","href":"https:\/\/api.w.org\/{rel}","templated":true}]}}