{"id":4117,"date":"2022-11-23T17:39:30","date_gmt":"2022-11-23T20:39:30","guid":{"rendered":"https:\/\/dinn.ucsc.cl\/?page_id=4117"},"modified":"2024-10-10T10:38:49","modified_gmt":"2024-10-10T13:38:49","slug":"sistema-de-inyeccion-de-agua-para-acuicultura-wisa","status":"publish","type":"page","link":"https:\/\/dinn.ucsc.cl\/index.php\/sistema-de-inyeccion-de-agua-para-acuicultura-wisa\/","title":{"rendered":"Sistema de inyecci\u00f3n de agua para acuicultura (WISA)"},"content":{"rendered":"<table class=\" alignleft\" style=\"width: 792px\">\n<tbody>\n<tr>\n<td style=\"width: 791px\" colspan=\"5\"><img loading=\"lazy\" class=\"wp-image-3157 aligncenter\" src=\"https:\/\/sitios.ucsc.cl\/ott\/wp-content\/uploads\/sites\/15\/2022\/09\/OTT_Tec_10_2022.png\" alt=\"\" width=\"737\" height=\"151\" \/><\/td>\n<\/tr>\n<tr>\n<td style=\"width: 55.0625px\"><\/td>\n<td style=\"width: 46.0469px\"><\/td>\n<td style=\"width: 12px\"><\/td>\n<td><strong>Propiedad Intelectual \u2013 Patentes en Fase Nacional:<br \/>\n<\/strong>Chile: 202401575 (solicitud de patente)<br \/>\nCanad\u00e1: 3239320 (solicitud de patente)<br \/>\nUni\u00f3n Europea: EP21965553.7 (solicitud de patente)<\/td>\n<td style=\"width: 50.1094px\">\n<h3><\/h3>\n<\/td>\n<\/tr>\n<tr>\n<td style=\"width: 55.0625px\"><\/td>\n<td style=\"width: 46.0469px\"><img loading=\"lazy\" class=\"aligncenter size-full wp-image-2827\" src=\"https:\/\/sitios.ucsc.cl\/ott\/wp-content\/uploads\/sites\/15\/2022\/07\/OTT_TEC_1.png\" alt=\"\" width=\"50\" height=\"50\" \/><\/td>\n<td style=\"width: 12px\"><\/td>\n<td style=\"width: 627.781px\">\n<h3 style=\"text-align: justify\">Tecnolog\u00eda desarrollada<\/h3>\n<\/td>\n<td style=\"width: 50.1094px;text-align: justify\">\n<h3><\/h3>\n<\/td>\n<\/tr>\n<tr style=\"text-align: justify\">\n<td style=\"width: 55.0625px\"><\/td>\n<td style=\"width: 46.0469px\"><\/td>\n<td style=\"width: 12px\"><\/td>\n<td style=\"width: 627.781px\">La tecnolog\u00eda consiste en un sistema para la inyecci\u00f3n de agua en estanques de cultivo de recursos hidrobiol\u00f3gicos. Permite de manera efectiva, eficiente y en un m\u00ednimo de tiempo, mezclar el agua que ingresa al estanque, homogenizar la calidad del agua en su interior y facilitar su auto-limpieza. Para esto se combina el uso de eductores que pueden ser ajustables para modificar la fuerza de empuje, direcci\u00f3n y aporte de ox\u00edgeno disuelto. Adem\u00e1s, utiliza un software que permite predecir los efectos del sistema sobre las variables de velocidad circular y tiempo de mezcla al interior del estanque.<\/td>\n<td style=\"width: 50.1094px\">\n<h3><\/h3>\n<\/td>\n<\/tr>\n<tr style=\"text-align: justify\">\n<td style=\"width: 55.0625px\"><\/td>\n<td style=\"width: 46.0469px\"><img loading=\"lazy\" class=\"aligncenter size-full wp-image-2828\" src=\"https:\/\/sitios.ucsc.cl\/ott\/wp-content\/uploads\/sites\/15\/2022\/07\/OTT_TEC_2.png\" alt=\"\" width=\"50\" height=\"50\" \/><\/td>\n<td style=\"width: 12px\"><\/td>\n<td style=\"width: 627.781px\">\n<h3>Beneficios \/ Ventajas<\/h3>\n<\/td>\n<td style=\"width: 50.1094px\"><\/td>\n<\/tr>\n<tr style=\"text-align: justify\">\n<td style=\"width: 55.0625px\"><\/td>\n<td style=\"width: 46.0469px\"><\/td>\n<td style=\"width: 12px\"><\/td>\n<td style=\"width: 627.781px\">\u2022 Genera condiciones fluidodina\u0301micas que permitan la mezcla de las caracter\u00edsticas fi\u0301sico-qui\u0301micas del agua que ingresa al estanque de cultivo.<\/p>\n<p>\u2022 Homogeniza la calidad del agua que ingresa al estanque de cultivo.<\/p>\n<p>\u2022 El ajuste de los eductores permite regular la velocidad circular dentro del estanque, el caudal que se mueve y el ingreso de ox\u00edgeno disuelto, optimizando las condiciones fluidodin\u00e1micas dentro del estanque.<\/p>\n<p>\u2022 Mejora la distribuci\u00f3n horizontal y vertical de los peces al optimizar la calidad del agua dentro del estanque. Esto significa que los sistemas de tratamiento y acondicionamiento de agua pueden ser de menor tama\u00f1o, usar menos espacio y menos energ\u00eda.<\/p>\n<p>\u2022 La r\u00e1pida renovaci\u00f3n de la mezcla y homogenizaci\u00f3n del agua mejora la calidad de vida y desarrollo de especies en cultivo. Esto evita la exposici\u00f3n prolongada a niveles subletales de concentraci\u00f3n de alguna de las variables de calidad de agua, tales como: compuestos nitrogenados, di\u00f3xido de carbono, ox\u00edgeno disuelto, entre otros.<\/td>\n<td style=\"width: 50.1094px\"><\/td>\n<\/tr>\n<tr style=\"text-align: justify\">\n<td style=\"width: 55.0625px\"><\/td>\n<td style=\"width: 46.0469px\"><img loading=\"lazy\" class=\"aligncenter size-full wp-image-2829\" src=\"https:\/\/sitios.ucsc.cl\/ott\/wp-content\/uploads\/sites\/15\/2022\/07\/OTT_TEC_3.png\" alt=\"\" width=\"50\" height=\"50\" \/><\/td>\n<td style=\"width: 12px\"><\/td>\n<td style=\"width: 627.781px\">\n<h3>Usos \/ Aplicaciones<\/h3>\n<\/td>\n<td style=\"width: 50.1094px\"><\/td>\n<\/tr>\n<tr style=\"text-align: justify\">\n<td style=\"width: 55.0625px\"><\/td>\n<td style=\"width: 46.0469px\"><\/td>\n<td style=\"width: 12px\"><\/td>\n<td style=\"width: 627.781px\">Puede ser utilizado en estanques de cultivo de recursos hidrobiol\u00f3gicos, en donde se requiera favorecer la mezcla, homogenizaci\u00f3n y autolimpieza del estanque.<\/td>\n<td style=\"width: 50.1094px\"><\/td>\n<\/tr>\n<tr style=\"text-align: justify\">\n<td style=\"width: 55.0625px\"><\/td>\n<td style=\"width: 46.0469px\"><img loading=\"lazy\" class=\"aligncenter size-full wp-image-2830\" src=\"https:\/\/sitios.ucsc.cl\/ott\/wp-content\/uploads\/sites\/15\/2022\/07\/OTT_TEC_4.png\" alt=\"\" width=\"50\" height=\"50\" \/><\/td>\n<td style=\"width: 12px\"><\/td>\n<td style=\"width: 627.781px\">\n<h3>Oferta tecnol\u00f3gica<\/h3>\n<\/td>\n<td style=\"width: 50.1094px\"><\/td>\n<\/tr>\n<tr style=\"text-align: justify\">\n<td style=\"width: 55.0625px\"><\/td>\n<td style=\"width: 46.0469px\"><\/td>\n<td style=\"width: 12px\"><\/td>\n<td style=\"width: 627.781px\">La tecnolog\u00eda est\u00e1 disponible para licenciamiento.<\/td>\n<td style=\"width: 50.1094px\"><\/td>\n<\/tr>\n<tr style=\"text-align: justify\">\n<td style=\"width: 55.0625px\"><\/td>\n<td style=\"width: 46.0469px\"><img loading=\"lazy\" class=\"aligncenter size-full wp-image-2831\" src=\"https:\/\/sitios.ucsc.cl\/ott\/wp-content\/uploads\/sites\/15\/2022\/07\/OTT_TEC_5.png\" alt=\"\" width=\"50\" height=\"50\" \/><\/td>\n<td style=\"width: 12px\"><\/td>\n<td style=\"width: 627.781px\">\n<h3>Estado de desarrollo<\/h3>\n<\/td>\n<td style=\"width: 50.1094px\"><\/td>\n<\/tr>\n<tr style=\"text-align: justify\">\n<td style=\"width: 55.0625px\"><\/td>\n<td style=\"width: 46.0469px\"><\/td>\n<td style=\"width: 12px\"><\/td>\n<td style=\"width: 627.781px\">TRL 4, ya que se han desarrollado prototipos funcionales probados a nivel de laboratorio. Espec\u00edficamente, las pruebas se han realizado en estanques de 1,2 y 2,6 m de di\u00e1metro en las instalaciones del Laboratorio H\u00famedo de la UCSC.<\/td>\n<td style=\"width: 50.1094px\"><\/td>\n<\/tr>\n<tr style=\"text-align: justify\">\n<td style=\"width: 55.0625px\"><\/td>\n<td style=\"width: 46.0469px\"><img loading=\"lazy\" class=\"aligncenter size-full wp-image-2832\" src=\"https:\/\/sitios.ucsc.cl\/ott\/wp-content\/uploads\/sites\/15\/2022\/07\/OTT_TEC_6.png\" alt=\"\" width=\"50\" height=\"50\" \/><\/td>\n<td style=\"width: 12px\"><\/td>\n<td style=\"width: 627.781px\">\n<h3>Investigador principal<\/h3>\n<\/td>\n<td style=\"width: 50.1094px\"><\/td>\n<\/tr>\n<tr>\n<td style=\"width: 55.0625px;text-align: justify\"><\/td>\n<td style=\"width: 46.0469px;text-align: justify\"><\/td>\n<td style=\"width: 12px;text-align: justify\"><\/td>\n<td style=\"width: 627.781px\">\n<p style=\"text-align: justify\"><a href=\"https:\/\/ingenieria.ucsc.cl\/persona\/pablo-venegas-cabello\/\">MSc. Pablo Venegas Cabello<\/a>, Facultad de Ingenier\u00eda.<\/p>\n<p style=\"text-align: justify\"><a href=\"https:\/\/ingenieria.ucsc.cl\/persona\/ana-narvaez-dinamarca\/\">Dra. Ana Narva\u0301ez Dinamarca<\/a>, Facultad de Ingenier\u00eda.<\/p>\n<p style=\"text-align: justify\">MSc. Katherine Llancaleo S\u00e1nchez, Facultad de Ingenier\u00eda.<\/p>\n<\/td>\n<td style=\"width: 50.1094px\"><\/td>\n<\/tr>\n<tr>\n<td style=\"width: 55.0625px\"><\/td>\n<td style=\"width: 685.828px\" colspan=\"3\">&nbsp;<\/p>\n<p><a href=\"https:\/\/dinn.ucsc.cl\/wp-content\/uploads\/sites\/14\/2023\/07\/OTT_Tec_10.pdf\"><img loading=\"lazy\" class=\"aligncenter wp-image-2220 size-medium\" src=\"https:\/\/sitios.ucsc.cl\/ott\/wp-content\/uploads\/sites\/15\/2022\/06\/Bot\u00f3n-descarga-300x61.png\" alt=\"\" width=\"300\" height=\"61\" \/><\/a><\/p>\n<p>&nbsp;<\/td>\n<td style=\"width: 50.1094px\"><\/td>\n<\/tr>\n<tr>\n<td style=\"width: 791px\" colspan=\"5\"><img loading=\"lazy\" class=\"aligncenter wp-image-3029\" src=\"https:\/\/sitios.ucsc.cl\/ott\/wp-content\/uploads\/sites\/15\/2022\/08\/Banner-1.png\" alt=\"\" width=\"748\" height=\"85\" \/><\/td>\n<\/tr>\n<\/tbody>\n<\/table>\n<p>&nbsp;<\/p>\n","protected":false},"excerpt":{"rendered":"<p>Propiedad Intelectual \u2013 Patentes en Fase Nacional: Chile: 202401575 (solicitud de patente) Canad\u00e1: 3239320 (solicitud de patente) Uni\u00f3n Europea: EP21965553.7 (solicitud de patente) Tecnolog\u00eda desarrollada La tecnolog\u00eda consiste en un sistema para la inyecci\u00f3n de agua en estanques de cultivo de recursos hidrobiol\u00f3gicos. Permite de manera efectiva, eficiente y en un m\u00ednimo de tiempo, mezclar [&hellip;]<\/p>\n","protected":false},"author":84,"featured_media":0,"parent":0,"menu_order":0,"comment_status":"closed","ping_status":"closed","template":"","meta":[],"yoast_head":"<!-- This site is optimized with the Yoast SEO plugin v18.9 - https:\/\/yoast.com\/wordpress\/plugins\/seo\/ -->\n<title>Sistema de inyecci\u00f3n de agua para acuicultura (WISA) -<\/title>\n<meta name=\"robots\" content=\"index, follow, max-snippet:-1, max-image-preview:large, max-video-preview:-1\" \/>\n<link rel=\"canonical\" href=\"https:\/\/dinn.ucsc.cl\/index.php\/sistema-de-inyeccion-de-agua-para-acuicultura-wisa\/\" \/>\n<meta property=\"og:locale\" content=\"es_ES\" \/>\n<meta property=\"og:type\" content=\"article\" \/>\n<meta property=\"og:title\" content=\"Sistema de inyecci\u00f3n de agua para acuicultura (WISA) -\" \/>\n<meta property=\"og:description\" content=\"Propiedad Intelectual \u2013 Patentes en Fase Nacional: Chile: 202401575 (solicitud de patente) Canad\u00e1: 3239320 (solicitud de patente) Uni\u00f3n Europea: EP21965553.7 (solicitud de patente) Tecnolog\u00eda desarrollada La tecnolog\u00eda consiste en un sistema para la inyecci\u00f3n de agua en estanques de cultivo de recursos hidrobiol\u00f3gicos. Permite de manera efectiva, eficiente y en un m\u00ednimo de tiempo, mezclar [&hellip;]\" \/>\n<meta property=\"og:url\" content=\"https:\/\/dinn.ucsc.cl\/index.php\/sistema-de-inyeccion-de-agua-para-acuicultura-wisa\/\" \/>\n<meta property=\"article:publisher\" content=\"https:\/\/m.facebook.com\/DINNUCSC\" \/>\n<meta property=\"article:modified_time\" content=\"2024-10-10T13:38:49+00:00\" \/>\n<meta property=\"og:image\" content=\"https:\/\/sitios.ucsc.cl\/ott\/wp-content\/uploads\/sites\/15\/2022\/09\/OTT_Tec_10_2022.png\" \/>\n<meta name=\"twitter:card\" content=\"summary\" \/>\n<meta name=\"twitter:site\" content=\"@dinn_ucsc\" \/>\n<meta name=\"twitter:label1\" content=\"Tiempo de lectura\" \/>\n\t<meta name=\"twitter:data1\" content=\"2 minutos\" \/>\n<script type=\"application\/ld+json\" class=\"yoast-schema-graph\">{\"@context\":\"https:\/\/schema.org\",\"@graph\":[{\"@type\":\"WebSite\",\"@id\":\"https:\/\/dinn.ucsc.cl\/#website\",\"url\":\"https:\/\/dinn.ucsc.cl\/\",\"name\":\"Direcci\u00f3n de Innovaci\u00f3n UCSC\",\"description\":\"Direcci\u00f3n de Innovaci\u00f3n\",\"potentialAction\":[{\"@type\":\"SearchAction\",\"target\":{\"@type\":\"EntryPoint\",\"urlTemplate\":\"https:\/\/dinn.ucsc.cl\/?s={search_term_string}\"},\"query-input\":\"required name=search_term_string\"}],\"inLanguage\":\"es\"},{\"@type\":\"ImageObject\",\"inLanguage\":\"es\",\"@id\":\"https:\/\/dinn.ucsc.cl\/index.php\/sistema-de-inyeccion-de-agua-para-acuicultura-wisa\/#primaryimage\",\"url\":\"https:\/\/sitios.ucsc.cl\/ott\/wp-content\/uploads\/sites\/15\/2022\/09\/OTT_Tec_10_2022.png\",\"contentUrl\":\"https:\/\/sitios.ucsc.cl\/ott\/wp-content\/uploads\/sites\/15\/2022\/09\/OTT_Tec_10_2022.png\"},{\"@type\":\"WebPage\",\"@id\":\"https:\/\/dinn.ucsc.cl\/index.php\/sistema-de-inyeccion-de-agua-para-acuicultura-wisa\/#webpage\",\"url\":\"https:\/\/dinn.ucsc.cl\/index.php\/sistema-de-inyeccion-de-agua-para-acuicultura-wisa\/\",\"name\":\"Sistema de inyecci\u00f3n de agua para acuicultura (WISA) -\",\"isPartOf\":{\"@id\":\"https:\/\/dinn.ucsc.cl\/#website\"},\"primaryImageOfPage\":{\"@id\":\"https:\/\/dinn.ucsc.cl\/index.php\/sistema-de-inyeccion-de-agua-para-acuicultura-wisa\/#primaryimage\"},\"datePublished\":\"2022-11-23T20:39:30+00:00\",\"dateModified\":\"2024-10-10T13:38:49+00:00\",\"breadcrumb\":{\"@id\":\"https:\/\/dinn.ucsc.cl\/index.php\/sistema-de-inyeccion-de-agua-para-acuicultura-wisa\/#breadcrumb\"},\"inLanguage\":\"es\",\"potentialAction\":[{\"@type\":\"ReadAction\",\"target\":[\"https:\/\/dinn.ucsc.cl\/index.php\/sistema-de-inyeccion-de-agua-para-acuicultura-wisa\/\"]}]},{\"@type\":\"BreadcrumbList\",\"@id\":\"https:\/\/dinn.ucsc.cl\/index.php\/sistema-de-inyeccion-de-agua-para-acuicultura-wisa\/#breadcrumb\",\"itemListElement\":[{\"@type\":\"ListItem\",\"position\":1,\"name\":\"Inicio\",\"item\":\"https:\/\/dinn.ucsc.cl\/\"},{\"@type\":\"ListItem\",\"position\":2,\"name\":\"Sistema de inyecci\u00f3n de agua para acuicultura (WISA)\"}]}]}<\/script>\n<!-- \/ Yoast SEO plugin. -->","yoast_head_json":{"title":"Sistema de inyecci\u00f3n de agua para acuicultura (WISA) -","robots":{"index":"index","follow":"follow","max-snippet":"max-snippet:-1","max-image-preview":"max-image-preview:large","max-video-preview":"max-video-preview:-1"},"canonical":"https:\/\/dinn.ucsc.cl\/index.php\/sistema-de-inyeccion-de-agua-para-acuicultura-wisa\/","og_locale":"es_ES","og_type":"article","og_title":"Sistema de inyecci\u00f3n de agua para acuicultura (WISA) -","og_description":"Propiedad Intelectual \u2013 Patentes en Fase Nacional: Chile: 202401575 (solicitud de patente) Canad\u00e1: 3239320 (solicitud de patente) Uni\u00f3n Europea: EP21965553.7 (solicitud de patente) Tecnolog\u00eda desarrollada La tecnolog\u00eda consiste en un sistema para la inyecci\u00f3n de agua en estanques de cultivo de recursos hidrobiol\u00f3gicos. Permite de manera efectiva, eficiente y en un m\u00ednimo de tiempo, mezclar [&hellip;]","og_url":"https:\/\/dinn.ucsc.cl\/index.php\/sistema-de-inyeccion-de-agua-para-acuicultura-wisa\/","article_publisher":"https:\/\/m.facebook.com\/DINNUCSC","article_modified_time":"2024-10-10T13:38:49+00:00","og_image":[{"url":"https:\/\/sitios.ucsc.cl\/ott\/wp-content\/uploads\/sites\/15\/2022\/09\/OTT_Tec_10_2022.png"}],"twitter_card":"summary","twitter_site":"@dinn_ucsc","twitter_misc":{"Tiempo de lectura":"2 minutos"},"schema":{"@context":"https:\/\/schema.org","@graph":[{"@type":"WebSite","@id":"https:\/\/dinn.ucsc.cl\/#website","url":"https:\/\/dinn.ucsc.cl\/","name":"Direcci\u00f3n de Innovaci\u00f3n UCSC","description":"Direcci\u00f3n de Innovaci\u00f3n","potentialAction":[{"@type":"SearchAction","target":{"@type":"EntryPoint","urlTemplate":"https:\/\/dinn.ucsc.cl\/?s={search_term_string}"},"query-input":"required name=search_term_string"}],"inLanguage":"es"},{"@type":"ImageObject","inLanguage":"es","@id":"https:\/\/dinn.ucsc.cl\/index.php\/sistema-de-inyeccion-de-agua-para-acuicultura-wisa\/#primaryimage","url":"https:\/\/sitios.ucsc.cl\/ott\/wp-content\/uploads\/sites\/15\/2022\/09\/OTT_Tec_10_2022.png","contentUrl":"https:\/\/sitios.ucsc.cl\/ott\/wp-content\/uploads\/sites\/15\/2022\/09\/OTT_Tec_10_2022.png"},{"@type":"WebPage","@id":"https:\/\/dinn.ucsc.cl\/index.php\/sistema-de-inyeccion-de-agua-para-acuicultura-wisa\/#webpage","url":"https:\/\/dinn.ucsc.cl\/index.php\/sistema-de-inyeccion-de-agua-para-acuicultura-wisa\/","name":"Sistema de inyecci\u00f3n de agua para acuicultura (WISA) -","isPartOf":{"@id":"https:\/\/dinn.ucsc.cl\/#website"},"primaryImageOfPage":{"@id":"https:\/\/dinn.ucsc.cl\/index.php\/sistema-de-inyeccion-de-agua-para-acuicultura-wisa\/#primaryimage"},"datePublished":"2022-11-23T20:39:30+00:00","dateModified":"2024-10-10T13:38:49+00:00","breadcrumb":{"@id":"https:\/\/dinn.ucsc.cl\/index.php\/sistema-de-inyeccion-de-agua-para-acuicultura-wisa\/#breadcrumb"},"inLanguage":"es","potentialAction":[{"@type":"ReadAction","target":["https:\/\/dinn.ucsc.cl\/index.php\/sistema-de-inyeccion-de-agua-para-acuicultura-wisa\/"]}]},{"@type":"BreadcrumbList","@id":"https:\/\/dinn.ucsc.cl\/index.php\/sistema-de-inyeccion-de-agua-para-acuicultura-wisa\/#breadcrumb","itemListElement":[{"@type":"ListItem","position":1,"name":"Inicio","item":"https:\/\/dinn.ucsc.cl\/"},{"@type":"ListItem","position":2,"name":"Sistema de inyecci\u00f3n de agua para acuicultura (WISA)"}]}]}},"_links":{"self":[{"href":"https:\/\/dinn.ucsc.cl\/index.php\/wp-json\/wp\/v2\/pages\/4117"}],"collection":[{"href":"https:\/\/dinn.ucsc.cl\/index.php\/wp-json\/wp\/v2\/pages"}],"about":[{"href":"https:\/\/dinn.ucsc.cl\/index.php\/wp-json\/wp\/v2\/types\/page"}],"author":[{"embeddable":true,"href":"https:\/\/dinn.ucsc.cl\/index.php\/wp-json\/wp\/v2\/users\/84"}],"replies":[{"embeddable":true,"href":"https:\/\/dinn.ucsc.cl\/index.php\/wp-json\/wp\/v2\/comments?post=4117"}],"version-history":[{"count":6,"href":"https:\/\/dinn.ucsc.cl\/index.php\/wp-json\/wp\/v2\/pages\/4117\/revisions"}],"predecessor-version":[{"id":5983,"href":"https:\/\/dinn.ucsc.cl\/index.php\/wp-json\/wp\/v2\/pages\/4117\/revisions\/5983"}],"wp:attachment":[{"href":"https:\/\/dinn.ucsc.cl\/index.php\/wp-json\/wp\/v2\/media?parent=4117"}],"curies":[{"name":"wp","href":"https:\/\/api.w.org\/{rel}","templated":true}]}}