{"id":4125,"date":"2022-11-23T17:42:32","date_gmt":"2022-11-23T20:42:32","guid":{"rendered":"https:\/\/dinn.ucsc.cl\/?page_id=4125"},"modified":"2022-11-23T17:42:32","modified_gmt":"2022-11-23T20:42:32","slug":"paquete-tecnologico-videogramas-matematicamente","status":"publish","type":"page","link":"https:\/\/dinn.ucsc.cl\/index.php\/paquete-tecnologico-videogramas-matematicamente\/","title":{"rendered":"Paquete tecnol\u00f3gico: Videogramas Matem\u00e1ticamente."},"content":{"rendered":"<table class=\" alignleft\">\n<tbody>\n<tr>\n<td style=\"width: 741px\" colspan=\"4\"><img loading=\"lazy\" class=\"alignnone wp-image-2244 size-full\" src=\"https:\/\/sitios.ucsc.cl\/ott\/wp-content\/uploads\/sites\/15\/2022\/06\/OTT_DDA_2_HEADER.png\" alt=\"\" width=\"950\" height=\"194\" \/><\/td>\n<\/tr>\n<tr>\n<td style=\"width: 68px\"><\/td>\n<td style=\"width: 62px\"><img loading=\"lazy\" class=\"aligncenter wp-image-2175 size-full\" src=\"https:\/\/sitios.ucsc.cl\/ott\/wp-content\/uploads\/sites\/15\/2022\/06\/OTT_DDA_1.png\" alt=\"\" width=\"50\" height=\"50\" \/><\/td>\n<td style=\"width: 608px\">\n<h3>Tecnolog\u00eda desarrollada<\/h3>\n<\/td>\n<td style=\"width: 3px\">\n<h3><\/h3>\n<\/td>\n<\/tr>\n<tr>\n<td style=\"width: 68px\"><\/td>\n<td style=\"width: 62px\"><\/td>\n<td style=\"width: 608px\">El paquete tecnol\u00f3gico contiene 7 Videogramas. Videogramas Matem\u00e1ticamente es un instrumento que puede ser usado como un importante medio audiovisual de ense\u00f1anza, en funci\u00f3n de favorecer el proceso ense\u00f1anza-aprendizaje.<\/td>\n<td style=\"width: 3px\">\n<h3><\/h3>\n<\/td>\n<\/tr>\n<tr>\n<td style=\"width: 68px\"><\/td>\n<td style=\"width: 62px\"><img loading=\"lazy\" class=\"aligncenter wp-image-2176 size-full\" src=\"https:\/\/sitios.ucsc.cl\/ott\/wp-content\/uploads\/sites\/15\/2022\/06\/OTT_DDA_2.png\" alt=\"\" width=\"50\" height=\"50\" \/><\/td>\n<td style=\"width: 608px\">\n<h3>Beneficios \/ Ventajas<\/h3>\n<\/td>\n<td style=\"width: 3px\"><\/td>\n<\/tr>\n<tr>\n<td style=\"width: 68px\"><\/td>\n<td style=\"width: 62px\"><\/td>\n<td style=\"width: 608px\">Medio de difusi\u00f3n masiva que puede ser utilizado como un importante medio audiovisual de ense\u00f1anza ya que combina elementos de los otros medios, como la fotograf\u00eda, la imagen en movimiento, el texto y el sonido en funci\u00f3n de favorecer el desarrollo del proceso de ense\u00f1anza-aprendizaje.<\/td>\n<td style=\"width: 3px\"><\/td>\n<\/tr>\n<tr>\n<td style=\"width: 68px\"><\/td>\n<td style=\"width: 62px\"><img loading=\"lazy\" class=\"aligncenter wp-image-2177 size-full\" src=\"https:\/\/sitios.ucsc.cl\/ott\/wp-content\/uploads\/sites\/15\/2022\/06\/OTT_DDA_3.png\" alt=\"\" width=\"50\" height=\"50\" \/><\/td>\n<td style=\"width: 608px\">\n<h3>Usos \/ Aplicaciones<\/h3>\n<p>Educaci\u00f3n.<\/td>\n<td style=\"width: 3px\"><\/td>\n<\/tr>\n<tr>\n<td style=\"width: 68px\"><\/td>\n<td style=\"width: 62px\"><img loading=\"lazy\" class=\"aligncenter wp-image-2178 size-full\" src=\"https:\/\/sitios.ucsc.cl\/ott\/wp-content\/uploads\/sites\/15\/2022\/06\/OTT_DDA_4.png\" alt=\"\" width=\"50\" height=\"50\" \/><\/td>\n<td style=\"width: 608px\">\n<h3>Oferta tecnol\u00f3gica<\/h3>\n<p>Disponible para licenciamiento.<\/td>\n<td style=\"width: 3px\"><\/td>\n<\/tr>\n<tr>\n<td style=\"width: 68px\"><\/td>\n<td style=\"width: 62px\"><img loading=\"lazy\" class=\"aligncenter wp-image-2179 size-full\" src=\"https:\/\/sitios.ucsc.cl\/ott\/wp-content\/uploads\/sites\/15\/2022\/06\/OTT_DDA_5.png\" alt=\"\" width=\"50\" height=\"50\" \/><\/td>\n<td style=\"width: 608px\">\n<h3>Propiedad intelectual<\/h3>\n<p>Registro derecho de autor:<br \/>\nN\u00b0 311670, 302883, 311722, 311725, 311727, 311728, 311732.<\/td>\n<td style=\"width: 3px\"><\/td>\n<\/tr>\n<tr>\n<td style=\"width: 68px\"><\/td>\n<td style=\"width: 62px\"><img loading=\"lazy\" class=\"aligncenter wp-image-2180 size-full\" src=\"https:\/\/sitios.ucsc.cl\/ott\/wp-content\/uploads\/sites\/15\/2022\/06\/OTT_DDA_6.png\" alt=\"\" width=\"50\" height=\"50\" \/><\/td>\n<td style=\"width: 608px\">\n<h3>Investigadores principales<\/h3>\n<p>Natacha Carrasco, Unidad de Acompa\u00f1amiento y Acceso a la Universidad.<br \/>\nCristi\u00e1n Herrera, Unidad de Acompa\u00f1amiento y Acceso a la Universidad.<\/td>\n<td style=\"width: 3px\"><\/td>\n<\/tr>\n<tr>\n<td style=\"width: 68px\"><\/td>\n<td style=\"width: 670px\" colspan=\"2\">&nbsp;<\/p>\n<p><a href=\"https:\/\/sitios.ucsc.cl\/ott\/wp-content\/uploads\/sites\/15\/2022\/06\/OTT_DDA_2.pdf\"><img loading=\"lazy\" class=\"aligncenter wp-image-2220 size-medium\" src=\"https:\/\/sitios.ucsc.cl\/ott\/wp-content\/uploads\/sites\/15\/2022\/06\/Bot\u00f3n-descarga-300x61.png\" alt=\"\" width=\"300\" height=\"61\" \/><\/a><\/td>\n<\/tr>\n<\/tbody>\n<\/table>\n","protected":false},"excerpt":{"rendered":"<p>Tecnolog\u00eda desarrollada El paquete tecnol\u00f3gico contiene 7 Videogramas. Videogramas Matem\u00e1ticamente es un instrumento que puede ser usado como un importante medio audiovisual de ense\u00f1anza, en funci\u00f3n de favorecer el proceso ense\u00f1anza-aprendizaje. Beneficios \/ Ventajas Medio de difusi\u00f3n masiva que puede ser utilizado como un importante medio audiovisual de ense\u00f1anza ya que combina elementos de los [&hellip;]<\/p>\n","protected":false},"author":84,"featured_media":0,"parent":0,"menu_order":0,"comment_status":"closed","ping_status":"closed","template":"","meta":[],"yoast_head":"<!-- This site is optimized with the Yoast SEO plugin v18.9 - https:\/\/yoast.com\/wordpress\/plugins\/seo\/ -->\n<title>Paquete tecnol\u00f3gico: Videogramas Matem\u00e1ticamente. -<\/title>\n<meta name=\"robots\" content=\"index, follow, max-snippet:-1, max-image-preview:large, max-video-preview:-1\" \/>\n<link rel=\"canonical\" href=\"https:\/\/dinn.ucsc.cl\/index.php\/paquete-tecnologico-videogramas-matematicamente\/\" \/>\n<meta property=\"og:locale\" content=\"es_ES\" \/>\n<meta property=\"og:type\" content=\"article\" \/>\n<meta property=\"og:title\" content=\"Paquete tecnol\u00f3gico: Videogramas Matem\u00e1ticamente. -\" \/>\n<meta property=\"og:description\" content=\"Tecnolog\u00eda desarrollada El paquete tecnol\u00f3gico contiene 7 Videogramas. Videogramas Matem\u00e1ticamente es un instrumento que puede ser usado como un importante medio audiovisual de ense\u00f1anza, en funci\u00f3n de favorecer el proceso ense\u00f1anza-aprendizaje. Beneficios \/ Ventajas Medio de difusi\u00f3n masiva que puede ser utilizado como un importante medio audiovisual de ense\u00f1anza ya que combina elementos de los [&hellip;]\" \/>\n<meta property=\"og:url\" content=\"https:\/\/dinn.ucsc.cl\/index.php\/paquete-tecnologico-videogramas-matematicamente\/\" \/>\n<meta property=\"article:publisher\" content=\"https:\/\/m.facebook.com\/DINNUCSC\" \/>\n<meta property=\"og:image\" content=\"https:\/\/sitios.ucsc.cl\/ott\/wp-content\/uploads\/sites\/15\/2022\/06\/OTT_DDA_2_HEADER.png\" \/>\n<meta name=\"twitter:card\" content=\"summary\" \/>\n<meta name=\"twitter:site\" content=\"@dinn_ucsc\" \/>\n<meta name=\"twitter:label1\" content=\"Tiempo de lectura\" \/>\n\t<meta name=\"twitter:data1\" content=\"1 minuto\" \/>\n<script type=\"application\/ld+json\" class=\"yoast-schema-graph\">{\"@context\":\"https:\/\/schema.org\",\"@graph\":[{\"@type\":\"WebSite\",\"@id\":\"https:\/\/dinn.ucsc.cl\/#website\",\"url\":\"https:\/\/dinn.ucsc.cl\/\",\"name\":\"Direcci\u00f3n de Innovaci\u00f3n UCSC\",\"description\":\"Direcci\u00f3n de Innovaci\u00f3n\",\"potentialAction\":[{\"@type\":\"SearchAction\",\"target\":{\"@type\":\"EntryPoint\",\"urlTemplate\":\"https:\/\/dinn.ucsc.cl\/?s={search_term_string}\"},\"query-input\":\"required name=search_term_string\"}],\"inLanguage\":\"es\"},{\"@type\":\"ImageObject\",\"inLanguage\":\"es\",\"@id\":\"https:\/\/dinn.ucsc.cl\/index.php\/paquete-tecnologico-videogramas-matematicamente\/#primaryimage\",\"url\":\"https:\/\/sitios.ucsc.cl\/ott\/wp-content\/uploads\/sites\/15\/2022\/06\/OTT_DDA_2_HEADER.png\",\"contentUrl\":\"https:\/\/sitios.ucsc.cl\/ott\/wp-content\/uploads\/sites\/15\/2022\/06\/OTT_DDA_2_HEADER.png\"},{\"@type\":\"WebPage\",\"@id\":\"https:\/\/dinn.ucsc.cl\/index.php\/paquete-tecnologico-videogramas-matematicamente\/#webpage\",\"url\":\"https:\/\/dinn.ucsc.cl\/index.php\/paquete-tecnologico-videogramas-matematicamente\/\",\"name\":\"Paquete tecnol\u00f3gico: Videogramas Matem\u00e1ticamente. -\",\"isPartOf\":{\"@id\":\"https:\/\/dinn.ucsc.cl\/#website\"},\"primaryImageOfPage\":{\"@id\":\"https:\/\/dinn.ucsc.cl\/index.php\/paquete-tecnologico-videogramas-matematicamente\/#primaryimage\"},\"datePublished\":\"2022-11-23T20:42:32+00:00\",\"dateModified\":\"2022-11-23T20:42:32+00:00\",\"breadcrumb\":{\"@id\":\"https:\/\/dinn.ucsc.cl\/index.php\/paquete-tecnologico-videogramas-matematicamente\/#breadcrumb\"},\"inLanguage\":\"es\",\"potentialAction\":[{\"@type\":\"ReadAction\",\"target\":[\"https:\/\/dinn.ucsc.cl\/index.php\/paquete-tecnologico-videogramas-matematicamente\/\"]}]},{\"@type\":\"BreadcrumbList\",\"@id\":\"https:\/\/dinn.ucsc.cl\/index.php\/paquete-tecnologico-videogramas-matematicamente\/#breadcrumb\",\"itemListElement\":[{\"@type\":\"ListItem\",\"position\":1,\"name\":\"Inicio\",\"item\":\"https:\/\/dinn.ucsc.cl\/\"},{\"@type\":\"ListItem\",\"position\":2,\"name\":\"Paquete tecnol\u00f3gico: Videogramas Matem\u00e1ticamente.\"}]}]}<\/script>\n<!-- \/ Yoast SEO plugin. -->","yoast_head_json":{"title":"Paquete tecnol\u00f3gico: Videogramas Matem\u00e1ticamente. -","robots":{"index":"index","follow":"follow","max-snippet":"max-snippet:-1","max-image-preview":"max-image-preview:large","max-video-preview":"max-video-preview:-1"},"canonical":"https:\/\/dinn.ucsc.cl\/index.php\/paquete-tecnologico-videogramas-matematicamente\/","og_locale":"es_ES","og_type":"article","og_title":"Paquete tecnol\u00f3gico: Videogramas Matem\u00e1ticamente. -","og_description":"Tecnolog\u00eda desarrollada El paquete tecnol\u00f3gico contiene 7 Videogramas. Videogramas Matem\u00e1ticamente es un instrumento que puede ser usado como un importante medio audiovisual de ense\u00f1anza, en funci\u00f3n de favorecer el proceso ense\u00f1anza-aprendizaje. Beneficios \/ Ventajas Medio de difusi\u00f3n masiva que puede ser utilizado como un importante medio audiovisual de ense\u00f1anza ya que combina elementos de los [&hellip;]","og_url":"https:\/\/dinn.ucsc.cl\/index.php\/paquete-tecnologico-videogramas-matematicamente\/","article_publisher":"https:\/\/m.facebook.com\/DINNUCSC","og_image":[{"url":"https:\/\/sitios.ucsc.cl\/ott\/wp-content\/uploads\/sites\/15\/2022\/06\/OTT_DDA_2_HEADER.png"}],"twitter_card":"summary","twitter_site":"@dinn_ucsc","twitter_misc":{"Tiempo de lectura":"1 minuto"},"schema":{"@context":"https:\/\/schema.org","@graph":[{"@type":"WebSite","@id":"https:\/\/dinn.ucsc.cl\/#website","url":"https:\/\/dinn.ucsc.cl\/","name":"Direcci\u00f3n de Innovaci\u00f3n UCSC","description":"Direcci\u00f3n de Innovaci\u00f3n","potentialAction":[{"@type":"SearchAction","target":{"@type":"EntryPoint","urlTemplate":"https:\/\/dinn.ucsc.cl\/?s={search_term_string}"},"query-input":"required name=search_term_string"}],"inLanguage":"es"},{"@type":"ImageObject","inLanguage":"es","@id":"https:\/\/dinn.ucsc.cl\/index.php\/paquete-tecnologico-videogramas-matematicamente\/#primaryimage","url":"https:\/\/sitios.ucsc.cl\/ott\/wp-content\/uploads\/sites\/15\/2022\/06\/OTT_DDA_2_HEADER.png","contentUrl":"https:\/\/sitios.ucsc.cl\/ott\/wp-content\/uploads\/sites\/15\/2022\/06\/OTT_DDA_2_HEADER.png"},{"@type":"WebPage","@id":"https:\/\/dinn.ucsc.cl\/index.php\/paquete-tecnologico-videogramas-matematicamente\/#webpage","url":"https:\/\/dinn.ucsc.cl\/index.php\/paquete-tecnologico-videogramas-matematicamente\/","name":"Paquete tecnol\u00f3gico: Videogramas Matem\u00e1ticamente. -","isPartOf":{"@id":"https:\/\/dinn.ucsc.cl\/#website"},"primaryImageOfPage":{"@id":"https:\/\/dinn.ucsc.cl\/index.php\/paquete-tecnologico-videogramas-matematicamente\/#primaryimage"},"datePublished":"2022-11-23T20:42:32+00:00","dateModified":"2022-11-23T20:42:32+00:00","breadcrumb":{"@id":"https:\/\/dinn.ucsc.cl\/index.php\/paquete-tecnologico-videogramas-matematicamente\/#breadcrumb"},"inLanguage":"es","potentialAction":[{"@type":"ReadAction","target":["https:\/\/dinn.ucsc.cl\/index.php\/paquete-tecnologico-videogramas-matematicamente\/"]}]},{"@type":"BreadcrumbList","@id":"https:\/\/dinn.ucsc.cl\/index.php\/paquete-tecnologico-videogramas-matematicamente\/#breadcrumb","itemListElement":[{"@type":"ListItem","position":1,"name":"Inicio","item":"https:\/\/dinn.ucsc.cl\/"},{"@type":"ListItem","position":2,"name":"Paquete tecnol\u00f3gico: Videogramas Matem\u00e1ticamente."}]}]}},"_links":{"self":[{"href":"https:\/\/dinn.ucsc.cl\/index.php\/wp-json\/wp\/v2\/pages\/4125"}],"collection":[{"href":"https:\/\/dinn.ucsc.cl\/index.php\/wp-json\/wp\/v2\/pages"}],"about":[{"href":"https:\/\/dinn.ucsc.cl\/index.php\/wp-json\/wp\/v2\/types\/page"}],"author":[{"embeddable":true,"href":"https:\/\/dinn.ucsc.cl\/index.php\/wp-json\/wp\/v2\/users\/84"}],"replies":[{"embeddable":true,"href":"https:\/\/dinn.ucsc.cl\/index.php\/wp-json\/wp\/v2\/comments?post=4125"}],"version-history":[{"count":1,"href":"https:\/\/dinn.ucsc.cl\/index.php\/wp-json\/wp\/v2\/pages\/4125\/revisions"}],"predecessor-version":[{"id":4126,"href":"https:\/\/dinn.ucsc.cl\/index.php\/wp-json\/wp\/v2\/pages\/4125\/revisions\/4126"}],"wp:attachment":[{"href":"https:\/\/dinn.ucsc.cl\/index.php\/wp-json\/wp\/v2\/media?parent=4125"}],"curies":[{"name":"wp","href":"https:\/\/api.w.org\/{rel}","templated":true}]}}