{"id":4129,"date":"2022-11-23T17:43:51","date_gmt":"2022-11-23T20:43:51","guid":{"rendered":"https:\/\/dinn.ucsc.cl\/?page_id=4129"},"modified":"2022-12-01T10:30:02","modified_gmt":"2022-12-01T13:30:02","slug":"gestion-de-la-contingencia-en-el-aula-de-matematicas","status":"publish","type":"page","link":"https:\/\/dinn.ucsc.cl\/index.php\/gestion-de-la-contingencia-en-el-aula-de-matematicas\/","title":{"rendered":"Gesti\u00f3n de la contingencia en el aula de matem\u00e1ticas"},"content":{"rendered":"<table class=\" alignleft\" style=\"width: 748px\">\n<tbody>\n<tr>\n<td style=\"width: 747.333px\" colspan=\"4\"><img loading=\"lazy\" class=\"aligncenter wp-image-2253 \" src=\"https:\/\/sitios.ucsc.cl\/ott\/wp-content\/uploads\/sites\/15\/2022\/06\/OTT_DDA_4_HEADER.png\" alt=\"\" width=\"750\" height=\"153\" \/><\/td>\n<\/tr>\n<tr>\n<td style=\"width: 65.2px\"><\/td>\n<td style=\"width: 69.2167px\"><img loading=\"lazy\" class=\"aligncenter wp-image-2175 size-full\" src=\"https:\/\/sitios.ucsc.cl\/ott\/wp-content\/uploads\/sites\/15\/2022\/06\/OTT_DDA_1.png\" alt=\"\" width=\"50\" height=\"50\" \/><\/td>\n<td style=\"width: 602.883px\">\n<h3>Tecnolog\u00eda desarrollada<\/h3>\n<\/td>\n<td style=\"width: 10.0333px\">\n<h3><\/h3>\n<\/td>\n<\/tr>\n<tr>\n<td style=\"width: 65.2px\"><\/td>\n<td style=\"width: 69.2167px\"><\/td>\n<td style=\"width: 602.883px\">La \u201ccontingencia en el aula matem\u00e1tica\u201d es el conocimiento que debe tener un profesor o profesora, para tomar acciones en situaciones imprevistas e inesperadas en el aula matem\u00e1tica. En particular en este curso se ha caracterizado la contingencia a partir de situaciones respecto a ideas de los estudiantes, identific\u00e1ndose tres tipos de desencadenantes de contingencia: respuesta de los estudiantes a una pregunta del profesor; respuesta espont\u00e1nea de un estudiante a una actividad o discusi\u00f3n y respuestas incorrectas del estudiante. La t\u00e9cnica desarrollada, descrita en el curso, es una estrategia de desarrollo profesional docente para fortalecer el conocimiento pedag\u00f3gico del contenido respecto a gestionar situaciones contingentes relacionadas con ideas de los y las estudiantes, mediante el an\u00e1lisis de casos, utilizaci\u00f3n de manuales y an\u00e1lisis de videos. El proceso formativo se centra en el an\u00e1lisis de la pr\u00e1ctica propia y de otros de situaciones de contingencia, por medio del uso de videos y c\u00e1psulas te\u00f3ricas respecto estrategias comunicativas que promuevan la argumentaci\u00f3n y la comunicaci\u00f3n matem\u00e1tica en el aula, cuya planificaci\u00f3n permite aprender a anticipar ideas, procedimientos y respuestas incorrectas de los estudiantes.<\/td>\n<td style=\"width: 10.0333px\">\n<h3><\/h3>\n<\/td>\n<\/tr>\n<tr>\n<td style=\"width: 65.2px\"><\/td>\n<td style=\"width: 69.2167px\"><img loading=\"lazy\" class=\"aligncenter wp-image-2176 size-full\" src=\"https:\/\/sitios.ucsc.cl\/ott\/wp-content\/uploads\/sites\/15\/2022\/06\/OTT_DDA_2.png\" alt=\"\" width=\"50\" height=\"50\" \/><\/td>\n<td style=\"width: 602.883px\">\n<h3>Beneficios \/ Ventajas<\/h3>\n<\/td>\n<td style=\"width: 10.0333px\"><\/td>\n<\/tr>\n<tr>\n<td style=\"width: 65.2px\"><\/td>\n<td style=\"width: 69.2167px\"><\/td>\n<td style=\"width: 602.883px\">\u2022 Los y las docentes ser\u00e1n capaces de reconocer y anticipar errores inesperados de los estudiantes en situaciones que promueven la argumentaci\u00f3n en el aula matem\u00e1tica.<br \/>\n\u2022 Los y las docentes aplicar\u00e1n estrategias de comunicaci\u00f3n matem\u00e1tica para mejorar la gesti\u00f3n de la contingencia respecto a errores inesperados.<br \/>\n\u2022 Los y las docentes, reconocen patrones de pensamientos de estudiantes en situaciones de contingencia.<br \/>\n\u2022 Los y las docentes dise\u00f1ar\u00e1n planificaciones de clases para mejorar la gesti\u00f3n de la contingencia en el aula matem\u00e1tica utilizando estrategias comunicativas que permitan reconocer patrones de pensamiento en los estudiantes.<\/td>\n<td style=\"width: 10.0333px\"><\/td>\n<\/tr>\n<tr>\n<td style=\"width: 65.2px\"><\/td>\n<td style=\"width: 69.2167px\"><img loading=\"lazy\" class=\"aligncenter wp-image-2177 size-full\" src=\"https:\/\/sitios.ucsc.cl\/ott\/wp-content\/uploads\/sites\/15\/2022\/06\/OTT_DDA_3.png\" alt=\"\" width=\"50\" height=\"50\" \/><\/td>\n<td style=\"width: 602.883px\">\n<h3>Usos \/ Aplicaciones<\/h3>\n<\/td>\n<td style=\"width: 10.0333px\"><\/td>\n<\/tr>\n<tr>\n<td style=\"width: 65.2px\"><\/td>\n<td style=\"width: 69.2167px\"><\/td>\n<td style=\"width: 602.883px\">Este curso permite que las y los docentes de matem\u00e1tica puedan identificar desencadenantes de situaciones de contingencia, abordar errores inesperados, y reconocer patrones de pensamiento de los estudiantes en situaciones inesperadas.<\/td>\n<td style=\"width: 10.0333px\"><\/td>\n<\/tr>\n<tr>\n<td style=\"width: 65.2px\"><\/td>\n<td style=\"width: 69.2167px\"><img loading=\"lazy\" class=\"aligncenter wp-image-2178 size-full\" src=\"https:\/\/sitios.ucsc.cl\/ott\/wp-content\/uploads\/sites\/15\/2022\/06\/OTT_DDA_4.png\" alt=\"\" width=\"50\" height=\"50\" \/><\/td>\n<td style=\"width: 602.883px\">\n<h3>Oferta tecnol\u00f3gica<\/h3>\n<p>Disponible para licenciamiento.<\/td>\n<td style=\"width: 10.0333px\"><\/td>\n<\/tr>\n<tr>\n<td style=\"width: 65.2px\"><\/td>\n<td style=\"width: 69.2167px\"><img loading=\"lazy\" class=\"aligncenter wp-image-2179 size-full\" src=\"https:\/\/sitios.ucsc.cl\/ott\/wp-content\/uploads\/sites\/15\/2022\/06\/OTT_DDA_5.png\" alt=\"\" width=\"50\" height=\"50\" \/><\/td>\n<td style=\"width: 602.883px\">\n<h3>Propiedad intelectual<\/h3>\n<p>Registro Derecho de Autor: 295.385<\/td>\n<td style=\"width: 10.0333px\"><\/td>\n<\/tr>\n<tr>\n<td style=\"width: 65.2px\"><\/td>\n<td style=\"width: 69.2167px\"><img loading=\"lazy\" class=\"aligncenter wp-image-2180 size-full\" src=\"https:\/\/sitios.ucsc.cl\/ott\/wp-content\/uploads\/sites\/15\/2022\/06\/OTT_DDA_6.png\" alt=\"\" width=\"50\" height=\"50\" \/><\/td>\n<td style=\"width: 602.883px\">\n<h3>Investigadores principales<\/h3>\n<\/td>\n<td style=\"width: 10.0333px\"><\/td>\n<\/tr>\n<tr>\n<td style=\"width: 65.2px\"><\/td>\n<td style=\"width: 69.2167px\"><\/td>\n<td style=\"width: 602.883px\">Rodrigo Ulloa, Facultad de Educaci\u00f3n.<br \/>\nAndr\u00e9s Ortiz, Facultad de Educaci\u00f3n.<br \/>\nHoracio Solar, Pontificia Universidad Cat\u00f3lica.<\/td>\n<td style=\"width: 10.0333px\"><\/td>\n<\/tr>\n<tr>\n<td style=\"width: 65.2px\"><\/td>\n<td style=\"width: 672.1px\" colspan=\"2\">&nbsp;<\/p>\n<p>&nbsp;<\/p>\n<p><a href=\"https:\/\/sitios.ucsc.cl\/ott\/wp-content\/uploads\/sites\/15\/2022\/06\/OTT_DDA_4.pdf\"><img loading=\"lazy\" class=\"aligncenter wp-image-2220 size-medium\" src=\"https:\/\/sitios.ucsc.cl\/ott\/wp-content\/uploads\/sites\/15\/2022\/06\/Bot\u00f3n-descarga-300x61.png\" alt=\"\" width=\"300\" height=\"61\" \/><\/a><\/p>\n<p>&nbsp;<\/td>\n<td style=\"width: 10.0333px\"><\/td>\n<\/tr>\n<\/tbody>\n<\/table>\n<p>&nbsp;<\/p>\n","protected":false},"excerpt":{"rendered":"<p>Tecnolog\u00eda desarrollada La \u201ccontingencia en el aula matem\u00e1tica\u201d es el conocimiento que debe tener un profesor o profesora, para tomar acciones en situaciones imprevistas e inesperadas en el aula matem\u00e1tica. En particular en este curso se ha caracterizado la contingencia a partir de situaciones respecto a ideas de los estudiantes, identific\u00e1ndose tres tipos de desencadenantes [&hellip;]<\/p>\n","protected":false},"author":84,"featured_media":0,"parent":0,"menu_order":0,"comment_status":"closed","ping_status":"closed","template":"","meta":[],"yoast_head":"<!-- This site is optimized with the Yoast SEO plugin v18.9 - https:\/\/yoast.com\/wordpress\/plugins\/seo\/ -->\n<title>Gesti\u00f3n de la contingencia en el aula de matem\u00e1ticas -<\/title>\n<meta name=\"robots\" content=\"index, follow, max-snippet:-1, max-image-preview:large, max-video-preview:-1\" \/>\n<link rel=\"canonical\" href=\"https:\/\/dinn.ucsc.cl\/index.php\/gestion-de-la-contingencia-en-el-aula-de-matematicas\/\" \/>\n<meta property=\"og:locale\" content=\"es_ES\" \/>\n<meta property=\"og:type\" content=\"article\" \/>\n<meta property=\"og:title\" content=\"Gesti\u00f3n de la contingencia en el aula de matem\u00e1ticas -\" \/>\n<meta property=\"og:description\" content=\"Tecnolog\u00eda desarrollada La \u201ccontingencia en el aula matem\u00e1tica\u201d es el conocimiento que debe tener un profesor o profesora, para tomar acciones en situaciones imprevistas e inesperadas en el aula matem\u00e1tica. En particular en este curso se ha caracterizado la contingencia a partir de situaciones respecto a ideas de los estudiantes, identific\u00e1ndose tres tipos de desencadenantes [&hellip;]\" \/>\n<meta property=\"og:url\" content=\"https:\/\/dinn.ucsc.cl\/index.php\/gestion-de-la-contingencia-en-el-aula-de-matematicas\/\" \/>\n<meta property=\"article:publisher\" content=\"https:\/\/m.facebook.com\/DINNUCSC\" \/>\n<meta property=\"article:modified_time\" content=\"2022-12-01T13:30:02+00:00\" \/>\n<meta property=\"og:image\" content=\"https:\/\/sitios.ucsc.cl\/ott\/wp-content\/uploads\/sites\/15\/2022\/06\/OTT_DDA_4_HEADER.png\" \/>\n<meta name=\"twitter:card\" content=\"summary\" \/>\n<meta name=\"twitter:site\" content=\"@dinn_ucsc\" \/>\n<meta name=\"twitter:label1\" content=\"Tiempo de lectura\" \/>\n\t<meta name=\"twitter:data1\" content=\"2 minutos\" \/>\n<script type=\"application\/ld+json\" class=\"yoast-schema-graph\">{\"@context\":\"https:\/\/schema.org\",\"@graph\":[{\"@type\":\"WebSite\",\"@id\":\"https:\/\/dinn.ucsc.cl\/#website\",\"url\":\"https:\/\/dinn.ucsc.cl\/\",\"name\":\"Direcci\u00f3n de Innovaci\u00f3n UCSC\",\"description\":\"Direcci\u00f3n de Innovaci\u00f3n\",\"potentialAction\":[{\"@type\":\"SearchAction\",\"target\":{\"@type\":\"EntryPoint\",\"urlTemplate\":\"https:\/\/dinn.ucsc.cl\/?s={search_term_string}\"},\"query-input\":\"required name=search_term_string\"}],\"inLanguage\":\"es\"},{\"@type\":\"ImageObject\",\"inLanguage\":\"es\",\"@id\":\"https:\/\/dinn.ucsc.cl\/index.php\/gestion-de-la-contingencia-en-el-aula-de-matematicas\/#primaryimage\",\"url\":\"https:\/\/sitios.ucsc.cl\/ott\/wp-content\/uploads\/sites\/15\/2022\/06\/OTT_DDA_4_HEADER.png\",\"contentUrl\":\"https:\/\/sitios.ucsc.cl\/ott\/wp-content\/uploads\/sites\/15\/2022\/06\/OTT_DDA_4_HEADER.png\"},{\"@type\":\"WebPage\",\"@id\":\"https:\/\/dinn.ucsc.cl\/index.php\/gestion-de-la-contingencia-en-el-aula-de-matematicas\/#webpage\",\"url\":\"https:\/\/dinn.ucsc.cl\/index.php\/gestion-de-la-contingencia-en-el-aula-de-matematicas\/\",\"name\":\"Gesti\u00f3n de la contingencia en el aula de matem\u00e1ticas -\",\"isPartOf\":{\"@id\":\"https:\/\/dinn.ucsc.cl\/#website\"},\"primaryImageOfPage\":{\"@id\":\"https:\/\/dinn.ucsc.cl\/index.php\/gestion-de-la-contingencia-en-el-aula-de-matematicas\/#primaryimage\"},\"datePublished\":\"2022-11-23T20:43:51+00:00\",\"dateModified\":\"2022-12-01T13:30:02+00:00\",\"breadcrumb\":{\"@id\":\"https:\/\/dinn.ucsc.cl\/index.php\/gestion-de-la-contingencia-en-el-aula-de-matematicas\/#breadcrumb\"},\"inLanguage\":\"es\",\"potentialAction\":[{\"@type\":\"ReadAction\",\"target\":[\"https:\/\/dinn.ucsc.cl\/index.php\/gestion-de-la-contingencia-en-el-aula-de-matematicas\/\"]}]},{\"@type\":\"BreadcrumbList\",\"@id\":\"https:\/\/dinn.ucsc.cl\/index.php\/gestion-de-la-contingencia-en-el-aula-de-matematicas\/#breadcrumb\",\"itemListElement\":[{\"@type\":\"ListItem\",\"position\":1,\"name\":\"Inicio\",\"item\":\"https:\/\/dinn.ucsc.cl\/\"},{\"@type\":\"ListItem\",\"position\":2,\"name\":\"Gesti\u00f3n de la contingencia en el aula de matem\u00e1ticas\"}]}]}<\/script>\n<!-- \/ Yoast SEO plugin. -->","yoast_head_json":{"title":"Gesti\u00f3n de la contingencia en el aula de matem\u00e1ticas -","robots":{"index":"index","follow":"follow","max-snippet":"max-snippet:-1","max-image-preview":"max-image-preview:large","max-video-preview":"max-video-preview:-1"},"canonical":"https:\/\/dinn.ucsc.cl\/index.php\/gestion-de-la-contingencia-en-el-aula-de-matematicas\/","og_locale":"es_ES","og_type":"article","og_title":"Gesti\u00f3n de la contingencia en el aula de matem\u00e1ticas -","og_description":"Tecnolog\u00eda desarrollada La \u201ccontingencia en el aula matem\u00e1tica\u201d es el conocimiento que debe tener un profesor o profesora, para tomar acciones en situaciones imprevistas e inesperadas en el aula matem\u00e1tica. En particular en este curso se ha caracterizado la contingencia a partir de situaciones respecto a ideas de los estudiantes, identific\u00e1ndose tres tipos de desencadenantes [&hellip;]","og_url":"https:\/\/dinn.ucsc.cl\/index.php\/gestion-de-la-contingencia-en-el-aula-de-matematicas\/","article_publisher":"https:\/\/m.facebook.com\/DINNUCSC","article_modified_time":"2022-12-01T13:30:02+00:00","og_image":[{"url":"https:\/\/sitios.ucsc.cl\/ott\/wp-content\/uploads\/sites\/15\/2022\/06\/OTT_DDA_4_HEADER.png"}],"twitter_card":"summary","twitter_site":"@dinn_ucsc","twitter_misc":{"Tiempo de lectura":"2 minutos"},"schema":{"@context":"https:\/\/schema.org","@graph":[{"@type":"WebSite","@id":"https:\/\/dinn.ucsc.cl\/#website","url":"https:\/\/dinn.ucsc.cl\/","name":"Direcci\u00f3n de Innovaci\u00f3n UCSC","description":"Direcci\u00f3n de Innovaci\u00f3n","potentialAction":[{"@type":"SearchAction","target":{"@type":"EntryPoint","urlTemplate":"https:\/\/dinn.ucsc.cl\/?s={search_term_string}"},"query-input":"required name=search_term_string"}],"inLanguage":"es"},{"@type":"ImageObject","inLanguage":"es","@id":"https:\/\/dinn.ucsc.cl\/index.php\/gestion-de-la-contingencia-en-el-aula-de-matematicas\/#primaryimage","url":"https:\/\/sitios.ucsc.cl\/ott\/wp-content\/uploads\/sites\/15\/2022\/06\/OTT_DDA_4_HEADER.png","contentUrl":"https:\/\/sitios.ucsc.cl\/ott\/wp-content\/uploads\/sites\/15\/2022\/06\/OTT_DDA_4_HEADER.png"},{"@type":"WebPage","@id":"https:\/\/dinn.ucsc.cl\/index.php\/gestion-de-la-contingencia-en-el-aula-de-matematicas\/#webpage","url":"https:\/\/dinn.ucsc.cl\/index.php\/gestion-de-la-contingencia-en-el-aula-de-matematicas\/","name":"Gesti\u00f3n de la contingencia en el aula de matem\u00e1ticas -","isPartOf":{"@id":"https:\/\/dinn.ucsc.cl\/#website"},"primaryImageOfPage":{"@id":"https:\/\/dinn.ucsc.cl\/index.php\/gestion-de-la-contingencia-en-el-aula-de-matematicas\/#primaryimage"},"datePublished":"2022-11-23T20:43:51+00:00","dateModified":"2022-12-01T13:30:02+00:00","breadcrumb":{"@id":"https:\/\/dinn.ucsc.cl\/index.php\/gestion-de-la-contingencia-en-el-aula-de-matematicas\/#breadcrumb"},"inLanguage":"es","potentialAction":[{"@type":"ReadAction","target":["https:\/\/dinn.ucsc.cl\/index.php\/gestion-de-la-contingencia-en-el-aula-de-matematicas\/"]}]},{"@type":"BreadcrumbList","@id":"https:\/\/dinn.ucsc.cl\/index.php\/gestion-de-la-contingencia-en-el-aula-de-matematicas\/#breadcrumb","itemListElement":[{"@type":"ListItem","position":1,"name":"Inicio","item":"https:\/\/dinn.ucsc.cl\/"},{"@type":"ListItem","position":2,"name":"Gesti\u00f3n de la contingencia en el aula de matem\u00e1ticas"}]}]}},"_links":{"self":[{"href":"https:\/\/dinn.ucsc.cl\/index.php\/wp-json\/wp\/v2\/pages\/4129"}],"collection":[{"href":"https:\/\/dinn.ucsc.cl\/index.php\/wp-json\/wp\/v2\/pages"}],"about":[{"href":"https:\/\/dinn.ucsc.cl\/index.php\/wp-json\/wp\/v2\/types\/page"}],"author":[{"embeddable":true,"href":"https:\/\/dinn.ucsc.cl\/index.php\/wp-json\/wp\/v2\/users\/84"}],"replies":[{"embeddable":true,"href":"https:\/\/dinn.ucsc.cl\/index.php\/wp-json\/wp\/v2\/comments?post=4129"}],"version-history":[{"count":2,"href":"https:\/\/dinn.ucsc.cl\/index.php\/wp-json\/wp\/v2\/pages\/4129\/revisions"}],"predecessor-version":[{"id":4365,"href":"https:\/\/dinn.ucsc.cl\/index.php\/wp-json\/wp\/v2\/pages\/4129\/revisions\/4365"}],"wp:attachment":[{"href":"https:\/\/dinn.ucsc.cl\/index.php\/wp-json\/wp\/v2\/media?parent=4129"}],"curies":[{"name":"wp","href":"https:\/\/api.w.org\/{rel}","templated":true}]}}