{"id":4131,"date":"2022-11-23T17:44:30","date_gmt":"2022-11-23T20:44:30","guid":{"rendered":"https:\/\/dinn.ucsc.cl\/?page_id=4131"},"modified":"2022-12-01T10:30:39","modified_gmt":"2022-12-01T13:30:39","slug":"gestion-de-la-argumentacion-en-el-aula-de-matematicas","status":"publish","type":"page","link":"https:\/\/dinn.ucsc.cl\/index.php\/gestion-de-la-argumentacion-en-el-aula-de-matematicas\/","title":{"rendered":"Gesti\u00f3n de la argumentaci\u00f3n en el aula de matem\u00e1ticas"},"content":{"rendered":"<table class=\" alignleft\" style=\"width: 766px\">\n<tbody>\n<tr>\n<td style=\"width: 765.333px\" colspan=\"4\"><img loading=\"lazy\" class=\"aligncenter wp-image-2259 \" src=\"https:\/\/sitios.ucsc.cl\/ott\/wp-content\/uploads\/sites\/15\/2022\/06\/OTT_DDA_5_HEADER.png\" alt=\"\" width=\"735\" height=\"150\" \/><\/td>\n<\/tr>\n<tr>\n<td style=\"width: 64.9333px\"><\/td>\n<td style=\"width: 68.9333px\"><img loading=\"lazy\" class=\"aligncenter wp-image-2175 size-full\" src=\"https:\/\/sitios.ucsc.cl\/ott\/wp-content\/uploads\/sites\/15\/2022\/06\/OTT_DDA_1.png\" alt=\"\" width=\"50\" height=\"50\" \/><\/td>\n<td style=\"width: 593.5px\">\n<h3><\/h3>\n<h3>Tecnolog\u00eda desarrollada<\/h3>\n<h3><\/h3>\n<\/td>\n<td style=\"width: 37.9667px\">\n<h3><\/h3>\n<\/td>\n<\/tr>\n<tr>\n<td style=\"width: 64.9333px\"><\/td>\n<td style=\"width: 68.9333px\"><\/td>\n<td style=\"width: 593.5px\">La \u201cargumentaci\u00f3n en el aula matem\u00e1tica\u201d en educaci\u00f3n matem\u00e1tica tiene muchos enfoques te\u00f3ricos. En este curso se adopta la de argumentaci\u00f3n colectiva, la cual se produce cuando un estudiante menciona para s\u00ed mismo, o para otros, explicaciones, justificaciones para convencer a otros de cierta posici\u00f3n, respuesta o procedimientos. La t\u00e9cnica desarrollada, descrita en el curso, es una estrategia de desarrollo profesional docente para fortalecer el conocimiento pedag\u00f3gico del contenido respecto a promover y gestionar la argumentaci\u00f3n en el aula matem\u00e1tica, mediante el an\u00e1lisis de casos utilizando manuales y videos. El proceso formativo se centra en el an\u00e1lisis de la pr\u00e1ctica propia y de otros, por medio del uso de videos y c\u00e1psulas te\u00f3ricas respecto a argumentaci\u00f3n colectiva, estructura de una argumentaci\u00f3n, estrategias comunicativas y actividades matem\u00e1ticas para promover la argumentaci\u00f3n y dise\u00f1o de clases que promuevan la argumentaci\u00f3n con un dise\u00f1o que explicita las estrategias comunicativas que se implementar\u00e1n.<\/td>\n<td style=\"width: 37.9667px\">\n<h3><\/h3>\n<\/td>\n<\/tr>\n<tr>\n<td style=\"width: 64.9333px\"><\/td>\n<td style=\"width: 68.9333px\"><img loading=\"lazy\" class=\"aligncenter wp-image-2176 size-full\" src=\"https:\/\/sitios.ucsc.cl\/ott\/wp-content\/uploads\/sites\/15\/2022\/06\/OTT_DDA_2.png\" alt=\"\" width=\"50\" height=\"50\" \/><\/td>\n<td style=\"width: 593.5px\">\n<h3>Beneficios \/ Ventajas<\/h3>\n<\/td>\n<td style=\"width: 37.9667px\"><\/td>\n<\/tr>\n<tr>\n<td style=\"width: 64.9333px\"><\/td>\n<td style=\"width: 68.9333px\"><\/td>\n<td style=\"width: 593.5px\">\u2022 Los y las docentes ser\u00e1n capaces de establecer fundamentalmente la diferencia entre explicar y argumentar, aspecto crucial para dise\u00f1ar e implementar clases que promuevan la argumentaci\u00f3n.<br \/>\n\u2022 Los y las docentes aplicar\u00e1n estrategias de comunicaci\u00f3n matem\u00e1tica para promover que los estudiantes convenzan a otros respecto de sus posturas, respuestas o procedimientos.<br \/>\n\u2022 Los y las docentes dise\u00f1ar\u00e1n planificaciones de clases para promover la argumentaci\u00f3n en el aula matem\u00e1tica, reflexionando respecto a la gesti\u00f3n de las estrategias comunicativas m\u00e1s pertinentes y a la situaci\u00f3n matem\u00e1tica propuesta.<br \/>\n\u2022 El modelo de Mejoramiento de la Experiencia Docente que est\u00e1 inserto en el proceso formativo, permite que equipos directivos de establecimientos educacionales (Jefes de UTP, Directores de Departamento, etc), equipos de Servicios Locales de Educaci\u00f3n, Equipos T\u00e9cnicos de DAEM como tambi\u00e9n Educadoras Diferenciales puedan realizar este curso.<\/td>\n<td style=\"width: 37.9667px\"><\/td>\n<\/tr>\n<tr>\n<td style=\"width: 64.9333px\"><\/td>\n<td style=\"width: 68.9333px\"><img loading=\"lazy\" class=\"aligncenter wp-image-2177 size-full\" src=\"https:\/\/sitios.ucsc.cl\/ott\/wp-content\/uploads\/sites\/15\/2022\/06\/OTT_DDA_3.png\" alt=\"\" width=\"50\" height=\"50\" \/><\/td>\n<td style=\"width: 593.5px\">\n<h3>Usos \/ Aplicaciones<\/h3>\n<\/td>\n<td style=\"width: 37.9667px\"><\/td>\n<\/tr>\n<tr>\n<td style=\"width: 64.9333px\"><\/td>\n<td style=\"width: 68.9333px\"><\/td>\n<td style=\"width: 593.5px\">Este curso permite que las y los docentes de matem\u00e1tica puedan dise\u00f1ar situaciones de aprendizaje que permitan promover la argumentaci\u00f3n en el aula matem\u00e1tica, aspecto que est\u00e1 como habilidad transversal en el curr\u00edculum chileno como tambi\u00e9n en el de otros pa\u00edses.<\/td>\n<td style=\"width: 37.9667px\"><\/td>\n<\/tr>\n<tr>\n<td style=\"width: 64.9333px\"><\/td>\n<td style=\"width: 68.9333px\"><img loading=\"lazy\" class=\"aligncenter wp-image-2178 size-full\" src=\"https:\/\/sitios.ucsc.cl\/ott\/wp-content\/uploads\/sites\/15\/2022\/06\/OTT_DDA_4.png\" alt=\"\" width=\"50\" height=\"50\" \/><\/td>\n<td style=\"width: 593.5px\">\n<h3>Oferta tecnol\u00f3gica<\/h3>\n<p>Disponible para licenciamiento.<\/td>\n<td style=\"width: 37.9667px\"><\/td>\n<\/tr>\n<tr>\n<td style=\"width: 64.9333px\"><\/td>\n<td style=\"width: 68.9333px\"><img loading=\"lazy\" class=\"aligncenter wp-image-2179 size-full\" src=\"https:\/\/sitios.ucsc.cl\/ott\/wp-content\/uploads\/sites\/15\/2022\/06\/OTT_DDA_5.png\" alt=\"\" width=\"50\" height=\"50\" \/><\/td>\n<td style=\"width: 593.5px\">\n<h3>Propiedad intelectual<\/h3>\n<p>Registro Derecho de Autor: N\u00b0 295.386<\/td>\n<td style=\"width: 37.9667px\"><\/td>\n<\/tr>\n<tr>\n<td style=\"width: 64.9333px\"><\/td>\n<td style=\"width: 68.9333px\"><img loading=\"lazy\" class=\"aligncenter wp-image-2180 size-full\" src=\"https:\/\/sitios.ucsc.cl\/ott\/wp-content\/uploads\/sites\/15\/2022\/06\/OTT_DDA_6.png\" alt=\"\" width=\"50\" height=\"50\" \/><\/td>\n<td style=\"width: 593.5px\">\n<h3>Investigadores principales<\/h3>\n<\/td>\n<td style=\"width: 37.9667px\"><\/td>\n<\/tr>\n<tr>\n<td style=\"width: 64.9333px\"><\/td>\n<td style=\"width: 68.9333px\"><\/td>\n<td style=\"width: 593.5px\">Rodrigo Ulloa, Facultad de Educaci\u00f3n.<br \/>\nAndr\u00e9s Ortiz, Facultad de Educaci\u00f3n.<br \/>\nHoracio Solar, Pontificia Universidad Cat\u00f3lica.<\/td>\n<td style=\"width: 37.9667px\"><\/td>\n<\/tr>\n<tr>\n<td style=\"width: 64.9333px\"><\/td>\n<td style=\"width: 662.433px\" colspan=\"2\">&nbsp;<\/p>\n<p>&nbsp;<\/p>\n<p><a href=\"https:\/\/sitios.ucsc.cl\/ott\/wp-content\/uploads\/sites\/15\/2022\/06\/OTT_DDA_5.pdf\"><img loading=\"lazy\" class=\"aligncenter wp-image-2220 size-medium\" src=\"https:\/\/sitios.ucsc.cl\/ott\/wp-content\/uploads\/sites\/15\/2022\/06\/Bot\u00f3n-descarga-300x61.png\" alt=\"\" width=\"300\" height=\"61\" \/><\/a><\/p>\n<p>&nbsp;<\/td>\n<\/tr>\n<\/tbody>\n<\/table>\n","protected":false},"excerpt":{"rendered":"<p>Tecnolog\u00eda desarrollada La \u201cargumentaci\u00f3n en el aula matem\u00e1tica\u201d en educaci\u00f3n matem\u00e1tica tiene muchos enfoques te\u00f3ricos. En este curso se adopta la de argumentaci\u00f3n colectiva, la cual se produce cuando un estudiante menciona para s\u00ed mismo, o para otros, explicaciones, justificaciones para convencer a otros de cierta posici\u00f3n, respuesta o procedimientos. La t\u00e9cnica desarrollada, descrita en [&hellip;]<\/p>\n","protected":false},"author":84,"featured_media":0,"parent":0,"menu_order":0,"comment_status":"closed","ping_status":"closed","template":"","meta":[],"yoast_head":"<!-- This site is optimized with the Yoast SEO plugin v18.9 - https:\/\/yoast.com\/wordpress\/plugins\/seo\/ -->\n<title>Gesti\u00f3n de la argumentaci\u00f3n en el aula de matem\u00e1ticas -<\/title>\n<meta name=\"robots\" content=\"index, follow, max-snippet:-1, max-image-preview:large, max-video-preview:-1\" \/>\n<link rel=\"canonical\" href=\"https:\/\/dinn.ucsc.cl\/index.php\/gestion-de-la-argumentacion-en-el-aula-de-matematicas\/\" \/>\n<meta property=\"og:locale\" content=\"es_ES\" \/>\n<meta property=\"og:type\" content=\"article\" \/>\n<meta property=\"og:title\" content=\"Gesti\u00f3n de la argumentaci\u00f3n en el aula de matem\u00e1ticas -\" \/>\n<meta property=\"og:description\" content=\"Tecnolog\u00eda desarrollada La \u201cargumentaci\u00f3n en el aula matem\u00e1tica\u201d en educaci\u00f3n matem\u00e1tica tiene muchos enfoques te\u00f3ricos. En este curso se adopta la de argumentaci\u00f3n colectiva, la cual se produce cuando un estudiante menciona para s\u00ed mismo, o para otros, explicaciones, justificaciones para convencer a otros de cierta posici\u00f3n, respuesta o procedimientos. La t\u00e9cnica desarrollada, descrita en [&hellip;]\" \/>\n<meta property=\"og:url\" content=\"https:\/\/dinn.ucsc.cl\/index.php\/gestion-de-la-argumentacion-en-el-aula-de-matematicas\/\" \/>\n<meta property=\"article:publisher\" content=\"https:\/\/m.facebook.com\/DINNUCSC\" \/>\n<meta property=\"article:modified_time\" content=\"2022-12-01T13:30:39+00:00\" \/>\n<meta property=\"og:image\" content=\"https:\/\/sitios.ucsc.cl\/ott\/wp-content\/uploads\/sites\/15\/2022\/06\/OTT_DDA_5_HEADER.png\" \/>\n<meta name=\"twitter:card\" content=\"summary\" \/>\n<meta name=\"twitter:site\" content=\"@dinn_ucsc\" \/>\n<meta name=\"twitter:label1\" content=\"Tiempo de lectura\" \/>\n\t<meta name=\"twitter:data1\" content=\"2 minutos\" \/>\n<script type=\"application\/ld+json\" class=\"yoast-schema-graph\">{\"@context\":\"https:\/\/schema.org\",\"@graph\":[{\"@type\":\"WebSite\",\"@id\":\"https:\/\/dinn.ucsc.cl\/#website\",\"url\":\"https:\/\/dinn.ucsc.cl\/\",\"name\":\"Direcci\u00f3n de Innovaci\u00f3n UCSC\",\"description\":\"Direcci\u00f3n de Innovaci\u00f3n\",\"potentialAction\":[{\"@type\":\"SearchAction\",\"target\":{\"@type\":\"EntryPoint\",\"urlTemplate\":\"https:\/\/dinn.ucsc.cl\/?s={search_term_string}\"},\"query-input\":\"required name=search_term_string\"}],\"inLanguage\":\"es\"},{\"@type\":\"ImageObject\",\"inLanguage\":\"es\",\"@id\":\"https:\/\/dinn.ucsc.cl\/index.php\/gestion-de-la-argumentacion-en-el-aula-de-matematicas\/#primaryimage\",\"url\":\"https:\/\/sitios.ucsc.cl\/ott\/wp-content\/uploads\/sites\/15\/2022\/06\/OTT_DDA_5_HEADER.png\",\"contentUrl\":\"https:\/\/sitios.ucsc.cl\/ott\/wp-content\/uploads\/sites\/15\/2022\/06\/OTT_DDA_5_HEADER.png\"},{\"@type\":\"WebPage\",\"@id\":\"https:\/\/dinn.ucsc.cl\/index.php\/gestion-de-la-argumentacion-en-el-aula-de-matematicas\/#webpage\",\"url\":\"https:\/\/dinn.ucsc.cl\/index.php\/gestion-de-la-argumentacion-en-el-aula-de-matematicas\/\",\"name\":\"Gesti\u00f3n de la argumentaci\u00f3n en el aula de matem\u00e1ticas -\",\"isPartOf\":{\"@id\":\"https:\/\/dinn.ucsc.cl\/#website\"},\"primaryImageOfPage\":{\"@id\":\"https:\/\/dinn.ucsc.cl\/index.php\/gestion-de-la-argumentacion-en-el-aula-de-matematicas\/#primaryimage\"},\"datePublished\":\"2022-11-23T20:44:30+00:00\",\"dateModified\":\"2022-12-01T13:30:39+00:00\",\"breadcrumb\":{\"@id\":\"https:\/\/dinn.ucsc.cl\/index.php\/gestion-de-la-argumentacion-en-el-aula-de-matematicas\/#breadcrumb\"},\"inLanguage\":\"es\",\"potentialAction\":[{\"@type\":\"ReadAction\",\"target\":[\"https:\/\/dinn.ucsc.cl\/index.php\/gestion-de-la-argumentacion-en-el-aula-de-matematicas\/\"]}]},{\"@type\":\"BreadcrumbList\",\"@id\":\"https:\/\/dinn.ucsc.cl\/index.php\/gestion-de-la-argumentacion-en-el-aula-de-matematicas\/#breadcrumb\",\"itemListElement\":[{\"@type\":\"ListItem\",\"position\":1,\"name\":\"Inicio\",\"item\":\"https:\/\/dinn.ucsc.cl\/\"},{\"@type\":\"ListItem\",\"position\":2,\"name\":\"Gesti\u00f3n de la argumentaci\u00f3n en el aula de matem\u00e1ticas\"}]}]}<\/script>\n<!-- \/ Yoast SEO plugin. -->","yoast_head_json":{"title":"Gesti\u00f3n de la argumentaci\u00f3n en el aula de matem\u00e1ticas -","robots":{"index":"index","follow":"follow","max-snippet":"max-snippet:-1","max-image-preview":"max-image-preview:large","max-video-preview":"max-video-preview:-1"},"canonical":"https:\/\/dinn.ucsc.cl\/index.php\/gestion-de-la-argumentacion-en-el-aula-de-matematicas\/","og_locale":"es_ES","og_type":"article","og_title":"Gesti\u00f3n de la argumentaci\u00f3n en el aula de matem\u00e1ticas -","og_description":"Tecnolog\u00eda desarrollada La \u201cargumentaci\u00f3n en el aula matem\u00e1tica\u201d en educaci\u00f3n matem\u00e1tica tiene muchos enfoques te\u00f3ricos. En este curso se adopta la de argumentaci\u00f3n colectiva, la cual se produce cuando un estudiante menciona para s\u00ed mismo, o para otros, explicaciones, justificaciones para convencer a otros de cierta posici\u00f3n, respuesta o procedimientos. La t\u00e9cnica desarrollada, descrita en [&hellip;]","og_url":"https:\/\/dinn.ucsc.cl\/index.php\/gestion-de-la-argumentacion-en-el-aula-de-matematicas\/","article_publisher":"https:\/\/m.facebook.com\/DINNUCSC","article_modified_time":"2022-12-01T13:30:39+00:00","og_image":[{"url":"https:\/\/sitios.ucsc.cl\/ott\/wp-content\/uploads\/sites\/15\/2022\/06\/OTT_DDA_5_HEADER.png"}],"twitter_card":"summary","twitter_site":"@dinn_ucsc","twitter_misc":{"Tiempo de lectura":"2 minutos"},"schema":{"@context":"https:\/\/schema.org","@graph":[{"@type":"WebSite","@id":"https:\/\/dinn.ucsc.cl\/#website","url":"https:\/\/dinn.ucsc.cl\/","name":"Direcci\u00f3n de Innovaci\u00f3n UCSC","description":"Direcci\u00f3n de Innovaci\u00f3n","potentialAction":[{"@type":"SearchAction","target":{"@type":"EntryPoint","urlTemplate":"https:\/\/dinn.ucsc.cl\/?s={search_term_string}"},"query-input":"required name=search_term_string"}],"inLanguage":"es"},{"@type":"ImageObject","inLanguage":"es","@id":"https:\/\/dinn.ucsc.cl\/index.php\/gestion-de-la-argumentacion-en-el-aula-de-matematicas\/#primaryimage","url":"https:\/\/sitios.ucsc.cl\/ott\/wp-content\/uploads\/sites\/15\/2022\/06\/OTT_DDA_5_HEADER.png","contentUrl":"https:\/\/sitios.ucsc.cl\/ott\/wp-content\/uploads\/sites\/15\/2022\/06\/OTT_DDA_5_HEADER.png"},{"@type":"WebPage","@id":"https:\/\/dinn.ucsc.cl\/index.php\/gestion-de-la-argumentacion-en-el-aula-de-matematicas\/#webpage","url":"https:\/\/dinn.ucsc.cl\/index.php\/gestion-de-la-argumentacion-en-el-aula-de-matematicas\/","name":"Gesti\u00f3n de la argumentaci\u00f3n en el aula de matem\u00e1ticas -","isPartOf":{"@id":"https:\/\/dinn.ucsc.cl\/#website"},"primaryImageOfPage":{"@id":"https:\/\/dinn.ucsc.cl\/index.php\/gestion-de-la-argumentacion-en-el-aula-de-matematicas\/#primaryimage"},"datePublished":"2022-11-23T20:44:30+00:00","dateModified":"2022-12-01T13:30:39+00:00","breadcrumb":{"@id":"https:\/\/dinn.ucsc.cl\/index.php\/gestion-de-la-argumentacion-en-el-aula-de-matematicas\/#breadcrumb"},"inLanguage":"es","potentialAction":[{"@type":"ReadAction","target":["https:\/\/dinn.ucsc.cl\/index.php\/gestion-de-la-argumentacion-en-el-aula-de-matematicas\/"]}]},{"@type":"BreadcrumbList","@id":"https:\/\/dinn.ucsc.cl\/index.php\/gestion-de-la-argumentacion-en-el-aula-de-matematicas\/#breadcrumb","itemListElement":[{"@type":"ListItem","position":1,"name":"Inicio","item":"https:\/\/dinn.ucsc.cl\/"},{"@type":"ListItem","position":2,"name":"Gesti\u00f3n de la argumentaci\u00f3n en el aula de matem\u00e1ticas"}]}]}},"_links":{"self":[{"href":"https:\/\/dinn.ucsc.cl\/index.php\/wp-json\/wp\/v2\/pages\/4131"}],"collection":[{"href":"https:\/\/dinn.ucsc.cl\/index.php\/wp-json\/wp\/v2\/pages"}],"about":[{"href":"https:\/\/dinn.ucsc.cl\/index.php\/wp-json\/wp\/v2\/types\/page"}],"author":[{"embeddable":true,"href":"https:\/\/dinn.ucsc.cl\/index.php\/wp-json\/wp\/v2\/users\/84"}],"replies":[{"embeddable":true,"href":"https:\/\/dinn.ucsc.cl\/index.php\/wp-json\/wp\/v2\/comments?post=4131"}],"version-history":[{"count":4,"href":"https:\/\/dinn.ucsc.cl\/index.php\/wp-json\/wp\/v2\/pages\/4131\/revisions"}],"predecessor-version":[{"id":4368,"href":"https:\/\/dinn.ucsc.cl\/index.php\/wp-json\/wp\/v2\/pages\/4131\/revisions\/4368"}],"wp:attachment":[{"href":"https:\/\/dinn.ucsc.cl\/index.php\/wp-json\/wp\/v2\/media?parent=4131"}],"curies":[{"name":"wp","href":"https:\/\/api.w.org\/{rel}","templated":true}]}}