{"id":4133,"date":"2022-11-23T17:45:19","date_gmt":"2022-11-23T20:45:19","guid":{"rendered":"https:\/\/dinn.ucsc.cl\/?page_id=4133"},"modified":"2022-12-01T10:31:14","modified_gmt":"2022-12-01T13:31:14","slug":"taller-geografia-vocacional","status":"publish","type":"page","link":"https:\/\/dinn.ucsc.cl\/index.php\/taller-geografia-vocacional\/","title":{"rendered":"Taller Geograf\u00eda Vocacional"},"content":{"rendered":"<table class=\" alignleft\" style=\"width: 745px\">\n<tbody>\n<tr>\n<td style=\"width: 744.333px\" colspan=\"4\"><img loading=\"lazy\" class=\"aligncenter wp-image-2265 \" src=\"https:\/\/sitios.ucsc.cl\/ott\/wp-content\/uploads\/sites\/15\/2022\/06\/OTT_DDA_6_HEADER.png\" alt=\"\" width=\"776\" height=\"158\" \/><\/td>\n<\/tr>\n<tr>\n<td style=\"width: 61.9333px\"><\/td>\n<td style=\"width: 66.9333px\"><img loading=\"lazy\" class=\"aligncenter wp-image-2175 size-full\" src=\"https:\/\/sitios.ucsc.cl\/ott\/wp-content\/uploads\/sites\/15\/2022\/06\/OTT_DDA_1.png\" alt=\"\" width=\"50\" height=\"50\" \/><\/td>\n<td style=\"width: 606.467px\">\n<h3>Tecnolog\u00eda desarrollada<\/h3>\n<\/td>\n<td style=\"width: 9px\">\n<h3><\/h3>\n<\/td>\n<\/tr>\n<tr>\n<td style=\"width: 61.9333px\"><\/td>\n<td style=\"width: 66.9333px\"><\/td>\n<td style=\"width: 606.467px\">Permite a los estudiantes reconocer sus intereses y aptitudes para las distintas carreras que componen la oferta acad\u00e9mica existente en la octava regi\u00f3n.<br \/>\nEl taller cuenta con:<br \/>\n1. Instructivo Geograf\u00eda Vocacional.<br \/>\n2. Mapa vocacional.<br \/>\n3. Tr\u00edptico Educaci\u00f3n.<br \/>\n4. Tr\u00edptico Arte y Humanidades.<br \/>\n5. Tr\u00edptico Salud y bienestar.<br \/>\n6. Tr\u00edptico Agricultura, silvicultura, pesca y veterinaria.<br \/>\n7. Tr\u00edptico Ciencias naturales, matem\u00e1ticas y estad\u00edstica.<br \/>\n8. Tr\u00edptico Ingenier\u00eda Industria y Construcci\u00f3n (mec\u00e1nica, electricidad, biotecnolog\u00eda).<br \/>\n9. Tr\u00edptico Ingenier\u00eda Industria y Construcci\u00f3n (civil, prevenci\u00f3n de riesgos).<br \/>\n10. Tr\u00edptico Ingenier\u00eda Industria y Construcci\u00f3n (transporte, industria, arquitectura).<br \/>\n11. Tr\u00edptico Tecnolog\u00edas de la informaci\u00f3n y la comunicaci\u00f3n.<br \/>\n12. Tr\u00edptico Administraci\u00f3n de empresas y Derecho.<br \/>\n13. Tr\u00edptico Ciencias sociales, periodismo e informaci\u00f3n.<br \/>\n14. Tr\u00edptico Servicios.<\/td>\n<td style=\"width: 9px\">\n<h3><\/h3>\n<\/td>\n<\/tr>\n<tr>\n<td style=\"width: 61.9333px\"><\/td>\n<td style=\"width: 66.9333px\"><img loading=\"lazy\" class=\"aligncenter wp-image-2176 size-full\" src=\"https:\/\/sitios.ucsc.cl\/ott\/wp-content\/uploads\/sites\/15\/2022\/06\/OTT_DDA_2.png\" alt=\"\" width=\"50\" height=\"50\" \/><\/td>\n<td style=\"width: 606.467px\">\n<h3>Beneficios \/ Ventajas<\/h3>\n<\/td>\n<td style=\"width: 9px\"><\/td>\n<\/tr>\n<tr>\n<td style=\"width: 61.9333px\"><\/td>\n<td style=\"width: 66.9333px\"><\/td>\n<td style=\"width: 606.467px\">\u2022 B\u00fasqueda personalizada en la exploraci\u00f3n de intereses y aptitudes de los estudiantes.<br \/>\n\u2022 Ampliar el conocimiento de los estudiantes en torno a distintos \u00e1mbitos vocacionales.<br \/>\n\u2022 Visualizar gr\u00e1ficamente las opciones existentes para continuidad de estudios.<\/td>\n<td style=\"width: 9px\"><\/td>\n<\/tr>\n<tr>\n<td style=\"width: 61.9333px\"><\/td>\n<td style=\"width: 66.9333px\"><img loading=\"lazy\" class=\"aligncenter wp-image-2177 size-full\" src=\"https:\/\/sitios.ucsc.cl\/ott\/wp-content\/uploads\/sites\/15\/2022\/06\/OTT_DDA_3.png\" alt=\"\" width=\"50\" height=\"50\" \/><\/td>\n<td style=\"width: 606.467px\">\n<h3>Usos \/ Aplicaciones<\/h3>\n<p>Estudiantes.<\/td>\n<td style=\"width: 9px\"><\/td>\n<\/tr>\n<tr>\n<td style=\"width: 61.9333px\"><\/td>\n<td style=\"width: 66.9333px\"><img loading=\"lazy\" class=\"aligncenter wp-image-2178 size-full\" src=\"https:\/\/sitios.ucsc.cl\/ott\/wp-content\/uploads\/sites\/15\/2022\/06\/OTT_DDA_4.png\" alt=\"\" width=\"50\" height=\"50\" \/><\/td>\n<td style=\"width: 606.467px\">\n<h3>Oferta tecnol\u00f3gica<\/h3>\n<p>Disponible para licenciamiento.<\/td>\n<td style=\"width: 9px\"><\/td>\n<\/tr>\n<tr>\n<td style=\"width: 61.9333px\"><\/td>\n<td style=\"width: 66.9333px\"><img loading=\"lazy\" class=\"aligncenter wp-image-2179 size-full\" src=\"https:\/\/sitios.ucsc.cl\/ott\/wp-content\/uploads\/sites\/15\/2022\/06\/OTT_DDA_5.png\" alt=\"\" width=\"50\" height=\"50\" \/><\/td>\n<td style=\"width: 606.467px\">\n<h3>Propiedad intelectual<\/h3>\n<p>Registro Derecho de Autor: N\u00b0 295.273<\/td>\n<td style=\"width: 9px\"><\/td>\n<\/tr>\n<tr>\n<td style=\"width: 61.9333px\"><\/td>\n<td style=\"width: 66.9333px\"><img loading=\"lazy\" class=\"aligncenter wp-image-2180 size-full\" src=\"https:\/\/sitios.ucsc.cl\/ott\/wp-content\/uploads\/sites\/15\/2022\/06\/OTT_DDA_6.png\" alt=\"\" width=\"50\" height=\"50\" \/><\/td>\n<td style=\"width: 606.467px\">\n<h3>Investigadoras principales<\/h3>\n<\/td>\n<td style=\"width: 9px\"><\/td>\n<\/tr>\n<tr>\n<td style=\"width: 61.9333px\"><\/td>\n<td style=\"width: 66.9333px\"><\/td>\n<td style=\"width: 606.467px\">Natacha Carrasco, PACE UCSC.<br \/>\nNatalia Salgado, PACE UCSC.<br \/>\nPaz C\u00e9spedes, PACE UCSC.<br \/>\nKaryn Rojas, PACE UCSC.<\/td>\n<td style=\"width: 9px\"><\/td>\n<\/tr>\n<tr>\n<td style=\"width: 61.9333px\"><\/td>\n<td style=\"width: 673.4px\" colspan=\"2\">&nbsp;<\/p>\n<p>&nbsp;<\/p>\n<p><a href=\"https:\/\/sitios.ucsc.cl\/ott\/wp-content\/uploads\/sites\/15\/2022\/06\/OTT_DDA_6.pdf\"><img loading=\"lazy\" class=\"aligncenter wp-image-2220 size-medium\" src=\"https:\/\/sitios.ucsc.cl\/ott\/wp-content\/uploads\/sites\/15\/2022\/06\/Bot\u00f3n-descarga-300x61.png\" alt=\"\" width=\"300\" height=\"61\" \/><\/a><\/td>\n<\/tr>\n<\/tbody>\n<\/table>\n","protected":false},"excerpt":{"rendered":"<p>Tecnolog\u00eda desarrollada Permite a los estudiantes reconocer sus intereses y aptitudes para las distintas carreras que componen la oferta acad\u00e9mica existente en la octava regi\u00f3n. El taller cuenta con: 1. Instructivo Geograf\u00eda Vocacional. 2. Mapa vocacional. 3. Tr\u00edptico Educaci\u00f3n. 4. Tr\u00edptico Arte y Humanidades. 5. Tr\u00edptico Salud y bienestar. 6. Tr\u00edptico Agricultura, silvicultura, pesca y [&hellip;]<\/p>\n","protected":false},"author":84,"featured_media":0,"parent":0,"menu_order":0,"comment_status":"closed","ping_status":"closed","template":"","meta":[],"yoast_head":"<!-- This site is optimized with the Yoast SEO plugin v18.9 - https:\/\/yoast.com\/wordpress\/plugins\/seo\/ -->\n<title>Taller Geograf\u00eda Vocacional -<\/title>\n<meta name=\"robots\" content=\"index, follow, max-snippet:-1, max-image-preview:large, max-video-preview:-1\" \/>\n<link rel=\"canonical\" href=\"https:\/\/dinn.ucsc.cl\/index.php\/taller-geografia-vocacional\/\" \/>\n<meta property=\"og:locale\" content=\"es_ES\" \/>\n<meta property=\"og:type\" content=\"article\" \/>\n<meta property=\"og:title\" content=\"Taller Geograf\u00eda Vocacional -\" \/>\n<meta property=\"og:description\" content=\"Tecnolog\u00eda desarrollada Permite a los estudiantes reconocer sus intereses y aptitudes para las distintas carreras que componen la oferta acad\u00e9mica existente en la octava regi\u00f3n. El taller cuenta con: 1. Instructivo Geograf\u00eda Vocacional. 2. Mapa vocacional. 3. Tr\u00edptico Educaci\u00f3n. 4. Tr\u00edptico Arte y Humanidades. 5. Tr\u00edptico Salud y bienestar. 6. Tr\u00edptico Agricultura, silvicultura, pesca y [&hellip;]\" \/>\n<meta property=\"og:url\" content=\"https:\/\/dinn.ucsc.cl\/index.php\/taller-geografia-vocacional\/\" \/>\n<meta property=\"article:publisher\" content=\"https:\/\/m.facebook.com\/DINNUCSC\" \/>\n<meta property=\"article:modified_time\" content=\"2022-12-01T13:31:14+00:00\" \/>\n<meta property=\"og:image\" content=\"https:\/\/sitios.ucsc.cl\/ott\/wp-content\/uploads\/sites\/15\/2022\/06\/OTT_DDA_6_HEADER.png\" \/>\n<meta name=\"twitter:card\" content=\"summary\" \/>\n<meta name=\"twitter:site\" content=\"@dinn_ucsc\" \/>\n<meta name=\"twitter:label1\" content=\"Tiempo de lectura\" \/>\n\t<meta name=\"twitter:data1\" content=\"1 minuto\" \/>\n<script type=\"application\/ld+json\" class=\"yoast-schema-graph\">{\"@context\":\"https:\/\/schema.org\",\"@graph\":[{\"@type\":\"WebSite\",\"@id\":\"https:\/\/dinn.ucsc.cl\/#website\",\"url\":\"https:\/\/dinn.ucsc.cl\/\",\"name\":\"Direcci\u00f3n de Innovaci\u00f3n UCSC\",\"description\":\"Direcci\u00f3n de Innovaci\u00f3n\",\"potentialAction\":[{\"@type\":\"SearchAction\",\"target\":{\"@type\":\"EntryPoint\",\"urlTemplate\":\"https:\/\/dinn.ucsc.cl\/?s={search_term_string}\"},\"query-input\":\"required name=search_term_string\"}],\"inLanguage\":\"es\"},{\"@type\":\"ImageObject\",\"inLanguage\":\"es\",\"@id\":\"https:\/\/dinn.ucsc.cl\/index.php\/taller-geografia-vocacional\/#primaryimage\",\"url\":\"https:\/\/sitios.ucsc.cl\/ott\/wp-content\/uploads\/sites\/15\/2022\/06\/OTT_DDA_6_HEADER.png\",\"contentUrl\":\"https:\/\/sitios.ucsc.cl\/ott\/wp-content\/uploads\/sites\/15\/2022\/06\/OTT_DDA_6_HEADER.png\"},{\"@type\":\"WebPage\",\"@id\":\"https:\/\/dinn.ucsc.cl\/index.php\/taller-geografia-vocacional\/#webpage\",\"url\":\"https:\/\/dinn.ucsc.cl\/index.php\/taller-geografia-vocacional\/\",\"name\":\"Taller Geograf\u00eda Vocacional -\",\"isPartOf\":{\"@id\":\"https:\/\/dinn.ucsc.cl\/#website\"},\"primaryImageOfPage\":{\"@id\":\"https:\/\/dinn.ucsc.cl\/index.php\/taller-geografia-vocacional\/#primaryimage\"},\"datePublished\":\"2022-11-23T20:45:19+00:00\",\"dateModified\":\"2022-12-01T13:31:14+00:00\",\"breadcrumb\":{\"@id\":\"https:\/\/dinn.ucsc.cl\/index.php\/taller-geografia-vocacional\/#breadcrumb\"},\"inLanguage\":\"es\",\"potentialAction\":[{\"@type\":\"ReadAction\",\"target\":[\"https:\/\/dinn.ucsc.cl\/index.php\/taller-geografia-vocacional\/\"]}]},{\"@type\":\"BreadcrumbList\",\"@id\":\"https:\/\/dinn.ucsc.cl\/index.php\/taller-geografia-vocacional\/#breadcrumb\",\"itemListElement\":[{\"@type\":\"ListItem\",\"position\":1,\"name\":\"Inicio\",\"item\":\"https:\/\/dinn.ucsc.cl\/\"},{\"@type\":\"ListItem\",\"position\":2,\"name\":\"Taller Geograf\u00eda Vocacional\"}]}]}<\/script>\n<!-- \/ Yoast SEO plugin. -->","yoast_head_json":{"title":"Taller Geograf\u00eda Vocacional -","robots":{"index":"index","follow":"follow","max-snippet":"max-snippet:-1","max-image-preview":"max-image-preview:large","max-video-preview":"max-video-preview:-1"},"canonical":"https:\/\/dinn.ucsc.cl\/index.php\/taller-geografia-vocacional\/","og_locale":"es_ES","og_type":"article","og_title":"Taller Geograf\u00eda Vocacional -","og_description":"Tecnolog\u00eda desarrollada Permite a los estudiantes reconocer sus intereses y aptitudes para las distintas carreras que componen la oferta acad\u00e9mica existente en la octava regi\u00f3n. El taller cuenta con: 1. Instructivo Geograf\u00eda Vocacional. 2. Mapa vocacional. 3. Tr\u00edptico Educaci\u00f3n. 4. Tr\u00edptico Arte y Humanidades. 5. Tr\u00edptico Salud y bienestar. 6. Tr\u00edptico Agricultura, silvicultura, pesca y [&hellip;]","og_url":"https:\/\/dinn.ucsc.cl\/index.php\/taller-geografia-vocacional\/","article_publisher":"https:\/\/m.facebook.com\/DINNUCSC","article_modified_time":"2022-12-01T13:31:14+00:00","og_image":[{"url":"https:\/\/sitios.ucsc.cl\/ott\/wp-content\/uploads\/sites\/15\/2022\/06\/OTT_DDA_6_HEADER.png"}],"twitter_card":"summary","twitter_site":"@dinn_ucsc","twitter_misc":{"Tiempo de lectura":"1 minuto"},"schema":{"@context":"https:\/\/schema.org","@graph":[{"@type":"WebSite","@id":"https:\/\/dinn.ucsc.cl\/#website","url":"https:\/\/dinn.ucsc.cl\/","name":"Direcci\u00f3n de Innovaci\u00f3n UCSC","description":"Direcci\u00f3n de Innovaci\u00f3n","potentialAction":[{"@type":"SearchAction","target":{"@type":"EntryPoint","urlTemplate":"https:\/\/dinn.ucsc.cl\/?s={search_term_string}"},"query-input":"required name=search_term_string"}],"inLanguage":"es"},{"@type":"ImageObject","inLanguage":"es","@id":"https:\/\/dinn.ucsc.cl\/index.php\/taller-geografia-vocacional\/#primaryimage","url":"https:\/\/sitios.ucsc.cl\/ott\/wp-content\/uploads\/sites\/15\/2022\/06\/OTT_DDA_6_HEADER.png","contentUrl":"https:\/\/sitios.ucsc.cl\/ott\/wp-content\/uploads\/sites\/15\/2022\/06\/OTT_DDA_6_HEADER.png"},{"@type":"WebPage","@id":"https:\/\/dinn.ucsc.cl\/index.php\/taller-geografia-vocacional\/#webpage","url":"https:\/\/dinn.ucsc.cl\/index.php\/taller-geografia-vocacional\/","name":"Taller Geograf\u00eda Vocacional -","isPartOf":{"@id":"https:\/\/dinn.ucsc.cl\/#website"},"primaryImageOfPage":{"@id":"https:\/\/dinn.ucsc.cl\/index.php\/taller-geografia-vocacional\/#primaryimage"},"datePublished":"2022-11-23T20:45:19+00:00","dateModified":"2022-12-01T13:31:14+00:00","breadcrumb":{"@id":"https:\/\/dinn.ucsc.cl\/index.php\/taller-geografia-vocacional\/#breadcrumb"},"inLanguage":"es","potentialAction":[{"@type":"ReadAction","target":["https:\/\/dinn.ucsc.cl\/index.php\/taller-geografia-vocacional\/"]}]},{"@type":"BreadcrumbList","@id":"https:\/\/dinn.ucsc.cl\/index.php\/taller-geografia-vocacional\/#breadcrumb","itemListElement":[{"@type":"ListItem","position":1,"name":"Inicio","item":"https:\/\/dinn.ucsc.cl\/"},{"@type":"ListItem","position":2,"name":"Taller Geograf\u00eda Vocacional"}]}]}},"_links":{"self":[{"href":"https:\/\/dinn.ucsc.cl\/index.php\/wp-json\/wp\/v2\/pages\/4133"}],"collection":[{"href":"https:\/\/dinn.ucsc.cl\/index.php\/wp-json\/wp\/v2\/pages"}],"about":[{"href":"https:\/\/dinn.ucsc.cl\/index.php\/wp-json\/wp\/v2\/types\/page"}],"author":[{"embeddable":true,"href":"https:\/\/dinn.ucsc.cl\/index.php\/wp-json\/wp\/v2\/users\/84"}],"replies":[{"embeddable":true,"href":"https:\/\/dinn.ucsc.cl\/index.php\/wp-json\/wp\/v2\/comments?post=4133"}],"version-history":[{"count":2,"href":"https:\/\/dinn.ucsc.cl\/index.php\/wp-json\/wp\/v2\/pages\/4133\/revisions"}],"predecessor-version":[{"id":4369,"href":"https:\/\/dinn.ucsc.cl\/index.php\/wp-json\/wp\/v2\/pages\/4133\/revisions\/4369"}],"wp:attachment":[{"href":"https:\/\/dinn.ucsc.cl\/index.php\/wp-json\/wp\/v2\/media?parent=4133"}],"curies":[{"name":"wp","href":"https:\/\/api.w.org\/{rel}","templated":true}]}}