{"id":4135,"date":"2022-11-23T17:46:01","date_gmt":"2022-11-23T20:46:01","guid":{"rendered":"https:\/\/dinn.ucsc.cl\/?page_id=4135"},"modified":"2022-12-01T10:31:42","modified_gmt":"2022-12-01T13:31:42","slug":"libreto-matematicamente","status":"publish","type":"page","link":"https:\/\/dinn.ucsc.cl\/index.php\/libreto-matematicamente\/","title":{"rendered":"Libreto Matem\u00e1ticamente"},"content":{"rendered":"<table class=\" alignleft\" style=\"width: 748px\">\n<tbody>\n<tr>\n<td style=\"width: 747.333px\" colspan=\"4\"><img loading=\"lazy\" class=\"aligncenter wp-image-2273 \" src=\"https:\/\/sitios.ucsc.cl\/ott\/wp-content\/uploads\/sites\/15\/2022\/06\/OTT_DDA_7_HEADER.png\" alt=\"\" width=\"764\" height=\"156\" \/><\/td>\n<\/tr>\n<tr>\n<td style=\"width: 68.0333px\"><\/td>\n<td style=\"width: 63.0333px\"><img loading=\"lazy\" class=\"aligncenter wp-image-2175 size-full\" src=\"https:\/\/sitios.ucsc.cl\/ott\/wp-content\/uploads\/sites\/15\/2022\/06\/OTT_DDA_1.png\" alt=\"\" width=\"50\" height=\"50\" \/><\/td>\n<td style=\"width: 604.267px\">\n<h3>Tecnolog\u00eda desarrollada<\/h3>\n<\/td>\n<td style=\"width: 12px\">\n<h3><\/h3>\n<\/td>\n<\/tr>\n<tr>\n<td style=\"width: 68.0333px\"><\/td>\n<td style=\"width: 63.0333px\"><\/td>\n<td style=\"width: 604.267px\">\u201cMatem\u00e1ticamente\u201d, fue pensado y dise\u00f1ado como una herramienta de apoyo a la comprensi\u00f3n de las matem\u00e1ticas, cuyo objetivo es apoyar el proceso de ense\u00f1anza aprendizaje de los estudiantes que ingresan a la educaci\u00f3n superior a trav\u00e9s del programa PACE, durante el primer a\u00f1o de universidad. En el dise\u00f1o del Manual se busc\u00f3 la coherencia con las exigencias del modelo educativo de la UCSC, pensado en la real utilidad que se puede entregar a los j\u00f3venes.<\/td>\n<td style=\"width: 12px\">\n<h3><\/h3>\n<\/td>\n<\/tr>\n<tr>\n<td style=\"width: 68.0333px\"><\/td>\n<td style=\"width: 63.0333px\"><img loading=\"lazy\" class=\"aligncenter wp-image-2176 size-full\" src=\"https:\/\/sitios.ucsc.cl\/ott\/wp-content\/uploads\/sites\/15\/2022\/06\/OTT_DDA_2.png\" alt=\"\" width=\"50\" height=\"50\" \/><\/td>\n<td style=\"width: 604.267px\">\n<h3>Beneficios \/ Ventajas<\/h3>\n<\/td>\n<td style=\"width: 12px\"><\/td>\n<\/tr>\n<tr>\n<td style=\"width: 68.0333px\"><\/td>\n<td style=\"width: 63.0333px\"><\/td>\n<td style=\"width: 604.267px\">\u2022 Dado el auge de las redes sociales, YouTube se convierte en el recurso m\u00e1s apropiado para implementar la estrategia, permitiendo que el estudiante de forma asincr\u00f3nica pueda acceder a los an\u00e1lisis preparados.<br \/>\n\u2022 Con esta herramienta se busca potenciar el desarrollo de habilidades l\u00f3gico &#8211; matem\u00e1ticas de los estudiantes de primer a\u00f1o, entregando herramientas te\u00f3ricas y estrategias para enfrentar las asignaturas de primer a\u00f1o en la universidad.<br \/>\n\u2022 Las tutor\u00edas de apoyo que se realizan durante el primer a\u00f1o de estos estudiantes, toman como base las aplicaciones presentadas en esta herramienta.<\/td>\n<td style=\"width: 12px\"><\/td>\n<\/tr>\n<tr>\n<td style=\"width: 68.0333px\"><\/td>\n<td style=\"width: 63.0333px\"><img loading=\"lazy\" class=\"aligncenter wp-image-2177 size-full\" src=\"https:\/\/sitios.ucsc.cl\/ott\/wp-content\/uploads\/sites\/15\/2022\/06\/OTT_DDA_3.png\" alt=\"\" width=\"50\" height=\"50\" \/><\/td>\n<td style=\"width: 604.267px\">\n<h3>Usos \/ Aplicaciones<\/h3>\n<\/td>\n<td style=\"width: 12px\"><\/td>\n<\/tr>\n<tr>\n<td style=\"width: 68.0333px\"><\/td>\n<td style=\"width: 63.0333px\"><\/td>\n<td style=\"width: 604.267px\">El libreto que da origen al canal de YouTube denominado \u201cMatem\u00e1ticamente PACE UCSC\u201d, herramienta que permite al estudiante acceder a 7 sesiones de apoyo a la comprensi\u00f3n de las matem\u00e1ticas de manera l\u00fadica y cercana a la cotidianeidad, sobre contenidos que tradicionalmente presentan complejidad en su comprensi\u00f3n.<\/td>\n<td style=\"width: 12px\"><\/td>\n<\/tr>\n<tr>\n<td style=\"width: 68.0333px\"><\/td>\n<td style=\"width: 63.0333px\"><img loading=\"lazy\" class=\"aligncenter wp-image-2178 size-full\" src=\"https:\/\/sitios.ucsc.cl\/ott\/wp-content\/uploads\/sites\/15\/2022\/06\/OTT_DDA_4.png\" alt=\"\" width=\"50\" height=\"50\" \/><\/td>\n<td style=\"width: 604.267px\">\n<h3>Oferta tecnol\u00f3gica<\/h3>\n<p>Disponible para licenciamiento.<\/td>\n<td style=\"width: 12px\"><\/td>\n<\/tr>\n<tr>\n<td style=\"width: 68.0333px\"><\/td>\n<td style=\"width: 63.0333px\"><img loading=\"lazy\" class=\"aligncenter wp-image-2179 size-full\" src=\"https:\/\/sitios.ucsc.cl\/ott\/wp-content\/uploads\/sites\/15\/2022\/06\/OTT_DDA_5.png\" alt=\"\" width=\"50\" height=\"50\" \/><\/td>\n<td style=\"width: 604.267px\">\n<h3>Propiedad intelectual<\/h3>\n<p>Registro Derecho de Autor: N\u00b0 297.095<\/td>\n<td style=\"width: 12px\"><\/td>\n<\/tr>\n<tr>\n<td style=\"width: 68.0333px\"><\/td>\n<td style=\"width: 63.0333px\"><img loading=\"lazy\" class=\"aligncenter wp-image-2180 size-full\" src=\"https:\/\/sitios.ucsc.cl\/ott\/wp-content\/uploads\/sites\/15\/2022\/06\/OTT_DDA_6.png\" alt=\"\" width=\"50\" height=\"50\" \/><\/td>\n<td style=\"width: 604.267px\">\n<h3>Investigador principal<\/h3>\n<p>Natacha Carrasco, Unidad de Acompa\u00f1amiento y Acceso a la Universidad.<br \/>\nCristian Herrera, Unidad de Acompa\u00f1amiento y Acceso a la Universidad.<\/td>\n<td style=\"width: 12px\"><\/td>\n<\/tr>\n<tr>\n<td style=\"width: 68.0333px\"><\/td>\n<td style=\"width: 667.3px\" colspan=\"2\">&nbsp;<\/p>\n<p>&nbsp;<\/p>\n<p><a href=\"https:\/\/sitios.ucsc.cl\/ott\/wp-content\/uploads\/sites\/15\/2022\/06\/OTT_DDA_7.pdf\"><img loading=\"lazy\" class=\"aligncenter wp-image-2220 size-medium\" src=\"https:\/\/sitios.ucsc.cl\/ott\/wp-content\/uploads\/sites\/15\/2022\/06\/Bot\u00f3n-descarga-300x61.png\" alt=\"\" width=\"300\" height=\"61\" \/><\/a><\/td>\n<\/tr>\n<\/tbody>\n<\/table>\n","protected":false},"excerpt":{"rendered":"<p>Tecnolog\u00eda desarrollada \u201cMatem\u00e1ticamente\u201d, fue pensado y dise\u00f1ado como una herramienta de apoyo a la comprensi\u00f3n de las matem\u00e1ticas, cuyo objetivo es apoyar el proceso de ense\u00f1anza aprendizaje de los estudiantes que ingresan a la educaci\u00f3n superior a trav\u00e9s del programa PACE, durante el primer a\u00f1o de universidad. En el dise\u00f1o del Manual se busc\u00f3 la [&hellip;]<\/p>\n","protected":false},"author":84,"featured_media":0,"parent":0,"menu_order":0,"comment_status":"closed","ping_status":"closed","template":"","meta":[],"yoast_head":"<!-- This site is optimized with the Yoast SEO plugin v18.9 - https:\/\/yoast.com\/wordpress\/plugins\/seo\/ -->\n<title>Libreto Matem\u00e1ticamente -<\/title>\n<meta name=\"robots\" content=\"index, follow, max-snippet:-1, max-image-preview:large, max-video-preview:-1\" \/>\n<link rel=\"canonical\" href=\"https:\/\/dinn.ucsc.cl\/index.php\/libreto-matematicamente\/\" \/>\n<meta property=\"og:locale\" content=\"es_ES\" \/>\n<meta property=\"og:type\" content=\"article\" \/>\n<meta property=\"og:title\" content=\"Libreto Matem\u00e1ticamente -\" \/>\n<meta property=\"og:description\" content=\"Tecnolog\u00eda desarrollada \u201cMatem\u00e1ticamente\u201d, fue pensado y dise\u00f1ado como una herramienta de apoyo a la comprensi\u00f3n de las matem\u00e1ticas, cuyo objetivo es apoyar el proceso de ense\u00f1anza aprendizaje de los estudiantes que ingresan a la educaci\u00f3n superior a trav\u00e9s del programa PACE, durante el primer a\u00f1o de universidad. En el dise\u00f1o del Manual se busc\u00f3 la [&hellip;]\" \/>\n<meta property=\"og:url\" content=\"https:\/\/dinn.ucsc.cl\/index.php\/libreto-matematicamente\/\" \/>\n<meta property=\"article:publisher\" content=\"https:\/\/m.facebook.com\/DINNUCSC\" \/>\n<meta property=\"article:modified_time\" content=\"2022-12-01T13:31:42+00:00\" \/>\n<meta property=\"og:image\" content=\"https:\/\/sitios.ucsc.cl\/ott\/wp-content\/uploads\/sites\/15\/2022\/06\/OTT_DDA_7_HEADER.png\" \/>\n<meta name=\"twitter:card\" content=\"summary\" \/>\n<meta name=\"twitter:site\" content=\"@dinn_ucsc\" \/>\n<meta name=\"twitter:label1\" content=\"Tiempo de lectura\" \/>\n\t<meta name=\"twitter:data1\" content=\"1 minuto\" \/>\n<script type=\"application\/ld+json\" class=\"yoast-schema-graph\">{\"@context\":\"https:\/\/schema.org\",\"@graph\":[{\"@type\":\"WebSite\",\"@id\":\"https:\/\/dinn.ucsc.cl\/#website\",\"url\":\"https:\/\/dinn.ucsc.cl\/\",\"name\":\"Direcci\u00f3n de Innovaci\u00f3n UCSC\",\"description\":\"Direcci\u00f3n de Innovaci\u00f3n\",\"potentialAction\":[{\"@type\":\"SearchAction\",\"target\":{\"@type\":\"EntryPoint\",\"urlTemplate\":\"https:\/\/dinn.ucsc.cl\/?s={search_term_string}\"},\"query-input\":\"required name=search_term_string\"}],\"inLanguage\":\"es\"},{\"@type\":\"ImageObject\",\"inLanguage\":\"es\",\"@id\":\"https:\/\/dinn.ucsc.cl\/index.php\/libreto-matematicamente\/#primaryimage\",\"url\":\"https:\/\/sitios.ucsc.cl\/ott\/wp-content\/uploads\/sites\/15\/2022\/06\/OTT_DDA_7_HEADER.png\",\"contentUrl\":\"https:\/\/sitios.ucsc.cl\/ott\/wp-content\/uploads\/sites\/15\/2022\/06\/OTT_DDA_7_HEADER.png\"},{\"@type\":\"WebPage\",\"@id\":\"https:\/\/dinn.ucsc.cl\/index.php\/libreto-matematicamente\/#webpage\",\"url\":\"https:\/\/dinn.ucsc.cl\/index.php\/libreto-matematicamente\/\",\"name\":\"Libreto Matem\u00e1ticamente -\",\"isPartOf\":{\"@id\":\"https:\/\/dinn.ucsc.cl\/#website\"},\"primaryImageOfPage\":{\"@id\":\"https:\/\/dinn.ucsc.cl\/index.php\/libreto-matematicamente\/#primaryimage\"},\"datePublished\":\"2022-11-23T20:46:01+00:00\",\"dateModified\":\"2022-12-01T13:31:42+00:00\",\"breadcrumb\":{\"@id\":\"https:\/\/dinn.ucsc.cl\/index.php\/libreto-matematicamente\/#breadcrumb\"},\"inLanguage\":\"es\",\"potentialAction\":[{\"@type\":\"ReadAction\",\"target\":[\"https:\/\/dinn.ucsc.cl\/index.php\/libreto-matematicamente\/\"]}]},{\"@type\":\"BreadcrumbList\",\"@id\":\"https:\/\/dinn.ucsc.cl\/index.php\/libreto-matematicamente\/#breadcrumb\",\"itemListElement\":[{\"@type\":\"ListItem\",\"position\":1,\"name\":\"Inicio\",\"item\":\"https:\/\/dinn.ucsc.cl\/\"},{\"@type\":\"ListItem\",\"position\":2,\"name\":\"Libreto Matem\u00e1ticamente\"}]}]}<\/script>\n<!-- \/ Yoast SEO plugin. -->","yoast_head_json":{"title":"Libreto Matem\u00e1ticamente -","robots":{"index":"index","follow":"follow","max-snippet":"max-snippet:-1","max-image-preview":"max-image-preview:large","max-video-preview":"max-video-preview:-1"},"canonical":"https:\/\/dinn.ucsc.cl\/index.php\/libreto-matematicamente\/","og_locale":"es_ES","og_type":"article","og_title":"Libreto Matem\u00e1ticamente -","og_description":"Tecnolog\u00eda desarrollada \u201cMatem\u00e1ticamente\u201d, fue pensado y dise\u00f1ado como una herramienta de apoyo a la comprensi\u00f3n de las matem\u00e1ticas, cuyo objetivo es apoyar el proceso de ense\u00f1anza aprendizaje de los estudiantes que ingresan a la educaci\u00f3n superior a trav\u00e9s del programa PACE, durante el primer a\u00f1o de universidad. En el dise\u00f1o del Manual se busc\u00f3 la [&hellip;]","og_url":"https:\/\/dinn.ucsc.cl\/index.php\/libreto-matematicamente\/","article_publisher":"https:\/\/m.facebook.com\/DINNUCSC","article_modified_time":"2022-12-01T13:31:42+00:00","og_image":[{"url":"https:\/\/sitios.ucsc.cl\/ott\/wp-content\/uploads\/sites\/15\/2022\/06\/OTT_DDA_7_HEADER.png"}],"twitter_card":"summary","twitter_site":"@dinn_ucsc","twitter_misc":{"Tiempo de lectura":"1 minuto"},"schema":{"@context":"https:\/\/schema.org","@graph":[{"@type":"WebSite","@id":"https:\/\/dinn.ucsc.cl\/#website","url":"https:\/\/dinn.ucsc.cl\/","name":"Direcci\u00f3n de Innovaci\u00f3n UCSC","description":"Direcci\u00f3n de Innovaci\u00f3n","potentialAction":[{"@type":"SearchAction","target":{"@type":"EntryPoint","urlTemplate":"https:\/\/dinn.ucsc.cl\/?s={search_term_string}"},"query-input":"required name=search_term_string"}],"inLanguage":"es"},{"@type":"ImageObject","inLanguage":"es","@id":"https:\/\/dinn.ucsc.cl\/index.php\/libreto-matematicamente\/#primaryimage","url":"https:\/\/sitios.ucsc.cl\/ott\/wp-content\/uploads\/sites\/15\/2022\/06\/OTT_DDA_7_HEADER.png","contentUrl":"https:\/\/sitios.ucsc.cl\/ott\/wp-content\/uploads\/sites\/15\/2022\/06\/OTT_DDA_7_HEADER.png"},{"@type":"WebPage","@id":"https:\/\/dinn.ucsc.cl\/index.php\/libreto-matematicamente\/#webpage","url":"https:\/\/dinn.ucsc.cl\/index.php\/libreto-matematicamente\/","name":"Libreto Matem\u00e1ticamente -","isPartOf":{"@id":"https:\/\/dinn.ucsc.cl\/#website"},"primaryImageOfPage":{"@id":"https:\/\/dinn.ucsc.cl\/index.php\/libreto-matematicamente\/#primaryimage"},"datePublished":"2022-11-23T20:46:01+00:00","dateModified":"2022-12-01T13:31:42+00:00","breadcrumb":{"@id":"https:\/\/dinn.ucsc.cl\/index.php\/libreto-matematicamente\/#breadcrumb"},"inLanguage":"es","potentialAction":[{"@type":"ReadAction","target":["https:\/\/dinn.ucsc.cl\/index.php\/libreto-matematicamente\/"]}]},{"@type":"BreadcrumbList","@id":"https:\/\/dinn.ucsc.cl\/index.php\/libreto-matematicamente\/#breadcrumb","itemListElement":[{"@type":"ListItem","position":1,"name":"Inicio","item":"https:\/\/dinn.ucsc.cl\/"},{"@type":"ListItem","position":2,"name":"Libreto Matem\u00e1ticamente"}]}]}},"_links":{"self":[{"href":"https:\/\/dinn.ucsc.cl\/index.php\/wp-json\/wp\/v2\/pages\/4135"}],"collection":[{"href":"https:\/\/dinn.ucsc.cl\/index.php\/wp-json\/wp\/v2\/pages"}],"about":[{"href":"https:\/\/dinn.ucsc.cl\/index.php\/wp-json\/wp\/v2\/types\/page"}],"author":[{"embeddable":true,"href":"https:\/\/dinn.ucsc.cl\/index.php\/wp-json\/wp\/v2\/users\/84"}],"replies":[{"embeddable":true,"href":"https:\/\/dinn.ucsc.cl\/index.php\/wp-json\/wp\/v2\/comments?post=4135"}],"version-history":[{"count":3,"href":"https:\/\/dinn.ucsc.cl\/index.php\/wp-json\/wp\/v2\/pages\/4135\/revisions"}],"predecessor-version":[{"id":4371,"href":"https:\/\/dinn.ucsc.cl\/index.php\/wp-json\/wp\/v2\/pages\/4135\/revisions\/4371"}],"wp:attachment":[{"href":"https:\/\/dinn.ucsc.cl\/index.php\/wp-json\/wp\/v2\/media?parent=4135"}],"curies":[{"name":"wp","href":"https:\/\/api.w.org\/{rel}","templated":true}]}}