{"id":4137,"date":"2022-11-23T17:46:35","date_gmt":"2022-11-23T20:46:35","guid":{"rendered":"https:\/\/dinn.ucsc.cl\/?page_id=4137"},"modified":"2022-12-01T10:32:03","modified_gmt":"2022-12-01T13:32:03","slug":"plan-de-implementacion-de-buenas-practicas-de-ensenanza-de-la-lecto-escritura-inicial","status":"publish","type":"page","link":"https:\/\/dinn.ucsc.cl\/index.php\/plan-de-implementacion-de-buenas-practicas-de-ensenanza-de-la-lecto-escritura-inicial\/","title":{"rendered":"Plan de implementaci\u00f3n de buenas pr\u00e1cticas de ense\u00f1anza de la lecto escritura inicial"},"content":{"rendered":"<table class=\" alignleft\" style=\"width: 744px\">\n<tbody>\n<tr>\n<td style=\"width: 743.333px\" colspan=\"4\"><a href=\"https:\/\/sitios.ucsc.cl\/ott\/wp-content\/uploads\/sites\/15\/2022\/06\/OTT_DDA_8_HEADER.png\"><img loading=\"lazy\" class=\"aligncenter wp-image-2274 \" src=\"https:\/\/sitios.ucsc.cl\/ott\/wp-content\/uploads\/sites\/15\/2022\/06\/OTT_DDA_8_HEADER.png\" alt=\"\" width=\"765\" height=\"156\" \/><\/a><\/td>\n<\/tr>\n<tr>\n<td style=\"width: 65.9333px\"><\/td>\n<td style=\"width: 66.9167px\"><img loading=\"lazy\" class=\"aligncenter wp-image-2175 size-full\" src=\"https:\/\/sitios.ucsc.cl\/ott\/wp-content\/uploads\/sites\/15\/2022\/06\/OTT_DDA_1.png\" alt=\"\" width=\"50\" height=\"50\" \/><\/td>\n<td style=\"width: 601.483px\">\n<h3>Tecnolog\u00eda desarrollada<\/h3>\n<\/td>\n<td style=\"width: 9px\">\n<h3><\/h3>\n<\/td>\n<\/tr>\n<tr>\n<td style=\"width: 65.9333px\"><\/td>\n<td style=\"width: 66.9167px\"><\/td>\n<td style=\"width: 601.483px\">El objetivo es que a trav\u00e9s del fortalecimiento de las capacidades docentes se mejoren los aprendizajes de habilidades fundantes del proceso de lectura y escritura.<\/td>\n<td style=\"width: 9px\">\n<h3><\/h3>\n<\/td>\n<\/tr>\n<tr>\n<td style=\"width: 65.9333px\"><\/td>\n<td style=\"width: 66.9167px\"><img loading=\"lazy\" class=\"aligncenter wp-image-2176 size-full\" src=\"https:\/\/sitios.ucsc.cl\/ott\/wp-content\/uploads\/sites\/15\/2022\/06\/OTT_DDA_2.png\" alt=\"\" width=\"50\" height=\"50\" \/><\/td>\n<td style=\"width: 601.483px\">\n<h3>Beneficios \/ Ventajas<\/h3>\n<\/td>\n<td style=\"width: 9px\"><\/td>\n<\/tr>\n<tr>\n<td style=\"width: 65.9333px\"><\/td>\n<td style=\"width: 66.9167px\"><\/td>\n<td style=\"width: 601.483px\">\u2022 Diagn\u00f3stico y autodiagn\u00f3stico de necesidades de capacitaci\u00f3n y actualizaci\u00f3n.<br \/>\n\u2022 Diagn\u00f3stico y de las habilidades de los ni\u00f1os y ni\u00f1as a trav\u00e9s de instrumentos estandarizados.<br \/>\n\u2022 Talleres de actualizaci\u00f3n disciplinar y de Planificaci\u00f3n de articulaci\u00f3n curricular y did\u00e1ctica.<br \/>\n\u2022 Plan de acompa\u00f1amiento y retroalimentaci\u00f3n a los y las participantes.<br \/>\n\u2022 Evaluaci\u00f3n de los efectos alcanzados a trav\u00e9s de la aplicaci\u00f3n de instrumento estandarizado a ni\u00f1os y ni\u00f1as, y de encuesta\/ entrevistas a los participantes.<br \/>\n\u2022 Informe final de resultados para los directivos de los establecimientos.<\/td>\n<td style=\"width: 9px\"><\/td>\n<\/tr>\n<tr>\n<td style=\"width: 65.9333px\"><\/td>\n<td style=\"width: 66.9167px\"><img loading=\"lazy\" class=\"aligncenter wp-image-2177 size-full\" src=\"https:\/\/sitios.ucsc.cl\/ott\/wp-content\/uploads\/sites\/15\/2022\/06\/OTT_DDA_3.png\" alt=\"\" width=\"50\" height=\"50\" \/><\/td>\n<td style=\"width: 601.483px\">\n<h3>Usos \/ Aplicaciones<\/h3>\n<p>Plan de Implementaci\u00f3n de Buenas Pr\u00e1cticas para la ense\u00f1anza de la lectoescritura inicial dirigido a educadoras de p\u00e1rvulos y docentes de NT1-NT2 y 1\u00b0 b\u00e1sico.<\/td>\n<td style=\"width: 9px\"><\/td>\n<\/tr>\n<tr>\n<td style=\"width: 65.9333px\"><\/td>\n<td style=\"width: 66.9167px\"><img loading=\"lazy\" class=\"aligncenter wp-image-2178 size-full\" src=\"https:\/\/sitios.ucsc.cl\/ott\/wp-content\/uploads\/sites\/15\/2022\/06\/OTT_DDA_4.png\" alt=\"\" width=\"50\" height=\"50\" \/><\/td>\n<td style=\"width: 601.483px\">\n<h3>Oferta tecnol\u00f3gica<\/h3>\n<p>Disponible para licenciamiento.<\/td>\n<td style=\"width: 9px\"><\/td>\n<\/tr>\n<tr>\n<td style=\"width: 65.9333px\"><\/td>\n<td style=\"width: 66.9167px\"><img loading=\"lazy\" class=\"aligncenter wp-image-2179 size-full\" src=\"https:\/\/sitios.ucsc.cl\/ott\/wp-content\/uploads\/sites\/15\/2022\/06\/OTT_DDA_5.png\" alt=\"\" width=\"50\" height=\"50\" \/><\/td>\n<td style=\"width: 601.483px\">\n<h3>Propiedad intelectual<\/h3>\n<p>Registro Derecho de Autor: N\u00b0 2020-A-1755<\/td>\n<td style=\"width: 9px\"><\/td>\n<\/tr>\n<tr>\n<td style=\"width: 65.9333px\"><\/td>\n<td style=\"width: 66.9167px\"><img loading=\"lazy\" class=\"aligncenter wp-image-2180 size-full\" src=\"https:\/\/sitios.ucsc.cl\/ott\/wp-content\/uploads\/sites\/15\/2022\/06\/OTT_DDA_6.png\" alt=\"\" width=\"50\" height=\"50\" \/><\/td>\n<td style=\"width: 601.483px\">\n<h3>Investigadoras principales<\/h3>\n<\/td>\n<td style=\"width: 9px\"><\/td>\n<\/tr>\n<tr>\n<td style=\"width: 65.9333px\"><\/td>\n<td style=\"width: 66.9167px\"><\/td>\n<td style=\"width: 601.483px\">Beatriz Arancibia Mu\u00f1oz, Facultad de Educaci\u00f3n.<br \/>\nMar\u00eda Mu\u00f1oz Abrines, Facultad de Educaci\u00f3n.<br \/>\nMar\u00eda Soto Mu\u00f1oz, Facultad de Educaci\u00f3n.<\/td>\n<td style=\"width: 9px\"><\/td>\n<\/tr>\n<tr>\n<td style=\"width: 65.9333px\"><\/td>\n<td style=\"width: 668.4px\" colspan=\"2\">&nbsp;<\/p>\n<p>&nbsp;<\/p>\n<p><a href=\"https:\/\/sitios.ucsc.cl\/ott\/wp-content\/uploads\/sites\/15\/2022\/06\/OTT_DDA_8.pdf\"><img loading=\"lazy\" class=\"aligncenter wp-image-2220 size-medium\" src=\"https:\/\/sitios.ucsc.cl\/ott\/wp-content\/uploads\/sites\/15\/2022\/06\/Bot\u00f3n-descarga-300x61.png\" alt=\"\" width=\"300\" height=\"61\" \/><\/a><\/td>\n<\/tr>\n<\/tbody>\n<\/table>\n","protected":false},"excerpt":{"rendered":"<p>Tecnolog\u00eda desarrollada El objetivo es que a trav\u00e9s del fortalecimiento de las capacidades docentes se mejoren los aprendizajes de habilidades fundantes del proceso de lectura y escritura. Beneficios \/ Ventajas \u2022 Diagn\u00f3stico y autodiagn\u00f3stico de necesidades de capacitaci\u00f3n y actualizaci\u00f3n. \u2022 Diagn\u00f3stico y de las habilidades de los ni\u00f1os y ni\u00f1as a trav\u00e9s de instrumentos [&hellip;]<\/p>\n","protected":false},"author":84,"featured_media":0,"parent":0,"menu_order":0,"comment_status":"closed","ping_status":"closed","template":"","meta":[],"yoast_head":"<!-- This site is optimized with the Yoast SEO plugin v18.9 - https:\/\/yoast.com\/wordpress\/plugins\/seo\/ -->\n<title>Plan de implementaci\u00f3n de buenas pr\u00e1cticas de ense\u00f1anza de la lecto escritura inicial -<\/title>\n<meta name=\"robots\" content=\"index, follow, max-snippet:-1, max-image-preview:large, max-video-preview:-1\" \/>\n<link rel=\"canonical\" href=\"https:\/\/dinn.ucsc.cl\/index.php\/plan-de-implementacion-de-buenas-practicas-de-ensenanza-de-la-lecto-escritura-inicial\/\" \/>\n<meta property=\"og:locale\" content=\"es_ES\" \/>\n<meta property=\"og:type\" content=\"article\" \/>\n<meta property=\"og:title\" content=\"Plan de implementaci\u00f3n de buenas pr\u00e1cticas de ense\u00f1anza de la lecto escritura inicial -\" \/>\n<meta property=\"og:description\" content=\"Tecnolog\u00eda desarrollada El objetivo es que a trav\u00e9s del fortalecimiento de las capacidades docentes se mejoren los aprendizajes de habilidades fundantes del proceso de lectura y escritura. Beneficios \/ Ventajas \u2022 Diagn\u00f3stico y autodiagn\u00f3stico de necesidades de capacitaci\u00f3n y actualizaci\u00f3n. \u2022 Diagn\u00f3stico y de las habilidades de los ni\u00f1os y ni\u00f1as a trav\u00e9s de instrumentos [&hellip;]\" \/>\n<meta property=\"og:url\" content=\"https:\/\/dinn.ucsc.cl\/index.php\/plan-de-implementacion-de-buenas-practicas-de-ensenanza-de-la-lecto-escritura-inicial\/\" \/>\n<meta property=\"article:publisher\" content=\"https:\/\/m.facebook.com\/DINNUCSC\" \/>\n<meta property=\"article:modified_time\" content=\"2022-12-01T13:32:03+00:00\" \/>\n<meta property=\"og:image\" content=\"https:\/\/sitios.ucsc.cl\/ott\/wp-content\/uploads\/sites\/15\/2022\/06\/OTT_DDA_8_HEADER.png\" \/>\n<meta name=\"twitter:card\" content=\"summary\" \/>\n<meta name=\"twitter:site\" content=\"@dinn_ucsc\" \/>\n<meta name=\"twitter:label1\" content=\"Tiempo de lectura\" \/>\n\t<meta name=\"twitter:data1\" content=\"1 minuto\" \/>\n<script type=\"application\/ld+json\" class=\"yoast-schema-graph\">{\"@context\":\"https:\/\/schema.org\",\"@graph\":[{\"@type\":\"WebSite\",\"@id\":\"https:\/\/dinn.ucsc.cl\/#website\",\"url\":\"https:\/\/dinn.ucsc.cl\/\",\"name\":\"Direcci\u00f3n de Innovaci\u00f3n UCSC\",\"description\":\"Direcci\u00f3n de Innovaci\u00f3n\",\"potentialAction\":[{\"@type\":\"SearchAction\",\"target\":{\"@type\":\"EntryPoint\",\"urlTemplate\":\"https:\/\/dinn.ucsc.cl\/?s={search_term_string}\"},\"query-input\":\"required name=search_term_string\"}],\"inLanguage\":\"es\"},{\"@type\":\"ImageObject\",\"inLanguage\":\"es\",\"@id\":\"https:\/\/dinn.ucsc.cl\/index.php\/plan-de-implementacion-de-buenas-practicas-de-ensenanza-de-la-lecto-escritura-inicial\/#primaryimage\",\"url\":\"https:\/\/sitios.ucsc.cl\/ott\/wp-content\/uploads\/sites\/15\/2022\/06\/OTT_DDA_8_HEADER.png\",\"contentUrl\":\"https:\/\/sitios.ucsc.cl\/ott\/wp-content\/uploads\/sites\/15\/2022\/06\/OTT_DDA_8_HEADER.png\"},{\"@type\":\"WebPage\",\"@id\":\"https:\/\/dinn.ucsc.cl\/index.php\/plan-de-implementacion-de-buenas-practicas-de-ensenanza-de-la-lecto-escritura-inicial\/#webpage\",\"url\":\"https:\/\/dinn.ucsc.cl\/index.php\/plan-de-implementacion-de-buenas-practicas-de-ensenanza-de-la-lecto-escritura-inicial\/\",\"name\":\"Plan de implementaci\u00f3n de buenas pr\u00e1cticas de ense\u00f1anza de la lecto escritura inicial -\",\"isPartOf\":{\"@id\":\"https:\/\/dinn.ucsc.cl\/#website\"},\"primaryImageOfPage\":{\"@id\":\"https:\/\/dinn.ucsc.cl\/index.php\/plan-de-implementacion-de-buenas-practicas-de-ensenanza-de-la-lecto-escritura-inicial\/#primaryimage\"},\"datePublished\":\"2022-11-23T20:46:35+00:00\",\"dateModified\":\"2022-12-01T13:32:03+00:00\",\"breadcrumb\":{\"@id\":\"https:\/\/dinn.ucsc.cl\/index.php\/plan-de-implementacion-de-buenas-practicas-de-ensenanza-de-la-lecto-escritura-inicial\/#breadcrumb\"},\"inLanguage\":\"es\",\"potentialAction\":[{\"@type\":\"ReadAction\",\"target\":[\"https:\/\/dinn.ucsc.cl\/index.php\/plan-de-implementacion-de-buenas-practicas-de-ensenanza-de-la-lecto-escritura-inicial\/\"]}]},{\"@type\":\"BreadcrumbList\",\"@id\":\"https:\/\/dinn.ucsc.cl\/index.php\/plan-de-implementacion-de-buenas-practicas-de-ensenanza-de-la-lecto-escritura-inicial\/#breadcrumb\",\"itemListElement\":[{\"@type\":\"ListItem\",\"position\":1,\"name\":\"Inicio\",\"item\":\"https:\/\/dinn.ucsc.cl\/\"},{\"@type\":\"ListItem\",\"position\":2,\"name\":\"Plan de implementaci\u00f3n de buenas pr\u00e1cticas de ense\u00f1anza de la lecto escritura inicial\"}]}]}<\/script>\n<!-- \/ Yoast SEO plugin. -->","yoast_head_json":{"title":"Plan de implementaci\u00f3n de buenas pr\u00e1cticas de ense\u00f1anza de la lecto escritura inicial -","robots":{"index":"index","follow":"follow","max-snippet":"max-snippet:-1","max-image-preview":"max-image-preview:large","max-video-preview":"max-video-preview:-1"},"canonical":"https:\/\/dinn.ucsc.cl\/index.php\/plan-de-implementacion-de-buenas-practicas-de-ensenanza-de-la-lecto-escritura-inicial\/","og_locale":"es_ES","og_type":"article","og_title":"Plan de implementaci\u00f3n de buenas pr\u00e1cticas de ense\u00f1anza de la lecto escritura inicial -","og_description":"Tecnolog\u00eda desarrollada El objetivo es que a trav\u00e9s del fortalecimiento de las capacidades docentes se mejoren los aprendizajes de habilidades fundantes del proceso de lectura y escritura. Beneficios \/ Ventajas \u2022 Diagn\u00f3stico y autodiagn\u00f3stico de necesidades de capacitaci\u00f3n y actualizaci\u00f3n. \u2022 Diagn\u00f3stico y de las habilidades de los ni\u00f1os y ni\u00f1as a trav\u00e9s de instrumentos [&hellip;]","og_url":"https:\/\/dinn.ucsc.cl\/index.php\/plan-de-implementacion-de-buenas-practicas-de-ensenanza-de-la-lecto-escritura-inicial\/","article_publisher":"https:\/\/m.facebook.com\/DINNUCSC","article_modified_time":"2022-12-01T13:32:03+00:00","og_image":[{"url":"https:\/\/sitios.ucsc.cl\/ott\/wp-content\/uploads\/sites\/15\/2022\/06\/OTT_DDA_8_HEADER.png"}],"twitter_card":"summary","twitter_site":"@dinn_ucsc","twitter_misc":{"Tiempo de lectura":"1 minuto"},"schema":{"@context":"https:\/\/schema.org","@graph":[{"@type":"WebSite","@id":"https:\/\/dinn.ucsc.cl\/#website","url":"https:\/\/dinn.ucsc.cl\/","name":"Direcci\u00f3n de Innovaci\u00f3n UCSC","description":"Direcci\u00f3n de Innovaci\u00f3n","potentialAction":[{"@type":"SearchAction","target":{"@type":"EntryPoint","urlTemplate":"https:\/\/dinn.ucsc.cl\/?s={search_term_string}"},"query-input":"required name=search_term_string"}],"inLanguage":"es"},{"@type":"ImageObject","inLanguage":"es","@id":"https:\/\/dinn.ucsc.cl\/index.php\/plan-de-implementacion-de-buenas-practicas-de-ensenanza-de-la-lecto-escritura-inicial\/#primaryimage","url":"https:\/\/sitios.ucsc.cl\/ott\/wp-content\/uploads\/sites\/15\/2022\/06\/OTT_DDA_8_HEADER.png","contentUrl":"https:\/\/sitios.ucsc.cl\/ott\/wp-content\/uploads\/sites\/15\/2022\/06\/OTT_DDA_8_HEADER.png"},{"@type":"WebPage","@id":"https:\/\/dinn.ucsc.cl\/index.php\/plan-de-implementacion-de-buenas-practicas-de-ensenanza-de-la-lecto-escritura-inicial\/#webpage","url":"https:\/\/dinn.ucsc.cl\/index.php\/plan-de-implementacion-de-buenas-practicas-de-ensenanza-de-la-lecto-escritura-inicial\/","name":"Plan de implementaci\u00f3n de buenas pr\u00e1cticas de ense\u00f1anza de la lecto escritura inicial -","isPartOf":{"@id":"https:\/\/dinn.ucsc.cl\/#website"},"primaryImageOfPage":{"@id":"https:\/\/dinn.ucsc.cl\/index.php\/plan-de-implementacion-de-buenas-practicas-de-ensenanza-de-la-lecto-escritura-inicial\/#primaryimage"},"datePublished":"2022-11-23T20:46:35+00:00","dateModified":"2022-12-01T13:32:03+00:00","breadcrumb":{"@id":"https:\/\/dinn.ucsc.cl\/index.php\/plan-de-implementacion-de-buenas-practicas-de-ensenanza-de-la-lecto-escritura-inicial\/#breadcrumb"},"inLanguage":"es","potentialAction":[{"@type":"ReadAction","target":["https:\/\/dinn.ucsc.cl\/index.php\/plan-de-implementacion-de-buenas-practicas-de-ensenanza-de-la-lecto-escritura-inicial\/"]}]},{"@type":"BreadcrumbList","@id":"https:\/\/dinn.ucsc.cl\/index.php\/plan-de-implementacion-de-buenas-practicas-de-ensenanza-de-la-lecto-escritura-inicial\/#breadcrumb","itemListElement":[{"@type":"ListItem","position":1,"name":"Inicio","item":"https:\/\/dinn.ucsc.cl\/"},{"@type":"ListItem","position":2,"name":"Plan de implementaci\u00f3n de buenas pr\u00e1cticas de ense\u00f1anza de la lecto escritura inicial"}]}]}},"_links":{"self":[{"href":"https:\/\/dinn.ucsc.cl\/index.php\/wp-json\/wp\/v2\/pages\/4137"}],"collection":[{"href":"https:\/\/dinn.ucsc.cl\/index.php\/wp-json\/wp\/v2\/pages"}],"about":[{"href":"https:\/\/dinn.ucsc.cl\/index.php\/wp-json\/wp\/v2\/types\/page"}],"author":[{"embeddable":true,"href":"https:\/\/dinn.ucsc.cl\/index.php\/wp-json\/wp\/v2\/users\/84"}],"replies":[{"embeddable":true,"href":"https:\/\/dinn.ucsc.cl\/index.php\/wp-json\/wp\/v2\/comments?post=4137"}],"version-history":[{"count":2,"href":"https:\/\/dinn.ucsc.cl\/index.php\/wp-json\/wp\/v2\/pages\/4137\/revisions"}],"predecessor-version":[{"id":4372,"href":"https:\/\/dinn.ucsc.cl\/index.php\/wp-json\/wp\/v2\/pages\/4137\/revisions\/4372"}],"wp:attachment":[{"href":"https:\/\/dinn.ucsc.cl\/index.php\/wp-json\/wp\/v2\/media?parent=4137"}],"curies":[{"name":"wp","href":"https:\/\/api.w.org\/{rel}","templated":true}]}}