{"id":4139,"date":"2022-11-23T17:47:18","date_gmt":"2022-11-23T20:47:18","guid":{"rendered":"https:\/\/dinn.ucsc.cl\/?page_id=4139"},"modified":"2022-12-01T10:32:20","modified_gmt":"2022-12-01T13:32:20","slug":"cuestionario-escala-de-impacto-en-la-retroalimentacion","status":"publish","type":"page","link":"https:\/\/dinn.ucsc.cl\/index.php\/cuestionario-escala-de-impacto-en-la-retroalimentacion\/","title":{"rendered":"Cuestionario: Escala de impacto en la retroalimentaci\u00f3n"},"content":{"rendered":"<table class=\" alignleft\">\n<tbody>\n<tr>\n<td style=\"width: 741px\" colspan=\"4\"><img loading=\"lazy\" class=\"aligncenter wp-image-2275 \" src=\"https:\/\/sitios.ucsc.cl\/ott\/wp-content\/uploads\/sites\/15\/2022\/06\/OTT_DDA_9_HEADER.png\" alt=\"\" width=\"756\" height=\"154\" \/><\/td>\n<\/tr>\n<tr>\n<td style=\"width: 71px\"><\/td>\n<td style=\"width: 65px\"><img loading=\"lazy\" class=\"aligncenter wp-image-2175 size-full\" src=\"https:\/\/sitios.ucsc.cl\/ott\/wp-content\/uploads\/sites\/15\/2022\/06\/OTT_DDA_1.png\" alt=\"\" width=\"50\" height=\"50\" \/><\/td>\n<td style=\"width: 602px\">\n<h3>Tecnolog\u00eda desarrollada<\/h3>\n<\/td>\n<td style=\"width: 3px\">\n<h3><\/h3>\n<\/td>\n<\/tr>\n<tr>\n<td style=\"width: 71px\"><\/td>\n<td style=\"width: 65px\"><\/td>\n<td style=\"width: 602px\">El cuestionario tiene por objetivo conocer el impacto que genera, en el rendimiento acad\u00e9mico de los estudiantes, aquellas actividades y acciones de retroalimentaci\u00f3n realizadas por los docentes, como parte del proceso de evaluaci\u00f3n de los aprendizajes.<\/td>\n<td style=\"width: 3px\">\n<h3><\/h3>\n<\/td>\n<\/tr>\n<tr>\n<td style=\"width: 71px\"><\/td>\n<td style=\"width: 65px\"><img loading=\"lazy\" class=\"aligncenter wp-image-2176 size-full\" src=\"https:\/\/sitios.ucsc.cl\/ott\/wp-content\/uploads\/sites\/15\/2022\/06\/OTT_DDA_2.png\" alt=\"\" width=\"50\" height=\"50\" \/><\/td>\n<td style=\"width: 602px\">\n<h3>Beneficios \/ Ventajas<\/h3>\n<\/td>\n<td style=\"width: 3px\"><\/td>\n<\/tr>\n<tr>\n<td style=\"width: 71px\"><\/td>\n<td style=\"width: 65px\"><\/td>\n<td style=\"width: 602px\">\u2022 Recoge la opini\u00f3n de los estudiantes, receptores directos e indirectos, sobre los efectos de la actividad docente.<br \/>\n\u2022 Mide el efecto de la retroalimentaci\u00f3n a trav\u00e9s del logro de resultados acad\u00e9micos.<br \/>\n\u2022 Estima el impacto (influencia, implicancia, consecuencia, efecto, etc.) que genera en el rendimiento acad\u00e9mico, aquello realizado por los docentes cuando se realiza el proceso de retroalimentaci\u00f3n, en el proceso de ense\u00f1anza aprendizaje.<\/td>\n<td style=\"width: 3px\"><\/td>\n<\/tr>\n<tr>\n<td style=\"width: 71px\"><\/td>\n<td style=\"width: 65px\"><img loading=\"lazy\" class=\"aligncenter wp-image-2177 size-full\" src=\"https:\/\/sitios.ucsc.cl\/ott\/wp-content\/uploads\/sites\/15\/2022\/06\/OTT_DDA_3.png\" alt=\"\" width=\"50\" height=\"50\" \/><\/td>\n<td style=\"width: 602px\">\n<h3>Usos \/ Aplicaciones<\/h3>\n<p>Determinar el impacto que genera en el rendimiento acad\u00e9mico, la retroalimentaci\u00f3n que realizan los docentes.<\/td>\n<td style=\"width: 3px\"><\/td>\n<\/tr>\n<tr>\n<td style=\"width: 71px\"><\/td>\n<td style=\"width: 65px\"><img loading=\"lazy\" class=\"aligncenter wp-image-2178 size-full\" src=\"https:\/\/sitios.ucsc.cl\/ott\/wp-content\/uploads\/sites\/15\/2022\/06\/OTT_DDA_4.png\" alt=\"\" width=\"50\" height=\"50\" \/><\/td>\n<td style=\"width: 602px\">\n<h3>Oferta tecnol\u00f3gica<\/h3>\n<p>El cuestionario est\u00e1 disponible para licenciamiento.<\/td>\n<td style=\"width: 3px\"><\/td>\n<\/tr>\n<tr>\n<td style=\"width: 71px\"><\/td>\n<td style=\"width: 65px\"><img loading=\"lazy\" class=\"aligncenter wp-image-2179 size-full\" src=\"https:\/\/sitios.ucsc.cl\/ott\/wp-content\/uploads\/sites\/15\/2022\/06\/OTT_DDA_5.png\" alt=\"\" width=\"50\" height=\"50\" \/><\/td>\n<td style=\"width: 602px\">\n<h3>Propiedad intelectual<\/h3>\n<p>Registro Derecho de Autor: N\u00b0 268881<\/td>\n<td style=\"width: 3px\"><\/td>\n<\/tr>\n<tr>\n<td style=\"width: 71px\"><\/td>\n<td style=\"width: 65px\"><img loading=\"lazy\" class=\"aligncenter wp-image-2180 size-full\" src=\"https:\/\/sitios.ucsc.cl\/ott\/wp-content\/uploads\/sites\/15\/2022\/06\/OTT_DDA_6.png\" alt=\"\" width=\"50\" height=\"50\" \/><\/td>\n<td style=\"width: 602px\">\n<h3>Investigadores principales<\/h3>\n<\/td>\n<td style=\"width: 3px\"><\/td>\n<\/tr>\n<tr>\n<td style=\"width: 71px\"><\/td>\n<td style=\"width: 65px\"><\/td>\n<td style=\"width: 602px\">Sr. Ricardo Gonz\u00e1lez, Facultad de Educaci\u00f3n.<br \/>\nSra. Maite Otondo, Facultad de Educaci\u00f3n.<br \/>\nSr. Aladino Aravena, Facultad de Educaci\u00f3n.<\/td>\n<td style=\"width: 3px\"><\/td>\n<\/tr>\n<tr>\n<td style=\"width: 71px\"><\/td>\n<td style=\"width: 667px\" colspan=\"2\">&nbsp;<\/p>\n<p>&nbsp;<\/p>\n<p><a href=\"https:\/\/sitios.ucsc.cl\/ott\/wp-content\/uploads\/sites\/15\/2022\/06\/OTT_DDA_9.pdf\"><img loading=\"lazy\" class=\"aligncenter wp-image-2220 size-medium\" src=\"https:\/\/sitios.ucsc.cl\/ott\/wp-content\/uploads\/sites\/15\/2022\/06\/Bot\u00f3n-descarga-300x61.png\" alt=\"\" width=\"300\" height=\"61\" \/><\/a><\/p>\n<p>&nbsp;<\/td>\n<\/tr>\n<\/tbody>\n<\/table>\n","protected":false},"excerpt":{"rendered":"<p>Tecnolog\u00eda desarrollada El cuestionario tiene por objetivo conocer el impacto que genera, en el rendimiento acad\u00e9mico de los estudiantes, aquellas actividades y acciones de retroalimentaci\u00f3n realizadas por los docentes, como parte del proceso de evaluaci\u00f3n de los aprendizajes. Beneficios \/ Ventajas \u2022 Recoge la opini\u00f3n de los estudiantes, receptores directos e indirectos, sobre los efectos [&hellip;]<\/p>\n","protected":false},"author":84,"featured_media":0,"parent":0,"menu_order":0,"comment_status":"closed","ping_status":"closed","template":"","meta":[],"yoast_head":"<!-- This site is optimized with the Yoast SEO plugin v18.9 - https:\/\/yoast.com\/wordpress\/plugins\/seo\/ -->\n<title>Cuestionario: Escala de impacto en la retroalimentaci\u00f3n -<\/title>\n<meta name=\"robots\" content=\"index, follow, max-snippet:-1, max-image-preview:large, max-video-preview:-1\" \/>\n<link rel=\"canonical\" href=\"https:\/\/dinn.ucsc.cl\/index.php\/cuestionario-escala-de-impacto-en-la-retroalimentacion\/\" \/>\n<meta property=\"og:locale\" content=\"es_ES\" \/>\n<meta property=\"og:type\" content=\"article\" \/>\n<meta property=\"og:title\" content=\"Cuestionario: Escala de impacto en la retroalimentaci\u00f3n -\" \/>\n<meta property=\"og:description\" content=\"Tecnolog\u00eda desarrollada El cuestionario tiene por objetivo conocer el impacto que genera, en el rendimiento acad\u00e9mico de los estudiantes, aquellas actividades y acciones de retroalimentaci\u00f3n realizadas por los docentes, como parte del proceso de evaluaci\u00f3n de los aprendizajes. Beneficios \/ Ventajas \u2022 Recoge la opini\u00f3n de los estudiantes, receptores directos e indirectos, sobre los efectos [&hellip;]\" \/>\n<meta property=\"og:url\" content=\"https:\/\/dinn.ucsc.cl\/index.php\/cuestionario-escala-de-impacto-en-la-retroalimentacion\/\" \/>\n<meta property=\"article:publisher\" content=\"https:\/\/m.facebook.com\/DINNUCSC\" \/>\n<meta property=\"article:modified_time\" content=\"2022-12-01T13:32:20+00:00\" \/>\n<meta property=\"og:image\" content=\"https:\/\/sitios.ucsc.cl\/ott\/wp-content\/uploads\/sites\/15\/2022\/06\/OTT_DDA_9_HEADER.png\" \/>\n<meta name=\"twitter:card\" content=\"summary\" \/>\n<meta name=\"twitter:site\" content=\"@dinn_ucsc\" \/>\n<meta name=\"twitter:label1\" content=\"Tiempo de lectura\" \/>\n\t<meta name=\"twitter:data1\" content=\"1 minuto\" \/>\n<script type=\"application\/ld+json\" class=\"yoast-schema-graph\">{\"@context\":\"https:\/\/schema.org\",\"@graph\":[{\"@type\":\"WebSite\",\"@id\":\"https:\/\/dinn.ucsc.cl\/#website\",\"url\":\"https:\/\/dinn.ucsc.cl\/\",\"name\":\"Direcci\u00f3n de Innovaci\u00f3n UCSC\",\"description\":\"Direcci\u00f3n de Innovaci\u00f3n\",\"potentialAction\":[{\"@type\":\"SearchAction\",\"target\":{\"@type\":\"EntryPoint\",\"urlTemplate\":\"https:\/\/dinn.ucsc.cl\/?s={search_term_string}\"},\"query-input\":\"required name=search_term_string\"}],\"inLanguage\":\"es\"},{\"@type\":\"ImageObject\",\"inLanguage\":\"es\",\"@id\":\"https:\/\/dinn.ucsc.cl\/index.php\/cuestionario-escala-de-impacto-en-la-retroalimentacion\/#primaryimage\",\"url\":\"https:\/\/sitios.ucsc.cl\/ott\/wp-content\/uploads\/sites\/15\/2022\/06\/OTT_DDA_9_HEADER.png\",\"contentUrl\":\"https:\/\/sitios.ucsc.cl\/ott\/wp-content\/uploads\/sites\/15\/2022\/06\/OTT_DDA_9_HEADER.png\"},{\"@type\":\"WebPage\",\"@id\":\"https:\/\/dinn.ucsc.cl\/index.php\/cuestionario-escala-de-impacto-en-la-retroalimentacion\/#webpage\",\"url\":\"https:\/\/dinn.ucsc.cl\/index.php\/cuestionario-escala-de-impacto-en-la-retroalimentacion\/\",\"name\":\"Cuestionario: Escala de impacto en la retroalimentaci\u00f3n -\",\"isPartOf\":{\"@id\":\"https:\/\/dinn.ucsc.cl\/#website\"},\"primaryImageOfPage\":{\"@id\":\"https:\/\/dinn.ucsc.cl\/index.php\/cuestionario-escala-de-impacto-en-la-retroalimentacion\/#primaryimage\"},\"datePublished\":\"2022-11-23T20:47:18+00:00\",\"dateModified\":\"2022-12-01T13:32:20+00:00\",\"breadcrumb\":{\"@id\":\"https:\/\/dinn.ucsc.cl\/index.php\/cuestionario-escala-de-impacto-en-la-retroalimentacion\/#breadcrumb\"},\"inLanguage\":\"es\",\"potentialAction\":[{\"@type\":\"ReadAction\",\"target\":[\"https:\/\/dinn.ucsc.cl\/index.php\/cuestionario-escala-de-impacto-en-la-retroalimentacion\/\"]}]},{\"@type\":\"BreadcrumbList\",\"@id\":\"https:\/\/dinn.ucsc.cl\/index.php\/cuestionario-escala-de-impacto-en-la-retroalimentacion\/#breadcrumb\",\"itemListElement\":[{\"@type\":\"ListItem\",\"position\":1,\"name\":\"Inicio\",\"item\":\"https:\/\/dinn.ucsc.cl\/\"},{\"@type\":\"ListItem\",\"position\":2,\"name\":\"Cuestionario: Escala de impacto en la retroalimentaci\u00f3n\"}]}]}<\/script>\n<!-- \/ Yoast SEO plugin. -->","yoast_head_json":{"title":"Cuestionario: Escala de impacto en la retroalimentaci\u00f3n -","robots":{"index":"index","follow":"follow","max-snippet":"max-snippet:-1","max-image-preview":"max-image-preview:large","max-video-preview":"max-video-preview:-1"},"canonical":"https:\/\/dinn.ucsc.cl\/index.php\/cuestionario-escala-de-impacto-en-la-retroalimentacion\/","og_locale":"es_ES","og_type":"article","og_title":"Cuestionario: Escala de impacto en la retroalimentaci\u00f3n -","og_description":"Tecnolog\u00eda desarrollada El cuestionario tiene por objetivo conocer el impacto que genera, en el rendimiento acad\u00e9mico de los estudiantes, aquellas actividades y acciones de retroalimentaci\u00f3n realizadas por los docentes, como parte del proceso de evaluaci\u00f3n de los aprendizajes. Beneficios \/ Ventajas \u2022 Recoge la opini\u00f3n de los estudiantes, receptores directos e indirectos, sobre los efectos [&hellip;]","og_url":"https:\/\/dinn.ucsc.cl\/index.php\/cuestionario-escala-de-impacto-en-la-retroalimentacion\/","article_publisher":"https:\/\/m.facebook.com\/DINNUCSC","article_modified_time":"2022-12-01T13:32:20+00:00","og_image":[{"url":"https:\/\/sitios.ucsc.cl\/ott\/wp-content\/uploads\/sites\/15\/2022\/06\/OTT_DDA_9_HEADER.png"}],"twitter_card":"summary","twitter_site":"@dinn_ucsc","twitter_misc":{"Tiempo de lectura":"1 minuto"},"schema":{"@context":"https:\/\/schema.org","@graph":[{"@type":"WebSite","@id":"https:\/\/dinn.ucsc.cl\/#website","url":"https:\/\/dinn.ucsc.cl\/","name":"Direcci\u00f3n de Innovaci\u00f3n UCSC","description":"Direcci\u00f3n de Innovaci\u00f3n","potentialAction":[{"@type":"SearchAction","target":{"@type":"EntryPoint","urlTemplate":"https:\/\/dinn.ucsc.cl\/?s={search_term_string}"},"query-input":"required name=search_term_string"}],"inLanguage":"es"},{"@type":"ImageObject","inLanguage":"es","@id":"https:\/\/dinn.ucsc.cl\/index.php\/cuestionario-escala-de-impacto-en-la-retroalimentacion\/#primaryimage","url":"https:\/\/sitios.ucsc.cl\/ott\/wp-content\/uploads\/sites\/15\/2022\/06\/OTT_DDA_9_HEADER.png","contentUrl":"https:\/\/sitios.ucsc.cl\/ott\/wp-content\/uploads\/sites\/15\/2022\/06\/OTT_DDA_9_HEADER.png"},{"@type":"WebPage","@id":"https:\/\/dinn.ucsc.cl\/index.php\/cuestionario-escala-de-impacto-en-la-retroalimentacion\/#webpage","url":"https:\/\/dinn.ucsc.cl\/index.php\/cuestionario-escala-de-impacto-en-la-retroalimentacion\/","name":"Cuestionario: Escala de impacto en la retroalimentaci\u00f3n -","isPartOf":{"@id":"https:\/\/dinn.ucsc.cl\/#website"},"primaryImageOfPage":{"@id":"https:\/\/dinn.ucsc.cl\/index.php\/cuestionario-escala-de-impacto-en-la-retroalimentacion\/#primaryimage"},"datePublished":"2022-11-23T20:47:18+00:00","dateModified":"2022-12-01T13:32:20+00:00","breadcrumb":{"@id":"https:\/\/dinn.ucsc.cl\/index.php\/cuestionario-escala-de-impacto-en-la-retroalimentacion\/#breadcrumb"},"inLanguage":"es","potentialAction":[{"@type":"ReadAction","target":["https:\/\/dinn.ucsc.cl\/index.php\/cuestionario-escala-de-impacto-en-la-retroalimentacion\/"]}]},{"@type":"BreadcrumbList","@id":"https:\/\/dinn.ucsc.cl\/index.php\/cuestionario-escala-de-impacto-en-la-retroalimentacion\/#breadcrumb","itemListElement":[{"@type":"ListItem","position":1,"name":"Inicio","item":"https:\/\/dinn.ucsc.cl\/"},{"@type":"ListItem","position":2,"name":"Cuestionario: Escala de impacto en la retroalimentaci\u00f3n"}]}]}},"_links":{"self":[{"href":"https:\/\/dinn.ucsc.cl\/index.php\/wp-json\/wp\/v2\/pages\/4139"}],"collection":[{"href":"https:\/\/dinn.ucsc.cl\/index.php\/wp-json\/wp\/v2\/pages"}],"about":[{"href":"https:\/\/dinn.ucsc.cl\/index.php\/wp-json\/wp\/v2\/types\/page"}],"author":[{"embeddable":true,"href":"https:\/\/dinn.ucsc.cl\/index.php\/wp-json\/wp\/v2\/users\/84"}],"replies":[{"embeddable":true,"href":"https:\/\/dinn.ucsc.cl\/index.php\/wp-json\/wp\/v2\/comments?post=4139"}],"version-history":[{"count":2,"href":"https:\/\/dinn.ucsc.cl\/index.php\/wp-json\/wp\/v2\/pages\/4139\/revisions"}],"predecessor-version":[{"id":4373,"href":"https:\/\/dinn.ucsc.cl\/index.php\/wp-json\/wp\/v2\/pages\/4139\/revisions\/4373"}],"wp:attachment":[{"href":"https:\/\/dinn.ucsc.cl\/index.php\/wp-json\/wp\/v2\/media?parent=4139"}],"curies":[{"name":"wp","href":"https:\/\/api.w.org\/{rel}","templated":true}]}}