{"id":4144,"date":"2022-11-23T17:57:20","date_gmt":"2022-11-23T20:57:20","guid":{"rendered":"https:\/\/dinn.ucsc.cl\/?page_id=4144"},"modified":"2022-12-01T10:39:55","modified_gmt":"2022-12-01T13:39:55","slug":"secuencia-didactica-para-la-retroalimentacion-escrita-en-trabajos-academicos-universitarios","status":"publish","type":"page","link":"https:\/\/dinn.ucsc.cl\/index.php\/secuencia-didactica-para-la-retroalimentacion-escrita-en-trabajos-academicos-universitarios\/","title":{"rendered":"Secuencia did\u00e1ctica para la retroalimentaci\u00f3n escrita en trabajos acad\u00e9micos universitarios"},"content":{"rendered":"<table class=\" alignleft\">\n<tbody>\n<tr>\n<td style=\"width: 740.667px\" colspan=\"4\"><img loading=\"lazy\" class=\"aligncenter wp-image-2294 \" src=\"https:\/\/sitios.ucsc.cl\/ott\/wp-content\/uploads\/sites\/15\/2022\/06\/OTT_DDA_11_HEADER.png\" alt=\"\" width=\"728\" height=\"149\" \/><\/td>\n<\/tr>\n<tr>\n<td style=\"width: 64px\"><\/td>\n<td style=\"width: 54px\"><img loading=\"lazy\" class=\"aligncenter wp-image-2175 size-full\" src=\"https:\/\/sitios.ucsc.cl\/ott\/wp-content\/uploads\/sites\/15\/2022\/06\/OTT_DDA_1.png\" alt=\"\" width=\"50\" height=\"50\" \/><\/td>\n<td style=\"width: 620px\">\n<h3>Tecnolog\u00eda desarrollada<\/h3>\n<\/td>\n<td style=\"width: 2.66667px\">\n<h3><\/h3>\n<\/td>\n<\/tr>\n<tr>\n<td style=\"width: 64px\"><\/td>\n<td style=\"width: 54px\"><\/td>\n<td style=\"width: 620px\">La secuencia incluye actividades que asumen la visi\u00f3n de escritura como proceso, la oferta de retroalimentaci\u00f3n informativa, estrategias de modelamiento y din\u00e1micas que favorecen conversaciones de aprendizaje para que los profesores transmitan de manera expl\u00edcita lo que esperan de los escritos que producen sus estudiantes. La secuencia considera 10 horas de trabajo presencial distribuidas en 4 sesiones. Incluye actividades de introducci\u00f3n a las tareas, de desarrollo con tareas de an\u00e1lisis de los rasgos gen\u00e9ricos de las tareas escritas solicitadas a estudiantes, pr\u00e1cticas sobre c\u00f3mo ofrecer comentarios orientadores, y materiales de evaluaci\u00f3n de escritura.<\/td>\n<td style=\"width: 2.66667px\">\n<h3><\/h3>\n<\/td>\n<\/tr>\n<tr>\n<td style=\"width: 64px\"><\/td>\n<td style=\"width: 54px\"><img loading=\"lazy\" class=\"aligncenter wp-image-2176 size-full\" src=\"https:\/\/sitios.ucsc.cl\/ott\/wp-content\/uploads\/sites\/15\/2022\/06\/OTT_DDA_2.png\" alt=\"\" width=\"50\" height=\"50\" \/><\/td>\n<td style=\"width: 620px\">\n<h3>Beneficios \/ Ventajas<\/h3>\n<\/td>\n<td style=\"width: 2.66667px\"><\/td>\n<\/tr>\n<tr>\n<td style=\"width: 64px\"><\/td>\n<td style=\"width: 54px\"><\/td>\n<td style=\"width: 620px\">\u2022 Atiende los aspectos normativos y formales de la lengua, gu\u00eda a los estudiantes para ajustarse progresivamente a las convenciones discursivas propias de las \u00e1reas disciplinares en las que se desenvuelven.<\/td>\n<td style=\"width: 2.66667px\"><\/td>\n<\/tr>\n<tr>\n<td style=\"width: 64px\"><\/td>\n<td style=\"width: 54px\"><img loading=\"lazy\" class=\"aligncenter wp-image-2177 size-full\" src=\"https:\/\/sitios.ucsc.cl\/ott\/wp-content\/uploads\/sites\/15\/2022\/06\/OTT_DDA_3.png\" alt=\"\" width=\"50\" height=\"50\" \/><\/td>\n<td style=\"width: 620px\">\n<h3>Usos \/ Aplicaciones<\/h3>\n<\/td>\n<td style=\"width: 2.66667px\"><\/td>\n<\/tr>\n<tr>\n<td style=\"width: 64px\"><\/td>\n<td style=\"width: 54px\"><\/td>\n<td style=\"width: 620px\">Este recurso permite capacitar a docentes universitarios en la provisi\u00f3n de comentarios escritos para la producci\u00f3n de escritos de calidad.<\/td>\n<td style=\"width: 2.66667px\"><\/td>\n<\/tr>\n<tr>\n<td style=\"width: 64px\"><\/td>\n<td style=\"width: 54px\"><img loading=\"lazy\" class=\"aligncenter wp-image-2178 size-full\" src=\"https:\/\/sitios.ucsc.cl\/ott\/wp-content\/uploads\/sites\/15\/2022\/06\/OTT_DDA_4.png\" alt=\"\" width=\"50\" height=\"50\" \/><\/td>\n<td style=\"width: 620px\">\n<h3>Oferta tecnol\u00f3gica<\/h3>\n<p>Disponible para licenciamiento.<\/td>\n<td style=\"width: 2.66667px\"><\/td>\n<\/tr>\n<tr>\n<td style=\"width: 64px\"><\/td>\n<td style=\"width: 54px\"><img loading=\"lazy\" class=\"aligncenter wp-image-2179 size-full\" src=\"https:\/\/sitios.ucsc.cl\/ott\/wp-content\/uploads\/sites\/15\/2022\/06\/OTT_DDA_5.png\" alt=\"\" width=\"50\" height=\"50\" \/><\/td>\n<td style=\"width: 620px\">\n<h3>Propiedad intelectual<\/h3>\n<p>Registro Derecho de Autor: N\u00b0 308.357<\/td>\n<td style=\"width: 2.66667px\"><\/td>\n<\/tr>\n<tr>\n<td style=\"width: 64px\"><\/td>\n<td style=\"width: 54px\"><img loading=\"lazy\" class=\"aligncenter wp-image-2180 size-full\" src=\"https:\/\/sitios.ucsc.cl\/ott\/wp-content\/uploads\/sites\/15\/2022\/06\/OTT_DDA_6.png\" alt=\"\" width=\"50\" height=\"50\" \/><\/td>\n<td style=\"width: 620px\">\n<h3>Investigador principal<\/h3>\n<\/td>\n<td style=\"width: 2.66667px\"><\/td>\n<\/tr>\n<tr>\n<td style=\"width: 64px\"><\/td>\n<td style=\"width: 54px\"><\/td>\n<td style=\"width: 620px\">M\u00f3nica Tapia Ladino, Facultad de Educaci\u00f3n.<br \/>\nBeatriz Arancibia Guti\u00e9rrez, Facultad de Educaci\u00f3n.<br \/>\nRoxanna Correa P\u00e9rez, Facultad de Educaci\u00f3n.<\/td>\n<td style=\"width: 2.66667px\"><\/td>\n<\/tr>\n<tr>\n<td style=\"width: 64px\"><\/td>\n<td style=\"width: 674px\" colspan=\"2\">&nbsp;<\/p>\n<p><a href=\"https:\/\/sitios.ucsc.cl\/ott\/wp-content\/uploads\/sites\/15\/2022\/06\/OTT_DDA_11.pdf\"><img loading=\"lazy\" class=\"aligncenter wp-image-2220 size-medium\" src=\"https:\/\/sitios.ucsc.cl\/ott\/wp-content\/uploads\/sites\/15\/2022\/06\/Bot\u00f3n-descarga-300x61.png\" alt=\"\" width=\"300\" height=\"61\" \/><\/a><\/p>\n<p>&nbsp;<\/td>\n<td style=\"width: 2.66667px\"><\/td>\n<\/tr>\n<\/tbody>\n<\/table>\n","protected":false},"excerpt":{"rendered":"<p>Tecnolog\u00eda desarrollada La secuencia incluye actividades que asumen la visi\u00f3n de escritura como proceso, la oferta de retroalimentaci\u00f3n informativa, estrategias de modelamiento y din\u00e1micas que favorecen conversaciones de aprendizaje para que los profesores transmitan de manera expl\u00edcita lo que esperan de los escritos que producen sus estudiantes. La secuencia considera 10 horas de trabajo presencial [&hellip;]<\/p>\n","protected":false},"author":84,"featured_media":0,"parent":0,"menu_order":0,"comment_status":"closed","ping_status":"closed","template":"","meta":[],"yoast_head":"<!-- This site is optimized with the Yoast SEO plugin v18.9 - https:\/\/yoast.com\/wordpress\/plugins\/seo\/ -->\n<title>Secuencia did\u00e1ctica para la retroalimentaci\u00f3n escrita en trabajos acad\u00e9micos universitarios -<\/title>\n<meta name=\"robots\" content=\"index, follow, max-snippet:-1, max-image-preview:large, max-video-preview:-1\" \/>\n<link rel=\"canonical\" href=\"https:\/\/dinn.ucsc.cl\/index.php\/secuencia-didactica-para-la-retroalimentacion-escrita-en-trabajos-academicos-universitarios\/\" \/>\n<meta property=\"og:locale\" content=\"es_ES\" \/>\n<meta property=\"og:type\" content=\"article\" \/>\n<meta property=\"og:title\" content=\"Secuencia did\u00e1ctica para la retroalimentaci\u00f3n escrita en trabajos acad\u00e9micos universitarios -\" \/>\n<meta property=\"og:description\" content=\"Tecnolog\u00eda desarrollada La secuencia incluye actividades que asumen la visi\u00f3n de escritura como proceso, la oferta de retroalimentaci\u00f3n informativa, estrategias de modelamiento y din\u00e1micas que favorecen conversaciones de aprendizaje para que los profesores transmitan de manera expl\u00edcita lo que esperan de los escritos que producen sus estudiantes. La secuencia considera 10 horas de trabajo presencial [&hellip;]\" \/>\n<meta property=\"og:url\" content=\"https:\/\/dinn.ucsc.cl\/index.php\/secuencia-didactica-para-la-retroalimentacion-escrita-en-trabajos-academicos-universitarios\/\" \/>\n<meta property=\"article:publisher\" content=\"https:\/\/m.facebook.com\/DINNUCSC\" \/>\n<meta property=\"article:modified_time\" content=\"2022-12-01T13:39:55+00:00\" \/>\n<meta property=\"og:image\" content=\"https:\/\/sitios.ucsc.cl\/ott\/wp-content\/uploads\/sites\/15\/2022\/06\/OTT_DDA_11_HEADER.png\" \/>\n<meta name=\"twitter:card\" content=\"summary\" \/>\n<meta name=\"twitter:site\" content=\"@dinn_ucsc\" \/>\n<meta name=\"twitter:label1\" content=\"Tiempo de lectura\" \/>\n\t<meta name=\"twitter:data1\" content=\"1 minuto\" \/>\n<script type=\"application\/ld+json\" class=\"yoast-schema-graph\">{\"@context\":\"https:\/\/schema.org\",\"@graph\":[{\"@type\":\"WebSite\",\"@id\":\"https:\/\/dinn.ucsc.cl\/#website\",\"url\":\"https:\/\/dinn.ucsc.cl\/\",\"name\":\"Direcci\u00f3n de Innovaci\u00f3n UCSC\",\"description\":\"Direcci\u00f3n de Innovaci\u00f3n\",\"potentialAction\":[{\"@type\":\"SearchAction\",\"target\":{\"@type\":\"EntryPoint\",\"urlTemplate\":\"https:\/\/dinn.ucsc.cl\/?s={search_term_string}\"},\"query-input\":\"required name=search_term_string\"}],\"inLanguage\":\"es\"},{\"@type\":\"ImageObject\",\"inLanguage\":\"es\",\"@id\":\"https:\/\/dinn.ucsc.cl\/index.php\/secuencia-didactica-para-la-retroalimentacion-escrita-en-trabajos-academicos-universitarios\/#primaryimage\",\"url\":\"https:\/\/sitios.ucsc.cl\/ott\/wp-content\/uploads\/sites\/15\/2022\/06\/OTT_DDA_11_HEADER.png\",\"contentUrl\":\"https:\/\/sitios.ucsc.cl\/ott\/wp-content\/uploads\/sites\/15\/2022\/06\/OTT_DDA_11_HEADER.png\"},{\"@type\":\"WebPage\",\"@id\":\"https:\/\/dinn.ucsc.cl\/index.php\/secuencia-didactica-para-la-retroalimentacion-escrita-en-trabajos-academicos-universitarios\/#webpage\",\"url\":\"https:\/\/dinn.ucsc.cl\/index.php\/secuencia-didactica-para-la-retroalimentacion-escrita-en-trabajos-academicos-universitarios\/\",\"name\":\"Secuencia did\u00e1ctica para la retroalimentaci\u00f3n escrita en trabajos acad\u00e9micos universitarios -\",\"isPartOf\":{\"@id\":\"https:\/\/dinn.ucsc.cl\/#website\"},\"primaryImageOfPage\":{\"@id\":\"https:\/\/dinn.ucsc.cl\/index.php\/secuencia-didactica-para-la-retroalimentacion-escrita-en-trabajos-academicos-universitarios\/#primaryimage\"},\"datePublished\":\"2022-11-23T20:57:20+00:00\",\"dateModified\":\"2022-12-01T13:39:55+00:00\",\"breadcrumb\":{\"@id\":\"https:\/\/dinn.ucsc.cl\/index.php\/secuencia-didactica-para-la-retroalimentacion-escrita-en-trabajos-academicos-universitarios\/#breadcrumb\"},\"inLanguage\":\"es\",\"potentialAction\":[{\"@type\":\"ReadAction\",\"target\":[\"https:\/\/dinn.ucsc.cl\/index.php\/secuencia-didactica-para-la-retroalimentacion-escrita-en-trabajos-academicos-universitarios\/\"]}]},{\"@type\":\"BreadcrumbList\",\"@id\":\"https:\/\/dinn.ucsc.cl\/index.php\/secuencia-didactica-para-la-retroalimentacion-escrita-en-trabajos-academicos-universitarios\/#breadcrumb\",\"itemListElement\":[{\"@type\":\"ListItem\",\"position\":1,\"name\":\"Inicio\",\"item\":\"https:\/\/dinn.ucsc.cl\/\"},{\"@type\":\"ListItem\",\"position\":2,\"name\":\"Secuencia did\u00e1ctica para la retroalimentaci\u00f3n escrita en trabajos acad\u00e9micos universitarios\"}]}]}<\/script>\n<!-- \/ Yoast SEO plugin. -->","yoast_head_json":{"title":"Secuencia did\u00e1ctica para la retroalimentaci\u00f3n escrita en trabajos acad\u00e9micos universitarios -","robots":{"index":"index","follow":"follow","max-snippet":"max-snippet:-1","max-image-preview":"max-image-preview:large","max-video-preview":"max-video-preview:-1"},"canonical":"https:\/\/dinn.ucsc.cl\/index.php\/secuencia-didactica-para-la-retroalimentacion-escrita-en-trabajos-academicos-universitarios\/","og_locale":"es_ES","og_type":"article","og_title":"Secuencia did\u00e1ctica para la retroalimentaci\u00f3n escrita en trabajos acad\u00e9micos universitarios -","og_description":"Tecnolog\u00eda desarrollada La secuencia incluye actividades que asumen la visi\u00f3n de escritura como proceso, la oferta de retroalimentaci\u00f3n informativa, estrategias de modelamiento y din\u00e1micas que favorecen conversaciones de aprendizaje para que los profesores transmitan de manera expl\u00edcita lo que esperan de los escritos que producen sus estudiantes. La secuencia considera 10 horas de trabajo presencial [&hellip;]","og_url":"https:\/\/dinn.ucsc.cl\/index.php\/secuencia-didactica-para-la-retroalimentacion-escrita-en-trabajos-academicos-universitarios\/","article_publisher":"https:\/\/m.facebook.com\/DINNUCSC","article_modified_time":"2022-12-01T13:39:55+00:00","og_image":[{"url":"https:\/\/sitios.ucsc.cl\/ott\/wp-content\/uploads\/sites\/15\/2022\/06\/OTT_DDA_11_HEADER.png"}],"twitter_card":"summary","twitter_site":"@dinn_ucsc","twitter_misc":{"Tiempo de lectura":"1 minuto"},"schema":{"@context":"https:\/\/schema.org","@graph":[{"@type":"WebSite","@id":"https:\/\/dinn.ucsc.cl\/#website","url":"https:\/\/dinn.ucsc.cl\/","name":"Direcci\u00f3n de Innovaci\u00f3n UCSC","description":"Direcci\u00f3n de Innovaci\u00f3n","potentialAction":[{"@type":"SearchAction","target":{"@type":"EntryPoint","urlTemplate":"https:\/\/dinn.ucsc.cl\/?s={search_term_string}"},"query-input":"required name=search_term_string"}],"inLanguage":"es"},{"@type":"ImageObject","inLanguage":"es","@id":"https:\/\/dinn.ucsc.cl\/index.php\/secuencia-didactica-para-la-retroalimentacion-escrita-en-trabajos-academicos-universitarios\/#primaryimage","url":"https:\/\/sitios.ucsc.cl\/ott\/wp-content\/uploads\/sites\/15\/2022\/06\/OTT_DDA_11_HEADER.png","contentUrl":"https:\/\/sitios.ucsc.cl\/ott\/wp-content\/uploads\/sites\/15\/2022\/06\/OTT_DDA_11_HEADER.png"},{"@type":"WebPage","@id":"https:\/\/dinn.ucsc.cl\/index.php\/secuencia-didactica-para-la-retroalimentacion-escrita-en-trabajos-academicos-universitarios\/#webpage","url":"https:\/\/dinn.ucsc.cl\/index.php\/secuencia-didactica-para-la-retroalimentacion-escrita-en-trabajos-academicos-universitarios\/","name":"Secuencia did\u00e1ctica para la retroalimentaci\u00f3n escrita en trabajos acad\u00e9micos universitarios -","isPartOf":{"@id":"https:\/\/dinn.ucsc.cl\/#website"},"primaryImageOfPage":{"@id":"https:\/\/dinn.ucsc.cl\/index.php\/secuencia-didactica-para-la-retroalimentacion-escrita-en-trabajos-academicos-universitarios\/#primaryimage"},"datePublished":"2022-11-23T20:57:20+00:00","dateModified":"2022-12-01T13:39:55+00:00","breadcrumb":{"@id":"https:\/\/dinn.ucsc.cl\/index.php\/secuencia-didactica-para-la-retroalimentacion-escrita-en-trabajos-academicos-universitarios\/#breadcrumb"},"inLanguage":"es","potentialAction":[{"@type":"ReadAction","target":["https:\/\/dinn.ucsc.cl\/index.php\/secuencia-didactica-para-la-retroalimentacion-escrita-en-trabajos-academicos-universitarios\/"]}]},{"@type":"BreadcrumbList","@id":"https:\/\/dinn.ucsc.cl\/index.php\/secuencia-didactica-para-la-retroalimentacion-escrita-en-trabajos-academicos-universitarios\/#breadcrumb","itemListElement":[{"@type":"ListItem","position":1,"name":"Inicio","item":"https:\/\/dinn.ucsc.cl\/"},{"@type":"ListItem","position":2,"name":"Secuencia did\u00e1ctica para la retroalimentaci\u00f3n escrita en trabajos acad\u00e9micos universitarios"}]}]}},"_links":{"self":[{"href":"https:\/\/dinn.ucsc.cl\/index.php\/wp-json\/wp\/v2\/pages\/4144"}],"collection":[{"href":"https:\/\/dinn.ucsc.cl\/index.php\/wp-json\/wp\/v2\/pages"}],"about":[{"href":"https:\/\/dinn.ucsc.cl\/index.php\/wp-json\/wp\/v2\/types\/page"}],"author":[{"embeddable":true,"href":"https:\/\/dinn.ucsc.cl\/index.php\/wp-json\/wp\/v2\/users\/84"}],"replies":[{"embeddable":true,"href":"https:\/\/dinn.ucsc.cl\/index.php\/wp-json\/wp\/v2\/comments?post=4144"}],"version-history":[{"count":2,"href":"https:\/\/dinn.ucsc.cl\/index.php\/wp-json\/wp\/v2\/pages\/4144\/revisions"}],"predecessor-version":[{"id":4392,"href":"https:\/\/dinn.ucsc.cl\/index.php\/wp-json\/wp\/v2\/pages\/4144\/revisions\/4392"}],"wp:attachment":[{"href":"https:\/\/dinn.ucsc.cl\/index.php\/wp-json\/wp\/v2\/media?parent=4144"}],"curies":[{"name":"wp","href":"https:\/\/api.w.org\/{rel}","templated":true}]}}