{"id":4146,"date":"2022-11-23T17:59:34","date_gmt":"2022-11-23T20:59:34","guid":{"rendered":"https:\/\/dinn.ucsc.cl\/?page_id=4146"},"modified":"2022-12-01T10:40:11","modified_gmt":"2022-12-01T13:40:11","slug":"tecnica-para-el-repoblamiento-de-la-luga-negra","status":"publish","type":"page","link":"https:\/\/dinn.ucsc.cl\/index.php\/tecnica-para-el-repoblamiento-de-la-luga-negra\/","title":{"rendered":"Te\u0301cnica para el repoblamiento de la luga negra"},"content":{"rendered":"<div class=\"page\" title=\"Page 1\">\n<div class=\"layoutArea\">\n<div class=\"column\">\n<table class=\" alignleft\">\n<tbody>\n<tr>\n<td style=\"width: 741px\" colspan=\"4\"><img loading=\"lazy\" class=\"aligncenter wp-image-2295 \" src=\"https:\/\/sitios.ucsc.cl\/ott\/wp-content\/uploads\/sites\/15\/2022\/06\/OTT_DDA_12_HEADER.png\" alt=\"\" width=\"742\" height=\"151\" \/><\/td>\n<\/tr>\n<tr>\n<td style=\"width: 69px\"><\/td>\n<td style=\"width: 65px\"><img loading=\"lazy\" class=\"aligncenter wp-image-2175 size-full\" src=\"https:\/\/sitios.ucsc.cl\/ott\/wp-content\/uploads\/sites\/15\/2022\/06\/OTT_DDA_1.png\" alt=\"\" width=\"50\" height=\"50\" \/><\/td>\n<td style=\"width: 604px\">\n<h3>Tecnolog\u00eda desarrollada<\/h3>\n<\/td>\n<td style=\"width: 3px\">\n<h3><\/h3>\n<\/td>\n<\/tr>\n<tr>\n<td style=\"width: 69px\"><\/td>\n<td style=\"width: 65px\"><\/td>\n<td style=\"width: 604px\">La \u201cluga negra\u201d es un alga roja submareal, que se cosecha desde praderas naturales como materia prima para la extracci\u00f3n de carragenanos (geles de uso en una gran diversidad de industrias). La t\u00e9cnica desarrollada, y descrita en el manual, consiste en construir \u201ccortinas\u201d m\u00f3viles de l\u00e1minas que pueden ser instaladas en diferentes sectores, y cambiadas de ubicaci\u00f3n, para favorecer la inoculaci\u00f3n de esporas en el sustrato.<\/td>\n<td style=\"width: 3px\">\n<h3><\/h3>\n<\/td>\n<\/tr>\n<tr>\n<td style=\"width: 69px\"><\/td>\n<td style=\"width: 65px\"><img loading=\"lazy\" class=\"aligncenter wp-image-2176 size-full\" src=\"https:\/\/sitios.ucsc.cl\/ott\/wp-content\/uploads\/sites\/15\/2022\/06\/OTT_DDA_2.png\" alt=\"\" width=\"50\" height=\"50\" \/><\/td>\n<td style=\"width: 604px\">\n<h3>Beneficios \/ Ventajas<\/h3>\n<\/td>\n<td style=\"width: 3px\"><\/td>\n<\/tr>\n<tr>\n<td style=\"width: 69px\"><\/td>\n<td style=\"width: 65px\"><\/td>\n<td style=\"width: 604px\">\u2022 Esta t\u00e9cnica constituye una herramienta que puede ser usada en planes de repoblamiento dentro de las \u00e1reas de manejo de sindicatos de pescadores artesanales. Considerando \u00e9sto, la t\u00e9cnica fue dise\u00f1ada para ser muy sencilla y de bajo costo.<br \/>\n\u2022 Por otra parte, tambi\u00e9n puede ser usada por ONGs u otras organizaciones para recuperar praderas afectadas por factores naturales o de origen antropog\u00e9nico, o tambi\u00e9n en planes de restauraci\u00f3n de poblaciones, como por ejemplo ante las alteraciones que sufri\u00f3 el fondo marino y borde costero luego del levantamiento tect\u00f3nico asociado al terremoto de 2010.<br \/>\n\u2022 Por la dedicaci\u00f3n requerida para su instalaci\u00f3n y mantenci\u00f3n, las t\u00e9cnicas de repoblamiento, como herramienta de planes de manejo, ser\u00edan m\u00e1s f\u00e1ciles de organizar y aplicar t\u00e9cnicas de cultivo, que requieren de mayor conocimiento y apoyo material y humano.<br \/>\n\u2022 Finalmente, estas t\u00e9cnicas son f\u00e1cilmente adaptables a otros recursos algales con similares caracter\u00edsticas biol\u00f3gicas.<\/td>\n<td style=\"width: 3px\"><\/td>\n<\/tr>\n<tr>\n<td style=\"width: 69px\"><\/td>\n<td style=\"width: 65px\"><img loading=\"lazy\" class=\"aligncenter wp-image-2177 size-full\" src=\"https:\/\/sitios.ucsc.cl\/ott\/wp-content\/uploads\/sites\/15\/2022\/06\/OTT_DDA_3.png\" alt=\"\" width=\"50\" height=\"50\" \/><\/td>\n<td style=\"width: 604px\">\n<h3>Usos \/ Aplicaciones<\/h3>\n<p>Esta t\u00e9cnica permite aumentar la abundancia de la luga negra en fondos rocosos submareales donde puede haber disminuido por factores naturales o antropog\u00e9nicos.<\/td>\n<td style=\"width: 3px\"><\/td>\n<\/tr>\n<tr>\n<td style=\"width: 69px\"><\/td>\n<td style=\"width: 65px\"><img loading=\"lazy\" class=\"aligncenter wp-image-2178 size-full\" src=\"https:\/\/sitios.ucsc.cl\/ott\/wp-content\/uploads\/sites\/15\/2022\/06\/OTT_DDA_4.png\" alt=\"\" width=\"50\" height=\"50\" \/><\/td>\n<td style=\"width: 604px\">\n<h3>Oferta tecnol\u00f3gica<\/h3>\n<p>Disponible para licenciamiento.<\/td>\n<td style=\"width: 3px\"><\/td>\n<\/tr>\n<tr>\n<td style=\"width: 69px\"><\/td>\n<td style=\"width: 65px\"><img loading=\"lazy\" class=\"aligncenter wp-image-2179 size-full\" src=\"https:\/\/sitios.ucsc.cl\/ott\/wp-content\/uploads\/sites\/15\/2022\/06\/OTT_DDA_5.png\" alt=\"\" width=\"50\" height=\"50\" \/><\/td>\n<td style=\"width: 604px\">\n<h3>Propiedad intelectual<\/h3>\n<p>Registro Derecho de Autor: N\u00b0 258.539<\/td>\n<td style=\"width: 3px\"><\/td>\n<\/tr>\n<tr>\n<td style=\"width: 69px\"><\/td>\n<td style=\"width: 65px\"><img loading=\"lazy\" class=\"aligncenter wp-image-2180 size-full\" src=\"https:\/\/sitios.ucsc.cl\/ott\/wp-content\/uploads\/sites\/15\/2022\/06\/OTT_DDA_6.png\" alt=\"\" width=\"50\" height=\"50\" \/><\/td>\n<td style=\"width: 604px\">\n<h3>Investigador principal<\/h3>\n<p>Ricardo Ota\u00edza, Facultad de Ciencias.<br \/>\nJulian C\u00e1ceres, Facultad de Ciencias.<\/td>\n<td style=\"width: 3px\"><\/td>\n<\/tr>\n<tr>\n<td style=\"width: 69px\"><\/td>\n<td style=\"width: 669px\" colspan=\"2\">&nbsp;<\/p>\n<p>&nbsp;<\/p>\n<p><a href=\"https:\/\/sitios.ucsc.cl\/ott\/wp-content\/uploads\/sites\/15\/2022\/06\/OTT_DDA_12.pdf\"><img loading=\"lazy\" class=\"aligncenter wp-image-2220 size-medium\" src=\"https:\/\/sitios.ucsc.cl\/ott\/wp-content\/uploads\/sites\/15\/2022\/06\/Bot\u00f3n-descarga-300x61.png\" alt=\"\" width=\"300\" height=\"61\" \/><\/a><\/p>\n<p>&nbsp;<\/p>\n<p>&nbsp;<\/td>\n<td style=\"width: 3px\"><\/td>\n<\/tr>\n<\/tbody>\n<\/table>\n<h4><\/h4>\n<h4>Manual de una te\u0301cnica para el repoblamiento de la luga negra, Sarcothalia crispata (Bory) Leister (Rhodophyta, Gigartinales),en praderas naturales, Regio\u0301n del Biobi\u0301o.<\/h4>\n<\/div>\n<\/div>\n<\/div>\n<div data-url=\"https:\/\/issuu.com\/ottucsc\/docs\/luganegra\" style=\"width: 500px; height: 327px;\" class=\"issuuembed\"><\/div>\n<p><script type=\"text\/javascript\" src=\"\/\/e.issuu.com\/embed.js\" async=\"true\"><\/script><\/p>\n<p>&nbsp;<\/p>\n","protected":false},"excerpt":{"rendered":"<p>Tecnolog\u00eda desarrollada La \u201cluga negra\u201d es un alga roja submareal, que se cosecha desde praderas naturales como materia prima para la extracci\u00f3n de carragenanos (geles de uso en una gran diversidad de industrias). La t\u00e9cnica desarrollada, y descrita en el manual, consiste en construir \u201ccortinas\u201d m\u00f3viles de l\u00e1minas que pueden ser instaladas en diferentes sectores, [&hellip;]<\/p>\n","protected":false},"author":84,"featured_media":0,"parent":0,"menu_order":0,"comment_status":"closed","ping_status":"closed","template":"","meta":[],"yoast_head":"<!-- This site is optimized with the Yoast SEO plugin v18.9 - https:\/\/yoast.com\/wordpress\/plugins\/seo\/ -->\n<title>Te\u0301cnica para el repoblamiento de la luga negra -<\/title>\n<meta name=\"robots\" content=\"index, follow, max-snippet:-1, max-image-preview:large, max-video-preview:-1\" \/>\n<link rel=\"canonical\" href=\"https:\/\/dinn.ucsc.cl\/index.php\/tecnica-para-el-repoblamiento-de-la-luga-negra\/\" \/>\n<meta property=\"og:locale\" content=\"es_ES\" \/>\n<meta property=\"og:type\" content=\"article\" \/>\n<meta property=\"og:title\" content=\"Te\u0301cnica para el repoblamiento de la luga negra -\" \/>\n<meta property=\"og:description\" content=\"Tecnolog\u00eda desarrollada La \u201cluga negra\u201d es un alga roja submareal, que se cosecha desde praderas naturales como materia prima para la extracci\u00f3n de carragenanos (geles de uso en una gran diversidad de industrias). La t\u00e9cnica desarrollada, y descrita en el manual, consiste en construir \u201ccortinas\u201d m\u00f3viles de l\u00e1minas que pueden ser instaladas en diferentes sectores, [&hellip;]\" \/>\n<meta property=\"og:url\" content=\"https:\/\/dinn.ucsc.cl\/index.php\/tecnica-para-el-repoblamiento-de-la-luga-negra\/\" \/>\n<meta property=\"article:publisher\" content=\"https:\/\/m.facebook.com\/DINNUCSC\" \/>\n<meta property=\"article:modified_time\" content=\"2022-12-01T13:40:11+00:00\" \/>\n<meta property=\"og:image\" content=\"https:\/\/sitios.ucsc.cl\/ott\/wp-content\/uploads\/sites\/15\/2022\/06\/OTT_DDA_12_HEADER.png\" \/>\n<meta name=\"twitter:card\" content=\"summary\" \/>\n<meta name=\"twitter:site\" content=\"@dinn_ucsc\" \/>\n<meta name=\"twitter:label1\" content=\"Tiempo de lectura\" \/>\n\t<meta name=\"twitter:data1\" content=\"2 minutos\" \/>\n<script type=\"application\/ld+json\" class=\"yoast-schema-graph\">{\"@context\":\"https:\/\/schema.org\",\"@graph\":[{\"@type\":\"WebSite\",\"@id\":\"https:\/\/dinn.ucsc.cl\/#website\",\"url\":\"https:\/\/dinn.ucsc.cl\/\",\"name\":\"Direcci\u00f3n de Innovaci\u00f3n UCSC\",\"description\":\"Direcci\u00f3n de Innovaci\u00f3n\",\"potentialAction\":[{\"@type\":\"SearchAction\",\"target\":{\"@type\":\"EntryPoint\",\"urlTemplate\":\"https:\/\/dinn.ucsc.cl\/?s={search_term_string}\"},\"query-input\":\"required name=search_term_string\"}],\"inLanguage\":\"es\"},{\"@type\":\"ImageObject\",\"inLanguage\":\"es\",\"@id\":\"https:\/\/dinn.ucsc.cl\/index.php\/tecnica-para-el-repoblamiento-de-la-luga-negra\/#primaryimage\",\"url\":\"https:\/\/sitios.ucsc.cl\/ott\/wp-content\/uploads\/sites\/15\/2022\/06\/OTT_DDA_12_HEADER.png\",\"contentUrl\":\"https:\/\/sitios.ucsc.cl\/ott\/wp-content\/uploads\/sites\/15\/2022\/06\/OTT_DDA_12_HEADER.png\"},{\"@type\":\"WebPage\",\"@id\":\"https:\/\/dinn.ucsc.cl\/index.php\/tecnica-para-el-repoblamiento-de-la-luga-negra\/#webpage\",\"url\":\"https:\/\/dinn.ucsc.cl\/index.php\/tecnica-para-el-repoblamiento-de-la-luga-negra\/\",\"name\":\"Te\u0301cnica para el repoblamiento de la luga negra -\",\"isPartOf\":{\"@id\":\"https:\/\/dinn.ucsc.cl\/#website\"},\"primaryImageOfPage\":{\"@id\":\"https:\/\/dinn.ucsc.cl\/index.php\/tecnica-para-el-repoblamiento-de-la-luga-negra\/#primaryimage\"},\"datePublished\":\"2022-11-23T20:59:34+00:00\",\"dateModified\":\"2022-12-01T13:40:11+00:00\",\"breadcrumb\":{\"@id\":\"https:\/\/dinn.ucsc.cl\/index.php\/tecnica-para-el-repoblamiento-de-la-luga-negra\/#breadcrumb\"},\"inLanguage\":\"es\",\"potentialAction\":[{\"@type\":\"ReadAction\",\"target\":[\"https:\/\/dinn.ucsc.cl\/index.php\/tecnica-para-el-repoblamiento-de-la-luga-negra\/\"]}]},{\"@type\":\"BreadcrumbList\",\"@id\":\"https:\/\/dinn.ucsc.cl\/index.php\/tecnica-para-el-repoblamiento-de-la-luga-negra\/#breadcrumb\",\"itemListElement\":[{\"@type\":\"ListItem\",\"position\":1,\"name\":\"Inicio\",\"item\":\"https:\/\/dinn.ucsc.cl\/\"},{\"@type\":\"ListItem\",\"position\":2,\"name\":\"Te\u0301cnica para el repoblamiento de la luga negra\"}]}]}<\/script>\n<!-- \/ Yoast SEO plugin. -->","yoast_head_json":{"title":"Te\u0301cnica para el repoblamiento de la luga negra -","robots":{"index":"index","follow":"follow","max-snippet":"max-snippet:-1","max-image-preview":"max-image-preview:large","max-video-preview":"max-video-preview:-1"},"canonical":"https:\/\/dinn.ucsc.cl\/index.php\/tecnica-para-el-repoblamiento-de-la-luga-negra\/","og_locale":"es_ES","og_type":"article","og_title":"Te\u0301cnica para el repoblamiento de la luga negra -","og_description":"Tecnolog\u00eda desarrollada La \u201cluga negra\u201d es un alga roja submareal, que se cosecha desde praderas naturales como materia prima para la extracci\u00f3n de carragenanos (geles de uso en una gran diversidad de industrias). La t\u00e9cnica desarrollada, y descrita en el manual, consiste en construir \u201ccortinas\u201d m\u00f3viles de l\u00e1minas que pueden ser instaladas en diferentes sectores, [&hellip;]","og_url":"https:\/\/dinn.ucsc.cl\/index.php\/tecnica-para-el-repoblamiento-de-la-luga-negra\/","article_publisher":"https:\/\/m.facebook.com\/DINNUCSC","article_modified_time":"2022-12-01T13:40:11+00:00","og_image":[{"url":"https:\/\/sitios.ucsc.cl\/ott\/wp-content\/uploads\/sites\/15\/2022\/06\/OTT_DDA_12_HEADER.png"}],"twitter_card":"summary","twitter_site":"@dinn_ucsc","twitter_misc":{"Tiempo de lectura":"2 minutos"},"schema":{"@context":"https:\/\/schema.org","@graph":[{"@type":"WebSite","@id":"https:\/\/dinn.ucsc.cl\/#website","url":"https:\/\/dinn.ucsc.cl\/","name":"Direcci\u00f3n de Innovaci\u00f3n UCSC","description":"Direcci\u00f3n de Innovaci\u00f3n","potentialAction":[{"@type":"SearchAction","target":{"@type":"EntryPoint","urlTemplate":"https:\/\/dinn.ucsc.cl\/?s={search_term_string}"},"query-input":"required name=search_term_string"}],"inLanguage":"es"},{"@type":"ImageObject","inLanguage":"es","@id":"https:\/\/dinn.ucsc.cl\/index.php\/tecnica-para-el-repoblamiento-de-la-luga-negra\/#primaryimage","url":"https:\/\/sitios.ucsc.cl\/ott\/wp-content\/uploads\/sites\/15\/2022\/06\/OTT_DDA_12_HEADER.png","contentUrl":"https:\/\/sitios.ucsc.cl\/ott\/wp-content\/uploads\/sites\/15\/2022\/06\/OTT_DDA_12_HEADER.png"},{"@type":"WebPage","@id":"https:\/\/dinn.ucsc.cl\/index.php\/tecnica-para-el-repoblamiento-de-la-luga-negra\/#webpage","url":"https:\/\/dinn.ucsc.cl\/index.php\/tecnica-para-el-repoblamiento-de-la-luga-negra\/","name":"Te\u0301cnica para el repoblamiento de la luga negra -","isPartOf":{"@id":"https:\/\/dinn.ucsc.cl\/#website"},"primaryImageOfPage":{"@id":"https:\/\/dinn.ucsc.cl\/index.php\/tecnica-para-el-repoblamiento-de-la-luga-negra\/#primaryimage"},"datePublished":"2022-11-23T20:59:34+00:00","dateModified":"2022-12-01T13:40:11+00:00","breadcrumb":{"@id":"https:\/\/dinn.ucsc.cl\/index.php\/tecnica-para-el-repoblamiento-de-la-luga-negra\/#breadcrumb"},"inLanguage":"es","potentialAction":[{"@type":"ReadAction","target":["https:\/\/dinn.ucsc.cl\/index.php\/tecnica-para-el-repoblamiento-de-la-luga-negra\/"]}]},{"@type":"BreadcrumbList","@id":"https:\/\/dinn.ucsc.cl\/index.php\/tecnica-para-el-repoblamiento-de-la-luga-negra\/#breadcrumb","itemListElement":[{"@type":"ListItem","position":1,"name":"Inicio","item":"https:\/\/dinn.ucsc.cl\/"},{"@type":"ListItem","position":2,"name":"Te\u0301cnica para el repoblamiento de la luga negra"}]}]}},"_links":{"self":[{"href":"https:\/\/dinn.ucsc.cl\/index.php\/wp-json\/wp\/v2\/pages\/4146"}],"collection":[{"href":"https:\/\/dinn.ucsc.cl\/index.php\/wp-json\/wp\/v2\/pages"}],"about":[{"href":"https:\/\/dinn.ucsc.cl\/index.php\/wp-json\/wp\/v2\/types\/page"}],"author":[{"embeddable":true,"href":"https:\/\/dinn.ucsc.cl\/index.php\/wp-json\/wp\/v2\/users\/84"}],"replies":[{"embeddable":true,"href":"https:\/\/dinn.ucsc.cl\/index.php\/wp-json\/wp\/v2\/comments?post=4146"}],"version-history":[{"count":2,"href":"https:\/\/dinn.ucsc.cl\/index.php\/wp-json\/wp\/v2\/pages\/4146\/revisions"}],"predecessor-version":[{"id":4393,"href":"https:\/\/dinn.ucsc.cl\/index.php\/wp-json\/wp\/v2\/pages\/4146\/revisions\/4393"}],"wp:attachment":[{"href":"https:\/\/dinn.ucsc.cl\/index.php\/wp-json\/wp\/v2\/media?parent=4146"}],"curies":[{"name":"wp","href":"https:\/\/api.w.org\/{rel}","templated":true}]}}