{"id":4157,"date":"2022-11-23T18:03:45","date_gmt":"2022-11-23T21:03:45","guid":{"rendered":"https:\/\/dinn.ucsc.cl\/?page_id=4157"},"modified":"2022-12-01T10:41:48","modified_gmt":"2022-12-01T13:41:48","slug":"inventario-de-intereses-y-aptitudes-vocacionales-inap-v","status":"publish","type":"page","link":"https:\/\/dinn.ucsc.cl\/index.php\/inventario-de-intereses-y-aptitudes-vocacionales-inap-v\/","title":{"rendered":"Inventario de Intereses y Aptitudes Vocacionales, INAP-V"},"content":{"rendered":"<table class=\" alignleft\">\n<tbody>\n<tr>\n<td style=\"width: 741px\" colspan=\"4\"><img loading=\"lazy\" class=\"aligncenter wp-image-2316 \" src=\"https:\/\/sitios.ucsc.cl\/ott\/wp-content\/uploads\/sites\/15\/2022\/06\/OTT_DDA_17_HEADER.png\" alt=\"\" width=\"752\" height=\"154\" \/><\/td>\n<\/tr>\n<tr>\n<td style=\"width: 65px\"><\/td>\n<td style=\"width: 69px\"><img loading=\"lazy\" class=\"aligncenter wp-image-2175 size-full\" src=\"https:\/\/sitios.ucsc.cl\/ott\/wp-content\/uploads\/sites\/15\/2022\/06\/OTT_DDA_1.png\" alt=\"\" width=\"50\" height=\"50\" \/><\/td>\n<td style=\"width: 604px\">\n<h3>Tecnolog\u00eda desarrollada<\/h3>\n<\/td>\n<td style=\"width: 3px\">\n<h3><\/h3>\n<\/td>\n<\/tr>\n<tr>\n<td style=\"width: 65px\"><\/td>\n<td style=\"width: 69px\"><\/td>\n<td style=\"width: 604px\">INAP-V, es un instrumento para explorar intereses y aptitudes vocacionales, que est\u00e9 validado en poblaci\u00f3n chilena, que sea de f\u00e1cil aplicaci\u00f3n y comprensi\u00f3n para j\u00f3venes de ense\u00f1anza media, y que permita entregar claras directrices a quienes lo respondan, en orden a favorecer su exploraci\u00f3n vocacional y construcci\u00f3n de proyecto de vida.<br \/>\nLa obra eval\u00faa el grado de inter\u00e9s y aptitud en cada una de las 10 \u00e1reas vocacionales que la componen: 1) Educaci\u00f3n, 2) Artes y humanidades, 3) Ciencias sociales, periodismo e informaci\u00f3n, 4) Administraci\u00f3n de empresas y derecho, 5) Ciencias naturales, matem\u00e1tica y estad\u00edstica, 6) Tecnolog\u00edas de la informaci\u00f3n y comunicaci\u00f3n, 7) Ingenier\u00eda, industria y construcci\u00f3n, 8) Agricultura, silvicultura y veterinaria, 9) Salud y bienestar, 10) Servicios.<\/td>\n<td style=\"width: 3px\">\n<h3><\/h3>\n<\/td>\n<\/tr>\n<tr>\n<td style=\"width: 65px\"><\/td>\n<td style=\"width: 69px\"><img loading=\"lazy\" class=\"aligncenter wp-image-2176 size-full\" src=\"https:\/\/sitios.ucsc.cl\/ott\/wp-content\/uploads\/sites\/15\/2022\/06\/OTT_DDA_2.png\" alt=\"\" width=\"50\" height=\"50\" \/><\/td>\n<td style=\"width: 604px\">\n<h3>Beneficios \/ Ventajas<\/h3>\n<\/td>\n<td style=\"width: 3px\"><\/td>\n<\/tr>\n<tr>\n<td style=\"width: 65px\"><\/td>\n<td style=\"width: 69px\"><\/td>\n<td style=\"width: 604px\">\u2022 F\u00e1cil de aplicar.<br \/>\n\u2022 Entrega claros resultados que favorecen la exploraci\u00f3n vocacional y construcci\u00f3n de proyecto de vida.<\/td>\n<td style=\"width: 3px\"><\/td>\n<\/tr>\n<tr>\n<td style=\"width: 65px\"><\/td>\n<td style=\"width: 69px\"><img loading=\"lazy\" class=\"aligncenter wp-image-2177 size-full\" src=\"https:\/\/sitios.ucsc.cl\/ott\/wp-content\/uploads\/sites\/15\/2022\/06\/OTT_DDA_3.png\" alt=\"\" width=\"50\" height=\"50\" \/><\/td>\n<td style=\"width: 604px\">\n<h3>Usos \/ Aplicaciones<\/h3>\n<p>Explorar intereses y aptitudes vocacionales en j\u00f3venes.<\/td>\n<td style=\"width: 3px\"><\/td>\n<\/tr>\n<tr>\n<td style=\"width: 65px\"><\/td>\n<td style=\"width: 69px\"><img loading=\"lazy\" class=\"aligncenter wp-image-2178 size-full\" src=\"https:\/\/sitios.ucsc.cl\/ott\/wp-content\/uploads\/sites\/15\/2022\/06\/OTT_DDA_4.png\" alt=\"\" width=\"50\" height=\"50\" \/><\/td>\n<td style=\"width: 604px\">\n<h3>Oferta tecnol\u00f3gica<\/h3>\n<p>Disponible para licenciamiento.<\/td>\n<td style=\"width: 3px\"><\/td>\n<\/tr>\n<tr>\n<td style=\"width: 65px\"><\/td>\n<td style=\"width: 69px\"><img loading=\"lazy\" class=\"aligncenter wp-image-2179 size-full\" src=\"https:\/\/sitios.ucsc.cl\/ott\/wp-content\/uploads\/sites\/15\/2022\/06\/OTT_DDA_5.png\" alt=\"\" width=\"50\" height=\"50\" \/><\/td>\n<td style=\"width: 604px\">\n<h3>Propiedad intelectual<\/h3>\n<p>Registro Derecho de Autor: N\u00b0 308.414<\/td>\n<td style=\"width: 3px\"><\/td>\n<\/tr>\n<tr>\n<td style=\"width: 65px\"><\/td>\n<td style=\"width: 69px\"><img loading=\"lazy\" class=\"aligncenter wp-image-2180 size-full\" src=\"https:\/\/sitios.ucsc.cl\/ott\/wp-content\/uploads\/sites\/15\/2022\/06\/OTT_DDA_6.png\" alt=\"\" width=\"50\" height=\"50\" \/><\/td>\n<td style=\"width: 604px\">\n<h3>Investigadores principales<\/h3>\n<\/td>\n<td style=\"width: 3px\"><\/td>\n<\/tr>\n<tr>\n<td style=\"width: 65px\"><\/td>\n<td style=\"width: 69px\"><\/td>\n<td style=\"width: 604px\">Paz C\u00e9spedes C\u00e1rdenas, Unidad de Acompa\u00f1amiento y Acceso a la Universidad.<br \/>\nCarlos Caro Navarrete, Unidad de Acompa\u00f1amiento y Acceso a la Universidad.<br \/>\nDaniela Garc\u00eda P\u00e9rgola, Unidad de Acompa\u00f1amiento y Acceso a la Universidad.<\/td>\n<td style=\"width: 3px\"><\/td>\n<\/tr>\n<tr>\n<td style=\"width: 65px\"><\/td>\n<td style=\"width: 673px\" colspan=\"2\">&nbsp;<\/p>\n<p>&nbsp;<\/p>\n<p><a href=\"https:\/\/sitios.ucsc.cl\/ott\/wp-content\/uploads\/sites\/15\/2022\/06\/OTT_DDA_17.pdf\"><img loading=\"lazy\" class=\"aligncenter wp-image-2220 size-medium\" src=\"https:\/\/sitios.ucsc.cl\/ott\/wp-content\/uploads\/sites\/15\/2022\/06\/Bot\u00f3n-descarga-300x61.png\" alt=\"\" width=\"300\" height=\"61\" \/><\/a><\/p>\n<p>&nbsp;<\/p>\n<p>&nbsp;<\/td>\n<td style=\"width: 3px\"><\/td>\n<\/tr>\n<\/tbody>\n<\/table>\n","protected":false},"excerpt":{"rendered":"<p>Tecnolog\u00eda desarrollada INAP-V, es un instrumento para explorar intereses y aptitudes vocacionales, que est\u00e9 validado en poblaci\u00f3n chilena, que sea de f\u00e1cil aplicaci\u00f3n y comprensi\u00f3n para j\u00f3venes de ense\u00f1anza media, y que permita entregar claras directrices a quienes lo respondan, en orden a favorecer su exploraci\u00f3n vocacional y construcci\u00f3n de proyecto de vida. La obra [&hellip;]<\/p>\n","protected":false},"author":84,"featured_media":0,"parent":0,"menu_order":0,"comment_status":"closed","ping_status":"closed","template":"","meta":[],"yoast_head":"<!-- This site is optimized with the Yoast SEO plugin v18.9 - https:\/\/yoast.com\/wordpress\/plugins\/seo\/ -->\n<title>Inventario de Intereses y Aptitudes Vocacionales, INAP-V -<\/title>\n<meta name=\"robots\" content=\"index, follow, max-snippet:-1, max-image-preview:large, max-video-preview:-1\" \/>\n<link rel=\"canonical\" href=\"https:\/\/dinn.ucsc.cl\/index.php\/inventario-de-intereses-y-aptitudes-vocacionales-inap-v\/\" \/>\n<meta property=\"og:locale\" content=\"es_ES\" \/>\n<meta property=\"og:type\" content=\"article\" \/>\n<meta property=\"og:title\" content=\"Inventario de Intereses y Aptitudes Vocacionales, INAP-V -\" \/>\n<meta property=\"og:description\" content=\"Tecnolog\u00eda desarrollada INAP-V, es un instrumento para explorar intereses y aptitudes vocacionales, que est\u00e9 validado en poblaci\u00f3n chilena, que sea de f\u00e1cil aplicaci\u00f3n y comprensi\u00f3n para j\u00f3venes de ense\u00f1anza media, y que permita entregar claras directrices a quienes lo respondan, en orden a favorecer su exploraci\u00f3n vocacional y construcci\u00f3n de proyecto de vida. La obra [&hellip;]\" \/>\n<meta property=\"og:url\" content=\"https:\/\/dinn.ucsc.cl\/index.php\/inventario-de-intereses-y-aptitudes-vocacionales-inap-v\/\" \/>\n<meta property=\"article:publisher\" content=\"https:\/\/m.facebook.com\/DINNUCSC\" \/>\n<meta property=\"article:modified_time\" content=\"2022-12-01T13:41:48+00:00\" \/>\n<meta property=\"og:image\" content=\"https:\/\/sitios.ucsc.cl\/ott\/wp-content\/uploads\/sites\/15\/2022\/06\/OTT_DDA_17_HEADER.png\" \/>\n<meta name=\"twitter:card\" content=\"summary\" \/>\n<meta name=\"twitter:site\" content=\"@dinn_ucsc\" \/>\n<meta name=\"twitter:label1\" content=\"Tiempo de lectura\" \/>\n\t<meta name=\"twitter:data1\" content=\"1 minuto\" \/>\n<script type=\"application\/ld+json\" class=\"yoast-schema-graph\">{\"@context\":\"https:\/\/schema.org\",\"@graph\":[{\"@type\":\"WebSite\",\"@id\":\"https:\/\/dinn.ucsc.cl\/#website\",\"url\":\"https:\/\/dinn.ucsc.cl\/\",\"name\":\"Direcci\u00f3n de Innovaci\u00f3n UCSC\",\"description\":\"Direcci\u00f3n de Innovaci\u00f3n\",\"potentialAction\":[{\"@type\":\"SearchAction\",\"target\":{\"@type\":\"EntryPoint\",\"urlTemplate\":\"https:\/\/dinn.ucsc.cl\/?s={search_term_string}\"},\"query-input\":\"required name=search_term_string\"}],\"inLanguage\":\"es\"},{\"@type\":\"ImageObject\",\"inLanguage\":\"es\",\"@id\":\"https:\/\/dinn.ucsc.cl\/index.php\/inventario-de-intereses-y-aptitudes-vocacionales-inap-v\/#primaryimage\",\"url\":\"https:\/\/sitios.ucsc.cl\/ott\/wp-content\/uploads\/sites\/15\/2022\/06\/OTT_DDA_17_HEADER.png\",\"contentUrl\":\"https:\/\/sitios.ucsc.cl\/ott\/wp-content\/uploads\/sites\/15\/2022\/06\/OTT_DDA_17_HEADER.png\"},{\"@type\":\"WebPage\",\"@id\":\"https:\/\/dinn.ucsc.cl\/index.php\/inventario-de-intereses-y-aptitudes-vocacionales-inap-v\/#webpage\",\"url\":\"https:\/\/dinn.ucsc.cl\/index.php\/inventario-de-intereses-y-aptitudes-vocacionales-inap-v\/\",\"name\":\"Inventario de Intereses y Aptitudes Vocacionales, INAP-V -\",\"isPartOf\":{\"@id\":\"https:\/\/dinn.ucsc.cl\/#website\"},\"primaryImageOfPage\":{\"@id\":\"https:\/\/dinn.ucsc.cl\/index.php\/inventario-de-intereses-y-aptitudes-vocacionales-inap-v\/#primaryimage\"},\"datePublished\":\"2022-11-23T21:03:45+00:00\",\"dateModified\":\"2022-12-01T13:41:48+00:00\",\"breadcrumb\":{\"@id\":\"https:\/\/dinn.ucsc.cl\/index.php\/inventario-de-intereses-y-aptitudes-vocacionales-inap-v\/#breadcrumb\"},\"inLanguage\":\"es\",\"potentialAction\":[{\"@type\":\"ReadAction\",\"target\":[\"https:\/\/dinn.ucsc.cl\/index.php\/inventario-de-intereses-y-aptitudes-vocacionales-inap-v\/\"]}]},{\"@type\":\"BreadcrumbList\",\"@id\":\"https:\/\/dinn.ucsc.cl\/index.php\/inventario-de-intereses-y-aptitudes-vocacionales-inap-v\/#breadcrumb\",\"itemListElement\":[{\"@type\":\"ListItem\",\"position\":1,\"name\":\"Inicio\",\"item\":\"https:\/\/dinn.ucsc.cl\/\"},{\"@type\":\"ListItem\",\"position\":2,\"name\":\"Inventario de Intereses y Aptitudes Vocacionales, INAP-V\"}]}]}<\/script>\n<!-- \/ Yoast SEO plugin. -->","yoast_head_json":{"title":"Inventario de Intereses y Aptitudes Vocacionales, INAP-V -","robots":{"index":"index","follow":"follow","max-snippet":"max-snippet:-1","max-image-preview":"max-image-preview:large","max-video-preview":"max-video-preview:-1"},"canonical":"https:\/\/dinn.ucsc.cl\/index.php\/inventario-de-intereses-y-aptitudes-vocacionales-inap-v\/","og_locale":"es_ES","og_type":"article","og_title":"Inventario de Intereses y Aptitudes Vocacionales, INAP-V -","og_description":"Tecnolog\u00eda desarrollada INAP-V, es un instrumento para explorar intereses y aptitudes vocacionales, que est\u00e9 validado en poblaci\u00f3n chilena, que sea de f\u00e1cil aplicaci\u00f3n y comprensi\u00f3n para j\u00f3venes de ense\u00f1anza media, y que permita entregar claras directrices a quienes lo respondan, en orden a favorecer su exploraci\u00f3n vocacional y construcci\u00f3n de proyecto de vida. La obra [&hellip;]","og_url":"https:\/\/dinn.ucsc.cl\/index.php\/inventario-de-intereses-y-aptitudes-vocacionales-inap-v\/","article_publisher":"https:\/\/m.facebook.com\/DINNUCSC","article_modified_time":"2022-12-01T13:41:48+00:00","og_image":[{"url":"https:\/\/sitios.ucsc.cl\/ott\/wp-content\/uploads\/sites\/15\/2022\/06\/OTT_DDA_17_HEADER.png"}],"twitter_card":"summary","twitter_site":"@dinn_ucsc","twitter_misc":{"Tiempo de lectura":"1 minuto"},"schema":{"@context":"https:\/\/schema.org","@graph":[{"@type":"WebSite","@id":"https:\/\/dinn.ucsc.cl\/#website","url":"https:\/\/dinn.ucsc.cl\/","name":"Direcci\u00f3n de Innovaci\u00f3n UCSC","description":"Direcci\u00f3n de Innovaci\u00f3n","potentialAction":[{"@type":"SearchAction","target":{"@type":"EntryPoint","urlTemplate":"https:\/\/dinn.ucsc.cl\/?s={search_term_string}"},"query-input":"required name=search_term_string"}],"inLanguage":"es"},{"@type":"ImageObject","inLanguage":"es","@id":"https:\/\/dinn.ucsc.cl\/index.php\/inventario-de-intereses-y-aptitudes-vocacionales-inap-v\/#primaryimage","url":"https:\/\/sitios.ucsc.cl\/ott\/wp-content\/uploads\/sites\/15\/2022\/06\/OTT_DDA_17_HEADER.png","contentUrl":"https:\/\/sitios.ucsc.cl\/ott\/wp-content\/uploads\/sites\/15\/2022\/06\/OTT_DDA_17_HEADER.png"},{"@type":"WebPage","@id":"https:\/\/dinn.ucsc.cl\/index.php\/inventario-de-intereses-y-aptitudes-vocacionales-inap-v\/#webpage","url":"https:\/\/dinn.ucsc.cl\/index.php\/inventario-de-intereses-y-aptitudes-vocacionales-inap-v\/","name":"Inventario de Intereses y Aptitudes Vocacionales, INAP-V -","isPartOf":{"@id":"https:\/\/dinn.ucsc.cl\/#website"},"primaryImageOfPage":{"@id":"https:\/\/dinn.ucsc.cl\/index.php\/inventario-de-intereses-y-aptitudes-vocacionales-inap-v\/#primaryimage"},"datePublished":"2022-11-23T21:03:45+00:00","dateModified":"2022-12-01T13:41:48+00:00","breadcrumb":{"@id":"https:\/\/dinn.ucsc.cl\/index.php\/inventario-de-intereses-y-aptitudes-vocacionales-inap-v\/#breadcrumb"},"inLanguage":"es","potentialAction":[{"@type":"ReadAction","target":["https:\/\/dinn.ucsc.cl\/index.php\/inventario-de-intereses-y-aptitudes-vocacionales-inap-v\/"]}]},{"@type":"BreadcrumbList","@id":"https:\/\/dinn.ucsc.cl\/index.php\/inventario-de-intereses-y-aptitudes-vocacionales-inap-v\/#breadcrumb","itemListElement":[{"@type":"ListItem","position":1,"name":"Inicio","item":"https:\/\/dinn.ucsc.cl\/"},{"@type":"ListItem","position":2,"name":"Inventario de Intereses y Aptitudes Vocacionales, INAP-V"}]}]}},"_links":{"self":[{"href":"https:\/\/dinn.ucsc.cl\/index.php\/wp-json\/wp\/v2\/pages\/4157"}],"collection":[{"href":"https:\/\/dinn.ucsc.cl\/index.php\/wp-json\/wp\/v2\/pages"}],"about":[{"href":"https:\/\/dinn.ucsc.cl\/index.php\/wp-json\/wp\/v2\/types\/page"}],"author":[{"embeddable":true,"href":"https:\/\/dinn.ucsc.cl\/index.php\/wp-json\/wp\/v2\/users\/84"}],"replies":[{"embeddable":true,"href":"https:\/\/dinn.ucsc.cl\/index.php\/wp-json\/wp\/v2\/comments?post=4157"}],"version-history":[{"count":2,"href":"https:\/\/dinn.ucsc.cl\/index.php\/wp-json\/wp\/v2\/pages\/4157\/revisions"}],"predecessor-version":[{"id":4398,"href":"https:\/\/dinn.ucsc.cl\/index.php\/wp-json\/wp\/v2\/pages\/4157\/revisions\/4398"}],"wp:attachment":[{"href":"https:\/\/dinn.ucsc.cl\/index.php\/wp-json\/wp\/v2\/media?parent=4157"}],"curies":[{"name":"wp","href":"https:\/\/api.w.org\/{rel}","templated":true}]}}