{"id":4159,"date":"2022-11-23T18:04:39","date_gmt":"2022-11-23T21:04:39","guid":{"rendered":"https:\/\/dinn.ucsc.cl\/?page_id=4159"},"modified":"2022-12-01T10:42:03","modified_gmt":"2022-12-01T13:42:03","slug":"carta-de-menu-infantil-y-recetario-de-productos-del-mar","status":"publish","type":"page","link":"https:\/\/dinn.ucsc.cl\/index.php\/carta-de-menu-infantil-y-recetario-de-productos-del-mar\/","title":{"rendered":"Carta de men\u00fa infantil y recetario de productos del mar"},"content":{"rendered":"<table class=\" alignleft\">\n<tbody>\n<tr>\n<td style=\"width: 741px\" colspan=\"4\"><img loading=\"lazy\" class=\"aligncenter wp-image-2317 \" src=\"https:\/\/sitios.ucsc.cl\/ott\/wp-content\/uploads\/sites\/15\/2022\/06\/OTT_DDA_18_HEADER.png\" alt=\"\" width=\"742\" height=\"152\" \/><\/td>\n<\/tr>\n<tr>\n<td style=\"width: 67px\"><\/td>\n<td style=\"width: 68px\"><img loading=\"lazy\" class=\"aligncenter wp-image-2175 size-full\" src=\"https:\/\/sitios.ucsc.cl\/ott\/wp-content\/uploads\/sites\/15\/2022\/06\/OTT_DDA_1.png\" alt=\"\" width=\"50\" height=\"50\" \/><\/td>\n<td style=\"width: 603px\">\n<h3>Tecnolog\u00eda desarrollada<\/h3>\n<p>Su objetivo es incorporar gastronom\u00eda inocuas y saludables, de preparaciones infantiles con origen de productos marinos de acuerdo a las preferencias alimentarias de los ni\u00f1os y ni\u00f1as, se crean preparaciones en base a pescado y mariscos; merluza, machas, choritos y camarones.<br \/>\nLa obra incluye:<br \/>\n\u2022 Carta de men\u00fa infantil, que contiene preparaciones saludables y atractivas para la poblaci\u00f3n destinataria, detallando descriptor nutricional de nutriente cr\u00edtico para el grupo etario y aporte cal\u00f3rico.<br \/>\n\u2022 Recetario Proyecto innovaci\u00f3n de gastronom\u00eda infantil en Caleta Lenga, contiene recetas saludables, de f\u00e1cil preparaci\u00f3n y bajo costo. Se detalla, ingredientes, gramajes y forma de preparaci\u00f3n.<\/td>\n<td style=\"width: 3px\">\n<h3><\/h3>\n<\/td>\n<\/tr>\n<tr>\n<td style=\"width: 67px\"><\/td>\n<td style=\"width: 68px\"><img loading=\"lazy\" class=\"aligncenter wp-image-2176 size-full\" src=\"https:\/\/sitios.ucsc.cl\/ott\/wp-content\/uploads\/sites\/15\/2022\/06\/OTT_DDA_2.png\" alt=\"\" width=\"50\" height=\"50\" \/><\/td>\n<td style=\"width: 603px\">\n<h3>Beneficios \/ Ventajas<\/h3>\n<p>\u2022 Se crean preparaciones en base a pescado y mariscos; merluza, machas, choritos y camarones.<br \/>\n\u2022 Contiene recetas saludables, de f\u00e1cil preparaci\u00f3n y bajo costo. Se detalla, ingredientes, gramajes y forma de preparaci\u00f3n.<\/td>\n<td style=\"width: 3px\"><\/td>\n<\/tr>\n<tr>\n<td style=\"width: 67px\"><\/td>\n<td style=\"width: 68px\"><img loading=\"lazy\" class=\"aligncenter wp-image-2177 size-full\" src=\"https:\/\/sitios.ucsc.cl\/ott\/wp-content\/uploads\/sites\/15\/2022\/06\/OTT_DDA_3.png\" alt=\"\" width=\"50\" height=\"50\" \/><\/td>\n<td style=\"width: 603px\">\n<h3>Usos \/ Aplicaciones<\/h3>\n<p>Incorporar gastronom\u00eda inocuas y saludables, de preparaciones infantiles con origen de productos marinos en Restaurante de la Caleta Lenga.<\/td>\n<td style=\"width: 3px\"><\/td>\n<\/tr>\n<tr>\n<td style=\"width: 67px\"><\/td>\n<td style=\"width: 68px\"><img loading=\"lazy\" class=\"aligncenter wp-image-2178 size-full\" src=\"https:\/\/sitios.ucsc.cl\/ott\/wp-content\/uploads\/sites\/15\/2022\/06\/OTT_DDA_4.png\" alt=\"\" width=\"50\" height=\"50\" \/><\/td>\n<td style=\"width: 603px\">\n<h3>Oferta tecnol\u00f3gica<\/h3>\n<p>Disponible para licenciamiento.<\/td>\n<td style=\"width: 3px\"><\/td>\n<\/tr>\n<tr>\n<td style=\"width: 67px\"><\/td>\n<td style=\"width: 68px\"><img loading=\"lazy\" class=\"aligncenter wp-image-2179 size-full\" src=\"https:\/\/sitios.ucsc.cl\/ott\/wp-content\/uploads\/sites\/15\/2022\/06\/OTT_DDA_5.png\" alt=\"\" width=\"50\" height=\"50\" \/><\/td>\n<td style=\"width: 603px\">\n<h3>Propiedad intelectual<\/h3>\n<p>Registro Derecho de Autor:\u00a0304.852<\/td>\n<td style=\"width: 3px\"><\/td>\n<\/tr>\n<tr>\n<td style=\"width: 67px\"><\/td>\n<td style=\"width: 68px\"><img loading=\"lazy\" class=\"aligncenter wp-image-2180 size-full\" src=\"https:\/\/sitios.ucsc.cl\/ott\/wp-content\/uploads\/sites\/15\/2022\/06\/OTT_DDA_6.png\" alt=\"\" width=\"50\" height=\"50\" \/><\/td>\n<td style=\"width: 603px\">\n<h3>Investigador principal<\/h3>\n<p>Jacqueline Ibarra Peso, Facultad de Medicina.<br \/>\nSamuel Meza V\u00e1squez, Facultad de Medicina.<\/td>\n<td style=\"width: 3px\"><\/td>\n<\/tr>\n<tr>\n<td style=\"width: 67px\"><\/td>\n<td style=\"width: 671px\" colspan=\"2\">&nbsp;<\/p>\n<p>&nbsp;<\/p>\n<p><a href=\"https:\/\/sitios.ucsc.cl\/ott\/wp-content\/uploads\/sites\/15\/2022\/06\/OTT_DDA_18.pdf\"><img loading=\"lazy\" class=\"aligncenter wp-image-2220 size-medium\" src=\"https:\/\/sitios.ucsc.cl\/ott\/wp-content\/uploads\/sites\/15\/2022\/06\/Bot\u00f3n-descarga-300x61.png\" alt=\"\" width=\"300\" height=\"61\" \/><\/a><\/p>\n<p>&nbsp;<\/p>\n<p>&nbsp;<\/td>\n<\/tr>\n<\/tbody>\n<\/table>\n","protected":false},"excerpt":{"rendered":"<p>Tecnolog\u00eda desarrollada Su objetivo es incorporar gastronom\u00eda inocuas y saludables, de preparaciones infantiles con origen de productos marinos de acuerdo a las preferencias alimentarias de los ni\u00f1os y ni\u00f1as, se crean preparaciones en base a pescado y mariscos; merluza, machas, choritos y camarones. La obra incluye: \u2022 Carta de men\u00fa infantil, que contiene preparaciones saludables [&hellip;]<\/p>\n","protected":false},"author":84,"featured_media":0,"parent":0,"menu_order":0,"comment_status":"closed","ping_status":"closed","template":"","meta":[],"yoast_head":"<!-- This site is optimized with the Yoast SEO plugin v18.9 - https:\/\/yoast.com\/wordpress\/plugins\/seo\/ -->\n<title>Carta de men\u00fa infantil y recetario de productos del mar -<\/title>\n<meta name=\"robots\" content=\"index, follow, max-snippet:-1, max-image-preview:large, max-video-preview:-1\" \/>\n<link rel=\"canonical\" href=\"https:\/\/dinn.ucsc.cl\/index.php\/carta-de-menu-infantil-y-recetario-de-productos-del-mar\/\" \/>\n<meta property=\"og:locale\" content=\"es_ES\" \/>\n<meta property=\"og:type\" content=\"article\" \/>\n<meta property=\"og:title\" content=\"Carta de men\u00fa infantil y recetario de productos del mar -\" \/>\n<meta property=\"og:description\" content=\"Tecnolog\u00eda desarrollada Su objetivo es incorporar gastronom\u00eda inocuas y saludables, de preparaciones infantiles con origen de productos marinos de acuerdo a las preferencias alimentarias de los ni\u00f1os y ni\u00f1as, se crean preparaciones en base a pescado y mariscos; merluza, machas, choritos y camarones. La obra incluye: \u2022 Carta de men\u00fa infantil, que contiene preparaciones saludables [&hellip;]\" \/>\n<meta property=\"og:url\" content=\"https:\/\/dinn.ucsc.cl\/index.php\/carta-de-menu-infantil-y-recetario-de-productos-del-mar\/\" \/>\n<meta property=\"article:publisher\" content=\"https:\/\/m.facebook.com\/DINNUCSC\" \/>\n<meta property=\"article:modified_time\" content=\"2022-12-01T13:42:03+00:00\" \/>\n<meta property=\"og:image\" content=\"https:\/\/sitios.ucsc.cl\/ott\/wp-content\/uploads\/sites\/15\/2022\/06\/OTT_DDA_18_HEADER.png\" \/>\n<meta name=\"twitter:card\" content=\"summary\" \/>\n<meta name=\"twitter:site\" content=\"@dinn_ucsc\" \/>\n<meta name=\"twitter:label1\" content=\"Tiempo de lectura\" \/>\n\t<meta name=\"twitter:data1\" content=\"1 minuto\" \/>\n<script type=\"application\/ld+json\" class=\"yoast-schema-graph\">{\"@context\":\"https:\/\/schema.org\",\"@graph\":[{\"@type\":\"WebSite\",\"@id\":\"https:\/\/dinn.ucsc.cl\/#website\",\"url\":\"https:\/\/dinn.ucsc.cl\/\",\"name\":\"Direcci\u00f3n de Innovaci\u00f3n UCSC\",\"description\":\"Direcci\u00f3n de Innovaci\u00f3n\",\"potentialAction\":[{\"@type\":\"SearchAction\",\"target\":{\"@type\":\"EntryPoint\",\"urlTemplate\":\"https:\/\/dinn.ucsc.cl\/?s={search_term_string}\"},\"query-input\":\"required name=search_term_string\"}],\"inLanguage\":\"es\"},{\"@type\":\"ImageObject\",\"inLanguage\":\"es\",\"@id\":\"https:\/\/dinn.ucsc.cl\/index.php\/carta-de-menu-infantil-y-recetario-de-productos-del-mar\/#primaryimage\",\"url\":\"https:\/\/sitios.ucsc.cl\/ott\/wp-content\/uploads\/sites\/15\/2022\/06\/OTT_DDA_18_HEADER.png\",\"contentUrl\":\"https:\/\/sitios.ucsc.cl\/ott\/wp-content\/uploads\/sites\/15\/2022\/06\/OTT_DDA_18_HEADER.png\"},{\"@type\":\"WebPage\",\"@id\":\"https:\/\/dinn.ucsc.cl\/index.php\/carta-de-menu-infantil-y-recetario-de-productos-del-mar\/#webpage\",\"url\":\"https:\/\/dinn.ucsc.cl\/index.php\/carta-de-menu-infantil-y-recetario-de-productos-del-mar\/\",\"name\":\"Carta de men\u00fa infantil y recetario de productos del mar -\",\"isPartOf\":{\"@id\":\"https:\/\/dinn.ucsc.cl\/#website\"},\"primaryImageOfPage\":{\"@id\":\"https:\/\/dinn.ucsc.cl\/index.php\/carta-de-menu-infantil-y-recetario-de-productos-del-mar\/#primaryimage\"},\"datePublished\":\"2022-11-23T21:04:39+00:00\",\"dateModified\":\"2022-12-01T13:42:03+00:00\",\"breadcrumb\":{\"@id\":\"https:\/\/dinn.ucsc.cl\/index.php\/carta-de-menu-infantil-y-recetario-de-productos-del-mar\/#breadcrumb\"},\"inLanguage\":\"es\",\"potentialAction\":[{\"@type\":\"ReadAction\",\"target\":[\"https:\/\/dinn.ucsc.cl\/index.php\/carta-de-menu-infantil-y-recetario-de-productos-del-mar\/\"]}]},{\"@type\":\"BreadcrumbList\",\"@id\":\"https:\/\/dinn.ucsc.cl\/index.php\/carta-de-menu-infantil-y-recetario-de-productos-del-mar\/#breadcrumb\",\"itemListElement\":[{\"@type\":\"ListItem\",\"position\":1,\"name\":\"Inicio\",\"item\":\"https:\/\/dinn.ucsc.cl\/\"},{\"@type\":\"ListItem\",\"position\":2,\"name\":\"Carta de men\u00fa infantil y recetario de productos del mar\"}]}]}<\/script>\n<!-- \/ Yoast SEO plugin. -->","yoast_head_json":{"title":"Carta de men\u00fa infantil y recetario de productos del mar -","robots":{"index":"index","follow":"follow","max-snippet":"max-snippet:-1","max-image-preview":"max-image-preview:large","max-video-preview":"max-video-preview:-1"},"canonical":"https:\/\/dinn.ucsc.cl\/index.php\/carta-de-menu-infantil-y-recetario-de-productos-del-mar\/","og_locale":"es_ES","og_type":"article","og_title":"Carta de men\u00fa infantil y recetario de productos del mar -","og_description":"Tecnolog\u00eda desarrollada Su objetivo es incorporar gastronom\u00eda inocuas y saludables, de preparaciones infantiles con origen de productos marinos de acuerdo a las preferencias alimentarias de los ni\u00f1os y ni\u00f1as, se crean preparaciones en base a pescado y mariscos; merluza, machas, choritos y camarones. La obra incluye: \u2022 Carta de men\u00fa infantil, que contiene preparaciones saludables [&hellip;]","og_url":"https:\/\/dinn.ucsc.cl\/index.php\/carta-de-menu-infantil-y-recetario-de-productos-del-mar\/","article_publisher":"https:\/\/m.facebook.com\/DINNUCSC","article_modified_time":"2022-12-01T13:42:03+00:00","og_image":[{"url":"https:\/\/sitios.ucsc.cl\/ott\/wp-content\/uploads\/sites\/15\/2022\/06\/OTT_DDA_18_HEADER.png"}],"twitter_card":"summary","twitter_site":"@dinn_ucsc","twitter_misc":{"Tiempo de lectura":"1 minuto"},"schema":{"@context":"https:\/\/schema.org","@graph":[{"@type":"WebSite","@id":"https:\/\/dinn.ucsc.cl\/#website","url":"https:\/\/dinn.ucsc.cl\/","name":"Direcci\u00f3n de Innovaci\u00f3n UCSC","description":"Direcci\u00f3n de Innovaci\u00f3n","potentialAction":[{"@type":"SearchAction","target":{"@type":"EntryPoint","urlTemplate":"https:\/\/dinn.ucsc.cl\/?s={search_term_string}"},"query-input":"required name=search_term_string"}],"inLanguage":"es"},{"@type":"ImageObject","inLanguage":"es","@id":"https:\/\/dinn.ucsc.cl\/index.php\/carta-de-menu-infantil-y-recetario-de-productos-del-mar\/#primaryimage","url":"https:\/\/sitios.ucsc.cl\/ott\/wp-content\/uploads\/sites\/15\/2022\/06\/OTT_DDA_18_HEADER.png","contentUrl":"https:\/\/sitios.ucsc.cl\/ott\/wp-content\/uploads\/sites\/15\/2022\/06\/OTT_DDA_18_HEADER.png"},{"@type":"WebPage","@id":"https:\/\/dinn.ucsc.cl\/index.php\/carta-de-menu-infantil-y-recetario-de-productos-del-mar\/#webpage","url":"https:\/\/dinn.ucsc.cl\/index.php\/carta-de-menu-infantil-y-recetario-de-productos-del-mar\/","name":"Carta de men\u00fa infantil y recetario de productos del mar -","isPartOf":{"@id":"https:\/\/dinn.ucsc.cl\/#website"},"primaryImageOfPage":{"@id":"https:\/\/dinn.ucsc.cl\/index.php\/carta-de-menu-infantil-y-recetario-de-productos-del-mar\/#primaryimage"},"datePublished":"2022-11-23T21:04:39+00:00","dateModified":"2022-12-01T13:42:03+00:00","breadcrumb":{"@id":"https:\/\/dinn.ucsc.cl\/index.php\/carta-de-menu-infantil-y-recetario-de-productos-del-mar\/#breadcrumb"},"inLanguage":"es","potentialAction":[{"@type":"ReadAction","target":["https:\/\/dinn.ucsc.cl\/index.php\/carta-de-menu-infantil-y-recetario-de-productos-del-mar\/"]}]},{"@type":"BreadcrumbList","@id":"https:\/\/dinn.ucsc.cl\/index.php\/carta-de-menu-infantil-y-recetario-de-productos-del-mar\/#breadcrumb","itemListElement":[{"@type":"ListItem","position":1,"name":"Inicio","item":"https:\/\/dinn.ucsc.cl\/"},{"@type":"ListItem","position":2,"name":"Carta de men\u00fa infantil y recetario de productos del mar"}]}]}},"_links":{"self":[{"href":"https:\/\/dinn.ucsc.cl\/index.php\/wp-json\/wp\/v2\/pages\/4159"}],"collection":[{"href":"https:\/\/dinn.ucsc.cl\/index.php\/wp-json\/wp\/v2\/pages"}],"about":[{"href":"https:\/\/dinn.ucsc.cl\/index.php\/wp-json\/wp\/v2\/types\/page"}],"author":[{"embeddable":true,"href":"https:\/\/dinn.ucsc.cl\/index.php\/wp-json\/wp\/v2\/users\/84"}],"replies":[{"embeddable":true,"href":"https:\/\/dinn.ucsc.cl\/index.php\/wp-json\/wp\/v2\/comments?post=4159"}],"version-history":[{"count":2,"href":"https:\/\/dinn.ucsc.cl\/index.php\/wp-json\/wp\/v2\/pages\/4159\/revisions"}],"predecessor-version":[{"id":4399,"href":"https:\/\/dinn.ucsc.cl\/index.php\/wp-json\/wp\/v2\/pages\/4159\/revisions\/4399"}],"wp:attachment":[{"href":"https:\/\/dinn.ucsc.cl\/index.php\/wp-json\/wp\/v2\/media?parent=4159"}],"curies":[{"name":"wp","href":"https:\/\/api.w.org\/{rel}","templated":true}]}}