{"id":4163,"date":"2022-11-23T18:06:32","date_gmt":"2022-11-23T21:06:32","guid":{"rendered":"https:\/\/dinn.ucsc.cl\/?page_id=4163"},"modified":"2022-12-01T10:42:56","modified_gmt":"2022-12-01T13:42:56","slug":"escala-competencia-trabajo-en-equipo-ecte","status":"publish","type":"page","link":"https:\/\/dinn.ucsc.cl\/index.php\/escala-competencia-trabajo-en-equipo-ecte\/","title":{"rendered":"Escala Competencia Trabajo en Equipo (ECTE)"},"content":{"rendered":"<table class=\" alignleft\">\n<tbody>\n<tr>\n<td style=\"width: 741px\" colspan=\"4\"><img loading=\"lazy\" class=\"aligncenter wp-image-2374 \" src=\"https:\/\/sitios.ucsc.cl\/ott\/wp-content\/uploads\/sites\/15\/2022\/06\/OTT_DDA_20_HEADER.png\" alt=\"\" width=\"762\" height=\"156\" \/><\/td>\n<\/tr>\n<tr>\n<td style=\"width: 69px\"><\/td>\n<td style=\"width: 70px\"><img loading=\"lazy\" class=\"aligncenter wp-image-2175 size-full\" src=\"https:\/\/sitios.ucsc.cl\/ott\/wp-content\/uploads\/sites\/15\/2022\/06\/OTT_DDA_1.png\" alt=\"\" width=\"50\" height=\"50\" \/><\/td>\n<td style=\"width: 599px\">\n<h3>Tecnolog\u00eda desarrollada<\/h3>\n<\/td>\n<td style=\"width: 3px\">\n<h3><\/h3>\n<\/td>\n<\/tr>\n<tr>\n<td style=\"width: 69px\"><\/td>\n<td style=\"width: 70px\"><\/td>\n<td style=\"width: 599px\">Se dise\u00f1\u00f3 una escala de auto reporte teniendo como base la identificaci\u00f3n de dimensiones como componentes de la competencia La escala competencia trabajo en equipo (ECTE) permite evaluar diferentes dimensiones de la competencia para trabajar en equipo gen\u00e9rica, es decir, aspectos que pueden ser formados en educaci\u00f3n superior y que puedan ser transferibles de manera individual de un equipo a otro.<\/td>\n<td style=\"width: 3px\">\n<h3><\/h3>\n<\/td>\n<\/tr>\n<tr>\n<td style=\"width: 69px\"><\/td>\n<td style=\"width: 70px\"><img loading=\"lazy\" class=\"aligncenter wp-image-2176 size-full\" src=\"https:\/\/sitios.ucsc.cl\/ott\/wp-content\/uploads\/sites\/15\/2022\/06\/OTT_DDA_2.png\" alt=\"\" width=\"50\" height=\"50\" \/><\/td>\n<td style=\"width: 599px\">\n<h3>Beneficios \/ Ventajas<\/h3>\n<\/td>\n<td style=\"width: 3px\"><\/td>\n<\/tr>\n<tr>\n<td style=\"width: 69px\"><\/td>\n<td style=\"width: 70px\"><\/td>\n<td style=\"width: 599px\">\u2022 Aporta datos para evaluar y mejorar los planes de formaci\u00f3n.<br \/>\n\u2022 Considera 9 dimensiones: eficacia colectiva, orientaci\u00f3n al aprendizaje, establecimiento de objetivos grupales, planificaci\u00f3n y coordinaci\u00f3n, intercambio de informaci\u00f3n, gesti\u00f3n de conflictos, resoluci\u00f3n de problemas, supervisi\u00f3n del rendimiento, y comportamiento compensatorio.<\/td>\n<td style=\"width: 3px\"><\/td>\n<\/tr>\n<tr>\n<td style=\"width: 69px\"><\/td>\n<td style=\"width: 70px\"><img loading=\"lazy\" class=\"aligncenter wp-image-2177 size-full\" src=\"https:\/\/sitios.ucsc.cl\/ott\/wp-content\/uploads\/sites\/15\/2022\/06\/OTT_DDA_3.png\" alt=\"\" width=\"50\" height=\"50\" \/><\/td>\n<td style=\"width: 599px\">\n<h3>Usos \/ Aplicaciones<\/h3>\n<\/td>\n<td style=\"width: 3px\"><\/td>\n<\/tr>\n<tr>\n<td style=\"width: 69px\"><\/td>\n<td style=\"width: 70px\"><\/td>\n<td style=\"width: 599px\">Permite evaluar con un procedimiento sencillo la competencia para el trabajo en equipo de los diferentes agentes implicados en las escuelas de negocios y en la gesti\u00f3n empresarial, lo que permitir\u00e1 diagnosticar la competencia para el trabajo en equipo antes de iniciar la formaci\u00f3n espec\u00edfica. Evaluar la competencia para el trabajo en equipo de los estudiantes y su progreso a lo largo de los estudios, identificando las \u00e1reas urgentes de mejora en cada nivel del curso de formaci\u00f3n, evaluar y valorar la competencia para el trabajo en equipo de los empleados de diferentes empresas u organizaciones.<\/td>\n<td style=\"width: 3px\"><\/td>\n<\/tr>\n<tr>\n<td style=\"width: 69px\"><\/td>\n<td style=\"width: 70px\"><img loading=\"lazy\" class=\"aligncenter wp-image-2178 size-full\" src=\"https:\/\/sitios.ucsc.cl\/ott\/wp-content\/uploads\/sites\/15\/2022\/06\/OTT_DDA_4.png\" alt=\"\" width=\"50\" height=\"50\" \/><\/td>\n<td style=\"width: 599px\">\n<h3>Oferta tecnol\u00f3gica<\/h3>\n<p>Disponible para licenciamiento.<\/td>\n<td style=\"width: 3px\"><\/td>\n<\/tr>\n<tr>\n<td style=\"width: 69px\"><\/td>\n<td style=\"width: 70px\"><img loading=\"lazy\" class=\"aligncenter wp-image-2179 size-full\" src=\"https:\/\/sitios.ucsc.cl\/ott\/wp-content\/uploads\/sites\/15\/2022\/06\/OTT_DDA_5.png\" alt=\"\" width=\"50\" height=\"50\" \/><\/td>\n<td style=\"width: 599px\">\n<h3>Propiedad intelectual<\/h3>\n<p>Registro Derecho de Autor: N\u00b0 2020-A-6276<\/td>\n<td style=\"width: 3px\"><\/td>\n<\/tr>\n<tr>\n<td style=\"width: 69px\"><\/td>\n<td style=\"width: 70px\"><img loading=\"lazy\" class=\"aligncenter wp-image-2180 size-full\" src=\"https:\/\/sitios.ucsc.cl\/ott\/wp-content\/uploads\/sites\/15\/2022\/06\/OTT_DDA_6.png\" alt=\"\" width=\"50\" height=\"50\" \/><\/td>\n<td style=\"width: 599px\">\n<h3>Investigador principal<\/h3>\n<p>Dra. Melany Hebles, Facultad de Ciencias Econ\u00f3micas y Administrativas.<\/td>\n<td style=\"width: 3px\"><\/td>\n<\/tr>\n<tr>\n<td style=\"width: 69px\"><\/td>\n<td style=\"width: 669px\" colspan=\"2\">&nbsp;<\/p>\n<p>&nbsp;<\/p>\n<p><a href=\"https:\/\/sitios.ucsc.cl\/ott\/wp-content\/uploads\/sites\/15\/2022\/06\/OTT_DDA_20.pdf\"><img loading=\"lazy\" class=\"aligncenter wp-image-2220 size-medium\" src=\"https:\/\/sitios.ucsc.cl\/ott\/wp-content\/uploads\/sites\/15\/2022\/06\/Bot\u00f3n-descarga-300x61.png\" alt=\"\" width=\"300\" height=\"61\" \/><\/a><\/p>\n<p>&nbsp;<\/p>\n<p>&nbsp;<\/td>\n<td style=\"width: 3px\"><\/td>\n<\/tr>\n<\/tbody>\n<\/table>\n","protected":false},"excerpt":{"rendered":"<p>Tecnolog\u00eda desarrollada Se dise\u00f1\u00f3 una escala de auto reporte teniendo como base la identificaci\u00f3n de dimensiones como componentes de la competencia La escala competencia trabajo en equipo (ECTE) permite evaluar diferentes dimensiones de la competencia para trabajar en equipo gen\u00e9rica, es decir, aspectos que pueden ser formados en educaci\u00f3n superior y que puedan ser transferibles [&hellip;]<\/p>\n","protected":false},"author":84,"featured_media":0,"parent":0,"menu_order":0,"comment_status":"closed","ping_status":"closed","template":"","meta":[],"yoast_head":"<!-- This site is optimized with the Yoast SEO plugin v18.9 - https:\/\/yoast.com\/wordpress\/plugins\/seo\/ -->\n<title>Escala Competencia Trabajo en Equipo (ECTE) -<\/title>\n<meta name=\"robots\" content=\"index, follow, max-snippet:-1, max-image-preview:large, max-video-preview:-1\" \/>\n<link rel=\"canonical\" href=\"https:\/\/dinn.ucsc.cl\/index.php\/escala-competencia-trabajo-en-equipo-ecte\/\" \/>\n<meta property=\"og:locale\" content=\"es_ES\" \/>\n<meta property=\"og:type\" content=\"article\" \/>\n<meta property=\"og:title\" content=\"Escala Competencia Trabajo en Equipo (ECTE) -\" \/>\n<meta property=\"og:description\" content=\"Tecnolog\u00eda desarrollada Se dise\u00f1\u00f3 una escala de auto reporte teniendo como base la identificaci\u00f3n de dimensiones como componentes de la competencia La escala competencia trabajo en equipo (ECTE) permite evaluar diferentes dimensiones de la competencia para trabajar en equipo gen\u00e9rica, es decir, aspectos que pueden ser formados en educaci\u00f3n superior y que puedan ser transferibles [&hellip;]\" \/>\n<meta property=\"og:url\" content=\"https:\/\/dinn.ucsc.cl\/index.php\/escala-competencia-trabajo-en-equipo-ecte\/\" \/>\n<meta property=\"article:publisher\" content=\"https:\/\/m.facebook.com\/DINNUCSC\" \/>\n<meta property=\"article:modified_time\" content=\"2022-12-01T13:42:56+00:00\" \/>\n<meta property=\"og:image\" content=\"https:\/\/sitios.ucsc.cl\/ott\/wp-content\/uploads\/sites\/15\/2022\/06\/OTT_DDA_20_HEADER.png\" \/>\n<meta name=\"twitter:card\" content=\"summary\" \/>\n<meta name=\"twitter:site\" content=\"@dinn_ucsc\" \/>\n<meta name=\"twitter:label1\" content=\"Tiempo de lectura\" \/>\n\t<meta name=\"twitter:data1\" content=\"1 minuto\" \/>\n<script type=\"application\/ld+json\" class=\"yoast-schema-graph\">{\"@context\":\"https:\/\/schema.org\",\"@graph\":[{\"@type\":\"WebSite\",\"@id\":\"https:\/\/dinn.ucsc.cl\/#website\",\"url\":\"https:\/\/dinn.ucsc.cl\/\",\"name\":\"Direcci\u00f3n de Innovaci\u00f3n UCSC\",\"description\":\"Direcci\u00f3n de Innovaci\u00f3n\",\"potentialAction\":[{\"@type\":\"SearchAction\",\"target\":{\"@type\":\"EntryPoint\",\"urlTemplate\":\"https:\/\/dinn.ucsc.cl\/?s={search_term_string}\"},\"query-input\":\"required name=search_term_string\"}],\"inLanguage\":\"es\"},{\"@type\":\"ImageObject\",\"inLanguage\":\"es\",\"@id\":\"https:\/\/dinn.ucsc.cl\/index.php\/escala-competencia-trabajo-en-equipo-ecte\/#primaryimage\",\"url\":\"https:\/\/sitios.ucsc.cl\/ott\/wp-content\/uploads\/sites\/15\/2022\/06\/OTT_DDA_20_HEADER.png\",\"contentUrl\":\"https:\/\/sitios.ucsc.cl\/ott\/wp-content\/uploads\/sites\/15\/2022\/06\/OTT_DDA_20_HEADER.png\"},{\"@type\":\"WebPage\",\"@id\":\"https:\/\/dinn.ucsc.cl\/index.php\/escala-competencia-trabajo-en-equipo-ecte\/#webpage\",\"url\":\"https:\/\/dinn.ucsc.cl\/index.php\/escala-competencia-trabajo-en-equipo-ecte\/\",\"name\":\"Escala Competencia Trabajo en Equipo (ECTE) -\",\"isPartOf\":{\"@id\":\"https:\/\/dinn.ucsc.cl\/#website\"},\"primaryImageOfPage\":{\"@id\":\"https:\/\/dinn.ucsc.cl\/index.php\/escala-competencia-trabajo-en-equipo-ecte\/#primaryimage\"},\"datePublished\":\"2022-11-23T21:06:32+00:00\",\"dateModified\":\"2022-12-01T13:42:56+00:00\",\"breadcrumb\":{\"@id\":\"https:\/\/dinn.ucsc.cl\/index.php\/escala-competencia-trabajo-en-equipo-ecte\/#breadcrumb\"},\"inLanguage\":\"es\",\"potentialAction\":[{\"@type\":\"ReadAction\",\"target\":[\"https:\/\/dinn.ucsc.cl\/index.php\/escala-competencia-trabajo-en-equipo-ecte\/\"]}]},{\"@type\":\"BreadcrumbList\",\"@id\":\"https:\/\/dinn.ucsc.cl\/index.php\/escala-competencia-trabajo-en-equipo-ecte\/#breadcrumb\",\"itemListElement\":[{\"@type\":\"ListItem\",\"position\":1,\"name\":\"Inicio\",\"item\":\"https:\/\/dinn.ucsc.cl\/\"},{\"@type\":\"ListItem\",\"position\":2,\"name\":\"Escala Competencia Trabajo en Equipo (ECTE)\"}]}]}<\/script>\n<!-- \/ Yoast SEO plugin. -->","yoast_head_json":{"title":"Escala Competencia Trabajo en Equipo (ECTE) -","robots":{"index":"index","follow":"follow","max-snippet":"max-snippet:-1","max-image-preview":"max-image-preview:large","max-video-preview":"max-video-preview:-1"},"canonical":"https:\/\/dinn.ucsc.cl\/index.php\/escala-competencia-trabajo-en-equipo-ecte\/","og_locale":"es_ES","og_type":"article","og_title":"Escala Competencia Trabajo en Equipo (ECTE) -","og_description":"Tecnolog\u00eda desarrollada Se dise\u00f1\u00f3 una escala de auto reporte teniendo como base la identificaci\u00f3n de dimensiones como componentes de la competencia La escala competencia trabajo en equipo (ECTE) permite evaluar diferentes dimensiones de la competencia para trabajar en equipo gen\u00e9rica, es decir, aspectos que pueden ser formados en educaci\u00f3n superior y que puedan ser transferibles [&hellip;]","og_url":"https:\/\/dinn.ucsc.cl\/index.php\/escala-competencia-trabajo-en-equipo-ecte\/","article_publisher":"https:\/\/m.facebook.com\/DINNUCSC","article_modified_time":"2022-12-01T13:42:56+00:00","og_image":[{"url":"https:\/\/sitios.ucsc.cl\/ott\/wp-content\/uploads\/sites\/15\/2022\/06\/OTT_DDA_20_HEADER.png"}],"twitter_card":"summary","twitter_site":"@dinn_ucsc","twitter_misc":{"Tiempo de lectura":"1 minuto"},"schema":{"@context":"https:\/\/schema.org","@graph":[{"@type":"WebSite","@id":"https:\/\/dinn.ucsc.cl\/#website","url":"https:\/\/dinn.ucsc.cl\/","name":"Direcci\u00f3n de Innovaci\u00f3n UCSC","description":"Direcci\u00f3n de Innovaci\u00f3n","potentialAction":[{"@type":"SearchAction","target":{"@type":"EntryPoint","urlTemplate":"https:\/\/dinn.ucsc.cl\/?s={search_term_string}"},"query-input":"required name=search_term_string"}],"inLanguage":"es"},{"@type":"ImageObject","inLanguage":"es","@id":"https:\/\/dinn.ucsc.cl\/index.php\/escala-competencia-trabajo-en-equipo-ecte\/#primaryimage","url":"https:\/\/sitios.ucsc.cl\/ott\/wp-content\/uploads\/sites\/15\/2022\/06\/OTT_DDA_20_HEADER.png","contentUrl":"https:\/\/sitios.ucsc.cl\/ott\/wp-content\/uploads\/sites\/15\/2022\/06\/OTT_DDA_20_HEADER.png"},{"@type":"WebPage","@id":"https:\/\/dinn.ucsc.cl\/index.php\/escala-competencia-trabajo-en-equipo-ecte\/#webpage","url":"https:\/\/dinn.ucsc.cl\/index.php\/escala-competencia-trabajo-en-equipo-ecte\/","name":"Escala Competencia Trabajo en Equipo (ECTE) -","isPartOf":{"@id":"https:\/\/dinn.ucsc.cl\/#website"},"primaryImageOfPage":{"@id":"https:\/\/dinn.ucsc.cl\/index.php\/escala-competencia-trabajo-en-equipo-ecte\/#primaryimage"},"datePublished":"2022-11-23T21:06:32+00:00","dateModified":"2022-12-01T13:42:56+00:00","breadcrumb":{"@id":"https:\/\/dinn.ucsc.cl\/index.php\/escala-competencia-trabajo-en-equipo-ecte\/#breadcrumb"},"inLanguage":"es","potentialAction":[{"@type":"ReadAction","target":["https:\/\/dinn.ucsc.cl\/index.php\/escala-competencia-trabajo-en-equipo-ecte\/"]}]},{"@type":"BreadcrumbList","@id":"https:\/\/dinn.ucsc.cl\/index.php\/escala-competencia-trabajo-en-equipo-ecte\/#breadcrumb","itemListElement":[{"@type":"ListItem","position":1,"name":"Inicio","item":"https:\/\/dinn.ucsc.cl\/"},{"@type":"ListItem","position":2,"name":"Escala Competencia Trabajo en Equipo (ECTE)"}]}]}},"_links":{"self":[{"href":"https:\/\/dinn.ucsc.cl\/index.php\/wp-json\/wp\/v2\/pages\/4163"}],"collection":[{"href":"https:\/\/dinn.ucsc.cl\/index.php\/wp-json\/wp\/v2\/pages"}],"about":[{"href":"https:\/\/dinn.ucsc.cl\/index.php\/wp-json\/wp\/v2\/types\/page"}],"author":[{"embeddable":true,"href":"https:\/\/dinn.ucsc.cl\/index.php\/wp-json\/wp\/v2\/users\/84"}],"replies":[{"embeddable":true,"href":"https:\/\/dinn.ucsc.cl\/index.php\/wp-json\/wp\/v2\/comments?post=4163"}],"version-history":[{"count":2,"href":"https:\/\/dinn.ucsc.cl\/index.php\/wp-json\/wp\/v2\/pages\/4163\/revisions"}],"predecessor-version":[{"id":4401,"href":"https:\/\/dinn.ucsc.cl\/index.php\/wp-json\/wp\/v2\/pages\/4163\/revisions\/4401"}],"wp:attachment":[{"href":"https:\/\/dinn.ucsc.cl\/index.php\/wp-json\/wp\/v2\/media?parent=4163"}],"curies":[{"name":"wp","href":"https:\/\/api.w.org\/{rel}","templated":true}]}}