{"id":4165,"date":"2022-11-23T18:07:23","date_gmt":"2022-11-23T21:07:23","guid":{"rendered":"https:\/\/dinn.ucsc.cl\/?page_id=4165"},"modified":"2022-12-01T10:43:14","modified_gmt":"2022-12-01T13:43:14","slug":"manual-para-la-transferencia-tecnologica-a-pescadores-artesanales-interesados-en-el-repoblamiento-de-recursos-marinos","status":"publish","type":"page","link":"https:\/\/dinn.ucsc.cl\/index.php\/manual-para-la-transferencia-tecnologica-a-pescadores-artesanales-interesados-en-el-repoblamiento-de-recursos-marinos\/","title":{"rendered":"Manual para la transferencia tecnol\u00f3gica a pescadores artesanales interesados en el repoblamiento de recursos marinos."},"content":{"rendered":"<table class=\" alignleft\">\n<tbody>\n<tr>\n<td style=\"width: 741px\" colspan=\"4\"><img loading=\"lazy\" class=\"aligncenter wp-image-2379 \" src=\"https:\/\/sitios.ucsc.cl\/ott\/wp-content\/uploads\/sites\/15\/2022\/06\/OTT_DDA_21_HEADER.png\" alt=\"\" width=\"771\" height=\"157\" \/><\/td>\n<\/tr>\n<tr>\n<td style=\"width: 66px\"><\/td>\n<td style=\"width: 64px\"><img loading=\"lazy\" class=\"aligncenter wp-image-2175 size-full\" src=\"https:\/\/sitios.ucsc.cl\/ott\/wp-content\/uploads\/sites\/15\/2022\/06\/OTT_DDA_1.png\" alt=\"\" width=\"50\" height=\"50\" \/><\/td>\n<td style=\"width: 608px\">\n<h3>Tecnolog\u00eda desarrollada<\/h3>\n<\/td>\n<td style=\"width: 3px\">\n<h3><\/h3>\n<\/td>\n<\/tr>\n<tr>\n<td style=\"width: 66px\"><\/td>\n<td style=\"width: 64px\"><\/td>\n<td style=\"width: 608px\">El manual est\u00e1 orientado a profesionales a cargo de programas de transferencia tecnol\u00f3gica y presenta tanto la descripci\u00f3n de las diferentes etapas del proceso de transferencia como las herramientas de planificaci\u00f3n y evaluaci\u00f3n del proceso. De esta forma, los profesionales a cargo contar\u00e1n con los elementos necesarios para poder dise\u00f1ar, planificar y evaluar el proceso de adquisici\u00f3n progresiva de las competencias te\u00f3ricas y pr\u00e1cticas que permitan eventualmente la aplicaci\u00f3n apropiada de las tecnolog\u00edas de repoblamiento, por parte de los beneficiarios finales.<\/td>\n<td style=\"width: 3px\">\n<h3><\/h3>\n<\/td>\n<\/tr>\n<tr>\n<td style=\"width: 66px\"><\/td>\n<td style=\"width: 64px\"><img loading=\"lazy\" class=\"aligncenter wp-image-2176 size-full\" src=\"https:\/\/sitios.ucsc.cl\/ott\/wp-content\/uploads\/sites\/15\/2022\/06\/OTT_DDA_2.png\" alt=\"\" width=\"50\" height=\"50\" \/><\/td>\n<td style=\"width: 608px\">\n<h3>Beneficios \/ Ventajas<\/h3>\n<\/td>\n<td style=\"width: 3px\"><\/td>\n<\/tr>\n<tr>\n<td style=\"width: 66px\"><\/td>\n<td style=\"width: 64px\"><\/td>\n<td style=\"width: 608px\">\u2022 El manual est\u00e1 orientado a profesionales que dise\u00f1en, planifiquen y eval\u00faen el proceso de adquisici\u00f3n progresiva de las competencias te\u00f3ricas y pr\u00e1cticas que permitan eventualmente la aplicaci\u00f3n apropiada de las tecnolog\u00edas de repoblamiento de recursos marinos.<\/td>\n<td style=\"width: 3px\"><\/td>\n<\/tr>\n<tr>\n<td style=\"width: 66px\"><\/td>\n<td style=\"width: 64px\"><img loading=\"lazy\" class=\"aligncenter wp-image-2177 size-full\" src=\"https:\/\/sitios.ucsc.cl\/ott\/wp-content\/uploads\/sites\/15\/2022\/06\/OTT_DDA_3.png\" alt=\"\" width=\"50\" height=\"50\" \/><\/td>\n<td style=\"width: 608px\">\n<h3>Usos \/ Aplicaciones<\/h3>\n<\/td>\n<td style=\"width: 3px\"><\/td>\n<\/tr>\n<tr>\n<td style=\"width: 66px\"><\/td>\n<td style=\"width: 64px\"><\/td>\n<td style=\"width: 608px\">Este instrumento permite disponer de un manual que contenga las t\u00e9cnicas educativas y comunicacionales para la formaci\u00f3n de capacidades emprendedoras en pescadores interesados en el repoblamiento de recursos marinos en sus \u00e1reas de manejo, es un avance hacia la sustentabilidad de la explotaci\u00f3n de muchos organismos marinos que durante la \u00faltima d\u00e9cada han sido extra\u00eddos con poca planificaci\u00f3n.<\/td>\n<td style=\"width: 3px\"><\/td>\n<\/tr>\n<tr>\n<td style=\"width: 66px\"><\/td>\n<td style=\"width: 64px\"><img loading=\"lazy\" class=\"aligncenter wp-image-2178 size-full\" src=\"https:\/\/sitios.ucsc.cl\/ott\/wp-content\/uploads\/sites\/15\/2022\/06\/OTT_DDA_4.png\" alt=\"\" width=\"50\" height=\"50\" \/><\/td>\n<td style=\"width: 608px\">\n<h3>Oferta tecnol\u00f3gica<\/h3>\n<p>Disponible para licenciamiento.<\/td>\n<td style=\"width: 3px\"><\/td>\n<\/tr>\n<tr>\n<td style=\"width: 66px\"><\/td>\n<td style=\"width: 64px\"><img loading=\"lazy\" class=\"aligncenter wp-image-2179 size-full\" src=\"https:\/\/sitios.ucsc.cl\/ott\/wp-content\/uploads\/sites\/15\/2022\/06\/OTT_DDA_5.png\" alt=\"\" width=\"50\" height=\"50\" \/><\/td>\n<td style=\"width: 608px\">\n<h3>Propiedad intelectual<\/h3>\n<p>Registro Derecho de Autor: N\u00b0 256.254<\/td>\n<td style=\"width: 3px\"><\/td>\n<\/tr>\n<tr>\n<td style=\"width: 66px\"><\/td>\n<td style=\"width: 64px\"><img loading=\"lazy\" class=\"aligncenter wp-image-2180 size-full\" src=\"https:\/\/sitios.ucsc.cl\/ott\/wp-content\/uploads\/sites\/15\/2022\/06\/OTT_DDA_6.png\" alt=\"\" width=\"50\" height=\"50\" \/><\/td>\n<td style=\"width: 608px\">\n<h3>Investigador principal<\/h3>\n<\/td>\n<td style=\"width: 3px\"><\/td>\n<\/tr>\n<tr>\n<td style=\"width: 66px\"><\/td>\n<td style=\"width: 64px\"><\/td>\n<td style=\"width: 608px\">Ricardo D. Ota\u00edza, Departamento de Ecolog\u00eda, Facultad de Ciencias, Universidad Cat\u00f3lica de la Sant\u00edsima Concepci\u00f3n.<br \/>\nJuli\u00e1n H. C\u00e1ceres, Centro de Investigaci\u00f3n e Innovaci\u00f3n para el Cambio Clim\u00e1tico (CiiCC), Universidad Santo Tom\u00e1s.<br \/>\nCamila Huerta, Centro de Investigaci\u00f3n e Innovaci\u00f3n para el Cambio Clim\u00e1tico (CiiCC), Universidad Santo Tom\u00e1s.<br \/>\nFabio Labra, Centro de Investigaci\u00f3n e Innovaci\u00f3n para el Cambio Clim\u00e1tico (CiiCC), Universidad Santo Tom\u00e1s.<\/td>\n<td style=\"width: 3px\"><\/td>\n<\/tr>\n<tr>\n<td style=\"width: 66px\"><\/td>\n<td style=\"width: 672px\" colspan=\"2\">&nbsp;<\/p>\n<p>&nbsp;<\/p>\n<p><a href=\"https:\/\/sitios.ucsc.cl\/ott\/wp-content\/uploads\/sites\/15\/2022\/06\/OTT_DDA_21.pdf\"><img loading=\"lazy\" class=\"aligncenter wp-image-2220 size-medium\" src=\"https:\/\/sitios.ucsc.cl\/ott\/wp-content\/uploads\/sites\/15\/2022\/06\/Bot\u00f3n-descarga-300x61.png\" alt=\"\" width=\"300\" height=\"61\" \/><\/a><\/p>\n<p>&nbsp;<\/p>\n<p>&nbsp;<\/td>\n<td style=\"width: 3px\"><\/td>\n<\/tr>\n<\/tbody>\n<\/table>\n","protected":false},"excerpt":{"rendered":"<p>Tecnolog\u00eda desarrollada El manual est\u00e1 orientado a profesionales a cargo de programas de transferencia tecnol\u00f3gica y presenta tanto la descripci\u00f3n de las diferentes etapas del proceso de transferencia como las herramientas de planificaci\u00f3n y evaluaci\u00f3n del proceso. De esta forma, los profesionales a cargo contar\u00e1n con los elementos necesarios para poder dise\u00f1ar, planificar y evaluar [&hellip;]<\/p>\n","protected":false},"author":84,"featured_media":0,"parent":0,"menu_order":0,"comment_status":"closed","ping_status":"closed","template":"","meta":[],"yoast_head":"<!-- This site is optimized with the Yoast SEO plugin v18.9 - https:\/\/yoast.com\/wordpress\/plugins\/seo\/ -->\n<title>Manual para la transferencia tecnol\u00f3gica a pescadores artesanales interesados en el repoblamiento de recursos marinos. -<\/title>\n<meta name=\"robots\" content=\"index, follow, max-snippet:-1, max-image-preview:large, max-video-preview:-1\" \/>\n<link rel=\"canonical\" href=\"https:\/\/dinn.ucsc.cl\/index.php\/manual-para-la-transferencia-tecnologica-a-pescadores-artesanales-interesados-en-el-repoblamiento-de-recursos-marinos\/\" \/>\n<meta property=\"og:locale\" content=\"es_ES\" \/>\n<meta property=\"og:type\" content=\"article\" \/>\n<meta property=\"og:title\" content=\"Manual para la transferencia tecnol\u00f3gica a pescadores artesanales interesados en el repoblamiento de recursos marinos. -\" \/>\n<meta property=\"og:description\" content=\"Tecnolog\u00eda desarrollada El manual est\u00e1 orientado a profesionales a cargo de programas de transferencia tecnol\u00f3gica y presenta tanto la descripci\u00f3n de las diferentes etapas del proceso de transferencia como las herramientas de planificaci\u00f3n y evaluaci\u00f3n del proceso. De esta forma, los profesionales a cargo contar\u00e1n con los elementos necesarios para poder dise\u00f1ar, planificar y evaluar [&hellip;]\" \/>\n<meta property=\"og:url\" content=\"https:\/\/dinn.ucsc.cl\/index.php\/manual-para-la-transferencia-tecnologica-a-pescadores-artesanales-interesados-en-el-repoblamiento-de-recursos-marinos\/\" \/>\n<meta property=\"article:publisher\" content=\"https:\/\/m.facebook.com\/DINNUCSC\" \/>\n<meta property=\"article:modified_time\" content=\"2022-12-01T13:43:14+00:00\" \/>\n<meta property=\"og:image\" content=\"https:\/\/sitios.ucsc.cl\/ott\/wp-content\/uploads\/sites\/15\/2022\/06\/OTT_DDA_21_HEADER.png\" \/>\n<meta name=\"twitter:card\" content=\"summary\" \/>\n<meta name=\"twitter:site\" content=\"@dinn_ucsc\" \/>\n<meta name=\"twitter:label1\" content=\"Tiempo de lectura\" \/>\n\t<meta name=\"twitter:data1\" content=\"2 minutos\" \/>\n<script type=\"application\/ld+json\" class=\"yoast-schema-graph\">{\"@context\":\"https:\/\/schema.org\",\"@graph\":[{\"@type\":\"WebSite\",\"@id\":\"https:\/\/dinn.ucsc.cl\/#website\",\"url\":\"https:\/\/dinn.ucsc.cl\/\",\"name\":\"Direcci\u00f3n de Innovaci\u00f3n UCSC\",\"description\":\"Direcci\u00f3n de Innovaci\u00f3n\",\"potentialAction\":[{\"@type\":\"SearchAction\",\"target\":{\"@type\":\"EntryPoint\",\"urlTemplate\":\"https:\/\/dinn.ucsc.cl\/?s={search_term_string}\"},\"query-input\":\"required name=search_term_string\"}],\"inLanguage\":\"es\"},{\"@type\":\"ImageObject\",\"inLanguage\":\"es\",\"@id\":\"https:\/\/dinn.ucsc.cl\/index.php\/manual-para-la-transferencia-tecnologica-a-pescadores-artesanales-interesados-en-el-repoblamiento-de-recursos-marinos\/#primaryimage\",\"url\":\"https:\/\/sitios.ucsc.cl\/ott\/wp-content\/uploads\/sites\/15\/2022\/06\/OTT_DDA_21_HEADER.png\",\"contentUrl\":\"https:\/\/sitios.ucsc.cl\/ott\/wp-content\/uploads\/sites\/15\/2022\/06\/OTT_DDA_21_HEADER.png\"},{\"@type\":\"WebPage\",\"@id\":\"https:\/\/dinn.ucsc.cl\/index.php\/manual-para-la-transferencia-tecnologica-a-pescadores-artesanales-interesados-en-el-repoblamiento-de-recursos-marinos\/#webpage\",\"url\":\"https:\/\/dinn.ucsc.cl\/index.php\/manual-para-la-transferencia-tecnologica-a-pescadores-artesanales-interesados-en-el-repoblamiento-de-recursos-marinos\/\",\"name\":\"Manual para la transferencia tecnol\u00f3gica a pescadores artesanales interesados en el repoblamiento de recursos marinos. -\",\"isPartOf\":{\"@id\":\"https:\/\/dinn.ucsc.cl\/#website\"},\"primaryImageOfPage\":{\"@id\":\"https:\/\/dinn.ucsc.cl\/index.php\/manual-para-la-transferencia-tecnologica-a-pescadores-artesanales-interesados-en-el-repoblamiento-de-recursos-marinos\/#primaryimage\"},\"datePublished\":\"2022-11-23T21:07:23+00:00\",\"dateModified\":\"2022-12-01T13:43:14+00:00\",\"breadcrumb\":{\"@id\":\"https:\/\/dinn.ucsc.cl\/index.php\/manual-para-la-transferencia-tecnologica-a-pescadores-artesanales-interesados-en-el-repoblamiento-de-recursos-marinos\/#breadcrumb\"},\"inLanguage\":\"es\",\"potentialAction\":[{\"@type\":\"ReadAction\",\"target\":[\"https:\/\/dinn.ucsc.cl\/index.php\/manual-para-la-transferencia-tecnologica-a-pescadores-artesanales-interesados-en-el-repoblamiento-de-recursos-marinos\/\"]}]},{\"@type\":\"BreadcrumbList\",\"@id\":\"https:\/\/dinn.ucsc.cl\/index.php\/manual-para-la-transferencia-tecnologica-a-pescadores-artesanales-interesados-en-el-repoblamiento-de-recursos-marinos\/#breadcrumb\",\"itemListElement\":[{\"@type\":\"ListItem\",\"position\":1,\"name\":\"Inicio\",\"item\":\"https:\/\/dinn.ucsc.cl\/\"},{\"@type\":\"ListItem\",\"position\":2,\"name\":\"Manual para la transferencia tecnol\u00f3gica a pescadores artesanales interesados en el repoblamiento de recursos marinos.\"}]}]}<\/script>\n<!-- \/ Yoast SEO plugin. -->","yoast_head_json":{"title":"Manual para la transferencia tecnol\u00f3gica a pescadores artesanales interesados en el repoblamiento de recursos marinos. -","robots":{"index":"index","follow":"follow","max-snippet":"max-snippet:-1","max-image-preview":"max-image-preview:large","max-video-preview":"max-video-preview:-1"},"canonical":"https:\/\/dinn.ucsc.cl\/index.php\/manual-para-la-transferencia-tecnologica-a-pescadores-artesanales-interesados-en-el-repoblamiento-de-recursos-marinos\/","og_locale":"es_ES","og_type":"article","og_title":"Manual para la transferencia tecnol\u00f3gica a pescadores artesanales interesados en el repoblamiento de recursos marinos. -","og_description":"Tecnolog\u00eda desarrollada El manual est\u00e1 orientado a profesionales a cargo de programas de transferencia tecnol\u00f3gica y presenta tanto la descripci\u00f3n de las diferentes etapas del proceso de transferencia como las herramientas de planificaci\u00f3n y evaluaci\u00f3n del proceso. De esta forma, los profesionales a cargo contar\u00e1n con los elementos necesarios para poder dise\u00f1ar, planificar y evaluar [&hellip;]","og_url":"https:\/\/dinn.ucsc.cl\/index.php\/manual-para-la-transferencia-tecnologica-a-pescadores-artesanales-interesados-en-el-repoblamiento-de-recursos-marinos\/","article_publisher":"https:\/\/m.facebook.com\/DINNUCSC","article_modified_time":"2022-12-01T13:43:14+00:00","og_image":[{"url":"https:\/\/sitios.ucsc.cl\/ott\/wp-content\/uploads\/sites\/15\/2022\/06\/OTT_DDA_21_HEADER.png"}],"twitter_card":"summary","twitter_site":"@dinn_ucsc","twitter_misc":{"Tiempo de lectura":"2 minutos"},"schema":{"@context":"https:\/\/schema.org","@graph":[{"@type":"WebSite","@id":"https:\/\/dinn.ucsc.cl\/#website","url":"https:\/\/dinn.ucsc.cl\/","name":"Direcci\u00f3n de Innovaci\u00f3n UCSC","description":"Direcci\u00f3n de Innovaci\u00f3n","potentialAction":[{"@type":"SearchAction","target":{"@type":"EntryPoint","urlTemplate":"https:\/\/dinn.ucsc.cl\/?s={search_term_string}"},"query-input":"required name=search_term_string"}],"inLanguage":"es"},{"@type":"ImageObject","inLanguage":"es","@id":"https:\/\/dinn.ucsc.cl\/index.php\/manual-para-la-transferencia-tecnologica-a-pescadores-artesanales-interesados-en-el-repoblamiento-de-recursos-marinos\/#primaryimage","url":"https:\/\/sitios.ucsc.cl\/ott\/wp-content\/uploads\/sites\/15\/2022\/06\/OTT_DDA_21_HEADER.png","contentUrl":"https:\/\/sitios.ucsc.cl\/ott\/wp-content\/uploads\/sites\/15\/2022\/06\/OTT_DDA_21_HEADER.png"},{"@type":"WebPage","@id":"https:\/\/dinn.ucsc.cl\/index.php\/manual-para-la-transferencia-tecnologica-a-pescadores-artesanales-interesados-en-el-repoblamiento-de-recursos-marinos\/#webpage","url":"https:\/\/dinn.ucsc.cl\/index.php\/manual-para-la-transferencia-tecnologica-a-pescadores-artesanales-interesados-en-el-repoblamiento-de-recursos-marinos\/","name":"Manual para la transferencia tecnol\u00f3gica a pescadores artesanales interesados en el repoblamiento de recursos marinos. -","isPartOf":{"@id":"https:\/\/dinn.ucsc.cl\/#website"},"primaryImageOfPage":{"@id":"https:\/\/dinn.ucsc.cl\/index.php\/manual-para-la-transferencia-tecnologica-a-pescadores-artesanales-interesados-en-el-repoblamiento-de-recursos-marinos\/#primaryimage"},"datePublished":"2022-11-23T21:07:23+00:00","dateModified":"2022-12-01T13:43:14+00:00","breadcrumb":{"@id":"https:\/\/dinn.ucsc.cl\/index.php\/manual-para-la-transferencia-tecnologica-a-pescadores-artesanales-interesados-en-el-repoblamiento-de-recursos-marinos\/#breadcrumb"},"inLanguage":"es","potentialAction":[{"@type":"ReadAction","target":["https:\/\/dinn.ucsc.cl\/index.php\/manual-para-la-transferencia-tecnologica-a-pescadores-artesanales-interesados-en-el-repoblamiento-de-recursos-marinos\/"]}]},{"@type":"BreadcrumbList","@id":"https:\/\/dinn.ucsc.cl\/index.php\/manual-para-la-transferencia-tecnologica-a-pescadores-artesanales-interesados-en-el-repoblamiento-de-recursos-marinos\/#breadcrumb","itemListElement":[{"@type":"ListItem","position":1,"name":"Inicio","item":"https:\/\/dinn.ucsc.cl\/"},{"@type":"ListItem","position":2,"name":"Manual para la transferencia tecnol\u00f3gica a pescadores artesanales interesados en el repoblamiento de recursos marinos."}]}]}},"_links":{"self":[{"href":"https:\/\/dinn.ucsc.cl\/index.php\/wp-json\/wp\/v2\/pages\/4165"}],"collection":[{"href":"https:\/\/dinn.ucsc.cl\/index.php\/wp-json\/wp\/v2\/pages"}],"about":[{"href":"https:\/\/dinn.ucsc.cl\/index.php\/wp-json\/wp\/v2\/types\/page"}],"author":[{"embeddable":true,"href":"https:\/\/dinn.ucsc.cl\/index.php\/wp-json\/wp\/v2\/users\/84"}],"replies":[{"embeddable":true,"href":"https:\/\/dinn.ucsc.cl\/index.php\/wp-json\/wp\/v2\/comments?post=4165"}],"version-history":[{"count":2,"href":"https:\/\/dinn.ucsc.cl\/index.php\/wp-json\/wp\/v2\/pages\/4165\/revisions"}],"predecessor-version":[{"id":4402,"href":"https:\/\/dinn.ucsc.cl\/index.php\/wp-json\/wp\/v2\/pages\/4165\/revisions\/4402"}],"wp:attachment":[{"href":"https:\/\/dinn.ucsc.cl\/index.php\/wp-json\/wp\/v2\/media?parent=4165"}],"curies":[{"name":"wp","href":"https:\/\/api.w.org\/{rel}","templated":true}]}}