{"id":4171,"date":"2022-11-23T18:09:35","date_gmt":"2022-11-23T21:09:35","guid":{"rendered":"https:\/\/dinn.ucsc.cl\/?page_id=4171"},"modified":"2022-12-01T10:44:07","modified_gmt":"2022-12-01T13:44:07","slug":"modelo-intergeneracional-cv","status":"publish","type":"page","link":"https:\/\/dinn.ucsc.cl\/index.php\/modelo-intergeneracional-cv\/","title":{"rendered":"Modelo Intergeneracional CV"},"content":{"rendered":"<table class=\" alignleft\">\n<tbody>\n<tr>\n<td style=\"width: 741px\" colspan=\"4\"><img loading=\"lazy\" class=\"aligncenter wp-image-2394 \" src=\"https:\/\/sitios.ucsc.cl\/ott\/wp-content\/uploads\/sites\/15\/2022\/06\/OTT_DDA_24_HEADER.png\" alt=\"\" width=\"771\" height=\"158\" \/><\/td>\n<\/tr>\n<tr>\n<td style=\"width: 64px\"><\/td>\n<td style=\"width: 71px\"><img loading=\"lazy\" class=\"aligncenter wp-image-2175 size-full\" src=\"https:\/\/sitios.ucsc.cl\/ott\/wp-content\/uploads\/sites\/15\/2022\/06\/OTT_DDA_1.png\" alt=\"\" width=\"50\" height=\"50\" \/><\/td>\n<td style=\"width: 603px\">\n<h3>Tecnolog\u00eda desarrollada<\/h3>\n<\/td>\n<td style=\"width: 3px\">\n<h3><\/h3>\n<\/td>\n<\/tr>\n<tr>\n<td style=\"width: 64px\"><\/td>\n<td style=\"width: 71px\"><\/td>\n<td style=\"width: 603px\">La finalidad principal consiste en posibilitar reflexiones e intervenciones que generen procesos de mejora de barrios y territorios a trav\u00e9s de la creaci\u00f3n de unos escenarios sociales en los que todos los ciudadanos y ciudadanas de distintas edades puedan participar plenamente. Pretenden tambi\u00e9n poner a disposici\u00f3n de las entidades comunitarias diferentes instrumentos de promoci\u00f3n personal que les permitan establecer itinerarios de inserci\u00f3n para todas aquellas personas mayores que manifiestan dificultades para incorporarse a la sociedad de la informaci\u00f3n y del conocimiento.<\/td>\n<td style=\"width: 3px\">\n<h3><\/h3>\n<\/td>\n<\/tr>\n<tr>\n<td style=\"width: 64px\"><\/td>\n<td style=\"width: 71px\"><img loading=\"lazy\" class=\"aligncenter wp-image-2176 size-full\" src=\"https:\/\/sitios.ucsc.cl\/ott\/wp-content\/uploads\/sites\/15\/2022\/06\/OTT_DDA_2.png\" alt=\"\" width=\"50\" height=\"50\" \/><\/td>\n<td style=\"width: 603px\">\n<h3>Beneficios \/ Ventajas<\/h3>\n<\/td>\n<td style=\"width: 3px\"><\/td>\n<\/tr>\n<tr>\n<td style=\"width: 64px\"><\/td>\n<td style=\"width: 71px\"><\/td>\n<td style=\"width: 603px\">\u2022 Este modelo representa un beneficio a una comuna m\u00e1s solidaria, m\u00e1s cohesionada socialmente, m\u00e1s vertebrada y con un sentimiento de identidad de barrio, de territorio o de ciudad. Fomenta la participaci\u00f3n social, la corresponsabilidad y el compromiso de todas las personas, asociaciones y entidades en el proceso de cambio y mejora. Fomentar el tejido asociativo y la participaci\u00f3n de ni\u00f1os, ni\u00f1as y personas mayores, al mismo tiempo que se potencia la cogesti\u00f3n de los programas y proyectos de intervenci\u00f3n.<\/td>\n<td style=\"width: 3px\"><\/td>\n<\/tr>\n<tr>\n<td style=\"width: 64px\"><\/td>\n<td style=\"width: 71px\"><img loading=\"lazy\" class=\"aligncenter wp-image-2177 size-full\" src=\"https:\/\/sitios.ucsc.cl\/ott\/wp-content\/uploads\/sites\/15\/2022\/06\/OTT_DDA_3.png\" alt=\"\" width=\"50\" height=\"50\" \/><\/td>\n<td style=\"width: 603px\">\n<h3>Usos \/ Aplicaciones<\/h3>\n<p>Barrios y territorios.<\/td>\n<td style=\"width: 3px\"><\/td>\n<\/tr>\n<tr>\n<td style=\"width: 64px\"><\/td>\n<td style=\"width: 71px\"><img loading=\"lazy\" class=\"aligncenter wp-image-2178 size-full\" src=\"https:\/\/sitios.ucsc.cl\/ott\/wp-content\/uploads\/sites\/15\/2022\/06\/OTT_DDA_4.png\" alt=\"\" width=\"50\" height=\"50\" \/><\/td>\n<td style=\"width: 603px\">\n<h3>Oferta tecnol\u00f3gica<\/h3>\n<p>Disponible para licenciamiento.<\/td>\n<td style=\"width: 3px\"><\/td>\n<\/tr>\n<tr>\n<td style=\"width: 64px\"><\/td>\n<td style=\"width: 71px\"><img loading=\"lazy\" class=\"aligncenter wp-image-2179 size-full\" src=\"https:\/\/sitios.ucsc.cl\/ott\/wp-content\/uploads\/sites\/15\/2022\/06\/OTT_DDA_5.png\" alt=\"\" width=\"50\" height=\"50\" \/><\/td>\n<td style=\"width: 603px\">\n<h3>Propiedad intelectual<\/h3>\n<p>Registro Derecho de Autor: N\u00b0 2020-A-3651<\/td>\n<td style=\"width: 3px\"><\/td>\n<\/tr>\n<tr>\n<td style=\"width: 64px\"><\/td>\n<td style=\"width: 71px\"><img loading=\"lazy\" class=\"aligncenter wp-image-2180 size-full\" src=\"https:\/\/sitios.ucsc.cl\/ott\/wp-content\/uploads\/sites\/15\/2022\/06\/OTT_DDA_6.png\" alt=\"\" width=\"50\" height=\"50\" \/><\/td>\n<td style=\"width: 603px\">\n<h3>Investigador principal<\/h3>\n<p>Carolina Monsalve, Facultad de Historia y Ciencias Sociales.<br \/>\nVer\u00f3nica G\u00f3mez, Facultad de Historia y Ciencias Sociales.<\/td>\n<td style=\"width: 3px\"><\/td>\n<\/tr>\n<tr>\n<td style=\"width: 64px\"><\/td>\n<td style=\"width: 674px\" colspan=\"2\">&nbsp;<\/p>\n<p>&nbsp;<\/p>\n<p><a href=\"https:\/\/sitios.ucsc.cl\/ott\/wp-content\/uploads\/sites\/15\/2022\/06\/OTT_DDA_24.pdf\"><img loading=\"lazy\" class=\"aligncenter wp-image-2220 size-medium\" src=\"https:\/\/sitios.ucsc.cl\/ott\/wp-content\/uploads\/sites\/15\/2022\/06\/Bot\u00f3n-descarga-300x61.png\" alt=\"\" width=\"300\" height=\"61\" \/><\/a><\/p>\n<p>&nbsp;<\/p>\n<p>&nbsp;<\/td>\n<td style=\"width: 3px\"><\/td>\n<\/tr>\n<\/tbody>\n<\/table>\n","protected":false},"excerpt":{"rendered":"<p>Tecnolog\u00eda desarrollada La finalidad principal consiste en posibilitar reflexiones e intervenciones que generen procesos de mejora de barrios y territorios a trav\u00e9s de la creaci\u00f3n de unos escenarios sociales en los que todos los ciudadanos y ciudadanas de distintas edades puedan participar plenamente. Pretenden tambi\u00e9n poner a disposici\u00f3n de las entidades comunitarias diferentes instrumentos de [&hellip;]<\/p>\n","protected":false},"author":84,"featured_media":0,"parent":0,"menu_order":0,"comment_status":"closed","ping_status":"closed","template":"","meta":[],"yoast_head":"<!-- This site is optimized with the Yoast SEO plugin v18.9 - https:\/\/yoast.com\/wordpress\/plugins\/seo\/ -->\n<title>Modelo Intergeneracional CV -<\/title>\n<meta name=\"robots\" content=\"index, follow, max-snippet:-1, max-image-preview:large, max-video-preview:-1\" \/>\n<link rel=\"canonical\" href=\"https:\/\/dinn.ucsc.cl\/index.php\/modelo-intergeneracional-cv\/\" \/>\n<meta property=\"og:locale\" content=\"es_ES\" \/>\n<meta property=\"og:type\" content=\"article\" \/>\n<meta property=\"og:title\" content=\"Modelo Intergeneracional CV -\" \/>\n<meta property=\"og:description\" content=\"Tecnolog\u00eda desarrollada La finalidad principal consiste en posibilitar reflexiones e intervenciones que generen procesos de mejora de barrios y territorios a trav\u00e9s de la creaci\u00f3n de unos escenarios sociales en los que todos los ciudadanos y ciudadanas de distintas edades puedan participar plenamente. Pretenden tambi\u00e9n poner a disposici\u00f3n de las entidades comunitarias diferentes instrumentos de [&hellip;]\" \/>\n<meta property=\"og:url\" content=\"https:\/\/dinn.ucsc.cl\/index.php\/modelo-intergeneracional-cv\/\" \/>\n<meta property=\"article:publisher\" content=\"https:\/\/m.facebook.com\/DINNUCSC\" \/>\n<meta property=\"article:modified_time\" content=\"2022-12-01T13:44:07+00:00\" \/>\n<meta property=\"og:image\" content=\"https:\/\/sitios.ucsc.cl\/ott\/wp-content\/uploads\/sites\/15\/2022\/06\/OTT_DDA_24_HEADER.png\" \/>\n<meta name=\"twitter:card\" content=\"summary\" \/>\n<meta name=\"twitter:site\" content=\"@dinn_ucsc\" \/>\n<meta name=\"twitter:label1\" content=\"Tiempo de lectura\" \/>\n\t<meta name=\"twitter:data1\" content=\"1 minuto\" \/>\n<script type=\"application\/ld+json\" class=\"yoast-schema-graph\">{\"@context\":\"https:\/\/schema.org\",\"@graph\":[{\"@type\":\"WebSite\",\"@id\":\"https:\/\/dinn.ucsc.cl\/#website\",\"url\":\"https:\/\/dinn.ucsc.cl\/\",\"name\":\"Direcci\u00f3n de Innovaci\u00f3n UCSC\",\"description\":\"Direcci\u00f3n de Innovaci\u00f3n\",\"potentialAction\":[{\"@type\":\"SearchAction\",\"target\":{\"@type\":\"EntryPoint\",\"urlTemplate\":\"https:\/\/dinn.ucsc.cl\/?s={search_term_string}\"},\"query-input\":\"required name=search_term_string\"}],\"inLanguage\":\"es\"},{\"@type\":\"ImageObject\",\"inLanguage\":\"es\",\"@id\":\"https:\/\/dinn.ucsc.cl\/index.php\/modelo-intergeneracional-cv\/#primaryimage\",\"url\":\"https:\/\/sitios.ucsc.cl\/ott\/wp-content\/uploads\/sites\/15\/2022\/06\/OTT_DDA_24_HEADER.png\",\"contentUrl\":\"https:\/\/sitios.ucsc.cl\/ott\/wp-content\/uploads\/sites\/15\/2022\/06\/OTT_DDA_24_HEADER.png\"},{\"@type\":\"WebPage\",\"@id\":\"https:\/\/dinn.ucsc.cl\/index.php\/modelo-intergeneracional-cv\/#webpage\",\"url\":\"https:\/\/dinn.ucsc.cl\/index.php\/modelo-intergeneracional-cv\/\",\"name\":\"Modelo Intergeneracional CV -\",\"isPartOf\":{\"@id\":\"https:\/\/dinn.ucsc.cl\/#website\"},\"primaryImageOfPage\":{\"@id\":\"https:\/\/dinn.ucsc.cl\/index.php\/modelo-intergeneracional-cv\/#primaryimage\"},\"datePublished\":\"2022-11-23T21:09:35+00:00\",\"dateModified\":\"2022-12-01T13:44:07+00:00\",\"breadcrumb\":{\"@id\":\"https:\/\/dinn.ucsc.cl\/index.php\/modelo-intergeneracional-cv\/#breadcrumb\"},\"inLanguage\":\"es\",\"potentialAction\":[{\"@type\":\"ReadAction\",\"target\":[\"https:\/\/dinn.ucsc.cl\/index.php\/modelo-intergeneracional-cv\/\"]}]},{\"@type\":\"BreadcrumbList\",\"@id\":\"https:\/\/dinn.ucsc.cl\/index.php\/modelo-intergeneracional-cv\/#breadcrumb\",\"itemListElement\":[{\"@type\":\"ListItem\",\"position\":1,\"name\":\"Inicio\",\"item\":\"https:\/\/dinn.ucsc.cl\/\"},{\"@type\":\"ListItem\",\"position\":2,\"name\":\"Modelo Intergeneracional CV\"}]}]}<\/script>\n<!-- \/ Yoast SEO plugin. -->","yoast_head_json":{"title":"Modelo Intergeneracional CV -","robots":{"index":"index","follow":"follow","max-snippet":"max-snippet:-1","max-image-preview":"max-image-preview:large","max-video-preview":"max-video-preview:-1"},"canonical":"https:\/\/dinn.ucsc.cl\/index.php\/modelo-intergeneracional-cv\/","og_locale":"es_ES","og_type":"article","og_title":"Modelo Intergeneracional CV -","og_description":"Tecnolog\u00eda desarrollada La finalidad principal consiste en posibilitar reflexiones e intervenciones que generen procesos de mejora de barrios y territorios a trav\u00e9s de la creaci\u00f3n de unos escenarios sociales en los que todos los ciudadanos y ciudadanas de distintas edades puedan participar plenamente. Pretenden tambi\u00e9n poner a disposici\u00f3n de las entidades comunitarias diferentes instrumentos de [&hellip;]","og_url":"https:\/\/dinn.ucsc.cl\/index.php\/modelo-intergeneracional-cv\/","article_publisher":"https:\/\/m.facebook.com\/DINNUCSC","article_modified_time":"2022-12-01T13:44:07+00:00","og_image":[{"url":"https:\/\/sitios.ucsc.cl\/ott\/wp-content\/uploads\/sites\/15\/2022\/06\/OTT_DDA_24_HEADER.png"}],"twitter_card":"summary","twitter_site":"@dinn_ucsc","twitter_misc":{"Tiempo de lectura":"1 minuto"},"schema":{"@context":"https:\/\/schema.org","@graph":[{"@type":"WebSite","@id":"https:\/\/dinn.ucsc.cl\/#website","url":"https:\/\/dinn.ucsc.cl\/","name":"Direcci\u00f3n de Innovaci\u00f3n UCSC","description":"Direcci\u00f3n de Innovaci\u00f3n","potentialAction":[{"@type":"SearchAction","target":{"@type":"EntryPoint","urlTemplate":"https:\/\/dinn.ucsc.cl\/?s={search_term_string}"},"query-input":"required name=search_term_string"}],"inLanguage":"es"},{"@type":"ImageObject","inLanguage":"es","@id":"https:\/\/dinn.ucsc.cl\/index.php\/modelo-intergeneracional-cv\/#primaryimage","url":"https:\/\/sitios.ucsc.cl\/ott\/wp-content\/uploads\/sites\/15\/2022\/06\/OTT_DDA_24_HEADER.png","contentUrl":"https:\/\/sitios.ucsc.cl\/ott\/wp-content\/uploads\/sites\/15\/2022\/06\/OTT_DDA_24_HEADER.png"},{"@type":"WebPage","@id":"https:\/\/dinn.ucsc.cl\/index.php\/modelo-intergeneracional-cv\/#webpage","url":"https:\/\/dinn.ucsc.cl\/index.php\/modelo-intergeneracional-cv\/","name":"Modelo Intergeneracional CV -","isPartOf":{"@id":"https:\/\/dinn.ucsc.cl\/#website"},"primaryImageOfPage":{"@id":"https:\/\/dinn.ucsc.cl\/index.php\/modelo-intergeneracional-cv\/#primaryimage"},"datePublished":"2022-11-23T21:09:35+00:00","dateModified":"2022-12-01T13:44:07+00:00","breadcrumb":{"@id":"https:\/\/dinn.ucsc.cl\/index.php\/modelo-intergeneracional-cv\/#breadcrumb"},"inLanguage":"es","potentialAction":[{"@type":"ReadAction","target":["https:\/\/dinn.ucsc.cl\/index.php\/modelo-intergeneracional-cv\/"]}]},{"@type":"BreadcrumbList","@id":"https:\/\/dinn.ucsc.cl\/index.php\/modelo-intergeneracional-cv\/#breadcrumb","itemListElement":[{"@type":"ListItem","position":1,"name":"Inicio","item":"https:\/\/dinn.ucsc.cl\/"},{"@type":"ListItem","position":2,"name":"Modelo Intergeneracional CV"}]}]}},"_links":{"self":[{"href":"https:\/\/dinn.ucsc.cl\/index.php\/wp-json\/wp\/v2\/pages\/4171"}],"collection":[{"href":"https:\/\/dinn.ucsc.cl\/index.php\/wp-json\/wp\/v2\/pages"}],"about":[{"href":"https:\/\/dinn.ucsc.cl\/index.php\/wp-json\/wp\/v2\/types\/page"}],"author":[{"embeddable":true,"href":"https:\/\/dinn.ucsc.cl\/index.php\/wp-json\/wp\/v2\/users\/84"}],"replies":[{"embeddable":true,"href":"https:\/\/dinn.ucsc.cl\/index.php\/wp-json\/wp\/v2\/comments?post=4171"}],"version-history":[{"count":2,"href":"https:\/\/dinn.ucsc.cl\/index.php\/wp-json\/wp\/v2\/pages\/4171\/revisions"}],"predecessor-version":[{"id":4405,"href":"https:\/\/dinn.ucsc.cl\/index.php\/wp-json\/wp\/v2\/pages\/4171\/revisions\/4405"}],"wp:attachment":[{"href":"https:\/\/dinn.ucsc.cl\/index.php\/wp-json\/wp\/v2\/media?parent=4171"}],"curies":[{"name":"wp","href":"https:\/\/api.w.org\/{rel}","templated":true}]}}