{"id":4173,"date":"2022-11-23T18:10:09","date_gmt":"2022-11-23T21:10:09","guid":{"rendered":"https:\/\/dinn.ucsc.cl\/?page_id=4173"},"modified":"2022-12-01T10:44:27","modified_gmt":"2022-12-01T13:44:27","slug":"sistema-para-la-gestion-de-cotizaciones-e-inventarios-de-empresas-del-sector-industrias-creativas","status":"publish","type":"page","link":"https:\/\/dinn.ucsc.cl\/index.php\/sistema-para-la-gestion-de-cotizaciones-e-inventarios-de-empresas-del-sector-industrias-creativas\/","title":{"rendered":"Sistema para la gesti\u00f3n de cotizaciones e inventarios de empresas del sector industrias creativas"},"content":{"rendered":"<table class=\" alignleft\">\n<tbody>\n<tr>\n<td style=\"width: 741px\" colspan=\"4\"><img loading=\"lazy\" class=\"aligncenter wp-image-2398 \" src=\"https:\/\/sitios.ucsc.cl\/ott\/wp-content\/uploads\/sites\/15\/2022\/06\/OTT_DDA_25_HEADER.png\" alt=\"\" width=\"771\" height=\"157\" \/><\/td>\n<\/tr>\n<tr>\n<td style=\"width: 67px\"><\/td>\n<td style=\"width: 68px\"><img loading=\"lazy\" class=\"aligncenter wp-image-2175 size-full\" src=\"https:\/\/sitios.ucsc.cl\/ott\/wp-content\/uploads\/sites\/15\/2022\/06\/OTT_DDA_1.png\" alt=\"\" width=\"50\" height=\"50\" \/><\/td>\n<td style=\"width: 603px\">\n<h3>Tecnolog\u00eda desarrollada<\/h3>\n<\/td>\n<td style=\"width: 3px\">\n<h3><\/h3>\n<\/td>\n<\/tr>\n<tr>\n<td style=\"width: 67px\"><\/td>\n<td style=\"width: 68px\"><\/td>\n<td style=\"width: 603px\">La obra consiste en un sistema para la gesti\u00f3n de cotizaciones e inventario de una empresa del sector Industrias Creativas, desarrollado en un entorno web usando, entre otras herramientas, PHP, JavaScript y base de datos MySQL. El sistema incorpora los siguientes elementos:<br \/>\n\u2022 Integraci\u00f3n de los datos de la empresa referidos a cotizaciones e inventario, en una base de datos. Se cre\u00f3 una base de datos que puede almacenar informaci\u00f3n de productos, costeos y cotizaciones, adem\u00e1s de datos relacionados \u00fatiles como ubicaciones de productos y personal que puede relacionarse con costeos, como vendedores y dise\u00f1adores.<br \/>\n\u2022 Sistematizaci\u00f3n de la gesti\u00f3n de cotizaciones solicitadas por clientes. Se desarroll\u00f3 un sistema web que facilita el desarrollo de costeos y cotizaciones, organizando estos en \u201cproyectos\u201d por cliente, permitiendo especificar distintos elementos de estos y proveyendo herramientas para el c\u00e1lculo de valores monetarios. Sistematizaci\u00f3n de la gesti\u00f3n del inventario de la empresa. M\u00f3dulo del sistema que permite tener un registro del inventario utilizado para la generaci\u00f3n de costeos, aportando el registro de valores por defecto de arriendo y costo en bodega, adem\u00e1s de las cantidades disponibles de un tipo de producto espec\u00edfico y su disponibilidad para proyectos dependiendo de las fechas de \u00e9stos.<\/td>\n<td style=\"width: 3px\">\n<h3><\/h3>\n<\/td>\n<\/tr>\n<tr>\n<td style=\"width: 67px\"><\/td>\n<td style=\"width: 68px\"><img loading=\"lazy\" class=\"aligncenter wp-image-2176 size-full\" src=\"https:\/\/sitios.ucsc.cl\/ott\/wp-content\/uploads\/sites\/15\/2022\/06\/OTT_DDA_2.png\" alt=\"\" width=\"50\" height=\"50\" \/><\/td>\n<td style=\"width: 603px\">\n<h3>Beneficios \/ Ventajas<\/h3>\n<\/td>\n<td style=\"width: 3px\"><\/td>\n<\/tr>\n<tr>\n<td style=\"width: 67px\"><\/td>\n<td style=\"width: 68px\"><\/td>\n<td style=\"width: 603px\">\u2022 Integraci\u00f3n de los datos de la empresa referidos a cotizaciones e inventario, en una base de datos.<br \/>\n\u2022 Sistematizaci\u00f3n de la gesti\u00f3n de cotizaciones solicitadas por clientes.<br \/>\n\u2022 Sistematizaci\u00f3n de la gesti\u00f3n del inventario de la empresa.<\/td>\n<td style=\"width: 3px\"><\/td>\n<\/tr>\n<tr>\n<td style=\"width: 67px\"><\/td>\n<td style=\"width: 68px\"><img loading=\"lazy\" class=\"aligncenter wp-image-2177 size-full\" src=\"https:\/\/sitios.ucsc.cl\/ott\/wp-content\/uploads\/sites\/15\/2022\/06\/OTT_DDA_3.png\" alt=\"\" width=\"50\" height=\"50\" \/><\/td>\n<td style=\"width: 603px\">\n<h3>Usos \/ Aplicaciones<\/h3>\n<\/td>\n<td style=\"width: 3px\"><\/td>\n<\/tr>\n<tr>\n<td style=\"width: 67px\"><\/td>\n<td style=\"width: 68px\"><\/td>\n<td style=\"width: 603px\">Empresas que crean y env\u00edan un gran volumen de cotizaciones, desean tener una mejor gesti\u00f3n de las mismas y hacer seguimiento automatizado.<\/td>\n<td style=\"width: 3px\"><\/td>\n<\/tr>\n<tr>\n<td style=\"width: 67px\"><\/td>\n<td style=\"width: 68px\"><img loading=\"lazy\" class=\"aligncenter wp-image-2178 size-full\" src=\"https:\/\/sitios.ucsc.cl\/ott\/wp-content\/uploads\/sites\/15\/2022\/06\/OTT_DDA_4.png\" alt=\"\" width=\"50\" height=\"50\" \/><\/td>\n<td style=\"width: 603px\">\n<h3>Oferta tecnol\u00f3gica<\/h3>\n<p>Disponible para licenciamiento.<\/td>\n<td style=\"width: 3px\"><\/td>\n<\/tr>\n<tr>\n<td style=\"width: 67px\"><\/td>\n<td style=\"width: 68px\"><img loading=\"lazy\" class=\"aligncenter wp-image-2179 size-full\" src=\"https:\/\/sitios.ucsc.cl\/ott\/wp-content\/uploads\/sites\/15\/2022\/06\/OTT_DDA_5.png\" alt=\"\" width=\"50\" height=\"50\" \/><\/td>\n<td style=\"width: 603px\">\n<h3>Propiedad intelectual<\/h3>\n<p>Registro Derecho de Autor: N\u00b0 2020-A-3416<\/td>\n<td style=\"width: 3px\"><\/td>\n<\/tr>\n<tr>\n<td style=\"width: 67px\"><\/td>\n<td style=\"width: 68px\"><img loading=\"lazy\" class=\"aligncenter wp-image-2180 size-full\" src=\"https:\/\/sitios.ucsc.cl\/ott\/wp-content\/uploads\/sites\/15\/2022\/06\/OTT_DDA_6.png\" alt=\"\" width=\"50\" height=\"50\" \/><\/td>\n<td style=\"width: 603px\">\n<h3>Investigador principal<\/h3>\n<p>Mariella Guti\u00e9rrez, Facultad de Ingenier\u00eda.<\/td>\n<td style=\"width: 3px\"><\/td>\n<\/tr>\n<tr>\n<td style=\"width: 67px\"><\/td>\n<td style=\"width: 671px\" colspan=\"2\">&nbsp;<\/p>\n<p>&nbsp;<\/p>\n<p><a href=\"https:\/\/sitios.ucsc.cl\/ott\/wp-content\/uploads\/sites\/15\/2022\/06\/OTT_DDA_25.pdf\"><img loading=\"lazy\" class=\"aligncenter wp-image-2220 size-medium\" src=\"https:\/\/sitios.ucsc.cl\/ott\/wp-content\/uploads\/sites\/15\/2022\/06\/Bot\u00f3n-descarga-300x61.png\" alt=\"\" width=\"300\" height=\"61\" \/><\/a><\/p>\n<p>&nbsp;<\/p>\n<p>&nbsp;<\/td>\n<td style=\"width: 3px\"><\/td>\n<\/tr>\n<\/tbody>\n<\/table>\n","protected":false},"excerpt":{"rendered":"<p>Tecnolog\u00eda desarrollada La obra consiste en un sistema para la gesti\u00f3n de cotizaciones e inventario de una empresa del sector Industrias Creativas, desarrollado en un entorno web usando, entre otras herramientas, PHP, JavaScript y base de datos MySQL. El sistema incorpora los siguientes elementos: \u2022 Integraci\u00f3n de los datos de la empresa referidos a cotizaciones [&hellip;]<\/p>\n","protected":false},"author":84,"featured_media":0,"parent":0,"menu_order":0,"comment_status":"closed","ping_status":"closed","template":"","meta":[],"yoast_head":"<!-- This site is optimized with the Yoast SEO plugin v18.9 - https:\/\/yoast.com\/wordpress\/plugins\/seo\/ -->\n<title>Sistema para la gesti\u00f3n de cotizaciones e inventarios de empresas del sector industrias creativas -<\/title>\n<meta name=\"robots\" content=\"index, follow, max-snippet:-1, max-image-preview:large, max-video-preview:-1\" \/>\n<link rel=\"canonical\" href=\"https:\/\/dinn.ucsc.cl\/index.php\/sistema-para-la-gestion-de-cotizaciones-e-inventarios-de-empresas-del-sector-industrias-creativas\/\" \/>\n<meta property=\"og:locale\" content=\"es_ES\" \/>\n<meta property=\"og:type\" content=\"article\" \/>\n<meta property=\"og:title\" content=\"Sistema para la gesti\u00f3n de cotizaciones e inventarios de empresas del sector industrias creativas -\" \/>\n<meta property=\"og:description\" content=\"Tecnolog\u00eda desarrollada La obra consiste en un sistema para la gesti\u00f3n de cotizaciones e inventario de una empresa del sector Industrias Creativas, desarrollado en un entorno web usando, entre otras herramientas, PHP, JavaScript y base de datos MySQL. El sistema incorpora los siguientes elementos: \u2022 Integraci\u00f3n de los datos de la empresa referidos a cotizaciones [&hellip;]\" \/>\n<meta property=\"og:url\" content=\"https:\/\/dinn.ucsc.cl\/index.php\/sistema-para-la-gestion-de-cotizaciones-e-inventarios-de-empresas-del-sector-industrias-creativas\/\" \/>\n<meta property=\"article:publisher\" content=\"https:\/\/m.facebook.com\/DINNUCSC\" \/>\n<meta property=\"article:modified_time\" content=\"2022-12-01T13:44:27+00:00\" \/>\n<meta property=\"og:image\" content=\"https:\/\/sitios.ucsc.cl\/ott\/wp-content\/uploads\/sites\/15\/2022\/06\/OTT_DDA_25_HEADER.png\" \/>\n<meta name=\"twitter:card\" content=\"summary\" \/>\n<meta name=\"twitter:site\" content=\"@dinn_ucsc\" \/>\n<meta name=\"twitter:label1\" content=\"Tiempo de lectura\" \/>\n\t<meta name=\"twitter:data1\" content=\"2 minutos\" \/>\n<script type=\"application\/ld+json\" class=\"yoast-schema-graph\">{\"@context\":\"https:\/\/schema.org\",\"@graph\":[{\"@type\":\"WebSite\",\"@id\":\"https:\/\/dinn.ucsc.cl\/#website\",\"url\":\"https:\/\/dinn.ucsc.cl\/\",\"name\":\"Direcci\u00f3n de Innovaci\u00f3n UCSC\",\"description\":\"Direcci\u00f3n de Innovaci\u00f3n\",\"potentialAction\":[{\"@type\":\"SearchAction\",\"target\":{\"@type\":\"EntryPoint\",\"urlTemplate\":\"https:\/\/dinn.ucsc.cl\/?s={search_term_string}\"},\"query-input\":\"required name=search_term_string\"}],\"inLanguage\":\"es\"},{\"@type\":\"ImageObject\",\"inLanguage\":\"es\",\"@id\":\"https:\/\/dinn.ucsc.cl\/index.php\/sistema-para-la-gestion-de-cotizaciones-e-inventarios-de-empresas-del-sector-industrias-creativas\/#primaryimage\",\"url\":\"https:\/\/sitios.ucsc.cl\/ott\/wp-content\/uploads\/sites\/15\/2022\/06\/OTT_DDA_25_HEADER.png\",\"contentUrl\":\"https:\/\/sitios.ucsc.cl\/ott\/wp-content\/uploads\/sites\/15\/2022\/06\/OTT_DDA_25_HEADER.png\"},{\"@type\":\"WebPage\",\"@id\":\"https:\/\/dinn.ucsc.cl\/index.php\/sistema-para-la-gestion-de-cotizaciones-e-inventarios-de-empresas-del-sector-industrias-creativas\/#webpage\",\"url\":\"https:\/\/dinn.ucsc.cl\/index.php\/sistema-para-la-gestion-de-cotizaciones-e-inventarios-de-empresas-del-sector-industrias-creativas\/\",\"name\":\"Sistema para la gesti\u00f3n de cotizaciones e inventarios de empresas del sector industrias creativas -\",\"isPartOf\":{\"@id\":\"https:\/\/dinn.ucsc.cl\/#website\"},\"primaryImageOfPage\":{\"@id\":\"https:\/\/dinn.ucsc.cl\/index.php\/sistema-para-la-gestion-de-cotizaciones-e-inventarios-de-empresas-del-sector-industrias-creativas\/#primaryimage\"},\"datePublished\":\"2022-11-23T21:10:09+00:00\",\"dateModified\":\"2022-12-01T13:44:27+00:00\",\"breadcrumb\":{\"@id\":\"https:\/\/dinn.ucsc.cl\/index.php\/sistema-para-la-gestion-de-cotizaciones-e-inventarios-de-empresas-del-sector-industrias-creativas\/#breadcrumb\"},\"inLanguage\":\"es\",\"potentialAction\":[{\"@type\":\"ReadAction\",\"target\":[\"https:\/\/dinn.ucsc.cl\/index.php\/sistema-para-la-gestion-de-cotizaciones-e-inventarios-de-empresas-del-sector-industrias-creativas\/\"]}]},{\"@type\":\"BreadcrumbList\",\"@id\":\"https:\/\/dinn.ucsc.cl\/index.php\/sistema-para-la-gestion-de-cotizaciones-e-inventarios-de-empresas-del-sector-industrias-creativas\/#breadcrumb\",\"itemListElement\":[{\"@type\":\"ListItem\",\"position\":1,\"name\":\"Inicio\",\"item\":\"https:\/\/dinn.ucsc.cl\/\"},{\"@type\":\"ListItem\",\"position\":2,\"name\":\"Sistema para la gesti\u00f3n de cotizaciones e inventarios de empresas del sector industrias creativas\"}]}]}<\/script>\n<!-- \/ Yoast SEO plugin. -->","yoast_head_json":{"title":"Sistema para la gesti\u00f3n de cotizaciones e inventarios de empresas del sector industrias creativas -","robots":{"index":"index","follow":"follow","max-snippet":"max-snippet:-1","max-image-preview":"max-image-preview:large","max-video-preview":"max-video-preview:-1"},"canonical":"https:\/\/dinn.ucsc.cl\/index.php\/sistema-para-la-gestion-de-cotizaciones-e-inventarios-de-empresas-del-sector-industrias-creativas\/","og_locale":"es_ES","og_type":"article","og_title":"Sistema para la gesti\u00f3n de cotizaciones e inventarios de empresas del sector industrias creativas -","og_description":"Tecnolog\u00eda desarrollada La obra consiste en un sistema para la gesti\u00f3n de cotizaciones e inventario de una empresa del sector Industrias Creativas, desarrollado en un entorno web usando, entre otras herramientas, PHP, JavaScript y base de datos MySQL. El sistema incorpora los siguientes elementos: \u2022 Integraci\u00f3n de los datos de la empresa referidos a cotizaciones [&hellip;]","og_url":"https:\/\/dinn.ucsc.cl\/index.php\/sistema-para-la-gestion-de-cotizaciones-e-inventarios-de-empresas-del-sector-industrias-creativas\/","article_publisher":"https:\/\/m.facebook.com\/DINNUCSC","article_modified_time":"2022-12-01T13:44:27+00:00","og_image":[{"url":"https:\/\/sitios.ucsc.cl\/ott\/wp-content\/uploads\/sites\/15\/2022\/06\/OTT_DDA_25_HEADER.png"}],"twitter_card":"summary","twitter_site":"@dinn_ucsc","twitter_misc":{"Tiempo de lectura":"2 minutos"},"schema":{"@context":"https:\/\/schema.org","@graph":[{"@type":"WebSite","@id":"https:\/\/dinn.ucsc.cl\/#website","url":"https:\/\/dinn.ucsc.cl\/","name":"Direcci\u00f3n de Innovaci\u00f3n UCSC","description":"Direcci\u00f3n de Innovaci\u00f3n","potentialAction":[{"@type":"SearchAction","target":{"@type":"EntryPoint","urlTemplate":"https:\/\/dinn.ucsc.cl\/?s={search_term_string}"},"query-input":"required name=search_term_string"}],"inLanguage":"es"},{"@type":"ImageObject","inLanguage":"es","@id":"https:\/\/dinn.ucsc.cl\/index.php\/sistema-para-la-gestion-de-cotizaciones-e-inventarios-de-empresas-del-sector-industrias-creativas\/#primaryimage","url":"https:\/\/sitios.ucsc.cl\/ott\/wp-content\/uploads\/sites\/15\/2022\/06\/OTT_DDA_25_HEADER.png","contentUrl":"https:\/\/sitios.ucsc.cl\/ott\/wp-content\/uploads\/sites\/15\/2022\/06\/OTT_DDA_25_HEADER.png"},{"@type":"WebPage","@id":"https:\/\/dinn.ucsc.cl\/index.php\/sistema-para-la-gestion-de-cotizaciones-e-inventarios-de-empresas-del-sector-industrias-creativas\/#webpage","url":"https:\/\/dinn.ucsc.cl\/index.php\/sistema-para-la-gestion-de-cotizaciones-e-inventarios-de-empresas-del-sector-industrias-creativas\/","name":"Sistema para la gesti\u00f3n de cotizaciones e inventarios de empresas del sector industrias creativas -","isPartOf":{"@id":"https:\/\/dinn.ucsc.cl\/#website"},"primaryImageOfPage":{"@id":"https:\/\/dinn.ucsc.cl\/index.php\/sistema-para-la-gestion-de-cotizaciones-e-inventarios-de-empresas-del-sector-industrias-creativas\/#primaryimage"},"datePublished":"2022-11-23T21:10:09+00:00","dateModified":"2022-12-01T13:44:27+00:00","breadcrumb":{"@id":"https:\/\/dinn.ucsc.cl\/index.php\/sistema-para-la-gestion-de-cotizaciones-e-inventarios-de-empresas-del-sector-industrias-creativas\/#breadcrumb"},"inLanguage":"es","potentialAction":[{"@type":"ReadAction","target":["https:\/\/dinn.ucsc.cl\/index.php\/sistema-para-la-gestion-de-cotizaciones-e-inventarios-de-empresas-del-sector-industrias-creativas\/"]}]},{"@type":"BreadcrumbList","@id":"https:\/\/dinn.ucsc.cl\/index.php\/sistema-para-la-gestion-de-cotizaciones-e-inventarios-de-empresas-del-sector-industrias-creativas\/#breadcrumb","itemListElement":[{"@type":"ListItem","position":1,"name":"Inicio","item":"https:\/\/dinn.ucsc.cl\/"},{"@type":"ListItem","position":2,"name":"Sistema para la gesti\u00f3n de cotizaciones e inventarios de empresas del sector industrias creativas"}]}]}},"_links":{"self":[{"href":"https:\/\/dinn.ucsc.cl\/index.php\/wp-json\/wp\/v2\/pages\/4173"}],"collection":[{"href":"https:\/\/dinn.ucsc.cl\/index.php\/wp-json\/wp\/v2\/pages"}],"about":[{"href":"https:\/\/dinn.ucsc.cl\/index.php\/wp-json\/wp\/v2\/types\/page"}],"author":[{"embeddable":true,"href":"https:\/\/dinn.ucsc.cl\/index.php\/wp-json\/wp\/v2\/users\/84"}],"replies":[{"embeddable":true,"href":"https:\/\/dinn.ucsc.cl\/index.php\/wp-json\/wp\/v2\/comments?post=4173"}],"version-history":[{"count":2,"href":"https:\/\/dinn.ucsc.cl\/index.php\/wp-json\/wp\/v2\/pages\/4173\/revisions"}],"predecessor-version":[{"id":4406,"href":"https:\/\/dinn.ucsc.cl\/index.php\/wp-json\/wp\/v2\/pages\/4173\/revisions\/4406"}],"wp:attachment":[{"href":"https:\/\/dinn.ucsc.cl\/index.php\/wp-json\/wp\/v2\/media?parent=4173"}],"curies":[{"name":"wp","href":"https:\/\/api.w.org\/{rel}","templated":true}]}}