{"id":4178,"date":"2022-11-23T18:12:04","date_gmt":"2022-11-23T21:12:04","guid":{"rendered":"https:\/\/dinn.ucsc.cl\/?page_id=4178"},"modified":"2022-12-01T10:45:16","modified_gmt":"2022-12-01T13:45:16","slug":"sistema-de-evacuacion-y-ruta-segura-para-eventos-de-tsunami-e-inundacion","status":"publish","type":"page","link":"https:\/\/dinn.ucsc.cl\/index.php\/sistema-de-evacuacion-y-ruta-segura-para-eventos-de-tsunami-e-inundacion\/","title":{"rendered":"Sistema de Evacuaci\u00f3n y Ruta Segura para eventos de tsunami e inundaci\u00f3n"},"content":{"rendered":"<table class=\" alignleft\" style=\"width: 748px\">\n<tbody>\n<tr>\n<td style=\"width: 747.333px\" colspan=\"4\"><img loading=\"lazy\" class=\"aligncenter wp-image-2402 \" src=\"https:\/\/sitios.ucsc.cl\/ott\/wp-content\/uploads\/sites\/15\/2022\/06\/OTT_DDA_27_HEADER.png\" alt=\"\" width=\"750\" height=\"153\" \/><\/td>\n<\/tr>\n<tr>\n<td style=\"width: 68.9333px\"><\/td>\n<td style=\"width: 63.9333px\"><img loading=\"lazy\" class=\"aligncenter wp-image-2175 size-full\" src=\"https:\/\/sitios.ucsc.cl\/ott\/wp-content\/uploads\/sites\/15\/2022\/06\/OTT_DDA_1.png\" alt=\"\" width=\"50\" height=\"50\" \/><\/td>\n<td style=\"width: 604.467px\">\n<h3>Tecnolog\u00eda desarrollada<\/h3>\n<\/td>\n<td style=\"width: 10px\">\n<h3><\/h3>\n<\/td>\n<\/tr>\n<tr>\n<td style=\"width: 68.9333px\"><\/td>\n<td style=\"width: 63.9333px\"><\/td>\n<td style=\"width: 604.467px\">Plataforma computacional basada en web para entregar informaci\u00f3n relevante en caso de tsunami e inundaci\u00f3n.<\/td>\n<td style=\"width: 10px\">\n<h3><\/h3>\n<\/td>\n<\/tr>\n<tr>\n<td style=\"width: 68.9333px\"><\/td>\n<td style=\"width: 63.9333px\"><img loading=\"lazy\" class=\"aligncenter wp-image-2176 size-full\" src=\"https:\/\/sitios.ucsc.cl\/ott\/wp-content\/uploads\/sites\/15\/2022\/06\/OTT_DDA_2.png\" alt=\"\" width=\"50\" height=\"50\" \/><\/td>\n<td style=\"width: 604.467px\">\n<h3>Beneficios \/ Ventajas<\/h3>\n<\/td>\n<td style=\"width: 10px\"><\/td>\n<\/tr>\n<tr>\n<td style=\"width: 68.9333px\"><\/td>\n<td style=\"width: 63.9333px\"><\/td>\n<td style=\"width: 604.467px\">\u2022 Geolocalizar un individuo (conocer su ubicaci\u00f3n en el mapa).<br \/>\n\u2022 Identificar puntos de encuentro en la localidad.<br \/>\n\u2022 Desplegar ruta de evacuaci\u00f3n en situaci\u00f3n de inundaci\u00f3n o tsunami de acuerdo a la posici\u00f3n del individuo.<br \/>\n\u2022 Identificar infraestructura cr\u00edtica en el mapa (albergues, hospitales, bomberos, carabineros, CESFAM).<br \/>\n\u2022 Notificar eventos en ruta (individuos podr\u00e1n notificar de eventos en ruta en tiempo real para que as\u00ed puedan ser visualizados por la comunidad).<br \/>\n\u2022 Visualizar ruta alternativa de acuerdo a eventos notificados.<br \/>\n\u2022 Desplegar informaci\u00f3n relevante de la ruta.<\/td>\n<td style=\"width: 10px\"><\/td>\n<\/tr>\n<tr>\n<td style=\"width: 68.9333px\"><\/td>\n<td style=\"width: 63.9333px\"><img loading=\"lazy\" class=\"aligncenter wp-image-2177 size-full\" src=\"https:\/\/sitios.ucsc.cl\/ott\/wp-content\/uploads\/sites\/15\/2022\/06\/OTT_DDA_3.png\" alt=\"\" width=\"50\" height=\"50\" \/><\/td>\n<td style=\"width: 604.467px\">\n<h3>Usos \/ Aplicaciones<\/h3>\n<p>Casos de tsunami e inundaci\u00f3n.<\/td>\n<td style=\"width: 10px\"><\/td>\n<\/tr>\n<tr>\n<td style=\"width: 68.9333px\"><\/td>\n<td style=\"width: 63.9333px\"><img loading=\"lazy\" class=\"aligncenter wp-image-2178 size-full\" src=\"https:\/\/sitios.ucsc.cl\/ott\/wp-content\/uploads\/sites\/15\/2022\/06\/OTT_DDA_4.png\" alt=\"\" width=\"50\" height=\"50\" \/><\/td>\n<td style=\"width: 604.467px\">\n<h3>Oferta tecnol\u00f3gica<\/h3>\n<p>Disponible para licenciamiento.<\/td>\n<td style=\"width: 10px\"><\/td>\n<\/tr>\n<tr>\n<td style=\"width: 68.9333px\"><\/td>\n<td style=\"width: 63.9333px\"><img loading=\"lazy\" class=\"aligncenter wp-image-2179 size-full\" src=\"https:\/\/sitios.ucsc.cl\/ott\/wp-content\/uploads\/sites\/15\/2022\/06\/OTT_DDA_5.png\" alt=\"\" width=\"50\" height=\"50\" \/><\/td>\n<td style=\"width: 604.467px\">\n<h3>Propiedad intelectual<\/h3>\n<p>Registro Derecho de Autor: N\u00b0 2020-A-3218<\/td>\n<td style=\"width: 10px\"><\/td>\n<\/tr>\n<tr>\n<td style=\"width: 68.9333px\"><\/td>\n<td style=\"width: 63.9333px\"><img loading=\"lazy\" class=\"aligncenter wp-image-2180 size-full\" src=\"https:\/\/sitios.ucsc.cl\/ott\/wp-content\/uploads\/sites\/15\/2022\/06\/OTT_DDA_6.png\" alt=\"\" width=\"50\" height=\"50\" \/><\/td>\n<td style=\"width: 604.467px\">\n<h3>Investigador principal<\/h3>\n<p>Emma Ch\u00e1vez, Facultad de Ingenier\u00eda.<\/td>\n<td style=\"width: 10px\"><\/td>\n<\/tr>\n<tr>\n<td style=\"width: 68.9333px\"><\/td>\n<td style=\"width: 668.4px\" colspan=\"2\">&nbsp;<\/p>\n<p>&nbsp;<\/p>\n<p><a href=\"https:\/\/sitios.ucsc.cl\/ott\/wp-content\/uploads\/sites\/15\/2022\/06\/OTT_DDA_27.pdf\"><img loading=\"lazy\" class=\"aligncenter wp-image-2220 size-medium\" src=\"https:\/\/sitios.ucsc.cl\/ott\/wp-content\/uploads\/sites\/15\/2022\/06\/Bot\u00f3n-descarga-300x61.png\" alt=\"\" width=\"300\" height=\"61\" \/><\/a><\/p>\n<p>&nbsp;<\/p>\n<p>&nbsp;<\/td>\n<td style=\"width: 10px\"><\/td>\n<\/tr>\n<\/tbody>\n<\/table>\n","protected":false},"excerpt":{"rendered":"<p>Tecnolog\u00eda desarrollada Plataforma computacional basada en web para entregar informaci\u00f3n relevante en caso de tsunami e inundaci\u00f3n. Beneficios \/ Ventajas \u2022 Geolocalizar un individuo (conocer su ubicaci\u00f3n en el mapa). \u2022 Identificar puntos de encuentro en la localidad. \u2022 Desplegar ruta de evacuaci\u00f3n en situaci\u00f3n de inundaci\u00f3n o tsunami de acuerdo a la posici\u00f3n del [&hellip;]<\/p>\n","protected":false},"author":84,"featured_media":0,"parent":0,"menu_order":0,"comment_status":"closed","ping_status":"closed","template":"","meta":[],"yoast_head":"<!-- This site is optimized with the Yoast SEO plugin v18.9 - https:\/\/yoast.com\/wordpress\/plugins\/seo\/ -->\n<title>Sistema de Evacuaci\u00f3n y Ruta Segura para eventos de tsunami e inundaci\u00f3n -<\/title>\n<meta name=\"robots\" content=\"index, follow, max-snippet:-1, max-image-preview:large, max-video-preview:-1\" \/>\n<link rel=\"canonical\" href=\"https:\/\/dinn.ucsc.cl\/index.php\/sistema-de-evacuacion-y-ruta-segura-para-eventos-de-tsunami-e-inundacion\/\" \/>\n<meta property=\"og:locale\" content=\"es_ES\" \/>\n<meta property=\"og:type\" content=\"article\" \/>\n<meta property=\"og:title\" content=\"Sistema de Evacuaci\u00f3n y Ruta Segura para eventos de tsunami e inundaci\u00f3n -\" \/>\n<meta property=\"og:description\" content=\"Tecnolog\u00eda desarrollada Plataforma computacional basada en web para entregar informaci\u00f3n relevante en caso de tsunami e inundaci\u00f3n. Beneficios \/ Ventajas \u2022 Geolocalizar un individuo (conocer su ubicaci\u00f3n en el mapa). \u2022 Identificar puntos de encuentro en la localidad. \u2022 Desplegar ruta de evacuaci\u00f3n en situaci\u00f3n de inundaci\u00f3n o tsunami de acuerdo a la posici\u00f3n del [&hellip;]\" \/>\n<meta property=\"og:url\" content=\"https:\/\/dinn.ucsc.cl\/index.php\/sistema-de-evacuacion-y-ruta-segura-para-eventos-de-tsunami-e-inundacion\/\" \/>\n<meta property=\"article:publisher\" content=\"https:\/\/m.facebook.com\/DINNUCSC\" \/>\n<meta property=\"article:modified_time\" content=\"2022-12-01T13:45:16+00:00\" \/>\n<meta property=\"og:image\" content=\"https:\/\/sitios.ucsc.cl\/ott\/wp-content\/uploads\/sites\/15\/2022\/06\/OTT_DDA_27_HEADER.png\" \/>\n<meta name=\"twitter:card\" content=\"summary\" \/>\n<meta name=\"twitter:site\" content=\"@dinn_ucsc\" \/>\n<meta name=\"twitter:label1\" content=\"Tiempo de lectura\" \/>\n\t<meta name=\"twitter:data1\" content=\"1 minuto\" \/>\n<script type=\"application\/ld+json\" class=\"yoast-schema-graph\">{\"@context\":\"https:\/\/schema.org\",\"@graph\":[{\"@type\":\"WebSite\",\"@id\":\"https:\/\/dinn.ucsc.cl\/#website\",\"url\":\"https:\/\/dinn.ucsc.cl\/\",\"name\":\"Direcci\u00f3n de Innovaci\u00f3n UCSC\",\"description\":\"Direcci\u00f3n de Innovaci\u00f3n\",\"potentialAction\":[{\"@type\":\"SearchAction\",\"target\":{\"@type\":\"EntryPoint\",\"urlTemplate\":\"https:\/\/dinn.ucsc.cl\/?s={search_term_string}\"},\"query-input\":\"required name=search_term_string\"}],\"inLanguage\":\"es\"},{\"@type\":\"ImageObject\",\"inLanguage\":\"es\",\"@id\":\"https:\/\/dinn.ucsc.cl\/index.php\/sistema-de-evacuacion-y-ruta-segura-para-eventos-de-tsunami-e-inundacion\/#primaryimage\",\"url\":\"https:\/\/sitios.ucsc.cl\/ott\/wp-content\/uploads\/sites\/15\/2022\/06\/OTT_DDA_27_HEADER.png\",\"contentUrl\":\"https:\/\/sitios.ucsc.cl\/ott\/wp-content\/uploads\/sites\/15\/2022\/06\/OTT_DDA_27_HEADER.png\"},{\"@type\":\"WebPage\",\"@id\":\"https:\/\/dinn.ucsc.cl\/index.php\/sistema-de-evacuacion-y-ruta-segura-para-eventos-de-tsunami-e-inundacion\/#webpage\",\"url\":\"https:\/\/dinn.ucsc.cl\/index.php\/sistema-de-evacuacion-y-ruta-segura-para-eventos-de-tsunami-e-inundacion\/\",\"name\":\"Sistema de Evacuaci\u00f3n y Ruta Segura para eventos de tsunami e inundaci\u00f3n -\",\"isPartOf\":{\"@id\":\"https:\/\/dinn.ucsc.cl\/#website\"},\"primaryImageOfPage\":{\"@id\":\"https:\/\/dinn.ucsc.cl\/index.php\/sistema-de-evacuacion-y-ruta-segura-para-eventos-de-tsunami-e-inundacion\/#primaryimage\"},\"datePublished\":\"2022-11-23T21:12:04+00:00\",\"dateModified\":\"2022-12-01T13:45:16+00:00\",\"breadcrumb\":{\"@id\":\"https:\/\/dinn.ucsc.cl\/index.php\/sistema-de-evacuacion-y-ruta-segura-para-eventos-de-tsunami-e-inundacion\/#breadcrumb\"},\"inLanguage\":\"es\",\"potentialAction\":[{\"@type\":\"ReadAction\",\"target\":[\"https:\/\/dinn.ucsc.cl\/index.php\/sistema-de-evacuacion-y-ruta-segura-para-eventos-de-tsunami-e-inundacion\/\"]}]},{\"@type\":\"BreadcrumbList\",\"@id\":\"https:\/\/dinn.ucsc.cl\/index.php\/sistema-de-evacuacion-y-ruta-segura-para-eventos-de-tsunami-e-inundacion\/#breadcrumb\",\"itemListElement\":[{\"@type\":\"ListItem\",\"position\":1,\"name\":\"Inicio\",\"item\":\"https:\/\/dinn.ucsc.cl\/\"},{\"@type\":\"ListItem\",\"position\":2,\"name\":\"Sistema de Evacuaci\u00f3n y Ruta Segura para eventos de tsunami e inundaci\u00f3n\"}]}]}<\/script>\n<!-- \/ Yoast SEO plugin. -->","yoast_head_json":{"title":"Sistema de Evacuaci\u00f3n y Ruta Segura para eventos de tsunami e inundaci\u00f3n -","robots":{"index":"index","follow":"follow","max-snippet":"max-snippet:-1","max-image-preview":"max-image-preview:large","max-video-preview":"max-video-preview:-1"},"canonical":"https:\/\/dinn.ucsc.cl\/index.php\/sistema-de-evacuacion-y-ruta-segura-para-eventos-de-tsunami-e-inundacion\/","og_locale":"es_ES","og_type":"article","og_title":"Sistema de Evacuaci\u00f3n y Ruta Segura para eventos de tsunami e inundaci\u00f3n -","og_description":"Tecnolog\u00eda desarrollada Plataforma computacional basada en web para entregar informaci\u00f3n relevante en caso de tsunami e inundaci\u00f3n. Beneficios \/ Ventajas \u2022 Geolocalizar un individuo (conocer su ubicaci\u00f3n en el mapa). \u2022 Identificar puntos de encuentro en la localidad. \u2022 Desplegar ruta de evacuaci\u00f3n en situaci\u00f3n de inundaci\u00f3n o tsunami de acuerdo a la posici\u00f3n del [&hellip;]","og_url":"https:\/\/dinn.ucsc.cl\/index.php\/sistema-de-evacuacion-y-ruta-segura-para-eventos-de-tsunami-e-inundacion\/","article_publisher":"https:\/\/m.facebook.com\/DINNUCSC","article_modified_time":"2022-12-01T13:45:16+00:00","og_image":[{"url":"https:\/\/sitios.ucsc.cl\/ott\/wp-content\/uploads\/sites\/15\/2022\/06\/OTT_DDA_27_HEADER.png"}],"twitter_card":"summary","twitter_site":"@dinn_ucsc","twitter_misc":{"Tiempo de lectura":"1 minuto"},"schema":{"@context":"https:\/\/schema.org","@graph":[{"@type":"WebSite","@id":"https:\/\/dinn.ucsc.cl\/#website","url":"https:\/\/dinn.ucsc.cl\/","name":"Direcci\u00f3n de Innovaci\u00f3n UCSC","description":"Direcci\u00f3n de Innovaci\u00f3n","potentialAction":[{"@type":"SearchAction","target":{"@type":"EntryPoint","urlTemplate":"https:\/\/dinn.ucsc.cl\/?s={search_term_string}"},"query-input":"required name=search_term_string"}],"inLanguage":"es"},{"@type":"ImageObject","inLanguage":"es","@id":"https:\/\/dinn.ucsc.cl\/index.php\/sistema-de-evacuacion-y-ruta-segura-para-eventos-de-tsunami-e-inundacion\/#primaryimage","url":"https:\/\/sitios.ucsc.cl\/ott\/wp-content\/uploads\/sites\/15\/2022\/06\/OTT_DDA_27_HEADER.png","contentUrl":"https:\/\/sitios.ucsc.cl\/ott\/wp-content\/uploads\/sites\/15\/2022\/06\/OTT_DDA_27_HEADER.png"},{"@type":"WebPage","@id":"https:\/\/dinn.ucsc.cl\/index.php\/sistema-de-evacuacion-y-ruta-segura-para-eventos-de-tsunami-e-inundacion\/#webpage","url":"https:\/\/dinn.ucsc.cl\/index.php\/sistema-de-evacuacion-y-ruta-segura-para-eventos-de-tsunami-e-inundacion\/","name":"Sistema de Evacuaci\u00f3n y Ruta Segura para eventos de tsunami e inundaci\u00f3n -","isPartOf":{"@id":"https:\/\/dinn.ucsc.cl\/#website"},"primaryImageOfPage":{"@id":"https:\/\/dinn.ucsc.cl\/index.php\/sistema-de-evacuacion-y-ruta-segura-para-eventos-de-tsunami-e-inundacion\/#primaryimage"},"datePublished":"2022-11-23T21:12:04+00:00","dateModified":"2022-12-01T13:45:16+00:00","breadcrumb":{"@id":"https:\/\/dinn.ucsc.cl\/index.php\/sistema-de-evacuacion-y-ruta-segura-para-eventos-de-tsunami-e-inundacion\/#breadcrumb"},"inLanguage":"es","potentialAction":[{"@type":"ReadAction","target":["https:\/\/dinn.ucsc.cl\/index.php\/sistema-de-evacuacion-y-ruta-segura-para-eventos-de-tsunami-e-inundacion\/"]}]},{"@type":"BreadcrumbList","@id":"https:\/\/dinn.ucsc.cl\/index.php\/sistema-de-evacuacion-y-ruta-segura-para-eventos-de-tsunami-e-inundacion\/#breadcrumb","itemListElement":[{"@type":"ListItem","position":1,"name":"Inicio","item":"https:\/\/dinn.ucsc.cl\/"},{"@type":"ListItem","position":2,"name":"Sistema de Evacuaci\u00f3n y Ruta Segura para eventos de tsunami e inundaci\u00f3n"}]}]}},"_links":{"self":[{"href":"https:\/\/dinn.ucsc.cl\/index.php\/wp-json\/wp\/v2\/pages\/4178"}],"collection":[{"href":"https:\/\/dinn.ucsc.cl\/index.php\/wp-json\/wp\/v2\/pages"}],"about":[{"href":"https:\/\/dinn.ucsc.cl\/index.php\/wp-json\/wp\/v2\/types\/page"}],"author":[{"embeddable":true,"href":"https:\/\/dinn.ucsc.cl\/index.php\/wp-json\/wp\/v2\/users\/84"}],"replies":[{"embeddable":true,"href":"https:\/\/dinn.ucsc.cl\/index.php\/wp-json\/wp\/v2\/comments?post=4178"}],"version-history":[{"count":3,"href":"https:\/\/dinn.ucsc.cl\/index.php\/wp-json\/wp\/v2\/pages\/4178\/revisions"}],"predecessor-version":[{"id":4409,"href":"https:\/\/dinn.ucsc.cl\/index.php\/wp-json\/wp\/v2\/pages\/4178\/revisions\/4409"}],"wp:attachment":[{"href":"https:\/\/dinn.ucsc.cl\/index.php\/wp-json\/wp\/v2\/media?parent=4178"}],"curies":[{"name":"wp","href":"https:\/\/api.w.org\/{rel}","templated":true}]}}