{"id":4180,"date":"2022-11-28T22:32:46","date_gmt":"2022-11-29T01:32:46","guid":{"rendered":"https:\/\/dinn.ucsc.cl\/?page_id=4180"},"modified":"2022-11-28T22:32:46","modified_gmt":"2022-11-29T01:32:46","slug":"cibas-departamento-de-biodiversidad-y-ambiente","status":"publish","type":"page","link":"https:\/\/dinn.ucsc.cl\/index.php\/cibas-departamento-de-biodiversidad-y-ambiente\/","title":{"rendered":"CIBAS: Departamento de Biodiversidad y Ambiente"},"content":{"rendered":"<table class=\" alignleft\">\n<tbody>\n<tr>\n<td style=\"width: 741px\" colspan=\"4\"><img loading=\"lazy\" class=\"aligncenter size-full wp-image-2889\" src=\"https:\/\/sitios.ucsc.cl\/ott\/wp-content\/uploads\/sites\/15\/2022\/07\/HEADER-4.png\" alt=\"\" width=\"950\" height=\"194\" \/><\/td>\n<\/tr>\n<tr>\n<td style=\"width: 70px\"><\/td>\n<td style=\"width: 76px\"><img loading=\"lazy\" class=\"aligncenter wp-image-2512 size-full\" src=\"https:\/\/sitios.ucsc.cl\/ott\/wp-content\/uploads\/sites\/15\/2022\/07\/CU_1.png\" alt=\"\" width=\"50\" height=\"50\" \/><\/td>\n<td style=\"width: 592px\">\n<h3>Presentaci\u00f3n<\/h3>\n<\/td>\n<td style=\"width: 3px\"><\/td>\n<\/tr>\n<tr>\n<td style=\"width: 70px\"><\/td>\n<td style=\"width: 76px\"><\/td>\n<td style=\"width: 592px\">El departamento de Biodiversidad y Ambiente del centro de investigaci\u00f3n en Biodiversidad y Ambientes Sustentable de la UCSC, se orienta al estudio de la biodiversidad y sus ambientes y los factores naturales, antr\u00f3picos y sociales que los afectan, esto con el objetivo de contribuir a su conservaci\u00f3n y uso sustentable. Abordando desde una perspectiva interdisciplinaria considerando todos los niveles organizacionales desde lo gen\u00e9rico hasta lo ecosist\u00e9mico, as\u00ed como la caracterizaci\u00f3n y conexi\u00f3n con los ambientes costeros, terrestre, acu\u00e1ticos y atmosf\u00e9ricos con la actividad antr\u00f3pica.<\/td>\n<td style=\"width: 3px\"><\/td>\n<\/tr>\n<tr>\n<td style=\"width: 70px\"><\/td>\n<td style=\"width: 76px\"><img loading=\"lazy\" class=\"aligncenter wp-image-2511 size-full\" src=\"https:\/\/sitios.ucsc.cl\/ott\/wp-content\/uploads\/sites\/15\/2022\/07\/CU_2.png\" alt=\"\" width=\"50\" height=\"50\" \/><\/td>\n<td style=\"width: 592px\">\n<h3>L\u00edneas de investigaci\u00f3n<\/h3>\n<\/td>\n<td style=\"width: 3px\"><\/td>\n<\/tr>\n<tr>\n<td style=\"width: 70px\"><\/td>\n<td style=\"width: 76px\"><\/td>\n<td style=\"width: 592px\"><strong>Biodiversidad y Ambiente<\/strong><\/p>\n<p>Ecolog\u00eda y conservaci\u00f3n de organismos marino costeros y acu\u00e1ticos \/ perturbaciones y residencia de sistemas naturales \/Ecolog\u00eda para la sustentabilidad de especies costeras y acu\u00e1ticas \/ contaminaci\u00f3n de sistemas acu\u00e1ticos y terrestres \/ Biogeoqu\u00edmica \/ Hidrodin\u00e1mica y geomorf\u00eda e r\u00edos y costas \/Hidrolog\u00eda superficial y gesti\u00f3n h\u00eddrica \/Fortalecimiento de organizaciones sociales, formaci\u00f3n de recursos humanos para la gobernanza local en la gesti\u00f3n de recursos naturales \/socio-ecolog\u00eda \/Pueblos originarios-desarrollo sustentable.<\/td>\n<td style=\"width: 3px\"><\/td>\n<\/tr>\n<tr>\n<td style=\"width: 70px\"><\/td>\n<td style=\"width: 76px\"><\/td>\n<td style=\"width: 592px\"><strong>\u00a0<\/strong><\/p>\n<p>&nbsp;<\/td>\n<td style=\"width: 3px\"><\/td>\n<\/tr>\n<tr>\n<td style=\"width: 741px\" colspan=\"4\">&nbsp;<\/p>\n<p>&nbsp;<\/td>\n<\/tr>\n<\/tbody>\n<\/table>\n<h5><\/h5>\n","protected":false},"excerpt":{"rendered":"<p>Presentaci\u00f3n El departamento de Biodiversidad y Ambiente del centro de investigaci\u00f3n en Biodiversidad y Ambientes Sustentable de la UCSC, se orienta al estudio de la biodiversidad y sus ambientes y los factores naturales, antr\u00f3picos y sociales que los afectan, esto con el objetivo de contribuir a su conservaci\u00f3n y uso sustentable. Abordando desde una perspectiva [&hellip;]<\/p>\n","protected":false},"author":84,"featured_media":0,"parent":0,"menu_order":0,"comment_status":"closed","ping_status":"closed","template":"","meta":[],"yoast_head":"<!-- This site is optimized with the Yoast SEO plugin v18.9 - https:\/\/yoast.com\/wordpress\/plugins\/seo\/ -->\n<title>CIBAS: Departamento de Biodiversidad y Ambiente -<\/title>\n<meta name=\"robots\" content=\"index, follow, max-snippet:-1, max-image-preview:large, max-video-preview:-1\" \/>\n<link rel=\"canonical\" href=\"https:\/\/dinn.ucsc.cl\/index.php\/cibas-departamento-de-biodiversidad-y-ambiente\/\" \/>\n<meta property=\"og:locale\" content=\"es_ES\" \/>\n<meta property=\"og:type\" content=\"article\" \/>\n<meta property=\"og:title\" content=\"CIBAS: Departamento de Biodiversidad y Ambiente -\" \/>\n<meta property=\"og:description\" content=\"Presentaci\u00f3n El departamento de Biodiversidad y Ambiente del centro de investigaci\u00f3n en Biodiversidad y Ambientes Sustentable de la UCSC, se orienta al estudio de la biodiversidad y sus ambientes y los factores naturales, antr\u00f3picos y sociales que los afectan, esto con el objetivo de contribuir a su conservaci\u00f3n y uso sustentable. Abordando desde una perspectiva [&hellip;]\" \/>\n<meta property=\"og:url\" content=\"https:\/\/dinn.ucsc.cl\/index.php\/cibas-departamento-de-biodiversidad-y-ambiente\/\" \/>\n<meta property=\"article:publisher\" content=\"https:\/\/m.facebook.com\/DINNUCSC\" \/>\n<meta property=\"og:image\" content=\"https:\/\/sitios.ucsc.cl\/ott\/wp-content\/uploads\/sites\/15\/2022\/07\/HEADER-4.png\" \/>\n<meta name=\"twitter:card\" content=\"summary\" \/>\n<meta name=\"twitter:site\" content=\"@dinn_ucsc\" \/>\n<meta name=\"twitter:label1\" content=\"Tiempo de lectura\" \/>\n\t<meta name=\"twitter:data1\" content=\"1 minuto\" \/>\n<script type=\"application\/ld+json\" class=\"yoast-schema-graph\">{\"@context\":\"https:\/\/schema.org\",\"@graph\":[{\"@type\":\"WebSite\",\"@id\":\"https:\/\/dinn.ucsc.cl\/#website\",\"url\":\"https:\/\/dinn.ucsc.cl\/\",\"name\":\"Direcci\u00f3n de Innovaci\u00f3n UCSC\",\"description\":\"Direcci\u00f3n de Innovaci\u00f3n\",\"potentialAction\":[{\"@type\":\"SearchAction\",\"target\":{\"@type\":\"EntryPoint\",\"urlTemplate\":\"https:\/\/dinn.ucsc.cl\/?s={search_term_string}\"},\"query-input\":\"required name=search_term_string\"}],\"inLanguage\":\"es\"},{\"@type\":\"ImageObject\",\"inLanguage\":\"es\",\"@id\":\"https:\/\/dinn.ucsc.cl\/index.php\/cibas-departamento-de-biodiversidad-y-ambiente\/#primaryimage\",\"url\":\"https:\/\/sitios.ucsc.cl\/ott\/wp-content\/uploads\/sites\/15\/2022\/07\/HEADER-4.png\",\"contentUrl\":\"https:\/\/sitios.ucsc.cl\/ott\/wp-content\/uploads\/sites\/15\/2022\/07\/HEADER-4.png\"},{\"@type\":\"WebPage\",\"@id\":\"https:\/\/dinn.ucsc.cl\/index.php\/cibas-departamento-de-biodiversidad-y-ambiente\/#webpage\",\"url\":\"https:\/\/dinn.ucsc.cl\/index.php\/cibas-departamento-de-biodiversidad-y-ambiente\/\",\"name\":\"CIBAS: Departamento de Biodiversidad y Ambiente -\",\"isPartOf\":{\"@id\":\"https:\/\/dinn.ucsc.cl\/#website\"},\"primaryImageOfPage\":{\"@id\":\"https:\/\/dinn.ucsc.cl\/index.php\/cibas-departamento-de-biodiversidad-y-ambiente\/#primaryimage\"},\"datePublished\":\"2022-11-29T01:32:46+00:00\",\"dateModified\":\"2022-11-29T01:32:46+00:00\",\"breadcrumb\":{\"@id\":\"https:\/\/dinn.ucsc.cl\/index.php\/cibas-departamento-de-biodiversidad-y-ambiente\/#breadcrumb\"},\"inLanguage\":\"es\",\"potentialAction\":[{\"@type\":\"ReadAction\",\"target\":[\"https:\/\/dinn.ucsc.cl\/index.php\/cibas-departamento-de-biodiversidad-y-ambiente\/\"]}]},{\"@type\":\"BreadcrumbList\",\"@id\":\"https:\/\/dinn.ucsc.cl\/index.php\/cibas-departamento-de-biodiversidad-y-ambiente\/#breadcrumb\",\"itemListElement\":[{\"@type\":\"ListItem\",\"position\":1,\"name\":\"Inicio\",\"item\":\"https:\/\/dinn.ucsc.cl\/\"},{\"@type\":\"ListItem\",\"position\":2,\"name\":\"CIBAS: Departamento de Biodiversidad y Ambiente\"}]}]}<\/script>\n<!-- \/ Yoast SEO plugin. -->","yoast_head_json":{"title":"CIBAS: Departamento de Biodiversidad y Ambiente -","robots":{"index":"index","follow":"follow","max-snippet":"max-snippet:-1","max-image-preview":"max-image-preview:large","max-video-preview":"max-video-preview:-1"},"canonical":"https:\/\/dinn.ucsc.cl\/index.php\/cibas-departamento-de-biodiversidad-y-ambiente\/","og_locale":"es_ES","og_type":"article","og_title":"CIBAS: Departamento de Biodiversidad y Ambiente -","og_description":"Presentaci\u00f3n El departamento de Biodiversidad y Ambiente del centro de investigaci\u00f3n en Biodiversidad y Ambientes Sustentable de la UCSC, se orienta al estudio de la biodiversidad y sus ambientes y los factores naturales, antr\u00f3picos y sociales que los afectan, esto con el objetivo de contribuir a su conservaci\u00f3n y uso sustentable. Abordando desde una perspectiva [&hellip;]","og_url":"https:\/\/dinn.ucsc.cl\/index.php\/cibas-departamento-de-biodiversidad-y-ambiente\/","article_publisher":"https:\/\/m.facebook.com\/DINNUCSC","og_image":[{"url":"https:\/\/sitios.ucsc.cl\/ott\/wp-content\/uploads\/sites\/15\/2022\/07\/HEADER-4.png"}],"twitter_card":"summary","twitter_site":"@dinn_ucsc","twitter_misc":{"Tiempo de lectura":"1 minuto"},"schema":{"@context":"https:\/\/schema.org","@graph":[{"@type":"WebSite","@id":"https:\/\/dinn.ucsc.cl\/#website","url":"https:\/\/dinn.ucsc.cl\/","name":"Direcci\u00f3n de Innovaci\u00f3n UCSC","description":"Direcci\u00f3n de Innovaci\u00f3n","potentialAction":[{"@type":"SearchAction","target":{"@type":"EntryPoint","urlTemplate":"https:\/\/dinn.ucsc.cl\/?s={search_term_string}"},"query-input":"required name=search_term_string"}],"inLanguage":"es"},{"@type":"ImageObject","inLanguage":"es","@id":"https:\/\/dinn.ucsc.cl\/index.php\/cibas-departamento-de-biodiversidad-y-ambiente\/#primaryimage","url":"https:\/\/sitios.ucsc.cl\/ott\/wp-content\/uploads\/sites\/15\/2022\/07\/HEADER-4.png","contentUrl":"https:\/\/sitios.ucsc.cl\/ott\/wp-content\/uploads\/sites\/15\/2022\/07\/HEADER-4.png"},{"@type":"WebPage","@id":"https:\/\/dinn.ucsc.cl\/index.php\/cibas-departamento-de-biodiversidad-y-ambiente\/#webpage","url":"https:\/\/dinn.ucsc.cl\/index.php\/cibas-departamento-de-biodiversidad-y-ambiente\/","name":"CIBAS: Departamento de Biodiversidad y Ambiente -","isPartOf":{"@id":"https:\/\/dinn.ucsc.cl\/#website"},"primaryImageOfPage":{"@id":"https:\/\/dinn.ucsc.cl\/index.php\/cibas-departamento-de-biodiversidad-y-ambiente\/#primaryimage"},"datePublished":"2022-11-29T01:32:46+00:00","dateModified":"2022-11-29T01:32:46+00:00","breadcrumb":{"@id":"https:\/\/dinn.ucsc.cl\/index.php\/cibas-departamento-de-biodiversidad-y-ambiente\/#breadcrumb"},"inLanguage":"es","potentialAction":[{"@type":"ReadAction","target":["https:\/\/dinn.ucsc.cl\/index.php\/cibas-departamento-de-biodiversidad-y-ambiente\/"]}]},{"@type":"BreadcrumbList","@id":"https:\/\/dinn.ucsc.cl\/index.php\/cibas-departamento-de-biodiversidad-y-ambiente\/#breadcrumb","itemListElement":[{"@type":"ListItem","position":1,"name":"Inicio","item":"https:\/\/dinn.ucsc.cl\/"},{"@type":"ListItem","position":2,"name":"CIBAS: Departamento de Biodiversidad y Ambiente"}]}]}},"_links":{"self":[{"href":"https:\/\/dinn.ucsc.cl\/index.php\/wp-json\/wp\/v2\/pages\/4180"}],"collection":[{"href":"https:\/\/dinn.ucsc.cl\/index.php\/wp-json\/wp\/v2\/pages"}],"about":[{"href":"https:\/\/dinn.ucsc.cl\/index.php\/wp-json\/wp\/v2\/types\/page"}],"author":[{"embeddable":true,"href":"https:\/\/dinn.ucsc.cl\/index.php\/wp-json\/wp\/v2\/users\/84"}],"replies":[{"embeddable":true,"href":"https:\/\/dinn.ucsc.cl\/index.php\/wp-json\/wp\/v2\/comments?post=4180"}],"version-history":[{"count":1,"href":"https:\/\/dinn.ucsc.cl\/index.php\/wp-json\/wp\/v2\/pages\/4180\/revisions"}],"predecessor-version":[{"id":4181,"href":"https:\/\/dinn.ucsc.cl\/index.php\/wp-json\/wp\/v2\/pages\/4180\/revisions\/4181"}],"wp:attachment":[{"href":"https:\/\/dinn.ucsc.cl\/index.php\/wp-json\/wp\/v2\/media?parent=4180"}],"curies":[{"name":"wp","href":"https:\/\/api.w.org\/{rel}","templated":true}]}}