{"id":4186,"date":"2022-11-28T22:45:57","date_gmt":"2022-11-29T01:45:57","guid":{"rendered":"https:\/\/dinn.ucsc.cl\/?page_id=4186"},"modified":"2022-11-28T22:45:57","modified_gmt":"2022-11-29T01:45:57","slug":"centro-de-investigacion-en-educacion-y-desarrollo-ciede","status":"publish","type":"page","link":"https:\/\/dinn.ucsc.cl\/index.php\/centro-de-investigacion-en-educacion-y-desarrollo-ciede\/","title":{"rendered":"Centro de Investigaci\u00f3n en educaci\u00f3n y Desarrollo  (CIEDE)"},"content":{"rendered":"<table class=\" alignleft\">\n<tbody>\n<tr>\n<td style=\"width: 741px\" colspan=\"4\"><img loading=\"lazy\" class=\"aligncenter size-full wp-image-2896\" src=\"https:\/\/sitios.ucsc.cl\/ott\/wp-content\/uploads\/sites\/15\/2022\/07\/capucsc4.png\" alt=\"\" width=\"950\" height=\"194\" \/><\/td>\n<\/tr>\n<tr>\n<td style=\"width: 67px\"><\/td>\n<td style=\"width: 80px\"><img loading=\"lazy\" class=\"aligncenter wp-image-2512 size-full\" src=\"https:\/\/sitios.ucsc.cl\/ott\/wp-content\/uploads\/sites\/15\/2022\/07\/CU_1.png\" alt=\"\" width=\"50\" height=\"50\" \/><\/td>\n<td style=\"width: 591px\">\n<h3>Descripci\u00f3n<\/h3>\n<\/td>\n<td style=\"width: 3px\"><\/td>\n<\/tr>\n<tr>\n<td style=\"width: 67px\"><\/td>\n<td style=\"width: 80px\"><\/td>\n<td style=\"width: 591px\">El Centro de Investigaci\u00f3n en Educaci\u00f3n y Desarrollo, tiene como prop\u00f3sito generar nuevo conocimiento interdisciplinar en \u00e1reas que impulsen el desarrollo humano y promuevan las condiciones necesarias para alcanzar una educaci\u00f3n de calidad, enfocando su quehacer en educaci\u00f3n y desarrollo en contextos vulnerables, cognici\u00f3n y educaci\u00f3n; y lenguaje, sociedad y educaci\u00f3n.<\/td>\n<td style=\"width: 3px\"><\/td>\n<\/tr>\n<tr>\n<td style=\"width: 67px\"><\/td>\n<td style=\"width: 80px\"><img loading=\"lazy\" class=\"aligncenter size-full wp-image-2558\" src=\"https:\/\/sitios.ucsc.cl\/ott\/wp-content\/uploads\/sites\/15\/2022\/07\/CU_5.png\" alt=\"\" width=\"50\" height=\"50\" \/><\/td>\n<td style=\"width: 591px\">\n<h3>Dependencia<\/h3>\n<p>Vicerrector\u00eda de Investigaci\u00f3n y Postgrado.<\/td>\n<td style=\"width: 3px\"><\/td>\n<\/tr>\n<tr>\n<td style=\"width: 67px\"><\/td>\n<td style=\"width: 80px\"><img loading=\"lazy\" class=\"aligncenter size-full wp-image-2555\" src=\"https:\/\/sitios.ucsc.cl\/ott\/wp-content\/uploads\/sites\/15\/2022\/07\/CU_10.png\" alt=\"\" width=\"50\" height=\"50\" \/><\/td>\n<td style=\"width: 591px\">\n<h3>Director(a) responsable<\/h3>\n<p>Dr. Felipe Sep\u00falveda L\u00f3pez<\/td>\n<td style=\"width: 3px\"><\/td>\n<\/tr>\n<tr>\n<td style=\"width: 67px\"><\/td>\n<td style=\"width: 80px\"><img loading=\"lazy\" class=\"aligncenter size-full wp-image-2557\" src=\"https:\/\/sitios.ucsc.cl\/ott\/wp-content\/uploads\/sites\/15\/2022\/07\/CU_4.png\" alt=\"\" width=\"50\" height=\"50\" \/><\/td>\n<td style=\"width: 591px\">\n<h3>Contacto<\/h3>\n<p>Tel\u00e9fono: +56 41-2345030<br \/>\nMail: ciede@ucsc.cl<\/td>\n<td style=\"width: 3px\"><\/td>\n<\/tr>\n<tr>\n<td style=\"width: 67px\"><\/td>\n<td style=\"width: 80px\"><img loading=\"lazy\" class=\"aligncenter size-full wp-image-2559\" src=\"https:\/\/sitios.ucsc.cl\/ott\/wp-content\/uploads\/sites\/15\/2022\/07\/CU_6.png\" alt=\"\" width=\"50\" height=\"50\" \/><\/td>\n<td style=\"width: 591px\">\n<h3>Web<\/h3>\n<p>www.ciede.ucsc.cl<\/td>\n<td style=\"width: 3px\"><\/td>\n<\/tr>\n<tr>\n<td style=\"width: 67px\"><\/td>\n<td style=\"width: 80px\"><img loading=\"lazy\" class=\"aligncenter size-full wp-image-2512\" src=\"https:\/\/sitios.ucsc.cl\/ott\/wp-content\/uploads\/sites\/15\/2022\/07\/CU_1.png\" alt=\"\" width=\"50\" height=\"50\" \/><\/td>\n<td style=\"width: 591px\">\n<h3>\u00c1reas de conocimiento<\/h3>\n<\/td>\n<td style=\"width: 3px\"><\/td>\n<\/tr>\n<tr>\n<td style=\"width: 67px\"><\/td>\n<td style=\"width: 80px\"><\/td>\n<td style=\"width: 591px\">\u2022 Educaci\u00f3n y Desarrollo en contextos vulnerables.<br \/>\n\u2022 Cognici\u00f3n y Educaci\u00f3n.<br \/>\n\u2022 Educaci\u00f3n, Lenguaje y Sociedad como formas de contribuir al bien com\u00fan y al desarrollo humano.<\/td>\n<td style=\"width: 3px\"><\/td>\n<\/tr>\n<tr>\n<td style=\"width: 67px\"><\/td>\n<td style=\"width: 80px\"><img loading=\"lazy\" class=\"aligncenter size-full wp-image-2556\" src=\"https:\/\/sitios.ucsc.cl\/ott\/wp-content\/uploads\/sites\/15\/2022\/07\/CU_3.png\" alt=\"\" width=\"50\" height=\"50\" \/><\/td>\n<td style=\"width: 591px\">\n<h3>Oferta tecnol\u00f3gica<\/h3>\n<\/td>\n<td style=\"width: 3px\"><\/td>\n<\/tr>\n<tr>\n<td style=\"width: 67px\"><\/td>\n<td style=\"width: 80px\"><\/td>\n<td style=\"width: 591px\">\u2022 Asesor\u00edas y Estudios en Educaci\u00f3n y Desarrollo en contexto vulnerables, Cognici\u00f3n y Educaci\u00f3n,<br \/>\nEducaci\u00f3n, Lenguaje y Sociedad como formas de contribuir al bien com\u00fan y al desarrollo humano.<br \/>\n\u2022 Proyectos I+D.<\/td>\n<td style=\"width: 3px\"><\/td>\n<\/tr>\n<tr>\n<td style=\"width: 67px\"><\/td>\n<td style=\"width: 80px\"><img loading=\"lazy\" class=\"aligncenter size-full wp-image-2561\" src=\"https:\/\/sitios.ucsc.cl\/ott\/wp-content\/uploads\/sites\/15\/2022\/07\/CU_8.png\" alt=\"\" width=\"50\" height=\"50\" \/><\/td>\n<td style=\"width: 591px\">\n<h3>Experiencia de la unidad<\/h3>\n<p>Los proyectos que han sido ejecutados son:<\/td>\n<td style=\"width: 3px\"><\/td>\n<\/tr>\n<tr>\n<td style=\"width: 67px\"><\/td>\n<td style=\"width: 80px\"><\/td>\n<td style=\"width: 591px\"><strong>2019<\/strong><\/p>\n<p>\u2022 \u201cImpacto del desarrollo de una cultura de trabajo colaborativo sobre la eficacia colectiva docente y el desempe\u00f1o acad\u00e9mico en lectura y matem\u00e1ticas de estudiantes de 1\u00ba a 3\u00ba b\u00e1sico.<\/p>\n<p>\u2022 FONDECYT INICIACI\u00d3N. Fondecyt Regular N\u00b0 1191646, \u2018Desarrollo Evolutivo de la Fluidez y Comprensi\u00f3n de Lectura, sus Relaciones y Factores Contribuyentes en Escolares de 4\u00b0 a 6\u00b0 B\u00e1sico de dos Regiones de Chile\u2019, llevado a cabo por la Dra. Beatriz Arancibia, en el cual tambi\u00e9n participan la Dra. Ginette Castro, el Dr. Hern\u00e1n Le\u00f3n y la Dra. Marcela Bizama. La teor\u00eda de la argumentaci\u00f3n a la luz de la psicolog\u00eda del razonamiento: Un an\u00e1lisis de las dimensiones epist\u00e9mica y pr\u00e1ctica. CONICYT-FONDECYT CONCURSO POSTDOCTORADO 2019.2017<\/p>\n<p>\u2022 Proyecto Fondecyt 1170492 \u201cToda una vida discutiendo: la competencia argumentativa en adultos mayores en Chile\u201d. Investigador principal: Cristian Santib\u00e1\u00f1ez, Universidad Diego Portales. Coinvestigadores: M\u00f3nica Tapia-Ladino (UCSC) y Cristian Noemi (Universidad de la Serena).<\/p>\n<p>\u2022 Proyecto Fondecyt 1170623 \u201c\u00bfExisten diferentes rutas de lectura de textos multisemi\u00f3ticos en profesionales de diferente procedencia disciplinar: filosof\u00eda y econom\u00eda? Estudio descriptivo y experimental con uso de eye tracker\u201d. (2017-2020). Gina Burdiles: Co-investigadora. (Investigador principal: Giovann Parodi. Pontificia U. Cat\u00f3lica de Valpara\u00edso).<\/p>\n<p>&nbsp;<\/p>\n<p><strong>2016<\/strong><\/p>\n<p>\u2022 Proyecto de Cooperaci\u00f3n Cient\u00edfica Internacional PII20150058 \u201cDiscourse, Cognition and Linguistic Markers: Empirical Studies on Text Processing with Eye Tracking Technology\u201d Gina Burdiles: Investigadora Asociada y Coordinadora del Proyecto en la UCSC.<\/p>\n<p>\u2022 Proyecto Fondequip EQM 150119 \u201cSistema de registro de procesos psiconeurocognitivos\u201d, Gina Burdiles: Investigadora invitada y Coordinadora de uso de laboratorio por UCSC.<\/p>\n<p>\u2022 Proyecto Fondecyt 1161213 \u201cIdentificaci\u00f3n de factores explicativos en la aparici\u00f3n de la comorbilidad entre las dificultades espec\u00edficas de aprendizaje en lectura y las dificultades espec\u00edficas de aprendizaje en matem\u00e1ticas desde una perspectiva longitudinal\u201d. Marcela Bizama, coinvestigadora, Felipe Sep\u00falveda, coinvestigador, Christian Peake, investigador invitado. Invest. Responsable: Mar\u00eda Cristina Rodr\u00edguez, Univ.de la Laguna, Espa\u00f1a.<\/p>\n<p>\u2022 Proyecto Fondecyt de Iniciaci\u00f3n 11160863 \u201cDescripci\u00f3n ret\u00f3rica y multimodal de los g\u00e9neros discursivos m\u00e9dicos escritos en espa\u00f1ol: Dos d\u00e9cadas de comunicaci\u00f3n cient\u00edfica de la medicina en Chile\u201d (2016-2018). Gina Burdiles: Investigadora principal.<\/p>\n<p>&nbsp;<\/p>\n<p><strong>2014<\/strong><\/p>\n<p>\u2022 Proyecto Fondecyt 1140360, \u201cLos comentarios escritos y su relaci\u00f3n con la elaboraci\u00f3n de las tesis de pregrado en carreras de pedagog\u00eda de la ciudad de Concepci\u00f3n: an\u00e1lisis ret\u00f3rico discursivo de la construcci\u00f3n de un g\u00e9nero acad\u00e9mico a partir de su g\u00e9nero primario\u201d. Investigadora Responsable: M\u00f3nica Tapia-Ladino.<\/p>\n<p>&nbsp;<\/p>\n<p><strong>2013<\/strong><\/p>\n<p>\u2022 Proyecto Fondecyt 1130033 \u201cEl discurso acad\u00e9mico de la econom\u00eda: desde la descripci\u00f3n de los g\u00e9neros y los sistemas multisemi\u00f3ticos hasta el perfil de comprensi\u00f3n y los corpus para aprendientes\u201d. Financiamiento CONICYT, 2013-2016. Gina Burdiles: Co-investigadora, Fondecyt Regular. Investigador principal: Giovanni Parodi. P.U. Cat\u00f3lica de Valpara\u00edso.<\/p>\n<p>&nbsp;<\/p>\n<p><strong>2015-2017<\/strong><\/p>\n<p>\u2022 Contacto mapudungun \u2013 castellano: rasgos fon\u00e9tico-fonol\u00f3gicos del castellano presentes en el chedungun de escolares pewenches del Alto B\u00edo-B\u00edo. Proyecto FONDECYT de Iniciaci\u00f3n N\u00ba 11150508. Investigador CIBAS que participa: Dra. Marisol Henr\u00edquez.<\/p>\n<p>&nbsp;<\/p>\n<p><strong>2016-2018<\/strong><\/p>\n<p>\u2022 Contaminaci\u00f3n y descontaminaci\u00f3n de espacios urbanos. Ministerio de Educaci\u00f3n, Cultura y Deportes del Gobierno de Espa\u00f1a. Investigador CIBAS que participa: Dr. Pedro Tume (Co-Investigador).<\/td>\n<td style=\"width: 3px\"><\/td>\n<\/tr>\n<tr>\n<td style=\"width: 67px\"><\/td>\n<td style=\"width: 80px\"><img loading=\"lazy\" class=\"aligncenter size-full wp-image-2560\" src=\"https:\/\/sitios.ucsc.cl\/ott\/wp-content\/uploads\/sites\/15\/2022\/07\/CU_7.png\" alt=\"\" width=\"50\" height=\"50\" \/><\/td>\n<td style=\"width: 591px\">\n<h3>Infraestructura<\/h3>\n<p>Las funciones se realizan en el campus.<\/td>\n<td style=\"width: 3px\"><\/td>\n<\/tr>\n<tr>\n<td style=\"width: 67px\"><\/td>\n<td style=\"width: 80px\"><\/td>\n<td style=\"width: 591px\">El CIEDE cuenta con equipos tecnol\u00f3gicos y licencias de software especializado para desarrollar sus l\u00edneas investigativas, tales como:<br \/>\n\u2022 El CIEDE UCSC cuenta con el siguiente equipamiento:<br \/>\n\u2022 4 Notebooks: Se prestan rotativamente a los investigadores.<br \/>\n\u2022 2 Softwares con Licencia NVIVO.<br \/>\n\u2022 Pantalla Led.<br \/>\n\u2022 3 monitores de escritorio.<br \/>\n\u2022 Impresora.<br \/>\n\u2022 C\u00e1mara fotogr\u00e1fica.<\/td>\n<td style=\"width: 3px\"><\/td>\n<\/tr>\n<tr>\n<td style=\"width: 67px\"><\/td>\n<td style=\"width: 80px\"><img loading=\"lazy\" class=\"aligncenter size-full wp-image-2555\" src=\"https:\/\/sitios.ucsc.cl\/ott\/wp-content\/uploads\/sites\/15\/2022\/07\/CU_10.png\" alt=\"\" width=\"50\" height=\"50\" \/><\/td>\n<td style=\"width: 591px\">\n<h3>Integrantes de la unidad<\/h3>\n<p>El Centro cuenta con un equipo humano interdisciplinario integrado por:<\/td>\n<td style=\"width: 3px\"><\/td>\n<\/tr>\n<tr>\n<td style=\"width: 67px\"><\/td>\n<td style=\"width: 80px\"><\/td>\n<td style=\"width: 591px\">\u2022 Dra. Marcela Bizama.<br \/>\n\u2022 Dr. Marcelo Careaga.<br \/>\n\u2022 Dra. Mar\u00eda Bel\u00e9n Ortega.<br \/>\n\u2022 Dr. Felipe Sep\u00falveda.<br \/>\n\u2022 Dr. David Ulloa.<br \/>\n\u2022 Mg. Claudia Troncoso.<br \/>\n\u2022 Dr. Hugo Alvarado.<br \/>\n\u2022 Dra. Beatriz Arancibia.<br \/>\n\u2022 Dra. Gina Burdiles.<br \/>\n\u2022 Mg. Roxanna Correa.<br \/>\n\u2022 Dr. Cristian Santib\u00e1\u00f1ez.<br \/>\n\u2022 Dra. Ma. Graciela Badilla.<br \/>\n\u2022 Dra. Marisol Henr\u00edquez.<br \/>\n\u2022 Dr. Jos\u00e9 Gasc\u00f3n.<br \/>\n\u2022 Dra. Steffanie Kloss.<\/td>\n<td style=\"width: 3px\"><\/td>\n<\/tr>\n<tr>\n<td style=\"width: 67px\"><\/td>\n<td style=\"width: 671px\" colspan=\"2\">&nbsp;<\/p>\n<p>&nbsp;<\/td>\n<td style=\"width: 3px\"><\/td>\n<\/tr>\n<\/tbody>\n<\/table>\n<h5><\/h5>\n","protected":false},"excerpt":{"rendered":"<p>Descripci\u00f3n El Centro de Investigaci\u00f3n en Educaci\u00f3n y Desarrollo, tiene como prop\u00f3sito generar nuevo conocimiento interdisciplinar en \u00e1reas que impulsen el desarrollo humano y promuevan las condiciones necesarias para alcanzar una educaci\u00f3n de calidad, enfocando su quehacer en educaci\u00f3n y desarrollo en contextos vulnerables, cognici\u00f3n y educaci\u00f3n; y lenguaje, sociedad y educaci\u00f3n. Dependencia Vicerrector\u00eda de [&hellip;]<\/p>\n","protected":false},"author":84,"featured_media":0,"parent":0,"menu_order":0,"comment_status":"closed","ping_status":"closed","template":"","meta":[],"yoast_head":"<!-- This site is optimized with the Yoast SEO plugin v18.9 - https:\/\/yoast.com\/wordpress\/plugins\/seo\/ -->\n<title>Centro de Investigaci\u00f3n en educaci\u00f3n y Desarrollo (CIEDE) -<\/title>\n<meta name=\"robots\" content=\"index, follow, max-snippet:-1, max-image-preview:large, max-video-preview:-1\" \/>\n<link rel=\"canonical\" href=\"https:\/\/dinn.ucsc.cl\/index.php\/centro-de-investigacion-en-educacion-y-desarrollo-ciede\/\" \/>\n<meta property=\"og:locale\" content=\"es_ES\" \/>\n<meta property=\"og:type\" content=\"article\" \/>\n<meta property=\"og:title\" content=\"Centro de Investigaci\u00f3n en educaci\u00f3n y Desarrollo (CIEDE) -\" \/>\n<meta property=\"og:description\" content=\"Descripci\u00f3n El Centro de Investigaci\u00f3n en Educaci\u00f3n y Desarrollo, tiene como prop\u00f3sito generar nuevo conocimiento interdisciplinar en \u00e1reas que impulsen el desarrollo humano y promuevan las condiciones necesarias para alcanzar una educaci\u00f3n de calidad, enfocando su quehacer en educaci\u00f3n y desarrollo en contextos vulnerables, cognici\u00f3n y educaci\u00f3n; y lenguaje, sociedad y educaci\u00f3n. Dependencia Vicerrector\u00eda de [&hellip;]\" \/>\n<meta property=\"og:url\" content=\"https:\/\/dinn.ucsc.cl\/index.php\/centro-de-investigacion-en-educacion-y-desarrollo-ciede\/\" \/>\n<meta property=\"article:publisher\" content=\"https:\/\/m.facebook.com\/DINNUCSC\" \/>\n<meta property=\"og:image\" content=\"https:\/\/sitios.ucsc.cl\/ott\/wp-content\/uploads\/sites\/15\/2022\/07\/capucsc4.png\" \/>\n<meta name=\"twitter:card\" content=\"summary\" \/>\n<meta name=\"twitter:site\" content=\"@dinn_ucsc\" \/>\n<meta name=\"twitter:label1\" content=\"Tiempo de lectura\" \/>\n\t<meta name=\"twitter:data1\" content=\"4 minutos\" \/>\n<script type=\"application\/ld+json\" class=\"yoast-schema-graph\">{\"@context\":\"https:\/\/schema.org\",\"@graph\":[{\"@type\":\"WebSite\",\"@id\":\"https:\/\/dinn.ucsc.cl\/#website\",\"url\":\"https:\/\/dinn.ucsc.cl\/\",\"name\":\"Direcci\u00f3n de Innovaci\u00f3n UCSC\",\"description\":\"Direcci\u00f3n de Innovaci\u00f3n\",\"potentialAction\":[{\"@type\":\"SearchAction\",\"target\":{\"@type\":\"EntryPoint\",\"urlTemplate\":\"https:\/\/dinn.ucsc.cl\/?s={search_term_string}\"},\"query-input\":\"required name=search_term_string\"}],\"inLanguage\":\"es\"},{\"@type\":\"ImageObject\",\"inLanguage\":\"es\",\"@id\":\"https:\/\/dinn.ucsc.cl\/index.php\/centro-de-investigacion-en-educacion-y-desarrollo-ciede\/#primaryimage\",\"url\":\"https:\/\/sitios.ucsc.cl\/ott\/wp-content\/uploads\/sites\/15\/2022\/07\/capucsc4.png\",\"contentUrl\":\"https:\/\/sitios.ucsc.cl\/ott\/wp-content\/uploads\/sites\/15\/2022\/07\/capucsc4.png\"},{\"@type\":\"WebPage\",\"@id\":\"https:\/\/dinn.ucsc.cl\/index.php\/centro-de-investigacion-en-educacion-y-desarrollo-ciede\/#webpage\",\"url\":\"https:\/\/dinn.ucsc.cl\/index.php\/centro-de-investigacion-en-educacion-y-desarrollo-ciede\/\",\"name\":\"Centro de Investigaci\u00f3n en educaci\u00f3n y Desarrollo (CIEDE) -\",\"isPartOf\":{\"@id\":\"https:\/\/dinn.ucsc.cl\/#website\"},\"primaryImageOfPage\":{\"@id\":\"https:\/\/dinn.ucsc.cl\/index.php\/centro-de-investigacion-en-educacion-y-desarrollo-ciede\/#primaryimage\"},\"datePublished\":\"2022-11-29T01:45:57+00:00\",\"dateModified\":\"2022-11-29T01:45:57+00:00\",\"breadcrumb\":{\"@id\":\"https:\/\/dinn.ucsc.cl\/index.php\/centro-de-investigacion-en-educacion-y-desarrollo-ciede\/#breadcrumb\"},\"inLanguage\":\"es\",\"potentialAction\":[{\"@type\":\"ReadAction\",\"target\":[\"https:\/\/dinn.ucsc.cl\/index.php\/centro-de-investigacion-en-educacion-y-desarrollo-ciede\/\"]}]},{\"@type\":\"BreadcrumbList\",\"@id\":\"https:\/\/dinn.ucsc.cl\/index.php\/centro-de-investigacion-en-educacion-y-desarrollo-ciede\/#breadcrumb\",\"itemListElement\":[{\"@type\":\"ListItem\",\"position\":1,\"name\":\"Inicio\",\"item\":\"https:\/\/dinn.ucsc.cl\/\"},{\"@type\":\"ListItem\",\"position\":2,\"name\":\"Centro de Investigaci\u00f3n en educaci\u00f3n y Desarrollo (CIEDE)\"}]}]}<\/script>\n<!-- \/ Yoast SEO plugin. -->","yoast_head_json":{"title":"Centro de Investigaci\u00f3n en educaci\u00f3n y Desarrollo (CIEDE) -","robots":{"index":"index","follow":"follow","max-snippet":"max-snippet:-1","max-image-preview":"max-image-preview:large","max-video-preview":"max-video-preview:-1"},"canonical":"https:\/\/dinn.ucsc.cl\/index.php\/centro-de-investigacion-en-educacion-y-desarrollo-ciede\/","og_locale":"es_ES","og_type":"article","og_title":"Centro de Investigaci\u00f3n en educaci\u00f3n y Desarrollo (CIEDE) -","og_description":"Descripci\u00f3n El Centro de Investigaci\u00f3n en Educaci\u00f3n y Desarrollo, tiene como prop\u00f3sito generar nuevo conocimiento interdisciplinar en \u00e1reas que impulsen el desarrollo humano y promuevan las condiciones necesarias para alcanzar una educaci\u00f3n de calidad, enfocando su quehacer en educaci\u00f3n y desarrollo en contextos vulnerables, cognici\u00f3n y educaci\u00f3n; y lenguaje, sociedad y educaci\u00f3n. Dependencia Vicerrector\u00eda de [&hellip;]","og_url":"https:\/\/dinn.ucsc.cl\/index.php\/centro-de-investigacion-en-educacion-y-desarrollo-ciede\/","article_publisher":"https:\/\/m.facebook.com\/DINNUCSC","og_image":[{"url":"https:\/\/sitios.ucsc.cl\/ott\/wp-content\/uploads\/sites\/15\/2022\/07\/capucsc4.png"}],"twitter_card":"summary","twitter_site":"@dinn_ucsc","twitter_misc":{"Tiempo de lectura":"4 minutos"},"schema":{"@context":"https:\/\/schema.org","@graph":[{"@type":"WebSite","@id":"https:\/\/dinn.ucsc.cl\/#website","url":"https:\/\/dinn.ucsc.cl\/","name":"Direcci\u00f3n de Innovaci\u00f3n UCSC","description":"Direcci\u00f3n de Innovaci\u00f3n","potentialAction":[{"@type":"SearchAction","target":{"@type":"EntryPoint","urlTemplate":"https:\/\/dinn.ucsc.cl\/?s={search_term_string}"},"query-input":"required name=search_term_string"}],"inLanguage":"es"},{"@type":"ImageObject","inLanguage":"es","@id":"https:\/\/dinn.ucsc.cl\/index.php\/centro-de-investigacion-en-educacion-y-desarrollo-ciede\/#primaryimage","url":"https:\/\/sitios.ucsc.cl\/ott\/wp-content\/uploads\/sites\/15\/2022\/07\/capucsc4.png","contentUrl":"https:\/\/sitios.ucsc.cl\/ott\/wp-content\/uploads\/sites\/15\/2022\/07\/capucsc4.png"},{"@type":"WebPage","@id":"https:\/\/dinn.ucsc.cl\/index.php\/centro-de-investigacion-en-educacion-y-desarrollo-ciede\/#webpage","url":"https:\/\/dinn.ucsc.cl\/index.php\/centro-de-investigacion-en-educacion-y-desarrollo-ciede\/","name":"Centro de Investigaci\u00f3n en educaci\u00f3n y Desarrollo (CIEDE) -","isPartOf":{"@id":"https:\/\/dinn.ucsc.cl\/#website"},"primaryImageOfPage":{"@id":"https:\/\/dinn.ucsc.cl\/index.php\/centro-de-investigacion-en-educacion-y-desarrollo-ciede\/#primaryimage"},"datePublished":"2022-11-29T01:45:57+00:00","dateModified":"2022-11-29T01:45:57+00:00","breadcrumb":{"@id":"https:\/\/dinn.ucsc.cl\/index.php\/centro-de-investigacion-en-educacion-y-desarrollo-ciede\/#breadcrumb"},"inLanguage":"es","potentialAction":[{"@type":"ReadAction","target":["https:\/\/dinn.ucsc.cl\/index.php\/centro-de-investigacion-en-educacion-y-desarrollo-ciede\/"]}]},{"@type":"BreadcrumbList","@id":"https:\/\/dinn.ucsc.cl\/index.php\/centro-de-investigacion-en-educacion-y-desarrollo-ciede\/#breadcrumb","itemListElement":[{"@type":"ListItem","position":1,"name":"Inicio","item":"https:\/\/dinn.ucsc.cl\/"},{"@type":"ListItem","position":2,"name":"Centro de Investigaci\u00f3n en educaci\u00f3n y Desarrollo (CIEDE)"}]}]}},"_links":{"self":[{"href":"https:\/\/dinn.ucsc.cl\/index.php\/wp-json\/wp\/v2\/pages\/4186"}],"collection":[{"href":"https:\/\/dinn.ucsc.cl\/index.php\/wp-json\/wp\/v2\/pages"}],"about":[{"href":"https:\/\/dinn.ucsc.cl\/index.php\/wp-json\/wp\/v2\/types\/page"}],"author":[{"embeddable":true,"href":"https:\/\/dinn.ucsc.cl\/index.php\/wp-json\/wp\/v2\/users\/84"}],"replies":[{"embeddable":true,"href":"https:\/\/dinn.ucsc.cl\/index.php\/wp-json\/wp\/v2\/comments?post=4186"}],"version-history":[{"count":1,"href":"https:\/\/dinn.ucsc.cl\/index.php\/wp-json\/wp\/v2\/pages\/4186\/revisions"}],"predecessor-version":[{"id":4187,"href":"https:\/\/dinn.ucsc.cl\/index.php\/wp-json\/wp\/v2\/pages\/4186\/revisions\/4187"}],"wp:attachment":[{"href":"https:\/\/dinn.ucsc.cl\/index.php\/wp-json\/wp\/v2\/media?parent=4186"}],"curies":[{"name":"wp","href":"https:\/\/api.w.org\/{rel}","templated":true}]}}