{"id":4188,"date":"2022-11-28T22:46:37","date_gmt":"2022-11-29T01:46:37","guid":{"rendered":"https:\/\/dinn.ucsc.cl\/?page_id=4188"},"modified":"2022-11-28T22:46:37","modified_gmt":"2022-11-29T01:46:37","slug":"centro-de-investigacion-maritimo-portuario-cimp","status":"publish","type":"page","link":"https:\/\/dinn.ucsc.cl\/index.php\/centro-de-investigacion-maritimo-portuario-cimp\/","title":{"rendered":"Centro de Investigaci\u00f3n Mar\u00edtimo Portuario (CIMP)"},"content":{"rendered":"<table class=\" alignleft\">\n<tbody>\n<tr>\n<td style=\"width: 741px\" colspan=\"4\"><img loading=\"lazy\" class=\"aligncenter size-full wp-image-2898\" src=\"https:\/\/sitios.ucsc.cl\/ott\/wp-content\/uploads\/sites\/15\/2022\/07\/capucsc5.png\" alt=\"\" width=\"950\" height=\"194\" \/><\/td>\n<\/tr>\n<tr>\n<td style=\"width: 71px\"><\/td>\n<td style=\"width: 72px\"><img loading=\"lazy\" class=\"aligncenter wp-image-2512 size-full\" src=\"https:\/\/sitios.ucsc.cl\/ott\/wp-content\/uploads\/sites\/15\/2022\/07\/CU_1.png\" alt=\"\" width=\"50\" height=\"50\" \/><\/td>\n<td style=\"width: 595px\">\n<h3>Descripci\u00f3n<\/h3>\n<\/td>\n<td style=\"width: 3px\"><\/td>\n<\/tr>\n<tr>\n<td style=\"width: 71px\"><\/td>\n<td style=\"width: 72px\"><\/td>\n<td style=\"width: 595px\">Centro orientado a la investigaci\u00f3n, capacitaci\u00f3n y transferencia tecnol\u00f3gica dirigidas al desarrollo de las actividades de transporte, mar\u00edtimas, portuarias y log\u00edsticas en pos del logro de una mayor eficiencia de las actividades para un desarrollo sustentable de la regi\u00f3n y el pa\u00eds, a\u00a0trav\u00e9s de la generaci\u00f3n multidisciplinar de soluciones.<br \/>\nSus l\u00edneas de desempe\u00f1o abarcan la gesti\u00f3n territorial de zonas costeras, modelamiento y dise\u00f1o costero, gesti\u00f3n y operaci\u00f3n portuaria y capacitaci\u00f3n y asesor\u00eda especializada.<\/td>\n<td style=\"width: 3px\"><\/td>\n<\/tr>\n<tr>\n<td style=\"width: 71px\"><\/td>\n<td style=\"width: 72px\"><img loading=\"lazy\" class=\"aligncenter size-full wp-image-2558\" src=\"https:\/\/sitios.ucsc.cl\/ott\/wp-content\/uploads\/sites\/15\/2022\/07\/CU_5.png\" alt=\"\" width=\"50\" height=\"50\" \/><\/td>\n<td style=\"width: 595px\">\n<h3>Dependencia<\/h3>\n<p>Vicerrector\u00eda de Vinculaci\u00f3n con la Sociedad.<\/td>\n<td style=\"width: 3px\"><\/td>\n<\/tr>\n<tr>\n<td style=\"width: 71px\"><\/td>\n<td style=\"width: 72px\"><img loading=\"lazy\" class=\"aligncenter size-full wp-image-2555\" src=\"https:\/\/sitios.ucsc.cl\/ott\/wp-content\/uploads\/sites\/15\/2022\/07\/CU_10.png\" alt=\"\" width=\"50\" height=\"50\" \/><\/td>\n<td style=\"width: 595px\">\n<h3>Director(a) responsable<\/h3>\n<p>Dr. Jorge Beyer Barrientos<\/td>\n<td style=\"width: 3px\"><\/td>\n<\/tr>\n<tr>\n<td style=\"width: 71px\"><\/td>\n<td style=\"width: 72px\"><img loading=\"lazy\" class=\"aligncenter size-full wp-image-2557\" src=\"https:\/\/sitios.ucsc.cl\/ott\/wp-content\/uploads\/sites\/15\/2022\/07\/CU_4.png\" alt=\"\" width=\"50\" height=\"50\" \/><\/td>\n<td style=\"width: 595px\">\n<h3>Contacto<\/h3>\n<p>Tel\u00e9fono: +56 41-2345080<br \/>\nMail: jbeyer@ucsc.cl<\/td>\n<td style=\"width: 3px\"><\/td>\n<\/tr>\n<tr>\n<td style=\"width: 71px\"><\/td>\n<td style=\"width: 72px\"><img loading=\"lazy\" class=\"aligncenter size-full wp-image-2559\" src=\"https:\/\/sitios.ucsc.cl\/ott\/wp-content\/uploads\/sites\/15\/2022\/07\/CU_6.png\" alt=\"\" width=\"50\" height=\"50\" \/><\/td>\n<td style=\"width: 595px\">\n<h3>Web<\/h3>\n<p>www.cimp.ucsc.cl<\/td>\n<td style=\"width: 3px\"><\/td>\n<\/tr>\n<tr>\n<td style=\"width: 71px\"><\/td>\n<td style=\"width: 72px\"><img loading=\"lazy\" class=\"aligncenter size-full wp-image-2512\" src=\"https:\/\/sitios.ucsc.cl\/ott\/wp-content\/uploads\/sites\/15\/2022\/07\/CU_1.png\" alt=\"\" width=\"50\" height=\"50\" \/><\/td>\n<td style=\"width: 595px\">\n<h3>\u00c1reas de conocimiento<\/h3>\n<\/td>\n<td style=\"width: 3px\"><\/td>\n<\/tr>\n<tr>\n<td style=\"width: 71px\"><\/td>\n<td style=\"width: 72px\"><\/td>\n<td style=\"width: 595px\">\u2022 Ingenier\u00eda de transportes.<br \/>\n\u2022 Ingenier\u00eda hidr\u00e1ulica.<br \/>\n\u2022 Ingenier\u00eda industrial y de sistemas.<br \/>\n\u2022 Log\u00edstica portuaria.<br \/>\n\u2022 Otras especialidades de la econom\u00eda.<\/td>\n<td style=\"width: 3px\"><\/td>\n<\/tr>\n<tr>\n<td style=\"width: 71px\"><\/td>\n<td style=\"width: 72px\"><img loading=\"lazy\" class=\"aligncenter size-full wp-image-2556\" src=\"https:\/\/sitios.ucsc.cl\/ott\/wp-content\/uploads\/sites\/15\/2022\/07\/CU_3.png\" alt=\"\" width=\"50\" height=\"50\" \/><\/td>\n<td style=\"width: 595px\">\n<h3>Oferta tecnol\u00f3gica<\/h3>\n<\/td>\n<td style=\"width: 3px\"><\/td>\n<\/tr>\n<tr>\n<td style=\"width: 71px\"><\/td>\n<td style=\"width: 72px\"><\/td>\n<td style=\"width: 595px\">\u2022 Ingenier\u00eda de transportes.<br \/>\n\u2022 Ingenier\u00eda hidr\u00e1ulica.<br \/>\n\u2022 Ingenier\u00eda industrial y de sistemas.<br \/>\n\u2022 Log\u00edstica portuaria.<br \/>\n\u2022 Otras especialidades de la econom\u00eda.<\/td>\n<td style=\"width: 3px\"><\/td>\n<\/tr>\n<tr>\n<td style=\"width: 71px\"><\/td>\n<td style=\"width: 72px\"><img loading=\"lazy\" class=\"aligncenter size-full wp-image-2561\" src=\"https:\/\/sitios.ucsc.cl\/ott\/wp-content\/uploads\/sites\/15\/2022\/07\/CU_8.png\" alt=\"\" width=\"50\" height=\"50\" \/><\/td>\n<td style=\"width: 595px\">\n<h3>Experiencia de la unidad<\/h3>\n<p>Proyectos ejecutados:<\/td>\n<td style=\"width: 3px\"><\/td>\n<\/tr>\n<tr>\n<td style=\"width: 71px\"><\/td>\n<td style=\"width: 72px\"><\/td>\n<td style=\"width: 595px\"><strong>2018<\/strong><br \/>\n\u2022 Plataforma de Gesti\u00f3n Integrada para Proyectos de Inversi\u00f3n en Infraestructura Intermodal y actividades Log\u00edsticas p\u00fablica privada de la macro zona centro sur de Chile. INNOVA CHILE Bien p\u00fablico. Jorge Beyer Responsable institucional.<br \/>\n\u2022 Fortalecimiento Mesas COMEX de la Meso Regi\u00f3n Maule Los Lagos. CORFO (CODESSER).<br \/>\n\u2022 Catastro de infraestructura log\u00edstica Maule Los Lagos. CORFO (CODESSER).<strong>2017<\/strong>\u2022 Contrataci\u00f3n de un servicio experto que implemente un programa de formaci\u00f3n de competencias t\u00e9cnicas para la industria del transporte, log\u00edstica y portuaria. CORFO (FIC).<br \/>\n\u2022 Estudio de carga de exportaci\u00f3n para la macro zona Maule Los lagos. CORP. MAULE.<br \/>\n\u2022 Participantes en Centro de Alta Tecnolog\u00eda para la Log\u00edstica (CATL) CORFO Bienes p\u00fablicos. Jorge Beyer (coinvestigador).<br \/>\n\u2022 Participantes CETLOG. CORFO.<strong>2016<\/strong><br \/>\n\u2022 Construcci\u00f3n Hoja De Ruta Para La Log\u00edstica Meso Regional Maule Los Lagos. CORFO (CODESSER).<br \/>\n\u2022 PEM Log\u00edstico Meso Regional Maule Los Lagos. CORFO.<strong>2015<\/strong><br \/>\n\u2022 Asistencia T\u00e9cnica para la elaboraci\u00f3n de TTR. CORP MAULE.<\/td>\n<td style=\"width: 3px\"><\/td>\n<\/tr>\n<tr>\n<td style=\"width: 71px\"><\/td>\n<td style=\"width: 72px\"><img loading=\"lazy\" class=\"aligncenter size-full wp-image-2560\" src=\"https:\/\/sitios.ucsc.cl\/ott\/wp-content\/uploads\/sites\/15\/2022\/07\/CU_7.png\" alt=\"\" width=\"50\" height=\"50\" \/><\/td>\n<td style=\"width: 595px\">\n<h3>Infraestructura<\/h3>\n<p>El centro cuenta con una infraestructura de 30 m2.<\/td>\n<td style=\"width: 3px\"><\/td>\n<\/tr>\n<tr>\n<td style=\"width: 71px\"><\/td>\n<td style=\"width: 72px\"><img loading=\"lazy\" class=\"aligncenter size-full wp-image-2562\" src=\"https:\/\/sitios.ucsc.cl\/ott\/wp-content\/uploads\/sites\/15\/2022\/07\/CU_9.png\" alt=\"\" width=\"50\" height=\"50\" \/><\/td>\n<td style=\"width: 595px\">\n<h3>Equipamiento<\/h3>\n<p>Compuesto por 2 oficinas equipadas, una utilizada para sala de reuniones.<\/td>\n<td style=\"width: 3px\"><\/td>\n<\/tr>\n<tr>\n<td style=\"width: 71px\"><\/td>\n<td style=\"width: 72px\"><img loading=\"lazy\" class=\"aligncenter size-full wp-image-2555\" src=\"https:\/\/sitios.ucsc.cl\/ott\/wp-content\/uploads\/sites\/15\/2022\/07\/CU_10.png\" alt=\"\" width=\"50\" height=\"50\" \/><\/td>\n<td style=\"width: 595px\">\n<h3>Integrantes de la unidad<\/h3>\n<p>El Centro cuenta con un equipo humano interdisciplinario integrado por:<\/td>\n<td style=\"width: 3px\"><\/td>\n<\/tr>\n<tr>\n<td style=\"width: 71px\"><\/td>\n<td style=\"width: 72px\"><\/td>\n<td style=\"width: 595px\">\u2022 Dr. Jorge Beyer<br \/>\n\u2022 Mg. Karem Urz\u00faa<br \/>\n\u2022 Dr. Cristian Oliva<br \/>\n\u2022 Ph. D. Manuel Cepeda<br \/>\n\u2022 Dr. Pedro Tume<br \/>\n\u2022 Mg. Cristian C\u00e1rdenas<br \/>\n\u2022 Mg. Pablo Venegas<br \/>\n\u2022 Mg. Mauricio Villagr\u00e1n<br \/>\n\u2022 Dr. Rafael Ar\u00e1nguiz<\/td>\n<td style=\"width: 3px\"><\/td>\n<\/tr>\n<tr>\n<td style=\"width: 71px\"><\/td>\n<td style=\"width: 667px\" colspan=\"2\">&nbsp;<\/p>\n<p>&nbsp;<\/td>\n<td style=\"width: 3px\"><\/td>\n<\/tr>\n<\/tbody>\n<\/table>\n<h5><\/h5>\n","protected":false},"excerpt":{"rendered":"<p>Descripci\u00f3n Centro orientado a la investigaci\u00f3n, capacitaci\u00f3n y transferencia tecnol\u00f3gica dirigidas al desarrollo de las actividades de transporte, mar\u00edtimas, portuarias y log\u00edsticas en pos del logro de una mayor eficiencia de las actividades para un desarrollo sustentable de la regi\u00f3n y el pa\u00eds, a\u00a0trav\u00e9s de la generaci\u00f3n multidisciplinar de soluciones. Sus l\u00edneas de desempe\u00f1o abarcan [&hellip;]<\/p>\n","protected":false},"author":84,"featured_media":0,"parent":0,"menu_order":0,"comment_status":"closed","ping_status":"closed","template":"","meta":[],"yoast_head":"<!-- This site is optimized with the Yoast SEO plugin v18.9 - https:\/\/yoast.com\/wordpress\/plugins\/seo\/ -->\n<title>Centro de Investigaci\u00f3n Mar\u00edtimo Portuario (CIMP) -<\/title>\n<meta name=\"robots\" content=\"index, follow, max-snippet:-1, max-image-preview:large, max-video-preview:-1\" \/>\n<link rel=\"canonical\" href=\"https:\/\/dinn.ucsc.cl\/index.php\/centro-de-investigacion-maritimo-portuario-cimp\/\" \/>\n<meta property=\"og:locale\" content=\"es_ES\" \/>\n<meta property=\"og:type\" content=\"article\" \/>\n<meta property=\"og:title\" content=\"Centro de Investigaci\u00f3n Mar\u00edtimo Portuario (CIMP) -\" \/>\n<meta property=\"og:description\" content=\"Descripci\u00f3n Centro orientado a la investigaci\u00f3n, capacitaci\u00f3n y transferencia tecnol\u00f3gica dirigidas al desarrollo de las actividades de transporte, mar\u00edtimas, portuarias y log\u00edsticas en pos del logro de una mayor eficiencia de las actividades para un desarrollo sustentable de la regi\u00f3n y el pa\u00eds, a\u00a0trav\u00e9s de la generaci\u00f3n multidisciplinar de soluciones. Sus l\u00edneas de desempe\u00f1o abarcan [&hellip;]\" \/>\n<meta property=\"og:url\" content=\"https:\/\/dinn.ucsc.cl\/index.php\/centro-de-investigacion-maritimo-portuario-cimp\/\" \/>\n<meta property=\"article:publisher\" content=\"https:\/\/m.facebook.com\/DINNUCSC\" \/>\n<meta property=\"og:image\" content=\"https:\/\/sitios.ucsc.cl\/ott\/wp-content\/uploads\/sites\/15\/2022\/07\/capucsc5.png\" \/>\n<meta name=\"twitter:card\" content=\"summary\" \/>\n<meta name=\"twitter:site\" content=\"@dinn_ucsc\" \/>\n<meta name=\"twitter:label1\" content=\"Tiempo de lectura\" \/>\n\t<meta name=\"twitter:data1\" content=\"2 minutos\" \/>\n<script type=\"application\/ld+json\" class=\"yoast-schema-graph\">{\"@context\":\"https:\/\/schema.org\",\"@graph\":[{\"@type\":\"WebSite\",\"@id\":\"https:\/\/dinn.ucsc.cl\/#website\",\"url\":\"https:\/\/dinn.ucsc.cl\/\",\"name\":\"Direcci\u00f3n de Innovaci\u00f3n UCSC\",\"description\":\"Direcci\u00f3n de Innovaci\u00f3n\",\"potentialAction\":[{\"@type\":\"SearchAction\",\"target\":{\"@type\":\"EntryPoint\",\"urlTemplate\":\"https:\/\/dinn.ucsc.cl\/?s={search_term_string}\"},\"query-input\":\"required name=search_term_string\"}],\"inLanguage\":\"es\"},{\"@type\":\"ImageObject\",\"inLanguage\":\"es\",\"@id\":\"https:\/\/dinn.ucsc.cl\/index.php\/centro-de-investigacion-maritimo-portuario-cimp\/#primaryimage\",\"url\":\"https:\/\/sitios.ucsc.cl\/ott\/wp-content\/uploads\/sites\/15\/2022\/07\/capucsc5.png\",\"contentUrl\":\"https:\/\/sitios.ucsc.cl\/ott\/wp-content\/uploads\/sites\/15\/2022\/07\/capucsc5.png\"},{\"@type\":\"WebPage\",\"@id\":\"https:\/\/dinn.ucsc.cl\/index.php\/centro-de-investigacion-maritimo-portuario-cimp\/#webpage\",\"url\":\"https:\/\/dinn.ucsc.cl\/index.php\/centro-de-investigacion-maritimo-portuario-cimp\/\",\"name\":\"Centro de Investigaci\u00f3n Mar\u00edtimo Portuario (CIMP) -\",\"isPartOf\":{\"@id\":\"https:\/\/dinn.ucsc.cl\/#website\"},\"primaryImageOfPage\":{\"@id\":\"https:\/\/dinn.ucsc.cl\/index.php\/centro-de-investigacion-maritimo-portuario-cimp\/#primaryimage\"},\"datePublished\":\"2022-11-29T01:46:37+00:00\",\"dateModified\":\"2022-11-29T01:46:37+00:00\",\"breadcrumb\":{\"@id\":\"https:\/\/dinn.ucsc.cl\/index.php\/centro-de-investigacion-maritimo-portuario-cimp\/#breadcrumb\"},\"inLanguage\":\"es\",\"potentialAction\":[{\"@type\":\"ReadAction\",\"target\":[\"https:\/\/dinn.ucsc.cl\/index.php\/centro-de-investigacion-maritimo-portuario-cimp\/\"]}]},{\"@type\":\"BreadcrumbList\",\"@id\":\"https:\/\/dinn.ucsc.cl\/index.php\/centro-de-investigacion-maritimo-portuario-cimp\/#breadcrumb\",\"itemListElement\":[{\"@type\":\"ListItem\",\"position\":1,\"name\":\"Inicio\",\"item\":\"https:\/\/dinn.ucsc.cl\/\"},{\"@type\":\"ListItem\",\"position\":2,\"name\":\"Centro de Investigaci\u00f3n Mar\u00edtimo Portuario (CIMP)\"}]}]}<\/script>\n<!-- \/ Yoast SEO plugin. -->","yoast_head_json":{"title":"Centro de Investigaci\u00f3n Mar\u00edtimo Portuario (CIMP) -","robots":{"index":"index","follow":"follow","max-snippet":"max-snippet:-1","max-image-preview":"max-image-preview:large","max-video-preview":"max-video-preview:-1"},"canonical":"https:\/\/dinn.ucsc.cl\/index.php\/centro-de-investigacion-maritimo-portuario-cimp\/","og_locale":"es_ES","og_type":"article","og_title":"Centro de Investigaci\u00f3n Mar\u00edtimo Portuario (CIMP) -","og_description":"Descripci\u00f3n Centro orientado a la investigaci\u00f3n, capacitaci\u00f3n y transferencia tecnol\u00f3gica dirigidas al desarrollo de las actividades de transporte, mar\u00edtimas, portuarias y log\u00edsticas en pos del logro de una mayor eficiencia de las actividades para un desarrollo sustentable de la regi\u00f3n y el pa\u00eds, a\u00a0trav\u00e9s de la generaci\u00f3n multidisciplinar de soluciones. Sus l\u00edneas de desempe\u00f1o abarcan [&hellip;]","og_url":"https:\/\/dinn.ucsc.cl\/index.php\/centro-de-investigacion-maritimo-portuario-cimp\/","article_publisher":"https:\/\/m.facebook.com\/DINNUCSC","og_image":[{"url":"https:\/\/sitios.ucsc.cl\/ott\/wp-content\/uploads\/sites\/15\/2022\/07\/capucsc5.png"}],"twitter_card":"summary","twitter_site":"@dinn_ucsc","twitter_misc":{"Tiempo de lectura":"2 minutos"},"schema":{"@context":"https:\/\/schema.org","@graph":[{"@type":"WebSite","@id":"https:\/\/dinn.ucsc.cl\/#website","url":"https:\/\/dinn.ucsc.cl\/","name":"Direcci\u00f3n de Innovaci\u00f3n UCSC","description":"Direcci\u00f3n de Innovaci\u00f3n","potentialAction":[{"@type":"SearchAction","target":{"@type":"EntryPoint","urlTemplate":"https:\/\/dinn.ucsc.cl\/?s={search_term_string}"},"query-input":"required name=search_term_string"}],"inLanguage":"es"},{"@type":"ImageObject","inLanguage":"es","@id":"https:\/\/dinn.ucsc.cl\/index.php\/centro-de-investigacion-maritimo-portuario-cimp\/#primaryimage","url":"https:\/\/sitios.ucsc.cl\/ott\/wp-content\/uploads\/sites\/15\/2022\/07\/capucsc5.png","contentUrl":"https:\/\/sitios.ucsc.cl\/ott\/wp-content\/uploads\/sites\/15\/2022\/07\/capucsc5.png"},{"@type":"WebPage","@id":"https:\/\/dinn.ucsc.cl\/index.php\/centro-de-investigacion-maritimo-portuario-cimp\/#webpage","url":"https:\/\/dinn.ucsc.cl\/index.php\/centro-de-investigacion-maritimo-portuario-cimp\/","name":"Centro de Investigaci\u00f3n Mar\u00edtimo Portuario (CIMP) -","isPartOf":{"@id":"https:\/\/dinn.ucsc.cl\/#website"},"primaryImageOfPage":{"@id":"https:\/\/dinn.ucsc.cl\/index.php\/centro-de-investigacion-maritimo-portuario-cimp\/#primaryimage"},"datePublished":"2022-11-29T01:46:37+00:00","dateModified":"2022-11-29T01:46:37+00:00","breadcrumb":{"@id":"https:\/\/dinn.ucsc.cl\/index.php\/centro-de-investigacion-maritimo-portuario-cimp\/#breadcrumb"},"inLanguage":"es","potentialAction":[{"@type":"ReadAction","target":["https:\/\/dinn.ucsc.cl\/index.php\/centro-de-investigacion-maritimo-portuario-cimp\/"]}]},{"@type":"BreadcrumbList","@id":"https:\/\/dinn.ucsc.cl\/index.php\/centro-de-investigacion-maritimo-portuario-cimp\/#breadcrumb","itemListElement":[{"@type":"ListItem","position":1,"name":"Inicio","item":"https:\/\/dinn.ucsc.cl\/"},{"@type":"ListItem","position":2,"name":"Centro de Investigaci\u00f3n Mar\u00edtimo Portuario (CIMP)"}]}]}},"_links":{"self":[{"href":"https:\/\/dinn.ucsc.cl\/index.php\/wp-json\/wp\/v2\/pages\/4188"}],"collection":[{"href":"https:\/\/dinn.ucsc.cl\/index.php\/wp-json\/wp\/v2\/pages"}],"about":[{"href":"https:\/\/dinn.ucsc.cl\/index.php\/wp-json\/wp\/v2\/types\/page"}],"author":[{"embeddable":true,"href":"https:\/\/dinn.ucsc.cl\/index.php\/wp-json\/wp\/v2\/users\/84"}],"replies":[{"embeddable":true,"href":"https:\/\/dinn.ucsc.cl\/index.php\/wp-json\/wp\/v2\/comments?post=4188"}],"version-history":[{"count":1,"href":"https:\/\/dinn.ucsc.cl\/index.php\/wp-json\/wp\/v2\/pages\/4188\/revisions"}],"predecessor-version":[{"id":4189,"href":"https:\/\/dinn.ucsc.cl\/index.php\/wp-json\/wp\/v2\/pages\/4188\/revisions\/4189"}],"wp:attachment":[{"href":"https:\/\/dinn.ucsc.cl\/index.php\/wp-json\/wp\/v2\/media?parent=4188"}],"curies":[{"name":"wp","href":"https:\/\/api.w.org\/{rel}","templated":true}]}}