{"id":4190,"date":"2022-11-28T22:47:14","date_gmt":"2022-11-29T01:47:14","guid":{"rendered":"https:\/\/dinn.ucsc.cl\/?page_id=4190"},"modified":"2022-11-28T22:47:14","modified_gmt":"2022-11-29T01:47:14","slug":"centro-regional-de-estudios-ambientales-crea","status":"publish","type":"page","link":"https:\/\/dinn.ucsc.cl\/index.php\/centro-regional-de-estudios-ambientales-crea\/","title":{"rendered":"Centro Regional de Estudios Ambientales (CREA)"},"content":{"rendered":"<table class=\" alignleft\">\n<tbody>\n<tr>\n<td style=\"width: 741px\" colspan=\"4\"><img loading=\"lazy\" class=\"aligncenter size-full wp-image-2899\" src=\"https:\/\/sitios.ucsc.cl\/ott\/wp-content\/uploads\/sites\/15\/2022\/07\/capucsc6.png\" alt=\"\" width=\"950\" height=\"194\" \/><\/td>\n<\/tr>\n<tr>\n<td style=\"width: 66px\"><\/td>\n<td style=\"width: 81px\"><img loading=\"lazy\" class=\"aligncenter wp-image-2512 size-full\" src=\"https:\/\/sitios.ucsc.cl\/ott\/wp-content\/uploads\/sites\/15\/2022\/07\/CU_1.png\" alt=\"\" width=\"50\" height=\"50\" \/><\/td>\n<td style=\"width: 591px\">\n<h3>Descripci\u00f3n<\/h3>\n<\/td>\n<td style=\"width: 3px\"><\/td>\n<\/tr>\n<tr>\n<td style=\"width: 66px\"><\/td>\n<td style=\"width: 81px\"><\/td>\n<td style=\"width: 591px\">Unidad de Investigaci\u00f3n y Servicios creado el a\u00f1o 2006, destinado a la generaci\u00f3n de investigaci\u00f3n cient\u00edfico-t\u00e9cnica y desarrollo de estudios en el \u00e1rea medio ambiental, como una respuesta a la creciente necesidad de las empresas\u00a0de la regi\u00f3n y del pa\u00eds por contar con una oportuna asistencia, colaboraci\u00f3n y asesor\u00eda ambiental, que les permita responder a los requerimientos internos corporativos y aquellos que exige la autoridad ambiental del pa\u00eds.<\/td>\n<td style=\"width: 3px\"><\/td>\n<\/tr>\n<tr>\n<td style=\"width: 66px\"><\/td>\n<td style=\"width: 81px\"><img loading=\"lazy\" class=\"aligncenter size-full wp-image-2558\" src=\"https:\/\/sitios.ucsc.cl\/ott\/wp-content\/uploads\/sites\/15\/2022\/07\/CU_5.png\" alt=\"\" width=\"50\" height=\"50\" \/><\/td>\n<td style=\"width: 591px\">\n<h3>Dependencia<\/h3>\n<p>Vicerrector\u00eda de Vinculaci\u00f3n con la Sociedad.<\/td>\n<td style=\"width: 3px\"><\/td>\n<\/tr>\n<tr>\n<td style=\"width: 66px\"><\/td>\n<td style=\"width: 81px\"><img loading=\"lazy\" class=\"aligncenter size-full wp-image-2555\" src=\"https:\/\/sitios.ucsc.cl\/ott\/wp-content\/uploads\/sites\/15\/2022\/07\/CU_10.png\" alt=\"\" width=\"50\" height=\"50\" \/><\/td>\n<td style=\"width: 591px\">\n<h3>Director(a) responsable<\/h3>\n<p>Dr. Dagoberto Arcos Rojas<\/td>\n<td style=\"width: 3px\"><\/td>\n<\/tr>\n<tr>\n<td style=\"width: 66px\"><\/td>\n<td style=\"width: 81px\"><img loading=\"lazy\" class=\"aligncenter size-full wp-image-2557\" src=\"https:\/\/sitios.ucsc.cl\/ott\/wp-content\/uploads\/sites\/15\/2022\/07\/CU_4.png\" alt=\"\" width=\"50\" height=\"50\" \/><\/td>\n<td style=\"width: 591px\">\n<h3>Contacto<\/h3>\n<p>Tel\u00e9fono: +56 41-2345090<br \/>\nMail: secre.tecnica@ucsc.cl<\/td>\n<td style=\"width: 3px\"><\/td>\n<\/tr>\n<tr>\n<td style=\"width: 66px\"><\/td>\n<td style=\"width: 81px\"><img loading=\"lazy\" class=\"aligncenter size-full wp-image-2559\" src=\"https:\/\/sitios.ucsc.cl\/ott\/wp-content\/uploads\/sites\/15\/2022\/07\/CU_6.png\" alt=\"\" width=\"50\" height=\"50\" \/><\/td>\n<td style=\"width: 591px\">\n<h3>Web<\/h3>\n<p>www.creaucsc.cl<\/td>\n<td style=\"width: 3px\"><\/td>\n<\/tr>\n<tr>\n<td style=\"width: 66px\"><\/td>\n<td style=\"width: 81px\"><img loading=\"lazy\" class=\"aligncenter size-full wp-image-2512\" src=\"https:\/\/sitios.ucsc.cl\/ott\/wp-content\/uploads\/sites\/15\/2022\/07\/CU_1.png\" alt=\"\" width=\"50\" height=\"50\" \/><\/td>\n<td style=\"width: 591px\">\n<h3>\u00c1reas de conocimiento<\/h3>\n<p>\u2022 Ecolog\u00eda y ciencias ambientales.<br \/>\n\u2022 Ecotoxicolog\u00eda.<br \/>\n\u2022 Limnolog\u00eda.<br \/>\n\u2022 Oceanograf\u00eda.<br \/>\n\u2022 Pesca y piscicultura.<\/td>\n<td style=\"width: 3px\"><\/td>\n<\/tr>\n<tr>\n<td style=\"width: 66px\"><\/td>\n<td style=\"width: 81px\"><img loading=\"lazy\" class=\"aligncenter size-full wp-image-2556\" src=\"https:\/\/sitios.ucsc.cl\/ott\/wp-content\/uploads\/sites\/15\/2022\/07\/CU_3.png\" alt=\"\" width=\"50\" height=\"50\" \/><\/td>\n<td style=\"width: 591px\">\n<h3>Oferta tecnol\u00f3gica<\/h3>\n<\/td>\n<td style=\"width: 3px\"><\/td>\n<\/tr>\n<tr>\n<td style=\"width: 66px\"><\/td>\n<td style=\"width: 81px\"><\/td>\n<td style=\"width: 591px\">\u2022 Desalaci\u00f3n de aguas marinas, abastecimiento de agua y an\u00e1lisis y tratamiento de aguas residuales.<br \/>\n\u2022 Exploraci\u00f3n y explotaci\u00f3n del ambiente territorial, pesca y acuicultura.<br \/>\n\u2022 Planificaci\u00f3n ambiental y urban\u00edstica.<br \/>\n\u2022 Prospecciones marinas y profundidad del fondo marino.<br \/>\n\u2022 Seguimientos ambientales, tecnolog\u00eda agr\u00edcola y productividad.<\/td>\n<td style=\"width: 3px\"><\/td>\n<\/tr>\n<tr>\n<td style=\"width: 66px\"><\/td>\n<td style=\"width: 81px\"><img loading=\"lazy\" class=\"aligncenter size-full wp-image-2561\" src=\"https:\/\/sitios.ucsc.cl\/ott\/wp-content\/uploads\/sites\/15\/2022\/07\/CU_8.png\" alt=\"\" width=\"50\" height=\"50\" \/><\/td>\n<td style=\"width: 591px\">\n<h3>Experiencia de la unidad<\/h3>\n<p>Proyectos ejecutados por el CREA:<\/td>\n<td style=\"width: 3px\"><\/td>\n<\/tr>\n<tr>\n<td style=\"width: 66px\"><\/td>\n<td style=\"width: 81px\"><\/td>\n<td style=\"width: 591px\"><strong>Trabajos en el \u00e1rea terrestre (2008-2016)<\/strong><br \/>\n\u2022 Bolet\u00edn Meteorol\u00f3gico Sector Constituci\u00f3n. Planta Celulosa Constituci\u00f3n. Celulosa Arauco y Constituci\u00f3n S.A. (2008 -2011).<br \/>\n\u2022 Inventario de Flora y Fauna en Isla Lagartija, Calbuco. Compa\u00f1\u00eda de Petr\u00f3leos de Chile, Copec S.A. (2010).<br \/>\n\u2022 Proyecto \u201cCaracterizaci\u00f3n de Flora y Fauna Terrestre e Ictiofauna presente en Cuenca Lota, Regi\u00f3n del Biob\u00edo. Celulosa Arauco y Constituci\u00f3n S.A. (2011-2014).<br \/>\n\u2022 Proyecto \u201cCaracterizaci\u00f3n de Flora y Fauna presente en Sector Raqui, Provincia de Arauco, Regi\u00f3n del Biob\u00edo. Celulosa Arauco y Constituci\u00f3n S.A. (2011-2014).<br \/>\n\u2022 Inventario de Fauna Terrestre presente en el Parque Coyanmahuida, Comuna de Florida, Regi\u00f3n del Biob\u00edo. Celulosa Arauco y Constituci\u00f3n S.A (2012).<br \/>\n\u2022 Caracterizaci\u00f3n de Flora y Fauna Terrestre e Ictiofauna Presente en Cuenca Lota, Regi\u00f3n del Biob\u00edo. Campa\u00f1as Pre y Post Cosecha. Celulosa Arauco y Constituci\u00f3n S.A (2012).<br \/>\n\u2022 Caracterizaci\u00f3n de la Fauna Terrestre Presente en Sector Raqui, Provincia de Arauco, Regi\u00f3n del Biob\u00edo. Celulosa Arauco y Constituci\u00f3n S.A (2012).<br \/>\n\u2022 Caracterizaci\u00f3n de Flora y Vegetaci\u00f3n Presente en Sector Raqui, Provincia de Arauco, Regi\u00f3n del Biob\u00edo. Celulosa Arauco y Constituci\u00f3n S.A (2012).<br \/>\n\u2022 Avifauna Acu\u00e1tica y Marina del Sector Costero de Constituci\u00f3n. Celulosa Arauco y Constituci\u00f3n S.A. (2006-2016).<br \/>\n\u2022 Caracterizaci\u00f3n de la Fauna Terrestre Presente en Sector Raqui, Provincia de Arauco, Regi\u00f3n del Biob\u00edo. Celulosa Arauco y Constituci\u00f3n S.A. (2014-2015).<br \/>\n\u2022 Caracterizaci\u00f3n de Flora y Vegetaci\u00f3n Presente en Sector Raqui, Provincia de Arauco, Regi\u00f3n del Biob\u00edo. Celulosa Arauco y Constituci\u00f3n S.A. (2014-2015).<br \/>\n\u2022 Caracterizaci\u00f3n Linmol\u00f3gica de Seis Cuerpos de Agua Ubicado en el Sector Raqui-Horcones. Celulosa Arauco y Constituci\u00f3n S.A. (2014-2015).<\/p>\n<h3><\/h3>\n<p><strong>Trabajos en el \u00e1rea marina y dulceacu\u00edcola (2006-2019):<\/strong><br \/>\n\u2022 Monitoreo Integral de la Secci\u00f3n Baja del R\u00edo Mataquito. Regi\u00f3n del Maule. Planta Celulosa Licancel. Celulosa Arauco y Constituci\u00f3n S.A. (2008-2019).<br \/>\n\u2022 Programa de Monitoreo Planta Nueva Aldea. Bioensayos de Toxicidad en Ambiente Marino. Celulosa Arauco y Constituci\u00f3n S.A. (2006-2019).<br \/>\n\u2022 Programa de Monitoreo Planta Nueva Aldea. Biomarcadores en Ambiente Marino. Celulosa Arauco y Constituci\u00f3n S.A. (2006-2019).<br \/>\n\u2022 Programa de Monitoreo Planta Arauco. Bioensayos de Toxicidad en Ambiente Marino. Celulosa Arauco y Constituci\u00f3n S.A. (2015-2019).<br \/>\n\u2022 Programa de Monitoreo Planta Arauco. Biomarcadores en Ambiente Marino. Celulosa Arauco y Constituci\u00f3n S.A. (2015-2019).<br \/>\n\u2022 Programa de Monitoreo del Medio Ambiente Marino Planta Constituci\u00f3n. RCA N\u00b034\/2006. Celulosa Arauco y Constituci\u00f3n S.A. (2007-2019).<\/p>\n<p>\u2022 Calidad del Medio Ambiente Marino. Caracter\u00edsticas F\u00edsico-Qu\u00edmicas del Cuerpo de Agua y Sedimento del \u00c1rea de Dragado del Muelle de Pasarela de Enap Refiner\u00edas S.A. (2008; 2012; 2015-2016).<br \/>\n\u2022 Plan de Seguimiento Ambiental del Proyecto de Ampliaci\u00f3n Planta Santa Fe, CMPC Celulosa S.A. (2014-2016).<br \/>\n\u2022 Plan de Seguimiento Ambiental del Proyecto de Ampliaci\u00f3n Planta Laja, CMPC Celulosa S.A. (2014-2014).<br \/>\n\u2022 Establecimiento del Estado de Salud de Peces en el r\u00edo Biob\u00edo, Sector Efluente Planta Santa Fe, CMPC celulosa S.A. (2012-2014).<br \/>\n\u2022 Estudio Estacional de la Abundancia de las Principales Especies Hidrobiol\u00f3gicas en el R\u00edo y Estuario Mataquito. Celulosa Arauco y Constituci\u00f3n S.A. (2008-2010).<br \/>\n\u2022 An\u00e1lisis de Elementos Trazas y Compuestos org\u00e1nicos en Choro Zapato (Choromytilus chorus) Emisario Submarino de Playa el Arenal. Regi\u00f3n del Maule. Celulosa Arauco y Constituci\u00f3n S.A. (2010).<br \/>\n\u2022 PVA del Sector Costero y Adyacente al Emisario Submarino de Asmar Talcahuano. (2010).<br \/>\n\u2022 Evaluaci\u00f3n de la calidad Toxicol\u00f3gica del \u00c1rea adyacente al Muelle de Embarque de Compa\u00f1\u00eda Minera Do\u00f1a In\u00e9s de Collahuasi, Punta Patache, Iquique. (2009-2010).<br \/>\n\u2022 Evaluaci\u00f3n de la Calidad Toxicol\u00f3gica del \u00c1rea Adyacente al Emisario Submarino Planta Arauco, PVA. Celulosa Arauco y Constituci\u00f3n S.A. (2008-2019).<br \/>\n\u2022 Evaluaci\u00f3n de la Fauna Ictica del Humedal Ci\u00e9naga del Name, provincia de Cauquenes. Celulosa Arauco y Constituci\u00f3n S.A. (2010-2011).<br \/>\n\u2022 Programa de Monitoreo del Ambiente Marino Coloso, Desglosado en: Programa de Vigilancia Ambiental de largo plazo; Campa\u00f1a mensual desaladora; Mini-campa\u00f1as Inventario de cobre; Control efluente desaladora; Control de cobre en organismos comestibles; Seguimiento de pesca artesanal. Minera Escondida Ltda. (2011-2019).<br \/>\n\u2022 Monitoreo Sector Coloso. Estudio Estad\u00edstico de la base de datos. Minera Escondida Limitada. (2012).<br \/>\n\u2022 Estimaci\u00f3n del Tiempo de Residencia de las Aguas en el Golfo de Arauco. Elaborado para Celulosa Arauco y Constituci\u00f3n. Plata Arauco.(2012).<\/p>\n<p><strong>Trabajos recientes en el \u00e1rea fomento productivo (2017-2019)<\/strong><br \/>\n\u2022 Nodo Pesca Arauco, Nodo para el Desarrollo Comercial de la Pesca Artesanal de la Provincia de Arauco.<br \/>\n\u2022 Itata Olivos, Nodo para comercializaci\u00f3n del Olivo.<br \/>\n\u2022 Desarrollo y Aplicaci\u00f3n de un Modelo de gesti\u00f3n para el mejoramiento de la calidad del agua de riego para empresarios agr\u00edcolas y organizaciones de usuarios de agua de la provincia del B\u00edo B\u00edo.<br \/>\n\u2022 Actualizaci\u00f3n Plan de Desarrollo Comunal de Contulmo.<br \/>\n\u2022 Desarrollo e Implementaci\u00f3n de Mecanismos de Biorremediaci\u00f3n para mejorar la Sustentabilidad y Competitividad Tur\u00edstica del Lago Lanalhue. Provincia de Arauco.15BP \u2013 45839.<br \/>\n\u2022 Implementaci\u00f3n y difusi\u00f3n de alternativas tecnol\u00f3gicas para la reducci\u00f3n de la contaminaci\u00f3n microbiol\u00f3gica en el recurso h\u00eddrico de uso productivo en productores de Ar\u00e1ndanos de la Provincia del Biob\u00edo.<\/td>\n<td style=\"width: 3px\"><\/td>\n<\/tr>\n<tr>\n<td style=\"width: 66px\"><\/td>\n<td style=\"width: 81px\"><img loading=\"lazy\" class=\"aligncenter size-full wp-image-2560\" src=\"https:\/\/sitios.ucsc.cl\/ott\/wp-content\/uploads\/sites\/15\/2022\/07\/CU_7.png\" alt=\"\" width=\"50\" height=\"50\" \/><\/td>\n<td style=\"width: 591px\">\n<h3>Infraestructura<\/h3>\n<\/td>\n<td style=\"width: 3px\"><\/td>\n<\/tr>\n<tr>\n<td style=\"width: 66px\"><\/td>\n<td style=\"width: 81px\"><\/td>\n<td style=\"width: 591px\">Las dependencias del CREA contemplan una Infraestructura de 1.500 m2, distribuidos en:<br \/>\n\u2022 Laboratorio de Bioensayos.<br \/>\n\u2022 Laboratorio de Biomarcadores.<br \/>\n\u2022 Laboratorio qu\u00edmico BIOTECMAR.<\/td>\n<td style=\"width: 3px\"><\/td>\n<\/tr>\n<tr>\n<td style=\"width: 66px\"><\/td>\n<td style=\"width: 81px\"><img loading=\"lazy\" class=\"aligncenter size-full wp-image-2562\" src=\"https:\/\/sitios.ucsc.cl\/ott\/wp-content\/uploads\/sites\/15\/2022\/07\/CU_9.png\" alt=\"\" width=\"50\" height=\"50\" \/><\/td>\n<td style=\"width: 591px\">\n<h3>Equipamiento<\/h3>\n<\/td>\n<td style=\"width: 3px\"><\/td>\n<\/tr>\n<tr>\n<td style=\"width: 66px\"><\/td>\n<td style=\"width: 81px\"><\/td>\n<td style=\"width: 591px\">\u2022 Laboratorio de Bioensayos: equipamiento para la mantenci\u00f3n de organismos bajo criterios est\u00e1ndar de ejecuci\u00f3n de ensayos. Entre otros: balanza anal\u00edtica; Multipar\u00e1metros; Campana extractora; Microscopios; C\u00e1maras de cultivo; Incubadores; Ba\u00f1os termorregulados; autoclave.<br \/>\n\u2022 Laboratorio de Biomarcadores, equipamiento para realizaci\u00f3n de an\u00e1lisis cuantitativo de par\u00e1metros fisiol\u00f3gicos y bioqu\u00edmicos; Equipamiento especializado; Centrifuga refrigerada; Equipo microplaca, con medici\u00f3n de absorbancia, luminiscencia y fluorescencia.<br \/>\n\u2022 Equipos mantenedor de material biol\u00f3gico (contenedor nitr\u00f3geno l\u00edquido); Salas de trabajo con material fungible necesario.<br \/>\n\u2022 Laboratorio qu\u00edmico BIOTECMAR cuenta en general con equipamiento ICP \u00d3ptico; Cromat\u00f3grafo gaseoso; Espectrofot\u00f3metro de absorci\u00f3n at\u00f3mica; Espectrofot\u00f3metros de UV visible; Liofilizador; Equipo infrarojo; Digestor Kjeldahl; destiladores de nitr\u00f3geno y fenoles; equipos menores para an\u00e1lisis cuantitativos de par\u00e1metros qu\u00edmicos.<br \/>\n\u2022 Adicionalmente el Centro cuenta con Embarcaci\u00f3n, Equipos de Oceanograf\u00eda, Equipos e Instrumental de Administraci\u00f3n y oficinas, Equipos e Instrumental de Laboratorio Ecotoxicolog\u00eda, Equipos e Instrumental Anal\u00edtico de laboratorio Qu\u00edmico Ambiental, Software Especializados con licencia.<\/td>\n<td style=\"width: 3px\"><\/td>\n<\/tr>\n<tr>\n<td style=\"width: 66px\"><\/td>\n<td style=\"width: 81px\"><img loading=\"lazy\" class=\"aligncenter size-full wp-image-2555\" src=\"https:\/\/sitios.ucsc.cl\/ott\/wp-content\/uploads\/sites\/15\/2022\/07\/CU_10.png\" alt=\"\" width=\"50\" height=\"50\" \/><\/td>\n<td style=\"width: 591px\">\n<h3>Integrantes de la unidad<\/h3>\n<p>El Centro cuenta con un equipo humano interdisciplinario integrado por:<\/td>\n<td style=\"width: 3px\"><\/td>\n<\/tr>\n<tr>\n<td style=\"width: 66px\"><\/td>\n<td style=\"width: 81px\"><\/td>\n<td style=\"width: 591px\">Director Dr. Dagoberto Arcos Rojas.<br \/>\nSub-Director Mg. Claudio Espinoza Mendoza.<br \/>\n\u00c1rea de Medio Ambiente y Oceanograf\u00eda.<strong>Laboratorio de Ecotoxicolog\u00eda<\/strong><br \/>\n\u2022 Sr. Claudio Espinoza Mendoza, Ms Medio Ambiente, Licenciado en Biolog\u00eda, Investigador-Jefe Laboratorio de Ecotoxicolog\u00eda.<\/p>\n<p><strong>Laboratorio de Bioensayos<\/strong><br \/>\n\u2022 Sra. Marisol Gajardo Castillo, Bi\u00f3logo, Especialista en Cultivos y Bioensayos. Jefe de Laboratorio.<br \/>\n\u2022 Sra Margarita Donosos Gajardo, Biologo, Msc \u00a9 Bot\u00e1nica.<br \/>\n\u2022 Sr. Eduardo Fuhrer Meneses Bi\u00f3logo Marino, Especialista en Toxicolog\u00eda.<\/p>\n<p><strong>Laboratorio de Biomarcadores<\/strong><br \/>\n\u2022 Sr. Claudio Espinoza Mendoza, Ms Medio Ambiente, Licenciado en Biolog\u00eda, Especialista en Biomarcadores.<br \/>\n\u2022 Sr. Rodrigo D\u00edaz Y\u00e1\u00f1ez, Ms Acuicultura, Bi\u00f3logo Marino, Especialista en Biomarcadores.<\/p>\n<p><strong>Laboratorio Qu\u00edmico BIOTECMAR \u00c1rea Qu\u00edmica<\/strong><br \/>\n\u2022 Teresa Aguayo, Jefa Laboratorio.<br \/>\n\u2022 Daniella Alejandra Rodr\u00edguez Galaz, Asistente Digital.<br \/>\n\u2022 Jacqueline Fr\u00edas Sep\u00falveda, Analista.<br \/>\n\u2022 Carmen Gloria Lermanda Hidalgo, Analista.<br \/>\n\u2022 Ang\u00e9lica Mar\u00eda Jara Oliva, Analista.<br \/>\n\u2022 Gabriel Belmar Carrillo, Analista.<br \/>\n\u2022 Rodrigo Alex Castro Mendoza, Analista.<br \/>\n\u2022 Carlos Alcib\u00edades Medina Gonz\u00e1lez, Asistente.<br \/>\n\u2022 Susana Ang\u00e9lica Alarc\u00f3n Gonz\u00e1lez, Asistente.<br \/>\n\u2022 Carlos Iv\u00e1n Araneda Palma, Asistente.<\/p>\n<p><strong>\u00c1rea Muestreo<\/strong><br \/>\n\u2022 Ricardo Saavedra. Jefe Muestreo.<br \/>\n\u2022 Francisco Daniel Silva Cruz, Muestreador.<br \/>\n\u2022 Claudio Gayoso Flores, Muestreador.<br \/>\n\u2022 Robinson Carrasco Morales, Muestreador<\/td>\n<td style=\"width: 3px\"><\/td>\n<\/tr>\n<tr>\n<td style=\"width: 66px\"><\/td>\n<td style=\"width: 672px\" colspan=\"2\">&nbsp;<\/p>\n<p>&nbsp;<\/td>\n<td style=\"width: 3px\"><\/td>\n<\/tr>\n<\/tbody>\n<\/table>\n<h5><\/h5>\n","protected":false},"excerpt":{"rendered":"<p>Descripci\u00f3n Unidad de Investigaci\u00f3n y Servicios creado el a\u00f1o 2006, destinado a la generaci\u00f3n de investigaci\u00f3n cient\u00edfico-t\u00e9cnica y desarrollo de estudios en el \u00e1rea medio ambiental, como una respuesta a la creciente necesidad de las empresas\u00a0de la regi\u00f3n y del pa\u00eds por contar con una oportuna asistencia, colaboraci\u00f3n y asesor\u00eda ambiental, que les permita responder [&hellip;]<\/p>\n","protected":false},"author":84,"featured_media":0,"parent":0,"menu_order":0,"comment_status":"closed","ping_status":"closed","template":"","meta":[],"yoast_head":"<!-- This site is optimized with the Yoast SEO plugin v18.9 - https:\/\/yoast.com\/wordpress\/plugins\/seo\/ -->\n<title>Centro Regional de Estudios Ambientales (CREA) -<\/title>\n<meta name=\"robots\" content=\"index, follow, max-snippet:-1, max-image-preview:large, max-video-preview:-1\" \/>\n<link rel=\"canonical\" href=\"https:\/\/dinn.ucsc.cl\/index.php\/centro-regional-de-estudios-ambientales-crea\/\" \/>\n<meta property=\"og:locale\" content=\"es_ES\" \/>\n<meta property=\"og:type\" content=\"article\" \/>\n<meta property=\"og:title\" content=\"Centro Regional de Estudios Ambientales (CREA) -\" \/>\n<meta property=\"og:description\" content=\"Descripci\u00f3n Unidad de Investigaci\u00f3n y Servicios creado el a\u00f1o 2006, destinado a la generaci\u00f3n de investigaci\u00f3n cient\u00edfico-t\u00e9cnica y desarrollo de estudios en el \u00e1rea medio ambiental, como una respuesta a la creciente necesidad de las empresas\u00a0de la regi\u00f3n y del pa\u00eds por contar con una oportuna asistencia, colaboraci\u00f3n y asesor\u00eda ambiental, que les permita responder [&hellip;]\" \/>\n<meta property=\"og:url\" content=\"https:\/\/dinn.ucsc.cl\/index.php\/centro-regional-de-estudios-ambientales-crea\/\" \/>\n<meta property=\"article:publisher\" content=\"https:\/\/m.facebook.com\/DINNUCSC\" \/>\n<meta property=\"og:image\" content=\"https:\/\/sitios.ucsc.cl\/ott\/wp-content\/uploads\/sites\/15\/2022\/07\/capucsc6.png\" \/>\n<meta name=\"twitter:card\" content=\"summary\" \/>\n<meta name=\"twitter:site\" content=\"@dinn_ucsc\" \/>\n<meta name=\"twitter:label1\" content=\"Tiempo de lectura\" \/>\n\t<meta name=\"twitter:data1\" content=\"7 minutos\" \/>\n<script type=\"application\/ld+json\" class=\"yoast-schema-graph\">{\"@context\":\"https:\/\/schema.org\",\"@graph\":[{\"@type\":\"WebSite\",\"@id\":\"https:\/\/dinn.ucsc.cl\/#website\",\"url\":\"https:\/\/dinn.ucsc.cl\/\",\"name\":\"Direcci\u00f3n de Innovaci\u00f3n UCSC\",\"description\":\"Direcci\u00f3n de Innovaci\u00f3n\",\"potentialAction\":[{\"@type\":\"SearchAction\",\"target\":{\"@type\":\"EntryPoint\",\"urlTemplate\":\"https:\/\/dinn.ucsc.cl\/?s={search_term_string}\"},\"query-input\":\"required name=search_term_string\"}],\"inLanguage\":\"es\"},{\"@type\":\"ImageObject\",\"inLanguage\":\"es\",\"@id\":\"https:\/\/dinn.ucsc.cl\/index.php\/centro-regional-de-estudios-ambientales-crea\/#primaryimage\",\"url\":\"https:\/\/sitios.ucsc.cl\/ott\/wp-content\/uploads\/sites\/15\/2022\/07\/capucsc6.png\",\"contentUrl\":\"https:\/\/sitios.ucsc.cl\/ott\/wp-content\/uploads\/sites\/15\/2022\/07\/capucsc6.png\"},{\"@type\":\"WebPage\",\"@id\":\"https:\/\/dinn.ucsc.cl\/index.php\/centro-regional-de-estudios-ambientales-crea\/#webpage\",\"url\":\"https:\/\/dinn.ucsc.cl\/index.php\/centro-regional-de-estudios-ambientales-crea\/\",\"name\":\"Centro Regional de Estudios Ambientales (CREA) -\",\"isPartOf\":{\"@id\":\"https:\/\/dinn.ucsc.cl\/#website\"},\"primaryImageOfPage\":{\"@id\":\"https:\/\/dinn.ucsc.cl\/index.php\/centro-regional-de-estudios-ambientales-crea\/#primaryimage\"},\"datePublished\":\"2022-11-29T01:47:14+00:00\",\"dateModified\":\"2022-11-29T01:47:14+00:00\",\"breadcrumb\":{\"@id\":\"https:\/\/dinn.ucsc.cl\/index.php\/centro-regional-de-estudios-ambientales-crea\/#breadcrumb\"},\"inLanguage\":\"es\",\"potentialAction\":[{\"@type\":\"ReadAction\",\"target\":[\"https:\/\/dinn.ucsc.cl\/index.php\/centro-regional-de-estudios-ambientales-crea\/\"]}]},{\"@type\":\"BreadcrumbList\",\"@id\":\"https:\/\/dinn.ucsc.cl\/index.php\/centro-regional-de-estudios-ambientales-crea\/#breadcrumb\",\"itemListElement\":[{\"@type\":\"ListItem\",\"position\":1,\"name\":\"Inicio\",\"item\":\"https:\/\/dinn.ucsc.cl\/\"},{\"@type\":\"ListItem\",\"position\":2,\"name\":\"Centro Regional de Estudios Ambientales (CREA)\"}]}]}<\/script>\n<!-- \/ Yoast SEO plugin. -->","yoast_head_json":{"title":"Centro Regional de Estudios Ambientales (CREA) -","robots":{"index":"index","follow":"follow","max-snippet":"max-snippet:-1","max-image-preview":"max-image-preview:large","max-video-preview":"max-video-preview:-1"},"canonical":"https:\/\/dinn.ucsc.cl\/index.php\/centro-regional-de-estudios-ambientales-crea\/","og_locale":"es_ES","og_type":"article","og_title":"Centro Regional de Estudios Ambientales (CREA) -","og_description":"Descripci\u00f3n Unidad de Investigaci\u00f3n y Servicios creado el a\u00f1o 2006, destinado a la generaci\u00f3n de investigaci\u00f3n cient\u00edfico-t\u00e9cnica y desarrollo de estudios en el \u00e1rea medio ambiental, como una respuesta a la creciente necesidad de las empresas\u00a0de la regi\u00f3n y del pa\u00eds por contar con una oportuna asistencia, colaboraci\u00f3n y asesor\u00eda ambiental, que les permita responder [&hellip;]","og_url":"https:\/\/dinn.ucsc.cl\/index.php\/centro-regional-de-estudios-ambientales-crea\/","article_publisher":"https:\/\/m.facebook.com\/DINNUCSC","og_image":[{"url":"https:\/\/sitios.ucsc.cl\/ott\/wp-content\/uploads\/sites\/15\/2022\/07\/capucsc6.png"}],"twitter_card":"summary","twitter_site":"@dinn_ucsc","twitter_misc":{"Tiempo de lectura":"7 minutos"},"schema":{"@context":"https:\/\/schema.org","@graph":[{"@type":"WebSite","@id":"https:\/\/dinn.ucsc.cl\/#website","url":"https:\/\/dinn.ucsc.cl\/","name":"Direcci\u00f3n de Innovaci\u00f3n UCSC","description":"Direcci\u00f3n de Innovaci\u00f3n","potentialAction":[{"@type":"SearchAction","target":{"@type":"EntryPoint","urlTemplate":"https:\/\/dinn.ucsc.cl\/?s={search_term_string}"},"query-input":"required name=search_term_string"}],"inLanguage":"es"},{"@type":"ImageObject","inLanguage":"es","@id":"https:\/\/dinn.ucsc.cl\/index.php\/centro-regional-de-estudios-ambientales-crea\/#primaryimage","url":"https:\/\/sitios.ucsc.cl\/ott\/wp-content\/uploads\/sites\/15\/2022\/07\/capucsc6.png","contentUrl":"https:\/\/sitios.ucsc.cl\/ott\/wp-content\/uploads\/sites\/15\/2022\/07\/capucsc6.png"},{"@type":"WebPage","@id":"https:\/\/dinn.ucsc.cl\/index.php\/centro-regional-de-estudios-ambientales-crea\/#webpage","url":"https:\/\/dinn.ucsc.cl\/index.php\/centro-regional-de-estudios-ambientales-crea\/","name":"Centro Regional de Estudios Ambientales (CREA) -","isPartOf":{"@id":"https:\/\/dinn.ucsc.cl\/#website"},"primaryImageOfPage":{"@id":"https:\/\/dinn.ucsc.cl\/index.php\/centro-regional-de-estudios-ambientales-crea\/#primaryimage"},"datePublished":"2022-11-29T01:47:14+00:00","dateModified":"2022-11-29T01:47:14+00:00","breadcrumb":{"@id":"https:\/\/dinn.ucsc.cl\/index.php\/centro-regional-de-estudios-ambientales-crea\/#breadcrumb"},"inLanguage":"es","potentialAction":[{"@type":"ReadAction","target":["https:\/\/dinn.ucsc.cl\/index.php\/centro-regional-de-estudios-ambientales-crea\/"]}]},{"@type":"BreadcrumbList","@id":"https:\/\/dinn.ucsc.cl\/index.php\/centro-regional-de-estudios-ambientales-crea\/#breadcrumb","itemListElement":[{"@type":"ListItem","position":1,"name":"Inicio","item":"https:\/\/dinn.ucsc.cl\/"},{"@type":"ListItem","position":2,"name":"Centro Regional de Estudios Ambientales (CREA)"}]}]}},"_links":{"self":[{"href":"https:\/\/dinn.ucsc.cl\/index.php\/wp-json\/wp\/v2\/pages\/4190"}],"collection":[{"href":"https:\/\/dinn.ucsc.cl\/index.php\/wp-json\/wp\/v2\/pages"}],"about":[{"href":"https:\/\/dinn.ucsc.cl\/index.php\/wp-json\/wp\/v2\/types\/page"}],"author":[{"embeddable":true,"href":"https:\/\/dinn.ucsc.cl\/index.php\/wp-json\/wp\/v2\/users\/84"}],"replies":[{"embeddable":true,"href":"https:\/\/dinn.ucsc.cl\/index.php\/wp-json\/wp\/v2\/comments?post=4190"}],"version-history":[{"count":1,"href":"https:\/\/dinn.ucsc.cl\/index.php\/wp-json\/wp\/v2\/pages\/4190\/revisions"}],"predecessor-version":[{"id":4191,"href":"https:\/\/dinn.ucsc.cl\/index.php\/wp-json\/wp\/v2\/pages\/4190\/revisions\/4191"}],"wp:attachment":[{"href":"https:\/\/dinn.ucsc.cl\/index.php\/wp-json\/wp\/v2\/media?parent=4190"}],"curies":[{"name":"wp","href":"https:\/\/api.w.org\/{rel}","templated":true}]}}