{"id":4192,"date":"2022-11-28T22:47:57","date_gmt":"2022-11-29T01:47:57","guid":{"rendered":"https:\/\/dinn.ucsc.cl\/?page_id=4192"},"modified":"2022-11-28T22:47:57","modified_gmt":"2022-11-29T01:47:57","slug":"facultad-de-ingenieria-departamento-de-ingenieria-civil","status":"publish","type":"page","link":"https:\/\/dinn.ucsc.cl\/index.php\/facultad-de-ingenieria-departamento-de-ingenieria-civil\/","title":{"rendered":"Facultad de Ingenier\u00eda: Departamento de Ingenier\u00eda Civil"},"content":{"rendered":"<table class=\" alignleft\">\n<tbody>\n<tr>\n<td style=\"width: 741px\" colspan=\"4\"><img loading=\"lazy\" class=\"aligncenter size-full wp-image-2903\" src=\"https:\/\/sitios.ucsc.cl\/ott\/wp-content\/uploads\/sites\/15\/2022\/07\/Facultaducsc.png\" alt=\"\" width=\"950\" height=\"194\" \/><\/td>\n<\/tr>\n<tr>\n<td style=\"width: 69px\"><\/td>\n<td style=\"width: 70px\"><img loading=\"lazy\" class=\"aligncenter wp-image-2512 size-full\" src=\"https:\/\/sitios.ucsc.cl\/ott\/wp-content\/uploads\/sites\/15\/2022\/07\/CU_1.png\" alt=\"\" width=\"50\" height=\"50\" \/><\/td>\n<td style=\"width: 599px\">\n<h3>Presentaci\u00f3n<\/h3>\n<\/td>\n<td style=\"width: 3px\"><\/td>\n<\/tr>\n<tr>\n<td style=\"width: 69px\"><\/td>\n<td style=\"width: 70px\"><\/td>\n<td style=\"width: 599px\">El departamento de ingenier\u00eda civil busca generar profesionales preocupados por las necesidades de infraestructura en el uso civil, abordando problem\u00e1ticas desde las etapas de estudio de factibilidad, desarrollo de proyectos, planificaci\u00f3n, construcci\u00f3n e inspecci\u00f3n de las obras. Ofreciendo \u00e1reas como estructuras, hidr\u00e1ulica, geotecnia, construcci\u00f3n, transporte y obras p\u00fablicas.<\/td>\n<td style=\"width: 3px\"><\/td>\n<\/tr>\n<tr>\n<td style=\"width: 69px\"><\/td>\n<td style=\"width: 70px\"><img loading=\"lazy\" class=\"aligncenter size-full wp-image-2511\" src=\"https:\/\/sitios.ucsc.cl\/ott\/wp-content\/uploads\/sites\/15\/2022\/07\/CU_2.png\" alt=\"\" width=\"50\" height=\"50\" \/><\/td>\n<td style=\"width: 599px\">\n<h3>L\u00edneas de investigaci\u00f3n<\/h3>\n<\/td>\n<td style=\"width: 3px\"><\/td>\n<\/tr>\n<tr>\n<td style=\"width: 69px\"><\/td>\n<td style=\"width: 70px\"><\/td>\n<td style=\"width: 599px\">\u2022 Ingenier\u00eda costera<br \/>\n\u2022 Contaminaci\u00f3n de suelos<br \/>\n\u2022 Fen\u00f3menos de transporte<br \/>\n\u2022 Ingenier\u00eda de fundaciones<br \/>\n\u2022 Din\u00e1mica de suelos<br \/>\n\u2022 Ingenier\u00eda antis\u00edsmica y Din\u00e1mica Estructural.<\/td>\n<td style=\"width: 3px\"><\/td>\n<\/tr>\n<tr>\n<td style=\"width: 69px\"><\/td>\n<td style=\"width: 669px\" colspan=\"2\">&nbsp;<\/p>\n<p>&nbsp;<\/td>\n<td style=\"width: 3px\"><\/td>\n<\/tr>\n<\/tbody>\n<\/table>\n<p>&nbsp;<\/p>\n","protected":false},"excerpt":{"rendered":"<p>Presentaci\u00f3n El departamento de ingenier\u00eda civil busca generar profesionales preocupados por las necesidades de infraestructura en el uso civil, abordando problem\u00e1ticas desde las etapas de estudio de factibilidad, desarrollo de proyectos, planificaci\u00f3n, construcci\u00f3n e inspecci\u00f3n de las obras. Ofreciendo \u00e1reas como estructuras, hidr\u00e1ulica, geotecnia, construcci\u00f3n, transporte y obras p\u00fablicas. L\u00edneas de investigaci\u00f3n \u2022 Ingenier\u00eda costera [&hellip;]<\/p>\n","protected":false},"author":84,"featured_media":0,"parent":0,"menu_order":0,"comment_status":"closed","ping_status":"closed","template":"","meta":[],"yoast_head":"<!-- This site is optimized with the Yoast SEO plugin v18.9 - https:\/\/yoast.com\/wordpress\/plugins\/seo\/ -->\n<title>Facultad de Ingenier\u00eda: Departamento de Ingenier\u00eda Civil -<\/title>\n<meta name=\"robots\" content=\"index, follow, max-snippet:-1, max-image-preview:large, max-video-preview:-1\" \/>\n<link rel=\"canonical\" href=\"https:\/\/dinn.ucsc.cl\/index.php\/facultad-de-ingenieria-departamento-de-ingenieria-civil\/\" \/>\n<meta property=\"og:locale\" content=\"es_ES\" \/>\n<meta property=\"og:type\" content=\"article\" \/>\n<meta property=\"og:title\" content=\"Facultad de Ingenier\u00eda: Departamento de Ingenier\u00eda Civil -\" \/>\n<meta property=\"og:description\" content=\"Presentaci\u00f3n El departamento de ingenier\u00eda civil busca generar profesionales preocupados por las necesidades de infraestructura en el uso civil, abordando problem\u00e1ticas desde las etapas de estudio de factibilidad, desarrollo de proyectos, planificaci\u00f3n, construcci\u00f3n e inspecci\u00f3n de las obras. Ofreciendo \u00e1reas como estructuras, hidr\u00e1ulica, geotecnia, construcci\u00f3n, transporte y obras p\u00fablicas. L\u00edneas de investigaci\u00f3n \u2022 Ingenier\u00eda costera [&hellip;]\" \/>\n<meta property=\"og:url\" content=\"https:\/\/dinn.ucsc.cl\/index.php\/facultad-de-ingenieria-departamento-de-ingenieria-civil\/\" \/>\n<meta property=\"article:publisher\" content=\"https:\/\/m.facebook.com\/DINNUCSC\" \/>\n<meta property=\"og:image\" content=\"https:\/\/sitios.ucsc.cl\/ott\/wp-content\/uploads\/sites\/15\/2022\/07\/Facultaducsc.png\" \/>\n<meta name=\"twitter:card\" content=\"summary\" \/>\n<meta name=\"twitter:site\" content=\"@dinn_ucsc\" \/>\n<script type=\"application\/ld+json\" class=\"yoast-schema-graph\">{\"@context\":\"https:\/\/schema.org\",\"@graph\":[{\"@type\":\"WebSite\",\"@id\":\"https:\/\/dinn.ucsc.cl\/#website\",\"url\":\"https:\/\/dinn.ucsc.cl\/\",\"name\":\"Direcci\u00f3n de Innovaci\u00f3n UCSC\",\"description\":\"Direcci\u00f3n de Innovaci\u00f3n\",\"potentialAction\":[{\"@type\":\"SearchAction\",\"target\":{\"@type\":\"EntryPoint\",\"urlTemplate\":\"https:\/\/dinn.ucsc.cl\/?s={search_term_string}\"},\"query-input\":\"required name=search_term_string\"}],\"inLanguage\":\"es\"},{\"@type\":\"ImageObject\",\"inLanguage\":\"es\",\"@id\":\"https:\/\/dinn.ucsc.cl\/index.php\/facultad-de-ingenieria-departamento-de-ingenieria-civil\/#primaryimage\",\"url\":\"https:\/\/sitios.ucsc.cl\/ott\/wp-content\/uploads\/sites\/15\/2022\/07\/Facultaducsc.png\",\"contentUrl\":\"https:\/\/sitios.ucsc.cl\/ott\/wp-content\/uploads\/sites\/15\/2022\/07\/Facultaducsc.png\"},{\"@type\":\"WebPage\",\"@id\":\"https:\/\/dinn.ucsc.cl\/index.php\/facultad-de-ingenieria-departamento-de-ingenieria-civil\/#webpage\",\"url\":\"https:\/\/dinn.ucsc.cl\/index.php\/facultad-de-ingenieria-departamento-de-ingenieria-civil\/\",\"name\":\"Facultad de Ingenier\u00eda: Departamento de Ingenier\u00eda Civil -\",\"isPartOf\":{\"@id\":\"https:\/\/dinn.ucsc.cl\/#website\"},\"primaryImageOfPage\":{\"@id\":\"https:\/\/dinn.ucsc.cl\/index.php\/facultad-de-ingenieria-departamento-de-ingenieria-civil\/#primaryimage\"},\"datePublished\":\"2022-11-29T01:47:57+00:00\",\"dateModified\":\"2022-11-29T01:47:57+00:00\",\"breadcrumb\":{\"@id\":\"https:\/\/dinn.ucsc.cl\/index.php\/facultad-de-ingenieria-departamento-de-ingenieria-civil\/#breadcrumb\"},\"inLanguage\":\"es\",\"potentialAction\":[{\"@type\":\"ReadAction\",\"target\":[\"https:\/\/dinn.ucsc.cl\/index.php\/facultad-de-ingenieria-departamento-de-ingenieria-civil\/\"]}]},{\"@type\":\"BreadcrumbList\",\"@id\":\"https:\/\/dinn.ucsc.cl\/index.php\/facultad-de-ingenieria-departamento-de-ingenieria-civil\/#breadcrumb\",\"itemListElement\":[{\"@type\":\"ListItem\",\"position\":1,\"name\":\"Inicio\",\"item\":\"https:\/\/dinn.ucsc.cl\/\"},{\"@type\":\"ListItem\",\"position\":2,\"name\":\"Facultad de Ingenier\u00eda: Departamento de Ingenier\u00eda Civil\"}]}]}<\/script>\n<!-- \/ Yoast SEO plugin. -->","yoast_head_json":{"title":"Facultad de Ingenier\u00eda: Departamento de Ingenier\u00eda Civil -","robots":{"index":"index","follow":"follow","max-snippet":"max-snippet:-1","max-image-preview":"max-image-preview:large","max-video-preview":"max-video-preview:-1"},"canonical":"https:\/\/dinn.ucsc.cl\/index.php\/facultad-de-ingenieria-departamento-de-ingenieria-civil\/","og_locale":"es_ES","og_type":"article","og_title":"Facultad de Ingenier\u00eda: Departamento de Ingenier\u00eda Civil -","og_description":"Presentaci\u00f3n El departamento de ingenier\u00eda civil busca generar profesionales preocupados por las necesidades de infraestructura en el uso civil, abordando problem\u00e1ticas desde las etapas de estudio de factibilidad, desarrollo de proyectos, planificaci\u00f3n, construcci\u00f3n e inspecci\u00f3n de las obras. Ofreciendo \u00e1reas como estructuras, hidr\u00e1ulica, geotecnia, construcci\u00f3n, transporte y obras p\u00fablicas. L\u00edneas de investigaci\u00f3n \u2022 Ingenier\u00eda costera [&hellip;]","og_url":"https:\/\/dinn.ucsc.cl\/index.php\/facultad-de-ingenieria-departamento-de-ingenieria-civil\/","article_publisher":"https:\/\/m.facebook.com\/DINNUCSC","og_image":[{"url":"https:\/\/sitios.ucsc.cl\/ott\/wp-content\/uploads\/sites\/15\/2022\/07\/Facultaducsc.png"}],"twitter_card":"summary","twitter_site":"@dinn_ucsc","schema":{"@context":"https:\/\/schema.org","@graph":[{"@type":"WebSite","@id":"https:\/\/dinn.ucsc.cl\/#website","url":"https:\/\/dinn.ucsc.cl\/","name":"Direcci\u00f3n de Innovaci\u00f3n UCSC","description":"Direcci\u00f3n de Innovaci\u00f3n","potentialAction":[{"@type":"SearchAction","target":{"@type":"EntryPoint","urlTemplate":"https:\/\/dinn.ucsc.cl\/?s={search_term_string}"},"query-input":"required name=search_term_string"}],"inLanguage":"es"},{"@type":"ImageObject","inLanguage":"es","@id":"https:\/\/dinn.ucsc.cl\/index.php\/facultad-de-ingenieria-departamento-de-ingenieria-civil\/#primaryimage","url":"https:\/\/sitios.ucsc.cl\/ott\/wp-content\/uploads\/sites\/15\/2022\/07\/Facultaducsc.png","contentUrl":"https:\/\/sitios.ucsc.cl\/ott\/wp-content\/uploads\/sites\/15\/2022\/07\/Facultaducsc.png"},{"@type":"WebPage","@id":"https:\/\/dinn.ucsc.cl\/index.php\/facultad-de-ingenieria-departamento-de-ingenieria-civil\/#webpage","url":"https:\/\/dinn.ucsc.cl\/index.php\/facultad-de-ingenieria-departamento-de-ingenieria-civil\/","name":"Facultad de Ingenier\u00eda: Departamento de Ingenier\u00eda Civil -","isPartOf":{"@id":"https:\/\/dinn.ucsc.cl\/#website"},"primaryImageOfPage":{"@id":"https:\/\/dinn.ucsc.cl\/index.php\/facultad-de-ingenieria-departamento-de-ingenieria-civil\/#primaryimage"},"datePublished":"2022-11-29T01:47:57+00:00","dateModified":"2022-11-29T01:47:57+00:00","breadcrumb":{"@id":"https:\/\/dinn.ucsc.cl\/index.php\/facultad-de-ingenieria-departamento-de-ingenieria-civil\/#breadcrumb"},"inLanguage":"es","potentialAction":[{"@type":"ReadAction","target":["https:\/\/dinn.ucsc.cl\/index.php\/facultad-de-ingenieria-departamento-de-ingenieria-civil\/"]}]},{"@type":"BreadcrumbList","@id":"https:\/\/dinn.ucsc.cl\/index.php\/facultad-de-ingenieria-departamento-de-ingenieria-civil\/#breadcrumb","itemListElement":[{"@type":"ListItem","position":1,"name":"Inicio","item":"https:\/\/dinn.ucsc.cl\/"},{"@type":"ListItem","position":2,"name":"Facultad de Ingenier\u00eda: Departamento de Ingenier\u00eda Civil"}]}]}},"_links":{"self":[{"href":"https:\/\/dinn.ucsc.cl\/index.php\/wp-json\/wp\/v2\/pages\/4192"}],"collection":[{"href":"https:\/\/dinn.ucsc.cl\/index.php\/wp-json\/wp\/v2\/pages"}],"about":[{"href":"https:\/\/dinn.ucsc.cl\/index.php\/wp-json\/wp\/v2\/types\/page"}],"author":[{"embeddable":true,"href":"https:\/\/dinn.ucsc.cl\/index.php\/wp-json\/wp\/v2\/users\/84"}],"replies":[{"embeddable":true,"href":"https:\/\/dinn.ucsc.cl\/index.php\/wp-json\/wp\/v2\/comments?post=4192"}],"version-history":[{"count":1,"href":"https:\/\/dinn.ucsc.cl\/index.php\/wp-json\/wp\/v2\/pages\/4192\/revisions"}],"predecessor-version":[{"id":4193,"href":"https:\/\/dinn.ucsc.cl\/index.php\/wp-json\/wp\/v2\/pages\/4192\/revisions\/4193"}],"wp:attachment":[{"href":"https:\/\/dinn.ucsc.cl\/index.php\/wp-json\/wp\/v2\/media?parent=4192"}],"curies":[{"name":"wp","href":"https:\/\/api.w.org\/{rel}","templated":true}]}}