{"id":4194,"date":"2022-11-28T22:48:47","date_gmt":"2022-11-29T01:48:47","guid":{"rendered":"https:\/\/dinn.ucsc.cl\/?page_id=4194"},"modified":"2022-11-28T22:48:47","modified_gmt":"2022-11-29T01:48:47","slug":"facultad-de-ciencias-economicas-y-administrativas-departamento-de-economia-y-finanzas","status":"publish","type":"page","link":"https:\/\/dinn.ucsc.cl\/index.php\/facultad-de-ciencias-economicas-y-administrativas-departamento-de-economia-y-finanzas\/","title":{"rendered":"Facultad de Ciencias Econ\u00f3micas y Administrativas: Departamento de Econom\u00eda y Finanzas"},"content":{"rendered":"<table class=\" alignleft\">\n<tbody>\n<tr>\n<td style=\"width: 741px\" colspan=\"4\"><img loading=\"lazy\" class=\"aligncenter size-full wp-image-2904\" src=\"https:\/\/sitios.ucsc.cl\/ott\/wp-content\/uploads\/sites\/15\/2022\/07\/Facultaducsc2.png\" alt=\"\" width=\"950\" height=\"194\" \/><\/td>\n<\/tr>\n<tr>\n<td style=\"width: 69px\"><\/td>\n<td style=\"width: 70px\"><img loading=\"lazy\" class=\"aligncenter wp-image-2512 size-full\" src=\"https:\/\/sitios.ucsc.cl\/ott\/wp-content\/uploads\/sites\/15\/2022\/07\/CU_1.png\" alt=\"\" width=\"50\" height=\"50\" \/><\/td>\n<td style=\"width: 599px\">\n<h3>Presentaci\u00f3n<\/h3>\n<\/td>\n<td style=\"width: 3px\"><\/td>\n<\/tr>\n<tr>\n<td style=\"width: 69px\"><\/td>\n<td style=\"width: 70px\"><\/td>\n<td style=\"width: 599px\">La\u00a0Facultad de Ciencias Econ\u00f3micas y Administrativas (FACEA) de la Universidad Cat\u00f3lica de la Sant\u00edsima Concepci\u00f3n (UCSC), es la unidad acad\u00e9mica encargada de la ense\u00f1anza e investigaci\u00f3n en el campo de las ciencias econ\u00f3micas y administrativas.<\/p>\n<p>Esta organizaci\u00f3n cuenta con profesionales de primer nivel dedicados a la investigaci\u00f3n, tanto en finanzas como econ\u00f3mica, aportando al desarrollo y excelencia de la facultad.<\/td>\n<td style=\"width: 3px\"><\/td>\n<\/tr>\n<tr>\n<td style=\"width: 69px\"><\/td>\n<td style=\"width: 70px\"><img loading=\"lazy\" class=\"aligncenter size-full wp-image-2511\" src=\"https:\/\/sitios.ucsc.cl\/ott\/wp-content\/uploads\/sites\/15\/2022\/07\/CU_2.png\" alt=\"\" width=\"50\" height=\"50\" \/><\/td>\n<td style=\"width: 599px\">\n<h3>L\u00edneas de investigaci\u00f3n<\/h3>\n<\/td>\n<td style=\"width: 3px\"><\/td>\n<\/tr>\n<tr>\n<td style=\"width: 69px\"><\/td>\n<td style=\"width: 70px\"><\/td>\n<td style=\"width: 599px\">\u2022 Finanzas corporativas<br \/>\n\u2022 Gobierno corporativo<br \/>\n\u2022 IFRS<br \/>\n\u2022 Econom\u00eda Pol\u00edtica<br \/>\n\u2022 Econom\u00eda de la Educaci\u00f3n<br \/>\n\u2022 Econom\u00eda de Recursos Naturales y Ambiental.<\/td>\n<td style=\"width: 3px\"><\/td>\n<\/tr>\n<tr>\n<td style=\"width: 69px\"><\/td>\n<td style=\"width: 669px\" colspan=\"2\">&nbsp;<\/td>\n<\/tr>\n<\/tbody>\n<\/table>\n","protected":false},"excerpt":{"rendered":"<p>Presentaci\u00f3n La\u00a0Facultad de Ciencias Econ\u00f3micas y Administrativas (FACEA) de la Universidad Cat\u00f3lica de la Sant\u00edsima Concepci\u00f3n (UCSC), es la unidad acad\u00e9mica encargada de la ense\u00f1anza e investigaci\u00f3n en el campo de las ciencias econ\u00f3micas y administrativas. Esta organizaci\u00f3n cuenta con profesionales de primer nivel dedicados a la investigaci\u00f3n, tanto en finanzas como econ\u00f3mica, aportando al [&hellip;]<\/p>\n","protected":false},"author":84,"featured_media":0,"parent":0,"menu_order":0,"comment_status":"closed","ping_status":"closed","template":"","meta":[],"yoast_head":"<!-- This site is optimized with the Yoast SEO plugin v18.9 - https:\/\/yoast.com\/wordpress\/plugins\/seo\/ -->\n<title>Facultad de Ciencias Econ\u00f3micas y Administrativas: Departamento de Econom\u00eda y Finanzas -<\/title>\n<meta name=\"robots\" content=\"index, follow, max-snippet:-1, max-image-preview:large, max-video-preview:-1\" \/>\n<link rel=\"canonical\" href=\"https:\/\/dinn.ucsc.cl\/index.php\/facultad-de-ciencias-economicas-y-administrativas-departamento-de-economia-y-finanzas\/\" \/>\n<meta property=\"og:locale\" content=\"es_ES\" \/>\n<meta property=\"og:type\" content=\"article\" \/>\n<meta property=\"og:title\" content=\"Facultad de Ciencias Econ\u00f3micas y Administrativas: Departamento de Econom\u00eda y Finanzas -\" \/>\n<meta property=\"og:description\" content=\"Presentaci\u00f3n La\u00a0Facultad de Ciencias Econ\u00f3micas y Administrativas (FACEA) de la Universidad Cat\u00f3lica de la Sant\u00edsima Concepci\u00f3n (UCSC), es la unidad acad\u00e9mica encargada de la ense\u00f1anza e investigaci\u00f3n en el campo de las ciencias econ\u00f3micas y administrativas. Esta organizaci\u00f3n cuenta con profesionales de primer nivel dedicados a la investigaci\u00f3n, tanto en finanzas como econ\u00f3mica, aportando al [&hellip;]\" \/>\n<meta property=\"og:url\" content=\"https:\/\/dinn.ucsc.cl\/index.php\/facultad-de-ciencias-economicas-y-administrativas-departamento-de-economia-y-finanzas\/\" \/>\n<meta property=\"article:publisher\" content=\"https:\/\/m.facebook.com\/DINNUCSC\" \/>\n<meta property=\"og:image\" content=\"https:\/\/sitios.ucsc.cl\/ott\/wp-content\/uploads\/sites\/15\/2022\/07\/Facultaducsc2.png\" \/>\n<meta name=\"twitter:card\" content=\"summary\" \/>\n<meta name=\"twitter:site\" content=\"@dinn_ucsc\" \/>\n<meta name=\"twitter:label1\" content=\"Tiempo de lectura\" \/>\n\t<meta name=\"twitter:data1\" content=\"1 minuto\" \/>\n<script type=\"application\/ld+json\" class=\"yoast-schema-graph\">{\"@context\":\"https:\/\/schema.org\",\"@graph\":[{\"@type\":\"WebSite\",\"@id\":\"https:\/\/dinn.ucsc.cl\/#website\",\"url\":\"https:\/\/dinn.ucsc.cl\/\",\"name\":\"Direcci\u00f3n de Innovaci\u00f3n UCSC\",\"description\":\"Direcci\u00f3n de Innovaci\u00f3n\",\"potentialAction\":[{\"@type\":\"SearchAction\",\"target\":{\"@type\":\"EntryPoint\",\"urlTemplate\":\"https:\/\/dinn.ucsc.cl\/?s={search_term_string}\"},\"query-input\":\"required name=search_term_string\"}],\"inLanguage\":\"es\"},{\"@type\":\"ImageObject\",\"inLanguage\":\"es\",\"@id\":\"https:\/\/dinn.ucsc.cl\/index.php\/facultad-de-ciencias-economicas-y-administrativas-departamento-de-economia-y-finanzas\/#primaryimage\",\"url\":\"https:\/\/sitios.ucsc.cl\/ott\/wp-content\/uploads\/sites\/15\/2022\/07\/Facultaducsc2.png\",\"contentUrl\":\"https:\/\/sitios.ucsc.cl\/ott\/wp-content\/uploads\/sites\/15\/2022\/07\/Facultaducsc2.png\"},{\"@type\":\"WebPage\",\"@id\":\"https:\/\/dinn.ucsc.cl\/index.php\/facultad-de-ciencias-economicas-y-administrativas-departamento-de-economia-y-finanzas\/#webpage\",\"url\":\"https:\/\/dinn.ucsc.cl\/index.php\/facultad-de-ciencias-economicas-y-administrativas-departamento-de-economia-y-finanzas\/\",\"name\":\"Facultad de Ciencias Econ\u00f3micas y Administrativas: Departamento de Econom\u00eda y Finanzas -\",\"isPartOf\":{\"@id\":\"https:\/\/dinn.ucsc.cl\/#website\"},\"primaryImageOfPage\":{\"@id\":\"https:\/\/dinn.ucsc.cl\/index.php\/facultad-de-ciencias-economicas-y-administrativas-departamento-de-economia-y-finanzas\/#primaryimage\"},\"datePublished\":\"2022-11-29T01:48:47+00:00\",\"dateModified\":\"2022-11-29T01:48:47+00:00\",\"breadcrumb\":{\"@id\":\"https:\/\/dinn.ucsc.cl\/index.php\/facultad-de-ciencias-economicas-y-administrativas-departamento-de-economia-y-finanzas\/#breadcrumb\"},\"inLanguage\":\"es\",\"potentialAction\":[{\"@type\":\"ReadAction\",\"target\":[\"https:\/\/dinn.ucsc.cl\/index.php\/facultad-de-ciencias-economicas-y-administrativas-departamento-de-economia-y-finanzas\/\"]}]},{\"@type\":\"BreadcrumbList\",\"@id\":\"https:\/\/dinn.ucsc.cl\/index.php\/facultad-de-ciencias-economicas-y-administrativas-departamento-de-economia-y-finanzas\/#breadcrumb\",\"itemListElement\":[{\"@type\":\"ListItem\",\"position\":1,\"name\":\"Inicio\",\"item\":\"https:\/\/dinn.ucsc.cl\/\"},{\"@type\":\"ListItem\",\"position\":2,\"name\":\"Facultad de Ciencias Econ\u00f3micas y Administrativas: Departamento de Econom\u00eda y Finanzas\"}]}]}<\/script>\n<!-- \/ Yoast SEO plugin. -->","yoast_head_json":{"title":"Facultad de Ciencias Econ\u00f3micas y Administrativas: Departamento de Econom\u00eda y Finanzas -","robots":{"index":"index","follow":"follow","max-snippet":"max-snippet:-1","max-image-preview":"max-image-preview:large","max-video-preview":"max-video-preview:-1"},"canonical":"https:\/\/dinn.ucsc.cl\/index.php\/facultad-de-ciencias-economicas-y-administrativas-departamento-de-economia-y-finanzas\/","og_locale":"es_ES","og_type":"article","og_title":"Facultad de Ciencias Econ\u00f3micas y Administrativas: Departamento de Econom\u00eda y Finanzas -","og_description":"Presentaci\u00f3n La\u00a0Facultad de Ciencias Econ\u00f3micas y Administrativas (FACEA) de la Universidad Cat\u00f3lica de la Sant\u00edsima Concepci\u00f3n (UCSC), es la unidad acad\u00e9mica encargada de la ense\u00f1anza e investigaci\u00f3n en el campo de las ciencias econ\u00f3micas y administrativas. Esta organizaci\u00f3n cuenta con profesionales de primer nivel dedicados a la investigaci\u00f3n, tanto en finanzas como econ\u00f3mica, aportando al [&hellip;]","og_url":"https:\/\/dinn.ucsc.cl\/index.php\/facultad-de-ciencias-economicas-y-administrativas-departamento-de-economia-y-finanzas\/","article_publisher":"https:\/\/m.facebook.com\/DINNUCSC","og_image":[{"url":"https:\/\/sitios.ucsc.cl\/ott\/wp-content\/uploads\/sites\/15\/2022\/07\/Facultaducsc2.png"}],"twitter_card":"summary","twitter_site":"@dinn_ucsc","twitter_misc":{"Tiempo de lectura":"1 minuto"},"schema":{"@context":"https:\/\/schema.org","@graph":[{"@type":"WebSite","@id":"https:\/\/dinn.ucsc.cl\/#website","url":"https:\/\/dinn.ucsc.cl\/","name":"Direcci\u00f3n de Innovaci\u00f3n UCSC","description":"Direcci\u00f3n de Innovaci\u00f3n","potentialAction":[{"@type":"SearchAction","target":{"@type":"EntryPoint","urlTemplate":"https:\/\/dinn.ucsc.cl\/?s={search_term_string}"},"query-input":"required name=search_term_string"}],"inLanguage":"es"},{"@type":"ImageObject","inLanguage":"es","@id":"https:\/\/dinn.ucsc.cl\/index.php\/facultad-de-ciencias-economicas-y-administrativas-departamento-de-economia-y-finanzas\/#primaryimage","url":"https:\/\/sitios.ucsc.cl\/ott\/wp-content\/uploads\/sites\/15\/2022\/07\/Facultaducsc2.png","contentUrl":"https:\/\/sitios.ucsc.cl\/ott\/wp-content\/uploads\/sites\/15\/2022\/07\/Facultaducsc2.png"},{"@type":"WebPage","@id":"https:\/\/dinn.ucsc.cl\/index.php\/facultad-de-ciencias-economicas-y-administrativas-departamento-de-economia-y-finanzas\/#webpage","url":"https:\/\/dinn.ucsc.cl\/index.php\/facultad-de-ciencias-economicas-y-administrativas-departamento-de-economia-y-finanzas\/","name":"Facultad de Ciencias Econ\u00f3micas y Administrativas: Departamento de Econom\u00eda y Finanzas -","isPartOf":{"@id":"https:\/\/dinn.ucsc.cl\/#website"},"primaryImageOfPage":{"@id":"https:\/\/dinn.ucsc.cl\/index.php\/facultad-de-ciencias-economicas-y-administrativas-departamento-de-economia-y-finanzas\/#primaryimage"},"datePublished":"2022-11-29T01:48:47+00:00","dateModified":"2022-11-29T01:48:47+00:00","breadcrumb":{"@id":"https:\/\/dinn.ucsc.cl\/index.php\/facultad-de-ciencias-economicas-y-administrativas-departamento-de-economia-y-finanzas\/#breadcrumb"},"inLanguage":"es","potentialAction":[{"@type":"ReadAction","target":["https:\/\/dinn.ucsc.cl\/index.php\/facultad-de-ciencias-economicas-y-administrativas-departamento-de-economia-y-finanzas\/"]}]},{"@type":"BreadcrumbList","@id":"https:\/\/dinn.ucsc.cl\/index.php\/facultad-de-ciencias-economicas-y-administrativas-departamento-de-economia-y-finanzas\/#breadcrumb","itemListElement":[{"@type":"ListItem","position":1,"name":"Inicio","item":"https:\/\/dinn.ucsc.cl\/"},{"@type":"ListItem","position":2,"name":"Facultad de Ciencias Econ\u00f3micas y Administrativas: Departamento de Econom\u00eda y Finanzas"}]}]}},"_links":{"self":[{"href":"https:\/\/dinn.ucsc.cl\/index.php\/wp-json\/wp\/v2\/pages\/4194"}],"collection":[{"href":"https:\/\/dinn.ucsc.cl\/index.php\/wp-json\/wp\/v2\/pages"}],"about":[{"href":"https:\/\/dinn.ucsc.cl\/index.php\/wp-json\/wp\/v2\/types\/page"}],"author":[{"embeddable":true,"href":"https:\/\/dinn.ucsc.cl\/index.php\/wp-json\/wp\/v2\/users\/84"}],"replies":[{"embeddable":true,"href":"https:\/\/dinn.ucsc.cl\/index.php\/wp-json\/wp\/v2\/comments?post=4194"}],"version-history":[{"count":1,"href":"https:\/\/dinn.ucsc.cl\/index.php\/wp-json\/wp\/v2\/pages\/4194\/revisions"}],"predecessor-version":[{"id":4195,"href":"https:\/\/dinn.ucsc.cl\/index.php\/wp-json\/wp\/v2\/pages\/4194\/revisions\/4195"}],"wp:attachment":[{"href":"https:\/\/dinn.ucsc.cl\/index.php\/wp-json\/wp\/v2\/media?parent=4194"}],"curies":[{"name":"wp","href":"https:\/\/api.w.org\/{rel}","templated":true}]}}