{"id":4196,"date":"2022-11-28T22:49:29","date_gmt":"2022-11-29T01:49:29","guid":{"rendered":"https:\/\/dinn.ucsc.cl\/?page_id=4196"},"modified":"2022-11-28T22:49:29","modified_gmt":"2022-11-29T01:49:29","slug":"facultad-de-comunicaciones-y-ciencias-sociales-departamento-de-historia-y-geografia","status":"publish","type":"page","link":"https:\/\/dinn.ucsc.cl\/index.php\/facultad-de-comunicaciones-y-ciencias-sociales-departamento-de-historia-y-geografia\/","title":{"rendered":"Facultad de Comunicaciones y Ciencias Sociales: Departamento de Historia y Geograf\u00eda"},"content":{"rendered":"<table class=\" alignleft\">\n<tbody>\n<tr>\n<td style=\"width: 741px\" colspan=\"4\"><img loading=\"lazy\" class=\"aligncenter size-full wp-image-2905\" src=\"https:\/\/sitios.ucsc.cl\/ott\/wp-content\/uploads\/sites\/15\/2022\/07\/Facultaducsc3.png\" alt=\"\" width=\"950\" height=\"194\" \/><\/td>\n<\/tr>\n<tr>\n<td style=\"width: 67px\"><\/td>\n<td style=\"width: 73px\"><img loading=\"lazy\" class=\"aligncenter wp-image-2512 size-full\" src=\"https:\/\/sitios.ucsc.cl\/ott\/wp-content\/uploads\/sites\/15\/2022\/07\/CU_1.png\" alt=\"\" width=\"50\" height=\"50\" \/><\/td>\n<td style=\"width: 598px\">\n<h3>Presentaci\u00f3n<\/h3>\n<\/td>\n<td style=\"width: 3px\"><\/td>\n<\/tr>\n<tr>\n<td style=\"width: 67px\"><\/td>\n<td style=\"width: 73px\"><\/td>\n<td style=\"width: 598px\">El departamento de Historia y Geograf\u00eda se encarga de formar historiadores e investigadores para la sociedad, mediante el conocimiento de las principales etapas de la evoluci\u00f3n hist\u00f3rica de la humanidad, con el valor de tener profesores altamente calificados debido a sus investigaciones, entregando una s\u00f3lida formaci\u00f3n a los estudiantes.<\/td>\n<td style=\"width: 3px\"><\/td>\n<\/tr>\n<tr>\n<td style=\"width: 67px\"><\/td>\n<td style=\"width: 73px\"><img loading=\"lazy\" class=\"aligncenter size-full wp-image-2511\" src=\"https:\/\/sitios.ucsc.cl\/ott\/wp-content\/uploads\/sites\/15\/2022\/07\/CU_2.png\" alt=\"\" width=\"50\" height=\"50\" \/><\/td>\n<td style=\"width: 598px\">\n<h3>L\u00edneas de investigaci\u00f3n<\/h3>\n<\/td>\n<td style=\"width: 3px\"><\/td>\n<\/tr>\n<tr>\n<td style=\"width: 67px\"><\/td>\n<td style=\"width: 73px\"><\/td>\n<td style=\"width: 598px\">\u2022 Historia Medieval<br \/>\n\u2022 Historia de las relaciones internacionales<br \/>\n\u2022 Historia de la Prensa<br \/>\n\u2022 Cine como fuente de la historia<br \/>\n\u2022 Historia del Liberalismo<br \/>\n\u2022 Historia de chile y Am\u00e9rica del siglo XIX<br \/>\n\u2022 Historia Contempor\u00e1nea<br \/>\n\u2022 Geograf\u00eda.<\/td>\n<td style=\"width: 3px\"><\/td>\n<\/tr>\n<tr>\n<td style=\"width: 67px\"><\/td>\n<td style=\"width: 671px\" colspan=\"2\">&nbsp;<\/td>\n<\/tr>\n<\/tbody>\n<\/table>\n","protected":false},"excerpt":{"rendered":"<p>Presentaci\u00f3n El departamento de Historia y Geograf\u00eda se encarga de formar historiadores e investigadores para la sociedad, mediante el conocimiento de las principales etapas de la evoluci\u00f3n hist\u00f3rica de la humanidad, con el valor de tener profesores altamente calificados debido a sus investigaciones, entregando una s\u00f3lida formaci\u00f3n a los estudiantes. L\u00edneas de investigaci\u00f3n \u2022 Historia [&hellip;]<\/p>\n","protected":false},"author":84,"featured_media":0,"parent":0,"menu_order":0,"comment_status":"closed","ping_status":"closed","template":"","meta":[],"yoast_head":"<!-- This site is optimized with the Yoast SEO plugin v18.9 - https:\/\/yoast.com\/wordpress\/plugins\/seo\/ -->\n<title>Facultad de Comunicaciones y Ciencias Sociales: Departamento de Historia y Geograf\u00eda -<\/title>\n<meta name=\"robots\" content=\"index, follow, max-snippet:-1, max-image-preview:large, max-video-preview:-1\" \/>\n<link rel=\"canonical\" href=\"https:\/\/dinn.ucsc.cl\/index.php\/facultad-de-comunicaciones-y-ciencias-sociales-departamento-de-historia-y-geografia\/\" \/>\n<meta property=\"og:locale\" content=\"es_ES\" \/>\n<meta property=\"og:type\" content=\"article\" \/>\n<meta property=\"og:title\" content=\"Facultad de Comunicaciones y Ciencias Sociales: Departamento de Historia y Geograf\u00eda -\" \/>\n<meta property=\"og:description\" content=\"Presentaci\u00f3n El departamento de Historia y Geograf\u00eda se encarga de formar historiadores e investigadores para la sociedad, mediante el conocimiento de las principales etapas de la evoluci\u00f3n hist\u00f3rica de la humanidad, con el valor de tener profesores altamente calificados debido a sus investigaciones, entregando una s\u00f3lida formaci\u00f3n a los estudiantes. L\u00edneas de investigaci\u00f3n \u2022 Historia [&hellip;]\" \/>\n<meta property=\"og:url\" content=\"https:\/\/dinn.ucsc.cl\/index.php\/facultad-de-comunicaciones-y-ciencias-sociales-departamento-de-historia-y-geografia\/\" \/>\n<meta property=\"article:publisher\" content=\"https:\/\/m.facebook.com\/DINNUCSC\" \/>\n<meta property=\"og:image\" content=\"https:\/\/sitios.ucsc.cl\/ott\/wp-content\/uploads\/sites\/15\/2022\/07\/Facultaducsc3.png\" \/>\n<meta name=\"twitter:card\" content=\"summary\" \/>\n<meta name=\"twitter:site\" content=\"@dinn_ucsc\" \/>\n<script type=\"application\/ld+json\" class=\"yoast-schema-graph\">{\"@context\":\"https:\/\/schema.org\",\"@graph\":[{\"@type\":\"WebSite\",\"@id\":\"https:\/\/dinn.ucsc.cl\/#website\",\"url\":\"https:\/\/dinn.ucsc.cl\/\",\"name\":\"Direcci\u00f3n de Innovaci\u00f3n UCSC\",\"description\":\"Direcci\u00f3n de Innovaci\u00f3n\",\"potentialAction\":[{\"@type\":\"SearchAction\",\"target\":{\"@type\":\"EntryPoint\",\"urlTemplate\":\"https:\/\/dinn.ucsc.cl\/?s={search_term_string}\"},\"query-input\":\"required name=search_term_string\"}],\"inLanguage\":\"es\"},{\"@type\":\"ImageObject\",\"inLanguage\":\"es\",\"@id\":\"https:\/\/dinn.ucsc.cl\/index.php\/facultad-de-comunicaciones-y-ciencias-sociales-departamento-de-historia-y-geografia\/#primaryimage\",\"url\":\"https:\/\/sitios.ucsc.cl\/ott\/wp-content\/uploads\/sites\/15\/2022\/07\/Facultaducsc3.png\",\"contentUrl\":\"https:\/\/sitios.ucsc.cl\/ott\/wp-content\/uploads\/sites\/15\/2022\/07\/Facultaducsc3.png\"},{\"@type\":\"WebPage\",\"@id\":\"https:\/\/dinn.ucsc.cl\/index.php\/facultad-de-comunicaciones-y-ciencias-sociales-departamento-de-historia-y-geografia\/#webpage\",\"url\":\"https:\/\/dinn.ucsc.cl\/index.php\/facultad-de-comunicaciones-y-ciencias-sociales-departamento-de-historia-y-geografia\/\",\"name\":\"Facultad de Comunicaciones y Ciencias Sociales: Departamento de Historia y Geograf\u00eda -\",\"isPartOf\":{\"@id\":\"https:\/\/dinn.ucsc.cl\/#website\"},\"primaryImageOfPage\":{\"@id\":\"https:\/\/dinn.ucsc.cl\/index.php\/facultad-de-comunicaciones-y-ciencias-sociales-departamento-de-historia-y-geografia\/#primaryimage\"},\"datePublished\":\"2022-11-29T01:49:29+00:00\",\"dateModified\":\"2022-11-29T01:49:29+00:00\",\"breadcrumb\":{\"@id\":\"https:\/\/dinn.ucsc.cl\/index.php\/facultad-de-comunicaciones-y-ciencias-sociales-departamento-de-historia-y-geografia\/#breadcrumb\"},\"inLanguage\":\"es\",\"potentialAction\":[{\"@type\":\"ReadAction\",\"target\":[\"https:\/\/dinn.ucsc.cl\/index.php\/facultad-de-comunicaciones-y-ciencias-sociales-departamento-de-historia-y-geografia\/\"]}]},{\"@type\":\"BreadcrumbList\",\"@id\":\"https:\/\/dinn.ucsc.cl\/index.php\/facultad-de-comunicaciones-y-ciencias-sociales-departamento-de-historia-y-geografia\/#breadcrumb\",\"itemListElement\":[{\"@type\":\"ListItem\",\"position\":1,\"name\":\"Inicio\",\"item\":\"https:\/\/dinn.ucsc.cl\/\"},{\"@type\":\"ListItem\",\"position\":2,\"name\":\"Facultad de Comunicaciones y Ciencias Sociales: Departamento de Historia y Geograf\u00eda\"}]}]}<\/script>\n<!-- \/ Yoast SEO plugin. -->","yoast_head_json":{"title":"Facultad de Comunicaciones y Ciencias Sociales: Departamento de Historia y Geograf\u00eda -","robots":{"index":"index","follow":"follow","max-snippet":"max-snippet:-1","max-image-preview":"max-image-preview:large","max-video-preview":"max-video-preview:-1"},"canonical":"https:\/\/dinn.ucsc.cl\/index.php\/facultad-de-comunicaciones-y-ciencias-sociales-departamento-de-historia-y-geografia\/","og_locale":"es_ES","og_type":"article","og_title":"Facultad de Comunicaciones y Ciencias Sociales: Departamento de Historia y Geograf\u00eda -","og_description":"Presentaci\u00f3n El departamento de Historia y Geograf\u00eda se encarga de formar historiadores e investigadores para la sociedad, mediante el conocimiento de las principales etapas de la evoluci\u00f3n hist\u00f3rica de la humanidad, con el valor de tener profesores altamente calificados debido a sus investigaciones, entregando una s\u00f3lida formaci\u00f3n a los estudiantes. L\u00edneas de investigaci\u00f3n \u2022 Historia [&hellip;]","og_url":"https:\/\/dinn.ucsc.cl\/index.php\/facultad-de-comunicaciones-y-ciencias-sociales-departamento-de-historia-y-geografia\/","article_publisher":"https:\/\/m.facebook.com\/DINNUCSC","og_image":[{"url":"https:\/\/sitios.ucsc.cl\/ott\/wp-content\/uploads\/sites\/15\/2022\/07\/Facultaducsc3.png"}],"twitter_card":"summary","twitter_site":"@dinn_ucsc","schema":{"@context":"https:\/\/schema.org","@graph":[{"@type":"WebSite","@id":"https:\/\/dinn.ucsc.cl\/#website","url":"https:\/\/dinn.ucsc.cl\/","name":"Direcci\u00f3n de Innovaci\u00f3n UCSC","description":"Direcci\u00f3n de Innovaci\u00f3n","potentialAction":[{"@type":"SearchAction","target":{"@type":"EntryPoint","urlTemplate":"https:\/\/dinn.ucsc.cl\/?s={search_term_string}"},"query-input":"required name=search_term_string"}],"inLanguage":"es"},{"@type":"ImageObject","inLanguage":"es","@id":"https:\/\/dinn.ucsc.cl\/index.php\/facultad-de-comunicaciones-y-ciencias-sociales-departamento-de-historia-y-geografia\/#primaryimage","url":"https:\/\/sitios.ucsc.cl\/ott\/wp-content\/uploads\/sites\/15\/2022\/07\/Facultaducsc3.png","contentUrl":"https:\/\/sitios.ucsc.cl\/ott\/wp-content\/uploads\/sites\/15\/2022\/07\/Facultaducsc3.png"},{"@type":"WebPage","@id":"https:\/\/dinn.ucsc.cl\/index.php\/facultad-de-comunicaciones-y-ciencias-sociales-departamento-de-historia-y-geografia\/#webpage","url":"https:\/\/dinn.ucsc.cl\/index.php\/facultad-de-comunicaciones-y-ciencias-sociales-departamento-de-historia-y-geografia\/","name":"Facultad de Comunicaciones y Ciencias Sociales: Departamento de Historia y Geograf\u00eda -","isPartOf":{"@id":"https:\/\/dinn.ucsc.cl\/#website"},"primaryImageOfPage":{"@id":"https:\/\/dinn.ucsc.cl\/index.php\/facultad-de-comunicaciones-y-ciencias-sociales-departamento-de-historia-y-geografia\/#primaryimage"},"datePublished":"2022-11-29T01:49:29+00:00","dateModified":"2022-11-29T01:49:29+00:00","breadcrumb":{"@id":"https:\/\/dinn.ucsc.cl\/index.php\/facultad-de-comunicaciones-y-ciencias-sociales-departamento-de-historia-y-geografia\/#breadcrumb"},"inLanguage":"es","potentialAction":[{"@type":"ReadAction","target":["https:\/\/dinn.ucsc.cl\/index.php\/facultad-de-comunicaciones-y-ciencias-sociales-departamento-de-historia-y-geografia\/"]}]},{"@type":"BreadcrumbList","@id":"https:\/\/dinn.ucsc.cl\/index.php\/facultad-de-comunicaciones-y-ciencias-sociales-departamento-de-historia-y-geografia\/#breadcrumb","itemListElement":[{"@type":"ListItem","position":1,"name":"Inicio","item":"https:\/\/dinn.ucsc.cl\/"},{"@type":"ListItem","position":2,"name":"Facultad de Comunicaciones y Ciencias Sociales: Departamento de Historia y Geograf\u00eda"}]}]}},"_links":{"self":[{"href":"https:\/\/dinn.ucsc.cl\/index.php\/wp-json\/wp\/v2\/pages\/4196"}],"collection":[{"href":"https:\/\/dinn.ucsc.cl\/index.php\/wp-json\/wp\/v2\/pages"}],"about":[{"href":"https:\/\/dinn.ucsc.cl\/index.php\/wp-json\/wp\/v2\/types\/page"}],"author":[{"embeddable":true,"href":"https:\/\/dinn.ucsc.cl\/index.php\/wp-json\/wp\/v2\/users\/84"}],"replies":[{"embeddable":true,"href":"https:\/\/dinn.ucsc.cl\/index.php\/wp-json\/wp\/v2\/comments?post=4196"}],"version-history":[{"count":1,"href":"https:\/\/dinn.ucsc.cl\/index.php\/wp-json\/wp\/v2\/pages\/4196\/revisions"}],"predecessor-version":[{"id":4197,"href":"https:\/\/dinn.ucsc.cl\/index.php\/wp-json\/wp\/v2\/pages\/4196\/revisions\/4197"}],"wp:attachment":[{"href":"https:\/\/dinn.ucsc.cl\/index.php\/wp-json\/wp\/v2\/media?parent=4196"}],"curies":[{"name":"wp","href":"https:\/\/api.w.org\/{rel}","templated":true}]}}