{"id":4198,"date":"2022-11-28T22:50:17","date_gmt":"2022-11-29T01:50:17","guid":{"rendered":"https:\/\/dinn.ucsc.cl\/?page_id=4198"},"modified":"2022-11-28T22:50:17","modified_gmt":"2022-11-29T01:50:17","slug":"facultad-de-comunicaciones-y-ciencias-sociales-departamento-de-comunicaciones","status":"publish","type":"page","link":"https:\/\/dinn.ucsc.cl\/index.php\/facultad-de-comunicaciones-y-ciencias-sociales-departamento-de-comunicaciones\/","title":{"rendered":"Facultad de Comunicaciones y Ciencias Sociales Departamento de Comunicaciones"},"content":{"rendered":"<table class=\" alignleft\">\n<tbody>\n<tr>\n<td style=\"width: 741px\" colspan=\"4\"><img loading=\"lazy\" class=\"aligncenter size-full wp-image-2906\" src=\"https:\/\/sitios.ucsc.cl\/ott\/wp-content\/uploads\/sites\/15\/2022\/07\/Facultaducsc4.png\" alt=\"\" width=\"950\" height=\"194\" \/><\/td>\n<\/tr>\n<tr>\n<td style=\"width: 66px\"><\/td>\n<td style=\"width: 71px\"><img loading=\"lazy\" class=\"aligncenter wp-image-2512 size-full\" src=\"https:\/\/sitios.ucsc.cl\/ott\/wp-content\/uploads\/sites\/15\/2022\/07\/CU_1.png\" alt=\"\" width=\"50\" height=\"50\" \/><\/td>\n<td style=\"width: 601px\">\n<h3>Presentaci\u00f3n<\/h3>\n<\/td>\n<td style=\"width: 3px\"><\/td>\n<\/tr>\n<tr>\n<td style=\"width: 66px\"><\/td>\n<td style=\"width: 71px\"><\/td>\n<td style=\"width: 601px\">El departamento de Comunicaciones de la Facultad de Comunicaciones y Ciencias Sociales de la UCSC, es un departamento caracterizado por la formaci\u00f3n de estudiantes de excelencia, respaldado por la variedad de investigaciones desarrolladas por sus docentes entre las que encontramos &#8220;historias de las relaciones internacionales&#8221; o &#8220;historia contempor\u00e1nea&#8221;, entre otras, catalogando el departamento como uno de primer nivel.<\/td>\n<td style=\"width: 3px\"><\/td>\n<\/tr>\n<tr>\n<td style=\"width: 66px\"><\/td>\n<td style=\"width: 71px\"><img loading=\"lazy\" class=\"aligncenter size-full wp-image-2511\" src=\"https:\/\/sitios.ucsc.cl\/ott\/wp-content\/uploads\/sites\/15\/2022\/07\/CU_2.png\" alt=\"\" width=\"50\" height=\"50\" \/><\/td>\n<td style=\"width: 601px\">\n<h3>L\u00edneas de investigaci\u00f3n<\/h3>\n<\/td>\n<td style=\"width: 3px\"><\/td>\n<\/tr>\n<tr>\n<td style=\"width: 66px\"><\/td>\n<td style=\"width: 71px\"><\/td>\n<td style=\"width: 601px\">\u2022 Medios de comunicaci\u00f3n locales<br \/>\n\u2022 Identidad local<br \/>\n\u2022 Nueva tecnolog\u00edas y medios digitales<br \/>\n\u2022 Estrategias de los medios de comunicaci\u00f3n<br \/>\n\u2022 Discurso medi\u00e1tico.<\/td>\n<td style=\"width: 3px\"><\/td>\n<\/tr>\n<tr>\n<td style=\"width: 66px\"><\/td>\n<td style=\"width: 672px\" colspan=\"2\">&nbsp;<\/td>\n<\/tr>\n<\/tbody>\n<\/table>\n","protected":false},"excerpt":{"rendered":"<p>Presentaci\u00f3n El departamento de Comunicaciones de la Facultad de Comunicaciones y Ciencias Sociales de la UCSC, es un departamento caracterizado por la formaci\u00f3n de estudiantes de excelencia, respaldado por la variedad de investigaciones desarrolladas por sus docentes entre las que encontramos &#8220;historias de las relaciones internacionales&#8221; o &#8220;historia contempor\u00e1nea&#8221;, entre otras, catalogando el departamento como [&hellip;]<\/p>\n","protected":false},"author":84,"featured_media":0,"parent":0,"menu_order":0,"comment_status":"closed","ping_status":"closed","template":"","meta":[],"yoast_head":"<!-- This site is optimized with the Yoast SEO plugin v18.9 - https:\/\/yoast.com\/wordpress\/plugins\/seo\/ -->\n<title>Facultad de Comunicaciones y Ciencias Sociales Departamento de Comunicaciones -<\/title>\n<meta name=\"robots\" content=\"index, follow, max-snippet:-1, max-image-preview:large, max-video-preview:-1\" \/>\n<link rel=\"canonical\" href=\"https:\/\/dinn.ucsc.cl\/index.php\/facultad-de-comunicaciones-y-ciencias-sociales-departamento-de-comunicaciones\/\" \/>\n<meta property=\"og:locale\" content=\"es_ES\" \/>\n<meta property=\"og:type\" content=\"article\" \/>\n<meta property=\"og:title\" content=\"Facultad de Comunicaciones y Ciencias Sociales Departamento de Comunicaciones -\" \/>\n<meta property=\"og:description\" content=\"Presentaci\u00f3n El departamento de Comunicaciones de la Facultad de Comunicaciones y Ciencias Sociales de la UCSC, es un departamento caracterizado por la formaci\u00f3n de estudiantes de excelencia, respaldado por la variedad de investigaciones desarrolladas por sus docentes entre las que encontramos &#8220;historias de las relaciones internacionales&#8221; o &#8220;historia contempor\u00e1nea&#8221;, entre otras, catalogando el departamento como [&hellip;]\" \/>\n<meta property=\"og:url\" content=\"https:\/\/dinn.ucsc.cl\/index.php\/facultad-de-comunicaciones-y-ciencias-sociales-departamento-de-comunicaciones\/\" \/>\n<meta property=\"article:publisher\" content=\"https:\/\/m.facebook.com\/DINNUCSC\" \/>\n<meta property=\"og:image\" content=\"https:\/\/sitios.ucsc.cl\/ott\/wp-content\/uploads\/sites\/15\/2022\/07\/Facultaducsc4.png\" \/>\n<meta name=\"twitter:card\" content=\"summary\" \/>\n<meta name=\"twitter:site\" content=\"@dinn_ucsc\" \/>\n<script type=\"application\/ld+json\" class=\"yoast-schema-graph\">{\"@context\":\"https:\/\/schema.org\",\"@graph\":[{\"@type\":\"WebSite\",\"@id\":\"https:\/\/dinn.ucsc.cl\/#website\",\"url\":\"https:\/\/dinn.ucsc.cl\/\",\"name\":\"Direcci\u00f3n de Innovaci\u00f3n UCSC\",\"description\":\"Direcci\u00f3n de Innovaci\u00f3n\",\"potentialAction\":[{\"@type\":\"SearchAction\",\"target\":{\"@type\":\"EntryPoint\",\"urlTemplate\":\"https:\/\/dinn.ucsc.cl\/?s={search_term_string}\"},\"query-input\":\"required name=search_term_string\"}],\"inLanguage\":\"es\"},{\"@type\":\"ImageObject\",\"inLanguage\":\"es\",\"@id\":\"https:\/\/dinn.ucsc.cl\/index.php\/facultad-de-comunicaciones-y-ciencias-sociales-departamento-de-comunicaciones\/#primaryimage\",\"url\":\"https:\/\/sitios.ucsc.cl\/ott\/wp-content\/uploads\/sites\/15\/2022\/07\/Facultaducsc4.png\",\"contentUrl\":\"https:\/\/sitios.ucsc.cl\/ott\/wp-content\/uploads\/sites\/15\/2022\/07\/Facultaducsc4.png\"},{\"@type\":\"WebPage\",\"@id\":\"https:\/\/dinn.ucsc.cl\/index.php\/facultad-de-comunicaciones-y-ciencias-sociales-departamento-de-comunicaciones\/#webpage\",\"url\":\"https:\/\/dinn.ucsc.cl\/index.php\/facultad-de-comunicaciones-y-ciencias-sociales-departamento-de-comunicaciones\/\",\"name\":\"Facultad de Comunicaciones y Ciencias Sociales Departamento de Comunicaciones -\",\"isPartOf\":{\"@id\":\"https:\/\/dinn.ucsc.cl\/#website\"},\"primaryImageOfPage\":{\"@id\":\"https:\/\/dinn.ucsc.cl\/index.php\/facultad-de-comunicaciones-y-ciencias-sociales-departamento-de-comunicaciones\/#primaryimage\"},\"datePublished\":\"2022-11-29T01:50:17+00:00\",\"dateModified\":\"2022-11-29T01:50:17+00:00\",\"breadcrumb\":{\"@id\":\"https:\/\/dinn.ucsc.cl\/index.php\/facultad-de-comunicaciones-y-ciencias-sociales-departamento-de-comunicaciones\/#breadcrumb\"},\"inLanguage\":\"es\",\"potentialAction\":[{\"@type\":\"ReadAction\",\"target\":[\"https:\/\/dinn.ucsc.cl\/index.php\/facultad-de-comunicaciones-y-ciencias-sociales-departamento-de-comunicaciones\/\"]}]},{\"@type\":\"BreadcrumbList\",\"@id\":\"https:\/\/dinn.ucsc.cl\/index.php\/facultad-de-comunicaciones-y-ciencias-sociales-departamento-de-comunicaciones\/#breadcrumb\",\"itemListElement\":[{\"@type\":\"ListItem\",\"position\":1,\"name\":\"Inicio\",\"item\":\"https:\/\/dinn.ucsc.cl\/\"},{\"@type\":\"ListItem\",\"position\":2,\"name\":\"Facultad de Comunicaciones y Ciencias Sociales Departamento de Comunicaciones\"}]}]}<\/script>\n<!-- \/ Yoast SEO plugin. -->","yoast_head_json":{"title":"Facultad de Comunicaciones y Ciencias Sociales Departamento de Comunicaciones -","robots":{"index":"index","follow":"follow","max-snippet":"max-snippet:-1","max-image-preview":"max-image-preview:large","max-video-preview":"max-video-preview:-1"},"canonical":"https:\/\/dinn.ucsc.cl\/index.php\/facultad-de-comunicaciones-y-ciencias-sociales-departamento-de-comunicaciones\/","og_locale":"es_ES","og_type":"article","og_title":"Facultad de Comunicaciones y Ciencias Sociales Departamento de Comunicaciones -","og_description":"Presentaci\u00f3n El departamento de Comunicaciones de la Facultad de Comunicaciones y Ciencias Sociales de la UCSC, es un departamento caracterizado por la formaci\u00f3n de estudiantes de excelencia, respaldado por la variedad de investigaciones desarrolladas por sus docentes entre las que encontramos &#8220;historias de las relaciones internacionales&#8221; o &#8220;historia contempor\u00e1nea&#8221;, entre otras, catalogando el departamento como [&hellip;]","og_url":"https:\/\/dinn.ucsc.cl\/index.php\/facultad-de-comunicaciones-y-ciencias-sociales-departamento-de-comunicaciones\/","article_publisher":"https:\/\/m.facebook.com\/DINNUCSC","og_image":[{"url":"https:\/\/sitios.ucsc.cl\/ott\/wp-content\/uploads\/sites\/15\/2022\/07\/Facultaducsc4.png"}],"twitter_card":"summary","twitter_site":"@dinn_ucsc","schema":{"@context":"https:\/\/schema.org","@graph":[{"@type":"WebSite","@id":"https:\/\/dinn.ucsc.cl\/#website","url":"https:\/\/dinn.ucsc.cl\/","name":"Direcci\u00f3n de Innovaci\u00f3n UCSC","description":"Direcci\u00f3n de Innovaci\u00f3n","potentialAction":[{"@type":"SearchAction","target":{"@type":"EntryPoint","urlTemplate":"https:\/\/dinn.ucsc.cl\/?s={search_term_string}"},"query-input":"required name=search_term_string"}],"inLanguage":"es"},{"@type":"ImageObject","inLanguage":"es","@id":"https:\/\/dinn.ucsc.cl\/index.php\/facultad-de-comunicaciones-y-ciencias-sociales-departamento-de-comunicaciones\/#primaryimage","url":"https:\/\/sitios.ucsc.cl\/ott\/wp-content\/uploads\/sites\/15\/2022\/07\/Facultaducsc4.png","contentUrl":"https:\/\/sitios.ucsc.cl\/ott\/wp-content\/uploads\/sites\/15\/2022\/07\/Facultaducsc4.png"},{"@type":"WebPage","@id":"https:\/\/dinn.ucsc.cl\/index.php\/facultad-de-comunicaciones-y-ciencias-sociales-departamento-de-comunicaciones\/#webpage","url":"https:\/\/dinn.ucsc.cl\/index.php\/facultad-de-comunicaciones-y-ciencias-sociales-departamento-de-comunicaciones\/","name":"Facultad de Comunicaciones y Ciencias Sociales Departamento de Comunicaciones -","isPartOf":{"@id":"https:\/\/dinn.ucsc.cl\/#website"},"primaryImageOfPage":{"@id":"https:\/\/dinn.ucsc.cl\/index.php\/facultad-de-comunicaciones-y-ciencias-sociales-departamento-de-comunicaciones\/#primaryimage"},"datePublished":"2022-11-29T01:50:17+00:00","dateModified":"2022-11-29T01:50:17+00:00","breadcrumb":{"@id":"https:\/\/dinn.ucsc.cl\/index.php\/facultad-de-comunicaciones-y-ciencias-sociales-departamento-de-comunicaciones\/#breadcrumb"},"inLanguage":"es","potentialAction":[{"@type":"ReadAction","target":["https:\/\/dinn.ucsc.cl\/index.php\/facultad-de-comunicaciones-y-ciencias-sociales-departamento-de-comunicaciones\/"]}]},{"@type":"BreadcrumbList","@id":"https:\/\/dinn.ucsc.cl\/index.php\/facultad-de-comunicaciones-y-ciencias-sociales-departamento-de-comunicaciones\/#breadcrumb","itemListElement":[{"@type":"ListItem","position":1,"name":"Inicio","item":"https:\/\/dinn.ucsc.cl\/"},{"@type":"ListItem","position":2,"name":"Facultad de Comunicaciones y Ciencias Sociales Departamento de Comunicaciones"}]}]}},"_links":{"self":[{"href":"https:\/\/dinn.ucsc.cl\/index.php\/wp-json\/wp\/v2\/pages\/4198"}],"collection":[{"href":"https:\/\/dinn.ucsc.cl\/index.php\/wp-json\/wp\/v2\/pages"}],"about":[{"href":"https:\/\/dinn.ucsc.cl\/index.php\/wp-json\/wp\/v2\/types\/page"}],"author":[{"embeddable":true,"href":"https:\/\/dinn.ucsc.cl\/index.php\/wp-json\/wp\/v2\/users\/84"}],"replies":[{"embeddable":true,"href":"https:\/\/dinn.ucsc.cl\/index.php\/wp-json\/wp\/v2\/comments?post=4198"}],"version-history":[{"count":1,"href":"https:\/\/dinn.ucsc.cl\/index.php\/wp-json\/wp\/v2\/pages\/4198\/revisions"}],"predecessor-version":[{"id":4199,"href":"https:\/\/dinn.ucsc.cl\/index.php\/wp-json\/wp\/v2\/pages\/4198\/revisions\/4199"}],"wp:attachment":[{"href":"https:\/\/dinn.ucsc.cl\/index.php\/wp-json\/wp\/v2\/media?parent=4198"}],"curies":[{"name":"wp","href":"https:\/\/api.w.org\/{rel}","templated":true}]}}