{"id":4200,"date":"2022-11-28T22:50:54","date_gmt":"2022-11-29T01:50:54","guid":{"rendered":"https:\/\/dinn.ucsc.cl\/?page_id=4200"},"modified":"2022-11-28T22:50:54","modified_gmt":"2022-11-29T01:50:54","slug":"facultad-de-ingenieria-departamento-de-ingenieria-en-informatica","status":"publish","type":"page","link":"https:\/\/dinn.ucsc.cl\/index.php\/facultad-de-ingenieria-departamento-de-ingenieria-en-informatica\/","title":{"rendered":"Facultad de Ingenier\u00eda: Departamento de Ingenier\u00eda en Inform\u00e1tica"},"content":{"rendered":"<table class=\" alignleft\">\n<tbody>\n<tr>\n<td style=\"width: 741px\" colspan=\"4\"><img loading=\"lazy\" class=\"aligncenter size-full wp-image-2907\" src=\"https:\/\/sitios.ucsc.cl\/ott\/wp-content\/uploads\/sites\/15\/2022\/07\/Facultaducsc5.png\" alt=\"\" width=\"950\" height=\"194\" \/><\/td>\n<\/tr>\n<tr>\n<td style=\"width: 71px\"><\/td>\n<td style=\"width: 74px\"><img loading=\"lazy\" class=\"aligncenter wp-image-2512 size-full\" src=\"https:\/\/sitios.ucsc.cl\/ott\/wp-content\/uploads\/sites\/15\/2022\/07\/CU_1.png\" alt=\"\" width=\"50\" height=\"50\" \/><\/td>\n<td style=\"width: 593px\">\n<h3>Presentaci\u00f3n<\/h3>\n<\/td>\n<td style=\"width: 3px\"><\/td>\n<\/tr>\n<tr>\n<td style=\"width: 71px\"><\/td>\n<td style=\"width: 74px\"><\/td>\n<td style=\"width: 593px\">El departamento de ingenier\u00eda en inform\u00e1tica est\u00e1 encargado de formar profesionales \u00edntegros capaces de identificar problem\u00e1ticas y proponer soluciones que promuevan el mejoramiento continuo en el entorno organizacional, liderando o integrando equipos multidisciplinarios, a trav\u00e9s del an\u00e1lisis dise\u00f1o e implementaci\u00f3n de herramientas tecnol\u00f3gicas y de gesti\u00f3n de informaci\u00f3n.<\/td>\n<td style=\"width: 3px\"><\/td>\n<\/tr>\n<tr>\n<td style=\"width: 71px\"><\/td>\n<td style=\"width: 74px\"><img loading=\"lazy\" class=\"aligncenter size-full wp-image-2511\" src=\"https:\/\/sitios.ucsc.cl\/ott\/wp-content\/uploads\/sites\/15\/2022\/07\/CU_2.png\" alt=\"\" width=\"50\" height=\"50\" \/><\/td>\n<td style=\"width: 593px\">\n<h3>L\u00edneas de investigaci\u00f3n<\/h3>\n<\/td>\n<td style=\"width: 3px\"><\/td>\n<\/tr>\n<tr>\n<td style=\"width: 71px\"><\/td>\n<td style=\"width: 74px\"><\/td>\n<td style=\"width: 593px\"><strong>Inteligencia artificial:<\/strong><br \/>\n\u2022 B\u00fasqueda heur\u00edstica<br \/>\n\u2022 Agentes Inteligentes<br \/>\n\u2022 Rob\u00f3tica educativa<br \/>\n\u2022 Aprendizaje autom\u00e1tico y reconocimiento de patrones<br \/>\n\u2022 Planificaci\u00f3n autom\u00e1tica<br \/>\n\u2022 Algoritmos (an\u00e1lisis y dise\u00f1o de algoritmos<br \/>\n\u2022 Estructura de Datos\u2022 Complejidad Computacional&nbsp;<\/p>\n<p><strong>Gesti\u00f3n de datos:<\/strong><br \/>\n\u2022 Base de datos<br \/>\n\u2022 Recuperaci\u00f3n de informaci\u00f3n<br \/>\n\u2022 Gesti\u00f3n de datos en tiempo real<br \/>\n\u2022 Miner\u00eda de datos<\/p>\n<p>&nbsp;<\/p>\n<p><strong>Ingenier\u00eda de software:<\/strong><br \/>\n\u2022 Arquitectura de software<br \/>\n\u2022 M\u00e9todos de desarrollo de software<br \/>\n\u2022 Calidad de proceso de software<br \/>\n\u2022 Evaluaci\u00f3n de software<\/td>\n<td style=\"width: 3px\"><\/td>\n<\/tr>\n<tr>\n<td style=\"width: 71px\"><\/td>\n<td style=\"width: 667px\" colspan=\"2\">&nbsp;<\/td>\n<\/tr>\n<\/tbody>\n<\/table>\n","protected":false},"excerpt":{"rendered":"<p>Presentaci\u00f3n El departamento de ingenier\u00eda en inform\u00e1tica est\u00e1 encargado de formar profesionales \u00edntegros capaces de identificar problem\u00e1ticas y proponer soluciones que promuevan el mejoramiento continuo en el entorno organizacional, liderando o integrando equipos multidisciplinarios, a trav\u00e9s del an\u00e1lisis dise\u00f1o e implementaci\u00f3n de herramientas tecnol\u00f3gicas y de gesti\u00f3n de informaci\u00f3n. L\u00edneas de investigaci\u00f3n Inteligencia artificial: \u2022 [&hellip;]<\/p>\n","protected":false},"author":84,"featured_media":0,"parent":0,"menu_order":0,"comment_status":"closed","ping_status":"closed","template":"","meta":[],"yoast_head":"<!-- This site is optimized with the Yoast SEO plugin v18.9 - https:\/\/yoast.com\/wordpress\/plugins\/seo\/ -->\n<title>Facultad de Ingenier\u00eda: Departamento de Ingenier\u00eda en Inform\u00e1tica -<\/title>\n<meta name=\"robots\" content=\"index, follow, max-snippet:-1, max-image-preview:large, max-video-preview:-1\" \/>\n<link rel=\"canonical\" href=\"https:\/\/dinn.ucsc.cl\/index.php\/facultad-de-ingenieria-departamento-de-ingenieria-en-informatica\/\" \/>\n<meta property=\"og:locale\" content=\"es_ES\" \/>\n<meta property=\"og:type\" content=\"article\" \/>\n<meta property=\"og:title\" content=\"Facultad de Ingenier\u00eda: Departamento de Ingenier\u00eda en Inform\u00e1tica -\" \/>\n<meta property=\"og:description\" content=\"Presentaci\u00f3n El departamento de ingenier\u00eda en inform\u00e1tica est\u00e1 encargado de formar profesionales \u00edntegros capaces de identificar problem\u00e1ticas y proponer soluciones que promuevan el mejoramiento continuo en el entorno organizacional, liderando o integrando equipos multidisciplinarios, a trav\u00e9s del an\u00e1lisis dise\u00f1o e implementaci\u00f3n de herramientas tecnol\u00f3gicas y de gesti\u00f3n de informaci\u00f3n. L\u00edneas de investigaci\u00f3n Inteligencia artificial: \u2022 [&hellip;]\" \/>\n<meta property=\"og:url\" content=\"https:\/\/dinn.ucsc.cl\/index.php\/facultad-de-ingenieria-departamento-de-ingenieria-en-informatica\/\" \/>\n<meta property=\"article:publisher\" content=\"https:\/\/m.facebook.com\/DINNUCSC\" \/>\n<meta property=\"og:image\" content=\"https:\/\/sitios.ucsc.cl\/ott\/wp-content\/uploads\/sites\/15\/2022\/07\/Facultaducsc5.png\" \/>\n<meta name=\"twitter:card\" content=\"summary\" \/>\n<meta name=\"twitter:site\" content=\"@dinn_ucsc\" \/>\n<meta name=\"twitter:label1\" content=\"Tiempo de lectura\" \/>\n\t<meta name=\"twitter:data1\" content=\"1 minuto\" \/>\n<script type=\"application\/ld+json\" class=\"yoast-schema-graph\">{\"@context\":\"https:\/\/schema.org\",\"@graph\":[{\"@type\":\"WebSite\",\"@id\":\"https:\/\/dinn.ucsc.cl\/#website\",\"url\":\"https:\/\/dinn.ucsc.cl\/\",\"name\":\"Direcci\u00f3n de Innovaci\u00f3n UCSC\",\"description\":\"Direcci\u00f3n de Innovaci\u00f3n\",\"potentialAction\":[{\"@type\":\"SearchAction\",\"target\":{\"@type\":\"EntryPoint\",\"urlTemplate\":\"https:\/\/dinn.ucsc.cl\/?s={search_term_string}\"},\"query-input\":\"required name=search_term_string\"}],\"inLanguage\":\"es\"},{\"@type\":\"ImageObject\",\"inLanguage\":\"es\",\"@id\":\"https:\/\/dinn.ucsc.cl\/index.php\/facultad-de-ingenieria-departamento-de-ingenieria-en-informatica\/#primaryimage\",\"url\":\"https:\/\/sitios.ucsc.cl\/ott\/wp-content\/uploads\/sites\/15\/2022\/07\/Facultaducsc5.png\",\"contentUrl\":\"https:\/\/sitios.ucsc.cl\/ott\/wp-content\/uploads\/sites\/15\/2022\/07\/Facultaducsc5.png\"},{\"@type\":\"WebPage\",\"@id\":\"https:\/\/dinn.ucsc.cl\/index.php\/facultad-de-ingenieria-departamento-de-ingenieria-en-informatica\/#webpage\",\"url\":\"https:\/\/dinn.ucsc.cl\/index.php\/facultad-de-ingenieria-departamento-de-ingenieria-en-informatica\/\",\"name\":\"Facultad de Ingenier\u00eda: Departamento de Ingenier\u00eda en Inform\u00e1tica -\",\"isPartOf\":{\"@id\":\"https:\/\/dinn.ucsc.cl\/#website\"},\"primaryImageOfPage\":{\"@id\":\"https:\/\/dinn.ucsc.cl\/index.php\/facultad-de-ingenieria-departamento-de-ingenieria-en-informatica\/#primaryimage\"},\"datePublished\":\"2022-11-29T01:50:54+00:00\",\"dateModified\":\"2022-11-29T01:50:54+00:00\",\"breadcrumb\":{\"@id\":\"https:\/\/dinn.ucsc.cl\/index.php\/facultad-de-ingenieria-departamento-de-ingenieria-en-informatica\/#breadcrumb\"},\"inLanguage\":\"es\",\"potentialAction\":[{\"@type\":\"ReadAction\",\"target\":[\"https:\/\/dinn.ucsc.cl\/index.php\/facultad-de-ingenieria-departamento-de-ingenieria-en-informatica\/\"]}]},{\"@type\":\"BreadcrumbList\",\"@id\":\"https:\/\/dinn.ucsc.cl\/index.php\/facultad-de-ingenieria-departamento-de-ingenieria-en-informatica\/#breadcrumb\",\"itemListElement\":[{\"@type\":\"ListItem\",\"position\":1,\"name\":\"Inicio\",\"item\":\"https:\/\/dinn.ucsc.cl\/\"},{\"@type\":\"ListItem\",\"position\":2,\"name\":\"Facultad de Ingenier\u00eda: Departamento de Ingenier\u00eda en Inform\u00e1tica\"}]}]}<\/script>\n<!-- \/ Yoast SEO plugin. -->","yoast_head_json":{"title":"Facultad de Ingenier\u00eda: Departamento de Ingenier\u00eda en Inform\u00e1tica -","robots":{"index":"index","follow":"follow","max-snippet":"max-snippet:-1","max-image-preview":"max-image-preview:large","max-video-preview":"max-video-preview:-1"},"canonical":"https:\/\/dinn.ucsc.cl\/index.php\/facultad-de-ingenieria-departamento-de-ingenieria-en-informatica\/","og_locale":"es_ES","og_type":"article","og_title":"Facultad de Ingenier\u00eda: Departamento de Ingenier\u00eda en Inform\u00e1tica -","og_description":"Presentaci\u00f3n El departamento de ingenier\u00eda en inform\u00e1tica est\u00e1 encargado de formar profesionales \u00edntegros capaces de identificar problem\u00e1ticas y proponer soluciones que promuevan el mejoramiento continuo en el entorno organizacional, liderando o integrando equipos multidisciplinarios, a trav\u00e9s del an\u00e1lisis dise\u00f1o e implementaci\u00f3n de herramientas tecnol\u00f3gicas y de gesti\u00f3n de informaci\u00f3n. L\u00edneas de investigaci\u00f3n Inteligencia artificial: \u2022 [&hellip;]","og_url":"https:\/\/dinn.ucsc.cl\/index.php\/facultad-de-ingenieria-departamento-de-ingenieria-en-informatica\/","article_publisher":"https:\/\/m.facebook.com\/DINNUCSC","og_image":[{"url":"https:\/\/sitios.ucsc.cl\/ott\/wp-content\/uploads\/sites\/15\/2022\/07\/Facultaducsc5.png"}],"twitter_card":"summary","twitter_site":"@dinn_ucsc","twitter_misc":{"Tiempo de lectura":"1 minuto"},"schema":{"@context":"https:\/\/schema.org","@graph":[{"@type":"WebSite","@id":"https:\/\/dinn.ucsc.cl\/#website","url":"https:\/\/dinn.ucsc.cl\/","name":"Direcci\u00f3n de Innovaci\u00f3n UCSC","description":"Direcci\u00f3n de Innovaci\u00f3n","potentialAction":[{"@type":"SearchAction","target":{"@type":"EntryPoint","urlTemplate":"https:\/\/dinn.ucsc.cl\/?s={search_term_string}"},"query-input":"required name=search_term_string"}],"inLanguage":"es"},{"@type":"ImageObject","inLanguage":"es","@id":"https:\/\/dinn.ucsc.cl\/index.php\/facultad-de-ingenieria-departamento-de-ingenieria-en-informatica\/#primaryimage","url":"https:\/\/sitios.ucsc.cl\/ott\/wp-content\/uploads\/sites\/15\/2022\/07\/Facultaducsc5.png","contentUrl":"https:\/\/sitios.ucsc.cl\/ott\/wp-content\/uploads\/sites\/15\/2022\/07\/Facultaducsc5.png"},{"@type":"WebPage","@id":"https:\/\/dinn.ucsc.cl\/index.php\/facultad-de-ingenieria-departamento-de-ingenieria-en-informatica\/#webpage","url":"https:\/\/dinn.ucsc.cl\/index.php\/facultad-de-ingenieria-departamento-de-ingenieria-en-informatica\/","name":"Facultad de Ingenier\u00eda: Departamento de Ingenier\u00eda en Inform\u00e1tica -","isPartOf":{"@id":"https:\/\/dinn.ucsc.cl\/#website"},"primaryImageOfPage":{"@id":"https:\/\/dinn.ucsc.cl\/index.php\/facultad-de-ingenieria-departamento-de-ingenieria-en-informatica\/#primaryimage"},"datePublished":"2022-11-29T01:50:54+00:00","dateModified":"2022-11-29T01:50:54+00:00","breadcrumb":{"@id":"https:\/\/dinn.ucsc.cl\/index.php\/facultad-de-ingenieria-departamento-de-ingenieria-en-informatica\/#breadcrumb"},"inLanguage":"es","potentialAction":[{"@type":"ReadAction","target":["https:\/\/dinn.ucsc.cl\/index.php\/facultad-de-ingenieria-departamento-de-ingenieria-en-informatica\/"]}]},{"@type":"BreadcrumbList","@id":"https:\/\/dinn.ucsc.cl\/index.php\/facultad-de-ingenieria-departamento-de-ingenieria-en-informatica\/#breadcrumb","itemListElement":[{"@type":"ListItem","position":1,"name":"Inicio","item":"https:\/\/dinn.ucsc.cl\/"},{"@type":"ListItem","position":2,"name":"Facultad de Ingenier\u00eda: Departamento de Ingenier\u00eda en Inform\u00e1tica"}]}]}},"_links":{"self":[{"href":"https:\/\/dinn.ucsc.cl\/index.php\/wp-json\/wp\/v2\/pages\/4200"}],"collection":[{"href":"https:\/\/dinn.ucsc.cl\/index.php\/wp-json\/wp\/v2\/pages"}],"about":[{"href":"https:\/\/dinn.ucsc.cl\/index.php\/wp-json\/wp\/v2\/types\/page"}],"author":[{"embeddable":true,"href":"https:\/\/dinn.ucsc.cl\/index.php\/wp-json\/wp\/v2\/users\/84"}],"replies":[{"embeddable":true,"href":"https:\/\/dinn.ucsc.cl\/index.php\/wp-json\/wp\/v2\/comments?post=4200"}],"version-history":[{"count":1,"href":"https:\/\/dinn.ucsc.cl\/index.php\/wp-json\/wp\/v2\/pages\/4200\/revisions"}],"predecessor-version":[{"id":4201,"href":"https:\/\/dinn.ucsc.cl\/index.php\/wp-json\/wp\/v2\/pages\/4200\/revisions\/4201"}],"wp:attachment":[{"href":"https:\/\/dinn.ucsc.cl\/index.php\/wp-json\/wp\/v2\/media?parent=4200"}],"curies":[{"name":"wp","href":"https:\/\/api.w.org\/{rel}","templated":true}]}}