{"id":4202,"date":"2022-11-28T22:51:29","date_gmt":"2022-11-29T01:51:29","guid":{"rendered":"https:\/\/dinn.ucsc.cl\/?page_id=4202"},"modified":"2022-11-28T22:51:29","modified_gmt":"2022-11-29T01:51:29","slug":"facultad-de-ingenieria-departamento-industrial","status":"publish","type":"page","link":"https:\/\/dinn.ucsc.cl\/index.php\/facultad-de-ingenieria-departamento-industrial\/","title":{"rendered":"Facultad de Ingenier\u00eda: Departamento Industrial"},"content":{"rendered":"<table class=\" alignleft\">\n<tbody>\n<tr>\n<td style=\"width: 741px\" colspan=\"4\"><img loading=\"lazy\" class=\"aligncenter size-full wp-image-2908\" src=\"https:\/\/sitios.ucsc.cl\/ott\/wp-content\/uploads\/sites\/15\/2022\/07\/Facultaducsc6.png\" alt=\"\" width=\"950\" height=\"194\" \/><\/td>\n<\/tr>\n<tr>\n<td style=\"width: 65px\"><\/td>\n<td style=\"width: 80px\"><img loading=\"lazy\" class=\"aligncenter wp-image-2512 size-full\" src=\"https:\/\/sitios.ucsc.cl\/ott\/wp-content\/uploads\/sites\/15\/2022\/07\/CU_1.png\" alt=\"\" width=\"50\" height=\"50\" \/><\/td>\n<td style=\"width: 593px\">\n<h3>Presentaci\u00f3n<\/h3>\n<\/td>\n<td style=\"width: 3px\"><\/td>\n<\/tr>\n<tr>\n<td style=\"width: 65px\"><\/td>\n<td style=\"width: 80px\"><\/td>\n<td style=\"width: 593px\">La carrera de Ingenier\u00eda Civil Industrial prepara profesionales que logran integrar una formaci\u00f3n de ciencias b\u00e1sicas de la ingenier\u00eda, con capacidad de an\u00e1lisis estructurado y visi\u00f3n integrador del saber humano y las organizaciones, abordando problemas complejos en los m\u00e1s diversos \u00e1mbitos.<\/td>\n<td style=\"width: 3px\"><\/td>\n<\/tr>\n<tr>\n<td style=\"width: 65px\"><\/td>\n<td style=\"width: 80px\"><img loading=\"lazy\" class=\"aligncenter size-full wp-image-2511\" src=\"https:\/\/sitios.ucsc.cl\/ott\/wp-content\/uploads\/sites\/15\/2022\/07\/CU_2.png\" alt=\"\" width=\"50\" height=\"50\" \/><\/td>\n<td style=\"width: 593px\">\n<h3>L\u00edneas de investigaci\u00f3n<\/h3>\n<\/td>\n<td style=\"width: 3px\"><\/td>\n<\/tr>\n<tr>\n<td style=\"width: 65px\"><\/td>\n<td style=\"width: 80px\"><\/td>\n<td style=\"width: 593px\">\u2022 Gesti\u00f3n de operaciones<br \/>\n\u2022 Producci\u00f3n, calidad y excelencia<br \/>\n\u2022 Cadenas de suministros<br \/>\n\u2022 RRHH y CO-DO<br \/>\n\u2022 Competitividad industrial<br \/>\n\u2022 Innovaci\u00f3n tecnolog\u00eda<br \/>\n\u2022 Gesti\u00f3n de proyectos<br \/>\n\u2022 Finanzas\u2022 Desarrollo de empresas y negocios<br \/>\n\u2022 Formulaci\u00f3n\/evaluaci\u00f3n\/direcci\u00f3n de proyectos<br \/>\n\u2022 Evaluaci\u00f3n de emprendimiento<br \/>\n\u2022 Proyectos tecnol\u00f3gicos<br \/>\n\u2022 Proyectos log\u00edsticos<br \/>\n\u2022 Gesti\u00f3n operaci\u00f3n mar\u00edtimo (Proyectos \u00e1rea mar\u00edtimo portuaria)<\/td>\n<td style=\"width: 3px\"><\/td>\n<\/tr>\n<tr>\n<td style=\"width: 65px\"><\/td>\n<td style=\"width: 673px\" colspan=\"2\">&nbsp;<\/p>\n<p>&nbsp;<\/td>\n<\/tr>\n<\/tbody>\n<\/table>\n","protected":false},"excerpt":{"rendered":"<p>Presentaci\u00f3n La carrera de Ingenier\u00eda Civil Industrial prepara profesionales que logran integrar una formaci\u00f3n de ciencias b\u00e1sicas de la ingenier\u00eda, con capacidad de an\u00e1lisis estructurado y visi\u00f3n integrador del saber humano y las organizaciones, abordando problemas complejos en los m\u00e1s diversos \u00e1mbitos. L\u00edneas de investigaci\u00f3n \u2022 Gesti\u00f3n de operaciones \u2022 Producci\u00f3n, calidad y excelencia \u2022 [&hellip;]<\/p>\n","protected":false},"author":84,"featured_media":0,"parent":0,"menu_order":0,"comment_status":"closed","ping_status":"closed","template":"","meta":[],"yoast_head":"<!-- This site is optimized with the Yoast SEO plugin v18.9 - https:\/\/yoast.com\/wordpress\/plugins\/seo\/ -->\n<title>Facultad de Ingenier\u00eda: Departamento Industrial -<\/title>\n<meta name=\"robots\" content=\"index, follow, max-snippet:-1, max-image-preview:large, max-video-preview:-1\" \/>\n<link rel=\"canonical\" href=\"https:\/\/dinn.ucsc.cl\/index.php\/facultad-de-ingenieria-departamento-industrial\/\" \/>\n<meta property=\"og:locale\" content=\"es_ES\" \/>\n<meta property=\"og:type\" content=\"article\" \/>\n<meta property=\"og:title\" content=\"Facultad de Ingenier\u00eda: Departamento Industrial -\" \/>\n<meta property=\"og:description\" content=\"Presentaci\u00f3n La carrera de Ingenier\u00eda Civil Industrial prepara profesionales que logran integrar una formaci\u00f3n de ciencias b\u00e1sicas de la ingenier\u00eda, con capacidad de an\u00e1lisis estructurado y visi\u00f3n integrador del saber humano y las organizaciones, abordando problemas complejos en los m\u00e1s diversos \u00e1mbitos. L\u00edneas de investigaci\u00f3n \u2022 Gesti\u00f3n de operaciones \u2022 Producci\u00f3n, calidad y excelencia \u2022 [&hellip;]\" \/>\n<meta property=\"og:url\" content=\"https:\/\/dinn.ucsc.cl\/index.php\/facultad-de-ingenieria-departamento-industrial\/\" \/>\n<meta property=\"article:publisher\" content=\"https:\/\/m.facebook.com\/DINNUCSC\" \/>\n<meta property=\"og:image\" content=\"https:\/\/sitios.ucsc.cl\/ott\/wp-content\/uploads\/sites\/15\/2022\/07\/Facultaducsc6.png\" \/>\n<meta name=\"twitter:card\" content=\"summary\" \/>\n<meta name=\"twitter:site\" content=\"@dinn_ucsc\" \/>\n<meta name=\"twitter:label1\" content=\"Tiempo de lectura\" \/>\n\t<meta name=\"twitter:data1\" content=\"1 minuto\" \/>\n<script type=\"application\/ld+json\" class=\"yoast-schema-graph\">{\"@context\":\"https:\/\/schema.org\",\"@graph\":[{\"@type\":\"WebSite\",\"@id\":\"https:\/\/dinn.ucsc.cl\/#website\",\"url\":\"https:\/\/dinn.ucsc.cl\/\",\"name\":\"Direcci\u00f3n de Innovaci\u00f3n UCSC\",\"description\":\"Direcci\u00f3n de Innovaci\u00f3n\",\"potentialAction\":[{\"@type\":\"SearchAction\",\"target\":{\"@type\":\"EntryPoint\",\"urlTemplate\":\"https:\/\/dinn.ucsc.cl\/?s={search_term_string}\"},\"query-input\":\"required name=search_term_string\"}],\"inLanguage\":\"es\"},{\"@type\":\"ImageObject\",\"inLanguage\":\"es\",\"@id\":\"https:\/\/dinn.ucsc.cl\/index.php\/facultad-de-ingenieria-departamento-industrial\/#primaryimage\",\"url\":\"https:\/\/sitios.ucsc.cl\/ott\/wp-content\/uploads\/sites\/15\/2022\/07\/Facultaducsc6.png\",\"contentUrl\":\"https:\/\/sitios.ucsc.cl\/ott\/wp-content\/uploads\/sites\/15\/2022\/07\/Facultaducsc6.png\"},{\"@type\":\"WebPage\",\"@id\":\"https:\/\/dinn.ucsc.cl\/index.php\/facultad-de-ingenieria-departamento-industrial\/#webpage\",\"url\":\"https:\/\/dinn.ucsc.cl\/index.php\/facultad-de-ingenieria-departamento-industrial\/\",\"name\":\"Facultad de Ingenier\u00eda: Departamento Industrial -\",\"isPartOf\":{\"@id\":\"https:\/\/dinn.ucsc.cl\/#website\"},\"primaryImageOfPage\":{\"@id\":\"https:\/\/dinn.ucsc.cl\/index.php\/facultad-de-ingenieria-departamento-industrial\/#primaryimage\"},\"datePublished\":\"2022-11-29T01:51:29+00:00\",\"dateModified\":\"2022-11-29T01:51:29+00:00\",\"breadcrumb\":{\"@id\":\"https:\/\/dinn.ucsc.cl\/index.php\/facultad-de-ingenieria-departamento-industrial\/#breadcrumb\"},\"inLanguage\":\"es\",\"potentialAction\":[{\"@type\":\"ReadAction\",\"target\":[\"https:\/\/dinn.ucsc.cl\/index.php\/facultad-de-ingenieria-departamento-industrial\/\"]}]},{\"@type\":\"BreadcrumbList\",\"@id\":\"https:\/\/dinn.ucsc.cl\/index.php\/facultad-de-ingenieria-departamento-industrial\/#breadcrumb\",\"itemListElement\":[{\"@type\":\"ListItem\",\"position\":1,\"name\":\"Inicio\",\"item\":\"https:\/\/dinn.ucsc.cl\/\"},{\"@type\":\"ListItem\",\"position\":2,\"name\":\"Facultad de Ingenier\u00eda: Departamento Industrial\"}]}]}<\/script>\n<!-- \/ Yoast SEO plugin. -->","yoast_head_json":{"title":"Facultad de Ingenier\u00eda: Departamento Industrial -","robots":{"index":"index","follow":"follow","max-snippet":"max-snippet:-1","max-image-preview":"max-image-preview:large","max-video-preview":"max-video-preview:-1"},"canonical":"https:\/\/dinn.ucsc.cl\/index.php\/facultad-de-ingenieria-departamento-industrial\/","og_locale":"es_ES","og_type":"article","og_title":"Facultad de Ingenier\u00eda: Departamento Industrial -","og_description":"Presentaci\u00f3n La carrera de Ingenier\u00eda Civil Industrial prepara profesionales que logran integrar una formaci\u00f3n de ciencias b\u00e1sicas de la ingenier\u00eda, con capacidad de an\u00e1lisis estructurado y visi\u00f3n integrador del saber humano y las organizaciones, abordando problemas complejos en los m\u00e1s diversos \u00e1mbitos. L\u00edneas de investigaci\u00f3n \u2022 Gesti\u00f3n de operaciones \u2022 Producci\u00f3n, calidad y excelencia \u2022 [&hellip;]","og_url":"https:\/\/dinn.ucsc.cl\/index.php\/facultad-de-ingenieria-departamento-industrial\/","article_publisher":"https:\/\/m.facebook.com\/DINNUCSC","og_image":[{"url":"https:\/\/sitios.ucsc.cl\/ott\/wp-content\/uploads\/sites\/15\/2022\/07\/Facultaducsc6.png"}],"twitter_card":"summary","twitter_site":"@dinn_ucsc","twitter_misc":{"Tiempo de lectura":"1 minuto"},"schema":{"@context":"https:\/\/schema.org","@graph":[{"@type":"WebSite","@id":"https:\/\/dinn.ucsc.cl\/#website","url":"https:\/\/dinn.ucsc.cl\/","name":"Direcci\u00f3n de Innovaci\u00f3n UCSC","description":"Direcci\u00f3n de Innovaci\u00f3n","potentialAction":[{"@type":"SearchAction","target":{"@type":"EntryPoint","urlTemplate":"https:\/\/dinn.ucsc.cl\/?s={search_term_string}"},"query-input":"required name=search_term_string"}],"inLanguage":"es"},{"@type":"ImageObject","inLanguage":"es","@id":"https:\/\/dinn.ucsc.cl\/index.php\/facultad-de-ingenieria-departamento-industrial\/#primaryimage","url":"https:\/\/sitios.ucsc.cl\/ott\/wp-content\/uploads\/sites\/15\/2022\/07\/Facultaducsc6.png","contentUrl":"https:\/\/sitios.ucsc.cl\/ott\/wp-content\/uploads\/sites\/15\/2022\/07\/Facultaducsc6.png"},{"@type":"WebPage","@id":"https:\/\/dinn.ucsc.cl\/index.php\/facultad-de-ingenieria-departamento-industrial\/#webpage","url":"https:\/\/dinn.ucsc.cl\/index.php\/facultad-de-ingenieria-departamento-industrial\/","name":"Facultad de Ingenier\u00eda: Departamento Industrial -","isPartOf":{"@id":"https:\/\/dinn.ucsc.cl\/#website"},"primaryImageOfPage":{"@id":"https:\/\/dinn.ucsc.cl\/index.php\/facultad-de-ingenieria-departamento-industrial\/#primaryimage"},"datePublished":"2022-11-29T01:51:29+00:00","dateModified":"2022-11-29T01:51:29+00:00","breadcrumb":{"@id":"https:\/\/dinn.ucsc.cl\/index.php\/facultad-de-ingenieria-departamento-industrial\/#breadcrumb"},"inLanguage":"es","potentialAction":[{"@type":"ReadAction","target":["https:\/\/dinn.ucsc.cl\/index.php\/facultad-de-ingenieria-departamento-industrial\/"]}]},{"@type":"BreadcrumbList","@id":"https:\/\/dinn.ucsc.cl\/index.php\/facultad-de-ingenieria-departamento-industrial\/#breadcrumb","itemListElement":[{"@type":"ListItem","position":1,"name":"Inicio","item":"https:\/\/dinn.ucsc.cl\/"},{"@type":"ListItem","position":2,"name":"Facultad de Ingenier\u00eda: Departamento Industrial"}]}]}},"_links":{"self":[{"href":"https:\/\/dinn.ucsc.cl\/index.php\/wp-json\/wp\/v2\/pages\/4202"}],"collection":[{"href":"https:\/\/dinn.ucsc.cl\/index.php\/wp-json\/wp\/v2\/pages"}],"about":[{"href":"https:\/\/dinn.ucsc.cl\/index.php\/wp-json\/wp\/v2\/types\/page"}],"author":[{"embeddable":true,"href":"https:\/\/dinn.ucsc.cl\/index.php\/wp-json\/wp\/v2\/users\/84"}],"replies":[{"embeddable":true,"href":"https:\/\/dinn.ucsc.cl\/index.php\/wp-json\/wp\/v2\/comments?post=4202"}],"version-history":[{"count":1,"href":"https:\/\/dinn.ucsc.cl\/index.php\/wp-json\/wp\/v2\/pages\/4202\/revisions"}],"predecessor-version":[{"id":4203,"href":"https:\/\/dinn.ucsc.cl\/index.php\/wp-json\/wp\/v2\/pages\/4202\/revisions\/4203"}],"wp:attachment":[{"href":"https:\/\/dinn.ucsc.cl\/index.php\/wp-json\/wp\/v2\/media?parent=4202"}],"curies":[{"name":"wp","href":"https:\/\/api.w.org\/{rel}","templated":true}]}}